{"id":19049,"date":"2024-07-17T17:28:30","date_gmt":"2024-07-17T15:28:30","guid":{"rendered":"https:\/\/floranixena.it\/product\/cubo-de-navidad-con-rosas-rojas\/"},"modified":"2024-07-17T17:28:30","modified_gmt":"2024-07-17T15:28:30","slug":"cubo-de-navidad-con-rosas-rojas","status":"publish","type":"product","link":"https:\/\/floranixena.it\/es\/producto\/cubo-de-navidad-con-rosas-rojas\/","title":{"rendered":"Cubo de Navidad con rosas rojas"},"content":{"rendered":"<p>Este cubo navide\u00f1o es perfecto para enriquecer e iluminar los d\u00edas que preceden a la <strong>Navidad<\/strong>, aportando un toque de magia y alegr\u00eda a quien lo recibe. Imagina que puedes sorprender a tus seres queridos con una composici\u00f3n floral que no solo refleja el esp\u00edritu festivo, sino que tambi\u00e9n expresa tu amor y gratitud. Cada elemento de este <strong>ramo <\/strong>ha sido cuidadosamente seleccionado para crear una armon\u00eda de colores y aromas que evocan la calidez y alegr\u00eda de las fiestas.  <\/p>\n<p>El ramo est\u00e1 compuesto por una variedad de <a href=\"https:\/\/floranixena.it\/es\/prodotto\/ramo-12-rosas-rojas\/\"><strong>flores <\/strong><\/a>y decoraciones navide\u00f1as, elegidas por su belleza y frescura. Desde elegantes rosas rojas hasta delicados lirios blancos, pasando por una selecci\u00f3n de verdes festivos y detalles brillantes, cada flor contribuye a hacer de esta composici\u00f3n una verdadera obra maestra de la temporada. Est\u00e1 pensado para expresar no solo tu afecto, sino tambi\u00e9n para a\u00f1adir un toque de elegancia y refinamiento a cualquier ambiente.  <\/p>\n<p>Para garantizarte una experiencia sin estr\u00e9s y completamente relajada, nos ocupamos de cada paso del proceso: desde la preparaci\u00f3n hasta la entrega. Nuestro equipo se asegurar\u00e1 de que el ramo llegue a su destino en perfectas condiciones, listo para ser admirado y apreciado. Con nuestro cuidado y atenci\u00f3n, puedes estar seguro de que este <a href=\"https:\/\/floranixena.it\/es\/catalog\/regalos\/\"><strong>regalo <\/strong><\/a>har\u00e1 que tu Navidad sea a\u00fan m\u00e1s especial e inolvidable.  <\/p>\n<p>Deja que nuestro cubo navide\u00f1o se convierta en el coraz\u00f3n de una celebraci\u00f3n extraordinaria, creando momentos de <strong>alegr\u00eda y belleza <\/strong>que permanecer\u00e1n en los corazones de tus seres queridos. Con nuestra ayuda, tu Navidad ser\u00e1 realmente m\u00e1gica y llena de emociones positivas. <\/p>\n","protected":false},"excerpt":{"rendered":"<p>La composici\u00f3n se compone de 7 rosas rojas y crisantemo verde con flores decorativas de temporada<\/p>\n","protected":false},"featured_media":22651,"comment_status":"open","ping_status":"closed","template":"","meta":[],"product_brand":[],"product_cat":[4365],"product_tag":[4916,4915,4472,4343],"class_list":{"0":"post-19049","1":"product","2":"type-product","3":"status-publish","4":"has-post-thumbnail","6":"product_cat-navidad","7":"product_tag-cubo-de-rosas","8":"product_tag-flores-de-navidad","9":"product_tag-navidad","10":"product_tag-rosas-rojas","12":"first","13":"instock","14":"shipping-taxable","15":"purchasable","16":"product-type-simple"},"yoast_head":"<!-- This site is optimized with the Yoast SEO Premium plugin v27.4 (Yoast SEO v27.4) - https:\/\/yoast.com\/product\/yoast-seo-premium-wordpress\/ -->\n<title>Cubo de Navidad con Rosas - FloraNixena - FloraNixena - Entrega de flores a domicilio<\/title>\n<meta name=\"description\" content=\"Este cubo navide\u00f1o es ideal para llenar los d\u00edas de fiesta que te acompa\u00f1ar\u00e1n en Navidad, y sorprender a tus seres queridos o tu pareja.\" \/>\n<meta name=\"robots\" content=\"index, follow, max-snippet:-1, max-image-preview:large, max-video-preview:-1\" \/>\n<link rel=\"canonical\" href=\"https:\/\/floranixena.it\/es\/producto\/cubo-de-navidad-con-rosas-rojas\/\" \/>\n<meta property=\"og:locale\" content=\"es_ES\" \/>\n<meta property=\"og:type\" content=\"article\" \/>\n<meta property=\"og:title\" content=\"Cubo de Navidad con rosas rojas\" \/>\n<meta property=\"og:description\" content=\"La composici\u00f3n se compone de 7 rosas rojas y crisantemo verde con flores decorativas de temporada\" \/>\n<meta property=\"og:url\" content=\"https:\/\/floranixena.it\/es\/producto\/cubo-de-navidad-con-rosas-rojas\/\" \/>\n<meta property=\"og:site_name\" content=\"FloraNixena - FloraNixena - Entrega de flores a domicilio\" \/>\n<meta property=\"article:publisher\" content=\"https:\/\/www.facebook.com\/FloraNixena\/\" \/>\n<meta property=\"og:image\" content=\"https:\/\/floranixena.it\/wp-content\/uploads\/2018\/12\/cubo_natalizio_-_regala_fiori_per_natale_conf_loranixena_consegneremo_i_fiori_di_natale_a_casa_per_te_senza_pensieri_per_i_tuoi_cari.jpg\" \/>\n\t<meta property=\"og:image:width\" content=\"800\" \/>\n\t<meta property=\"og:image:height\" content=\"800\" \/>\n\t<meta property=\"og:image:type\" content=\"image\/jpeg\" \/>\n<meta name=\"twitter:card\" content=\"summary_large_image\" \/>\n<meta name=\"twitter:label1\" content=\"Tiempo de lectura\" \/>\n\t<meta name=\"twitter:data1\" content=\"1 minuto\" \/>\n<script type=\"application\/ld+json\" class=\"yoast-schema-graph\">{\"@context\":\"https:\\\/\\\/schema.org\",\"@graph\":[{\"@type\":\"WebPage\",\"@id\":\"https:\\\/\\\/floranixena.it\\\/es\\\/producto\\\/cubo-de-navidad-con-rosas-rojas\\\/\",\"url\":\"https:\\\/\\\/floranixena.it\\\/es\\\/producto\\\/cubo-de-navidad-con-rosas-rojas\\\/\",\"name\":\"Cubo de Navidad con Rosas - FloraNixena - FloraNixena - Entrega de flores a domicilio\",\"isPartOf\":{\"@id\":\"https:\\\/\\\/floranixena.it\\\/es\\\/#website\"},\"primaryImageOfPage\":{\"@id\":\"https:\\\/\\\/floranixena.it\\\/es\\\/producto\\\/cubo-de-navidad-con-rosas-rojas\\\/#primaryimage\"},\"image\":{\"@id\":\"https:\\\/\\\/floranixena.it\\\/es\\\/producto\\\/cubo-de-navidad-con-rosas-rojas\\\/#primaryimage\"},\"thumbnailUrl\":\"https:\\\/\\\/floranixena.it\\\/wp-content\\\/uploads\\\/2018\\\/12\\\/cubo_natalizio_-_regala_fiori_per_natale_conf_loranixena_consegneremo_i_fiori_di_natale_a_casa_per_te_senza_pensieri_per_i_tuoi_cari.jpg\",\"datePublished\":\"2024-07-17T15:28:30+00:00\",\"description\":\"Este cubo navide\u00f1o es ideal para llenar los d\u00edas de fiesta que te acompa\u00f1ar\u00e1n en Navidad, y sorprender a tus seres queridos o tu pareja.\",\"breadcrumb\":{\"@id\":\"https:\\\/\\\/floranixena.it\\\/es\\\/producto\\\/cubo-de-navidad-con-rosas-rojas\\\/#breadcrumb\"},\"inLanguage\":\"es\",\"potentialAction\":[{\"@type\":\"ReadAction\",\"target\":[\"https:\\\/\\\/floranixena.it\\\/es\\\/producto\\\/cubo-de-navidad-con-rosas-rojas\\\/\"]}]},{\"@type\":\"ImageObject\",\"inLanguage\":\"es\",\"@id\":\"https:\\\/\\\/floranixena.it\\\/es\\\/producto\\\/cubo-de-navidad-con-rosas-rojas\\\/#primaryimage\",\"url\":\"https:\\\/\\\/floranixena.it\\\/wp-content\\\/uploads\\\/2018\\\/12\\\/cubo_natalizio_-_regala_fiori_per_natale_conf_loranixena_consegneremo_i_fiori_di_natale_a_casa_per_te_senza_pensieri_per_i_tuoi_cari.jpg\",\"contentUrl\":\"https:\\\/\\\/floranixena.it\\\/wp-content\\\/uploads\\\/2018\\\/12\\\/cubo_natalizio_-_regala_fiori_per_natale_conf_loranixena_consegneremo_i_fiori_di_natale_a_casa_per_te_senza_pensieri_per_i_tuoi_cari.jpg\",\"width\":800,\"height\":800,\"caption\":\"Cubo natalizio di rose rosse\"},{\"@type\":\"BreadcrumbList\",\"@id\":\"https:\\\/\\\/floranixena.it\\\/es\\\/producto\\\/cubo-de-navidad-con-rosas-rojas\\\/#breadcrumb\",\"itemListElement\":[{\"@type\":\"ListItem\",\"position\":1,\"name\":\"Home\",\"item\":\"https:\\\/\\\/floranixena.it\\\/es\\\/\"},{\"@type\":\"ListItem\",\"position\":2,\"name\":\"tienda\",\"item\":\"https:\\\/\\\/floranixena.it\\\/es\\\/tienda\\\/\"},{\"@type\":\"ListItem\",\"position\":3,\"name\":\"Cubo de Navidad con rosas rojas\"}]},{\"@type\":\"WebSite\",\"@id\":\"https:\\\/\\\/floranixena.it\\\/es\\\/#website\",\"url\":\"https:\\\/\\\/floranixena.it\\\/es\\\/\",\"name\":\"FloraNixena - Consegna fiori a domicilio in Italia\",\"description\":\"Invia fiori che raccontano storie\",\"publisher\":{\"@id\":\"https:\\\/\\\/floranixena.it\\\/es\\\/#organization\"},\"alternateName\":\"FloraNixena.it\",\"potentialAction\":[{\"@type\":\"SearchAction\",\"target\":{\"@type\":\"EntryPoint\",\"urlTemplate\":\"https:\\\/\\\/floranixena.it\\\/es\\\/?s={search_term_string}\"},\"query-input\":{\"@type\":\"PropertyValueSpecification\",\"valueRequired\":true,\"valueName\":\"search_term_string\"}}],\"inLanguage\":\"es\"},{\"@type\":\"Organization\",\"@id\":\"https:\\\/\\\/floranixena.it\\\/es\\\/#organization\",\"name\":\"FloraNixena.it - Consegna mazzi di fiori, bouquet e piante a domicilio\",\"url\":\"https:\\\/\\\/floranixena.it\\\/es\\\/\",\"logo\":{\"@type\":\"ImageObject\",\"inLanguage\":\"es\",\"@id\":\"https:\\\/\\\/floranixena.it\\\/es\\\/#\\\/schema\\\/logo\\\/image\\\/\",\"url\":\"https:\\\/\\\/floranixena.it\\\/wp-content\\\/uploads\\\/2018\\\/11\\\/logo-fucsia.png\",\"contentUrl\":\"https:\\\/\\\/floranixena.it\\\/wp-content\\\/uploads\\\/2018\\\/11\\\/logo-fucsia.png\",\"width\":315,\"height\":81,\"caption\":\"FloraNixena.it - Consegna mazzi di fiori, bouquet e piante a domicilio\"},\"image\":{\"@id\":\"https:\\\/\\\/floranixena.it\\\/es\\\/#\\\/schema\\\/logo\\\/image\\\/\"},\"sameAs\":[\"https:\\\/\\\/www.facebook.com\\\/FloraNixena\\\/\",\"https:\\\/\\\/www.instagram.com\\\/floranixena.it\\\/\",\"https:\\\/\\\/www.youtube.com\\\/channel\\\/UCAfCWXMBezO96jgPjiUgpkA\"],\"description\":\"Chi Siamo? FloraNixena \u00e8 il partner di fiducia per la consegna di fiori freschi a domicilio. Con anni di esperienza nel settore floreale, siamo dedicati a portare la bellezza e la freschezza dei fiori direttamente alla vostra porta. La Nostra Missione La nostra missione \u00e8 trasformare ogni occasione in un momento speciale attraverso la magia dei fiori. Crediamo che un bouquet possa dire pi\u00f9 di mille parole e lavoriamo instancabilmente per assicurarci che ogni consegna porti gioia, amore e bellezza. Cosa Offriamo? Fiori Freschi: Collaboriamo con i migliori fornitori locali per garantire che i nostri fiori siano sempre freschi e di alta qualit\u00e0. Consegna Rapida e Puntuale: Offriamo un servizio di consegna rapido e affidabile, con la possibilit\u00e0 di scegliere la fascia oraria che pi\u00f9 vi conviene. Ampia Selezione: Dalle rose classiche ai bouquet personalizzati, abbiamo una vasta gamma di opzioni per soddisfare ogni gusto e occasione. Assistenza Clienti: Il nostro team \u00e8 sempre a disposizione per assistervi nella scelta del bouquet perfetto e per garantire un'esperienza di acquisto senza intoppi. Perch\u00e9 Sceglierci? Qualit\u00e0 Garantita: Ogni bouquet \u00e8 realizzato con cura dai nostri esperti fioristi, garantendo che ogni composizione sia un'opera d'arte. Servizio Personalizzato: Che sia per un anniversario, un compleanno, una celebrazione o un momento di condoglianza, personalizziamo ogni ordine per rispondere alle vostre esigenze specifiche. Soddisfazione del Cliente: La vostra soddisfazione \u00e8 la nostra priorit\u00e0 assoluta. Facciamo tutto il possibile per assicurarci che ogni consegna superi le vostre aspettative.\",\"email\":\"amministrazione@floranixena.it\",\"telephone\":\"3806342394\",\"legalName\":\"Gaetano Votadoro\"}]}<\/script>\n<!-- \/ Yoast SEO Premium plugin. -->","yoast_head_json":{"title":"Cubo de Navidad con Rosas - FloraNixena - FloraNixena - Entrega de flores a domicilio","description":"Este cubo navide\u00f1o es ideal para llenar los d\u00edas de fiesta que te acompa\u00f1ar\u00e1n en Navidad, y sorprender a tus seres queridos o tu pareja.","robots":{"index":"index","follow":"follow","max-snippet":"max-snippet:-1","max-image-preview":"max-image-preview:large","max-video-preview":"max-video-preview:-1"},"canonical":"https:\/\/floranixena.it\/es\/producto\/cubo-de-navidad-con-rosas-rojas\/","og_locale":"es_ES","og_type":"article","og_title":"Cubo de Navidad con rosas rojas","og_description":"La composici\u00f3n se compone de 7 rosas rojas y crisantemo verde con flores decorativas de temporada","og_url":"https:\/\/floranixena.it\/es\/producto\/cubo-de-navidad-con-rosas-rojas\/","og_site_name":"FloraNixena - FloraNixena - Entrega de flores a domicilio","article_publisher":"https:\/\/www.facebook.com\/FloraNixena\/","og_image":[{"width":800,"height":800,"url":"https:\/\/floranixena.it\/wp-content\/uploads\/2018\/12\/cubo_natalizio_-_regala_fiori_per_natale_conf_loranixena_consegneremo_i_fiori_di_natale_a_casa_per_te_senza_pensieri_per_i_tuoi_cari.jpg","type":"image\/jpeg"}],"twitter_card":"summary_large_image","twitter_misc":{"Tiempo de lectura":"1 minuto"},"schema":{"@context":"https:\/\/schema.org","@graph":[{"@type":"WebPage","@id":"https:\/\/floranixena.it\/es\/producto\/cubo-de-navidad-con-rosas-rojas\/","url":"https:\/\/floranixena.it\/es\/producto\/cubo-de-navidad-con-rosas-rojas\/","name":"Cubo de Navidad con Rosas - FloraNixena - FloraNixena - Entrega de flores a domicilio","isPartOf":{"@id":"https:\/\/floranixena.it\/es\/#website"},"primaryImageOfPage":{"@id":"https:\/\/floranixena.it\/es\/producto\/cubo-de-navidad-con-rosas-rojas\/#primaryimage"},"image":{"@id":"https:\/\/floranixena.it\/es\/producto\/cubo-de-navidad-con-rosas-rojas\/#primaryimage"},"thumbnailUrl":"https:\/\/floranixena.it\/wp-content\/uploads\/2018\/12\/cubo_natalizio_-_regala_fiori_per_natale_conf_loranixena_consegneremo_i_fiori_di_natale_a_casa_per_te_senza_pensieri_per_i_tuoi_cari.jpg","datePublished":"2024-07-17T15:28:30+00:00","description":"Este cubo navide\u00f1o es ideal para llenar los d\u00edas de fiesta que te acompa\u00f1ar\u00e1n en Navidad, y sorprender a tus seres queridos o tu pareja.","breadcrumb":{"@id":"https:\/\/floranixena.it\/es\/producto\/cubo-de-navidad-con-rosas-rojas\/#breadcrumb"},"inLanguage":"es","potentialAction":[{"@type":"ReadAction","target":["https:\/\/floranixena.it\/es\/producto\/cubo-de-navidad-con-rosas-rojas\/"]}]},{"@type":"ImageObject","inLanguage":"es","@id":"https:\/\/floranixena.it\/es\/producto\/cubo-de-navidad-con-rosas-rojas\/#primaryimage","url":"https:\/\/floranixena.it\/wp-content\/uploads\/2018\/12\/cubo_natalizio_-_regala_fiori_per_natale_conf_loranixena_consegneremo_i_fiori_di_natale_a_casa_per_te_senza_pensieri_per_i_tuoi_cari.jpg","contentUrl":"https:\/\/floranixena.it\/wp-content\/uploads\/2018\/12\/cubo_natalizio_-_regala_fiori_per_natale_conf_loranixena_consegneremo_i_fiori_di_natale_a_casa_per_te_senza_pensieri_per_i_tuoi_cari.jpg","width":800,"height":800,"caption":"Cubo natalizio di rose rosse"},{"@type":"BreadcrumbList","@id":"https:\/\/floranixena.it\/es\/producto\/cubo-de-navidad-con-rosas-rojas\/#breadcrumb","itemListElement":[{"@type":"ListItem","position":1,"name":"Home","item":"https:\/\/floranixena.it\/es\/"},{"@type":"ListItem","position":2,"name":"tienda","item":"https:\/\/floranixena.it\/es\/tienda\/"},{"@type":"ListItem","position":3,"name":"Cubo de Navidad con rosas rojas"}]},{"@type":"WebSite","@id":"https:\/\/floranixena.it\/es\/#website","url":"https:\/\/floranixena.it\/es\/","name":"FloraNixena - Consegna fiori a domicilio in Italia","description":"Invia fiori che raccontano storie","publisher":{"@id":"https:\/\/floranixena.it\/es\/#organization"},"alternateName":"FloraNixena.it","potentialAction":[{"@type":"SearchAction","target":{"@type":"EntryPoint","urlTemplate":"https:\/\/floranixena.it\/es\/?s={search_term_string}"},"query-input":{"@type":"PropertyValueSpecification","valueRequired":true,"valueName":"search_term_string"}}],"inLanguage":"es"},{"@type":"Organization","@id":"https:\/\/floranixena.it\/es\/#organization","name":"FloraNixena.it - Consegna mazzi di fiori, bouquet e piante a domicilio","url":"https:\/\/floranixena.it\/es\/","logo":{"@type":"ImageObject","inLanguage":"es","@id":"https:\/\/floranixena.it\/es\/#\/schema\/logo\/image\/","url":"https:\/\/floranixena.it\/wp-content\/uploads\/2018\/11\/logo-fucsia.png","contentUrl":"https:\/\/floranixena.it\/wp-content\/uploads\/2018\/11\/logo-fucsia.png","width":315,"height":81,"caption":"FloraNixena.it - Consegna mazzi di fiori, bouquet e piante a domicilio"},"image":{"@id":"https:\/\/floranixena.it\/es\/#\/schema\/logo\/image\/"},"sameAs":["https:\/\/www.facebook.com\/FloraNixena\/","https:\/\/www.instagram.com\/floranixena.it\/","https:\/\/www.youtube.com\/channel\/UCAfCWXMBezO96jgPjiUgpkA"],"description":"Chi Siamo? FloraNixena \u00e8 il partner di fiducia per la consegna di fiori freschi a domicilio. Con anni di esperienza nel settore floreale, siamo dedicati a portare la bellezza e la freschezza dei fiori direttamente alla vostra porta. La Nostra Missione La nostra missione \u00e8 trasformare ogni occasione in un momento speciale attraverso la magia dei fiori. Crediamo che un bouquet possa dire pi\u00f9 di mille parole e lavoriamo instancabilmente per assicurarci che ogni consegna porti gioia, amore e bellezza. Cosa Offriamo? Fiori Freschi: Collaboriamo con i migliori fornitori locali per garantire che i nostri fiori siano sempre freschi e di alta qualit\u00e0. Consegna Rapida e Puntuale: Offriamo un servizio di consegna rapido e affidabile, con la possibilit\u00e0 di scegliere la fascia oraria che pi\u00f9 vi conviene. Ampia Selezione: Dalle rose classiche ai bouquet personalizzati, abbiamo una vasta gamma di opzioni per soddisfare ogni gusto e occasione. Assistenza Clienti: Il nostro team \u00e8 sempre a disposizione per assistervi nella scelta del bouquet perfetto e per garantire un'esperienza di acquisto senza intoppi. Perch\u00e9 Sceglierci? Qualit\u00e0 Garantita: Ogni bouquet \u00e8 realizzato con cura dai nostri esperti fioristi, garantendo che ogni composizione sia un'opera d'arte. Servizio Personalizzato: Che sia per un anniversario, un compleanno, una celebrazione o un momento di condoglianza, personalizziamo ogni ordine per rispondere alle vostre esigenze specifiche. Soddisfazione del Cliente: La vostra soddisfazione \u00e8 la nostra priorit\u00e0 assoluta. Facciamo tutto il possibile per assicurarci che ogni consegna superi le vostre aspettative.","email":"amministrazione@floranixena.it","telephone":"3806342394","legalName":"Gaetano Votadoro"}]}},"_links":{"self":[{"href":"https:\/\/floranixena.it\/es\/wp-json\/wp\/v2\/product\/19049","targetHints":{"allow":["GET"]}}],"collection":[{"href":"https:\/\/floranixena.it\/es\/wp-json\/wp\/v2\/product"}],"about":[{"href":"https:\/\/floranixena.it\/es\/wp-json\/wp\/v2\/types\/product"}],"replies":[{"embeddable":true,"href":"https:\/\/floranixena.it\/es\/wp-json\/wp\/v2\/comments?post=19049"}],"wp:featuredmedia":[{"embeddable":true,"href":"https:\/\/floranixena.it\/es\/wp-json\/wp\/v2\/media\/22651"}],"wp:attachment":[{"href":"https:\/\/floranixena.it\/es\/wp-json\/wp\/v2\/media?parent=19049"}],"wp:term":[{"taxonomy":"product_brand","embeddable":true,"href":"https:\/\/floranixena.it\/es\/wp-json\/wp\/v2\/product_brand?post=19049"},{"taxonomy":"product_cat","embeddable":true,"href":"https:\/\/floranixena.it\/es\/wp-json\/wp\/v2\/product_cat?post=19049"},{"taxonomy":"product_tag","embeddable":true,"href":"https:\/\/floranixena.it\/es\/wp-json\/wp\/v2\/product_tag?post=19049"}],"curies":[{"name":"wp","href":"https:\/\/api.w.org\/{rel}","templated":true}]}}