{"id":19020,"date":"2024-07-20T09:18:05","date_gmt":"2024-07-20T07:18:05","guid":{"rendered":"https:\/\/floranixena.it\/product\/mix-rose-gerbere-y-lilium\/"},"modified":"2024-07-20T09:18:05","modified_gmt":"2024-07-20T07:18:05","slug":"mix-rose-gerbere-y-lilium","status":"publish","type":"product","link":"https:\/\/floranixena.it\/es\/producto\/mix-rose-gerbere-y-lilium\/","title":{"rendered":"Mix Rose Gerbere y Lilium"},"content":{"rendered":"<h4>Descubre el magn\u00edfico ramo de rosas, lirios y gerberas en FloraNixena: elegancia y vivacidad para cada ocasi\u00f3n<\/h4>\n<p>Est\u00e1s buscando un ramo que combine elegancia, delicadeza y vivacidad? <a href=\"https:\/\/floranixena.it\/es\/\"><strong>FloraNixena <\/strong><\/a>te propone una composici\u00f3n floral \u00fanica, que combina la belleza de las rosas, el refinamiento de los lirios y el color vivo de las gerberas. Este ramo es ideal para celebrar aniversarios, cumplea\u00f1os, graduaciones y otras ocasiones especiales.  <\/p>\n<p>Elige nuestro ramo exclusivo con rosas fucsia, lilium y alstroemeria, enriquecido por un toque de elegancia de las gerberas. Las rosas fucsias, frescas y fragantes, ofrecen una alternativa refinada a las cl\u00e1sicas rosas rojas. <\/p>\n<p><strong>Elegancia y frescura para cada evento<\/strong><\/p>\n<p>Descubre nuestra selecci\u00f3n de elegantes ramos rosa y fucsia, atados a mano y hechos con flores frescas. Cada composici\u00f3n floral est\u00e1 pensada para convertir una simple entrega en una extraordinaria <a href=\"https:\/\/tulipark.it\/shop\/\"><strong>sorpresa<\/strong><\/a>. Pide hoy y aprovecha la entrega en el d\u00eda para hacer que cada momento especial sea a\u00fan m\u00e1s inolvidable con un ramo de rosas fucsia. <\/p>\n<p><strong>Oferta exclusiva: a\u00f1ade un toque de color a tu vida<\/strong><\/p>\n<p>Adem\u00e1s, para un toque de exclusividad, personaliza tu ramo con un <strong>mensaje especial <\/strong>o una selecci\u00f3n de accesorios florales \u00fanicos. Descubre nuestras opciones de personalizaci\u00f3n para hacer tu regalo a\u00fan m\u00e1s significativo. <\/p>\n<p><strong>Compra Ahora en FloraNixena y haz que cada ocasi\u00f3n sea \u00fanica con nuestras elegantes y modernas composiciones florales!<\/strong><\/p>\n","protected":false},"excerpt":{"rendered":"<p>El ramo es una explosi\u00f3n de colores y aromas, dise\u00f1ado para transmitir emociones intensas. Las rosas simbolizan el amor y la pasi\u00f3n, los lirios la pureza y el refinamiento, mientras que llevan consigo alegr\u00eda y amistad. <\/p>\n<ul>\n<li>3 Rosas Fucsia<\/li>\n<li>4 Alstromerie rosa<\/li>\n<li>Lilium rosa<\/li>\n<li>3 Gerberas rosa<\/li>\n<li>Verde decorativo<\/li>\n<\/ul>\n<p><strong>Jarr\u00f3n no incluido<\/strong><\/p>\n","protected":false},"featured_media":18849,"comment_status":"open","ping_status":"closed","template":"","meta":[],"product_brand":[],"product_cat":[4356,4349,4374,4357,4329,4331,4316,4330,4335,4332,4333,4340,4339,4341,4338,4337,4417,4318,4334,4336,4353,4351],"product_tag":[4883,4881,4657,4884,4882,4382],"class_list":{"0":"post-19020","1":"product","2":"type-product","3":"status-publish","4":"has-post-thumbnail","6":"product_cat-25-aniversario-boda-de-plata","7":"product_cat-30-aniversario-boda-de-perlas","8":"product_cat-40-aniversario-boda-de-esmeralda","9":"product_cat-50-aniversario-bodas-de-oro","10":"product_cat-amigo","11":"product_cat-amor-y-el-romance","12":"product_cat-compleanno-es","13":"product_cat-dia-de-la-madre","14":"product_cat-disculpa","15":"product_cat-es-una-nina","16":"product_cat-felicitaciones","17":"product_cat-flores-de-invierno","18":"product_cat-flores-de-otono","19":"product_cat-flores-de-primavera","20":"product_cat-flores-de-verano","21":"product_cat-gerberas-es","22":"product_cat-lilium-es","23":"product_cat-oportunidad","24":"product_cat-para-agradecer-a-alguien","25":"product_cat-rosas","26":"product_cat-son-gemelos","27":"product_cat-titulos","28":"product_tag-compleanno-es","29":"product_tag-disculpa","30":"product_tag-lilium-rosa-es","31":"product_tag-nacimiento-de-gemelos","32":"product_tag-ramo-de-rosas-y-lirios","33":"product_tag-rosas-rojas-es","35":"first","36":"instock","37":"shipping-taxable","38":"purchasable","39":"product-type-simple"},"yoast_head":"<!-- This site is optimized with the Yoast SEO Premium plugin v27.5 (Yoast SEO v27.5) - https:\/\/yoast.com\/product\/yoast-seo-premium-wordpress\/ -->\n<title>Rosas, gerberas y lirios - FloraNixena - FloraNixena - Entrega de flores a domicilio<\/title>\n<meta name=\"description\" content=\"Un bouquet que combina la elegancia atemporal de las rosas, la delicadeza de los lirios y la vivacidad alegre de las gerberas, creando una composici\u00f3n \u00fanica.\" \/>\n<meta name=\"robots\" content=\"index, follow, max-snippet:-1, max-image-preview:large, max-video-preview:-1\" \/>\n<link rel=\"canonical\" href=\"https:\/\/floranixena.it\/es\/producto\/mix-rose-gerbere-y-lilium\/\" \/>\n<meta property=\"og:locale\" content=\"es_ES\" \/>\n<meta property=\"og:type\" content=\"article\" \/>\n<meta property=\"og:title\" content=\"Mix Rose Gerbere y Lilium\" \/>\n<meta property=\"og:description\" content=\"El ramo es una explosi\u00f3n de colores y aromas, dise\u00f1ado para transmitir emociones intensas. Las rosas simbolizan el amor y la pasi\u00f3n, los lirios la pureza y el refinamiento, mientras que llevan consigo alegr\u00eda y amistad.   3 Rosas Fucsia  4 Alstromerie rosa  Lilium rosa  3 Gerberas rosa  Verde decorativo Jarr\u00f3n no incluido\" \/>\n<meta property=\"og:url\" content=\"https:\/\/floranixena.it\/es\/producto\/mix-rose-gerbere-y-lilium\/\" \/>\n<meta property=\"og:site_name\" content=\"FloraNixena - FloraNixena - Entrega de flores a domicilio\" \/>\n<meta property=\"article:publisher\" content=\"https:\/\/www.facebook.com\/FloraNixena\/\" \/>\n<meta property=\"og:image\" content=\"https:\/\/floranixena.it\/wp-content\/uploads\/2018\/12\/mix_rose_e_e-gerbere_rosa_inviare_fiori_per_regalo_a_domicilio_per_ringraziamento_augurare_pronta_guarigione_diploma.jpg\" \/>\n\t<meta property=\"og:image:width\" content=\"800\" \/>\n\t<meta property=\"og:image:height\" content=\"800\" \/>\n\t<meta property=\"og:image:type\" content=\"image\/jpeg\" \/>\n<meta name=\"twitter:card\" content=\"summary_large_image\" \/>\n<meta name=\"twitter:label1\" content=\"Tiempo de lectura\" \/>\n\t<meta name=\"twitter:data1\" content=\"1 minuto\" \/>\n<script type=\"application\/ld+json\" class=\"yoast-schema-graph\">{\"@context\":\"https:\\\/\\\/schema.org\",\"@graph\":[{\"@type\":\"WebPage\",\"@id\":\"https:\\\/\\\/floranixena.it\\\/es\\\/producto\\\/mix-rose-gerbere-y-lilium\\\/\",\"url\":\"https:\\\/\\\/floranixena.it\\\/es\\\/producto\\\/mix-rose-gerbere-y-lilium\\\/\",\"name\":\"Rosas, gerberas y lirios - FloraNixena - FloraNixena - Entrega de flores a domicilio\",\"isPartOf\":{\"@id\":\"https:\\\/\\\/floranixena.it\\\/es\\\/#website\"},\"primaryImageOfPage\":{\"@id\":\"https:\\\/\\\/floranixena.it\\\/es\\\/producto\\\/mix-rose-gerbere-y-lilium\\\/#primaryimage\"},\"image\":{\"@id\":\"https:\\\/\\\/floranixena.it\\\/es\\\/producto\\\/mix-rose-gerbere-y-lilium\\\/#primaryimage\"},\"thumbnailUrl\":\"https:\\\/\\\/floranixena.it\\\/wp-content\\\/uploads\\\/2018\\\/12\\\/mix_rose_e_e-gerbere_rosa_inviare_fiori_per_regalo_a_domicilio_per_ringraziamento_augurare_pronta_guarigione_diploma.jpg\",\"datePublished\":\"2024-07-20T07:18:05+00:00\",\"description\":\"Un bouquet que combina la elegancia atemporal de las rosas, la delicadeza de los lirios y la vivacidad alegre de las gerberas, creando una composici\u00f3n \u00fanica.\",\"breadcrumb\":{\"@id\":\"https:\\\/\\\/floranixena.it\\\/es\\\/producto\\\/mix-rose-gerbere-y-lilium\\\/#breadcrumb\"},\"inLanguage\":\"es\",\"potentialAction\":[{\"@type\":\"ReadAction\",\"target\":[\"https:\\\/\\\/floranixena.it\\\/es\\\/producto\\\/mix-rose-gerbere-y-lilium\\\/\"]}]},{\"@type\":\"ImageObject\",\"inLanguage\":\"es\",\"@id\":\"https:\\\/\\\/floranixena.it\\\/es\\\/producto\\\/mix-rose-gerbere-y-lilium\\\/#primaryimage\",\"url\":\"https:\\\/\\\/floranixena.it\\\/wp-content\\\/uploads\\\/2018\\\/12\\\/mix_rose_e_e-gerbere_rosa_inviare_fiori_per_regalo_a_domicilio_per_ringraziamento_augurare_pronta_guarigione_diploma.jpg\",\"contentUrl\":\"https:\\\/\\\/floranixena.it\\\/wp-content\\\/uploads\\\/2018\\\/12\\\/mix_rose_e_e-gerbere_rosa_inviare_fiori_per_regalo_a_domicilio_per_ringraziamento_augurare_pronta_guarigione_diploma.jpg\",\"width\":800,\"height\":800,\"caption\":\"Ramo mixto de gerberas, rosas, lirios y verdes en maceta de vidrio, con el logotipo FloraNixena y lema \\\"donde florece la pasi\u00f3n\"},{\"@type\":\"BreadcrumbList\",\"@id\":\"https:\\\/\\\/floranixena.it\\\/es\\\/producto\\\/mix-rose-gerbere-y-lilium\\\/#breadcrumb\",\"itemListElement\":[{\"@type\":\"ListItem\",\"position\":1,\"name\":\"Home\",\"item\":\"https:\\\/\\\/floranixena.it\\\/es\\\/\"},{\"@type\":\"ListItem\",\"position\":2,\"name\":\"tienda\",\"item\":\"https:\\\/\\\/floranixena.it\\\/es\\\/tienda\\\/\"},{\"@type\":\"ListItem\",\"position\":3,\"name\":\"Mix Rose Gerbere y Lilium\"}]},{\"@type\":\"WebSite\",\"@id\":\"https:\\\/\\\/floranixena.it\\\/es\\\/#website\",\"url\":\"https:\\\/\\\/floranixena.it\\\/es\\\/\",\"name\":\"FloraNixena - Consegna fiori a domicilio in Italia\",\"description\":\"Invia fiori che raccontano storie\",\"publisher\":{\"@id\":\"https:\\\/\\\/floranixena.it\\\/es\\\/#organization\"},\"alternateName\":\"FloraNixena.it\",\"potentialAction\":[{\"@type\":\"SearchAction\",\"target\":{\"@type\":\"EntryPoint\",\"urlTemplate\":\"https:\\\/\\\/floranixena.it\\\/es\\\/?s={search_term_string}\"},\"query-input\":{\"@type\":\"PropertyValueSpecification\",\"valueRequired\":true,\"valueName\":\"search_term_string\"}}],\"inLanguage\":\"es\"},{\"@type\":\"Organization\",\"@id\":\"https:\\\/\\\/floranixena.it\\\/es\\\/#organization\",\"name\":\"FloraNixena.it - Consegna mazzi di fiori, bouquet e piante a domicilio\",\"url\":\"https:\\\/\\\/floranixena.it\\\/es\\\/\",\"logo\":{\"@type\":\"ImageObject\",\"inLanguage\":\"es\",\"@id\":\"https:\\\/\\\/floranixena.it\\\/es\\\/#\\\/schema\\\/logo\\\/image\\\/\",\"url\":\"https:\\\/\\\/floranixena.it\\\/wp-content\\\/uploads\\\/2018\\\/11\\\/logo-fucsia.png\",\"contentUrl\":\"https:\\\/\\\/floranixena.it\\\/wp-content\\\/uploads\\\/2018\\\/11\\\/logo-fucsia.png\",\"width\":315,\"height\":81,\"caption\":\"FloraNixena.it - Consegna mazzi di fiori, bouquet e piante a domicilio\"},\"image\":{\"@id\":\"https:\\\/\\\/floranixena.it\\\/es\\\/#\\\/schema\\\/logo\\\/image\\\/\"},\"sameAs\":[\"https:\\\/\\\/www.facebook.com\\\/FloraNixena\\\/\",\"https:\\\/\\\/www.instagram.com\\\/floranixena.it\\\/\",\"https:\\\/\\\/www.youtube.com\\\/channel\\\/UCAfCWXMBezO96jgPjiUgpkA\"],\"description\":\"Chi Siamo? FloraNixena \u00e8 il partner di fiducia per la consegna di fiori freschi a domicilio. Con anni di esperienza nel settore floreale, siamo dedicati a portare la bellezza e la freschezza dei fiori direttamente alla vostra porta. La Nostra Missione La nostra missione \u00e8 trasformare ogni occasione in un momento speciale attraverso la magia dei fiori. Crediamo che un bouquet possa dire pi\u00f9 di mille parole e lavoriamo instancabilmente per assicurarci che ogni consegna porti gioia, amore e bellezza. Cosa Offriamo? Fiori Freschi: Collaboriamo con i migliori fornitori locali per garantire che i nostri fiori siano sempre freschi e di alta qualit\u00e0. Consegna Rapida e Puntuale: Offriamo un servizio di consegna rapido e affidabile, con la possibilit\u00e0 di scegliere la fascia oraria che pi\u00f9 vi conviene. Ampia Selezione: Dalle rose classiche ai bouquet personalizzati, abbiamo una vasta gamma di opzioni per soddisfare ogni gusto e occasione. Assistenza Clienti: Il nostro team \u00e8 sempre a disposizione per assistervi nella scelta del bouquet perfetto e per garantire un'esperienza di acquisto senza intoppi. Perch\u00e9 Sceglierci? Qualit\u00e0 Garantita: Ogni bouquet \u00e8 realizzato con cura dai nostri esperti fioristi, garantendo che ogni composizione sia un'opera d'arte. Servizio Personalizzato: Che sia per un anniversario, un compleanno, una celebrazione o un momento di condoglianza, personalizziamo ogni ordine per rispondere alle vostre esigenze specifiche. Soddisfazione del Cliente: La vostra soddisfazione \u00e8 la nostra priorit\u00e0 assoluta. Facciamo tutto il possibile per assicurarci che ogni consegna superi le vostre aspettative.\",\"email\":\"amministrazione@floranixena.it\",\"telephone\":\"3806342394\",\"legalName\":\"Gaetano Votadoro\"}]}<\/script>\n<!-- \/ Yoast SEO Premium plugin. -->","yoast_head_json":{"title":"Rosas, gerberas y lirios - FloraNixena - FloraNixena - Entrega de flores a domicilio","description":"Un bouquet que combina la elegancia atemporal de las rosas, la delicadeza de los lirios y la vivacidad alegre de las gerberas, creando una composici\u00f3n \u00fanica.","robots":{"index":"index","follow":"follow","max-snippet":"max-snippet:-1","max-image-preview":"max-image-preview:large","max-video-preview":"max-video-preview:-1"},"canonical":"https:\/\/floranixena.it\/es\/producto\/mix-rose-gerbere-y-lilium\/","og_locale":"es_ES","og_type":"article","og_title":"Mix Rose Gerbere y Lilium","og_description":"El ramo es una explosi\u00f3n de colores y aromas, dise\u00f1ado para transmitir emociones intensas. Las rosas simbolizan el amor y la pasi\u00f3n, los lirios la pureza y el refinamiento, mientras que llevan consigo alegr\u00eda y amistad.   3 Rosas Fucsia  4 Alstromerie rosa  Lilium rosa  3 Gerberas rosa  Verde decorativo Jarr\u00f3n no incluido","og_url":"https:\/\/floranixena.it\/es\/producto\/mix-rose-gerbere-y-lilium\/","og_site_name":"FloraNixena - FloraNixena - Entrega de flores a domicilio","article_publisher":"https:\/\/www.facebook.com\/FloraNixena\/","og_image":[{"width":800,"height":800,"url":"https:\/\/floranixena.it\/wp-content\/uploads\/2018\/12\/mix_rose_e_e-gerbere_rosa_inviare_fiori_per_regalo_a_domicilio_per_ringraziamento_augurare_pronta_guarigione_diploma.jpg","type":"image\/jpeg"}],"twitter_card":"summary_large_image","twitter_misc":{"Tiempo de lectura":"1 minuto"},"schema":{"@context":"https:\/\/schema.org","@graph":[{"@type":"WebPage","@id":"https:\/\/floranixena.it\/es\/producto\/mix-rose-gerbere-y-lilium\/","url":"https:\/\/floranixena.it\/es\/producto\/mix-rose-gerbere-y-lilium\/","name":"Rosas, gerberas y lirios - FloraNixena - FloraNixena - Entrega de flores a domicilio","isPartOf":{"@id":"https:\/\/floranixena.it\/es\/#website"},"primaryImageOfPage":{"@id":"https:\/\/floranixena.it\/es\/producto\/mix-rose-gerbere-y-lilium\/#primaryimage"},"image":{"@id":"https:\/\/floranixena.it\/es\/producto\/mix-rose-gerbere-y-lilium\/#primaryimage"},"thumbnailUrl":"https:\/\/floranixena.it\/wp-content\/uploads\/2018\/12\/mix_rose_e_e-gerbere_rosa_inviare_fiori_per_regalo_a_domicilio_per_ringraziamento_augurare_pronta_guarigione_diploma.jpg","datePublished":"2024-07-20T07:18:05+00:00","description":"Un bouquet que combina la elegancia atemporal de las rosas, la delicadeza de los lirios y la vivacidad alegre de las gerberas, creando una composici\u00f3n \u00fanica.","breadcrumb":{"@id":"https:\/\/floranixena.it\/es\/producto\/mix-rose-gerbere-y-lilium\/#breadcrumb"},"inLanguage":"es","potentialAction":[{"@type":"ReadAction","target":["https:\/\/floranixena.it\/es\/producto\/mix-rose-gerbere-y-lilium\/"]}]},{"@type":"ImageObject","inLanguage":"es","@id":"https:\/\/floranixena.it\/es\/producto\/mix-rose-gerbere-y-lilium\/#primaryimage","url":"https:\/\/floranixena.it\/wp-content\/uploads\/2018\/12\/mix_rose_e_e-gerbere_rosa_inviare_fiori_per_regalo_a_domicilio_per_ringraziamento_augurare_pronta_guarigione_diploma.jpg","contentUrl":"https:\/\/floranixena.it\/wp-content\/uploads\/2018\/12\/mix_rose_e_e-gerbere_rosa_inviare_fiori_per_regalo_a_domicilio_per_ringraziamento_augurare_pronta_guarigione_diploma.jpg","width":800,"height":800,"caption":"Ramo mixto de gerberas, rosas, lirios y verdes en maceta de vidrio, con el logotipo FloraNixena y lema \"donde florece la pasi\u00f3n"},{"@type":"BreadcrumbList","@id":"https:\/\/floranixena.it\/es\/producto\/mix-rose-gerbere-y-lilium\/#breadcrumb","itemListElement":[{"@type":"ListItem","position":1,"name":"Home","item":"https:\/\/floranixena.it\/es\/"},{"@type":"ListItem","position":2,"name":"tienda","item":"https:\/\/floranixena.it\/es\/tienda\/"},{"@type":"ListItem","position":3,"name":"Mix Rose Gerbere y Lilium"}]},{"@type":"WebSite","@id":"https:\/\/floranixena.it\/es\/#website","url":"https:\/\/floranixena.it\/es\/","name":"FloraNixena - Consegna fiori a domicilio in Italia","description":"Invia fiori che raccontano storie","publisher":{"@id":"https:\/\/floranixena.it\/es\/#organization"},"alternateName":"FloraNixena.it","potentialAction":[{"@type":"SearchAction","target":{"@type":"EntryPoint","urlTemplate":"https:\/\/floranixena.it\/es\/?s={search_term_string}"},"query-input":{"@type":"PropertyValueSpecification","valueRequired":true,"valueName":"search_term_string"}}],"inLanguage":"es"},{"@type":"Organization","@id":"https:\/\/floranixena.it\/es\/#organization","name":"FloraNixena.it - Consegna mazzi di fiori, bouquet e piante a domicilio","url":"https:\/\/floranixena.it\/es\/","logo":{"@type":"ImageObject","inLanguage":"es","@id":"https:\/\/floranixena.it\/es\/#\/schema\/logo\/image\/","url":"https:\/\/floranixena.it\/wp-content\/uploads\/2018\/11\/logo-fucsia.png","contentUrl":"https:\/\/floranixena.it\/wp-content\/uploads\/2018\/11\/logo-fucsia.png","width":315,"height":81,"caption":"FloraNixena.it - Consegna mazzi di fiori, bouquet e piante a domicilio"},"image":{"@id":"https:\/\/floranixena.it\/es\/#\/schema\/logo\/image\/"},"sameAs":["https:\/\/www.facebook.com\/FloraNixena\/","https:\/\/www.instagram.com\/floranixena.it\/","https:\/\/www.youtube.com\/channel\/UCAfCWXMBezO96jgPjiUgpkA"],"description":"Chi Siamo? FloraNixena \u00e8 il partner di fiducia per la consegna di fiori freschi a domicilio. Con anni di esperienza nel settore floreale, siamo dedicati a portare la bellezza e la freschezza dei fiori direttamente alla vostra porta. La Nostra Missione La nostra missione \u00e8 trasformare ogni occasione in un momento speciale attraverso la magia dei fiori. Crediamo che un bouquet possa dire pi\u00f9 di mille parole e lavoriamo instancabilmente per assicurarci che ogni consegna porti gioia, amore e bellezza. Cosa Offriamo? Fiori Freschi: Collaboriamo con i migliori fornitori locali per garantire che i nostri fiori siano sempre freschi e di alta qualit\u00e0. Consegna Rapida e Puntuale: Offriamo un servizio di consegna rapido e affidabile, con la possibilit\u00e0 di scegliere la fascia oraria che pi\u00f9 vi conviene. Ampia Selezione: Dalle rose classiche ai bouquet personalizzati, abbiamo una vasta gamma di opzioni per soddisfare ogni gusto e occasione. Assistenza Clienti: Il nostro team \u00e8 sempre a disposizione per assistervi nella scelta del bouquet perfetto e per garantire un'esperienza di acquisto senza intoppi. Perch\u00e9 Sceglierci? Qualit\u00e0 Garantita: Ogni bouquet \u00e8 realizzato con cura dai nostri esperti fioristi, garantendo che ogni composizione sia un'opera d'arte. Servizio Personalizzato: Che sia per un anniversario, un compleanno, una celebrazione o un momento di condoglianza, personalizziamo ogni ordine per rispondere alle vostre esigenze specifiche. Soddisfazione del Cliente: La vostra soddisfazione \u00e8 la nostra priorit\u00e0 assoluta. Facciamo tutto il possibile per assicurarci che ogni consegna superi le vostre aspettative.","email":"amministrazione@floranixena.it","telephone":"3806342394","legalName":"Gaetano Votadoro"}]}},"_links":{"self":[{"href":"https:\/\/floranixena.it\/es\/wp-json\/wp\/v2\/product\/19020","targetHints":{"allow":["GET"]}}],"collection":[{"href":"https:\/\/floranixena.it\/es\/wp-json\/wp\/v2\/product"}],"about":[{"href":"https:\/\/floranixena.it\/es\/wp-json\/wp\/v2\/types\/product"}],"replies":[{"embeddable":true,"href":"https:\/\/floranixena.it\/es\/wp-json\/wp\/v2\/comments?post=19020"}],"wp:featuredmedia":[{"embeddable":true,"href":"https:\/\/floranixena.it\/es\/wp-json\/wp\/v2\/media\/18849"}],"wp:attachment":[{"href":"https:\/\/floranixena.it\/es\/wp-json\/wp\/v2\/media?parent=19020"}],"wp:term":[{"taxonomy":"product_brand","embeddable":true,"href":"https:\/\/floranixena.it\/es\/wp-json\/wp\/v2\/product_brand?post=19020"},{"taxonomy":"product_cat","embeddable":true,"href":"https:\/\/floranixena.it\/es\/wp-json\/wp\/v2\/product_cat?post=19020"},{"taxonomy":"product_tag","embeddable":true,"href":"https:\/\/floranixena.it\/es\/wp-json\/wp\/v2\/product_tag?post=19020"}],"curies":[{"name":"wp","href":"https:\/\/api.w.org\/{rel}","templated":true}]}}