{"id":19015,"date":"2026-01-05T09:52:21","date_gmt":"2026-01-05T08:52:21","guid":{"rendered":"https:\/\/floranixena.it\/product\/ramo-de-tulipanes-naranja\/"},"modified":"2025-09-17T11:47:17","modified_gmt":"2025-09-17T09:47:17","slug":"ramo-de-tulipanes-naranja","status":"publish","type":"product","link":"https:\/\/floranixena.it\/es\/producto\/ramo-de-tulipanes-naranja\/","title":{"rendered":"Ramo de tulipanes naranja"},"content":{"rendered":"<p>Un magn\u00edfico ramo de flores que explota en una explosi\u00f3n de colores! Este delicioso r<strong>amo de tulipanes naranja<\/strong>s es una oda a la belleza y vivacidad de las flores primaverales. Cada tulip\u00e1n, con sus p\u00e9talos suaves y aterciopelados, captura la luz e irradia un c\u00e1lido brillo que puede iluminar cualquier ambiente.  <\/p>\n<p>Este ramo de tulipanes <a href=\"https:\/\/floranixena.it\/es\/prodotto\/placer-perfumado\/\"><strong>naranjas <\/strong><\/a>es el regalo perfecto para aquellos que aman la frescura y la elegancia de los tulipanes. Es ideal para celebrar un pr\u00f3ximo cumplea\u00f1os, para expresar un sincero agradecimiento, o simplemente para sorprender y deleitar a su ser querido. Imagina la alegr\u00eda en el rostro de quien recibe este <a href=\"https:\/\/floranixena.it\/prodotto\/bouquet-di-tulipani-colorati\/\"><strong>ramo<\/strong><\/a>, una verdadera explosi\u00f3n de colores y positividad que lleva consigo un mensaje de afecto y alegr\u00eda.  <\/p>\n<p>Cada flor es cuidadosamente seleccionada para garantizar una composici\u00f3n armoniosa y encantadora. El ramo est\u00e1 dise\u00f1ado no solo para decorar, sino tambi\u00e9n para evocar <strong>emociones <\/strong>y crear recuerdos inolvidables. Ya sea una ocasi\u00f3n especial o un gesto espont\u00e1neo, este ramo de tulipanes naranjas har\u00e1 que cada momento sea m\u00e1s significativo y <strong>especial<\/strong>.  <\/p>\n<p>No pierdas la oportunidad de regalar un rinc\u00f3n de primavera y <strong>felicidad <\/strong>con este extraordinario ramo. Es m\u00e1s que un simple<a href=\"https:\/\/floranixena.it\/product\/mazzo-di-rose-garofani-e-alstromeria\/\"><strong> ramo de flores; <\/strong><\/a>es un mensajero de alegr\u00eda y afecto que enriquecer\u00e1 el d\u00eda de quien lo reciba. <\/p>\n","protected":false},"excerpt":{"rendered":"<ul>\n<li>Tulipanes naranjas (elija el tama\u00f1o del men\u00fa desplegable)<\/li>\n<\/ul>\n<p>Jarr\u00f3n no incluido<\/p>\n","protected":false},"featured_media":19016,"comment_status":"open","ping_status":"closed","template":"","meta":[],"product_brand":[],"product_cat":[4329,4330,4327,4333,4340,4339,4341,4328,4334,4320,4321,4323,4326,4324,4325,4322,4319,4458],"product_tag":[4459],"class_list":{"0":"post-19015","1":"product","2":"type-product","3":"status-publish","4":"has-post-thumbnail","6":"product_cat-amigo","7":"product_cat-dia-de-la-madre","8":"product_cat-dia-de-la-mujer","9":"product_cat-felicitaciones","10":"product_cat-flores-de-invierno","11":"product_cat-flores-de-otono","12":"product_cat-flores-de-primavera","13":"product_cat-onomastico-es","14":"product_cat-para-agradecer-a-alguien","15":"product_cat-para-la-hermana","16":"product_cat-para-los-abuelos","17":"product_cat-para-los-tios","18":"product_cat-para-mama","19":"product_cat-para-un-amigo","20":"product_cat-para-un-colega","21":"product_cat-para-un-hombre","22":"product_cat-pascua","23":"product_cat-tulipanes","24":"product_tag-tulipanes","26":"first","27":"instock","28":"shipping-taxable","29":"purchasable","30":"product-type-variable","31":"has-default-attributes"},"yoast_head":"<!-- This site is optimized with the Yoast SEO Premium plugin v27.5 (Yoast SEO v27.5) - https:\/\/yoast.com\/product\/yoast-seo-premium-wordpress\/ -->\n<title>Ramo de tulipanes naranjas - FloraNixena<\/title>\n<meta name=\"description\" content=\"Estos tulipanes anaranjados muy suaves, que explotan de fantas\u00eda con floraciones lujosas, seguramente har\u00e1n felices a alguien especial.\" \/>\n<meta name=\"robots\" content=\"index, follow, max-snippet:-1, max-image-preview:large, max-video-preview:-1\" \/>\n<link rel=\"canonical\" href=\"https:\/\/floranixena.it\/es\/producto\/ramo-de-tulipanes-naranja\/\" \/>\n<meta property=\"og:locale\" content=\"es_ES\" \/>\n<meta property=\"og:type\" content=\"article\" \/>\n<meta property=\"og:title\" content=\"Ramo de tulipanes naranja\" \/>\n<meta property=\"og:description\" content=\"Tulipanes naranjas (elija el tama\u00f1o del men\u00fa desplegable) Jarr\u00f3n no incluido\" \/>\n<meta property=\"og:url\" content=\"https:\/\/floranixena.it\/es\/producto\/ramo-de-tulipanes-naranja\/\" \/>\n<meta property=\"og:site_name\" content=\"FloraNixena - FloraNixena - Entrega de flores a domicilio\" \/>\n<meta property=\"article:publisher\" content=\"https:\/\/www.facebook.com\/FloraNixena\/\" \/>\n<meta property=\"og:image\" content=\"https:\/\/floranixena.it\/wp-content\/uploads\/2018\/12\/Bouquet-di-tulipani-arancio-da-regalare-a-sopresa-con-consegna-a-domicilio-a-MIlano-roma-tulipark-vendita-online-consegna-fiori.jpg\" \/>\n\t<meta property=\"og:image:width\" content=\"800\" \/>\n\t<meta property=\"og:image:height\" content=\"800\" \/>\n\t<meta property=\"og:image:type\" content=\"image\/jpeg\" \/>\n<meta name=\"twitter:card\" content=\"summary_large_image\" \/>\n<meta name=\"twitter:label1\" content=\"Tiempo de lectura\" \/>\n\t<meta name=\"twitter:data1\" content=\"1 minuto\" \/>\n<script type=\"application\/ld+json\" class=\"yoast-schema-graph\">{\"@context\":\"https:\\\/\\\/schema.org\",\"@graph\":[{\"@type\":\"WebPage\",\"@id\":\"https:\\\/\\\/floranixena.it\\\/es\\\/producto\\\/ramo-de-tulipanes-naranja\\\/\",\"url\":\"https:\\\/\\\/floranixena.it\\\/es\\\/producto\\\/ramo-de-tulipanes-naranja\\\/\",\"name\":\"Ramo de tulipanes naranjas - FloraNixena\",\"isPartOf\":{\"@id\":\"https:\\\/\\\/floranixena.it\\\/es\\\/#website\"},\"primaryImageOfPage\":{\"@id\":\"https:\\\/\\\/floranixena.it\\\/es\\\/producto\\\/ramo-de-tulipanes-naranja\\\/#primaryimage\"},\"image\":{\"@id\":\"https:\\\/\\\/floranixena.it\\\/es\\\/producto\\\/ramo-de-tulipanes-naranja\\\/#primaryimage\"},\"thumbnailUrl\":\"https:\\\/\\\/floranixena.it\\\/wp-content\\\/uploads\\\/2018\\\/12\\\/Bouquet-di-tulipani-arancio-da-regalare-a-sopresa-con-consegna-a-domicilio-a-MIlano-roma-tulipark-vendita-online-consegna-fiori.jpg\",\"datePublished\":\"2026-01-05T08:52:21+00:00\",\"description\":\"Estos tulipanes anaranjados muy suaves, que explotan de fantas\u00eda con floraciones lujosas, seguramente har\u00e1n felices a alguien especial.\",\"breadcrumb\":{\"@id\":\"https:\\\/\\\/floranixena.it\\\/es\\\/producto\\\/ramo-de-tulipanes-naranja\\\/#breadcrumb\"},\"inLanguage\":\"es\",\"potentialAction\":[{\"@type\":\"ReadAction\",\"target\":[\"https:\\\/\\\/floranixena.it\\\/es\\\/producto\\\/ramo-de-tulipanes-naranja\\\/\"]}]},{\"@type\":\"ImageObject\",\"inLanguage\":\"es\",\"@id\":\"https:\\\/\\\/floranixena.it\\\/es\\\/producto\\\/ramo-de-tulipanes-naranja\\\/#primaryimage\",\"url\":\"https:\\\/\\\/floranixena.it\\\/wp-content\\\/uploads\\\/2018\\\/12\\\/Bouquet-di-tulipani-arancio-da-regalare-a-sopresa-con-consegna-a-domicilio-a-MIlano-roma-tulipark-vendita-online-consegna-fiori.jpg\",\"contentUrl\":\"https:\\\/\\\/floranixena.it\\\/wp-content\\\/uploads\\\/2018\\\/12\\\/Bouquet-di-tulipani-arancio-da-regalare-a-sopresa-con-consegna-a-domicilio-a-MIlano-roma-tulipark-vendita-online-consegna-fiori.jpg\",\"width\":800,\"height\":800,\"caption\":\"Bouquet di tulipani arancioni\"},{\"@type\":\"BreadcrumbList\",\"@id\":\"https:\\\/\\\/floranixena.it\\\/es\\\/producto\\\/ramo-de-tulipanes-naranja\\\/#breadcrumb\",\"itemListElement\":[{\"@type\":\"ListItem\",\"position\":1,\"name\":\"Home\",\"item\":\"https:\\\/\\\/floranixena.it\\\/es\\\/\"},{\"@type\":\"ListItem\",\"position\":2,\"name\":\"tienda\",\"item\":\"https:\\\/\\\/floranixena.it\\\/es\\\/tienda\\\/\"},{\"@type\":\"ListItem\",\"position\":3,\"name\":\"Ramo de tulipanes naranja\"}]},{\"@type\":\"WebSite\",\"@id\":\"https:\\\/\\\/floranixena.it\\\/es\\\/#website\",\"url\":\"https:\\\/\\\/floranixena.it\\\/es\\\/\",\"name\":\"FloraNixena - Consegna fiori a domicilio in Italia\",\"description\":\"Invia fiori che raccontano storie\",\"publisher\":{\"@id\":\"https:\\\/\\\/floranixena.it\\\/es\\\/#organization\"},\"alternateName\":\"FloraNixena.it\",\"potentialAction\":[{\"@type\":\"SearchAction\",\"target\":{\"@type\":\"EntryPoint\",\"urlTemplate\":\"https:\\\/\\\/floranixena.it\\\/es\\\/?s={search_term_string}\"},\"query-input\":{\"@type\":\"PropertyValueSpecification\",\"valueRequired\":true,\"valueName\":\"search_term_string\"}}],\"inLanguage\":\"es\"},{\"@type\":\"Organization\",\"@id\":\"https:\\\/\\\/floranixena.it\\\/es\\\/#organization\",\"name\":\"FloraNixena.it - Consegna mazzi di fiori, bouquet e piante a domicilio\",\"url\":\"https:\\\/\\\/floranixena.it\\\/es\\\/\",\"logo\":{\"@type\":\"ImageObject\",\"inLanguage\":\"es\",\"@id\":\"https:\\\/\\\/floranixena.it\\\/es\\\/#\\\/schema\\\/logo\\\/image\\\/\",\"url\":\"https:\\\/\\\/floranixena.it\\\/wp-content\\\/uploads\\\/2018\\\/11\\\/logo-fucsia.png\",\"contentUrl\":\"https:\\\/\\\/floranixena.it\\\/wp-content\\\/uploads\\\/2018\\\/11\\\/logo-fucsia.png\",\"width\":315,\"height\":81,\"caption\":\"FloraNixena.it - Consegna mazzi di fiori, bouquet e piante a domicilio\"},\"image\":{\"@id\":\"https:\\\/\\\/floranixena.it\\\/es\\\/#\\\/schema\\\/logo\\\/image\\\/\"},\"sameAs\":[\"https:\\\/\\\/www.facebook.com\\\/FloraNixena\\\/\",\"https:\\\/\\\/www.instagram.com\\\/floranixena.it\\\/\",\"https:\\\/\\\/www.youtube.com\\\/channel\\\/UCAfCWXMBezO96jgPjiUgpkA\"],\"description\":\"Chi Siamo? FloraNixena \u00e8 il partner di fiducia per la consegna di fiori freschi a domicilio. Con anni di esperienza nel settore floreale, siamo dedicati a portare la bellezza e la freschezza dei fiori direttamente alla vostra porta. La Nostra Missione La nostra missione \u00e8 trasformare ogni occasione in un momento speciale attraverso la magia dei fiori. Crediamo che un bouquet possa dire pi\u00f9 di mille parole e lavoriamo instancabilmente per assicurarci che ogni consegna porti gioia, amore e bellezza. Cosa Offriamo? Fiori Freschi: Collaboriamo con i migliori fornitori locali per garantire che i nostri fiori siano sempre freschi e di alta qualit\u00e0. Consegna Rapida e Puntuale: Offriamo un servizio di consegna rapido e affidabile, con la possibilit\u00e0 di scegliere la fascia oraria che pi\u00f9 vi conviene. Ampia Selezione: Dalle rose classiche ai bouquet personalizzati, abbiamo una vasta gamma di opzioni per soddisfare ogni gusto e occasione. Assistenza Clienti: Il nostro team \u00e8 sempre a disposizione per assistervi nella scelta del bouquet perfetto e per garantire un'esperienza di acquisto senza intoppi. Perch\u00e9 Sceglierci? Qualit\u00e0 Garantita: Ogni bouquet \u00e8 realizzato con cura dai nostri esperti fioristi, garantendo che ogni composizione sia un'opera d'arte. Servizio Personalizzato: Che sia per un anniversario, un compleanno, una celebrazione o un momento di condoglianza, personalizziamo ogni ordine per rispondere alle vostre esigenze specifiche. Soddisfazione del Cliente: La vostra soddisfazione \u00e8 la nostra priorit\u00e0 assoluta. Facciamo tutto il possibile per assicurarci che ogni consegna superi le vostre aspettative.\",\"email\":\"amministrazione@floranixena.it\",\"telephone\":\"3806342394\",\"legalName\":\"Gaetano Votadoro\"}]}<\/script>\n<!-- \/ Yoast SEO Premium plugin. -->","yoast_head_json":{"title":"Ramo de tulipanes naranjas - FloraNixena","description":"Estos tulipanes anaranjados muy suaves, que explotan de fantas\u00eda con floraciones lujosas, seguramente har\u00e1n felices a alguien especial.","robots":{"index":"index","follow":"follow","max-snippet":"max-snippet:-1","max-image-preview":"max-image-preview:large","max-video-preview":"max-video-preview:-1"},"canonical":"https:\/\/floranixena.it\/es\/producto\/ramo-de-tulipanes-naranja\/","og_locale":"es_ES","og_type":"article","og_title":"Ramo de tulipanes naranja","og_description":"Tulipanes naranjas (elija el tama\u00f1o del men\u00fa desplegable) Jarr\u00f3n no incluido","og_url":"https:\/\/floranixena.it\/es\/producto\/ramo-de-tulipanes-naranja\/","og_site_name":"FloraNixena - FloraNixena - Entrega de flores a domicilio","article_publisher":"https:\/\/www.facebook.com\/FloraNixena\/","og_image":[{"width":800,"height":800,"url":"https:\/\/floranixena.it\/wp-content\/uploads\/2018\/12\/Bouquet-di-tulipani-arancio-da-regalare-a-sopresa-con-consegna-a-domicilio-a-MIlano-roma-tulipark-vendita-online-consegna-fiori.jpg","type":"image\/jpeg"}],"twitter_card":"summary_large_image","twitter_misc":{"Tiempo de lectura":"1 minuto"},"schema":{"@context":"https:\/\/schema.org","@graph":[{"@type":"WebPage","@id":"https:\/\/floranixena.it\/es\/producto\/ramo-de-tulipanes-naranja\/","url":"https:\/\/floranixena.it\/es\/producto\/ramo-de-tulipanes-naranja\/","name":"Ramo de tulipanes naranjas - FloraNixena","isPartOf":{"@id":"https:\/\/floranixena.it\/es\/#website"},"primaryImageOfPage":{"@id":"https:\/\/floranixena.it\/es\/producto\/ramo-de-tulipanes-naranja\/#primaryimage"},"image":{"@id":"https:\/\/floranixena.it\/es\/producto\/ramo-de-tulipanes-naranja\/#primaryimage"},"thumbnailUrl":"https:\/\/floranixena.it\/wp-content\/uploads\/2018\/12\/Bouquet-di-tulipani-arancio-da-regalare-a-sopresa-con-consegna-a-domicilio-a-MIlano-roma-tulipark-vendita-online-consegna-fiori.jpg","datePublished":"2026-01-05T08:52:21+00:00","description":"Estos tulipanes anaranjados muy suaves, que explotan de fantas\u00eda con floraciones lujosas, seguramente har\u00e1n felices a alguien especial.","breadcrumb":{"@id":"https:\/\/floranixena.it\/es\/producto\/ramo-de-tulipanes-naranja\/#breadcrumb"},"inLanguage":"es","potentialAction":[{"@type":"ReadAction","target":["https:\/\/floranixena.it\/es\/producto\/ramo-de-tulipanes-naranja\/"]}]},{"@type":"ImageObject","inLanguage":"es","@id":"https:\/\/floranixena.it\/es\/producto\/ramo-de-tulipanes-naranja\/#primaryimage","url":"https:\/\/floranixena.it\/wp-content\/uploads\/2018\/12\/Bouquet-di-tulipani-arancio-da-regalare-a-sopresa-con-consegna-a-domicilio-a-MIlano-roma-tulipark-vendita-online-consegna-fiori.jpg","contentUrl":"https:\/\/floranixena.it\/wp-content\/uploads\/2018\/12\/Bouquet-di-tulipani-arancio-da-regalare-a-sopresa-con-consegna-a-domicilio-a-MIlano-roma-tulipark-vendita-online-consegna-fiori.jpg","width":800,"height":800,"caption":"Bouquet di tulipani arancioni"},{"@type":"BreadcrumbList","@id":"https:\/\/floranixena.it\/es\/producto\/ramo-de-tulipanes-naranja\/#breadcrumb","itemListElement":[{"@type":"ListItem","position":1,"name":"Home","item":"https:\/\/floranixena.it\/es\/"},{"@type":"ListItem","position":2,"name":"tienda","item":"https:\/\/floranixena.it\/es\/tienda\/"},{"@type":"ListItem","position":3,"name":"Ramo de tulipanes naranja"}]},{"@type":"WebSite","@id":"https:\/\/floranixena.it\/es\/#website","url":"https:\/\/floranixena.it\/es\/","name":"FloraNixena - Consegna fiori a domicilio in Italia","description":"Invia fiori che raccontano storie","publisher":{"@id":"https:\/\/floranixena.it\/es\/#organization"},"alternateName":"FloraNixena.it","potentialAction":[{"@type":"SearchAction","target":{"@type":"EntryPoint","urlTemplate":"https:\/\/floranixena.it\/es\/?s={search_term_string}"},"query-input":{"@type":"PropertyValueSpecification","valueRequired":true,"valueName":"search_term_string"}}],"inLanguage":"es"},{"@type":"Organization","@id":"https:\/\/floranixena.it\/es\/#organization","name":"FloraNixena.it - Consegna mazzi di fiori, bouquet e piante a domicilio","url":"https:\/\/floranixena.it\/es\/","logo":{"@type":"ImageObject","inLanguage":"es","@id":"https:\/\/floranixena.it\/es\/#\/schema\/logo\/image\/","url":"https:\/\/floranixena.it\/wp-content\/uploads\/2018\/11\/logo-fucsia.png","contentUrl":"https:\/\/floranixena.it\/wp-content\/uploads\/2018\/11\/logo-fucsia.png","width":315,"height":81,"caption":"FloraNixena.it - Consegna mazzi di fiori, bouquet e piante a domicilio"},"image":{"@id":"https:\/\/floranixena.it\/es\/#\/schema\/logo\/image\/"},"sameAs":["https:\/\/www.facebook.com\/FloraNixena\/","https:\/\/www.instagram.com\/floranixena.it\/","https:\/\/www.youtube.com\/channel\/UCAfCWXMBezO96jgPjiUgpkA"],"description":"Chi Siamo? FloraNixena \u00e8 il partner di fiducia per la consegna di fiori freschi a domicilio. Con anni di esperienza nel settore floreale, siamo dedicati a portare la bellezza e la freschezza dei fiori direttamente alla vostra porta. La Nostra Missione La nostra missione \u00e8 trasformare ogni occasione in un momento speciale attraverso la magia dei fiori. Crediamo che un bouquet possa dire pi\u00f9 di mille parole e lavoriamo instancabilmente per assicurarci che ogni consegna porti gioia, amore e bellezza. Cosa Offriamo? Fiori Freschi: Collaboriamo con i migliori fornitori locali per garantire che i nostri fiori siano sempre freschi e di alta qualit\u00e0. Consegna Rapida e Puntuale: Offriamo un servizio di consegna rapido e affidabile, con la possibilit\u00e0 di scegliere la fascia oraria che pi\u00f9 vi conviene. Ampia Selezione: Dalle rose classiche ai bouquet personalizzati, abbiamo una vasta gamma di opzioni per soddisfare ogni gusto e occasione. Assistenza Clienti: Il nostro team \u00e8 sempre a disposizione per assistervi nella scelta del bouquet perfetto e per garantire un'esperienza di acquisto senza intoppi. Perch\u00e9 Sceglierci? Qualit\u00e0 Garantita: Ogni bouquet \u00e8 realizzato con cura dai nostri esperti fioristi, garantendo che ogni composizione sia un'opera d'arte. Servizio Personalizzato: Che sia per un anniversario, un compleanno, una celebrazione o un momento di condoglianza, personalizziamo ogni ordine per rispondere alle vostre esigenze specifiche. Soddisfazione del Cliente: La vostra soddisfazione \u00e8 la nostra priorit\u00e0 assoluta. Facciamo tutto il possibile per assicurarci che ogni consegna superi le vostre aspettative.","email":"amministrazione@floranixena.it","telephone":"3806342394","legalName":"Gaetano Votadoro"}]}},"_links":{"self":[{"href":"https:\/\/floranixena.it\/es\/wp-json\/wp\/v2\/product\/19015","targetHints":{"allow":["GET"]}}],"collection":[{"href":"https:\/\/floranixena.it\/es\/wp-json\/wp\/v2\/product"}],"about":[{"href":"https:\/\/floranixena.it\/es\/wp-json\/wp\/v2\/types\/product"}],"replies":[{"embeddable":true,"href":"https:\/\/floranixena.it\/es\/wp-json\/wp\/v2\/comments?post=19015"}],"wp:featuredmedia":[{"embeddable":true,"href":"https:\/\/floranixena.it\/es\/wp-json\/wp\/v2\/media\/19016"}],"wp:attachment":[{"href":"https:\/\/floranixena.it\/es\/wp-json\/wp\/v2\/media?parent=19015"}],"wp:term":[{"taxonomy":"product_brand","embeddable":true,"href":"https:\/\/floranixena.it\/es\/wp-json\/wp\/v2\/product_brand?post=19015"},{"taxonomy":"product_cat","embeddable":true,"href":"https:\/\/floranixena.it\/es\/wp-json\/wp\/v2\/product_cat?post=19015"},{"taxonomy":"product_tag","embeddable":true,"href":"https:\/\/floranixena.it\/es\/wp-json\/wp\/v2\/product_tag?post=19015"}],"curies":[{"name":"wp","href":"https:\/\/api.w.org\/{rel}","templated":true}]}}