{"id":19001,"date":"2025-12-06T10:56:35","date_gmt":"2025-12-06T09:56:35","guid":{"rendered":"https:\/\/floranixena.it\/product\/tierno-abrazo\/"},"modified":"2025-09-17T11:06:25","modified_gmt":"2025-09-17T09:06:25","slug":"tierno-abrazo","status":"publish","type":"product","link":"https:\/\/floranixena.it\/es\/producto\/tierno-abrazo\/","title":{"rendered":"tierno abrazo"},"content":{"rendered":"<h3>Ramo de claveles mixtos: un abrazo de colores y emociones para cada ocasi\u00f3n<\/h3>\n<p>Descubre nuestro magn\u00edfico ramo de claveles mezclados, un verdadero abrazo de colores alegre y amoroso que ilumina cada ocasi\u00f3n especial. Este ramo caleidosc\u00f3pico de <strong>claveles<\/strong> es perfecto para expresar afecto, gratitud y celebraci\u00f3n, regalando un toque de elegancia y vivacidad a quien lo recibe. <\/p>\n<p><strong>\u00bfPor qu\u00e9 elegir el mazo de claveles mezclados?<\/strong><\/p>\n<p>Nuestro ramo de claveles mezclados es una opci\u00f3n ideal para aquellos que buscan un regalo \u00fanico y significativo. Cada clavel es seleccionado cuidadosamente para garantizar la m\u00e1xima calidad y frescura, creando un ramo que no solo encanta con su belleza, sino que tambi\u00e9n transmite dulces emociones. <\/p>\n<p>Ya sea un <a href=\"https:\/\/floranixena.it\/es\/catalog\/flores-para-eventos\/compleanno-es\/\"><strong>cumplea\u00f1os<\/strong><\/a>, un<strong> anive<\/strong><strong>rsario <\/strong>o simplemente un gesto de gratitud, este ramo de claveles ser\u00e1 apreciado y cuidado con cari\u00f1o.<\/p>\n<p><strong>Caracter\u00edsticas del ramo de claveles mixtos:<\/strong><\/p>\n<p>&#8211; Color y Vivacidad: Una armoniosa combinaci\u00f3n de claveles de diferentes tonalidades que crea un efecto caleidosc\u00f3pico.<br \/>\n&#8211; Frescura garantizada: Cada flor se selecciona cuidadosamente para garantizar un ramo que dura mucho tiempo.<br \/>\n&#8211; Adecuado para cualquier ocasi\u00f3n: Perfecto para cumplea\u00f1os, aniversarios, celebraciones o simples gestos de afecto.<br \/>\n&#8211; Env\u00edo con Amor: El ramo es empaquetado y enviado con todo el coraz\u00f3n, listo para sorprender y deleitar a quien lo recibe.<\/p>\n<p>No pierdas la oportunidad de regalar un<strong> abrazo floral <\/strong>que encierra emociones y colores. Pide hoy tu ramo de claveles mezclados y haz feliz a alguien especial con este magn\u00edfico y vibrante ramo. <\/p>\n<p>Visite nuestro sitio web para obtener m\u00e1s detalles y conocer las opciones de env\u00edo. Con nuestro<strong> ramo de claveles <\/strong>mezclados, cada d\u00eda puede ser una ocasi\u00f3n para celebrar y sorprender con elegancia y amor. <\/p>\n","protected":false},"excerpt":{"rendered":"<ul>\n<li>12 claveles de colores<\/li>\n<li>2 Gypsophila<\/li>\n<\/ul>\n<p>Jarr\u00f3n no incluido<\/p>\n","protected":false},"featured_media":19002,"comment_status":"open","ping_status":"closed","template":"","meta":[],"product_brand":[],"product_cat":[4329,4331,4418,4362,4316,4335,4333,4363,4340,4339,4341,4315,4328,4334,4320,4321,4323,4326,4397,4325,4351],"product_tag":[4877,4690,4878,4843],"class_list":{"0":"post-19001","1":"product","2":"type-product","3":"status-publish","4":"has-post-thumbnail","6":"product_cat-amigo","7":"product_cat-amor-y-el-romance","8":"product_cat-claveles","9":"product_cat-como-admirador-secreto","10":"product_cat-compleanno-es","11":"product_cat-disculpa","12":"product_cat-felicitaciones","13":"product_cat-flores-clasicas-y-romanticas","14":"product_cat-flores-de-invierno","15":"product_cat-flores-de-otono","16":"product_cat-flores-de-primavera","17":"product_cat-flores-para-eventos","18":"product_cat-onomastico-es","19":"product_cat-para-agradecer-a-alguien","20":"product_cat-para-la-hermana","21":"product_cat-para-los-abuelos","22":"product_cat-para-los-tios","23":"product_cat-para-mama","24":"product_cat-para-parejas-gay","25":"product_cat-para-un-colega","26":"product_cat-titulos","27":"product_tag-claveles-de-colores","28":"product_tag-gypsophila-es","29":"product_tag-mezcla-de-claveles","30":"product_tag-ramo-de-claveles","32":"first","33":"instock","34":"sale","35":"shipping-taxable","36":"purchasable","37":"product-type-simple"},"yoast_head":"<!-- This site is optimized with the Yoast SEO Premium plugin v27.5 (Yoast SEO v27.5) - https:\/\/yoast.com\/product\/yoast-seo-premium-wordpress\/ -->\n<title>Ramo de claveles - FloraNixena - Entrega de flores a domicilio<\/title>\n<meta name=\"description\" content=\"Composici\u00f3n de gypsophila y claveles, regalo para un amigo, amiga, florista en Mil\u00e1n, entrega de flores, plantas y ramos en Roma, Savona, Florencia, Rovigo, Asti\" \/>\n<meta name=\"robots\" content=\"index, follow, max-snippet:-1, max-image-preview:large, max-video-preview:-1\" \/>\n<link rel=\"canonical\" href=\"https:\/\/floranixena.it\/es\/producto\/tierno-abrazo\/\" \/>\n<meta property=\"og:locale\" content=\"es_ES\" \/>\n<meta property=\"og:type\" content=\"article\" \/>\n<meta property=\"og:title\" content=\"tierno abrazo\" \/>\n<meta property=\"og:description\" content=\"12 claveles de colores  2 Gypsophila Jarr\u00f3n no incluido\" \/>\n<meta property=\"og:url\" content=\"https:\/\/floranixena.it\/es\/producto\/tierno-abrazo\/\" \/>\n<meta property=\"og:site_name\" content=\"FloraNixena - FloraNixena - Entrega de flores a domicilio\" \/>\n<meta property=\"article:publisher\" content=\"https:\/\/www.facebook.com\/FloraNixena\/\" \/>\n<meta property=\"og:image\" content=\"https:\/\/floranixena.it\/wp-content\/uploads\/2018\/11\/mazzo_di_gypsophila_e_garofani_regalo_per_un_amico_amica_con_consegna_a_domicilia_in_tutte_le_citt\u00e0-Roma-Milano-Monza-Varese-como-pisa.jpg\" \/>\n\t<meta property=\"og:image:width\" content=\"800\" \/>\n\t<meta property=\"og:image:height\" content=\"800\" \/>\n\t<meta property=\"og:image:type\" content=\"image\/jpeg\" \/>\n<meta name=\"twitter:card\" content=\"summary_large_image\" \/>\n<meta name=\"twitter:label1\" content=\"Tiempo de lectura\" \/>\n\t<meta name=\"twitter:data1\" content=\"1 minuto\" \/>\n<script type=\"application\/ld+json\" class=\"yoast-schema-graph\">{\"@context\":\"https:\\\/\\\/schema.org\",\"@graph\":[{\"@type\":\"WebPage\",\"@id\":\"https:\\\/\\\/floranixena.it\\\/es\\\/producto\\\/tierno-abrazo\\\/\",\"url\":\"https:\\\/\\\/floranixena.it\\\/es\\\/producto\\\/tierno-abrazo\\\/\",\"name\":\"Ramo de claveles - FloraNixena - Entrega de flores a domicilio\",\"isPartOf\":{\"@id\":\"https:\\\/\\\/floranixena.it\\\/es\\\/#website\"},\"primaryImageOfPage\":{\"@id\":\"https:\\\/\\\/floranixena.it\\\/es\\\/producto\\\/tierno-abrazo\\\/#primaryimage\"},\"image\":{\"@id\":\"https:\\\/\\\/floranixena.it\\\/es\\\/producto\\\/tierno-abrazo\\\/#primaryimage\"},\"thumbnailUrl\":\"https:\\\/\\\/floranixena.it\\\/wp-content\\\/uploads\\\/2018\\\/11\\\/mazzo_di_gypsophila_e_garofani_regalo_per_un_amico_amica_con_consegna_a_domicilia_in_tutte_le_citt\u00e0-Roma-Milano-Monza-Varese-como-pisa.jpg\",\"datePublished\":\"2025-12-06T09:56:35+00:00\",\"description\":\"Composici\u00f3n de gypsophila y claveles, regalo para un amigo, amiga, florista en Mil\u00e1n, entrega de flores, plantas y ramos en Roma, Savona, Florencia, Rovigo, Asti\",\"breadcrumb\":{\"@id\":\"https:\\\/\\\/floranixena.it\\\/es\\\/producto\\\/tierno-abrazo\\\/#breadcrumb\"},\"inLanguage\":\"es\",\"potentialAction\":[{\"@type\":\"ReadAction\",\"target\":[\"https:\\\/\\\/floranixena.it\\\/es\\\/producto\\\/tierno-abrazo\\\/\"]}]},{\"@type\":\"ImageObject\",\"inLanguage\":\"es\",\"@id\":\"https:\\\/\\\/floranixena.it\\\/es\\\/producto\\\/tierno-abrazo\\\/#primaryimage\",\"url\":\"https:\\\/\\\/floranixena.it\\\/wp-content\\\/uploads\\\/2018\\\/11\\\/mazzo_di_gypsophila_e_garofani_regalo_per_un_amico_amica_con_consegna_a_domicilia_in_tutte_le_citt\u00e0-Roma-Milano-Monza-Varese-como-pisa.jpg\",\"contentUrl\":\"https:\\\/\\\/floranixena.it\\\/wp-content\\\/uploads\\\/2018\\\/11\\\/mazzo_di_gypsophila_e_garofani_regalo_per_un_amico_amica_con_consegna_a_domicilia_in_tutte_le_citt\u00e0-Roma-Milano-Monza-Varese-como-pisa.jpg\",\"width\":800,\"height\":800,\"caption\":\"Mazzo di garofani colorati e gypsophila\"},{\"@type\":\"BreadcrumbList\",\"@id\":\"https:\\\/\\\/floranixena.it\\\/es\\\/producto\\\/tierno-abrazo\\\/#breadcrumb\",\"itemListElement\":[{\"@type\":\"ListItem\",\"position\":1,\"name\":\"Home\",\"item\":\"https:\\\/\\\/floranixena.it\\\/es\\\/\"},{\"@type\":\"ListItem\",\"position\":2,\"name\":\"tienda\",\"item\":\"https:\\\/\\\/floranixena.it\\\/es\\\/tienda\\\/\"},{\"@type\":\"ListItem\",\"position\":3,\"name\":\"tierno abrazo\"}]},{\"@type\":\"WebSite\",\"@id\":\"https:\\\/\\\/floranixena.it\\\/es\\\/#website\",\"url\":\"https:\\\/\\\/floranixena.it\\\/es\\\/\",\"name\":\"FloraNixena - Consegna fiori a domicilio in Italia\",\"description\":\"Invia fiori che raccontano storie\",\"publisher\":{\"@id\":\"https:\\\/\\\/floranixena.it\\\/es\\\/#organization\"},\"alternateName\":\"FloraNixena.it\",\"potentialAction\":[{\"@type\":\"SearchAction\",\"target\":{\"@type\":\"EntryPoint\",\"urlTemplate\":\"https:\\\/\\\/floranixena.it\\\/es\\\/?s={search_term_string}\"},\"query-input\":{\"@type\":\"PropertyValueSpecification\",\"valueRequired\":true,\"valueName\":\"search_term_string\"}}],\"inLanguage\":\"es\"},{\"@type\":\"Organization\",\"@id\":\"https:\\\/\\\/floranixena.it\\\/es\\\/#organization\",\"name\":\"FloraNixena.it - Consegna mazzi di fiori, bouquet e piante a domicilio\",\"url\":\"https:\\\/\\\/floranixena.it\\\/es\\\/\",\"logo\":{\"@type\":\"ImageObject\",\"inLanguage\":\"es\",\"@id\":\"https:\\\/\\\/floranixena.it\\\/es\\\/#\\\/schema\\\/logo\\\/image\\\/\",\"url\":\"https:\\\/\\\/floranixena.it\\\/wp-content\\\/uploads\\\/2018\\\/11\\\/logo-fucsia.png\",\"contentUrl\":\"https:\\\/\\\/floranixena.it\\\/wp-content\\\/uploads\\\/2018\\\/11\\\/logo-fucsia.png\",\"width\":315,\"height\":81,\"caption\":\"FloraNixena.it - Consegna mazzi di fiori, bouquet e piante a domicilio\"},\"image\":{\"@id\":\"https:\\\/\\\/floranixena.it\\\/es\\\/#\\\/schema\\\/logo\\\/image\\\/\"},\"sameAs\":[\"https:\\\/\\\/www.facebook.com\\\/FloraNixena\\\/\",\"https:\\\/\\\/www.instagram.com\\\/floranixena.it\\\/\",\"https:\\\/\\\/www.youtube.com\\\/channel\\\/UCAfCWXMBezO96jgPjiUgpkA\"],\"description\":\"Chi Siamo? FloraNixena \u00e8 il partner di fiducia per la consegna di fiori freschi a domicilio. Con anni di esperienza nel settore floreale, siamo dedicati a portare la bellezza e la freschezza dei fiori direttamente alla vostra porta. La Nostra Missione La nostra missione \u00e8 trasformare ogni occasione in un momento speciale attraverso la magia dei fiori. Crediamo che un bouquet possa dire pi\u00f9 di mille parole e lavoriamo instancabilmente per assicurarci che ogni consegna porti gioia, amore e bellezza. Cosa Offriamo? Fiori Freschi: Collaboriamo con i migliori fornitori locali per garantire che i nostri fiori siano sempre freschi e di alta qualit\u00e0. Consegna Rapida e Puntuale: Offriamo un servizio di consegna rapido e affidabile, con la possibilit\u00e0 di scegliere la fascia oraria che pi\u00f9 vi conviene. Ampia Selezione: Dalle rose classiche ai bouquet personalizzati, abbiamo una vasta gamma di opzioni per soddisfare ogni gusto e occasione. Assistenza Clienti: Il nostro team \u00e8 sempre a disposizione per assistervi nella scelta del bouquet perfetto e per garantire un'esperienza di acquisto senza intoppi. Perch\u00e9 Sceglierci? Qualit\u00e0 Garantita: Ogni bouquet \u00e8 realizzato con cura dai nostri esperti fioristi, garantendo che ogni composizione sia un'opera d'arte. Servizio Personalizzato: Che sia per un anniversario, un compleanno, una celebrazione o un momento di condoglianza, personalizziamo ogni ordine per rispondere alle vostre esigenze specifiche. Soddisfazione del Cliente: La vostra soddisfazione \u00e8 la nostra priorit\u00e0 assoluta. Facciamo tutto il possibile per assicurarci che ogni consegna superi le vostre aspettative.\",\"email\":\"amministrazione@floranixena.it\",\"telephone\":\"3806342394\",\"legalName\":\"Gaetano Votadoro\"}]}<\/script>\n<!-- \/ Yoast SEO Premium plugin. -->","yoast_head_json":{"title":"Ramo de claveles - FloraNixena - Entrega de flores a domicilio","description":"Composici\u00f3n de gypsophila y claveles, regalo para un amigo, amiga, florista en Mil\u00e1n, entrega de flores, plantas y ramos en Roma, Savona, Florencia, Rovigo, Asti","robots":{"index":"index","follow":"follow","max-snippet":"max-snippet:-1","max-image-preview":"max-image-preview:large","max-video-preview":"max-video-preview:-1"},"canonical":"https:\/\/floranixena.it\/es\/producto\/tierno-abrazo\/","og_locale":"es_ES","og_type":"article","og_title":"tierno abrazo","og_description":"12 claveles de colores  2 Gypsophila Jarr\u00f3n no incluido","og_url":"https:\/\/floranixena.it\/es\/producto\/tierno-abrazo\/","og_site_name":"FloraNixena - FloraNixena - Entrega de flores a domicilio","article_publisher":"https:\/\/www.facebook.com\/FloraNixena\/","og_image":[{"width":800,"height":800,"url":"https:\/\/floranixena.it\/wp-content\/uploads\/2018\/11\/mazzo_di_gypsophila_e_garofani_regalo_per_un_amico_amica_con_consegna_a_domicilia_in_tutte_le_citt\u00e0-Roma-Milano-Monza-Varese-como-pisa.jpg","type":"image\/jpeg"}],"twitter_card":"summary_large_image","twitter_misc":{"Tiempo de lectura":"1 minuto"},"schema":{"@context":"https:\/\/schema.org","@graph":[{"@type":"WebPage","@id":"https:\/\/floranixena.it\/es\/producto\/tierno-abrazo\/","url":"https:\/\/floranixena.it\/es\/producto\/tierno-abrazo\/","name":"Ramo de claveles - FloraNixena - Entrega de flores a domicilio","isPartOf":{"@id":"https:\/\/floranixena.it\/es\/#website"},"primaryImageOfPage":{"@id":"https:\/\/floranixena.it\/es\/producto\/tierno-abrazo\/#primaryimage"},"image":{"@id":"https:\/\/floranixena.it\/es\/producto\/tierno-abrazo\/#primaryimage"},"thumbnailUrl":"https:\/\/floranixena.it\/wp-content\/uploads\/2018\/11\/mazzo_di_gypsophila_e_garofani_regalo_per_un_amico_amica_con_consegna_a_domicilia_in_tutte_le_citt\u00e0-Roma-Milano-Monza-Varese-como-pisa.jpg","datePublished":"2025-12-06T09:56:35+00:00","description":"Composici\u00f3n de gypsophila y claveles, regalo para un amigo, amiga, florista en Mil\u00e1n, entrega de flores, plantas y ramos en Roma, Savona, Florencia, Rovigo, Asti","breadcrumb":{"@id":"https:\/\/floranixena.it\/es\/producto\/tierno-abrazo\/#breadcrumb"},"inLanguage":"es","potentialAction":[{"@type":"ReadAction","target":["https:\/\/floranixena.it\/es\/producto\/tierno-abrazo\/"]}]},{"@type":"ImageObject","inLanguage":"es","@id":"https:\/\/floranixena.it\/es\/producto\/tierno-abrazo\/#primaryimage","url":"https:\/\/floranixena.it\/wp-content\/uploads\/2018\/11\/mazzo_di_gypsophila_e_garofani_regalo_per_un_amico_amica_con_consegna_a_domicilia_in_tutte_le_citt\u00e0-Roma-Milano-Monza-Varese-como-pisa.jpg","contentUrl":"https:\/\/floranixena.it\/wp-content\/uploads\/2018\/11\/mazzo_di_gypsophila_e_garofani_regalo_per_un_amico_amica_con_consegna_a_domicilia_in_tutte_le_citt\u00e0-Roma-Milano-Monza-Varese-como-pisa.jpg","width":800,"height":800,"caption":"Mazzo di garofani colorati e gypsophila"},{"@type":"BreadcrumbList","@id":"https:\/\/floranixena.it\/es\/producto\/tierno-abrazo\/#breadcrumb","itemListElement":[{"@type":"ListItem","position":1,"name":"Home","item":"https:\/\/floranixena.it\/es\/"},{"@type":"ListItem","position":2,"name":"tienda","item":"https:\/\/floranixena.it\/es\/tienda\/"},{"@type":"ListItem","position":3,"name":"tierno abrazo"}]},{"@type":"WebSite","@id":"https:\/\/floranixena.it\/es\/#website","url":"https:\/\/floranixena.it\/es\/","name":"FloraNixena - Consegna fiori a domicilio in Italia","description":"Invia fiori che raccontano storie","publisher":{"@id":"https:\/\/floranixena.it\/es\/#organization"},"alternateName":"FloraNixena.it","potentialAction":[{"@type":"SearchAction","target":{"@type":"EntryPoint","urlTemplate":"https:\/\/floranixena.it\/es\/?s={search_term_string}"},"query-input":{"@type":"PropertyValueSpecification","valueRequired":true,"valueName":"search_term_string"}}],"inLanguage":"es"},{"@type":"Organization","@id":"https:\/\/floranixena.it\/es\/#organization","name":"FloraNixena.it - Consegna mazzi di fiori, bouquet e piante a domicilio","url":"https:\/\/floranixena.it\/es\/","logo":{"@type":"ImageObject","inLanguage":"es","@id":"https:\/\/floranixena.it\/es\/#\/schema\/logo\/image\/","url":"https:\/\/floranixena.it\/wp-content\/uploads\/2018\/11\/logo-fucsia.png","contentUrl":"https:\/\/floranixena.it\/wp-content\/uploads\/2018\/11\/logo-fucsia.png","width":315,"height":81,"caption":"FloraNixena.it - Consegna mazzi di fiori, bouquet e piante a domicilio"},"image":{"@id":"https:\/\/floranixena.it\/es\/#\/schema\/logo\/image\/"},"sameAs":["https:\/\/www.facebook.com\/FloraNixena\/","https:\/\/www.instagram.com\/floranixena.it\/","https:\/\/www.youtube.com\/channel\/UCAfCWXMBezO96jgPjiUgpkA"],"description":"Chi Siamo? FloraNixena \u00e8 il partner di fiducia per la consegna di fiori freschi a domicilio. Con anni di esperienza nel settore floreale, siamo dedicati a portare la bellezza e la freschezza dei fiori direttamente alla vostra porta. La Nostra Missione La nostra missione \u00e8 trasformare ogni occasione in un momento speciale attraverso la magia dei fiori. Crediamo che un bouquet possa dire pi\u00f9 di mille parole e lavoriamo instancabilmente per assicurarci che ogni consegna porti gioia, amore e bellezza. Cosa Offriamo? Fiori Freschi: Collaboriamo con i migliori fornitori locali per garantire che i nostri fiori siano sempre freschi e di alta qualit\u00e0. Consegna Rapida e Puntuale: Offriamo un servizio di consegna rapido e affidabile, con la possibilit\u00e0 di scegliere la fascia oraria che pi\u00f9 vi conviene. Ampia Selezione: Dalle rose classiche ai bouquet personalizzati, abbiamo una vasta gamma di opzioni per soddisfare ogni gusto e occasione. Assistenza Clienti: Il nostro team \u00e8 sempre a disposizione per assistervi nella scelta del bouquet perfetto e per garantire un'esperienza di acquisto senza intoppi. Perch\u00e9 Sceglierci? Qualit\u00e0 Garantita: Ogni bouquet \u00e8 realizzato con cura dai nostri esperti fioristi, garantendo che ogni composizione sia un'opera d'arte. Servizio Personalizzato: Che sia per un anniversario, un compleanno, una celebrazione o un momento di condoglianza, personalizziamo ogni ordine per rispondere alle vostre esigenze specifiche. Soddisfazione del Cliente: La vostra soddisfazione \u00e8 la nostra priorit\u00e0 assoluta. Facciamo tutto il possibile per assicurarci che ogni consegna superi le vostre aspettative.","email":"amministrazione@floranixena.it","telephone":"3806342394","legalName":"Gaetano Votadoro"}]}},"_links":{"self":[{"href":"https:\/\/floranixena.it\/es\/wp-json\/wp\/v2\/product\/19001","targetHints":{"allow":["GET"]}}],"collection":[{"href":"https:\/\/floranixena.it\/es\/wp-json\/wp\/v2\/product"}],"about":[{"href":"https:\/\/floranixena.it\/es\/wp-json\/wp\/v2\/types\/product"}],"replies":[{"embeddable":true,"href":"https:\/\/floranixena.it\/es\/wp-json\/wp\/v2\/comments?post=19001"}],"wp:featuredmedia":[{"embeddable":true,"href":"https:\/\/floranixena.it\/es\/wp-json\/wp\/v2\/media\/19002"}],"wp:attachment":[{"href":"https:\/\/floranixena.it\/es\/wp-json\/wp\/v2\/media?parent=19001"}],"wp:term":[{"taxonomy":"product_brand","embeddable":true,"href":"https:\/\/floranixena.it\/es\/wp-json\/wp\/v2\/product_brand?post=19001"},{"taxonomy":"product_cat","embeddable":true,"href":"https:\/\/floranixena.it\/es\/wp-json\/wp\/v2\/product_cat?post=19001"},{"taxonomy":"product_tag","embeddable":true,"href":"https:\/\/floranixena.it\/es\/wp-json\/wp\/v2\/product_tag?post=19001"}],"curies":[{"name":"wp","href":"https:\/\/api.w.org\/{rel}","templated":true}]}}