{"id":18995,"date":"2024-07-23T17:56:21","date_gmt":"2024-07-23T15:56:21","guid":{"rendered":"https:\/\/floranixena.it\/product\/de-azucar\/"},"modified":"2025-09-17T10:59:26","modified_gmt":"2025-09-17T08:59:26","slug":"de-azucar","status":"publish","type":"product","link":"https:\/\/floranixena.it\/es\/producto\/de-azucar\/","title":{"rendered":"de az\u00facar"},"content":{"rendered":"<p>Env\u00eda a una persona especial un <strong>bouquet<\/strong> refinado que emana belleza floral y elegancia, un verdadero tributo a la gracia y el refinamiento.<\/p>\n<p>Este espl\u00e9ndido arreglo floral est\u00e1 compuesto por delicadas <a href=\"https:\/\/floranixena.it\/prodotto\/cuore-di-rose-rosse\/\"><strong>rosas<\/strong><\/a>, elegantes <a href=\"https:\/\/tulipark.it\/shop\/\"><strong>tulipanes <\/strong><\/a>rosados y <a href=\"https:\/\/floranixena.it\/es\/prodotto\/bouquet-de-gerberas-y-rosas\/\"><strong>gerberas <\/strong><\/a>de un brillante rosa claro, complementado con miniatura de clavel. Cada flor es cuidadosamente seleccionada y dispuesta para crear un conjunto armonioso y visualmente encantador. <\/p>\n<p>El ramo, meticulosamente hecho a mano, se enriquece a\u00fan m\u00e1s con una cinta de sat\u00e9n suave y colorido que a\u00f1ade un toque de belleza sofisticada a la presentaci\u00f3n general. Este toque final hace que el ramo no solo sea un <strong>regalo<\/strong>, sino una verdadera obra de arte floral que captura la esencia de la elegancia y la delicadeza. <\/p>\n<p>Ya sea <a href=\"https:\/\/floranixena.it\/es\/catalog\/felicitaciones\/\"><strong>felicitando <\/strong><\/a>al destinatario por un trabajo bien hecho, celebrando un feliz <a href=\"https:\/\/floranixena.it\/es\/catalog\/flores-para-eventos\/compleanno-es\/\"><strong>cumplea\u00f1os <\/strong><\/a>o deseando una pronta recuperaci\u00f3n, este ramo es la manera perfecta de expresar sus sentimientos. Adem\u00e1s, puede personalizar su regalo con un mensaje de papel gratuito, haciendo que su regalo sea a\u00fan m\u00e1s significativo y adecuado para la ocasi\u00f3n. <\/p>\n<p>Deja que este maravilloso ramo con gerberas, rosas y tulipanes transmita tus deseos m\u00e1s c\u00e1lidos y cari\u00f1osos, trayendo <strong>alegr\u00eda <\/strong>y <strong>belleza <\/strong>al d\u00eda de alguien especial.<\/p>\n<p>Conf\u00ede en nosotros para entregar un regalo que habla m\u00e1s que las palabras, un gesto de elegancia y refinamiento que ser\u00e1 apreciado y recordado.<\/p>\n","protected":false},"excerpt":{"rendered":"<ul>\n<li>3 rosas rosadas<\/li>\n<li>4 tulipanes rosados<\/li>\n<li>4 Gerberas rosa<\/li>\n<li>Verde decorativo<\/li>\n<li>Embalaje de celof\u00e1n<\/li>\n<li><span style=\"color: #339966;\"><strong>En este ramo el env\u00edo es gratuito<\/strong><\/span><\/li>\n<\/ul>\n<p>Jarr\u00f3n no incluido<\/p>\n","protected":false},"featured_media":18996,"comment_status":"closed","ping_status":"closed","template":"","meta":[],"product_brand":[],"product_cat":[4396,4356,4438,4329,4418,4362,4316,4330,4335,4332,4333,4340,4339,4341,4337,4328,4318,4334,4361,4358,4320,4321,4323,4326,4360,4397,4324,4325,4322,4319,4336,4353,4351,4458],"product_tag":[4432,4382],"class_list":{"0":"post-18995","1":"product","2":"type-product","3":"status-publish","4":"has-post-thumbnail","6":"product_cat-1-aniversario-de-la-boda-de-algodon","7":"product_cat-25-aniversario-boda-de-plata","8":"product_cat-5-aniversario-boda-de-seda","9":"product_cat-amigo","10":"product_cat-claveles","11":"product_cat-como-admirador-secreto","12":"product_cat-compleanno-es","13":"product_cat-dia-de-la-madre","14":"product_cat-disculpa","15":"product_cat-es-una-nina","16":"product_cat-felicitaciones","17":"product_cat-flores-de-invierno","18":"product_cat-flores-de-otono","19":"product_cat-flores-de-primavera","20":"product_cat-gerberas-es","21":"product_cat-onomastico-es","22":"product_cat-oportunidad","23":"product_cat-para-agradecer-a-alguien","24":"product_cat-para-la-esposa-o-la-novia","25":"product_cat-para-la-esposa-o-novia","26":"product_cat-para-la-hermana","27":"product_cat-para-los-abuelos","28":"product_cat-para-los-tios","29":"product_cat-para-mama","30":"product_cat-para-nuevas-revelaciones","31":"product_cat-para-parejas-gay","32":"product_cat-para-un-amigo","33":"product_cat-para-un-colega","34":"product_cat-para-un-hombre","35":"product_cat-pascua","36":"product_cat-rosas","37":"product_cat-son-gemelos","38":"product_cat-titulos","39":"product_cat-tulipanes","40":"product_tag-gerberas-es-2","41":"product_tag-rosas-rojas-es","43":"first","44":"instock","45":"sale","46":"shipping-taxable","47":"purchasable","48":"product-type-simple"},"yoast_head":"<!-- This site is optimized with the Yoast SEO Premium plugin v27.5 (Yoast SEO v27.5) - https:\/\/yoast.com\/product\/yoast-seo-premium-wordpress\/ -->\n<title>ramo de rosas, gerberas y tulipanes - FloraNixena - FloraNixena - Entrega de flores a domicilio<\/title>\n<meta name=\"description\" content=\"Ramo de tulipanes, gerberas y rosas, para enviar como regalo a domicilio para desear pronta recuperaci\u00f3n, graduaci\u00f3n, primera comuni\u00f3n o cumplea\u00f1os.\" \/>\n<meta name=\"robots\" content=\"index, follow, max-snippet:-1, max-image-preview:large, max-video-preview:-1\" \/>\n<link rel=\"canonical\" href=\"https:\/\/floranixena.it\/es\/producto\/de-azucar\/\" \/>\n<meta property=\"og:locale\" content=\"es_ES\" \/>\n<meta property=\"og:type\" content=\"article\" \/>\n<meta property=\"og:title\" content=\"de az\u00facar\" \/>\n<meta property=\"og:description\" content=\"3 rosas rosadas  4 tulipanes rosados  4 Gerberas rosa  Verde decorativo  Embalaje de celof\u00e1n  En este ramo el env\u00edo es gratuito Jarr\u00f3n no incluido\" \/>\n<meta property=\"og:url\" content=\"https:\/\/floranixena.it\/es\/producto\/de-azucar\/\" \/>\n<meta property=\"og:site_name\" content=\"FloraNixena - FloraNixena - Entrega de flores a domicilio\" \/>\n<meta property=\"article:publisher\" content=\"https:\/\/www.facebook.com\/FloraNixena\/\" \/>\n<meta property=\"article:modified_time\" content=\"2025-09-17T08:59:26+00:00\" \/>\n<meta property=\"og:image\" content=\"https:\/\/floranixena.it\/wp-content\/uploads\/2019\/01\/Bouquet-di-gerbere-tulipani-e-rose-idea-regalo-per-compleanno-amici-colleghi-amiche-parenti-zii-con-consegna-a-domicilio.jpg\" \/>\n\t<meta property=\"og:image:width\" content=\"800\" \/>\n\t<meta property=\"og:image:height\" content=\"800\" \/>\n\t<meta property=\"og:image:type\" content=\"image\/jpeg\" \/>\n<meta name=\"twitter:card\" content=\"summary_large_image\" \/>\n<meta name=\"twitter:label1\" content=\"Tiempo de lectura\" \/>\n\t<meta name=\"twitter:data1\" content=\"1 minuto\" \/>\n<script type=\"application\/ld+json\" class=\"yoast-schema-graph\">{\"@context\":\"https:\\\/\\\/schema.org\",\"@graph\":[{\"@type\":\"WebPage\",\"@id\":\"https:\\\/\\\/floranixena.it\\\/es\\\/producto\\\/de-azucar\\\/\",\"url\":\"https:\\\/\\\/floranixena.it\\\/es\\\/producto\\\/de-azucar\\\/\",\"name\":\"ramo de rosas, gerberas y tulipanes - FloraNixena - FloraNixena - Entrega de flores a domicilio\",\"isPartOf\":{\"@id\":\"https:\\\/\\\/floranixena.it\\\/es\\\/#website\"},\"primaryImageOfPage\":{\"@id\":\"https:\\\/\\\/floranixena.it\\\/es\\\/producto\\\/de-azucar\\\/#primaryimage\"},\"image\":{\"@id\":\"https:\\\/\\\/floranixena.it\\\/es\\\/producto\\\/de-azucar\\\/#primaryimage\"},\"thumbnailUrl\":\"https:\\\/\\\/floranixena.it\\\/wp-content\\\/uploads\\\/2019\\\/01\\\/Bouquet-di-gerbere-tulipani-e-rose-idea-regalo-per-compleanno-amici-colleghi-amiche-parenti-zii-con-consegna-a-domicilio.jpg\",\"datePublished\":\"2024-07-23T15:56:21+00:00\",\"dateModified\":\"2025-09-17T08:59:26+00:00\",\"description\":\"Ramo de tulipanes, gerberas y rosas, para enviar como regalo a domicilio para desear pronta recuperaci\u00f3n, graduaci\u00f3n, primera comuni\u00f3n o cumplea\u00f1os.\",\"breadcrumb\":{\"@id\":\"https:\\\/\\\/floranixena.it\\\/es\\\/producto\\\/de-azucar\\\/#breadcrumb\"},\"inLanguage\":\"es\",\"potentialAction\":[{\"@type\":\"ReadAction\",\"target\":[\"https:\\\/\\\/floranixena.it\\\/es\\\/producto\\\/de-azucar\\\/\"]}]},{\"@type\":\"ImageObject\",\"inLanguage\":\"es\",\"@id\":\"https:\\\/\\\/floranixena.it\\\/es\\\/producto\\\/de-azucar\\\/#primaryimage\",\"url\":\"https:\\\/\\\/floranixena.it\\\/wp-content\\\/uploads\\\/2019\\\/01\\\/Bouquet-di-gerbere-tulipani-e-rose-idea-regalo-per-compleanno-amici-colleghi-amiche-parenti-zii-con-consegna-a-domicilio.jpg\",\"contentUrl\":\"https:\\\/\\\/floranixena.it\\\/wp-content\\\/uploads\\\/2019\\\/01\\\/Bouquet-di-gerbere-tulipani-e-rose-idea-regalo-per-compleanno-amici-colleghi-amiche-parenti-zii-con-consegna-a-domicilio.jpg\",\"width\":800,\"height\":800,\"caption\":\"Composizione di Tulipani rosa, rose rosa e gerbere rosa\"},{\"@type\":\"BreadcrumbList\",\"@id\":\"https:\\\/\\\/floranixena.it\\\/es\\\/producto\\\/de-azucar\\\/#breadcrumb\",\"itemListElement\":[{\"@type\":\"ListItem\",\"position\":1,\"name\":\"Home\",\"item\":\"https:\\\/\\\/floranixena.it\\\/es\\\/\"},{\"@type\":\"ListItem\",\"position\":2,\"name\":\"tienda\",\"item\":\"https:\\\/\\\/floranixena.it\\\/es\\\/tienda\\\/\"},{\"@type\":\"ListItem\",\"position\":3,\"name\":\"de az\u00facar\"}]},{\"@type\":\"WebSite\",\"@id\":\"https:\\\/\\\/floranixena.it\\\/es\\\/#website\",\"url\":\"https:\\\/\\\/floranixena.it\\\/es\\\/\",\"name\":\"FloraNixena - Consegna fiori a domicilio in Italia\",\"description\":\"Invia fiori che raccontano storie\",\"publisher\":{\"@id\":\"https:\\\/\\\/floranixena.it\\\/es\\\/#organization\"},\"alternateName\":\"FloraNixena.it\",\"potentialAction\":[{\"@type\":\"SearchAction\",\"target\":{\"@type\":\"EntryPoint\",\"urlTemplate\":\"https:\\\/\\\/floranixena.it\\\/es\\\/?s={search_term_string}\"},\"query-input\":{\"@type\":\"PropertyValueSpecification\",\"valueRequired\":true,\"valueName\":\"search_term_string\"}}],\"inLanguage\":\"es\"},{\"@type\":\"Organization\",\"@id\":\"https:\\\/\\\/floranixena.it\\\/es\\\/#organization\",\"name\":\"FloraNixena.it - Consegna mazzi di fiori, bouquet e piante a domicilio\",\"url\":\"https:\\\/\\\/floranixena.it\\\/es\\\/\",\"logo\":{\"@type\":\"ImageObject\",\"inLanguage\":\"es\",\"@id\":\"https:\\\/\\\/floranixena.it\\\/es\\\/#\\\/schema\\\/logo\\\/image\\\/\",\"url\":\"https:\\\/\\\/floranixena.it\\\/wp-content\\\/uploads\\\/2018\\\/11\\\/logo-fucsia.png\",\"contentUrl\":\"https:\\\/\\\/floranixena.it\\\/wp-content\\\/uploads\\\/2018\\\/11\\\/logo-fucsia.png\",\"width\":315,\"height\":81,\"caption\":\"FloraNixena.it - Consegna mazzi di fiori, bouquet e piante a domicilio\"},\"image\":{\"@id\":\"https:\\\/\\\/floranixena.it\\\/es\\\/#\\\/schema\\\/logo\\\/image\\\/\"},\"sameAs\":[\"https:\\\/\\\/www.facebook.com\\\/FloraNixena\\\/\",\"https:\\\/\\\/www.instagram.com\\\/floranixena.it\\\/\",\"https:\\\/\\\/www.youtube.com\\\/channel\\\/UCAfCWXMBezO96jgPjiUgpkA\"],\"description\":\"Chi Siamo? FloraNixena \u00e8 il partner di fiducia per la consegna di fiori freschi a domicilio. Con anni di esperienza nel settore floreale, siamo dedicati a portare la bellezza e la freschezza dei fiori direttamente alla vostra porta. La Nostra Missione La nostra missione \u00e8 trasformare ogni occasione in un momento speciale attraverso la magia dei fiori. Crediamo che un bouquet possa dire pi\u00f9 di mille parole e lavoriamo instancabilmente per assicurarci che ogni consegna porti gioia, amore e bellezza. Cosa Offriamo? Fiori Freschi: Collaboriamo con i migliori fornitori locali per garantire che i nostri fiori siano sempre freschi e di alta qualit\u00e0. Consegna Rapida e Puntuale: Offriamo un servizio di consegna rapido e affidabile, con la possibilit\u00e0 di scegliere la fascia oraria che pi\u00f9 vi conviene. Ampia Selezione: Dalle rose classiche ai bouquet personalizzati, abbiamo una vasta gamma di opzioni per soddisfare ogni gusto e occasione. Assistenza Clienti: Il nostro team \u00e8 sempre a disposizione per assistervi nella scelta del bouquet perfetto e per garantire un'esperienza di acquisto senza intoppi. Perch\u00e9 Sceglierci? Qualit\u00e0 Garantita: Ogni bouquet \u00e8 realizzato con cura dai nostri esperti fioristi, garantendo che ogni composizione sia un'opera d'arte. Servizio Personalizzato: Che sia per un anniversario, un compleanno, una celebrazione o un momento di condoglianza, personalizziamo ogni ordine per rispondere alle vostre esigenze specifiche. Soddisfazione del Cliente: La vostra soddisfazione \u00e8 la nostra priorit\u00e0 assoluta. Facciamo tutto il possibile per assicurarci che ogni consegna superi le vostre aspettative.\",\"email\":\"amministrazione@floranixena.it\",\"telephone\":\"3806342394\",\"legalName\":\"Gaetano Votadoro\"}]}<\/script>\n<!-- \/ Yoast SEO Premium plugin. -->","yoast_head_json":{"title":"ramo de rosas, gerberas y tulipanes - FloraNixena - FloraNixena - Entrega de flores a domicilio","description":"Ramo de tulipanes, gerberas y rosas, para enviar como regalo a domicilio para desear pronta recuperaci\u00f3n, graduaci\u00f3n, primera comuni\u00f3n o cumplea\u00f1os.","robots":{"index":"index","follow":"follow","max-snippet":"max-snippet:-1","max-image-preview":"max-image-preview:large","max-video-preview":"max-video-preview:-1"},"canonical":"https:\/\/floranixena.it\/es\/producto\/de-azucar\/","og_locale":"es_ES","og_type":"article","og_title":"de az\u00facar","og_description":"3 rosas rosadas  4 tulipanes rosados  4 Gerberas rosa  Verde decorativo  Embalaje de celof\u00e1n  En este ramo el env\u00edo es gratuito Jarr\u00f3n no incluido","og_url":"https:\/\/floranixena.it\/es\/producto\/de-azucar\/","og_site_name":"FloraNixena - FloraNixena - Entrega de flores a domicilio","article_publisher":"https:\/\/www.facebook.com\/FloraNixena\/","article_modified_time":"2025-09-17T08:59:26+00:00","og_image":[{"width":800,"height":800,"url":"https:\/\/floranixena.it\/wp-content\/uploads\/2019\/01\/Bouquet-di-gerbere-tulipani-e-rose-idea-regalo-per-compleanno-amici-colleghi-amiche-parenti-zii-con-consegna-a-domicilio.jpg","type":"image\/jpeg"}],"twitter_card":"summary_large_image","twitter_misc":{"Tiempo de lectura":"1 minuto"},"schema":{"@context":"https:\/\/schema.org","@graph":[{"@type":"WebPage","@id":"https:\/\/floranixena.it\/es\/producto\/de-azucar\/","url":"https:\/\/floranixena.it\/es\/producto\/de-azucar\/","name":"ramo de rosas, gerberas y tulipanes - FloraNixena - FloraNixena - Entrega de flores a domicilio","isPartOf":{"@id":"https:\/\/floranixena.it\/es\/#website"},"primaryImageOfPage":{"@id":"https:\/\/floranixena.it\/es\/producto\/de-azucar\/#primaryimage"},"image":{"@id":"https:\/\/floranixena.it\/es\/producto\/de-azucar\/#primaryimage"},"thumbnailUrl":"https:\/\/floranixena.it\/wp-content\/uploads\/2019\/01\/Bouquet-di-gerbere-tulipani-e-rose-idea-regalo-per-compleanno-amici-colleghi-amiche-parenti-zii-con-consegna-a-domicilio.jpg","datePublished":"2024-07-23T15:56:21+00:00","dateModified":"2025-09-17T08:59:26+00:00","description":"Ramo de tulipanes, gerberas y rosas, para enviar como regalo a domicilio para desear pronta recuperaci\u00f3n, graduaci\u00f3n, primera comuni\u00f3n o cumplea\u00f1os.","breadcrumb":{"@id":"https:\/\/floranixena.it\/es\/producto\/de-azucar\/#breadcrumb"},"inLanguage":"es","potentialAction":[{"@type":"ReadAction","target":["https:\/\/floranixena.it\/es\/producto\/de-azucar\/"]}]},{"@type":"ImageObject","inLanguage":"es","@id":"https:\/\/floranixena.it\/es\/producto\/de-azucar\/#primaryimage","url":"https:\/\/floranixena.it\/wp-content\/uploads\/2019\/01\/Bouquet-di-gerbere-tulipani-e-rose-idea-regalo-per-compleanno-amici-colleghi-amiche-parenti-zii-con-consegna-a-domicilio.jpg","contentUrl":"https:\/\/floranixena.it\/wp-content\/uploads\/2019\/01\/Bouquet-di-gerbere-tulipani-e-rose-idea-regalo-per-compleanno-amici-colleghi-amiche-parenti-zii-con-consegna-a-domicilio.jpg","width":800,"height":800,"caption":"Composizione di Tulipani rosa, rose rosa e gerbere rosa"},{"@type":"BreadcrumbList","@id":"https:\/\/floranixena.it\/es\/producto\/de-azucar\/#breadcrumb","itemListElement":[{"@type":"ListItem","position":1,"name":"Home","item":"https:\/\/floranixena.it\/es\/"},{"@type":"ListItem","position":2,"name":"tienda","item":"https:\/\/floranixena.it\/es\/tienda\/"},{"@type":"ListItem","position":3,"name":"de az\u00facar"}]},{"@type":"WebSite","@id":"https:\/\/floranixena.it\/es\/#website","url":"https:\/\/floranixena.it\/es\/","name":"FloraNixena - Consegna fiori a domicilio in Italia","description":"Invia fiori che raccontano storie","publisher":{"@id":"https:\/\/floranixena.it\/es\/#organization"},"alternateName":"FloraNixena.it","potentialAction":[{"@type":"SearchAction","target":{"@type":"EntryPoint","urlTemplate":"https:\/\/floranixena.it\/es\/?s={search_term_string}"},"query-input":{"@type":"PropertyValueSpecification","valueRequired":true,"valueName":"search_term_string"}}],"inLanguage":"es"},{"@type":"Organization","@id":"https:\/\/floranixena.it\/es\/#organization","name":"FloraNixena.it - Consegna mazzi di fiori, bouquet e piante a domicilio","url":"https:\/\/floranixena.it\/es\/","logo":{"@type":"ImageObject","inLanguage":"es","@id":"https:\/\/floranixena.it\/es\/#\/schema\/logo\/image\/","url":"https:\/\/floranixena.it\/wp-content\/uploads\/2018\/11\/logo-fucsia.png","contentUrl":"https:\/\/floranixena.it\/wp-content\/uploads\/2018\/11\/logo-fucsia.png","width":315,"height":81,"caption":"FloraNixena.it - Consegna mazzi di fiori, bouquet e piante a domicilio"},"image":{"@id":"https:\/\/floranixena.it\/es\/#\/schema\/logo\/image\/"},"sameAs":["https:\/\/www.facebook.com\/FloraNixena\/","https:\/\/www.instagram.com\/floranixena.it\/","https:\/\/www.youtube.com\/channel\/UCAfCWXMBezO96jgPjiUgpkA"],"description":"Chi Siamo? FloraNixena \u00e8 il partner di fiducia per la consegna di fiori freschi a domicilio. Con anni di esperienza nel settore floreale, siamo dedicati a portare la bellezza e la freschezza dei fiori direttamente alla vostra porta. La Nostra Missione La nostra missione \u00e8 trasformare ogni occasione in un momento speciale attraverso la magia dei fiori. Crediamo che un bouquet possa dire pi\u00f9 di mille parole e lavoriamo instancabilmente per assicurarci che ogni consegna porti gioia, amore e bellezza. Cosa Offriamo? Fiori Freschi: Collaboriamo con i migliori fornitori locali per garantire che i nostri fiori siano sempre freschi e di alta qualit\u00e0. Consegna Rapida e Puntuale: Offriamo un servizio di consegna rapido e affidabile, con la possibilit\u00e0 di scegliere la fascia oraria che pi\u00f9 vi conviene. Ampia Selezione: Dalle rose classiche ai bouquet personalizzati, abbiamo una vasta gamma di opzioni per soddisfare ogni gusto e occasione. Assistenza Clienti: Il nostro team \u00e8 sempre a disposizione per assistervi nella scelta del bouquet perfetto e per garantire un'esperienza di acquisto senza intoppi. Perch\u00e9 Sceglierci? Qualit\u00e0 Garantita: Ogni bouquet \u00e8 realizzato con cura dai nostri esperti fioristi, garantendo che ogni composizione sia un'opera d'arte. Servizio Personalizzato: Che sia per un anniversario, un compleanno, una celebrazione o un momento di condoglianza, personalizziamo ogni ordine per rispondere alle vostre esigenze specifiche. Soddisfazione del Cliente: La vostra soddisfazione \u00e8 la nostra priorit\u00e0 assoluta. Facciamo tutto il possibile per assicurarci che ogni consegna superi le vostre aspettative.","email":"amministrazione@floranixena.it","telephone":"3806342394","legalName":"Gaetano Votadoro"}]}},"_links":{"self":[{"href":"https:\/\/floranixena.it\/es\/wp-json\/wp\/v2\/product\/18995","targetHints":{"allow":["GET"]}}],"collection":[{"href":"https:\/\/floranixena.it\/es\/wp-json\/wp\/v2\/product"}],"about":[{"href":"https:\/\/floranixena.it\/es\/wp-json\/wp\/v2\/types\/product"}],"replies":[{"embeddable":true,"href":"https:\/\/floranixena.it\/es\/wp-json\/wp\/v2\/comments?post=18995"}],"wp:featuredmedia":[{"embeddable":true,"href":"https:\/\/floranixena.it\/es\/wp-json\/wp\/v2\/media\/18996"}],"wp:attachment":[{"href":"https:\/\/floranixena.it\/es\/wp-json\/wp\/v2\/media?parent=18995"}],"wp:term":[{"taxonomy":"product_brand","embeddable":true,"href":"https:\/\/floranixena.it\/es\/wp-json\/wp\/v2\/product_brand?post=18995"},{"taxonomy":"product_cat","embeddable":true,"href":"https:\/\/floranixena.it\/es\/wp-json\/wp\/v2\/product_cat?post=18995"},{"taxonomy":"product_tag","embeddable":true,"href":"https:\/\/floranixena.it\/es\/wp-json\/wp\/v2\/product_tag?post=18995"}],"curies":[{"name":"wp","href":"https:\/\/api.w.org\/{rel}","templated":true}]}}