{"id":18971,"date":"2025-05-16T15:54:23","date_gmt":"2025-05-16T13:54:23","guid":{"rendered":"https:\/\/floranixena.it\/product\/ramo-de-peonias-blancas\/"},"modified":"2025-09-17T09:54:11","modified_gmt":"2025-09-17T07:54:11","slug":"ramo-de-peonias-blancas","status":"publish","type":"product","link":"https:\/\/floranixena.it\/es\/producto\/ramo-de-peonias-blancas\/","title":{"rendered":"Ramo de peon\u00edas blancas"},"content":{"rendered":"<p>Sorprenda a sus seres queridos con un elegante<strong> ramo de peon\u00edas blancas,<\/strong> disponible para entrega a domicilio en toda Italia. Nuestras peon\u00edas blancas son s\u00edmbolo de pureza y refinamiento, perfectas para cualquier ocasi\u00f3n especial, desde bodas hasta aniversarios, o simplemente para expresar afecto sincero. <\/p>\n<h4>Caracter\u00edsticas del<a href=\"https:\/\/floranixena.it\/es\/prodotto\/ramo-de-peonias-rosas\/\" target=\"_blank\" rel=\"noopener\"> ramo de peon\u00edas<\/a> blancas:<\/h4>\n<ul>\n<li><strong>Peon\u00edas frescas:<\/strong> Seleccionamos a mano las mejores peon\u00edas, garantizando frescura y longevidad.<\/li>\n<li><strong>Composici\u00f3n elegante<\/strong>: nuestros floristas expertos crean composiciones art\u00edsticas, combinando peon\u00edas con follaje verde y detalles refinados.<\/li>\n<li><strong>Presentaci\u00f3n Refinada<\/strong>: El ramo viene empaquetado en un elegante envoltorio, completado por una cinta de seda, listo para ser entregado con estilo.<\/li>\n<\/ul>\n<p>Las peon\u00edas blancas representan la elegancia atemporal y la simplicidad refinada, haci\u00e9ndolas adecuadas para cualquier ocasi\u00f3n especial. Ya sea que est\u00e9 celebrando un momento significativo o simplemente desea sorprender a un ser querido. <\/p>\n<p>Para aquellos que buscan un regalo que hable de clase y sabor, <a href=\"https:\/\/floranixena.it\/es\/catalog\/peonia-es\/\" target=\"_blank\" rel=\"noopener\"><strong>nuestras peon\u00edas <\/strong><\/a>blancas no decepcionar\u00e1n. La entrega a domicilio en toda Italia hace que sea f\u00e1cil compartir la belleza y elegancia de estas flores extraordinarias con cualquiera que desees sorprender. <\/p>\n<p>Adem\u00e1s de su impresionante belleza visual, las peon\u00edas blancas transmiten un mensaje de <a href=\"https:\/\/floranixena.it\/es\/prodotto\/ramo-de-rosas-coloridas-luxury\/\" target=\"_blank\" rel=\"noopener\"><strong>amor puro y admiraci\u00f3n<\/strong><\/a>. Son un regalo perfecto para transmitir sentimientos profundos y sinceros, creando una atm\u00f3sfera de elegancia y gracia en cualquier ambiente. <\/p>\n<p>Las peon\u00edas, con su significado simb\u00f3lico de prosperidad y felicidad, son la elecci\u00f3n ideal para decorar ceremonias de boda o celebrar aniversarios importantes. Su presencia esc\u00e9nica y su delicada fragancia contribuyen a crear recuerdos indelebles en<a href=\"https:\/\/floranixena.it\/es\/catalog\/flores-para-eventos\/oportunidad\/fiesta-del-papa\/\" target=\"_blank\" rel=\"noopener\"><strong> cada ocasi\u00f3n.<\/strong><\/a> <\/p>\n<p>Pide este ramo hoy mismo y deja que la belleza de nuestras <a href=\"https:\/\/floranixena.it\/es\/prodotto\/puro-amor\/\" target=\"_blank\" rel=\"noopener\">flores <\/a>traiga alegr\u00eda y luminosidad a tu ocasi\u00f3n especial. Estamos aqu\u00ed para ayudarte a expresar tus sentimientos con un toque de clase y sofisticaci\u00f3n que solo las peon\u00edas blancas pueden ofrecer. <\/p>\n","protected":false},"excerpt":{"rendered":"<ul>\n<li style=\"list-style-type: none;\">\n<ul>\n<li>10 Peon\u00edas blancas<\/li>\n<li>Verde decorativo<\/li>\n<\/ul>\n<\/li>\n<\/ul>\n<p><strong>Entrega gratuita para este art\u00edculo<\/strong><\/p>\n<p>Jarr\u00f3n no incluido<\/p>\n","protected":false},"featured_media":18689,"comment_status":"open","ping_status":"closed","template":"","meta":[],"product_brand":[],"product_cat":[4329,4331,4317,4381,4330,4335,4332,4333,4341,4338,4315,4334,4361,4358,4320,4326,4360,4546,4351],"product_tag":[4548,4845,4547,4549],"class_list":{"0":"post-18971","1":"product","2":"type-product","3":"status-publish","4":"has-post-thumbnail","6":"product_cat-amigo","7":"product_cat-amor-y-el-romance","8":"product_cat-aniversario","9":"product_cat-boda","10":"product_cat-dia-de-la-madre","11":"product_cat-disculpa","12":"product_cat-es-una-nina","13":"product_cat-felicitaciones","14":"product_cat-flores-de-primavera","15":"product_cat-flores-de-verano","16":"product_cat-flores-para-eventos","17":"product_cat-para-agradecer-a-alguien","18":"product_cat-para-la-esposa-o-la-novia","19":"product_cat-para-la-esposa-o-novia","20":"product_cat-para-la-hermana","21":"product_cat-para-mama","22":"product_cat-para-nuevas-revelaciones","23":"product_cat-peonia-es","24":"product_cat-titulos","25":"product_tag-composicion-con-peonias","26":"product_tag-peonia-blanca","27":"product_tag-peonias","28":"product_tag-ramo-con-peonia","30":"first","31":"instock","32":"shipping-taxable","33":"purchasable","34":"product-type-simple"},"yoast_head":"<!-- This site is optimized with the Yoast SEO Premium plugin v27.5 (Yoast SEO v27.5) - https:\/\/yoast.com\/product\/yoast-seo-premium-wordpress\/ -->\n<title>Ramo de peon\u00edas blancas - FloraNixena - FloraNixena - Entrega de flores a domicilio<\/title>\n<meta name=\"description\" content=\"Regala elegancia y refinamiento con un ramo de peon\u00edas blancas, perfecto para bodas o ocasiones rom\u00e1nticas. Entrega a domicilio en Italia.\" \/>\n<meta name=\"robots\" content=\"index, follow, max-snippet:-1, max-image-preview:large, max-video-preview:-1\" \/>\n<link rel=\"canonical\" href=\"https:\/\/floranixena.it\/es\/producto\/ramo-de-peonias-blancas\/\" \/>\n<meta property=\"og:locale\" content=\"es_ES\" \/>\n<meta property=\"og:type\" content=\"article\" \/>\n<meta property=\"og:title\" content=\"Ramo de peon\u00edas blancas\" \/>\n<meta property=\"og:description\" content=\"10 Peon\u00edas blancas  Verde decorativo  Entrega gratuita para este art\u00edculo Jarr\u00f3n no incluido\" \/>\n<meta property=\"og:url\" content=\"https:\/\/floranixena.it\/es\/producto\/ramo-de-peonias-blancas\/\" \/>\n<meta property=\"og:site_name\" content=\"FloraNixena - FloraNixena - Entrega de flores a domicilio\" \/>\n<meta property=\"article:publisher\" content=\"https:\/\/www.facebook.com\/FloraNixena\/\" \/>\n<meta property=\"article:modified_time\" content=\"2025-09-17T07:54:11+00:00\" \/>\n<meta property=\"og:image\" content=\"https:\/\/floranixena.it\/wp-content\/uploads\/2019\/05\/Bouquet-di-Peonia-bianca-da-mandare-a-domicilio-a-roma-milano-per-matrimonio-compleanno-nozze..jpg\" \/>\n\t<meta property=\"og:image:width\" content=\"800\" \/>\n\t<meta property=\"og:image:height\" content=\"800\" \/>\n\t<meta property=\"og:image:type\" content=\"image\/jpeg\" \/>\n<meta name=\"twitter:card\" content=\"summary_large_image\" \/>\n<meta name=\"twitter:label1\" content=\"Tiempo de lectura\" \/>\n\t<meta name=\"twitter:data1\" content=\"2 minuto\" \/>\n<script type=\"application\/ld+json\" class=\"yoast-schema-graph\">{\"@context\":\"https:\\\/\\\/schema.org\",\"@graph\":[{\"@type\":\"WebPage\",\"@id\":\"https:\\\/\\\/floranixena.it\\\/es\\\/producto\\\/ramo-de-peonias-blancas\\\/\",\"url\":\"https:\\\/\\\/floranixena.it\\\/es\\\/producto\\\/ramo-de-peonias-blancas\\\/\",\"name\":\"Ramo de peon\u00edas blancas - FloraNixena - FloraNixena - Entrega de flores a domicilio\",\"isPartOf\":{\"@id\":\"https:\\\/\\\/floranixena.it\\\/es\\\/#website\"},\"primaryImageOfPage\":{\"@id\":\"https:\\\/\\\/floranixena.it\\\/es\\\/producto\\\/ramo-de-peonias-blancas\\\/#primaryimage\"},\"image\":{\"@id\":\"https:\\\/\\\/floranixena.it\\\/es\\\/producto\\\/ramo-de-peonias-blancas\\\/#primaryimage\"},\"thumbnailUrl\":\"https:\\\/\\\/floranixena.it\\\/wp-content\\\/uploads\\\/2019\\\/05\\\/Bouquet-di-Peonia-bianca-da-mandare-a-domicilio-a-roma-milano-per-matrimonio-compleanno-nozze..jpg\",\"datePublished\":\"2025-05-16T13:54:23+00:00\",\"dateModified\":\"2025-09-17T07:54:11+00:00\",\"description\":\"Regala elegancia y refinamiento con un ramo de peon\u00edas blancas, perfecto para bodas o ocasiones rom\u00e1nticas. Entrega a domicilio en Italia.\",\"breadcrumb\":{\"@id\":\"https:\\\/\\\/floranixena.it\\\/es\\\/producto\\\/ramo-de-peonias-blancas\\\/#breadcrumb\"},\"inLanguage\":\"es\",\"potentialAction\":[{\"@type\":\"ReadAction\",\"target\":[\"https:\\\/\\\/floranixena.it\\\/es\\\/producto\\\/ramo-de-peonias-blancas\\\/\"]}]},{\"@type\":\"ImageObject\",\"inLanguage\":\"es\",\"@id\":\"https:\\\/\\\/floranixena.it\\\/es\\\/producto\\\/ramo-de-peonias-blancas\\\/#primaryimage\",\"url\":\"https:\\\/\\\/floranixena.it\\\/wp-content\\\/uploads\\\/2019\\\/05\\\/Bouquet-di-Peonia-bianca-da-mandare-a-domicilio-a-roma-milano-per-matrimonio-compleanno-nozze..jpg\",\"contentUrl\":\"https:\\\/\\\/floranixena.it\\\/wp-content\\\/uploads\\\/2019\\\/05\\\/Bouquet-di-Peonia-bianca-da-mandare-a-domicilio-a-roma-milano-per-matrimonio-compleanno-nozze..jpg\",\"width\":800,\"height\":800,\"caption\":\"Refinado ramo de peon\u00edas blancas, perfecto para ceremonias y momentos especiales. Entrega a domicilio en toda Italia.\"},{\"@type\":\"BreadcrumbList\",\"@id\":\"https:\\\/\\\/floranixena.it\\\/es\\\/producto\\\/ramo-de-peonias-blancas\\\/#breadcrumb\",\"itemListElement\":[{\"@type\":\"ListItem\",\"position\":1,\"name\":\"Home\",\"item\":\"https:\\\/\\\/floranixena.it\\\/es\\\/\"},{\"@type\":\"ListItem\",\"position\":2,\"name\":\"tienda\",\"item\":\"https:\\\/\\\/floranixena.it\\\/es\\\/tienda\\\/\"},{\"@type\":\"ListItem\",\"position\":3,\"name\":\"Ramo de peon\u00edas blancas\"}]},{\"@type\":\"WebSite\",\"@id\":\"https:\\\/\\\/floranixena.it\\\/es\\\/#website\",\"url\":\"https:\\\/\\\/floranixena.it\\\/es\\\/\",\"name\":\"FloraNixena - Consegna fiori a domicilio in Italia\",\"description\":\"Invia fiori che raccontano storie\",\"publisher\":{\"@id\":\"https:\\\/\\\/floranixena.it\\\/es\\\/#organization\"},\"alternateName\":\"FloraNixena.it\",\"potentialAction\":[{\"@type\":\"SearchAction\",\"target\":{\"@type\":\"EntryPoint\",\"urlTemplate\":\"https:\\\/\\\/floranixena.it\\\/es\\\/?s={search_term_string}\"},\"query-input\":{\"@type\":\"PropertyValueSpecification\",\"valueRequired\":true,\"valueName\":\"search_term_string\"}}],\"inLanguage\":\"es\"},{\"@type\":\"Organization\",\"@id\":\"https:\\\/\\\/floranixena.it\\\/es\\\/#organization\",\"name\":\"FloraNixena.it - Consegna mazzi di fiori, bouquet e piante a domicilio\",\"url\":\"https:\\\/\\\/floranixena.it\\\/es\\\/\",\"logo\":{\"@type\":\"ImageObject\",\"inLanguage\":\"es\",\"@id\":\"https:\\\/\\\/floranixena.it\\\/es\\\/#\\\/schema\\\/logo\\\/image\\\/\",\"url\":\"https:\\\/\\\/floranixena.it\\\/wp-content\\\/uploads\\\/2018\\\/11\\\/logo-fucsia.png\",\"contentUrl\":\"https:\\\/\\\/floranixena.it\\\/wp-content\\\/uploads\\\/2018\\\/11\\\/logo-fucsia.png\",\"width\":315,\"height\":81,\"caption\":\"FloraNixena.it - Consegna mazzi di fiori, bouquet e piante a domicilio\"},\"image\":{\"@id\":\"https:\\\/\\\/floranixena.it\\\/es\\\/#\\\/schema\\\/logo\\\/image\\\/\"},\"sameAs\":[\"https:\\\/\\\/www.facebook.com\\\/FloraNixena\\\/\",\"https:\\\/\\\/www.instagram.com\\\/floranixena.it\\\/\",\"https:\\\/\\\/www.youtube.com\\\/channel\\\/UCAfCWXMBezO96jgPjiUgpkA\"],\"description\":\"Chi Siamo? FloraNixena \u00e8 il partner di fiducia per la consegna di fiori freschi a domicilio. Con anni di esperienza nel settore floreale, siamo dedicati a portare la bellezza e la freschezza dei fiori direttamente alla vostra porta. La Nostra Missione La nostra missione \u00e8 trasformare ogni occasione in un momento speciale attraverso la magia dei fiori. Crediamo che un bouquet possa dire pi\u00f9 di mille parole e lavoriamo instancabilmente per assicurarci che ogni consegna porti gioia, amore e bellezza. Cosa Offriamo? Fiori Freschi: Collaboriamo con i migliori fornitori locali per garantire che i nostri fiori siano sempre freschi e di alta qualit\u00e0. Consegna Rapida e Puntuale: Offriamo un servizio di consegna rapido e affidabile, con la possibilit\u00e0 di scegliere la fascia oraria che pi\u00f9 vi conviene. Ampia Selezione: Dalle rose classiche ai bouquet personalizzati, abbiamo una vasta gamma di opzioni per soddisfare ogni gusto e occasione. Assistenza Clienti: Il nostro team \u00e8 sempre a disposizione per assistervi nella scelta del bouquet perfetto e per garantire un'esperienza di acquisto senza intoppi. Perch\u00e9 Sceglierci? Qualit\u00e0 Garantita: Ogni bouquet \u00e8 realizzato con cura dai nostri esperti fioristi, garantendo che ogni composizione sia un'opera d'arte. Servizio Personalizzato: Che sia per un anniversario, un compleanno, una celebrazione o un momento di condoglianza, personalizziamo ogni ordine per rispondere alle vostre esigenze specifiche. Soddisfazione del Cliente: La vostra soddisfazione \u00e8 la nostra priorit\u00e0 assoluta. Facciamo tutto il possibile per assicurarci che ogni consegna superi le vostre aspettative.\",\"email\":\"amministrazione@floranixena.it\",\"telephone\":\"3806342394\",\"legalName\":\"Gaetano Votadoro\"}]}<\/script>\n<!-- \/ Yoast SEO Premium plugin. -->","yoast_head_json":{"title":"Ramo de peon\u00edas blancas - FloraNixena - FloraNixena - Entrega de flores a domicilio","description":"Regala elegancia y refinamiento con un ramo de peon\u00edas blancas, perfecto para bodas o ocasiones rom\u00e1nticas. Entrega a domicilio en Italia.","robots":{"index":"index","follow":"follow","max-snippet":"max-snippet:-1","max-image-preview":"max-image-preview:large","max-video-preview":"max-video-preview:-1"},"canonical":"https:\/\/floranixena.it\/es\/producto\/ramo-de-peonias-blancas\/","og_locale":"es_ES","og_type":"article","og_title":"Ramo de peon\u00edas blancas","og_description":"10 Peon\u00edas blancas  Verde decorativo  Entrega gratuita para este art\u00edculo Jarr\u00f3n no incluido","og_url":"https:\/\/floranixena.it\/es\/producto\/ramo-de-peonias-blancas\/","og_site_name":"FloraNixena - FloraNixena - Entrega de flores a domicilio","article_publisher":"https:\/\/www.facebook.com\/FloraNixena\/","article_modified_time":"2025-09-17T07:54:11+00:00","og_image":[{"width":800,"height":800,"url":"https:\/\/floranixena.it\/wp-content\/uploads\/2019\/05\/Bouquet-di-Peonia-bianca-da-mandare-a-domicilio-a-roma-milano-per-matrimonio-compleanno-nozze..jpg","type":"image\/jpeg"}],"twitter_card":"summary_large_image","twitter_misc":{"Tiempo de lectura":"2 minuto"},"schema":{"@context":"https:\/\/schema.org","@graph":[{"@type":"WebPage","@id":"https:\/\/floranixena.it\/es\/producto\/ramo-de-peonias-blancas\/","url":"https:\/\/floranixena.it\/es\/producto\/ramo-de-peonias-blancas\/","name":"Ramo de peon\u00edas blancas - FloraNixena - FloraNixena - Entrega de flores a domicilio","isPartOf":{"@id":"https:\/\/floranixena.it\/es\/#website"},"primaryImageOfPage":{"@id":"https:\/\/floranixena.it\/es\/producto\/ramo-de-peonias-blancas\/#primaryimage"},"image":{"@id":"https:\/\/floranixena.it\/es\/producto\/ramo-de-peonias-blancas\/#primaryimage"},"thumbnailUrl":"https:\/\/floranixena.it\/wp-content\/uploads\/2019\/05\/Bouquet-di-Peonia-bianca-da-mandare-a-domicilio-a-roma-milano-per-matrimonio-compleanno-nozze..jpg","datePublished":"2025-05-16T13:54:23+00:00","dateModified":"2025-09-17T07:54:11+00:00","description":"Regala elegancia y refinamiento con un ramo de peon\u00edas blancas, perfecto para bodas o ocasiones rom\u00e1nticas. Entrega a domicilio en Italia.","breadcrumb":{"@id":"https:\/\/floranixena.it\/es\/producto\/ramo-de-peonias-blancas\/#breadcrumb"},"inLanguage":"es","potentialAction":[{"@type":"ReadAction","target":["https:\/\/floranixena.it\/es\/producto\/ramo-de-peonias-blancas\/"]}]},{"@type":"ImageObject","inLanguage":"es","@id":"https:\/\/floranixena.it\/es\/producto\/ramo-de-peonias-blancas\/#primaryimage","url":"https:\/\/floranixena.it\/wp-content\/uploads\/2019\/05\/Bouquet-di-Peonia-bianca-da-mandare-a-domicilio-a-roma-milano-per-matrimonio-compleanno-nozze..jpg","contentUrl":"https:\/\/floranixena.it\/wp-content\/uploads\/2019\/05\/Bouquet-di-Peonia-bianca-da-mandare-a-domicilio-a-roma-milano-per-matrimonio-compleanno-nozze..jpg","width":800,"height":800,"caption":"Refinado ramo de peon\u00edas blancas, perfecto para ceremonias y momentos especiales. Entrega a domicilio en toda Italia."},{"@type":"BreadcrumbList","@id":"https:\/\/floranixena.it\/es\/producto\/ramo-de-peonias-blancas\/#breadcrumb","itemListElement":[{"@type":"ListItem","position":1,"name":"Home","item":"https:\/\/floranixena.it\/es\/"},{"@type":"ListItem","position":2,"name":"tienda","item":"https:\/\/floranixena.it\/es\/tienda\/"},{"@type":"ListItem","position":3,"name":"Ramo de peon\u00edas blancas"}]},{"@type":"WebSite","@id":"https:\/\/floranixena.it\/es\/#website","url":"https:\/\/floranixena.it\/es\/","name":"FloraNixena - Consegna fiori a domicilio in Italia","description":"Invia fiori che raccontano storie","publisher":{"@id":"https:\/\/floranixena.it\/es\/#organization"},"alternateName":"FloraNixena.it","potentialAction":[{"@type":"SearchAction","target":{"@type":"EntryPoint","urlTemplate":"https:\/\/floranixena.it\/es\/?s={search_term_string}"},"query-input":{"@type":"PropertyValueSpecification","valueRequired":true,"valueName":"search_term_string"}}],"inLanguage":"es"},{"@type":"Organization","@id":"https:\/\/floranixena.it\/es\/#organization","name":"FloraNixena.it - Consegna mazzi di fiori, bouquet e piante a domicilio","url":"https:\/\/floranixena.it\/es\/","logo":{"@type":"ImageObject","inLanguage":"es","@id":"https:\/\/floranixena.it\/es\/#\/schema\/logo\/image\/","url":"https:\/\/floranixena.it\/wp-content\/uploads\/2018\/11\/logo-fucsia.png","contentUrl":"https:\/\/floranixena.it\/wp-content\/uploads\/2018\/11\/logo-fucsia.png","width":315,"height":81,"caption":"FloraNixena.it - Consegna mazzi di fiori, bouquet e piante a domicilio"},"image":{"@id":"https:\/\/floranixena.it\/es\/#\/schema\/logo\/image\/"},"sameAs":["https:\/\/www.facebook.com\/FloraNixena\/","https:\/\/www.instagram.com\/floranixena.it\/","https:\/\/www.youtube.com\/channel\/UCAfCWXMBezO96jgPjiUgpkA"],"description":"Chi Siamo? FloraNixena \u00e8 il partner di fiducia per la consegna di fiori freschi a domicilio. Con anni di esperienza nel settore floreale, siamo dedicati a portare la bellezza e la freschezza dei fiori direttamente alla vostra porta. La Nostra Missione La nostra missione \u00e8 trasformare ogni occasione in un momento speciale attraverso la magia dei fiori. Crediamo che un bouquet possa dire pi\u00f9 di mille parole e lavoriamo instancabilmente per assicurarci che ogni consegna porti gioia, amore e bellezza. Cosa Offriamo? Fiori Freschi: Collaboriamo con i migliori fornitori locali per garantire che i nostri fiori siano sempre freschi e di alta qualit\u00e0. Consegna Rapida e Puntuale: Offriamo un servizio di consegna rapido e affidabile, con la possibilit\u00e0 di scegliere la fascia oraria che pi\u00f9 vi conviene. Ampia Selezione: Dalle rose classiche ai bouquet personalizzati, abbiamo una vasta gamma di opzioni per soddisfare ogni gusto e occasione. Assistenza Clienti: Il nostro team \u00e8 sempre a disposizione per assistervi nella scelta del bouquet perfetto e per garantire un'esperienza di acquisto senza intoppi. Perch\u00e9 Sceglierci? Qualit\u00e0 Garantita: Ogni bouquet \u00e8 realizzato con cura dai nostri esperti fioristi, garantendo che ogni composizione sia un'opera d'arte. Servizio Personalizzato: Che sia per un anniversario, un compleanno, una celebrazione o un momento di condoglianza, personalizziamo ogni ordine per rispondere alle vostre esigenze specifiche. Soddisfazione del Cliente: La vostra soddisfazione \u00e8 la nostra priorit\u00e0 assoluta. Facciamo tutto il possibile per assicurarci che ogni consegna superi le vostre aspettative.","email":"amministrazione@floranixena.it","telephone":"3806342394","legalName":"Gaetano Votadoro"}]}},"_links":{"self":[{"href":"https:\/\/floranixena.it\/es\/wp-json\/wp\/v2\/product\/18971","targetHints":{"allow":["GET"]}}],"collection":[{"href":"https:\/\/floranixena.it\/es\/wp-json\/wp\/v2\/product"}],"about":[{"href":"https:\/\/floranixena.it\/es\/wp-json\/wp\/v2\/types\/product"}],"replies":[{"embeddable":true,"href":"https:\/\/floranixena.it\/es\/wp-json\/wp\/v2\/comments?post=18971"}],"wp:featuredmedia":[{"embeddable":true,"href":"https:\/\/floranixena.it\/es\/wp-json\/wp\/v2\/media\/18689"}],"wp:attachment":[{"href":"https:\/\/floranixena.it\/es\/wp-json\/wp\/v2\/media?parent=18971"}],"wp:term":[{"taxonomy":"product_brand","embeddable":true,"href":"https:\/\/floranixena.it\/es\/wp-json\/wp\/v2\/product_brand?post=18971"},{"taxonomy":"product_cat","embeddable":true,"href":"https:\/\/floranixena.it\/es\/wp-json\/wp\/v2\/product_cat?post=18971"},{"taxonomy":"product_tag","embeddable":true,"href":"https:\/\/floranixena.it\/es\/wp-json\/wp\/v2\/product_tag?post=18971"}],"curies":[{"name":"wp","href":"https:\/\/api.w.org\/{rel}","templated":true}]}}