{"id":18966,"date":"2025-05-29T14:55:55","date_gmt":"2025-05-29T12:55:55","guid":{"rendered":"https:\/\/floranixena.it\/product\/tres-rosas-rojas\/"},"modified":"2025-11-08T23:57:15","modified_gmt":"2025-11-08T22:57:15","slug":"tres-rosas-rojas","status":"publish","type":"product","link":"https:\/\/floranixena.it\/es\/producto\/tres-rosas-rojas\/","title":{"rendered":"Tres rosas rojas"},"content":{"rendered":"<p><strong>Ramo de Tres Rosas Rojas con Verde Decorativo &#8211; \u00a1Sorprende a quien Amas con un Mazo Elegante y Econ\u00f3mico!<\/strong><\/p>\n<p>Buscas una manera especial de sorprender a<a href=\"https:\/\/floranixena.it\/es\/catalog\/amor-y-el-romance\/para-la-esposa-o-la-novia\/\" target=\"_blank\" rel=\"noopener\"><strong> la persona m\u00e1s querida<\/strong><\/a> en su fiesta? Nuestro hermoso ramo de tres rosas rojas con verde decorativo es la elecci\u00f3n perfecta! Exprese todo su afecto con este hermoso ramo de rosas rojas, disponible en l\u00ednea a un precio econ\u00f3mico. Ofrecemos env\u00edo y entrega a domicilio en cualquier lugar que desee, ya sea para la esposa, la novia o una persona especial.   <\/p>\n<p>Las <a href=\"https:\/\/floranixena.it\/prodotto\/bouquet-di-rose-rosse\/\" target=\"_blank\" rel=\"noopener\"><strong>tres rosas<\/strong><\/a> rojas son el s\u00edmbolo ideal para un gesto de amor perfecto, especialmente para el d\u00eda de San Valent\u00edn. Representando pasi\u00f3n, afecto y devoci\u00f3n, este<a href=\"https:\/\/floranixena.it\/es\/prodotto\/ramo-de-7-rosas-rojas-y-lisianthus\/\" target=\"_blank\" rel=\"noopener\"><strong> elegante ramo<\/strong><\/a> transmite un mensaje profundo: \u00ab<a href=\"https:\/\/floranixena.it\/es\/prodotto\/puro-amor\/\" target=\"_blank\" rel=\"noopener\"><strong>Te amo<\/strong><\/a>\u00ab. Perfecto para sorprender a tu pareja o declarar tus sentimientos; son un regalo cl\u00e1sico y refinado que hace que cada d\u00eda de San Valent\u00edn sea inolvidable.  <\/p>\n<p><strong>\u00a1Pide tu ramo de rosas rojas hoy!<\/strong><\/p>\n<p>Cada p\u00e9talo contiene un mensaje de amor, y con nuestra entrega a domicilio, puedes hacer llegar este gesto especial directamente a la puerta de la persona que amas. Nuestras rosas son frescas y de alta calidad, asegurando que su regalo sea perfecto en cada detalle. <\/p>\n<p><strong>Ocasiones especiales para celebrar con rosas rojas:<\/strong><\/p>\n<ul>\n<li><strong>San Valent\u00edn<\/strong>: El d\u00eda m\u00e1s rom\u00e1ntico del a\u00f1o merece un ramo que exprese tus sentimientos.<\/li>\n<li><strong><a href=\"https:\/\/floranixena.it\/es\/catalog\/flores-para-eventos\/aniversario\/\" target=\"_blank\" rel=\"noopener\">Aniversarios<\/a><\/strong>: Celebrar otro a\u00f1o juntos con un gesto de amor sincero.<\/li>\n<li><strong>Cumplea\u00f1os<\/strong>: Sorprende a tu ser querido con un regalo floral que le dejar\u00e1 sin palabras.<\/li>\n<li><strong>Disculpa<\/strong>: Un gesto elegante para pedir perd\u00f3n y demostrar tu arrepentimiento.<\/li>\n<\/ul>\n","protected":false},"excerpt":{"rendered":"<ul>\n<li>3 rosas rojas con verde decorativo<\/li>\n<li>Cuidadosamente empaquetadas<\/li>\n<li>Jarr\u00f3n no incluido<\/li>\n<\/ul>\n","protected":false},"featured_media":18682,"comment_status":"open","ping_status":"closed","template":"","meta":[],"product_brand":[],"product_cat":[4396,4331,4317,4362,4316,4330,4327,4335,4354,4363,4340,4339,4341,4338,4315,4365,4328,4361,4358,4360,4336,4359],"product_tag":[4371,4366,4367,4372,4343,4368],"class_list":{"0":"post-18966","1":"product","2":"type-product","3":"status-publish","4":"has-post-thumbnail","6":"product_cat-1-aniversario-de-la-boda-de-algodon","7":"product_cat-amor-y-el-romance","8":"product_cat-aniversario","9":"product_cat-como-admirador-secreto","10":"product_cat-compleanno-es","11":"product_cat-dia-de-la-madre","12":"product_cat-dia-de-la-mujer","13":"product_cat-disculpa","14":"product_cat-fiori-di-stagione","15":"product_cat-flores-clasicas-y-romanticas","16":"product_cat-flores-de-invierno","17":"product_cat-flores-de-otono","18":"product_cat-flores-de-primavera","19":"product_cat-flores-de-verano","20":"product_cat-flores-para-eventos","21":"product_cat-navidad","22":"product_cat-onomastico-es","23":"product_cat-para-la-esposa-o-la-novia","24":"product_cat-para-la-esposa-o-novia","25":"product_cat-para-nuevas-revelaciones","26":"product_cat-rosas","27":"product_cat-san-valentin","28":"product_tag-amor","29":"product_tag-ramo-de-rosas-rojas","30":"product_tag-ramo-de-rosas-rojas-es","31":"product_tag-romance-es","32":"product_tag-rosas-rojas","33":"product_tag-san-valentin","35":"first","36":"instock","37":"shipping-taxable","38":"purchasable","39":"product-type-simple"},"yoast_head":"<!-- This site is optimized with the Yoast SEO Premium plugin v27.5 (Yoast SEO v27.5) - https:\/\/yoast.com\/product\/yoast-seo-premium-wordpress\/ -->\n<title>Ramo de tres rosas rojas - FloraNixena - Entrega de flores a domicilio<\/title>\n<meta name=\"description\" content=\"Composici\u00f3n econ\u00f3mica de 3 rosas rojas, para enviar como regalo para sorprender a su esposa o novia. Un gesto rom\u00e1ntico que no pasa desapercibido\" \/>\n<meta name=\"robots\" content=\"index, follow, max-snippet:-1, max-image-preview:large, max-video-preview:-1\" \/>\n<link rel=\"canonical\" href=\"https:\/\/floranixena.it\/es\/producto\/tres-rosas-rojas\/\" \/>\n<meta property=\"og:locale\" content=\"es_ES\" \/>\n<meta property=\"og:type\" content=\"article\" \/>\n<meta property=\"og:title\" content=\"Tres rosas rojas\" \/>\n<meta property=\"og:description\" content=\"3 rosas rojas con verde decorativo  Cuidadosamente empaquetadas  Jarr\u00f3n no incluido\" \/>\n<meta property=\"og:url\" content=\"https:\/\/floranixena.it\/es\/producto\/tres-rosas-rojas\/\" \/>\n<meta property=\"og:site_name\" content=\"FloraNixena - FloraNixena - Entrega de flores a domicilio\" \/>\n<meta property=\"article:publisher\" content=\"https:\/\/www.facebook.com\/FloraNixena\/\" \/>\n<meta property=\"article:modified_time\" content=\"2025-11-08T22:57:15+00:00\" \/>\n<meta property=\"og:image\" content=\"https:\/\/floranixena.it\/wp-content\/uploads\/2018\/11\/3-rose-rosse-flroanixena-per-qualsiasi-occasione-con-consegna-a-domicilio-online.jpg\" \/>\n\t<meta property=\"og:image:width\" content=\"800\" \/>\n\t<meta property=\"og:image:height\" content=\"800\" \/>\n\t<meta property=\"og:image:type\" content=\"image\/jpeg\" \/>\n<meta name=\"twitter:card\" content=\"summary_large_image\" \/>\n<meta name=\"twitter:label1\" content=\"Tiempo de lectura\" \/>\n\t<meta name=\"twitter:data1\" content=\"1 minuto\" \/>\n<script type=\"application\/ld+json\" class=\"yoast-schema-graph\">{\"@context\":\"https:\\\/\\\/schema.org\",\"@graph\":[{\"@type\":\"WebPage\",\"@id\":\"https:\\\/\\\/floranixena.it\\\/es\\\/producto\\\/tres-rosas-rojas\\\/\",\"url\":\"https:\\\/\\\/floranixena.it\\\/es\\\/producto\\\/tres-rosas-rojas\\\/\",\"name\":\"Ramo de tres rosas rojas - FloraNixena - Entrega de flores a domicilio\",\"isPartOf\":{\"@id\":\"https:\\\/\\\/floranixena.it\\\/es\\\/#website\"},\"primaryImageOfPage\":{\"@id\":\"https:\\\/\\\/floranixena.it\\\/es\\\/producto\\\/tres-rosas-rojas\\\/#primaryimage\"},\"image\":{\"@id\":\"https:\\\/\\\/floranixena.it\\\/es\\\/producto\\\/tres-rosas-rojas\\\/#primaryimage\"},\"thumbnailUrl\":\"https:\\\/\\\/floranixena.it\\\/wp-content\\\/uploads\\\/2018\\\/11\\\/3-rose-rosse-flroanixena-per-qualsiasi-occasione-con-consegna-a-domicilio-online.jpg\",\"datePublished\":\"2025-05-29T12:55:55+00:00\",\"dateModified\":\"2025-11-08T22:57:15+00:00\",\"description\":\"Composici\u00f3n econ\u00f3mica de 3 rosas rojas, para enviar como regalo para sorprender a su esposa o novia. Un gesto rom\u00e1ntico que no pasa desapercibido\",\"breadcrumb\":{\"@id\":\"https:\\\/\\\/floranixena.it\\\/es\\\/producto\\\/tres-rosas-rojas\\\/#breadcrumb\"},\"inLanguage\":\"es\",\"potentialAction\":[{\"@type\":\"ReadAction\",\"target\":[\"https:\\\/\\\/floranixena.it\\\/es\\\/producto\\\/tres-rosas-rojas\\\/\"]}]},{\"@type\":\"ImageObject\",\"inLanguage\":\"es\",\"@id\":\"https:\\\/\\\/floranixena.it\\\/es\\\/producto\\\/tres-rosas-rojas\\\/#primaryimage\",\"url\":\"https:\\\/\\\/floranixena.it\\\/wp-content\\\/uploads\\\/2018\\\/11\\\/3-rose-rosse-flroanixena-per-qualsiasi-occasione-con-consegna-a-domicilio-online.jpg\",\"contentUrl\":\"https:\\\/\\\/floranixena.it\\\/wp-content\\\/uploads\\\/2018\\\/11\\\/3-rose-rosse-flroanixena-per-qualsiasi-occasione-con-consegna-a-domicilio-online.jpg\",\"width\":800,\"height\":800,\"caption\":\"Tres rosas, mil emociones: el lenguaje silencioso del amor.\"},{\"@type\":\"BreadcrumbList\",\"@id\":\"https:\\\/\\\/floranixena.it\\\/es\\\/producto\\\/tres-rosas-rojas\\\/#breadcrumb\",\"itemListElement\":[{\"@type\":\"ListItem\",\"position\":1,\"name\":\"Home\",\"item\":\"https:\\\/\\\/floranixena.it\\\/es\\\/\"},{\"@type\":\"ListItem\",\"position\":2,\"name\":\"tienda\",\"item\":\"https:\\\/\\\/floranixena.it\\\/es\\\/tienda\\\/\"},{\"@type\":\"ListItem\",\"position\":3,\"name\":\"Tres rosas rojas\"}]},{\"@type\":\"WebSite\",\"@id\":\"https:\\\/\\\/floranixena.it\\\/es\\\/#website\",\"url\":\"https:\\\/\\\/floranixena.it\\\/es\\\/\",\"name\":\"FloraNixena - Consegna fiori a domicilio in Italia\",\"description\":\"Invia fiori che raccontano storie\",\"publisher\":{\"@id\":\"https:\\\/\\\/floranixena.it\\\/es\\\/#organization\"},\"alternateName\":\"FloraNixena.it\",\"potentialAction\":[{\"@type\":\"SearchAction\",\"target\":{\"@type\":\"EntryPoint\",\"urlTemplate\":\"https:\\\/\\\/floranixena.it\\\/es\\\/?s={search_term_string}\"},\"query-input\":{\"@type\":\"PropertyValueSpecification\",\"valueRequired\":true,\"valueName\":\"search_term_string\"}}],\"inLanguage\":\"es\"},{\"@type\":\"Organization\",\"@id\":\"https:\\\/\\\/floranixena.it\\\/es\\\/#organization\",\"name\":\"FloraNixena.it - Consegna mazzi di fiori, bouquet e piante a domicilio\",\"url\":\"https:\\\/\\\/floranixena.it\\\/es\\\/\",\"logo\":{\"@type\":\"ImageObject\",\"inLanguage\":\"es\",\"@id\":\"https:\\\/\\\/floranixena.it\\\/es\\\/#\\\/schema\\\/logo\\\/image\\\/\",\"url\":\"https:\\\/\\\/floranixena.it\\\/wp-content\\\/uploads\\\/2018\\\/11\\\/logo-fucsia.png\",\"contentUrl\":\"https:\\\/\\\/floranixena.it\\\/wp-content\\\/uploads\\\/2018\\\/11\\\/logo-fucsia.png\",\"width\":315,\"height\":81,\"caption\":\"FloraNixena.it - Consegna mazzi di fiori, bouquet e piante a domicilio\"},\"image\":{\"@id\":\"https:\\\/\\\/floranixena.it\\\/es\\\/#\\\/schema\\\/logo\\\/image\\\/\"},\"sameAs\":[\"https:\\\/\\\/www.facebook.com\\\/FloraNixena\\\/\",\"https:\\\/\\\/www.instagram.com\\\/floranixena.it\\\/\",\"https:\\\/\\\/www.youtube.com\\\/channel\\\/UCAfCWXMBezO96jgPjiUgpkA\"],\"description\":\"Chi Siamo? FloraNixena \u00e8 il partner di fiducia per la consegna di fiori freschi a domicilio. Con anni di esperienza nel settore floreale, siamo dedicati a portare la bellezza e la freschezza dei fiori direttamente alla vostra porta. La Nostra Missione La nostra missione \u00e8 trasformare ogni occasione in un momento speciale attraverso la magia dei fiori. Crediamo che un bouquet possa dire pi\u00f9 di mille parole e lavoriamo instancabilmente per assicurarci che ogni consegna porti gioia, amore e bellezza. Cosa Offriamo? Fiori Freschi: Collaboriamo con i migliori fornitori locali per garantire che i nostri fiori siano sempre freschi e di alta qualit\u00e0. Consegna Rapida e Puntuale: Offriamo un servizio di consegna rapido e affidabile, con la possibilit\u00e0 di scegliere la fascia oraria che pi\u00f9 vi conviene. Ampia Selezione: Dalle rose classiche ai bouquet personalizzati, abbiamo una vasta gamma di opzioni per soddisfare ogni gusto e occasione. Assistenza Clienti: Il nostro team \u00e8 sempre a disposizione per assistervi nella scelta del bouquet perfetto e per garantire un'esperienza di acquisto senza intoppi. Perch\u00e9 Sceglierci? Qualit\u00e0 Garantita: Ogni bouquet \u00e8 realizzato con cura dai nostri esperti fioristi, garantendo che ogni composizione sia un'opera d'arte. Servizio Personalizzato: Che sia per un anniversario, un compleanno, una celebrazione o un momento di condoglianza, personalizziamo ogni ordine per rispondere alle vostre esigenze specifiche. Soddisfazione del Cliente: La vostra soddisfazione \u00e8 la nostra priorit\u00e0 assoluta. Facciamo tutto il possibile per assicurarci che ogni consegna superi le vostre aspettative.\",\"email\":\"amministrazione@floranixena.it\",\"telephone\":\"3806342394\",\"legalName\":\"Gaetano Votadoro\"}]}<\/script>\n<!-- \/ Yoast SEO Premium plugin. -->","yoast_head_json":{"title":"Ramo de tres rosas rojas - FloraNixena - Entrega de flores a domicilio","description":"Composici\u00f3n econ\u00f3mica de 3 rosas rojas, para enviar como regalo para sorprender a su esposa o novia. Un gesto rom\u00e1ntico que no pasa desapercibido","robots":{"index":"index","follow":"follow","max-snippet":"max-snippet:-1","max-image-preview":"max-image-preview:large","max-video-preview":"max-video-preview:-1"},"canonical":"https:\/\/floranixena.it\/es\/producto\/tres-rosas-rojas\/","og_locale":"es_ES","og_type":"article","og_title":"Tres rosas rojas","og_description":"3 rosas rojas con verde decorativo  Cuidadosamente empaquetadas  Jarr\u00f3n no incluido","og_url":"https:\/\/floranixena.it\/es\/producto\/tres-rosas-rojas\/","og_site_name":"FloraNixena - FloraNixena - Entrega de flores a domicilio","article_publisher":"https:\/\/www.facebook.com\/FloraNixena\/","article_modified_time":"2025-11-08T22:57:15+00:00","og_image":[{"width":800,"height":800,"url":"https:\/\/floranixena.it\/wp-content\/uploads\/2018\/11\/3-rose-rosse-flroanixena-per-qualsiasi-occasione-con-consegna-a-domicilio-online.jpg","type":"image\/jpeg"}],"twitter_card":"summary_large_image","twitter_misc":{"Tiempo de lectura":"1 minuto"},"schema":{"@context":"https:\/\/schema.org","@graph":[{"@type":"WebPage","@id":"https:\/\/floranixena.it\/es\/producto\/tres-rosas-rojas\/","url":"https:\/\/floranixena.it\/es\/producto\/tres-rosas-rojas\/","name":"Ramo de tres rosas rojas - FloraNixena - Entrega de flores a domicilio","isPartOf":{"@id":"https:\/\/floranixena.it\/es\/#website"},"primaryImageOfPage":{"@id":"https:\/\/floranixena.it\/es\/producto\/tres-rosas-rojas\/#primaryimage"},"image":{"@id":"https:\/\/floranixena.it\/es\/producto\/tres-rosas-rojas\/#primaryimage"},"thumbnailUrl":"https:\/\/floranixena.it\/wp-content\/uploads\/2018\/11\/3-rose-rosse-flroanixena-per-qualsiasi-occasione-con-consegna-a-domicilio-online.jpg","datePublished":"2025-05-29T12:55:55+00:00","dateModified":"2025-11-08T22:57:15+00:00","description":"Composici\u00f3n econ\u00f3mica de 3 rosas rojas, para enviar como regalo para sorprender a su esposa o novia. Un gesto rom\u00e1ntico que no pasa desapercibido","breadcrumb":{"@id":"https:\/\/floranixena.it\/es\/producto\/tres-rosas-rojas\/#breadcrumb"},"inLanguage":"es","potentialAction":[{"@type":"ReadAction","target":["https:\/\/floranixena.it\/es\/producto\/tres-rosas-rojas\/"]}]},{"@type":"ImageObject","inLanguage":"es","@id":"https:\/\/floranixena.it\/es\/producto\/tres-rosas-rojas\/#primaryimage","url":"https:\/\/floranixena.it\/wp-content\/uploads\/2018\/11\/3-rose-rosse-flroanixena-per-qualsiasi-occasione-con-consegna-a-domicilio-online.jpg","contentUrl":"https:\/\/floranixena.it\/wp-content\/uploads\/2018\/11\/3-rose-rosse-flroanixena-per-qualsiasi-occasione-con-consegna-a-domicilio-online.jpg","width":800,"height":800,"caption":"Tres rosas, mil emociones: el lenguaje silencioso del amor."},{"@type":"BreadcrumbList","@id":"https:\/\/floranixena.it\/es\/producto\/tres-rosas-rojas\/#breadcrumb","itemListElement":[{"@type":"ListItem","position":1,"name":"Home","item":"https:\/\/floranixena.it\/es\/"},{"@type":"ListItem","position":2,"name":"tienda","item":"https:\/\/floranixena.it\/es\/tienda\/"},{"@type":"ListItem","position":3,"name":"Tres rosas rojas"}]},{"@type":"WebSite","@id":"https:\/\/floranixena.it\/es\/#website","url":"https:\/\/floranixena.it\/es\/","name":"FloraNixena - Consegna fiori a domicilio in Italia","description":"Invia fiori che raccontano storie","publisher":{"@id":"https:\/\/floranixena.it\/es\/#organization"},"alternateName":"FloraNixena.it","potentialAction":[{"@type":"SearchAction","target":{"@type":"EntryPoint","urlTemplate":"https:\/\/floranixena.it\/es\/?s={search_term_string}"},"query-input":{"@type":"PropertyValueSpecification","valueRequired":true,"valueName":"search_term_string"}}],"inLanguage":"es"},{"@type":"Organization","@id":"https:\/\/floranixena.it\/es\/#organization","name":"FloraNixena.it - Consegna mazzi di fiori, bouquet e piante a domicilio","url":"https:\/\/floranixena.it\/es\/","logo":{"@type":"ImageObject","inLanguage":"es","@id":"https:\/\/floranixena.it\/es\/#\/schema\/logo\/image\/","url":"https:\/\/floranixena.it\/wp-content\/uploads\/2018\/11\/logo-fucsia.png","contentUrl":"https:\/\/floranixena.it\/wp-content\/uploads\/2018\/11\/logo-fucsia.png","width":315,"height":81,"caption":"FloraNixena.it - Consegna mazzi di fiori, bouquet e piante a domicilio"},"image":{"@id":"https:\/\/floranixena.it\/es\/#\/schema\/logo\/image\/"},"sameAs":["https:\/\/www.facebook.com\/FloraNixena\/","https:\/\/www.instagram.com\/floranixena.it\/","https:\/\/www.youtube.com\/channel\/UCAfCWXMBezO96jgPjiUgpkA"],"description":"Chi Siamo? FloraNixena \u00e8 il partner di fiducia per la consegna di fiori freschi a domicilio. Con anni di esperienza nel settore floreale, siamo dedicati a portare la bellezza e la freschezza dei fiori direttamente alla vostra porta. La Nostra Missione La nostra missione \u00e8 trasformare ogni occasione in un momento speciale attraverso la magia dei fiori. Crediamo che un bouquet possa dire pi\u00f9 di mille parole e lavoriamo instancabilmente per assicurarci che ogni consegna porti gioia, amore e bellezza. Cosa Offriamo? Fiori Freschi: Collaboriamo con i migliori fornitori locali per garantire che i nostri fiori siano sempre freschi e di alta qualit\u00e0. Consegna Rapida e Puntuale: Offriamo un servizio di consegna rapido e affidabile, con la possibilit\u00e0 di scegliere la fascia oraria che pi\u00f9 vi conviene. Ampia Selezione: Dalle rose classiche ai bouquet personalizzati, abbiamo una vasta gamma di opzioni per soddisfare ogni gusto e occasione. Assistenza Clienti: Il nostro team \u00e8 sempre a disposizione per assistervi nella scelta del bouquet perfetto e per garantire un'esperienza di acquisto senza intoppi. Perch\u00e9 Sceglierci? Qualit\u00e0 Garantita: Ogni bouquet \u00e8 realizzato con cura dai nostri esperti fioristi, garantendo che ogni composizione sia un'opera d'arte. Servizio Personalizzato: Che sia per un anniversario, un compleanno, una celebrazione o un momento di condoglianza, personalizziamo ogni ordine per rispondere alle vostre esigenze specifiche. Soddisfazione del Cliente: La vostra soddisfazione \u00e8 la nostra priorit\u00e0 assoluta. Facciamo tutto il possibile per assicurarci che ogni consegna superi le vostre aspettative.","email":"amministrazione@floranixena.it","telephone":"3806342394","legalName":"Gaetano Votadoro"}]}},"_links":{"self":[{"href":"https:\/\/floranixena.it\/es\/wp-json\/wp\/v2\/product\/18966","targetHints":{"allow":["GET"]}}],"collection":[{"href":"https:\/\/floranixena.it\/es\/wp-json\/wp\/v2\/product"}],"about":[{"href":"https:\/\/floranixena.it\/es\/wp-json\/wp\/v2\/types\/product"}],"replies":[{"embeddable":true,"href":"https:\/\/floranixena.it\/es\/wp-json\/wp\/v2\/comments?post=18966"}],"wp:featuredmedia":[{"embeddable":true,"href":"https:\/\/floranixena.it\/es\/wp-json\/wp\/v2\/media\/18682"}],"wp:attachment":[{"href":"https:\/\/floranixena.it\/es\/wp-json\/wp\/v2\/media?parent=18966"}],"wp:term":[{"taxonomy":"product_brand","embeddable":true,"href":"https:\/\/floranixena.it\/es\/wp-json\/wp\/v2\/product_brand?post=18966"},{"taxonomy":"product_cat","embeddable":true,"href":"https:\/\/floranixena.it\/es\/wp-json\/wp\/v2\/product_cat?post=18966"},{"taxonomy":"product_tag","embeddable":true,"href":"https:\/\/floranixena.it\/es\/wp-json\/wp\/v2\/product_tag?post=18966"}],"curies":[{"name":"wp","href":"https:\/\/api.w.org\/{rel}","templated":true}]}}