{"id":18964,"date":"2025-09-19T08:08:18","date_gmt":"2025-09-19T06:08:18","guid":{"rendered":"https:\/\/floranixena.it\/product\/bromelia-rojas\/"},"modified":"2025-09-17T09:36:43","modified_gmt":"2025-09-17T07:36:43","slug":"bromelia-rojas","status":"publish","type":"product","link":"https:\/\/floranixena.it\/es\/producto\/bromelia-rojas\/","title":{"rendered":"Bromelia rojas"},"content":{"rendered":"<p>Con su hoja siempre brillante y brillante,<strong> la Bromelia (Guzmania)<\/strong> a\u00f1ade un toque de frescura y vitalidad al interior. Por lo general, alcanza una altura de 50-60 cent\u00edmetros desde el fondo de la maceta hasta la parte superior de la planta, ideal para ocupar espacios sin ser engorroso. <\/p>\n<p>Las bromeli\u00e1ceas son <a href=\"https:\/\/floranixena.it\/es\/catalog\/plantas\/\" target=\"_blank\" rel=\"noopener\"><strong>plantas<\/strong><\/a> de interior extraordinarias, dotadas de floraciones vivas y duraderas que crean un espect\u00e1culo visual \u00fanico, en contraste con su hoja verde brillante. Esta planta es el ep\u00edtome de la audacia y la <a href=\"https:\/\/floranixena.it\/prodotto\/cesta-di-rose-fucsia\/\" target=\"_blank\" rel=\"noopener\"><strong>elegancia<\/strong><\/a>, perfecta para enriquecer los muebles contempor\u00e1neos y modernos. <\/p>\n<p>Cada planta se embala con gran cuidado para garantizar que llegue al destinatario en perfectas condiciones, lista para sorprender y agregar belleza a los ambientes dom\u00e9sticos.<\/p>\n<p>La Bromelia no es solo una adici\u00f3n decorativa a su hogar, sino tambi\u00e9n una <strong>declaraci\u00f3n de estilo y sabor.<\/strong> Con su combinaci\u00f3n de colores vibrantes y follaje exuberante, esta planta destaca como una verdadera joya bot\u00e1nica, capaz de transformar cualquier espacio en un oasis de <a href=\"https:\/\/floranixena.it\/es\/prodotto\/hot-sun\/\" target=\"_blank\" rel=\"noopener\"><strong>belleza y serenidad.<\/strong><\/a> Elige la Bromelia para llevar una nota de vivacidad y refinamiento a tu hogar.  <\/p>\n<p><strong>Bromelia <\/strong>tambi\u00e9n es apreciada por su facilidad de cuidado, lo que la hace ideal para aquellos que desean disfrutar de la belleza de las <strong><a href=\"https:\/\/floranixena.it\/es\/prodotto\/dieffenbachia\/\" target=\"_blank\" rel=\"noopener\">plantas <\/a><\/strong>sin comprometerse en complicadas rutinas de mantenimiento. Esta planta requiere una luz indirecta brillante y un riego moderado, lo que la hace adecuada incluso para aquellos que no tienen un pulgar verde. <\/p>\n<p>Elija la <strong>Guzmania <\/strong>para transformar su casa en un oasis de belleza, serenidad y bienestar. Con su combinaci\u00f3n de elegancia, facilidad de cuidado y beneficios para la salud, esta planta es una inversi\u00f3n valiosa para su espacio de vida. <\/p>\n","protected":false},"excerpt":{"rendered":"<ul>\n<li>1 Planta Bromelia Roja<\/li>\n<li>Altura de 50 a 60 cm<\/li>\n<\/ul>\n<p><span id=\"result_box\" class=\"\" lang=\"it\">Jarr\u00f3n de cer\u00e1mica<strong> no incluido <\/strong>con posibilidad de a\u00f1adirlo por separado.<\/span><\/p>\n","protected":false},"featured_media":18801,"comment_status":"open","ping_status":"closed","template":"","meta":[],"product_brand":[],"product_cat":[4329,4327,4333,4320,4321,4323,4403,4404],"product_tag":[4751,4525,4752,4842,4406],"class_list":{"0":"post-18964","1":"product","2":"type-product","3":"status-publish","4":"has-post-thumbnail","6":"product_cat-amigo","7":"product_cat-dia-de-la-mujer","8":"product_cat-felicitaciones","9":"product_cat-para-la-hermana","10":"product_cat-para-los-abuelos","11":"product_cat-para-los-tios","12":"product_cat-plantas","13":"product_cat-plantas-de-interior","14":"product_tag-bromelia-es","15":"product_tag-entrega-de-plantas-a-domicilio","16":"product_tag-guzmania-es","17":"product_tag-planta-de-bromelia","18":"product_tag-planta-de-interior","20":"first","21":"instock","22":"sale","23":"shipping-taxable","24":"purchasable","25":"product-type-simple"},"yoast_head":"<!-- This site is optimized with the Yoast SEO Premium plugin v27.4 (Yoast SEO v27.4) - https:\/\/yoast.com\/product\/yoast-seo-premium-wordpress\/ -->\n<title>Bromelia - Floranixena - Entrega de plantas a domicilio<\/title>\n<meta name=\"description\" content=\"Bromelia (Guzmania) roja. Regala una hermosa planta de interior para el hogar de un ser querido o para la inauguraci\u00f3n de una empresa.\" \/>\n<meta name=\"robots\" content=\"index, follow, max-snippet:-1, max-image-preview:large, max-video-preview:-1\" \/>\n<link rel=\"canonical\" href=\"https:\/\/floranixena.it\/es\/producto\/bromelia-rojas\/\" \/>\n<meta property=\"og:locale\" content=\"es_ES\" \/>\n<meta property=\"og:type\" content=\"article\" \/>\n<meta property=\"og:title\" content=\"Bromelia rojas\" \/>\n<meta property=\"og:description\" content=\"1 Planta Bromelia Roja  Altura de 50 a 60 cm Jarr\u00f3n de cer\u00e1mica no incluido con posibilidad de a\u00f1adirlo por separado.\" \/>\n<meta property=\"og:url\" content=\"https:\/\/floranixena.it\/es\/producto\/bromelia-rojas\/\" \/>\n<meta property=\"og:site_name\" content=\"FloraNixena - FloraNixena - Entrega de flores a domicilio\" \/>\n<meta property=\"article:publisher\" content=\"https:\/\/www.facebook.com\/FloraNixena\/\" \/>\n<meta property=\"og:image\" content=\"https:\/\/floranixena.it\/wp-content\/uploads\/2018\/11\/Pianta-di-Bromelia-Rossa-da-regalare-per-linaugurazione-di-un-locale-o-ufficio-direttametne-a-domicilio-della-persona-scelta.jpg\" \/>\n\t<meta property=\"og:image:width\" content=\"800\" \/>\n\t<meta property=\"og:image:height\" content=\"800\" \/>\n\t<meta property=\"og:image:type\" content=\"image\/jpeg\" \/>\n<meta name=\"twitter:card\" content=\"summary_large_image\" \/>\n<meta name=\"twitter:label1\" content=\"Tiempo de lectura\" \/>\n\t<meta name=\"twitter:data1\" content=\"1 minuto\" \/>\n<script type=\"application\/ld+json\" class=\"yoast-schema-graph\">{\"@context\":\"https:\\\/\\\/schema.org\",\"@graph\":[{\"@type\":\"WebPage\",\"@id\":\"https:\\\/\\\/floranixena.it\\\/es\\\/producto\\\/bromelia-rojas\\\/\",\"url\":\"https:\\\/\\\/floranixena.it\\\/es\\\/producto\\\/bromelia-rojas\\\/\",\"name\":\"Bromelia - Floranixena - Entrega de plantas a domicilio\",\"isPartOf\":{\"@id\":\"https:\\\/\\\/floranixena.it\\\/es\\\/#website\"},\"primaryImageOfPage\":{\"@id\":\"https:\\\/\\\/floranixena.it\\\/es\\\/producto\\\/bromelia-rojas\\\/#primaryimage\"},\"image\":{\"@id\":\"https:\\\/\\\/floranixena.it\\\/es\\\/producto\\\/bromelia-rojas\\\/#primaryimage\"},\"thumbnailUrl\":\"https:\\\/\\\/floranixena.it\\\/wp-content\\\/uploads\\\/2018\\\/11\\\/Pianta-di-Bromelia-Rossa-da-regalare-per-linaugurazione-di-un-locale-o-ufficio-direttametne-a-domicilio-della-persona-scelta.jpg\",\"datePublished\":\"2025-09-19T06:08:18+00:00\",\"description\":\"Bromelia (Guzmania) roja. Regala una hermosa planta de interior para el hogar de un ser querido o para la inauguraci\u00f3n de una empresa.\",\"breadcrumb\":{\"@id\":\"https:\\\/\\\/floranixena.it\\\/es\\\/producto\\\/bromelia-rojas\\\/#breadcrumb\"},\"inLanguage\":\"es\",\"potentialAction\":[{\"@type\":\"ReadAction\",\"target\":[\"https:\\\/\\\/floranixena.it\\\/es\\\/producto\\\/bromelia-rojas\\\/\"]}]},{\"@type\":\"ImageObject\",\"inLanguage\":\"es\",\"@id\":\"https:\\\/\\\/floranixena.it\\\/es\\\/producto\\\/bromelia-rojas\\\/#primaryimage\",\"url\":\"https:\\\/\\\/floranixena.it\\\/wp-content\\\/uploads\\\/2018\\\/11\\\/Pianta-di-Bromelia-Rossa-da-regalare-per-linaugurazione-di-un-locale-o-ufficio-direttametne-a-domicilio-della-persona-scelta.jpg\",\"contentUrl\":\"https:\\\/\\\/floranixena.it\\\/wp-content\\\/uploads\\\/2018\\\/11\\\/Pianta-di-Bromelia-Rossa-da-regalare-per-linaugurazione-di-un-locale-o-ufficio-direttametne-a-domicilio-della-persona-scelta.jpg\",\"width\":800,\"height\":800,\"caption\":\"Una Guzmania roja en flor, s\u00edmbolo de vitalidad y belleza tropical, firmada por FloraNixena\"},{\"@type\":\"BreadcrumbList\",\"@id\":\"https:\\\/\\\/floranixena.it\\\/es\\\/producto\\\/bromelia-rojas\\\/#breadcrumb\",\"itemListElement\":[{\"@type\":\"ListItem\",\"position\":1,\"name\":\"Home\",\"item\":\"https:\\\/\\\/floranixena.it\\\/es\\\/\"},{\"@type\":\"ListItem\",\"position\":2,\"name\":\"tienda\",\"item\":\"https:\\\/\\\/floranixena.it\\\/es\\\/tienda\\\/\"},{\"@type\":\"ListItem\",\"position\":3,\"name\":\"Bromelia rojas\"}]},{\"@type\":\"WebSite\",\"@id\":\"https:\\\/\\\/floranixena.it\\\/es\\\/#website\",\"url\":\"https:\\\/\\\/floranixena.it\\\/es\\\/\",\"name\":\"FloraNixena - Consegna fiori a domicilio in Italia\",\"description\":\"Invia fiori che raccontano storie\",\"publisher\":{\"@id\":\"https:\\\/\\\/floranixena.it\\\/es\\\/#organization\"},\"alternateName\":\"FloraNixena.it\",\"potentialAction\":[{\"@type\":\"SearchAction\",\"target\":{\"@type\":\"EntryPoint\",\"urlTemplate\":\"https:\\\/\\\/floranixena.it\\\/es\\\/?s={search_term_string}\"},\"query-input\":{\"@type\":\"PropertyValueSpecification\",\"valueRequired\":true,\"valueName\":\"search_term_string\"}}],\"inLanguage\":\"es\"},{\"@type\":\"Organization\",\"@id\":\"https:\\\/\\\/floranixena.it\\\/es\\\/#organization\",\"name\":\"FloraNixena.it - Consegna mazzi di fiori, bouquet e piante a domicilio\",\"url\":\"https:\\\/\\\/floranixena.it\\\/es\\\/\",\"logo\":{\"@type\":\"ImageObject\",\"inLanguage\":\"es\",\"@id\":\"https:\\\/\\\/floranixena.it\\\/es\\\/#\\\/schema\\\/logo\\\/image\\\/\",\"url\":\"https:\\\/\\\/floranixena.it\\\/wp-content\\\/uploads\\\/2018\\\/11\\\/logo-fucsia.png\",\"contentUrl\":\"https:\\\/\\\/floranixena.it\\\/wp-content\\\/uploads\\\/2018\\\/11\\\/logo-fucsia.png\",\"width\":315,\"height\":81,\"caption\":\"FloraNixena.it - Consegna mazzi di fiori, bouquet e piante a domicilio\"},\"image\":{\"@id\":\"https:\\\/\\\/floranixena.it\\\/es\\\/#\\\/schema\\\/logo\\\/image\\\/\"},\"sameAs\":[\"https:\\\/\\\/www.facebook.com\\\/FloraNixena\\\/\",\"https:\\\/\\\/www.instagram.com\\\/floranixena.it\\\/\",\"https:\\\/\\\/www.youtube.com\\\/channel\\\/UCAfCWXMBezO96jgPjiUgpkA\"],\"description\":\"Chi Siamo? FloraNixena \u00e8 il partner di fiducia per la consegna di fiori freschi a domicilio. Con anni di esperienza nel settore floreale, siamo dedicati a portare la bellezza e la freschezza dei fiori direttamente alla vostra porta. La Nostra Missione La nostra missione \u00e8 trasformare ogni occasione in un momento speciale attraverso la magia dei fiori. Crediamo che un bouquet possa dire pi\u00f9 di mille parole e lavoriamo instancabilmente per assicurarci che ogni consegna porti gioia, amore e bellezza. Cosa Offriamo? Fiori Freschi: Collaboriamo con i migliori fornitori locali per garantire che i nostri fiori siano sempre freschi e di alta qualit\u00e0. Consegna Rapida e Puntuale: Offriamo un servizio di consegna rapido e affidabile, con la possibilit\u00e0 di scegliere la fascia oraria che pi\u00f9 vi conviene. Ampia Selezione: Dalle rose classiche ai bouquet personalizzati, abbiamo una vasta gamma di opzioni per soddisfare ogni gusto e occasione. Assistenza Clienti: Il nostro team \u00e8 sempre a disposizione per assistervi nella scelta del bouquet perfetto e per garantire un'esperienza di acquisto senza intoppi. Perch\u00e9 Sceglierci? Qualit\u00e0 Garantita: Ogni bouquet \u00e8 realizzato con cura dai nostri esperti fioristi, garantendo che ogni composizione sia un'opera d'arte. Servizio Personalizzato: Che sia per un anniversario, un compleanno, una celebrazione o un momento di condoglianza, personalizziamo ogni ordine per rispondere alle vostre esigenze specifiche. Soddisfazione del Cliente: La vostra soddisfazione \u00e8 la nostra priorit\u00e0 assoluta. Facciamo tutto il possibile per assicurarci che ogni consegna superi le vostre aspettative.\",\"email\":\"amministrazione@floranixena.it\",\"telephone\":\"3806342394\",\"legalName\":\"Gaetano Votadoro\"}]}<\/script>\n<!-- \/ Yoast SEO Premium plugin. -->","yoast_head_json":{"title":"Bromelia - Floranixena - Entrega de plantas a domicilio","description":"Bromelia (Guzmania) roja. Regala una hermosa planta de interior para el hogar de un ser querido o para la inauguraci\u00f3n de una empresa.","robots":{"index":"index","follow":"follow","max-snippet":"max-snippet:-1","max-image-preview":"max-image-preview:large","max-video-preview":"max-video-preview:-1"},"canonical":"https:\/\/floranixena.it\/es\/producto\/bromelia-rojas\/","og_locale":"es_ES","og_type":"article","og_title":"Bromelia rojas","og_description":"1 Planta Bromelia Roja  Altura de 50 a 60 cm Jarr\u00f3n de cer\u00e1mica no incluido con posibilidad de a\u00f1adirlo por separado.","og_url":"https:\/\/floranixena.it\/es\/producto\/bromelia-rojas\/","og_site_name":"FloraNixena - FloraNixena - Entrega de flores a domicilio","article_publisher":"https:\/\/www.facebook.com\/FloraNixena\/","og_image":[{"width":800,"height":800,"url":"https:\/\/floranixena.it\/wp-content\/uploads\/2018\/11\/Pianta-di-Bromelia-Rossa-da-regalare-per-linaugurazione-di-un-locale-o-ufficio-direttametne-a-domicilio-della-persona-scelta.jpg","type":"image\/jpeg"}],"twitter_card":"summary_large_image","twitter_misc":{"Tiempo de lectura":"1 minuto"},"schema":{"@context":"https:\/\/schema.org","@graph":[{"@type":"WebPage","@id":"https:\/\/floranixena.it\/es\/producto\/bromelia-rojas\/","url":"https:\/\/floranixena.it\/es\/producto\/bromelia-rojas\/","name":"Bromelia - Floranixena - Entrega de plantas a domicilio","isPartOf":{"@id":"https:\/\/floranixena.it\/es\/#website"},"primaryImageOfPage":{"@id":"https:\/\/floranixena.it\/es\/producto\/bromelia-rojas\/#primaryimage"},"image":{"@id":"https:\/\/floranixena.it\/es\/producto\/bromelia-rojas\/#primaryimage"},"thumbnailUrl":"https:\/\/floranixena.it\/wp-content\/uploads\/2018\/11\/Pianta-di-Bromelia-Rossa-da-regalare-per-linaugurazione-di-un-locale-o-ufficio-direttametne-a-domicilio-della-persona-scelta.jpg","datePublished":"2025-09-19T06:08:18+00:00","description":"Bromelia (Guzmania) roja. Regala una hermosa planta de interior para el hogar de un ser querido o para la inauguraci\u00f3n de una empresa.","breadcrumb":{"@id":"https:\/\/floranixena.it\/es\/producto\/bromelia-rojas\/#breadcrumb"},"inLanguage":"es","potentialAction":[{"@type":"ReadAction","target":["https:\/\/floranixena.it\/es\/producto\/bromelia-rojas\/"]}]},{"@type":"ImageObject","inLanguage":"es","@id":"https:\/\/floranixena.it\/es\/producto\/bromelia-rojas\/#primaryimage","url":"https:\/\/floranixena.it\/wp-content\/uploads\/2018\/11\/Pianta-di-Bromelia-Rossa-da-regalare-per-linaugurazione-di-un-locale-o-ufficio-direttametne-a-domicilio-della-persona-scelta.jpg","contentUrl":"https:\/\/floranixena.it\/wp-content\/uploads\/2018\/11\/Pianta-di-Bromelia-Rossa-da-regalare-per-linaugurazione-di-un-locale-o-ufficio-direttametne-a-domicilio-della-persona-scelta.jpg","width":800,"height":800,"caption":"Una Guzmania roja en flor, s\u00edmbolo de vitalidad y belleza tropical, firmada por FloraNixena"},{"@type":"BreadcrumbList","@id":"https:\/\/floranixena.it\/es\/producto\/bromelia-rojas\/#breadcrumb","itemListElement":[{"@type":"ListItem","position":1,"name":"Home","item":"https:\/\/floranixena.it\/es\/"},{"@type":"ListItem","position":2,"name":"tienda","item":"https:\/\/floranixena.it\/es\/tienda\/"},{"@type":"ListItem","position":3,"name":"Bromelia rojas"}]},{"@type":"WebSite","@id":"https:\/\/floranixena.it\/es\/#website","url":"https:\/\/floranixena.it\/es\/","name":"FloraNixena - Consegna fiori a domicilio in Italia","description":"Invia fiori che raccontano storie","publisher":{"@id":"https:\/\/floranixena.it\/es\/#organization"},"alternateName":"FloraNixena.it","potentialAction":[{"@type":"SearchAction","target":{"@type":"EntryPoint","urlTemplate":"https:\/\/floranixena.it\/es\/?s={search_term_string}"},"query-input":{"@type":"PropertyValueSpecification","valueRequired":true,"valueName":"search_term_string"}}],"inLanguage":"es"},{"@type":"Organization","@id":"https:\/\/floranixena.it\/es\/#organization","name":"FloraNixena.it - Consegna mazzi di fiori, bouquet e piante a domicilio","url":"https:\/\/floranixena.it\/es\/","logo":{"@type":"ImageObject","inLanguage":"es","@id":"https:\/\/floranixena.it\/es\/#\/schema\/logo\/image\/","url":"https:\/\/floranixena.it\/wp-content\/uploads\/2018\/11\/logo-fucsia.png","contentUrl":"https:\/\/floranixena.it\/wp-content\/uploads\/2018\/11\/logo-fucsia.png","width":315,"height":81,"caption":"FloraNixena.it - Consegna mazzi di fiori, bouquet e piante a domicilio"},"image":{"@id":"https:\/\/floranixena.it\/es\/#\/schema\/logo\/image\/"},"sameAs":["https:\/\/www.facebook.com\/FloraNixena\/","https:\/\/www.instagram.com\/floranixena.it\/","https:\/\/www.youtube.com\/channel\/UCAfCWXMBezO96jgPjiUgpkA"],"description":"Chi Siamo? FloraNixena \u00e8 il partner di fiducia per la consegna di fiori freschi a domicilio. Con anni di esperienza nel settore floreale, siamo dedicati a portare la bellezza e la freschezza dei fiori direttamente alla vostra porta. La Nostra Missione La nostra missione \u00e8 trasformare ogni occasione in un momento speciale attraverso la magia dei fiori. Crediamo che un bouquet possa dire pi\u00f9 di mille parole e lavoriamo instancabilmente per assicurarci che ogni consegna porti gioia, amore e bellezza. Cosa Offriamo? Fiori Freschi: Collaboriamo con i migliori fornitori locali per garantire che i nostri fiori siano sempre freschi e di alta qualit\u00e0. Consegna Rapida e Puntuale: Offriamo un servizio di consegna rapido e affidabile, con la possibilit\u00e0 di scegliere la fascia oraria che pi\u00f9 vi conviene. Ampia Selezione: Dalle rose classiche ai bouquet personalizzati, abbiamo una vasta gamma di opzioni per soddisfare ogni gusto e occasione. Assistenza Clienti: Il nostro team \u00e8 sempre a disposizione per assistervi nella scelta del bouquet perfetto e per garantire un'esperienza di acquisto senza intoppi. Perch\u00e9 Sceglierci? Qualit\u00e0 Garantita: Ogni bouquet \u00e8 realizzato con cura dai nostri esperti fioristi, garantendo che ogni composizione sia un'opera d'arte. Servizio Personalizzato: Che sia per un anniversario, un compleanno, una celebrazione o un momento di condoglianza, personalizziamo ogni ordine per rispondere alle vostre esigenze specifiche. Soddisfazione del Cliente: La vostra soddisfazione \u00e8 la nostra priorit\u00e0 assoluta. Facciamo tutto il possibile per assicurarci che ogni consegna superi le vostre aspettative.","email":"amministrazione@floranixena.it","telephone":"3806342394","legalName":"Gaetano Votadoro"}]}},"_links":{"self":[{"href":"https:\/\/floranixena.it\/es\/wp-json\/wp\/v2\/product\/18964","targetHints":{"allow":["GET"]}}],"collection":[{"href":"https:\/\/floranixena.it\/es\/wp-json\/wp\/v2\/product"}],"about":[{"href":"https:\/\/floranixena.it\/es\/wp-json\/wp\/v2\/types\/product"}],"replies":[{"embeddable":true,"href":"https:\/\/floranixena.it\/es\/wp-json\/wp\/v2\/comments?post=18964"}],"wp:featuredmedia":[{"embeddable":true,"href":"https:\/\/floranixena.it\/es\/wp-json\/wp\/v2\/media\/18801"}],"wp:attachment":[{"href":"https:\/\/floranixena.it\/es\/wp-json\/wp\/v2\/media?parent=18964"}],"wp:term":[{"taxonomy":"product_brand","embeddable":true,"href":"https:\/\/floranixena.it\/es\/wp-json\/wp\/v2\/product_brand?post=18964"},{"taxonomy":"product_cat","embeddable":true,"href":"https:\/\/floranixena.it\/es\/wp-json\/wp\/v2\/product_cat?post=18964"},{"taxonomy":"product_tag","embeddable":true,"href":"https:\/\/floranixena.it\/es\/wp-json\/wp\/v2\/product_tag?post=18964"}],"curies":[{"name":"wp","href":"https:\/\/api.w.org\/{rel}","templated":true}]}}