{"id":18960,"date":"2025-06-02T11:17:39","date_gmt":"2025-06-02T09:17:39","guid":{"rendered":"https:\/\/floranixena.it\/product\/sansevieria-planta\/"},"modified":"2025-06-02T11:17:39","modified_gmt":"2025-06-02T09:17:39","slug":"sansevieria-planta","status":"publish","type":"product","link":"https:\/\/floranixena.it\/es\/producto\/sansevieria-planta\/","title":{"rendered":"Sansevieria &#8211; Planta"},"content":{"rendered":"<p>Quieres llevar un toque de naturaleza y frescura a tu hogar sin tener que hacer demasiados esfuerzos? <em><strong>La Sansevieria<\/strong><\/em> podr\u00eda ser la soluci\u00f3n perfecta para ti! Este g\u00e9nero de plantas, que comprende unas 70 especies diferentes, es originario de \u00c1frica, Madagascar y el sur de Asia. Las variaciones dentro de este g\u00e9nero son sorprendentes: desde suculentas robustas de los desiertos hasta elegantes plantas tropicales con hojas delgadas.  <\/p>\n<p>Entre todas las variedades,<strong> la Sansevieria trifasciata <\/strong>es sin duda la m\u00e1s conocida y apreciada. Com\u00fanmente conocida como planta de serpiente o lengua de suegra, esta planta no solo a\u00f1ade un toque de verde a tu hogar, sino que tambi\u00e9n ha demostrado tener sorprendentes capacidades para purificar el aire. Gracias a su proceso metab\u00f3lico, conocido como metabolismo del \u00e1cido crassulac\u00e9tico, el Sansevieria es capaz de eliminar toxinas comunes como formaldeh\u00eddo, xileno y tolueno del aire, creando as\u00ed un ambiente m\u00e1s saludable y fresco.  <\/p>\n<p>Pero sus cualidades no terminan aqu\u00ed. La Sansevieria es tambi\u00e9n una <a href=\"https:\/\/floranixena.it\/es\/catalog\/plantas\/\" target=\"_blank\" rel=\"noopener\"><strong>planta <\/strong><\/a>incre\u00edblemente resistente y f\u00e1cil de cuidar, tanto que ha ganado el apodo de \u00abplanta inmortal\u00bb. No requiere mucho cuidado especial y puede sobrevivir incluso en condiciones de poca luz y con poco agua. Esto lo hace perfecto para aquellos que no tienen el pulgar verde o para aquellos con un ritmo de vida agitado.   <\/p>\n<p>Ahora puede llevar a su casa esta maravilla de la naturaleza con un solo clic! Ya sea que est\u00e9 buscando agregar un toque de verde a su sala de estar, <a href=\"https:\/\/floranixena.it\/es\/prodotto\/tronco-de-la-felicidad\/\" target=\"_blank\" rel=\"noopener\"><strong>oficina <\/strong><\/a>o dormitorio, esta planta vers\u00e1til se adaptar\u00e1 perfectamente a cualquier ambiente. <\/p>\n<p><strong>Pide tu Sansevieria hoy mismo<\/strong> y \u00a1prep\u00e1rate para disfrutar de todos los beneficios de esta extraordinaria planta!<\/p>\n","protected":false},"excerpt":{"rendered":"<ul>\n<li>Sansevieria &#8211; Planta<\/li>\n<li>Entregado con celof\u00e1n a la base<\/li>\n<li>con dimensiones que var\u00edan de 30 a 40 cm<\/li>\n<li>Delicadamente entregado<\/li>\n<\/ul>\n<p><a href=\"https:\/\/floranixena.it\/invia-fiori-e-piante\/vaso-in-ceramica\/\"><strong>Jarr\u00f3n de cer\u00e1mica no incluido<\/strong><\/a><\/p>\n","protected":false},"featured_media":18863,"comment_status":"closed","ping_status":"closed","template":"","meta":[],"product_brand":[],"product_cat":[4329,4330,4350,4334,4403,4449,4404],"product_tag":[4598,4837,4584,4450,4405,4451],"class_list":{"0":"post-18960","1":"product","2":"type-product","3":"status-publish","4":"has-post-thumbnail","6":"product_cat-amigo","7":"product_cat-dia-de-la-madre","8":"product_cat-fiesta-del-papa","9":"product_cat-para-agradecer-a-alguien","10":"product_cat-plantas","11":"product_cat-plantas-de-exterior","12":"product_cat-plantas-de-interior","13":"product_tag-entrega-de-plantas","14":"product_tag-palmpa-es","15":"product_tag-planta","16":"product_tag-planta-de-interior-es","17":"product_tag-planta-de-oficina","18":"product_tag-planta-tropical","20":"first","21":"instock","22":"sale","23":"shipping-taxable","24":"purchasable","25":"product-type-simple"},"yoast_head":"<!-- This site is optimized with the Yoast SEO Premium plugin v27.4 (Yoast SEO v27.4) - https:\/\/yoast.com\/product\/yoast-seo-premium-wordpress\/ -->\n<title>Sansevieria - Planta - FloraNixena - FloraNixena - Entrega de flores a domicilio<\/title>\n<meta name=\"description\" content=\"Pide online la Sansevieria, la planta perfecta para tu casa. Resistente y purificante, \u00a1rec\u00f3gela c\u00f3modamente a domicilio! Enviamos a toda Italia.\" \/>\n<meta name=\"robots\" content=\"index, follow, max-snippet:-1, max-image-preview:large, max-video-preview:-1\" \/>\n<link rel=\"canonical\" href=\"https:\/\/floranixena.it\/es\/producto\/sansevieria-planta\/\" \/>\n<meta property=\"og:locale\" content=\"es_ES\" \/>\n<meta property=\"og:type\" content=\"article\" \/>\n<meta property=\"og:title\" content=\"Sansevieria - Planta\" \/>\n<meta property=\"og:description\" content=\"Sansevieria - Planta  Entregado con celof\u00e1n a la base  con dimensiones que var\u00edan de 30 a 40 cm  Delicadamente entregado Jarr\u00f3n de cer\u00e1mica no incluido\" \/>\n<meta property=\"og:url\" content=\"https:\/\/floranixena.it\/es\/producto\/sansevieria-planta\/\" \/>\n<meta property=\"og:site_name\" content=\"FloraNixena - FloraNixena - Entrega de flores a domicilio\" \/>\n<meta property=\"article:publisher\" content=\"https:\/\/www.facebook.com\/FloraNixena\/\" \/>\n<meta property=\"og:image\" content=\"https:\/\/floranixena.it\/wp-content\/uploads\/2019\/05\/pianta-sansevieria-da-far-consegnare-a-domicilio-in-tutta-Italia-per-inaugurazione-attivita-compleanni-amicizia-.jpg\" \/>\n\t<meta property=\"og:image:width\" content=\"800\" \/>\n\t<meta property=\"og:image:height\" content=\"800\" \/>\n\t<meta property=\"og:image:type\" content=\"image\/jpeg\" \/>\n<meta name=\"twitter:card\" content=\"summary_large_image\" \/>\n<meta name=\"twitter:label1\" content=\"Tiempo de lectura\" \/>\n\t<meta name=\"twitter:data1\" content=\"1 minuto\" \/>\n<script type=\"application\/ld+json\" class=\"yoast-schema-graph\">{\"@context\":\"https:\\\/\\\/schema.org\",\"@graph\":[{\"@type\":\"WebPage\",\"@id\":\"https:\\\/\\\/floranixena.it\\\/es\\\/producto\\\/sansevieria-planta\\\/\",\"url\":\"https:\\\/\\\/floranixena.it\\\/es\\\/producto\\\/sansevieria-planta\\\/\",\"name\":\"Sansevieria - Planta - FloraNixena - FloraNixena - Entrega de flores a domicilio\",\"isPartOf\":{\"@id\":\"https:\\\/\\\/floranixena.it\\\/es\\\/#website\"},\"primaryImageOfPage\":{\"@id\":\"https:\\\/\\\/floranixena.it\\\/es\\\/producto\\\/sansevieria-planta\\\/#primaryimage\"},\"image\":{\"@id\":\"https:\\\/\\\/floranixena.it\\\/es\\\/producto\\\/sansevieria-planta\\\/#primaryimage\"},\"thumbnailUrl\":\"https:\\\/\\\/floranixena.it\\\/wp-content\\\/uploads\\\/2019\\\/05\\\/pianta-sansevieria-da-far-consegnare-a-domicilio-in-tutta-Italia-per-inaugurazione-attivita-compleanni-amicizia-.jpg\",\"datePublished\":\"2025-06-02T09:17:39+00:00\",\"description\":\"Pide online la Sansevieria, la planta perfecta para tu casa. Resistente y purificante, \u00a1rec\u00f3gela c\u00f3modamente a domicilio! Enviamos a toda Italia.\",\"breadcrumb\":{\"@id\":\"https:\\\/\\\/floranixena.it\\\/es\\\/producto\\\/sansevieria-planta\\\/#breadcrumb\"},\"inLanguage\":\"es\",\"potentialAction\":[{\"@type\":\"ReadAction\",\"target\":[\"https:\\\/\\\/floranixena.it\\\/es\\\/producto\\\/sansevieria-planta\\\/\"]}]},{\"@type\":\"ImageObject\",\"inLanguage\":\"es\",\"@id\":\"https:\\\/\\\/floranixena.it\\\/es\\\/producto\\\/sansevieria-planta\\\/#primaryimage\",\"url\":\"https:\\\/\\\/floranixena.it\\\/wp-content\\\/uploads\\\/2019\\\/05\\\/pianta-sansevieria-da-far-consegnare-a-domicilio-in-tutta-Italia-per-inaugurazione-attivita-compleanni-amicizia-.jpg\",\"contentUrl\":\"https:\\\/\\\/floranixena.it\\\/wp-content\\\/uploads\\\/2019\\\/05\\\/pianta-sansevieria-da-far-consegnare-a-domicilio-in-tutta-Italia-per-inaugurazione-attivita-compleanni-amicizia-.jpg\",\"width\":800,\"height\":800,\"caption\":\"Planta de Sansevieria trifasciata\"},{\"@type\":\"BreadcrumbList\",\"@id\":\"https:\\\/\\\/floranixena.it\\\/es\\\/producto\\\/sansevieria-planta\\\/#breadcrumb\",\"itemListElement\":[{\"@type\":\"ListItem\",\"position\":1,\"name\":\"Home\",\"item\":\"https:\\\/\\\/floranixena.it\\\/es\\\/\"},{\"@type\":\"ListItem\",\"position\":2,\"name\":\"tienda\",\"item\":\"https:\\\/\\\/floranixena.it\\\/es\\\/tienda\\\/\"},{\"@type\":\"ListItem\",\"position\":3,\"name\":\"Sansevieria &#8211; Planta\"}]},{\"@type\":\"WebSite\",\"@id\":\"https:\\\/\\\/floranixena.it\\\/es\\\/#website\",\"url\":\"https:\\\/\\\/floranixena.it\\\/es\\\/\",\"name\":\"FloraNixena - Consegna fiori a domicilio in Italia\",\"description\":\"Invia fiori che raccontano storie\",\"publisher\":{\"@id\":\"https:\\\/\\\/floranixena.it\\\/es\\\/#organization\"},\"alternateName\":\"FloraNixena.it\",\"potentialAction\":[{\"@type\":\"SearchAction\",\"target\":{\"@type\":\"EntryPoint\",\"urlTemplate\":\"https:\\\/\\\/floranixena.it\\\/es\\\/?s={search_term_string}\"},\"query-input\":{\"@type\":\"PropertyValueSpecification\",\"valueRequired\":true,\"valueName\":\"search_term_string\"}}],\"inLanguage\":\"es\"},{\"@type\":\"Organization\",\"@id\":\"https:\\\/\\\/floranixena.it\\\/es\\\/#organization\",\"name\":\"FloraNixena.it - Consegna mazzi di fiori, bouquet e piante a domicilio\",\"url\":\"https:\\\/\\\/floranixena.it\\\/es\\\/\",\"logo\":{\"@type\":\"ImageObject\",\"inLanguage\":\"es\",\"@id\":\"https:\\\/\\\/floranixena.it\\\/es\\\/#\\\/schema\\\/logo\\\/image\\\/\",\"url\":\"https:\\\/\\\/floranixena.it\\\/wp-content\\\/uploads\\\/2018\\\/11\\\/logo-fucsia.png\",\"contentUrl\":\"https:\\\/\\\/floranixena.it\\\/wp-content\\\/uploads\\\/2018\\\/11\\\/logo-fucsia.png\",\"width\":315,\"height\":81,\"caption\":\"FloraNixena.it - Consegna mazzi di fiori, bouquet e piante a domicilio\"},\"image\":{\"@id\":\"https:\\\/\\\/floranixena.it\\\/es\\\/#\\\/schema\\\/logo\\\/image\\\/\"},\"sameAs\":[\"https:\\\/\\\/www.facebook.com\\\/FloraNixena\\\/\",\"https:\\\/\\\/www.instagram.com\\\/floranixena.it\\\/\",\"https:\\\/\\\/www.youtube.com\\\/channel\\\/UCAfCWXMBezO96jgPjiUgpkA\"],\"description\":\"Chi Siamo? FloraNixena \u00e8 il partner di fiducia per la consegna di fiori freschi a domicilio. Con anni di esperienza nel settore floreale, siamo dedicati a portare la bellezza e la freschezza dei fiori direttamente alla vostra porta. La Nostra Missione La nostra missione \u00e8 trasformare ogni occasione in un momento speciale attraverso la magia dei fiori. Crediamo che un bouquet possa dire pi\u00f9 di mille parole e lavoriamo instancabilmente per assicurarci che ogni consegna porti gioia, amore e bellezza. Cosa Offriamo? Fiori Freschi: Collaboriamo con i migliori fornitori locali per garantire che i nostri fiori siano sempre freschi e di alta qualit\u00e0. Consegna Rapida e Puntuale: Offriamo un servizio di consegna rapido e affidabile, con la possibilit\u00e0 di scegliere la fascia oraria che pi\u00f9 vi conviene. Ampia Selezione: Dalle rose classiche ai bouquet personalizzati, abbiamo una vasta gamma di opzioni per soddisfare ogni gusto e occasione. Assistenza Clienti: Il nostro team \u00e8 sempre a disposizione per assistervi nella scelta del bouquet perfetto e per garantire un'esperienza di acquisto senza intoppi. Perch\u00e9 Sceglierci? Qualit\u00e0 Garantita: Ogni bouquet \u00e8 realizzato con cura dai nostri esperti fioristi, garantendo che ogni composizione sia un'opera d'arte. Servizio Personalizzato: Che sia per un anniversario, un compleanno, una celebrazione o un momento di condoglianza, personalizziamo ogni ordine per rispondere alle vostre esigenze specifiche. Soddisfazione del Cliente: La vostra soddisfazione \u00e8 la nostra priorit\u00e0 assoluta. Facciamo tutto il possibile per assicurarci che ogni consegna superi le vostre aspettative.\",\"email\":\"amministrazione@floranixena.it\",\"telephone\":\"3806342394\",\"legalName\":\"Gaetano Votadoro\"}]}<\/script>\n<!-- \/ Yoast SEO Premium plugin. -->","yoast_head_json":{"title":"Sansevieria - Planta - FloraNixena - FloraNixena - Entrega de flores a domicilio","description":"Pide online la Sansevieria, la planta perfecta para tu casa. Resistente y purificante, \u00a1rec\u00f3gela c\u00f3modamente a domicilio! Enviamos a toda Italia.","robots":{"index":"index","follow":"follow","max-snippet":"max-snippet:-1","max-image-preview":"max-image-preview:large","max-video-preview":"max-video-preview:-1"},"canonical":"https:\/\/floranixena.it\/es\/producto\/sansevieria-planta\/","og_locale":"es_ES","og_type":"article","og_title":"Sansevieria - Planta","og_description":"Sansevieria - Planta  Entregado con celof\u00e1n a la base  con dimensiones que var\u00edan de 30 a 40 cm  Delicadamente entregado Jarr\u00f3n de cer\u00e1mica no incluido","og_url":"https:\/\/floranixena.it\/es\/producto\/sansevieria-planta\/","og_site_name":"FloraNixena - FloraNixena - Entrega de flores a domicilio","article_publisher":"https:\/\/www.facebook.com\/FloraNixena\/","og_image":[{"width":800,"height":800,"url":"https:\/\/floranixena.it\/wp-content\/uploads\/2019\/05\/pianta-sansevieria-da-far-consegnare-a-domicilio-in-tutta-Italia-per-inaugurazione-attivita-compleanni-amicizia-.jpg","type":"image\/jpeg"}],"twitter_card":"summary_large_image","twitter_misc":{"Tiempo de lectura":"1 minuto"},"schema":{"@context":"https:\/\/schema.org","@graph":[{"@type":"WebPage","@id":"https:\/\/floranixena.it\/es\/producto\/sansevieria-planta\/","url":"https:\/\/floranixena.it\/es\/producto\/sansevieria-planta\/","name":"Sansevieria - Planta - FloraNixena - FloraNixena - Entrega de flores a domicilio","isPartOf":{"@id":"https:\/\/floranixena.it\/es\/#website"},"primaryImageOfPage":{"@id":"https:\/\/floranixena.it\/es\/producto\/sansevieria-planta\/#primaryimage"},"image":{"@id":"https:\/\/floranixena.it\/es\/producto\/sansevieria-planta\/#primaryimage"},"thumbnailUrl":"https:\/\/floranixena.it\/wp-content\/uploads\/2019\/05\/pianta-sansevieria-da-far-consegnare-a-domicilio-in-tutta-Italia-per-inaugurazione-attivita-compleanni-amicizia-.jpg","datePublished":"2025-06-02T09:17:39+00:00","description":"Pide online la Sansevieria, la planta perfecta para tu casa. Resistente y purificante, \u00a1rec\u00f3gela c\u00f3modamente a domicilio! Enviamos a toda Italia.","breadcrumb":{"@id":"https:\/\/floranixena.it\/es\/producto\/sansevieria-planta\/#breadcrumb"},"inLanguage":"es","potentialAction":[{"@type":"ReadAction","target":["https:\/\/floranixena.it\/es\/producto\/sansevieria-planta\/"]}]},{"@type":"ImageObject","inLanguage":"es","@id":"https:\/\/floranixena.it\/es\/producto\/sansevieria-planta\/#primaryimage","url":"https:\/\/floranixena.it\/wp-content\/uploads\/2019\/05\/pianta-sansevieria-da-far-consegnare-a-domicilio-in-tutta-Italia-per-inaugurazione-attivita-compleanni-amicizia-.jpg","contentUrl":"https:\/\/floranixena.it\/wp-content\/uploads\/2019\/05\/pianta-sansevieria-da-far-consegnare-a-domicilio-in-tutta-Italia-per-inaugurazione-attivita-compleanni-amicizia-.jpg","width":800,"height":800,"caption":"Planta de Sansevieria trifasciata"},{"@type":"BreadcrumbList","@id":"https:\/\/floranixena.it\/es\/producto\/sansevieria-planta\/#breadcrumb","itemListElement":[{"@type":"ListItem","position":1,"name":"Home","item":"https:\/\/floranixena.it\/es\/"},{"@type":"ListItem","position":2,"name":"tienda","item":"https:\/\/floranixena.it\/es\/tienda\/"},{"@type":"ListItem","position":3,"name":"Sansevieria &#8211; Planta"}]},{"@type":"WebSite","@id":"https:\/\/floranixena.it\/es\/#website","url":"https:\/\/floranixena.it\/es\/","name":"FloraNixena - Consegna fiori a domicilio in Italia","description":"Invia fiori che raccontano storie","publisher":{"@id":"https:\/\/floranixena.it\/es\/#organization"},"alternateName":"FloraNixena.it","potentialAction":[{"@type":"SearchAction","target":{"@type":"EntryPoint","urlTemplate":"https:\/\/floranixena.it\/es\/?s={search_term_string}"},"query-input":{"@type":"PropertyValueSpecification","valueRequired":true,"valueName":"search_term_string"}}],"inLanguage":"es"},{"@type":"Organization","@id":"https:\/\/floranixena.it\/es\/#organization","name":"FloraNixena.it - Consegna mazzi di fiori, bouquet e piante a domicilio","url":"https:\/\/floranixena.it\/es\/","logo":{"@type":"ImageObject","inLanguage":"es","@id":"https:\/\/floranixena.it\/es\/#\/schema\/logo\/image\/","url":"https:\/\/floranixena.it\/wp-content\/uploads\/2018\/11\/logo-fucsia.png","contentUrl":"https:\/\/floranixena.it\/wp-content\/uploads\/2018\/11\/logo-fucsia.png","width":315,"height":81,"caption":"FloraNixena.it - Consegna mazzi di fiori, bouquet e piante a domicilio"},"image":{"@id":"https:\/\/floranixena.it\/es\/#\/schema\/logo\/image\/"},"sameAs":["https:\/\/www.facebook.com\/FloraNixena\/","https:\/\/www.instagram.com\/floranixena.it\/","https:\/\/www.youtube.com\/channel\/UCAfCWXMBezO96jgPjiUgpkA"],"description":"Chi Siamo? FloraNixena \u00e8 il partner di fiducia per la consegna di fiori freschi a domicilio. Con anni di esperienza nel settore floreale, siamo dedicati a portare la bellezza e la freschezza dei fiori direttamente alla vostra porta. La Nostra Missione La nostra missione \u00e8 trasformare ogni occasione in un momento speciale attraverso la magia dei fiori. Crediamo che un bouquet possa dire pi\u00f9 di mille parole e lavoriamo instancabilmente per assicurarci che ogni consegna porti gioia, amore e bellezza. Cosa Offriamo? Fiori Freschi: Collaboriamo con i migliori fornitori locali per garantire che i nostri fiori siano sempre freschi e di alta qualit\u00e0. Consegna Rapida e Puntuale: Offriamo un servizio di consegna rapido e affidabile, con la possibilit\u00e0 di scegliere la fascia oraria che pi\u00f9 vi conviene. Ampia Selezione: Dalle rose classiche ai bouquet personalizzati, abbiamo una vasta gamma di opzioni per soddisfare ogni gusto e occasione. Assistenza Clienti: Il nostro team \u00e8 sempre a disposizione per assistervi nella scelta del bouquet perfetto e per garantire un'esperienza di acquisto senza intoppi. Perch\u00e9 Sceglierci? Qualit\u00e0 Garantita: Ogni bouquet \u00e8 realizzato con cura dai nostri esperti fioristi, garantendo che ogni composizione sia un'opera d'arte. Servizio Personalizzato: Che sia per un anniversario, un compleanno, una celebrazione o un momento di condoglianza, personalizziamo ogni ordine per rispondere alle vostre esigenze specifiche. Soddisfazione del Cliente: La vostra soddisfazione \u00e8 la nostra priorit\u00e0 assoluta. Facciamo tutto il possibile per assicurarci che ogni consegna superi le vostre aspettative.","email":"amministrazione@floranixena.it","telephone":"3806342394","legalName":"Gaetano Votadoro"}]}},"_links":{"self":[{"href":"https:\/\/floranixena.it\/es\/wp-json\/wp\/v2\/product\/18960","targetHints":{"allow":["GET"]}}],"collection":[{"href":"https:\/\/floranixena.it\/es\/wp-json\/wp\/v2\/product"}],"about":[{"href":"https:\/\/floranixena.it\/es\/wp-json\/wp\/v2\/types\/product"}],"replies":[{"embeddable":true,"href":"https:\/\/floranixena.it\/es\/wp-json\/wp\/v2\/comments?post=18960"}],"wp:featuredmedia":[{"embeddable":true,"href":"https:\/\/floranixena.it\/es\/wp-json\/wp\/v2\/media\/18863"}],"wp:attachment":[{"href":"https:\/\/floranixena.it\/es\/wp-json\/wp\/v2\/media?parent=18960"}],"wp:term":[{"taxonomy":"product_brand","embeddable":true,"href":"https:\/\/floranixena.it\/es\/wp-json\/wp\/v2\/product_brand?post=18960"},{"taxonomy":"product_cat","embeddable":true,"href":"https:\/\/floranixena.it\/es\/wp-json\/wp\/v2\/product_cat?post=18960"},{"taxonomy":"product_tag","embeddable":true,"href":"https:\/\/floranixena.it\/es\/wp-json\/wp\/v2\/product_tag?post=18960"}],"curies":[{"name":"wp","href":"https:\/\/api.w.org\/{rel}","templated":true}]}}