{"id":18953,"date":"2025-11-22T08:58:09","date_gmt":"2025-11-22T07:58:09","guid":{"rendered":"https:\/\/floranixena.it\/product\/ramo-de-rosas-rojas-y-vino\/"},"modified":"2025-09-17T09:24:30","modified_gmt":"2025-09-17T07:24:30","slug":"ramo-de-rosas-rojas-y-vino","status":"publish","type":"product","link":"https:\/\/floranixena.it\/es\/producto\/ramo-de-rosas-rojas-y-vino\/","title":{"rendered":"Ramo de rosas rojas y vino"},"content":{"rendered":"<h1>Rosas rojas y vino &#8211; Un regalo elegante y refinado<\/h1>\n<p>Regala una emoci\u00f3n \u00fanica con un ramo de rosas rojas y una botella de vino DOC. Perfecto para aniversarios, San Valent\u00edn y ocasiones especiales. Un regalo exclusivo que combina belleza y gusto para sorprender a tus seres queridos.  <\/p>\n<p>Caracter\u00edsticas:<br \/>\n&#8211; Ramo de rosas rojas frescas con detalles refinados.<br \/>\n&#8211; Vino tinto DOC de alta calidad, cuidadosamente seleccionado.<br \/>\n&#8211; Entrega r\u00e1pida y garantizada para un regalo sin preocupaciones.<\/p>\n<p>Pide ahora y haz que cada ocasi\u00f3n sea inolvidable con rosas rojas y vino fino.<\/p>\n","protected":false},"excerpt":{"rendered":"<ul>\n<li>Vino tinto local DOC de 0.75 cl<\/li>\n<li>Ramo de<strong> rosas rojas y gypsophila y decoraciones<\/strong> (seleccionar tama\u00f1o)<\/li>\n<li><span style=\"color: #6dbe14;\"><strong>En este ramo el env\u00edo es gratuito<\/strong><\/span><\/li>\n<\/ul>\n","protected":false},"featured_media":22024,"comment_status":"open","ping_status":"closed","template":"","meta":[],"product_brand":[],"product_cat":[4396,4331,4317,4316,4342,4327,4335,4340,4339,4341,4338,4315,4365,4328,4358,4360,4336,6194,4359],"product_tag":[4836,4366,4367,4343,4368],"class_list":{"0":"post-18953","1":"product","2":"type-product","3":"status-publish","4":"has-post-thumbnail","6":"product_cat-1-aniversario-de-la-boda-de-algodon","7":"product_cat-amor-y-el-romance","8":"product_cat-aniversario","9":"product_cat-compleanno-es","10":"product_cat-decimoctavo-cumpleanos","11":"product_cat-dia-de-la-mujer","12":"product_cat-disculpa","13":"product_cat-flores-de-invierno","14":"product_cat-flores-de-otono","15":"product_cat-flores-de-primavera","16":"product_cat-flores-de-verano","17":"product_cat-flores-para-eventos","18":"product_cat-navidad","19":"product_cat-onomastico-es","20":"product_cat-para-la-esposa-o-novia","21":"product_cat-para-nuevas-revelaciones","22":"product_cat-rosas","23":"product_cat-rosas-del-ecuador","24":"product_cat-san-valentin","25":"product_tag-botella-de-vino","26":"product_tag-ramo-de-rosas-rojas","27":"product_tag-ramo-de-rosas-rojas-es","28":"product_tag-rosas-rojas","29":"product_tag-san-valentin","31":"first","32":"instock","33":"shipping-taxable","34":"purchasable","35":"product-type-variable","36":"has-default-attributes"},"yoast_head":"<!-- This site is optimized with the Yoast SEO Premium plugin v27.5 (Yoast SEO v27.5) - https:\/\/yoast.com\/product\/yoast-seo-premium-wordpress\/ -->\n<title>Ramo de rosas rojas y vino DOC - FloraNixena<\/title>\n<meta name=\"description\" content=\"Regala emociones con el ramo de rosas rojas y vino DOC! Un regalo elegante y rom\u00e1ntico, perfecto para aniversarios, San Valent\u00edn y ocasiones especiales.\" \/>\n<meta name=\"robots\" content=\"index, follow, max-snippet:-1, max-image-preview:large, max-video-preview:-1\" \/>\n<link rel=\"canonical\" href=\"https:\/\/floranixena.it\/es\/producto\/ramo-de-rosas-rojas-y-vino\/\" \/>\n<meta property=\"og:locale\" content=\"es_ES\" \/>\n<meta property=\"og:type\" content=\"article\" \/>\n<meta property=\"og:title\" content=\"Ramo de rosas rojas y vino\" \/>\n<meta property=\"og:description\" content=\"Vino tinto local DOC de 0.75 cl  Ramo de rosas rojas y gypsophila y decoraciones (seleccionar tama\u00f1o)  En este ramo el env\u00edo es gratuito\" \/>\n<meta property=\"og:url\" content=\"https:\/\/floranixena.it\/es\/producto\/ramo-de-rosas-rojas-y-vino\/\" \/>\n<meta property=\"og:site_name\" content=\"FloraNixena - FloraNixena - Entrega de flores a domicilio\" \/>\n<meta property=\"article:publisher\" content=\"https:\/\/www.facebook.com\/FloraNixena\/\" \/>\n<meta property=\"og:image\" content=\"https:\/\/floranixena.it\/wp-content\/uploads\/2018\/11\/consegna_a_domicilio_rose_rosse_e_bottiglia_di_vino.jpg\" \/>\n\t<meta property=\"og:image:width\" content=\"800\" \/>\n\t<meta property=\"og:image:height\" content=\"800\" \/>\n\t<meta property=\"og:image:type\" content=\"image\/jpeg\" \/>\n<meta name=\"twitter:card\" content=\"summary_large_image\" \/>\n<script type=\"application\/ld+json\" class=\"yoast-schema-graph\">{\"@context\":\"https:\\\/\\\/schema.org\",\"@graph\":[{\"@type\":\"WebPage\",\"@id\":\"https:\\\/\\\/floranixena.it\\\/es\\\/producto\\\/ramo-de-rosas-rojas-y-vino\\\/\",\"url\":\"https:\\\/\\\/floranixena.it\\\/es\\\/producto\\\/ramo-de-rosas-rojas-y-vino\\\/\",\"name\":\"Ramo de rosas rojas y vino DOC - FloraNixena\",\"isPartOf\":{\"@id\":\"https:\\\/\\\/floranixena.it\\\/es\\\/#website\"},\"primaryImageOfPage\":{\"@id\":\"https:\\\/\\\/floranixena.it\\\/es\\\/producto\\\/ramo-de-rosas-rojas-y-vino\\\/#primaryimage\"},\"image\":{\"@id\":\"https:\\\/\\\/floranixena.it\\\/es\\\/producto\\\/ramo-de-rosas-rojas-y-vino\\\/#primaryimage\"},\"thumbnailUrl\":\"https:\\\/\\\/floranixena.it\\\/wp-content\\\/uploads\\\/2018\\\/11\\\/consegna_a_domicilio_rose_rosse_e_bottiglia_di_vino.jpg\",\"datePublished\":\"2025-11-22T07:58:09+00:00\",\"description\":\"Regala emociones con el ramo de rosas rojas y vino DOC! Un regalo elegante y rom\u00e1ntico, perfecto para aniversarios, San Valent\u00edn y ocasiones especiales.\",\"breadcrumb\":{\"@id\":\"https:\\\/\\\/floranixena.it\\\/es\\\/producto\\\/ramo-de-rosas-rojas-y-vino\\\/#breadcrumb\"},\"inLanguage\":\"es\",\"potentialAction\":[{\"@type\":\"ReadAction\",\"target\":[\"https:\\\/\\\/floranixena.it\\\/es\\\/producto\\\/ramo-de-rosas-rojas-y-vino\\\/\"]}]},{\"@type\":\"ImageObject\",\"inLanguage\":\"es\",\"@id\":\"https:\\\/\\\/floranixena.it\\\/es\\\/producto\\\/ramo-de-rosas-rojas-y-vino\\\/#primaryimage\",\"url\":\"https:\\\/\\\/floranixena.it\\\/wp-content\\\/uploads\\\/2018\\\/11\\\/consegna_a_domicilio_rose_rosse_e_bottiglia_di_vino.jpg\",\"contentUrl\":\"https:\\\/\\\/floranixena.it\\\/wp-content\\\/uploads\\\/2018\\\/11\\\/consegna_a_domicilio_rose_rosse_e_bottiglia_di_vino.jpg\",\"width\":800,\"height\":800,\"caption\":\"Mazzo di rose rosse e vino locale\"},{\"@type\":\"BreadcrumbList\",\"@id\":\"https:\\\/\\\/floranixena.it\\\/es\\\/producto\\\/ramo-de-rosas-rojas-y-vino\\\/#breadcrumb\",\"itemListElement\":[{\"@type\":\"ListItem\",\"position\":1,\"name\":\"Home\",\"item\":\"https:\\\/\\\/floranixena.it\\\/es\\\/\"},{\"@type\":\"ListItem\",\"position\":2,\"name\":\"tienda\",\"item\":\"https:\\\/\\\/floranixena.it\\\/es\\\/tienda\\\/\"},{\"@type\":\"ListItem\",\"position\":3,\"name\":\"Ramo de rosas rojas y vino\"}]},{\"@type\":\"WebSite\",\"@id\":\"https:\\\/\\\/floranixena.it\\\/es\\\/#website\",\"url\":\"https:\\\/\\\/floranixena.it\\\/es\\\/\",\"name\":\"FloraNixena - Consegna fiori a domicilio in Italia\",\"description\":\"Invia fiori che raccontano storie\",\"publisher\":{\"@id\":\"https:\\\/\\\/floranixena.it\\\/es\\\/#organization\"},\"alternateName\":\"FloraNixena.it\",\"potentialAction\":[{\"@type\":\"SearchAction\",\"target\":{\"@type\":\"EntryPoint\",\"urlTemplate\":\"https:\\\/\\\/floranixena.it\\\/es\\\/?s={search_term_string}\"},\"query-input\":{\"@type\":\"PropertyValueSpecification\",\"valueRequired\":true,\"valueName\":\"search_term_string\"}}],\"inLanguage\":\"es\"},{\"@type\":\"Organization\",\"@id\":\"https:\\\/\\\/floranixena.it\\\/es\\\/#organization\",\"name\":\"FloraNixena.it - Consegna mazzi di fiori, bouquet e piante a domicilio\",\"url\":\"https:\\\/\\\/floranixena.it\\\/es\\\/\",\"logo\":{\"@type\":\"ImageObject\",\"inLanguage\":\"es\",\"@id\":\"https:\\\/\\\/floranixena.it\\\/es\\\/#\\\/schema\\\/logo\\\/image\\\/\",\"url\":\"https:\\\/\\\/floranixena.it\\\/wp-content\\\/uploads\\\/2018\\\/11\\\/logo-fucsia.png\",\"contentUrl\":\"https:\\\/\\\/floranixena.it\\\/wp-content\\\/uploads\\\/2018\\\/11\\\/logo-fucsia.png\",\"width\":315,\"height\":81,\"caption\":\"FloraNixena.it - Consegna mazzi di fiori, bouquet e piante a domicilio\"},\"image\":{\"@id\":\"https:\\\/\\\/floranixena.it\\\/es\\\/#\\\/schema\\\/logo\\\/image\\\/\"},\"sameAs\":[\"https:\\\/\\\/www.facebook.com\\\/FloraNixena\\\/\",\"https:\\\/\\\/www.instagram.com\\\/floranixena.it\\\/\",\"https:\\\/\\\/www.youtube.com\\\/channel\\\/UCAfCWXMBezO96jgPjiUgpkA\"],\"description\":\"Chi Siamo? FloraNixena \u00e8 il partner di fiducia per la consegna di fiori freschi a domicilio. Con anni di esperienza nel settore floreale, siamo dedicati a portare la bellezza e la freschezza dei fiori direttamente alla vostra porta. La Nostra Missione La nostra missione \u00e8 trasformare ogni occasione in un momento speciale attraverso la magia dei fiori. Crediamo che un bouquet possa dire pi\u00f9 di mille parole e lavoriamo instancabilmente per assicurarci che ogni consegna porti gioia, amore e bellezza. Cosa Offriamo? Fiori Freschi: Collaboriamo con i migliori fornitori locali per garantire che i nostri fiori siano sempre freschi e di alta qualit\u00e0. Consegna Rapida e Puntuale: Offriamo un servizio di consegna rapido e affidabile, con la possibilit\u00e0 di scegliere la fascia oraria che pi\u00f9 vi conviene. Ampia Selezione: Dalle rose classiche ai bouquet personalizzati, abbiamo una vasta gamma di opzioni per soddisfare ogni gusto e occasione. Assistenza Clienti: Il nostro team \u00e8 sempre a disposizione per assistervi nella scelta del bouquet perfetto e per garantire un'esperienza di acquisto senza intoppi. Perch\u00e9 Sceglierci? Qualit\u00e0 Garantita: Ogni bouquet \u00e8 realizzato con cura dai nostri esperti fioristi, garantendo che ogni composizione sia un'opera d'arte. Servizio Personalizzato: Che sia per un anniversario, un compleanno, una celebrazione o un momento di condoglianza, personalizziamo ogni ordine per rispondere alle vostre esigenze specifiche. Soddisfazione del Cliente: La vostra soddisfazione \u00e8 la nostra priorit\u00e0 assoluta. Facciamo tutto il possibile per assicurarci che ogni consegna superi le vostre aspettative.\",\"email\":\"amministrazione@floranixena.it\",\"telephone\":\"3806342394\",\"legalName\":\"Gaetano Votadoro\"}]}<\/script>\n<!-- \/ Yoast SEO Premium plugin. -->","yoast_head_json":{"title":"Ramo de rosas rojas y vino DOC - FloraNixena","description":"Regala emociones con el ramo de rosas rojas y vino DOC! Un regalo elegante y rom\u00e1ntico, perfecto para aniversarios, San Valent\u00edn y ocasiones especiales.","robots":{"index":"index","follow":"follow","max-snippet":"max-snippet:-1","max-image-preview":"max-image-preview:large","max-video-preview":"max-video-preview:-1"},"canonical":"https:\/\/floranixena.it\/es\/producto\/ramo-de-rosas-rojas-y-vino\/","og_locale":"es_ES","og_type":"article","og_title":"Ramo de rosas rojas y vino","og_description":"Vino tinto local DOC de 0.75 cl  Ramo de rosas rojas y gypsophila y decoraciones (seleccionar tama\u00f1o)  En este ramo el env\u00edo es gratuito","og_url":"https:\/\/floranixena.it\/es\/producto\/ramo-de-rosas-rojas-y-vino\/","og_site_name":"FloraNixena - FloraNixena - Entrega de flores a domicilio","article_publisher":"https:\/\/www.facebook.com\/FloraNixena\/","og_image":[{"width":800,"height":800,"url":"https:\/\/floranixena.it\/wp-content\/uploads\/2018\/11\/consegna_a_domicilio_rose_rosse_e_bottiglia_di_vino.jpg","type":"image\/jpeg"}],"twitter_card":"summary_large_image","schema":{"@context":"https:\/\/schema.org","@graph":[{"@type":"WebPage","@id":"https:\/\/floranixena.it\/es\/producto\/ramo-de-rosas-rojas-y-vino\/","url":"https:\/\/floranixena.it\/es\/producto\/ramo-de-rosas-rojas-y-vino\/","name":"Ramo de rosas rojas y vino DOC - FloraNixena","isPartOf":{"@id":"https:\/\/floranixena.it\/es\/#website"},"primaryImageOfPage":{"@id":"https:\/\/floranixena.it\/es\/producto\/ramo-de-rosas-rojas-y-vino\/#primaryimage"},"image":{"@id":"https:\/\/floranixena.it\/es\/producto\/ramo-de-rosas-rojas-y-vino\/#primaryimage"},"thumbnailUrl":"https:\/\/floranixena.it\/wp-content\/uploads\/2018\/11\/consegna_a_domicilio_rose_rosse_e_bottiglia_di_vino.jpg","datePublished":"2025-11-22T07:58:09+00:00","description":"Regala emociones con el ramo de rosas rojas y vino DOC! Un regalo elegante y rom\u00e1ntico, perfecto para aniversarios, San Valent\u00edn y ocasiones especiales.","breadcrumb":{"@id":"https:\/\/floranixena.it\/es\/producto\/ramo-de-rosas-rojas-y-vino\/#breadcrumb"},"inLanguage":"es","potentialAction":[{"@type":"ReadAction","target":["https:\/\/floranixena.it\/es\/producto\/ramo-de-rosas-rojas-y-vino\/"]}]},{"@type":"ImageObject","inLanguage":"es","@id":"https:\/\/floranixena.it\/es\/producto\/ramo-de-rosas-rojas-y-vino\/#primaryimage","url":"https:\/\/floranixena.it\/wp-content\/uploads\/2018\/11\/consegna_a_domicilio_rose_rosse_e_bottiglia_di_vino.jpg","contentUrl":"https:\/\/floranixena.it\/wp-content\/uploads\/2018\/11\/consegna_a_domicilio_rose_rosse_e_bottiglia_di_vino.jpg","width":800,"height":800,"caption":"Mazzo di rose rosse e vino locale"},{"@type":"BreadcrumbList","@id":"https:\/\/floranixena.it\/es\/producto\/ramo-de-rosas-rojas-y-vino\/#breadcrumb","itemListElement":[{"@type":"ListItem","position":1,"name":"Home","item":"https:\/\/floranixena.it\/es\/"},{"@type":"ListItem","position":2,"name":"tienda","item":"https:\/\/floranixena.it\/es\/tienda\/"},{"@type":"ListItem","position":3,"name":"Ramo de rosas rojas y vino"}]},{"@type":"WebSite","@id":"https:\/\/floranixena.it\/es\/#website","url":"https:\/\/floranixena.it\/es\/","name":"FloraNixena - Consegna fiori a domicilio in Italia","description":"Invia fiori che raccontano storie","publisher":{"@id":"https:\/\/floranixena.it\/es\/#organization"},"alternateName":"FloraNixena.it","potentialAction":[{"@type":"SearchAction","target":{"@type":"EntryPoint","urlTemplate":"https:\/\/floranixena.it\/es\/?s={search_term_string}"},"query-input":{"@type":"PropertyValueSpecification","valueRequired":true,"valueName":"search_term_string"}}],"inLanguage":"es"},{"@type":"Organization","@id":"https:\/\/floranixena.it\/es\/#organization","name":"FloraNixena.it - Consegna mazzi di fiori, bouquet e piante a domicilio","url":"https:\/\/floranixena.it\/es\/","logo":{"@type":"ImageObject","inLanguage":"es","@id":"https:\/\/floranixena.it\/es\/#\/schema\/logo\/image\/","url":"https:\/\/floranixena.it\/wp-content\/uploads\/2018\/11\/logo-fucsia.png","contentUrl":"https:\/\/floranixena.it\/wp-content\/uploads\/2018\/11\/logo-fucsia.png","width":315,"height":81,"caption":"FloraNixena.it - Consegna mazzi di fiori, bouquet e piante a domicilio"},"image":{"@id":"https:\/\/floranixena.it\/es\/#\/schema\/logo\/image\/"},"sameAs":["https:\/\/www.facebook.com\/FloraNixena\/","https:\/\/www.instagram.com\/floranixena.it\/","https:\/\/www.youtube.com\/channel\/UCAfCWXMBezO96jgPjiUgpkA"],"description":"Chi Siamo? FloraNixena \u00e8 il partner di fiducia per la consegna di fiori freschi a domicilio. Con anni di esperienza nel settore floreale, siamo dedicati a portare la bellezza e la freschezza dei fiori direttamente alla vostra porta. La Nostra Missione La nostra missione \u00e8 trasformare ogni occasione in un momento speciale attraverso la magia dei fiori. Crediamo che un bouquet possa dire pi\u00f9 di mille parole e lavoriamo instancabilmente per assicurarci che ogni consegna porti gioia, amore e bellezza. Cosa Offriamo? Fiori Freschi: Collaboriamo con i migliori fornitori locali per garantire che i nostri fiori siano sempre freschi e di alta qualit\u00e0. Consegna Rapida e Puntuale: Offriamo un servizio di consegna rapido e affidabile, con la possibilit\u00e0 di scegliere la fascia oraria che pi\u00f9 vi conviene. Ampia Selezione: Dalle rose classiche ai bouquet personalizzati, abbiamo una vasta gamma di opzioni per soddisfare ogni gusto e occasione. Assistenza Clienti: Il nostro team \u00e8 sempre a disposizione per assistervi nella scelta del bouquet perfetto e per garantire un'esperienza di acquisto senza intoppi. Perch\u00e9 Sceglierci? Qualit\u00e0 Garantita: Ogni bouquet \u00e8 realizzato con cura dai nostri esperti fioristi, garantendo che ogni composizione sia un'opera d'arte. Servizio Personalizzato: Che sia per un anniversario, un compleanno, una celebrazione o un momento di condoglianza, personalizziamo ogni ordine per rispondere alle vostre esigenze specifiche. Soddisfazione del Cliente: La vostra soddisfazione \u00e8 la nostra priorit\u00e0 assoluta. Facciamo tutto il possibile per assicurarci che ogni consegna superi le vostre aspettative.","email":"amministrazione@floranixena.it","telephone":"3806342394","legalName":"Gaetano Votadoro"}]}},"_links":{"self":[{"href":"https:\/\/floranixena.it\/es\/wp-json\/wp\/v2\/product\/18953","targetHints":{"allow":["GET"]}}],"collection":[{"href":"https:\/\/floranixena.it\/es\/wp-json\/wp\/v2\/product"}],"about":[{"href":"https:\/\/floranixena.it\/es\/wp-json\/wp\/v2\/types\/product"}],"replies":[{"embeddable":true,"href":"https:\/\/floranixena.it\/es\/wp-json\/wp\/v2\/comments?post=18953"}],"wp:featuredmedia":[{"embeddable":true,"href":"https:\/\/floranixena.it\/es\/wp-json\/wp\/v2\/media\/22024"}],"wp:attachment":[{"href":"https:\/\/floranixena.it\/es\/wp-json\/wp\/v2\/media?parent=18953"}],"wp:term":[{"taxonomy":"product_brand","embeddable":true,"href":"https:\/\/floranixena.it\/es\/wp-json\/wp\/v2\/product_brand?post=18953"},{"taxonomy":"product_cat","embeddable":true,"href":"https:\/\/floranixena.it\/es\/wp-json\/wp\/v2\/product_cat?post=18953"},{"taxonomy":"product_tag","embeddable":true,"href":"https:\/\/floranixena.it\/es\/wp-json\/wp\/v2\/product_tag?post=18953"}],"curies":[{"name":"wp","href":"https:\/\/api.w.org\/{rel}","templated":true}]}}