{"id":18856,"date":"2025-06-10T11:11:46","date_gmt":"2025-06-10T09:11:46","guid":{"rendered":"https:\/\/floranixena.it\/product\/orquidea\/"},"modified":"2025-09-16T11:39:34","modified_gmt":"2025-09-16T09:39:34","slug":"orquidea","status":"publish","type":"product","link":"https:\/\/floranixena.it\/es\/producto\/orquidea\/","title":{"rendered":"orqu\u00eddea"},"content":{"rendered":"<p style=\"text-align: justify;\">La <strong><a href=\"https:\/\/floranixena.it\/es\/catalog\/orquidea\/\">orqu\u00eddea<\/a><\/strong>, tambi\u00e9n conocida como Phalaenopsis, es una hermosa planta tropical que se puede mantener con \u00e9xito en interiores. Su aspecto delicioso ha denominado a esta planta como \u00abPlanta del encanto\u00bb de origen: Indonesia. <\/p>\n<p style=\"text-align: justify;\">Es una de las flores m\u00e1s elegantes, extraordinariamente ex\u00f3ticas y lleva instant\u00e1neamente cualquier mesa en casa desde aburrida a chic.<\/p>\n<p style=\"text-align: justify;\">Misterio, encanto, seducci\u00f3n, elegancia y belleza. Solo una orqu\u00eddea &#8211; sensual, perfumada, fina &#8211; para hablar al coraz\u00f3n de una mujer y rendir homenaje con un gesto \u00fanico e inequ\u00edvoco. <\/p>\n<p style=\"text-align: justify;\">La <strong>orqu\u00eddea <\/strong>es una planta con un encanto dulce y seductor, misterioso y elegante que es un s\u00edmbolo de armon\u00eda. Es una flor que expresa un mensaje claro que habla de sensualidad y conquista amorosa, dedicaci\u00f3n y pasi\u00f3n. Esta flor te regala delicioso y perfecto para un amigo o pariente, pero la mujer a la que dirigimos devoci\u00f3n y veneraci\u00f3n total, incondicional.  <\/p>\n<p style=\"text-align: justify;\">Dar la orqu\u00eddea significa que la mujer de tu coraz\u00f3n significa que eres hermosa, sexy, eres una diosa . Por lo tanto, es la flor perfecta como regalo cuando est\u00e1s seguro de que tu pasi\u00f3n est\u00e1 pagada, porque el mensaje impl\u00edcito de regalar la orqu\u00eddea tambi\u00e9n se da por sentado. <\/p>\n<p>Mientras que en Occidente la orqu\u00eddea <i>habla <\/i>de amor y sensualidad, China es s\u00edmbolo de refinamiento y cultura, pero tambi\u00e9n de pureza e inocencia. En la iconograf\u00eda cristiana, en cambio, las manchas sobre los p\u00e9talos de la flor representan la sangre de Cristo, por lo que vemos orqu\u00eddeas adornando los altares durante la Navidad y la Pascua. <\/p>\n","protected":false},"excerpt":{"rendered":"<ul>\n<li>Planta de orqu\u00eddea<\/li>\n<li>Jarr\u00f3n de pl\u00e1stico (marr\u00f3n)<\/li>\n<\/ul>\n<p>Jarr\u00f3n de cer\u00e1mica que se puede comprar m\u00e1s tarde<\/p>\n","protected":false},"featured_media":18744,"comment_status":"open","ping_status":"closed","template":"","meta":[],"product_brand":[],"product_cat":[4329,4327,4328,4533,4334,4358,4320,4321,4323,4326,4319,4403,4404],"product_tag":[4599,4450,4405],"class_list":{"0":"post-18856","1":"product","2":"type-product","3":"status-publish","4":"has-post-thumbnail","6":"product_cat-amigo","7":"product_cat-dia-de-la-mujer","8":"product_cat-onomastico-es","9":"product_cat-orquidea","10":"product_cat-para-agradecer-a-alguien","11":"product_cat-para-la-esposa-o-novia","12":"product_cat-para-la-hermana","13":"product_cat-para-los-abuelos","14":"product_cat-para-los-tios","15":"product_cat-para-mama","16":"product_cat-pascua","17":"product_cat-plantas","18":"product_cat-plantas-de-interior","19":"product_tag-pintura-de-orquidea","20":"product_tag-planta-de-interior-es","21":"product_tag-planta-de-oficina","23":"first","24":"instock","25":"sale","26":"shipping-taxable","27":"purchasable","28":"product-type-variable","29":"has-default-attributes"},"yoast_head":"<!-- This site is optimized with the Yoast SEO Premium plugin v27.5 (Yoast SEO v27.5) - https:\/\/yoast.com\/product\/yoast-seo-premium-wordpress\/ -->\n<title>Planta de orqu\u00eddea - FloraNixena - FloraNixena - Entrega de flores a domicilio<\/title>\n<meta name=\"description\" content=\"Planta de orqu\u00eddea, planta regalo para el apartamento o la oficina, en toda Italia.\" \/>\n<meta name=\"robots\" content=\"index, follow, max-snippet:-1, max-image-preview:large, max-video-preview:-1\" \/>\n<link rel=\"canonical\" href=\"https:\/\/floranixena.it\/es\/producto\/orquidea\/\" \/>\n<meta property=\"og:locale\" content=\"es_ES\" \/>\n<meta property=\"og:type\" content=\"article\" \/>\n<meta property=\"og:title\" content=\"orqu\u00eddea\" \/>\n<meta property=\"og:description\" content=\"Planta de orqu\u00eddea  Jarr\u00f3n de pl\u00e1stico (marr\u00f3n) Jarr\u00f3n de cer\u00e1mica que se puede comprar m\u00e1s tarde\" \/>\n<meta property=\"og:url\" content=\"https:\/\/floranixena.it\/es\/producto\/orquidea\/\" \/>\n<meta property=\"og:site_name\" content=\"FloraNixena - FloraNixena - Entrega de flores a domicilio\" \/>\n<meta property=\"article:publisher\" content=\"https:\/\/www.facebook.com\/FloraNixena\/\" \/>\n<meta property=\"article:modified_time\" content=\"2025-09-16T09:39:34+00:00\" \/>\n<meta property=\"og:image\" content=\"https:\/\/floranixena.it\/wp-content\/uploads\/2018\/11\/pianta-orchidea-bianca-regalo-per-la-mamma-pianta-da-appartamento-casa-1.jpg\" \/>\n\t<meta property=\"og:image:width\" content=\"800\" \/>\n\t<meta property=\"og:image:height\" content=\"800\" \/>\n\t<meta property=\"og:image:type\" content=\"image\/jpeg\" \/>\n<meta name=\"twitter:card\" content=\"summary_large_image\" \/>\n<meta name=\"twitter:label1\" content=\"Tiempo de lectura\" \/>\n\t<meta name=\"twitter:data1\" content=\"1 minuto\" \/>\n<script type=\"application\/ld+json\" class=\"yoast-schema-graph\">{\"@context\":\"https:\\\/\\\/schema.org\",\"@graph\":[{\"@type\":\"WebPage\",\"@id\":\"https:\\\/\\\/floranixena.it\\\/es\\\/producto\\\/orquidea\\\/\",\"url\":\"https:\\\/\\\/floranixena.it\\\/es\\\/producto\\\/orquidea\\\/\",\"name\":\"Planta de orqu\u00eddea - FloraNixena - FloraNixena - Entrega de flores a domicilio\",\"isPartOf\":{\"@id\":\"https:\\\/\\\/floranixena.it\\\/es\\\/#website\"},\"primaryImageOfPage\":{\"@id\":\"https:\\\/\\\/floranixena.it\\\/es\\\/producto\\\/orquidea\\\/#primaryimage\"},\"image\":{\"@id\":\"https:\\\/\\\/floranixena.it\\\/es\\\/producto\\\/orquidea\\\/#primaryimage\"},\"thumbnailUrl\":\"https:\\\/\\\/floranixena.it\\\/wp-content\\\/uploads\\\/2018\\\/11\\\/pianta-orchidea-bianca-regalo-per-la-mamma-pianta-da-appartamento-casa-1.jpg\",\"datePublished\":\"2025-06-10T09:11:46+00:00\",\"dateModified\":\"2025-09-16T09:39:34+00:00\",\"description\":\"Planta de orqu\u00eddea, planta regalo para el apartamento o la oficina, en toda Italia.\",\"breadcrumb\":{\"@id\":\"https:\\\/\\\/floranixena.it\\\/es\\\/producto\\\/orquidea\\\/#breadcrumb\"},\"inLanguage\":\"es\",\"potentialAction\":[{\"@type\":\"ReadAction\",\"target\":[\"https:\\\/\\\/floranixena.it\\\/es\\\/producto\\\/orquidea\\\/\"]}]},{\"@type\":\"ImageObject\",\"inLanguage\":\"es\",\"@id\":\"https:\\\/\\\/floranixena.it\\\/es\\\/producto\\\/orquidea\\\/#primaryimage\",\"url\":\"https:\\\/\\\/floranixena.it\\\/wp-content\\\/uploads\\\/2018\\\/11\\\/pianta-orchidea-bianca-regalo-per-la-mamma-pianta-da-appartamento-casa-1.jpg\",\"contentUrl\":\"https:\\\/\\\/floranixena.it\\\/wp-content\\\/uploads\\\/2018\\\/11\\\/pianta-orchidea-bianca-regalo-per-la-mamma-pianta-da-appartamento-casa-1.jpg\",\"width\":800,\"height\":800,\"caption\":\"Una flor que encarna la gracia y la armon\u00eda, perfecta para espacios modernos y luminosos.\"},{\"@type\":\"BreadcrumbList\",\"@id\":\"https:\\\/\\\/floranixena.it\\\/es\\\/producto\\\/orquidea\\\/#breadcrumb\",\"itemListElement\":[{\"@type\":\"ListItem\",\"position\":1,\"name\":\"Home\",\"item\":\"https:\\\/\\\/floranixena.it\\\/es\\\/\"},{\"@type\":\"ListItem\",\"position\":2,\"name\":\"tienda\",\"item\":\"https:\\\/\\\/floranixena.it\\\/es\\\/tienda\\\/\"},{\"@type\":\"ListItem\",\"position\":3,\"name\":\"orqu\u00eddea\"}]},{\"@type\":\"WebSite\",\"@id\":\"https:\\\/\\\/floranixena.it\\\/es\\\/#website\",\"url\":\"https:\\\/\\\/floranixena.it\\\/es\\\/\",\"name\":\"FloraNixena - Consegna fiori a domicilio in Italia\",\"description\":\"Invia fiori che raccontano storie\",\"publisher\":{\"@id\":\"https:\\\/\\\/floranixena.it\\\/es\\\/#organization\"},\"alternateName\":\"FloraNixena.it\",\"potentialAction\":[{\"@type\":\"SearchAction\",\"target\":{\"@type\":\"EntryPoint\",\"urlTemplate\":\"https:\\\/\\\/floranixena.it\\\/es\\\/?s={search_term_string}\"},\"query-input\":{\"@type\":\"PropertyValueSpecification\",\"valueRequired\":true,\"valueName\":\"search_term_string\"}}],\"inLanguage\":\"es\"},{\"@type\":\"Organization\",\"@id\":\"https:\\\/\\\/floranixena.it\\\/es\\\/#organization\",\"name\":\"FloraNixena.it - Consegna mazzi di fiori, bouquet e piante a domicilio\",\"url\":\"https:\\\/\\\/floranixena.it\\\/es\\\/\",\"logo\":{\"@type\":\"ImageObject\",\"inLanguage\":\"es\",\"@id\":\"https:\\\/\\\/floranixena.it\\\/es\\\/#\\\/schema\\\/logo\\\/image\\\/\",\"url\":\"https:\\\/\\\/floranixena.it\\\/wp-content\\\/uploads\\\/2018\\\/11\\\/logo-fucsia.png\",\"contentUrl\":\"https:\\\/\\\/floranixena.it\\\/wp-content\\\/uploads\\\/2018\\\/11\\\/logo-fucsia.png\",\"width\":315,\"height\":81,\"caption\":\"FloraNixena.it - Consegna mazzi di fiori, bouquet e piante a domicilio\"},\"image\":{\"@id\":\"https:\\\/\\\/floranixena.it\\\/es\\\/#\\\/schema\\\/logo\\\/image\\\/\"},\"sameAs\":[\"https:\\\/\\\/www.facebook.com\\\/FloraNixena\\\/\",\"https:\\\/\\\/www.instagram.com\\\/floranixena.it\\\/\",\"https:\\\/\\\/www.youtube.com\\\/channel\\\/UCAfCWXMBezO96jgPjiUgpkA\"],\"description\":\"Chi Siamo? FloraNixena \u00e8 il partner di fiducia per la consegna di fiori freschi a domicilio. Con anni di esperienza nel settore floreale, siamo dedicati a portare la bellezza e la freschezza dei fiori direttamente alla vostra porta. La Nostra Missione La nostra missione \u00e8 trasformare ogni occasione in un momento speciale attraverso la magia dei fiori. Crediamo che un bouquet possa dire pi\u00f9 di mille parole e lavoriamo instancabilmente per assicurarci che ogni consegna porti gioia, amore e bellezza. Cosa Offriamo? Fiori Freschi: Collaboriamo con i migliori fornitori locali per garantire che i nostri fiori siano sempre freschi e di alta qualit\u00e0. Consegna Rapida e Puntuale: Offriamo un servizio di consegna rapido e affidabile, con la possibilit\u00e0 di scegliere la fascia oraria che pi\u00f9 vi conviene. Ampia Selezione: Dalle rose classiche ai bouquet personalizzati, abbiamo una vasta gamma di opzioni per soddisfare ogni gusto e occasione. Assistenza Clienti: Il nostro team \u00e8 sempre a disposizione per assistervi nella scelta del bouquet perfetto e per garantire un'esperienza di acquisto senza intoppi. Perch\u00e9 Sceglierci? Qualit\u00e0 Garantita: Ogni bouquet \u00e8 realizzato con cura dai nostri esperti fioristi, garantendo che ogni composizione sia un'opera d'arte. Servizio Personalizzato: Che sia per un anniversario, un compleanno, una celebrazione o un momento di condoglianza, personalizziamo ogni ordine per rispondere alle vostre esigenze specifiche. Soddisfazione del Cliente: La vostra soddisfazione \u00e8 la nostra priorit\u00e0 assoluta. Facciamo tutto il possibile per assicurarci che ogni consegna superi le vostre aspettative.\",\"email\":\"amministrazione@floranixena.it\",\"telephone\":\"3806342394\",\"legalName\":\"Gaetano Votadoro\"}]}<\/script>\n<!-- \/ Yoast SEO Premium plugin. -->","yoast_head_json":{"title":"Planta de orqu\u00eddea - FloraNixena - FloraNixena - Entrega de flores a domicilio","description":"Planta de orqu\u00eddea, planta regalo para el apartamento o la oficina, en toda Italia.","robots":{"index":"index","follow":"follow","max-snippet":"max-snippet:-1","max-image-preview":"max-image-preview:large","max-video-preview":"max-video-preview:-1"},"canonical":"https:\/\/floranixena.it\/es\/producto\/orquidea\/","og_locale":"es_ES","og_type":"article","og_title":"orqu\u00eddea","og_description":"Planta de orqu\u00eddea  Jarr\u00f3n de pl\u00e1stico (marr\u00f3n) Jarr\u00f3n de cer\u00e1mica que se puede comprar m\u00e1s tarde","og_url":"https:\/\/floranixena.it\/es\/producto\/orquidea\/","og_site_name":"FloraNixena - FloraNixena - Entrega de flores a domicilio","article_publisher":"https:\/\/www.facebook.com\/FloraNixena\/","article_modified_time":"2025-09-16T09:39:34+00:00","og_image":[{"width":800,"height":800,"url":"https:\/\/floranixena.it\/wp-content\/uploads\/2018\/11\/pianta-orchidea-bianca-regalo-per-la-mamma-pianta-da-appartamento-casa-1.jpg","type":"image\/jpeg"}],"twitter_card":"summary_large_image","twitter_misc":{"Tiempo de lectura":"1 minuto"},"schema":{"@context":"https:\/\/schema.org","@graph":[{"@type":"WebPage","@id":"https:\/\/floranixena.it\/es\/producto\/orquidea\/","url":"https:\/\/floranixena.it\/es\/producto\/orquidea\/","name":"Planta de orqu\u00eddea - FloraNixena - FloraNixena - Entrega de flores a domicilio","isPartOf":{"@id":"https:\/\/floranixena.it\/es\/#website"},"primaryImageOfPage":{"@id":"https:\/\/floranixena.it\/es\/producto\/orquidea\/#primaryimage"},"image":{"@id":"https:\/\/floranixena.it\/es\/producto\/orquidea\/#primaryimage"},"thumbnailUrl":"https:\/\/floranixena.it\/wp-content\/uploads\/2018\/11\/pianta-orchidea-bianca-regalo-per-la-mamma-pianta-da-appartamento-casa-1.jpg","datePublished":"2025-06-10T09:11:46+00:00","dateModified":"2025-09-16T09:39:34+00:00","description":"Planta de orqu\u00eddea, planta regalo para el apartamento o la oficina, en toda Italia.","breadcrumb":{"@id":"https:\/\/floranixena.it\/es\/producto\/orquidea\/#breadcrumb"},"inLanguage":"es","potentialAction":[{"@type":"ReadAction","target":["https:\/\/floranixena.it\/es\/producto\/orquidea\/"]}]},{"@type":"ImageObject","inLanguage":"es","@id":"https:\/\/floranixena.it\/es\/producto\/orquidea\/#primaryimage","url":"https:\/\/floranixena.it\/wp-content\/uploads\/2018\/11\/pianta-orchidea-bianca-regalo-per-la-mamma-pianta-da-appartamento-casa-1.jpg","contentUrl":"https:\/\/floranixena.it\/wp-content\/uploads\/2018\/11\/pianta-orchidea-bianca-regalo-per-la-mamma-pianta-da-appartamento-casa-1.jpg","width":800,"height":800,"caption":"Una flor que encarna la gracia y la armon\u00eda, perfecta para espacios modernos y luminosos."},{"@type":"BreadcrumbList","@id":"https:\/\/floranixena.it\/es\/producto\/orquidea\/#breadcrumb","itemListElement":[{"@type":"ListItem","position":1,"name":"Home","item":"https:\/\/floranixena.it\/es\/"},{"@type":"ListItem","position":2,"name":"tienda","item":"https:\/\/floranixena.it\/es\/tienda\/"},{"@type":"ListItem","position":3,"name":"orqu\u00eddea"}]},{"@type":"WebSite","@id":"https:\/\/floranixena.it\/es\/#website","url":"https:\/\/floranixena.it\/es\/","name":"FloraNixena - Consegna fiori a domicilio in Italia","description":"Invia fiori che raccontano storie","publisher":{"@id":"https:\/\/floranixena.it\/es\/#organization"},"alternateName":"FloraNixena.it","potentialAction":[{"@type":"SearchAction","target":{"@type":"EntryPoint","urlTemplate":"https:\/\/floranixena.it\/es\/?s={search_term_string}"},"query-input":{"@type":"PropertyValueSpecification","valueRequired":true,"valueName":"search_term_string"}}],"inLanguage":"es"},{"@type":"Organization","@id":"https:\/\/floranixena.it\/es\/#organization","name":"FloraNixena.it - Consegna mazzi di fiori, bouquet e piante a domicilio","url":"https:\/\/floranixena.it\/es\/","logo":{"@type":"ImageObject","inLanguage":"es","@id":"https:\/\/floranixena.it\/es\/#\/schema\/logo\/image\/","url":"https:\/\/floranixena.it\/wp-content\/uploads\/2018\/11\/logo-fucsia.png","contentUrl":"https:\/\/floranixena.it\/wp-content\/uploads\/2018\/11\/logo-fucsia.png","width":315,"height":81,"caption":"FloraNixena.it - Consegna mazzi di fiori, bouquet e piante a domicilio"},"image":{"@id":"https:\/\/floranixena.it\/es\/#\/schema\/logo\/image\/"},"sameAs":["https:\/\/www.facebook.com\/FloraNixena\/","https:\/\/www.instagram.com\/floranixena.it\/","https:\/\/www.youtube.com\/channel\/UCAfCWXMBezO96jgPjiUgpkA"],"description":"Chi Siamo? FloraNixena \u00e8 il partner di fiducia per la consegna di fiori freschi a domicilio. Con anni di esperienza nel settore floreale, siamo dedicati a portare la bellezza e la freschezza dei fiori direttamente alla vostra porta. La Nostra Missione La nostra missione \u00e8 trasformare ogni occasione in un momento speciale attraverso la magia dei fiori. Crediamo che un bouquet possa dire pi\u00f9 di mille parole e lavoriamo instancabilmente per assicurarci che ogni consegna porti gioia, amore e bellezza. Cosa Offriamo? Fiori Freschi: Collaboriamo con i migliori fornitori locali per garantire che i nostri fiori siano sempre freschi e di alta qualit\u00e0. Consegna Rapida e Puntuale: Offriamo un servizio di consegna rapido e affidabile, con la possibilit\u00e0 di scegliere la fascia oraria che pi\u00f9 vi conviene. Ampia Selezione: Dalle rose classiche ai bouquet personalizzati, abbiamo una vasta gamma di opzioni per soddisfare ogni gusto e occasione. Assistenza Clienti: Il nostro team \u00e8 sempre a disposizione per assistervi nella scelta del bouquet perfetto e per garantire un'esperienza di acquisto senza intoppi. Perch\u00e9 Sceglierci? Qualit\u00e0 Garantita: Ogni bouquet \u00e8 realizzato con cura dai nostri esperti fioristi, garantendo che ogni composizione sia un'opera d'arte. Servizio Personalizzato: Che sia per un anniversario, un compleanno, una celebrazione o un momento di condoglianza, personalizziamo ogni ordine per rispondere alle vostre esigenze specifiche. Soddisfazione del Cliente: La vostra soddisfazione \u00e8 la nostra priorit\u00e0 assoluta. Facciamo tutto il possibile per assicurarci che ogni consegna superi le vostre aspettative.","email":"amministrazione@floranixena.it","telephone":"3806342394","legalName":"Gaetano Votadoro"}]}},"_links":{"self":[{"href":"https:\/\/floranixena.it\/es\/wp-json\/wp\/v2\/product\/18856","targetHints":{"allow":["GET"]}}],"collection":[{"href":"https:\/\/floranixena.it\/es\/wp-json\/wp\/v2\/product"}],"about":[{"href":"https:\/\/floranixena.it\/es\/wp-json\/wp\/v2\/types\/product"}],"replies":[{"embeddable":true,"href":"https:\/\/floranixena.it\/es\/wp-json\/wp\/v2\/comments?post=18856"}],"wp:featuredmedia":[{"embeddable":true,"href":"https:\/\/floranixena.it\/es\/wp-json\/wp\/v2\/media\/18744"}],"wp:attachment":[{"href":"https:\/\/floranixena.it\/es\/wp-json\/wp\/v2\/media?parent=18856"}],"wp:term":[{"taxonomy":"product_brand","embeddable":true,"href":"https:\/\/floranixena.it\/es\/wp-json\/wp\/v2\/product_brand?post=18856"},{"taxonomy":"product_cat","embeddable":true,"href":"https:\/\/floranixena.it\/es\/wp-json\/wp\/v2\/product_cat?post=18856"},{"taxonomy":"product_tag","embeddable":true,"href":"https:\/\/floranixena.it\/es\/wp-json\/wp\/v2\/product_tag?post=18856"}],"curies":[{"name":"wp","href":"https:\/\/api.w.org\/{rel}","templated":true}]}}