{"id":18807,"date":"2025-06-16T15:33:29","date_gmt":"2025-06-16T13:33:29","guid":{"rendered":"https:\/\/floranixena.it\/product\/rosa-estabilizada\/"},"modified":"2025-09-16T10:56:10","modified_gmt":"2025-09-16T08:56:10","slug":"rosa-estabilizada","status":"publish","type":"product","link":"https:\/\/floranixena.it\/es\/producto\/rosa-estabilizada\/","title":{"rendered":"Rosa estabilizada"},"content":{"rendered":"<p>Descubra el encanto atemporal de las <strong>rosas estabilizadas<\/strong>, tambi\u00e9n conocidas como rosas eternas, una revoluci\u00f3n en el mundo de la flor\u00edstica que combina innovaci\u00f3n y tradici\u00f3n. Este proceso \u00fanico preserva la belleza y la frescura de las flores durante a\u00f1os, ofreciendo una belleza duradera e incomparable, capaz de transformar cada momento especial en algo inolvidable. <\/p>\n<p>Nuestras rosas estabilizadas est\u00e1n disponibles en ocho fascinantes pigmentaciones, cada una con un significado especial y una historia que contar. El <a href=\"https:\/\/floranixena.it\/es\/producto\/cubo-de-9-rosas-rojas\/\"><strong>rojo<\/strong><\/a>, s\u00edmbolo de amor eterno y pasi\u00f3n ardiente, es solo uno de los colores que puedes elegir para expresar tus sentimientos m\u00e1s profundos. Otros colores disponibles incluyen <strong>naranja<\/strong>, que representa el entusiasmo y la energ\u00eda; azul, que evoca serenidad y paz; <strong>negro<\/strong>, s\u00edmbolo de misterio y sofisticaci\u00f3n; <strong>azul<\/strong>, que transmite calma y profundidad; <strong>blanco<\/strong>, sin\u00f3nimo de pureza e inocencia; el <a href=\"https:\/\/floranixena.it\/es\/producto\/susurro-en-el-oceano\/\"><strong>p\u00farpura<\/strong><\/a>, que denota realeza y creatividad; y el <a href=\"https:\/\/floranixena.it\/es\/prodotto\/rosa-perfecto\/\"><strong>rosa<\/strong><\/a>, que refleja afecto y dulzura.  <\/p>\n<p>Cada rosa est\u00e1 encerrada en elegantes contenedores c\u00fabicos, hechos de vidrio o plexigl\u00e1s, que no solo garantizan la longevidad de la flor sino que tambi\u00e9n act\u00faan como sofisticados objetos de decoraci\u00f3n. Estos contenedores est\u00e1n dise\u00f1ados con un gusto refinado y un dise\u00f1o minimalista, pensados para integrarse armoniosamente en cualquier ambiente y a\u00f1adir un toque de clase y estilo. <\/p>\n<p>Ya sea que est\u00e9 buscando el regalo perfecto para una persona especial, o desee enriquecer su espacio con un elemento decorativo de alta clase, las <strong>rosas <\/strong>estabilizadas ofrecen una belleza duradera que no pasa desapercibida. Agregue un toque de elegancia y simbolismo a sus momentos m\u00e1s preciados y celebre el arte de la belleza atemporal con nuestras magn\u00edficas rosas. <\/p>\n","protected":false},"excerpt":{"rendered":"<p>Puedes elegir el material del embalaje y el color preferido de los siguientes men\u00fas.<\/p>\n<ul>\n<li>1 Envase que contiene una <strong>rosa <\/strong>estabilizada debidamente decorada.<\/li>\n<\/ul>\n<p>&nbsp;<\/p>\n","protected":false},"featured_media":18808,"comment_status":"open","ping_status":"closed","template":"","meta":[],"product_brand":[],"product_cat":[4342,4327,4776,4359],"product_tag":[4783,4784,4777,4782,4779,4781,4780,4778],"class_list":{"0":"post-18807","1":"product","2":"type-product","3":"status-publish","4":"has-post-thumbnail","6":"product_cat-decimoctavo-cumpleanos","7":"product_cat-dia-de-la-mujer","8":"product_cat-rosas-estabilizadas","9":"product_cat-san-valentin","10":"product_tag-rosa-azul","11":"product_tag-rosa-azul-es","12":"product_tag-rosa-estabilizada","13":"product_tag-rosa-multicolor","14":"product_tag-rosa-naranja","15":"product_tag-rosa-negra","16":"product_tag-rosa-purpura","17":"product_tag-rosa-roja","19":"first","20":"instock","21":"shipping-taxable","22":"purchasable","23":"product-type-variable","24":"has-default-attributes"},"yoast_head":"<!-- This site is optimized with the Yoast SEO Premium plugin v27.6 (Yoast SEO v27.6) - https:\/\/yoast.com\/product\/yoast-seo-premium-wordpress\/ -->\n<title>Rosa estabilizada - FloraNixena - FloraNixena - Entrega de flores a domicilio<\/title>\n<meta name=\"description\" content=\"La rosa estabilizada disponible en vidrio y plexigl\u00e1s y muchos colores para un amor eterno. Regala y entrega a domicilio una rosa estabilizada.\" \/>\n<meta name=\"robots\" content=\"index, follow, max-snippet:-1, max-image-preview:large, max-video-preview:-1\" \/>\n<link rel=\"canonical\" href=\"https:\/\/floranixena.it\/es\/producto\/rosa-estabilizada\/\" \/>\n<meta property=\"og:locale\" content=\"es_ES\" \/>\n<meta property=\"og:type\" content=\"article\" \/>\n<meta property=\"og:title\" content=\"Rosa estabilizada\" \/>\n<meta property=\"og:description\" content=\"Puedes elegir el material del embalaje y el color preferido de los siguientes men\u00fas.  1 Envase que contiene una rosa estabilizada debidamente decorada. &nbsp;\" \/>\n<meta property=\"og:url\" content=\"https:\/\/floranixena.it\/es\/producto\/rosa-estabilizada\/\" \/>\n<meta property=\"og:site_name\" content=\"FloraNixena - FloraNixena - Entrega de flores a domicilio\" \/>\n<meta property=\"article:publisher\" content=\"https:\/\/www.facebook.com\/FloraNixena\/\" \/>\n<meta property=\"article:modified_time\" content=\"2025-09-16T08:56:10+00:00\" \/>\n<meta property=\"og:image\" content=\"https:\/\/floranixena.it\/wp-content\/uploads\/2018\/11\/Fiori-e-rose-stabilizzate-floranixena.jpg\" \/>\n\t<meta property=\"og:image:width\" content=\"800\" \/>\n\t<meta property=\"og:image:height\" content=\"800\" \/>\n\t<meta property=\"og:image:type\" content=\"image\/jpeg\" \/>\n<meta name=\"twitter:card\" content=\"summary_large_image\" \/>\n<meta name=\"twitter:label1\" content=\"Tiempo de lectura\" \/>\n\t<meta name=\"twitter:data1\" content=\"1 minuto\" \/>\n<script type=\"application\/ld+json\" class=\"yoast-schema-graph\">{\"@context\":\"https:\\\/\\\/schema.org\",\"@graph\":[{\"@type\":\"WebPage\",\"@id\":\"https:\\\/\\\/floranixena.it\\\/es\\\/producto\\\/rosa-estabilizada\\\/\",\"url\":\"https:\\\/\\\/floranixena.it\\\/es\\\/producto\\\/rosa-estabilizada\\\/\",\"name\":\"Rosa estabilizada - FloraNixena - FloraNixena - Entrega de flores a domicilio\",\"isPartOf\":{\"@id\":\"https:\\\/\\\/floranixena.it\\\/es\\\/#website\"},\"primaryImageOfPage\":{\"@id\":\"https:\\\/\\\/floranixena.it\\\/es\\\/producto\\\/rosa-estabilizada\\\/#primaryimage\"},\"image\":{\"@id\":\"https:\\\/\\\/floranixena.it\\\/es\\\/producto\\\/rosa-estabilizada\\\/#primaryimage\"},\"thumbnailUrl\":\"https:\\\/\\\/floranixena.it\\\/wp-content\\\/uploads\\\/2018\\\/11\\\/Fiori-e-rose-stabilizzate-floranixena.jpg\",\"datePublished\":\"2025-06-16T13:33:29+00:00\",\"dateModified\":\"2025-09-16T08:56:10+00:00\",\"description\":\"La rosa estabilizada disponible en vidrio y plexigl\u00e1s y muchos colores para un amor eterno. Regala y entrega a domicilio una rosa estabilizada.\",\"breadcrumb\":{\"@id\":\"https:\\\/\\\/floranixena.it\\\/es\\\/producto\\\/rosa-estabilizada\\\/#breadcrumb\"},\"inLanguage\":\"es\",\"potentialAction\":[{\"@type\":\"ReadAction\",\"target\":[\"https:\\\/\\\/floranixena.it\\\/es\\\/producto\\\/rosa-estabilizada\\\/\"]}]},{\"@type\":\"ImageObject\",\"inLanguage\":\"es\",\"@id\":\"https:\\\/\\\/floranixena.it\\\/es\\\/producto\\\/rosa-estabilizada\\\/#primaryimage\",\"url\":\"https:\\\/\\\/floranixena.it\\\/wp-content\\\/uploads\\\/2018\\\/11\\\/Fiori-e-rose-stabilizzate-floranixena.jpg\",\"contentUrl\":\"https:\\\/\\\/floranixena.it\\\/wp-content\\\/uploads\\\/2018\\\/11\\\/Fiori-e-rose-stabilizzate-floranixena.jpg\",\"width\":800,\"height\":800,\"caption\":\"Rose stabilizzate\"},{\"@type\":\"BreadcrumbList\",\"@id\":\"https:\\\/\\\/floranixena.it\\\/es\\\/producto\\\/rosa-estabilizada\\\/#breadcrumb\",\"itemListElement\":[{\"@type\":\"ListItem\",\"position\":1,\"name\":\"Home\",\"item\":\"https:\\\/\\\/floranixena.it\\\/es\\\/\"},{\"@type\":\"ListItem\",\"position\":2,\"name\":\"tienda\",\"item\":\"https:\\\/\\\/floranixena.it\\\/es\\\/tienda\\\/\"},{\"@type\":\"ListItem\",\"position\":3,\"name\":\"rosa estabilizada\"}]},{\"@type\":\"WebSite\",\"@id\":\"https:\\\/\\\/floranixena.it\\\/es\\\/#website\",\"url\":\"https:\\\/\\\/floranixena.it\\\/es\\\/\",\"name\":\"FloraNixena - Consegna fiori a domicilio in Italia\",\"description\":\"Invia fiori che raccontano storie\",\"publisher\":{\"@id\":\"https:\\\/\\\/floranixena.it\\\/es\\\/#organization\"},\"alternateName\":\"FloraNixena.it\",\"potentialAction\":[{\"@type\":\"SearchAction\",\"target\":{\"@type\":\"EntryPoint\",\"urlTemplate\":\"https:\\\/\\\/floranixena.it\\\/es\\\/?s={search_term_string}\"},\"query-input\":{\"@type\":\"PropertyValueSpecification\",\"valueRequired\":true,\"valueName\":\"search_term_string\"}}],\"inLanguage\":\"es\"},{\"@type\":\"Organization\",\"@id\":\"https:\\\/\\\/floranixena.it\\\/es\\\/#organization\",\"name\":\"FloraNixena.it - Consegna mazzi di fiori, bouquet e piante a domicilio\",\"url\":\"https:\\\/\\\/floranixena.it\\\/es\\\/\",\"logo\":{\"@type\":\"ImageObject\",\"inLanguage\":\"es\",\"@id\":\"https:\\\/\\\/floranixena.it\\\/es\\\/#\\\/schema\\\/logo\\\/image\\\/\",\"url\":\"https:\\\/\\\/floranixena.it\\\/wp-content\\\/uploads\\\/2018\\\/11\\\/logo-fucsia.png\",\"contentUrl\":\"https:\\\/\\\/floranixena.it\\\/wp-content\\\/uploads\\\/2018\\\/11\\\/logo-fucsia.png\",\"width\":315,\"height\":81,\"caption\":\"FloraNixena.it - Consegna mazzi di fiori, bouquet e piante a domicilio\"},\"image\":{\"@id\":\"https:\\\/\\\/floranixena.it\\\/es\\\/#\\\/schema\\\/logo\\\/image\\\/\"},\"sameAs\":[\"https:\\\/\\\/www.facebook.com\\\/FloraNixena\\\/\",\"https:\\\/\\\/www.instagram.com\\\/floranixena.it\\\/\",\"https:\\\/\\\/www.youtube.com\\\/channel\\\/UCAfCWXMBezO96jgPjiUgpkA\"],\"description\":\"Chi Siamo? FloraNixena \u00e8 il partner di fiducia per la consegna di fiori freschi a domicilio. Con anni di esperienza nel settore floreale, siamo dedicati a portare la bellezza e la freschezza dei fiori direttamente alla vostra porta. La Nostra Missione La nostra missione \u00e8 trasformare ogni occasione in un momento speciale attraverso la magia dei fiori. Crediamo che un bouquet possa dire pi\u00f9 di mille parole e lavoriamo instancabilmente per assicurarci che ogni consegna porti gioia, amore e bellezza. Cosa Offriamo? Fiori Freschi: Collaboriamo con i migliori fornitori locali per garantire che i nostri fiori siano sempre freschi e di alta qualit\u00e0. Consegna Rapida e Puntuale: Offriamo un servizio di consegna rapido e affidabile, con la possibilit\u00e0 di scegliere la fascia oraria che pi\u00f9 vi conviene. Ampia Selezione: Dalle rose classiche ai bouquet personalizzati, abbiamo una vasta gamma di opzioni per soddisfare ogni gusto e occasione. Assistenza Clienti: Il nostro team \u00e8 sempre a disposizione per assistervi nella scelta del bouquet perfetto e per garantire un'esperienza di acquisto senza intoppi. Perch\u00e9 Sceglierci? Qualit\u00e0 Garantita: Ogni bouquet \u00e8 realizzato con cura dai nostri esperti fioristi, garantendo che ogni composizione sia un'opera d'arte. Servizio Personalizzato: Che sia per un anniversario, un compleanno, una celebrazione o un momento di condoglianza, personalizziamo ogni ordine per rispondere alle vostre esigenze specifiche. Soddisfazione del Cliente: La vostra soddisfazione \u00e8 la nostra priorit\u00e0 assoluta. Facciamo tutto il possibile per assicurarci che ogni consegna superi le vostre aspettative.\",\"email\":\"amministrazione@floranixena.it\",\"telephone\":\"3806342394\",\"legalName\":\"Gaetano Votadoro\"}]}<\/script>\n<!-- \/ Yoast SEO Premium plugin. -->","yoast_head_json":{"title":"Rosa estabilizada - FloraNixena - FloraNixena - Entrega de flores a domicilio","description":"La rosa estabilizada disponible en vidrio y plexigl\u00e1s y muchos colores para un amor eterno. Regala y entrega a domicilio una rosa estabilizada.","robots":{"index":"index","follow":"follow","max-snippet":"max-snippet:-1","max-image-preview":"max-image-preview:large","max-video-preview":"max-video-preview:-1"},"canonical":"https:\/\/floranixena.it\/es\/producto\/rosa-estabilizada\/","og_locale":"es_ES","og_type":"article","og_title":"Rosa estabilizada","og_description":"Puedes elegir el material del embalaje y el color preferido de los siguientes men\u00fas.  1 Envase que contiene una rosa estabilizada debidamente decorada. &nbsp;","og_url":"https:\/\/floranixena.it\/es\/producto\/rosa-estabilizada\/","og_site_name":"FloraNixena - FloraNixena - Entrega de flores a domicilio","article_publisher":"https:\/\/www.facebook.com\/FloraNixena\/","article_modified_time":"2025-09-16T08:56:10+00:00","og_image":[{"width":800,"height":800,"url":"https:\/\/floranixena.it\/wp-content\/uploads\/2018\/11\/Fiori-e-rose-stabilizzate-floranixena.jpg","type":"image\/jpeg"}],"twitter_card":"summary_large_image","twitter_misc":{"Tiempo de lectura":"1 minuto"},"schema":{"@context":"https:\/\/schema.org","@graph":[{"@type":"WebPage","@id":"https:\/\/floranixena.it\/es\/producto\/rosa-estabilizada\/","url":"https:\/\/floranixena.it\/es\/producto\/rosa-estabilizada\/","name":"Rosa estabilizada - FloraNixena - FloraNixena - Entrega de flores a domicilio","isPartOf":{"@id":"https:\/\/floranixena.it\/es\/#website"},"primaryImageOfPage":{"@id":"https:\/\/floranixena.it\/es\/producto\/rosa-estabilizada\/#primaryimage"},"image":{"@id":"https:\/\/floranixena.it\/es\/producto\/rosa-estabilizada\/#primaryimage"},"thumbnailUrl":"https:\/\/floranixena.it\/wp-content\/uploads\/2018\/11\/Fiori-e-rose-stabilizzate-floranixena.jpg","datePublished":"2025-06-16T13:33:29+00:00","dateModified":"2025-09-16T08:56:10+00:00","description":"La rosa estabilizada disponible en vidrio y plexigl\u00e1s y muchos colores para un amor eterno. Regala y entrega a domicilio una rosa estabilizada.","breadcrumb":{"@id":"https:\/\/floranixena.it\/es\/producto\/rosa-estabilizada\/#breadcrumb"},"inLanguage":"es","potentialAction":[{"@type":"ReadAction","target":["https:\/\/floranixena.it\/es\/producto\/rosa-estabilizada\/"]}]},{"@type":"ImageObject","inLanguage":"es","@id":"https:\/\/floranixena.it\/es\/producto\/rosa-estabilizada\/#primaryimage","url":"https:\/\/floranixena.it\/wp-content\/uploads\/2018\/11\/Fiori-e-rose-stabilizzate-floranixena.jpg","contentUrl":"https:\/\/floranixena.it\/wp-content\/uploads\/2018\/11\/Fiori-e-rose-stabilizzate-floranixena.jpg","width":800,"height":800,"caption":"Rose stabilizzate"},{"@type":"BreadcrumbList","@id":"https:\/\/floranixena.it\/es\/producto\/rosa-estabilizada\/#breadcrumb","itemListElement":[{"@type":"ListItem","position":1,"name":"Home","item":"https:\/\/floranixena.it\/es\/"},{"@type":"ListItem","position":2,"name":"tienda","item":"https:\/\/floranixena.it\/es\/tienda\/"},{"@type":"ListItem","position":3,"name":"rosa estabilizada"}]},{"@type":"WebSite","@id":"https:\/\/floranixena.it\/es\/#website","url":"https:\/\/floranixena.it\/es\/","name":"FloraNixena - Consegna fiori a domicilio in Italia","description":"Invia fiori che raccontano storie","publisher":{"@id":"https:\/\/floranixena.it\/es\/#organization"},"alternateName":"FloraNixena.it","potentialAction":[{"@type":"SearchAction","target":{"@type":"EntryPoint","urlTemplate":"https:\/\/floranixena.it\/es\/?s={search_term_string}"},"query-input":{"@type":"PropertyValueSpecification","valueRequired":true,"valueName":"search_term_string"}}],"inLanguage":"es"},{"@type":"Organization","@id":"https:\/\/floranixena.it\/es\/#organization","name":"FloraNixena.it - Consegna mazzi di fiori, bouquet e piante a domicilio","url":"https:\/\/floranixena.it\/es\/","logo":{"@type":"ImageObject","inLanguage":"es","@id":"https:\/\/floranixena.it\/es\/#\/schema\/logo\/image\/","url":"https:\/\/floranixena.it\/wp-content\/uploads\/2018\/11\/logo-fucsia.png","contentUrl":"https:\/\/floranixena.it\/wp-content\/uploads\/2018\/11\/logo-fucsia.png","width":315,"height":81,"caption":"FloraNixena.it - Consegna mazzi di fiori, bouquet e piante a domicilio"},"image":{"@id":"https:\/\/floranixena.it\/es\/#\/schema\/logo\/image\/"},"sameAs":["https:\/\/www.facebook.com\/FloraNixena\/","https:\/\/www.instagram.com\/floranixena.it\/","https:\/\/www.youtube.com\/channel\/UCAfCWXMBezO96jgPjiUgpkA"],"description":"Chi Siamo? FloraNixena \u00e8 il partner di fiducia per la consegna di fiori freschi a domicilio. Con anni di esperienza nel settore floreale, siamo dedicati a portare la bellezza e la freschezza dei fiori direttamente alla vostra porta. La Nostra Missione La nostra missione \u00e8 trasformare ogni occasione in un momento speciale attraverso la magia dei fiori. Crediamo che un bouquet possa dire pi\u00f9 di mille parole e lavoriamo instancabilmente per assicurarci che ogni consegna porti gioia, amore e bellezza. Cosa Offriamo? Fiori Freschi: Collaboriamo con i migliori fornitori locali per garantire che i nostri fiori siano sempre freschi e di alta qualit\u00e0. Consegna Rapida e Puntuale: Offriamo un servizio di consegna rapido e affidabile, con la possibilit\u00e0 di scegliere la fascia oraria che pi\u00f9 vi conviene. Ampia Selezione: Dalle rose classiche ai bouquet personalizzati, abbiamo una vasta gamma di opzioni per soddisfare ogni gusto e occasione. Assistenza Clienti: Il nostro team \u00e8 sempre a disposizione per assistervi nella scelta del bouquet perfetto e per garantire un'esperienza di acquisto senza intoppi. Perch\u00e9 Sceglierci? Qualit\u00e0 Garantita: Ogni bouquet \u00e8 realizzato con cura dai nostri esperti fioristi, garantendo che ogni composizione sia un'opera d'arte. Servizio Personalizzato: Che sia per un anniversario, un compleanno, una celebrazione o un momento di condoglianza, personalizziamo ogni ordine per rispondere alle vostre esigenze specifiche. Soddisfazione del Cliente: La vostra soddisfazione \u00e8 la nostra priorit\u00e0 assoluta. Facciamo tutto il possibile per assicurarci che ogni consegna superi le vostre aspettative.","email":"amministrazione@floranixena.it","telephone":"3806342394","legalName":"Gaetano Votadoro"}]}},"_links":{"self":[{"href":"https:\/\/floranixena.it\/es\/wp-json\/wp\/v2\/product\/18807","targetHints":{"allow":["GET"]}}],"collection":[{"href":"https:\/\/floranixena.it\/es\/wp-json\/wp\/v2\/product"}],"about":[{"href":"https:\/\/floranixena.it\/es\/wp-json\/wp\/v2\/types\/product"}],"replies":[{"embeddable":true,"href":"https:\/\/floranixena.it\/es\/wp-json\/wp\/v2\/comments?post=18807"}],"wp:featuredmedia":[{"embeddable":true,"href":"https:\/\/floranixena.it\/es\/wp-json\/wp\/v2\/media\/18808"}],"wp:attachment":[{"href":"https:\/\/floranixena.it\/es\/wp-json\/wp\/v2\/media?parent=18807"}],"wp:term":[{"taxonomy":"product_brand","embeddable":true,"href":"https:\/\/floranixena.it\/es\/wp-json\/wp\/v2\/product_brand?post=18807"},{"taxonomy":"product_cat","embeddable":true,"href":"https:\/\/floranixena.it\/es\/wp-json\/wp\/v2\/product_cat?post=18807"},{"taxonomy":"product_tag","embeddable":true,"href":"https:\/\/floranixena.it\/es\/wp-json\/wp\/v2\/product_tag?post=18807"}],"curies":[{"name":"wp","href":"https:\/\/api.w.org\/{rel}","templated":true}]}}