{"id":18766,"date":"2025-09-15T10:39:38","date_gmt":"2025-09-15T08:39:38","guid":{"rendered":"https:\/\/floranixena.it\/product\/cesta-con-vino-rosas-y-bayas\/"},"modified":"2025-09-15T10:39:38","modified_gmt":"2025-09-15T08:39:38","slug":"cesta-con-vino-rosas-y-bayas","status":"publish","type":"product","link":"https:\/\/floranixena.it\/es\/producto\/cesta-con-vino-rosas-y-bayas\/","title":{"rendered":"Cesta con vino, rosas y bayas"},"content":{"rendered":"<h1>Est\u00e1s pensando en el regalo perfecto para esta <strong>Navidad<\/strong>?<\/h1>\n<p>Esta cesta es un regalo perfecto para los amantes del vino y las flores. La <strong>cesta de mimbre<\/strong> est\u00e1 decorada con <strong>cinco hermosas<a href=\"https:\/\/floranixena.it\/prodotto\/bouquet-di-rose-rosse-e-gypsophila\/\"> rosas rojas<\/a>,<\/strong> <strong>margaritas blancas y verdes <\/strong>y <strong>bayas de Ilex o Hypericum rojo<\/strong>, todas sabiamente dispuestas con <strong>hojas de gypsophila y aralia <\/strong>para decorar el verde. Las flores se colocan dentro de una esponja h\u00fameda que mantiene inalterada la calidad de las flores manteni\u00e9ndolas frescas y brillantes el mayor tiempo posible. La cesta tambi\u00e9n incluye una <a href=\"https:\/\/floranixena.it\/tag-prodotto\/vino-rosso\/\" target=\"_blank\" rel=\"noopener\">botella de vino tinto <\/a>DOC, lo que la convierte en un regalo de Navidad perfecto para los amantes del buen vino y las hermosas flores. El mango de mimbre hace que sea f\u00e1cil de llevar y transportar, lo que lo convierte en una excelente opci\u00f3n de regalo para cualquier ocasi\u00f3n.    <\/p>\n<p>Ya sea un cumplea\u00f1os, aniversario o cualquier ocasi\u00f3n especial, esta cesta de mimbre con rosas y vino har\u00e1 que sus seres queridos se sientan especiales y apreciados. Es un gran <a href=\"https:\/\/floranixena.it\/es\/catalog\/jarrones-y-regalos\/\" target=\"_blank\" rel=\"noopener\">regalo<\/a> para cualquier persona. <\/p>\n<p>La entrega de este producto es gratuita y garantizada por nuestra red de floristas locales.<\/p>\n<p>Esta cesta tiene una composici\u00f3n floral realmente \u00fanica y le dar\u00e1 un toque de belleza a cualquier ambiente en el que la coloque.<\/p>\n","protected":false},"excerpt":{"rendered":"<ul>\n<li>Cesta con mango de mimbre<\/li>\n<li>rosas rojas<\/li>\n<li>Margaritas blancas y verdes<\/li>\n<li>Bayas de Ilex o Hypericum rojo<\/li>\n<li>Gypsophila<\/li>\n<li>esponja h\u00fameda<\/li>\n<li>Hojas de aralia (verde decorativo)<\/li>\n<li>1 botella de vino tinto DOC1<\/li>\n<li>2 copas entrelazadas<\/li>\n<li>Las flores se insertan dentro de una esponja h\u00fameda que mantiene inalterada la calidad de las flores, mientras que la composici\u00f3n est\u00e1 hecha con organza roja y entregada con celof\u00e1n brillante y lazo rojo.<\/li>\n<\/ul>\n<p><span style=\"color: #008000;\"><strong>Entrega gratuita en este producto<\/strong><\/span><\/p>\n","protected":false},"featured_media":18646,"comment_status":"open","ping_status":"closed","template":"","meta":[],"product_brand":[],"product_cat":[4438,4331,4316,4363,4365,4318,4361,4358,4360,4336,4359],"product_tag":[4456,4473,4455,4472,4460,4343,4442],"class_list":{"0":"post-18766","1":"product","2":"type-product","3":"status-publish","4":"has-post-thumbnail","6":"product_cat-5-aniversario-boda-de-seda","7":"product_cat-amor-y-el-romance","8":"product_cat-compleanno-es","9":"product_cat-flores-clasicas-y-romanticas","10":"product_cat-navidad","11":"product_cat-oportunidad","12":"product_cat-para-la-esposa-o-la-novia","13":"product_cat-para-la-esposa-o-novia","14":"product_cat-para-nuevas-revelaciones","15":"product_cat-rosas","16":"product_cat-san-valentin","17":"product_tag-cesta-de-mimbre","18":"product_tag-cesta-de-navidad","19":"product_tag-cesta-de-rosas-rojas","20":"product_tag-navidad","21":"product_tag-romantico-es","22":"product_tag-rosas-rojas","23":"product_tag-vino-es","25":"first","26":"instock","27":"shipping-taxable","28":"purchasable","29":"product-type-simple"},"yoast_head":"<!-- This site is optimized with the Yoast SEO Premium plugin v27.4 (Yoast SEO v27.4) - https:\/\/yoast.com\/product\/yoast-seo-premium-wordpress\/ -->\n<title>Cesta de mimbre con rosas rojas, bayas y vino - FloraNixena<\/title>\n<meta name=\"description\" content=\"Cesta de mimbre con rosas y vino para enviar a domicilio, para navidad. La cesta es de mimbre con lazo rojo y bolas decorativas para hacerla \u00fanica.\" \/>\n<meta name=\"robots\" content=\"index, follow, max-snippet:-1, max-image-preview:large, max-video-preview:-1\" \/>\n<link rel=\"canonical\" href=\"https:\/\/floranixena.it\/es\/producto\/cesta-con-vino-rosas-y-bayas\/\" \/>\n<meta property=\"og:locale\" content=\"es_ES\" \/>\n<meta property=\"og:type\" content=\"article\" \/>\n<meta property=\"og:title\" content=\"Cesta con vino, rosas y bayas\" \/>\n<meta property=\"og:description\" content=\"Cesta con mango de mimbre  rosas rojas  Margaritas blancas y verdes  Bayas de Ilex o Hypericum rojo  Gypsophila  esponja h\u00fameda  Hojas de aralia (verde decorativo)  1 botella de vino tinto DOC1  2 copas entrelazadas  Las flores se insertan dentro de una esponja h\u00fameda que mantiene inalterada la calidad de las flores, mientras que la composici\u00f3n est\u00e1 hecha con organza roja y entregada con celof\u00e1n brillante y lazo rojo. Entrega gratuita en este producto\" \/>\n<meta property=\"og:url\" content=\"https:\/\/floranixena.it\/es\/producto\/cesta-con-vino-rosas-y-bayas\/\" \/>\n<meta property=\"og:site_name\" content=\"FloraNixena - FloraNixena - Entrega de flores a domicilio\" \/>\n<meta property=\"article:publisher\" content=\"https:\/\/www.facebook.com\/FloraNixena\/\" \/>\n<meta property=\"og:image\" content=\"https:\/\/floranixena.it\/wp-content\/uploads\/2020\/11\/Cesta-in-vimini-con-rose-rosse-e-vino.jpg\" \/>\n\t<meta property=\"og:image:width\" content=\"800\" \/>\n\t<meta property=\"og:image:height\" content=\"800\" \/>\n\t<meta property=\"og:image:type\" content=\"image\/jpeg\" \/>\n<meta name=\"twitter:card\" content=\"summary_large_image\" \/>\n<meta name=\"twitter:label1\" content=\"Tiempo de lectura\" \/>\n\t<meta name=\"twitter:data1\" content=\"1 minuto\" \/>\n<script type=\"application\/ld+json\" class=\"yoast-schema-graph\">{\"@context\":\"https:\\\/\\\/schema.org\",\"@graph\":[{\"@type\":\"WebPage\",\"@id\":\"https:\\\/\\\/floranixena.it\\\/es\\\/producto\\\/cesta-con-vino-rosas-y-bayas\\\/\",\"url\":\"https:\\\/\\\/floranixena.it\\\/es\\\/producto\\\/cesta-con-vino-rosas-y-bayas\\\/\",\"name\":\"Cesta de mimbre con rosas rojas, bayas y vino - FloraNixena\",\"isPartOf\":{\"@id\":\"https:\\\/\\\/floranixena.it\\\/es\\\/#website\"},\"primaryImageOfPage\":{\"@id\":\"https:\\\/\\\/floranixena.it\\\/es\\\/producto\\\/cesta-con-vino-rosas-y-bayas\\\/#primaryimage\"},\"image\":{\"@id\":\"https:\\\/\\\/floranixena.it\\\/es\\\/producto\\\/cesta-con-vino-rosas-y-bayas\\\/#primaryimage\"},\"thumbnailUrl\":\"https:\\\/\\\/floranixena.it\\\/wp-content\\\/uploads\\\/2020\\\/11\\\/Cesta-in-vimini-con-rose-rosse-e-vino.jpg\",\"datePublished\":\"2025-09-15T08:39:38+00:00\",\"description\":\"Cesta de mimbre con rosas y vino para enviar a domicilio, para navidad. La cesta es de mimbre con lazo rojo y bolas decorativas para hacerla \u00fanica.\",\"breadcrumb\":{\"@id\":\"https:\\\/\\\/floranixena.it\\\/es\\\/producto\\\/cesta-con-vino-rosas-y-bayas\\\/#breadcrumb\"},\"inLanguage\":\"es\",\"potentialAction\":[{\"@type\":\"ReadAction\",\"target\":[\"https:\\\/\\\/floranixena.it\\\/es\\\/producto\\\/cesta-con-vino-rosas-y-bayas\\\/\"]}]},{\"@type\":\"ImageObject\",\"inLanguage\":\"es\",\"@id\":\"https:\\\/\\\/floranixena.it\\\/es\\\/producto\\\/cesta-con-vino-rosas-y-bayas\\\/#primaryimage\",\"url\":\"https:\\\/\\\/floranixena.it\\\/wp-content\\\/uploads\\\/2020\\\/11\\\/Cesta-in-vimini-con-rose-rosse-e-vino.jpg\",\"contentUrl\":\"https:\\\/\\\/floranixena.it\\\/wp-content\\\/uploads\\\/2020\\\/11\\\/Cesta-in-vimini-con-rose-rosse-e-vino.jpg\",\"width\":800,\"height\":800,\"caption\":\"Un brindis por la belleza: vino y flores para emociones que duran.\"},{\"@type\":\"BreadcrumbList\",\"@id\":\"https:\\\/\\\/floranixena.it\\\/es\\\/producto\\\/cesta-con-vino-rosas-y-bayas\\\/#breadcrumb\",\"itemListElement\":[{\"@type\":\"ListItem\",\"position\":1,\"name\":\"Home\",\"item\":\"https:\\\/\\\/floranixena.it\\\/es\\\/\"},{\"@type\":\"ListItem\",\"position\":2,\"name\":\"tienda\",\"item\":\"https:\\\/\\\/floranixena.it\\\/es\\\/tienda\\\/\"},{\"@type\":\"ListItem\",\"position\":3,\"name\":\"Cesta con vino, rosas y bayas\"}]},{\"@type\":\"WebSite\",\"@id\":\"https:\\\/\\\/floranixena.it\\\/es\\\/#website\",\"url\":\"https:\\\/\\\/floranixena.it\\\/es\\\/\",\"name\":\"FloraNixena - Consegna fiori a domicilio in Italia\",\"description\":\"Invia fiori che raccontano storie\",\"publisher\":{\"@id\":\"https:\\\/\\\/floranixena.it\\\/es\\\/#organization\"},\"alternateName\":\"FloraNixena.it\",\"potentialAction\":[{\"@type\":\"SearchAction\",\"target\":{\"@type\":\"EntryPoint\",\"urlTemplate\":\"https:\\\/\\\/floranixena.it\\\/es\\\/?s={search_term_string}\"},\"query-input\":{\"@type\":\"PropertyValueSpecification\",\"valueRequired\":true,\"valueName\":\"search_term_string\"}}],\"inLanguage\":\"es\"},{\"@type\":\"Organization\",\"@id\":\"https:\\\/\\\/floranixena.it\\\/es\\\/#organization\",\"name\":\"FloraNixena.it - Consegna mazzi di fiori, bouquet e piante a domicilio\",\"url\":\"https:\\\/\\\/floranixena.it\\\/es\\\/\",\"logo\":{\"@type\":\"ImageObject\",\"inLanguage\":\"es\",\"@id\":\"https:\\\/\\\/floranixena.it\\\/es\\\/#\\\/schema\\\/logo\\\/image\\\/\",\"url\":\"https:\\\/\\\/floranixena.it\\\/wp-content\\\/uploads\\\/2018\\\/11\\\/logo-fucsia.png\",\"contentUrl\":\"https:\\\/\\\/floranixena.it\\\/wp-content\\\/uploads\\\/2018\\\/11\\\/logo-fucsia.png\",\"width\":315,\"height\":81,\"caption\":\"FloraNixena.it - Consegna mazzi di fiori, bouquet e piante a domicilio\"},\"image\":{\"@id\":\"https:\\\/\\\/floranixena.it\\\/es\\\/#\\\/schema\\\/logo\\\/image\\\/\"},\"sameAs\":[\"https:\\\/\\\/www.facebook.com\\\/FloraNixena\\\/\",\"https:\\\/\\\/www.instagram.com\\\/floranixena.it\\\/\",\"https:\\\/\\\/www.youtube.com\\\/channel\\\/UCAfCWXMBezO96jgPjiUgpkA\"],\"description\":\"Chi Siamo? FloraNixena \u00e8 il partner di fiducia per la consegna di fiori freschi a domicilio. Con anni di esperienza nel settore floreale, siamo dedicati a portare la bellezza e la freschezza dei fiori direttamente alla vostra porta. La Nostra Missione La nostra missione \u00e8 trasformare ogni occasione in un momento speciale attraverso la magia dei fiori. Crediamo che un bouquet possa dire pi\u00f9 di mille parole e lavoriamo instancabilmente per assicurarci che ogni consegna porti gioia, amore e bellezza. Cosa Offriamo? Fiori Freschi: Collaboriamo con i migliori fornitori locali per garantire che i nostri fiori siano sempre freschi e di alta qualit\u00e0. Consegna Rapida e Puntuale: Offriamo un servizio di consegna rapido e affidabile, con la possibilit\u00e0 di scegliere la fascia oraria che pi\u00f9 vi conviene. Ampia Selezione: Dalle rose classiche ai bouquet personalizzati, abbiamo una vasta gamma di opzioni per soddisfare ogni gusto e occasione. Assistenza Clienti: Il nostro team \u00e8 sempre a disposizione per assistervi nella scelta del bouquet perfetto e per garantire un'esperienza di acquisto senza intoppi. Perch\u00e9 Sceglierci? Qualit\u00e0 Garantita: Ogni bouquet \u00e8 realizzato con cura dai nostri esperti fioristi, garantendo che ogni composizione sia un'opera d'arte. Servizio Personalizzato: Che sia per un anniversario, un compleanno, una celebrazione o un momento di condoglianza, personalizziamo ogni ordine per rispondere alle vostre esigenze specifiche. Soddisfazione del Cliente: La vostra soddisfazione \u00e8 la nostra priorit\u00e0 assoluta. Facciamo tutto il possibile per assicurarci che ogni consegna superi le vostre aspettative.\",\"email\":\"amministrazione@floranixena.it\",\"telephone\":\"3806342394\",\"legalName\":\"Gaetano Votadoro\"}]}<\/script>\n<!-- \/ Yoast SEO Premium plugin. -->","yoast_head_json":{"title":"Cesta de mimbre con rosas rojas, bayas y vino - FloraNixena","description":"Cesta de mimbre con rosas y vino para enviar a domicilio, para navidad. La cesta es de mimbre con lazo rojo y bolas decorativas para hacerla \u00fanica.","robots":{"index":"index","follow":"follow","max-snippet":"max-snippet:-1","max-image-preview":"max-image-preview:large","max-video-preview":"max-video-preview:-1"},"canonical":"https:\/\/floranixena.it\/es\/producto\/cesta-con-vino-rosas-y-bayas\/","og_locale":"es_ES","og_type":"article","og_title":"Cesta con vino, rosas y bayas","og_description":"Cesta con mango de mimbre  rosas rojas  Margaritas blancas y verdes  Bayas de Ilex o Hypericum rojo  Gypsophila  esponja h\u00fameda  Hojas de aralia (verde decorativo)  1 botella de vino tinto DOC1  2 copas entrelazadas  Las flores se insertan dentro de una esponja h\u00fameda que mantiene inalterada la calidad de las flores, mientras que la composici\u00f3n est\u00e1 hecha con organza roja y entregada con celof\u00e1n brillante y lazo rojo. Entrega gratuita en este producto","og_url":"https:\/\/floranixena.it\/es\/producto\/cesta-con-vino-rosas-y-bayas\/","og_site_name":"FloraNixena - FloraNixena - Entrega de flores a domicilio","article_publisher":"https:\/\/www.facebook.com\/FloraNixena\/","og_image":[{"width":800,"height":800,"url":"https:\/\/floranixena.it\/wp-content\/uploads\/2020\/11\/Cesta-in-vimini-con-rose-rosse-e-vino.jpg","type":"image\/jpeg"}],"twitter_card":"summary_large_image","twitter_misc":{"Tiempo de lectura":"1 minuto"},"schema":{"@context":"https:\/\/schema.org","@graph":[{"@type":"WebPage","@id":"https:\/\/floranixena.it\/es\/producto\/cesta-con-vino-rosas-y-bayas\/","url":"https:\/\/floranixena.it\/es\/producto\/cesta-con-vino-rosas-y-bayas\/","name":"Cesta de mimbre con rosas rojas, bayas y vino - FloraNixena","isPartOf":{"@id":"https:\/\/floranixena.it\/es\/#website"},"primaryImageOfPage":{"@id":"https:\/\/floranixena.it\/es\/producto\/cesta-con-vino-rosas-y-bayas\/#primaryimage"},"image":{"@id":"https:\/\/floranixena.it\/es\/producto\/cesta-con-vino-rosas-y-bayas\/#primaryimage"},"thumbnailUrl":"https:\/\/floranixena.it\/wp-content\/uploads\/2020\/11\/Cesta-in-vimini-con-rose-rosse-e-vino.jpg","datePublished":"2025-09-15T08:39:38+00:00","description":"Cesta de mimbre con rosas y vino para enviar a domicilio, para navidad. La cesta es de mimbre con lazo rojo y bolas decorativas para hacerla \u00fanica.","breadcrumb":{"@id":"https:\/\/floranixena.it\/es\/producto\/cesta-con-vino-rosas-y-bayas\/#breadcrumb"},"inLanguage":"es","potentialAction":[{"@type":"ReadAction","target":["https:\/\/floranixena.it\/es\/producto\/cesta-con-vino-rosas-y-bayas\/"]}]},{"@type":"ImageObject","inLanguage":"es","@id":"https:\/\/floranixena.it\/es\/producto\/cesta-con-vino-rosas-y-bayas\/#primaryimage","url":"https:\/\/floranixena.it\/wp-content\/uploads\/2020\/11\/Cesta-in-vimini-con-rose-rosse-e-vino.jpg","contentUrl":"https:\/\/floranixena.it\/wp-content\/uploads\/2020\/11\/Cesta-in-vimini-con-rose-rosse-e-vino.jpg","width":800,"height":800,"caption":"Un brindis por la belleza: vino y flores para emociones que duran."},{"@type":"BreadcrumbList","@id":"https:\/\/floranixena.it\/es\/producto\/cesta-con-vino-rosas-y-bayas\/#breadcrumb","itemListElement":[{"@type":"ListItem","position":1,"name":"Home","item":"https:\/\/floranixena.it\/es\/"},{"@type":"ListItem","position":2,"name":"tienda","item":"https:\/\/floranixena.it\/es\/tienda\/"},{"@type":"ListItem","position":3,"name":"Cesta con vino, rosas y bayas"}]},{"@type":"WebSite","@id":"https:\/\/floranixena.it\/es\/#website","url":"https:\/\/floranixena.it\/es\/","name":"FloraNixena - Consegna fiori a domicilio in Italia","description":"Invia fiori che raccontano storie","publisher":{"@id":"https:\/\/floranixena.it\/es\/#organization"},"alternateName":"FloraNixena.it","potentialAction":[{"@type":"SearchAction","target":{"@type":"EntryPoint","urlTemplate":"https:\/\/floranixena.it\/es\/?s={search_term_string}"},"query-input":{"@type":"PropertyValueSpecification","valueRequired":true,"valueName":"search_term_string"}}],"inLanguage":"es"},{"@type":"Organization","@id":"https:\/\/floranixena.it\/es\/#organization","name":"FloraNixena.it - Consegna mazzi di fiori, bouquet e piante a domicilio","url":"https:\/\/floranixena.it\/es\/","logo":{"@type":"ImageObject","inLanguage":"es","@id":"https:\/\/floranixena.it\/es\/#\/schema\/logo\/image\/","url":"https:\/\/floranixena.it\/wp-content\/uploads\/2018\/11\/logo-fucsia.png","contentUrl":"https:\/\/floranixena.it\/wp-content\/uploads\/2018\/11\/logo-fucsia.png","width":315,"height":81,"caption":"FloraNixena.it - Consegna mazzi di fiori, bouquet e piante a domicilio"},"image":{"@id":"https:\/\/floranixena.it\/es\/#\/schema\/logo\/image\/"},"sameAs":["https:\/\/www.facebook.com\/FloraNixena\/","https:\/\/www.instagram.com\/floranixena.it\/","https:\/\/www.youtube.com\/channel\/UCAfCWXMBezO96jgPjiUgpkA"],"description":"Chi Siamo? FloraNixena \u00e8 il partner di fiducia per la consegna di fiori freschi a domicilio. Con anni di esperienza nel settore floreale, siamo dedicati a portare la bellezza e la freschezza dei fiori direttamente alla vostra porta. La Nostra Missione La nostra missione \u00e8 trasformare ogni occasione in un momento speciale attraverso la magia dei fiori. Crediamo che un bouquet possa dire pi\u00f9 di mille parole e lavoriamo instancabilmente per assicurarci che ogni consegna porti gioia, amore e bellezza. Cosa Offriamo? Fiori Freschi: Collaboriamo con i migliori fornitori locali per garantire che i nostri fiori siano sempre freschi e di alta qualit\u00e0. Consegna Rapida e Puntuale: Offriamo un servizio di consegna rapido e affidabile, con la possibilit\u00e0 di scegliere la fascia oraria che pi\u00f9 vi conviene. Ampia Selezione: Dalle rose classiche ai bouquet personalizzati, abbiamo una vasta gamma di opzioni per soddisfare ogni gusto e occasione. Assistenza Clienti: Il nostro team \u00e8 sempre a disposizione per assistervi nella scelta del bouquet perfetto e per garantire un'esperienza di acquisto senza intoppi. Perch\u00e9 Sceglierci? Qualit\u00e0 Garantita: Ogni bouquet \u00e8 realizzato con cura dai nostri esperti fioristi, garantendo che ogni composizione sia un'opera d'arte. Servizio Personalizzato: Che sia per un anniversario, un compleanno, una celebrazione o un momento di condoglianza, personalizziamo ogni ordine per rispondere alle vostre esigenze specifiche. Soddisfazione del Cliente: La vostra soddisfazione \u00e8 la nostra priorit\u00e0 assoluta. Facciamo tutto il possibile per assicurarci che ogni consegna superi le vostre aspettative.","email":"amministrazione@floranixena.it","telephone":"3806342394","legalName":"Gaetano Votadoro"}]}},"_links":{"self":[{"href":"https:\/\/floranixena.it\/es\/wp-json\/wp\/v2\/product\/18766","targetHints":{"allow":["GET"]}}],"collection":[{"href":"https:\/\/floranixena.it\/es\/wp-json\/wp\/v2\/product"}],"about":[{"href":"https:\/\/floranixena.it\/es\/wp-json\/wp\/v2\/types\/product"}],"replies":[{"embeddable":true,"href":"https:\/\/floranixena.it\/es\/wp-json\/wp\/v2\/comments?post=18766"}],"wp:featuredmedia":[{"embeddable":true,"href":"https:\/\/floranixena.it\/es\/wp-json\/wp\/v2\/media\/18646"}],"wp:attachment":[{"href":"https:\/\/floranixena.it\/es\/wp-json\/wp\/v2\/media?parent=18766"}],"wp:term":[{"taxonomy":"product_brand","embeddable":true,"href":"https:\/\/floranixena.it\/es\/wp-json\/wp\/v2\/product_brand?post=18766"},{"taxonomy":"product_cat","embeddable":true,"href":"https:\/\/floranixena.it\/es\/wp-json\/wp\/v2\/product_cat?post=18766"},{"taxonomy":"product_tag","embeddable":true,"href":"https:\/\/floranixena.it\/es\/wp-json\/wp\/v2\/product_tag?post=18766"}],"curies":[{"name":"wp","href":"https:\/\/api.w.org\/{rel}","templated":true}]}}