{"id":18535,"date":"2025-08-01T14:00:20","date_gmt":"2025-08-01T12:00:20","guid":{"rendered":"https:\/\/floranixena.it\/product\/peonias-y-rosas-de-caramelo\/"},"modified":"2025-09-15T10:39:21","modified_gmt":"2025-09-15T08:39:21","slug":"peonias-y-rosas-de-caramelo","status":"publish","type":"product","link":"https:\/\/floranixena.it\/es\/producto\/peonias-y-rosas-de-caramelo\/","title":{"rendered":"Peon\u00edas y rosas de caramelo"},"content":{"rendered":"<h1>Ramo de Peon\u00edas y Rosas Candy<\/h1>\n<p>Descubre el regalo ideal para celebrar la primavera y el verano con elegancia y estilo: el ramo \u00abEl beso de la rosa y las peon\u00edas\u00bb de FloraNixena. Empaquetado con los tallos m\u00e1s frescos y las peon\u00edas m\u00e1s delicadas, este <a href=\"https:\/\/floranixena.it\/es\/prodotto\/ramo-de-peonias-rosas\/\" target=\"_blank\" rel=\"noopener\"><strong>ramo <\/strong><\/a>est\u00e1 destinado a convertirse en el favorito de cada chica. <\/p>\n<p>Cada flor de este excepcional ramo est\u00e1 cuidadosamente seleccionada para garantizar una frescura y belleza sin igual. La<a href=\"https:\/\/floranixena.it\/prodotto\/bouquet-di-rose-e-alstroemeria\/\" target=\"_blank\" rel=\"noopener\"><strong> rosa rosa ,<\/strong><\/a> s\u00edmbolo de gracia y feminidad, se funde armoniosamente con las peon\u00edas, emblema de prosperidad y buen augurio. Juntos, crean una explosi\u00f3n de colores y aromas que hacen de este ramo el regalo perfecto para cualquier ocasi\u00f3n especial.  <\/p>\n<p>Ya sea que est\u00e9 celebrando un <a href=\"https:\/\/floranixena.it\/prodotto\/tenero-abbraccio\/\" target=\"_blank\" rel=\"noopener\"><strong>cumplea\u00f1os<\/strong><\/a>, aniversario, inauguraci\u00f3n de una casa o cualquier otro evento memorable, este ramo es una opci\u00f3n atemporal y significativa. Su elegancia natural se adapta perfectamente a cualquier tipo de decoraci\u00f3n o ambiente, llevando consigo un mensaje de amor, aprecio y afecto. <\/p>\n<p>FloraNixena se compromete a ofrecer solo lo mejor de la naturaleza. Cada flor es cuidadosamente recolectada y ensamblada por nuestros expertos floristas, asegurando un ramo que no solo sorprender\u00e1 por su belleza, sino tambi\u00e9n por su durabilidad. Nos enorgullecemos de ofrecer un servicio impecable, asegurando que cada ramo sea entregado fresco y en \u00f3ptimas condiciones, listo para ser admirado y apreciado.  <\/p>\n<p style=\"text-align: left;\"><strong>\u00bfPor qu\u00e9 elegir el ramo \u00abEl beso de la rosa y las peon\u00edas\u00bb de FloraNixena?<\/strong><\/p>\n<p style=\"text-align: center;\">Adem\u00e1s de su belleza atemporal, representa un gesto de afecto y amor que seguramente ser\u00e1 apreciado por quien lo reciba. Es una forma perfecta de transmitir tus sentimientos de una manera tangible y memorable. <\/p>\n<p>No dejes que la ocasi\u00f3n especial pase desapercibida. Con el ramo \u00abEl beso de la rosa y las peon\u00edas\u00bb de FloraNixena, has encontrado el regalo perfecto que sin duda har\u00e1 brillar los ojos de cualquiera que lo reciba. <strong>Pide hoy <\/strong>y regala una experiencia floral inolvidable. <\/p>\n","protected":false},"excerpt":{"rendered":"<ul>\n<li>5 Peon\u00edas rosa<\/li>\n<li>4 Rosas rosa<\/li>\n<li>Iris Violeta o (alternativa alstromeria violeta)<\/li>\n<li>Lisianthus rosa o blanco<\/li>\n<li>hojas decorativas<\/li>\n<li><span style=\"color: #ff8c00;\"><strong>Se recomienda pedir este art\u00edculo por lo menos 2\/3 d\u00edas laborables antes de la fecha de entrega, ya que puede no estar disponible para la entrega en el d\u00eda o al d\u00eda siguiente. Para m\u00e1s informaci\u00f3n cont\u00e1ctenos por chat. <\/strong><\/span><\/li>\n<\/ul>\n<p>Jarr\u00f3n no incluido<\/p>\n","protected":false},"featured_media":18536,"comment_status":"open","ping_status":"closed","template":"","meta":[],"product_brand":[],"product_cat":[4329,4331,4317,4381,4316,4330,4335,4332,4333,4341,4338,4315,4318,4334,4360,4546,4351],"product_tag":[4548,4559,4669,4547,4550,4668,4549],"class_list":{"0":"post-18535","1":"product","2":"type-product","3":"status-publish","4":"has-post-thumbnail","6":"product_cat-amigo","7":"product_cat-amor-y-el-romance","8":"product_cat-aniversario","9":"product_cat-boda","10":"product_cat-compleanno-es","11":"product_cat-dia-de-la-madre","12":"product_cat-disculpa","13":"product_cat-es-una-nina","14":"product_cat-felicitaciones","15":"product_cat-flores-de-primavera","16":"product_cat-flores-de-verano","17":"product_cat-flores-para-eventos","18":"product_cat-oportunidad","19":"product_cat-para-agradecer-a-alguien","20":"product_cat-para-nuevas-revelaciones","21":"product_cat-peonia-es","22":"product_cat-titulos","23":"product_tag-composicion-con-peonias","24":"product_tag-lisianthus-es","25":"product_tag-peonias-es","26":"product_tag-peonias","27":"product_tag-peonias-rosa","28":"product_tag-peonias-y-rosas-rosadas","29":"product_tag-ramo-con-peonia","31":"first","32":"instock","33":"sale","34":"shipping-taxable","35":"purchasable","36":"product-type-simple"},"yoast_head":"<!-- This site is optimized with the Yoast SEO Premium plugin v27.5 (Yoast SEO v27.5) - https:\/\/yoast.com\/product\/yoast-seo-premium-wordpress\/ -->\n<title>Bouquet de peon\u00edas y rosas FloraNixena - FloraNixena - Entrega de flores a domicilio<\/title>\n<meta name=\"description\" content=\"Descubre la magia del ramo FloraNixena de peon\u00edas y rosas, el regalo perfecto para cualquier ocasi\u00f3n especial. Pide ahora y regala una experiencia inolvidable!\" \/>\n<meta name=\"robots\" content=\"index, follow, max-snippet:-1, max-image-preview:large, max-video-preview:-1\" \/>\n<link rel=\"canonical\" href=\"https:\/\/floranixena.it\/es\/producto\/peonias-y-rosas-de-caramelo\/\" \/>\n<meta property=\"og:locale\" content=\"es_ES\" \/>\n<meta property=\"og:type\" content=\"article\" \/>\n<meta property=\"og:title\" content=\"Peon\u00edas y rosas de caramelo\" \/>\n<meta property=\"og:description\" content=\"5 Peon\u00edas rosa  4 Rosas rosa  Iris Violeta o (alternativa alstromeria violeta)  Lisianthus rosa o blanco  hojas decorativas  Se recomienda pedir este art\u00edculo por lo menos 2\/3 d\u00edas laborables antes de la fecha de entrega, ya que puede no estar disponible para la entrega en el d\u00eda o al d\u00eda siguiente. Para m\u00e1s informaci\u00f3n cont\u00e1ctenos por chat.  Jarr\u00f3n no incluido\" \/>\n<meta property=\"og:url\" content=\"https:\/\/floranixena.it\/es\/producto\/peonias-y-rosas-de-caramelo\/\" \/>\n<meta property=\"og:site_name\" content=\"FloraNixena - FloraNixena - Entrega de flores a domicilio\" \/>\n<meta property=\"article:publisher\" content=\"https:\/\/www.facebook.com\/FloraNixena\/\" \/>\n<meta property=\"article:modified_time\" content=\"2025-09-15T08:39:21+00:00\" \/>\n<meta property=\"og:image\" content=\"https:\/\/floranixena.it\/wp-content\/uploads\/2019\/05\/Rose-rosa-e-peonie-da-regalare-con-consegna-a-domicilio-per-qualsiasi-ricorrenza.-Per-la-moglie-o-la-fidanzata-oppure-per-un-matrimonio-a-milano-e-roma.jpg\" \/>\n\t<meta property=\"og:image:width\" content=\"800\" \/>\n\t<meta property=\"og:image:height\" content=\"800\" \/>\n\t<meta property=\"og:image:type\" content=\"image\/jpeg\" \/>\n<meta name=\"twitter:card\" content=\"summary_large_image\" \/>\n<meta name=\"twitter:label1\" content=\"Tiempo de lectura\" \/>\n\t<meta name=\"twitter:data1\" content=\"2 minuto\" \/>\n<script type=\"application\/ld+json\" class=\"yoast-schema-graph\">{\"@context\":\"https:\\\/\\\/schema.org\",\"@graph\":[{\"@type\":\"WebPage\",\"@id\":\"https:\\\/\\\/floranixena.it\\\/es\\\/producto\\\/peonias-y-rosas-de-caramelo\\\/\",\"url\":\"https:\\\/\\\/floranixena.it\\\/es\\\/producto\\\/peonias-y-rosas-de-caramelo\\\/\",\"name\":\"Bouquet de peon\u00edas y rosas FloraNixena - FloraNixena - Entrega de flores a domicilio\",\"isPartOf\":{\"@id\":\"https:\\\/\\\/floranixena.it\\\/es\\\/#website\"},\"primaryImageOfPage\":{\"@id\":\"https:\\\/\\\/floranixena.it\\\/es\\\/producto\\\/peonias-y-rosas-de-caramelo\\\/#primaryimage\"},\"image\":{\"@id\":\"https:\\\/\\\/floranixena.it\\\/es\\\/producto\\\/peonias-y-rosas-de-caramelo\\\/#primaryimage\"},\"thumbnailUrl\":\"https:\\\/\\\/floranixena.it\\\/wp-content\\\/uploads\\\/2019\\\/05\\\/Rose-rosa-e-peonie-da-regalare-con-consegna-a-domicilio-per-qualsiasi-ricorrenza.-Per-la-moglie-o-la-fidanzata-oppure-per-un-matrimonio-a-milano-e-roma.jpg\",\"datePublished\":\"2025-08-01T12:00:20+00:00\",\"dateModified\":\"2025-09-15T08:39:21+00:00\",\"description\":\"Descubre la magia del ramo FloraNixena de peon\u00edas y rosas, el regalo perfecto para cualquier ocasi\u00f3n especial. Pide ahora y regala una experiencia inolvidable!\",\"breadcrumb\":{\"@id\":\"https:\\\/\\\/floranixena.it\\\/es\\\/producto\\\/peonias-y-rosas-de-caramelo\\\/#breadcrumb\"},\"inLanguage\":\"es\",\"potentialAction\":[{\"@type\":\"ReadAction\",\"target\":[\"https:\\\/\\\/floranixena.it\\\/es\\\/producto\\\/peonias-y-rosas-de-caramelo\\\/\"]}]},{\"@type\":\"ImageObject\",\"inLanguage\":\"es\",\"@id\":\"https:\\\/\\\/floranixena.it\\\/es\\\/producto\\\/peonias-y-rosas-de-caramelo\\\/#primaryimage\",\"url\":\"https:\\\/\\\/floranixena.it\\\/wp-content\\\/uploads\\\/2019\\\/05\\\/Rose-rosa-e-peonie-da-regalare-con-consegna-a-domicilio-per-qualsiasi-ricorrenza.-Per-la-moglie-o-la-fidanzata-oppure-per-un-matrimonio-a-milano-e-roma.jpg\",\"contentUrl\":\"https:\\\/\\\/floranixena.it\\\/wp-content\\\/uploads\\\/2019\\\/05\\\/Rose-rosa-e-peonie-da-regalare-con-consegna-a-domicilio-per-qualsiasi-ricorrenza.-Per-la-moglie-o-la-fidanzata-oppure-per-un-matrimonio-a-milano-e-roma.jpg\",\"width\":800,\"height\":800,\"caption\":\"Raffinato bouquet con rose rosa e peonie, ideale per matrimoni, anniversari o regali pieni di dolcezza. Consegna a domicilio in tutta Italia.\"},{\"@type\":\"BreadcrumbList\",\"@id\":\"https:\\\/\\\/floranixena.it\\\/es\\\/producto\\\/peonias-y-rosas-de-caramelo\\\/#breadcrumb\",\"itemListElement\":[{\"@type\":\"ListItem\",\"position\":1,\"name\":\"Home\",\"item\":\"https:\\\/\\\/floranixena.it\\\/es\\\/\"},{\"@type\":\"ListItem\",\"position\":2,\"name\":\"tienda\",\"item\":\"https:\\\/\\\/floranixena.it\\\/es\\\/tienda\\\/\"},{\"@type\":\"ListItem\",\"position\":3,\"name\":\"Peon\u00edas y rosas de caramelo\"}]},{\"@type\":\"WebSite\",\"@id\":\"https:\\\/\\\/floranixena.it\\\/es\\\/#website\",\"url\":\"https:\\\/\\\/floranixena.it\\\/es\\\/\",\"name\":\"FloraNixena - Consegna fiori a domicilio in Italia\",\"description\":\"Invia fiori che raccontano storie\",\"publisher\":{\"@id\":\"https:\\\/\\\/floranixena.it\\\/es\\\/#organization\"},\"alternateName\":\"FloraNixena.it\",\"potentialAction\":[{\"@type\":\"SearchAction\",\"target\":{\"@type\":\"EntryPoint\",\"urlTemplate\":\"https:\\\/\\\/floranixena.it\\\/es\\\/?s={search_term_string}\"},\"query-input\":{\"@type\":\"PropertyValueSpecification\",\"valueRequired\":true,\"valueName\":\"search_term_string\"}}],\"inLanguage\":\"es\"},{\"@type\":\"Organization\",\"@id\":\"https:\\\/\\\/floranixena.it\\\/es\\\/#organization\",\"name\":\"FloraNixena.it - Consegna mazzi di fiori, bouquet e piante a domicilio\",\"url\":\"https:\\\/\\\/floranixena.it\\\/es\\\/\",\"logo\":{\"@type\":\"ImageObject\",\"inLanguage\":\"es\",\"@id\":\"https:\\\/\\\/floranixena.it\\\/es\\\/#\\\/schema\\\/logo\\\/image\\\/\",\"url\":\"https:\\\/\\\/floranixena.it\\\/wp-content\\\/uploads\\\/2018\\\/11\\\/logo-fucsia.png\",\"contentUrl\":\"https:\\\/\\\/floranixena.it\\\/wp-content\\\/uploads\\\/2018\\\/11\\\/logo-fucsia.png\",\"width\":315,\"height\":81,\"caption\":\"FloraNixena.it - Consegna mazzi di fiori, bouquet e piante a domicilio\"},\"image\":{\"@id\":\"https:\\\/\\\/floranixena.it\\\/es\\\/#\\\/schema\\\/logo\\\/image\\\/\"},\"sameAs\":[\"https:\\\/\\\/www.facebook.com\\\/FloraNixena\\\/\",\"https:\\\/\\\/www.instagram.com\\\/floranixena.it\\\/\",\"https:\\\/\\\/www.youtube.com\\\/channel\\\/UCAfCWXMBezO96jgPjiUgpkA\"],\"description\":\"Chi Siamo? FloraNixena \u00e8 il partner di fiducia per la consegna di fiori freschi a domicilio. Con anni di esperienza nel settore floreale, siamo dedicati a portare la bellezza e la freschezza dei fiori direttamente alla vostra porta. La Nostra Missione La nostra missione \u00e8 trasformare ogni occasione in un momento speciale attraverso la magia dei fiori. Crediamo che un bouquet possa dire pi\u00f9 di mille parole e lavoriamo instancabilmente per assicurarci che ogni consegna porti gioia, amore e bellezza. Cosa Offriamo? Fiori Freschi: Collaboriamo con i migliori fornitori locali per garantire che i nostri fiori siano sempre freschi e di alta qualit\u00e0. Consegna Rapida e Puntuale: Offriamo un servizio di consegna rapido e affidabile, con la possibilit\u00e0 di scegliere la fascia oraria che pi\u00f9 vi conviene. Ampia Selezione: Dalle rose classiche ai bouquet personalizzati, abbiamo una vasta gamma di opzioni per soddisfare ogni gusto e occasione. Assistenza Clienti: Il nostro team \u00e8 sempre a disposizione per assistervi nella scelta del bouquet perfetto e per garantire un'esperienza di acquisto senza intoppi. Perch\u00e9 Sceglierci? Qualit\u00e0 Garantita: Ogni bouquet \u00e8 realizzato con cura dai nostri esperti fioristi, garantendo che ogni composizione sia un'opera d'arte. Servizio Personalizzato: Che sia per un anniversario, un compleanno, una celebrazione o un momento di condoglianza, personalizziamo ogni ordine per rispondere alle vostre esigenze specifiche. Soddisfazione del Cliente: La vostra soddisfazione \u00e8 la nostra priorit\u00e0 assoluta. Facciamo tutto il possibile per assicurarci che ogni consegna superi le vostre aspettative.\",\"email\":\"amministrazione@floranixena.it\",\"telephone\":\"3806342394\",\"legalName\":\"Gaetano Votadoro\"}]}<\/script>\n<!-- \/ Yoast SEO Premium plugin. -->","yoast_head_json":{"title":"Bouquet de peon\u00edas y rosas FloraNixena - FloraNixena - Entrega de flores a domicilio","description":"Descubre la magia del ramo FloraNixena de peon\u00edas y rosas, el regalo perfecto para cualquier ocasi\u00f3n especial. Pide ahora y regala una experiencia inolvidable!","robots":{"index":"index","follow":"follow","max-snippet":"max-snippet:-1","max-image-preview":"max-image-preview:large","max-video-preview":"max-video-preview:-1"},"canonical":"https:\/\/floranixena.it\/es\/producto\/peonias-y-rosas-de-caramelo\/","og_locale":"es_ES","og_type":"article","og_title":"Peon\u00edas y rosas de caramelo","og_description":"5 Peon\u00edas rosa  4 Rosas rosa  Iris Violeta o (alternativa alstromeria violeta)  Lisianthus rosa o blanco  hojas decorativas  Se recomienda pedir este art\u00edculo por lo menos 2\/3 d\u00edas laborables antes de la fecha de entrega, ya que puede no estar disponible para la entrega en el d\u00eda o al d\u00eda siguiente. Para m\u00e1s informaci\u00f3n cont\u00e1ctenos por chat.  Jarr\u00f3n no incluido","og_url":"https:\/\/floranixena.it\/es\/producto\/peonias-y-rosas-de-caramelo\/","og_site_name":"FloraNixena - FloraNixena - Entrega de flores a domicilio","article_publisher":"https:\/\/www.facebook.com\/FloraNixena\/","article_modified_time":"2025-09-15T08:39:21+00:00","og_image":[{"width":800,"height":800,"url":"https:\/\/floranixena.it\/wp-content\/uploads\/2019\/05\/Rose-rosa-e-peonie-da-regalare-con-consegna-a-domicilio-per-qualsiasi-ricorrenza.-Per-la-moglie-o-la-fidanzata-oppure-per-un-matrimonio-a-milano-e-roma.jpg","type":"image\/jpeg"}],"twitter_card":"summary_large_image","twitter_misc":{"Tiempo de lectura":"2 minuto"},"schema":{"@context":"https:\/\/schema.org","@graph":[{"@type":"WebPage","@id":"https:\/\/floranixena.it\/es\/producto\/peonias-y-rosas-de-caramelo\/","url":"https:\/\/floranixena.it\/es\/producto\/peonias-y-rosas-de-caramelo\/","name":"Bouquet de peon\u00edas y rosas FloraNixena - FloraNixena - Entrega de flores a domicilio","isPartOf":{"@id":"https:\/\/floranixena.it\/es\/#website"},"primaryImageOfPage":{"@id":"https:\/\/floranixena.it\/es\/producto\/peonias-y-rosas-de-caramelo\/#primaryimage"},"image":{"@id":"https:\/\/floranixena.it\/es\/producto\/peonias-y-rosas-de-caramelo\/#primaryimage"},"thumbnailUrl":"https:\/\/floranixena.it\/wp-content\/uploads\/2019\/05\/Rose-rosa-e-peonie-da-regalare-con-consegna-a-domicilio-per-qualsiasi-ricorrenza.-Per-la-moglie-o-la-fidanzata-oppure-per-un-matrimonio-a-milano-e-roma.jpg","datePublished":"2025-08-01T12:00:20+00:00","dateModified":"2025-09-15T08:39:21+00:00","description":"Descubre la magia del ramo FloraNixena de peon\u00edas y rosas, el regalo perfecto para cualquier ocasi\u00f3n especial. Pide ahora y regala una experiencia inolvidable!","breadcrumb":{"@id":"https:\/\/floranixena.it\/es\/producto\/peonias-y-rosas-de-caramelo\/#breadcrumb"},"inLanguage":"es","potentialAction":[{"@type":"ReadAction","target":["https:\/\/floranixena.it\/es\/producto\/peonias-y-rosas-de-caramelo\/"]}]},{"@type":"ImageObject","inLanguage":"es","@id":"https:\/\/floranixena.it\/es\/producto\/peonias-y-rosas-de-caramelo\/#primaryimage","url":"https:\/\/floranixena.it\/wp-content\/uploads\/2019\/05\/Rose-rosa-e-peonie-da-regalare-con-consegna-a-domicilio-per-qualsiasi-ricorrenza.-Per-la-moglie-o-la-fidanzata-oppure-per-un-matrimonio-a-milano-e-roma.jpg","contentUrl":"https:\/\/floranixena.it\/wp-content\/uploads\/2019\/05\/Rose-rosa-e-peonie-da-regalare-con-consegna-a-domicilio-per-qualsiasi-ricorrenza.-Per-la-moglie-o-la-fidanzata-oppure-per-un-matrimonio-a-milano-e-roma.jpg","width":800,"height":800,"caption":"Raffinato bouquet con rose rosa e peonie, ideale per matrimoni, anniversari o regali pieni di dolcezza. Consegna a domicilio in tutta Italia."},{"@type":"BreadcrumbList","@id":"https:\/\/floranixena.it\/es\/producto\/peonias-y-rosas-de-caramelo\/#breadcrumb","itemListElement":[{"@type":"ListItem","position":1,"name":"Home","item":"https:\/\/floranixena.it\/es\/"},{"@type":"ListItem","position":2,"name":"tienda","item":"https:\/\/floranixena.it\/es\/tienda\/"},{"@type":"ListItem","position":3,"name":"Peon\u00edas y rosas de caramelo"}]},{"@type":"WebSite","@id":"https:\/\/floranixena.it\/es\/#website","url":"https:\/\/floranixena.it\/es\/","name":"FloraNixena - Consegna fiori a domicilio in Italia","description":"Invia fiori che raccontano storie","publisher":{"@id":"https:\/\/floranixena.it\/es\/#organization"},"alternateName":"FloraNixena.it","potentialAction":[{"@type":"SearchAction","target":{"@type":"EntryPoint","urlTemplate":"https:\/\/floranixena.it\/es\/?s={search_term_string}"},"query-input":{"@type":"PropertyValueSpecification","valueRequired":true,"valueName":"search_term_string"}}],"inLanguage":"es"},{"@type":"Organization","@id":"https:\/\/floranixena.it\/es\/#organization","name":"FloraNixena.it - Consegna mazzi di fiori, bouquet e piante a domicilio","url":"https:\/\/floranixena.it\/es\/","logo":{"@type":"ImageObject","inLanguage":"es","@id":"https:\/\/floranixena.it\/es\/#\/schema\/logo\/image\/","url":"https:\/\/floranixena.it\/wp-content\/uploads\/2018\/11\/logo-fucsia.png","contentUrl":"https:\/\/floranixena.it\/wp-content\/uploads\/2018\/11\/logo-fucsia.png","width":315,"height":81,"caption":"FloraNixena.it - Consegna mazzi di fiori, bouquet e piante a domicilio"},"image":{"@id":"https:\/\/floranixena.it\/es\/#\/schema\/logo\/image\/"},"sameAs":["https:\/\/www.facebook.com\/FloraNixena\/","https:\/\/www.instagram.com\/floranixena.it\/","https:\/\/www.youtube.com\/channel\/UCAfCWXMBezO96jgPjiUgpkA"],"description":"Chi Siamo? FloraNixena \u00e8 il partner di fiducia per la consegna di fiori freschi a domicilio. Con anni di esperienza nel settore floreale, siamo dedicati a portare la bellezza e la freschezza dei fiori direttamente alla vostra porta. La Nostra Missione La nostra missione \u00e8 trasformare ogni occasione in un momento speciale attraverso la magia dei fiori. Crediamo che un bouquet possa dire pi\u00f9 di mille parole e lavoriamo instancabilmente per assicurarci che ogni consegna porti gioia, amore e bellezza. Cosa Offriamo? Fiori Freschi: Collaboriamo con i migliori fornitori locali per garantire che i nostri fiori siano sempre freschi e di alta qualit\u00e0. Consegna Rapida e Puntuale: Offriamo un servizio di consegna rapido e affidabile, con la possibilit\u00e0 di scegliere la fascia oraria che pi\u00f9 vi conviene. Ampia Selezione: Dalle rose classiche ai bouquet personalizzati, abbiamo una vasta gamma di opzioni per soddisfare ogni gusto e occasione. Assistenza Clienti: Il nostro team \u00e8 sempre a disposizione per assistervi nella scelta del bouquet perfetto e per garantire un'esperienza di acquisto senza intoppi. Perch\u00e9 Sceglierci? Qualit\u00e0 Garantita: Ogni bouquet \u00e8 realizzato con cura dai nostri esperti fioristi, garantendo che ogni composizione sia un'opera d'arte. Servizio Personalizzato: Che sia per un anniversario, un compleanno, una celebrazione o un momento di condoglianza, personalizziamo ogni ordine per rispondere alle vostre esigenze specifiche. Soddisfazione del Cliente: La vostra soddisfazione \u00e8 la nostra priorit\u00e0 assoluta. Facciamo tutto il possibile per assicurarci che ogni consegna superi le vostre aspettative.","email":"amministrazione@floranixena.it","telephone":"3806342394","legalName":"Gaetano Votadoro"}]}},"_links":{"self":[{"href":"https:\/\/floranixena.it\/es\/wp-json\/wp\/v2\/product\/18535","targetHints":{"allow":["GET"]}}],"collection":[{"href":"https:\/\/floranixena.it\/es\/wp-json\/wp\/v2\/product"}],"about":[{"href":"https:\/\/floranixena.it\/es\/wp-json\/wp\/v2\/types\/product"}],"replies":[{"embeddable":true,"href":"https:\/\/floranixena.it\/es\/wp-json\/wp\/v2\/comments?post=18535"}],"wp:featuredmedia":[{"embeddable":true,"href":"https:\/\/floranixena.it\/es\/wp-json\/wp\/v2\/media\/18536"}],"wp:attachment":[{"href":"https:\/\/floranixena.it\/es\/wp-json\/wp\/v2\/media?parent=18535"}],"wp:term":[{"taxonomy":"product_brand","embeddable":true,"href":"https:\/\/floranixena.it\/es\/wp-json\/wp\/v2\/product_brand?post=18535"},{"taxonomy":"product_cat","embeddable":true,"href":"https:\/\/floranixena.it\/es\/wp-json\/wp\/v2\/product_cat?post=18535"},{"taxonomy":"product_tag","embeddable":true,"href":"https:\/\/floranixena.it\/es\/wp-json\/wp\/v2\/product_tag?post=18535"}],"curies":[{"name":"wp","href":"https:\/\/api.w.org\/{rel}","templated":true}]}}