{"id":18506,"date":"2025-08-01T16:06:45","date_gmt":"2025-08-01T14:06:45","guid":{"rendered":"https:\/\/floranixena.it\/product\/bouquet-de-gerberas-y-rosas\/"},"modified":"2025-09-15T09:55:12","modified_gmt":"2025-09-15T07:55:12","slug":"bouquet-de-gerberas-y-rosas","status":"publish","type":"product","link":"https:\/\/floranixena.it\/es\/producto\/bouquet-de-gerberas-y-rosas\/","title":{"rendered":"Bouquet de gerberas y rosas"},"content":{"rendered":"<h1><strong>Descubre el ramo de gerberas y rosas<\/strong><\/h1>\n<p><strong> perfectos para cualquier ocasi\u00f3n<\/strong><\/p>\n<p>Las gerberas son flores extraordinarias que se pueden encontrar en una amplia gama de colores, desde los m\u00e1s suaves y delicados hasta los m\u00e1s vivos y atrevidos. Esta versatilidad las hace ideales para cualquier tipo de composici\u00f3n floral, ya sea cl\u00e1sica y tradicional o moderna y contempor\u00e1nea. Ya sea que quieras un <a href=\"https:\/\/floranixena.it\/prodotto\/bouquet-di-gerbere\/\" target=\"_blank\" rel=\"noopener\"><strong>ramo elegante<\/strong><\/a> con tonos pastel o una disposici\u00f3n que llame la atenci\u00f3n con rosas de cereza y naranjas vibrantes, los gerberas siempre le dar\u00e1n un toque especial.  <\/p>\n<p><strong>El encanto de las Gerberas<\/strong><\/p>\n<p>Los gerberas tienen un encanto particular que los hace perfectos para<a href=\"https:\/\/floranixena.it\/es\/catalog\/flores-para-eventos\/oportunidad\/\" target=\"_blank\" rel=\"noopener\"><strong> cualquier tipo de ocasi\u00f3n. <\/strong><\/a>Con su capacidad para representar la inocencia y la alegr\u00eda, son una opci\u00f3n popular tanto para regalos como para decoraciones. Su significado puede variar seg\u00fan el color elegido:  <\/p>\n<p>&#8211; rosa tenue: simbolizan admiraci\u00f3n y afecto.<br \/>\n&#8211; rojas: representan el amor y la pasi\u00f3n.<br \/>\n&#8211; naranjas: transmiten energ\u00eda y entusiasmo.<br \/>\n&#8211; amarillas: expresan alegr\u00eda y amistad.<\/p>\n<p><strong>Ramo de Gerberas y Rosas Econ\u00f3mico<\/strong><\/p>\n<p>Si est\u00e1s buscando una opci\u00f3n elegante pero econ\u00f3mica, nuestro ramo de <a href=\"https:\/\/floranixena.it\/es\/catalog\/gerberas-es\/\" target=\"_blank\" rel=\"noopener\"><strong>gerberas<\/strong><\/a> y rosas es perfecto. Este ramo no solo es accesible, sino que tambi\u00e9n combina la belleza de las gerberas con el clasicismo de las rosas, creando un regalo que sin duda llamar\u00e1 la atenci\u00f3n. FloraNixena ofrece una amplia gama de opciones para personalizar su ramo, asegurando que encontrar\u00e1 algo que se adapte a su presupuesto sin comprometer la calidad.  <\/p>\n<p><strong>\u00bfPor qu\u00e9 elegir FloraNixena?<\/strong><\/p>\n<p>&#8211; <strong>Calidad garantizada<\/strong>: Nuestras flores son cuidadosamente seleccionadas para garantizar la m\u00e1xima frescura y durabilidad.<br \/>\n&#8211;<strong> Excelente servicio al cliente<\/strong>: Siempre estamos disponibles para responder a cualquier pregunta o necesidad.<br \/>\n&#8211; <strong>Amplia selecci\u00f3n<\/strong>: Ofrecemos una amplia gama de flores y composiciones para todas las ocasiones.<br \/>\n&#8211;<strong> Entrega r\u00e1pida y confiable<\/strong>: Garantizamos que su ramo llegar\u00e1 fresco y puntual.<\/p>\n","protected":false},"excerpt":{"rendered":"<ul>\n<li>Gerberas blancas<\/li>\n<li>Rosas blancas<\/li>\n<li>Lisianthus blanco<\/li>\n<li>Iris azul<\/li>\n<li>hojas decorativas<\/li>\n<\/ul>\n<p>Jarr\u00f3n no incluido<\/p>\n","protected":false},"featured_media":18507,"comment_status":"open","ping_status":"closed","template":"","meta":[],"product_brand":[],"product_cat":[4356,4349,4374,4357,4329,4316,4330,4335,4463,4333,4354,4340,4339,4341,4338,4315,4337,4554,4352,4318,4334,4397,4336,4353],"product_tag":[4432,4424,4559,4421,4541],"class_list":{"0":"post-18506","1":"product","2":"type-product","3":"status-publish","4":"has-post-thumbnail","6":"product_cat-25-aniversario-boda-de-plata","7":"product_cat-30-aniversario-boda-de-perlas","8":"product_cat-40-aniversario-boda-de-esmeralda","9":"product_cat-50-aniversario-bodas-de-oro","10":"product_cat-amigo","11":"product_cat-compleanno-es","12":"product_cat-dia-de-la-madre","13":"product_cat-disculpa","14":"product_cat-es-un-hombre","15":"product_cat-felicitaciones","16":"product_cat-fiori-di-stagione","17":"product_cat-flores-de-invierno","18":"product_cat-flores-de-otono","19":"product_cat-flores-de-primavera","20":"product_cat-flores-de-verano","21":"product_cat-flores-para-eventos","22":"product_cat-gerberas-es","23":"product_cat-lisianthus-es","24":"product_cat-nacimientos","25":"product_cat-oportunidad","26":"product_cat-para-agradecer-a-alguien","27":"product_cat-para-parejas-gay","28":"product_cat-rosas","29":"product_cat-son-gemelos","30":"product_tag-gerberas-es-2","31":"product_tag-iris-es","32":"product_tag-lisianthus-es","33":"product_tag-ramo","34":"product_tag-rosas-blancas","36":"first","37":"instock","38":"shipping-taxable","39":"purchasable","40":"product-type-simple"},"yoast_head":"<!-- This site is optimized with the Yoast SEO Premium plugin v27.5 (Yoast SEO v27.5) - https:\/\/yoast.com\/product\/yoast-seo-premium-wordpress\/ -->\n<title>Composici\u00f3n de Gerberas y rosas<\/title>\n<meta name=\"description\" content=\"Ramo de gerberas, lirios p\u00farpuras y rosas blancas, idea regalo para graduaci\u00f3n, amiga, colega, mam\u00e1, hermana. Enviamos flores a domicilio en toda Italia.\" \/>\n<meta name=\"robots\" content=\"index, follow, max-snippet:-1, max-image-preview:large, max-video-preview:-1\" \/>\n<link rel=\"canonical\" href=\"https:\/\/floranixena.it\/es\/producto\/bouquet-de-gerberas-y-rosas\/\" \/>\n<meta property=\"og:locale\" content=\"es_ES\" \/>\n<meta property=\"og:type\" content=\"article\" \/>\n<meta property=\"og:title\" content=\"Bouquet de gerberas y rosas\" \/>\n<meta property=\"og:description\" content=\"Gerberas blancas  Rosas blancas  Lisianthus blanco  Iris azul  hojas decorativas Jarr\u00f3n no incluido\" \/>\n<meta property=\"og:url\" content=\"https:\/\/floranixena.it\/es\/producto\/bouquet-de-gerberas-y-rosas\/\" \/>\n<meta property=\"og:site_name\" content=\"FloraNixena - FloraNixena - Entrega de flores a domicilio\" \/>\n<meta property=\"article:publisher\" content=\"https:\/\/www.facebook.com\/FloraNixena\/\" \/>\n<meta property=\"article:modified_time\" content=\"2025-09-15T07:55:12+00:00\" \/>\n<meta property=\"og:image\" content=\"https:\/\/floranixena.it\/wp-content\/uploads\/2019\/05\/mazzo_di_gerbere_iris-blu_e_rose_bianche_idee_regalo_laurea_amica_collega_mamma_sorella_inviare_fiori_a_domicilio.jpg\" \/>\n\t<meta property=\"og:image:width\" content=\"800\" \/>\n\t<meta property=\"og:image:height\" content=\"800\" \/>\n\t<meta property=\"og:image:type\" content=\"image\/jpeg\" \/>\n<meta name=\"twitter:card\" content=\"summary_large_image\" \/>\n<meta name=\"twitter:label1\" content=\"Tiempo de lectura\" \/>\n\t<meta name=\"twitter:data1\" content=\"2 minuto\" \/>\n<script type=\"application\/ld+json\" class=\"yoast-schema-graph\">{\"@context\":\"https:\\\/\\\/schema.org\",\"@graph\":[{\"@type\":\"WebPage\",\"@id\":\"https:\\\/\\\/floranixena.it\\\/es\\\/producto\\\/bouquet-de-gerberas-y-rosas\\\/\",\"url\":\"https:\\\/\\\/floranixena.it\\\/es\\\/producto\\\/bouquet-de-gerberas-y-rosas\\\/\",\"name\":\"Composici\u00f3n de Gerberas y rosas\",\"isPartOf\":{\"@id\":\"https:\\\/\\\/floranixena.it\\\/es\\\/#website\"},\"primaryImageOfPage\":{\"@id\":\"https:\\\/\\\/floranixena.it\\\/es\\\/producto\\\/bouquet-de-gerberas-y-rosas\\\/#primaryimage\"},\"image\":{\"@id\":\"https:\\\/\\\/floranixena.it\\\/es\\\/producto\\\/bouquet-de-gerberas-y-rosas\\\/#primaryimage\"},\"thumbnailUrl\":\"https:\\\/\\\/floranixena.it\\\/wp-content\\\/uploads\\\/2019\\\/05\\\/mazzo_di_gerbere_iris-blu_e_rose_bianche_idee_regalo_laurea_amica_collega_mamma_sorella_inviare_fiori_a_domicilio.jpg\",\"datePublished\":\"2025-08-01T14:06:45+00:00\",\"dateModified\":\"2025-09-15T07:55:12+00:00\",\"description\":\"Ramo de gerberas, lirios p\u00farpuras y rosas blancas, idea regalo para graduaci\u00f3n, amiga, colega, mam\u00e1, hermana. Enviamos flores a domicilio en toda Italia.\",\"breadcrumb\":{\"@id\":\"https:\\\/\\\/floranixena.it\\\/es\\\/producto\\\/bouquet-de-gerberas-y-rosas\\\/#breadcrumb\"},\"inLanguage\":\"es\",\"potentialAction\":[{\"@type\":\"ReadAction\",\"target\":[\"https:\\\/\\\/floranixena.it\\\/es\\\/producto\\\/bouquet-de-gerberas-y-rosas\\\/\"]}]},{\"@type\":\"ImageObject\",\"inLanguage\":\"es\",\"@id\":\"https:\\\/\\\/floranixena.it\\\/es\\\/producto\\\/bouquet-de-gerberas-y-rosas\\\/#primaryimage\",\"url\":\"https:\\\/\\\/floranixena.it\\\/wp-content\\\/uploads\\\/2019\\\/05\\\/mazzo_di_gerbere_iris-blu_e_rose_bianche_idee_regalo_laurea_amica_collega_mamma_sorella_inviare_fiori_a_domicilio.jpg\",\"contentUrl\":\"https:\\\/\\\/floranixena.it\\\/wp-content\\\/uploads\\\/2019\\\/05\\\/mazzo_di_gerbere_iris-blu_e_rose_bianche_idee_regalo_laurea_amica_collega_mamma_sorella_inviare_fiori_a_domicilio.jpg\",\"width\":800,\"height\":800,\"caption\":\"Bouquet vivace e armonioso con fiori dai colori complementari. Ideale per regali eleganti e decorazioni floreali. Disponibile su Floranixena.\"},{\"@type\":\"BreadcrumbList\",\"@id\":\"https:\\\/\\\/floranixena.it\\\/es\\\/producto\\\/bouquet-de-gerberas-y-rosas\\\/#breadcrumb\",\"itemListElement\":[{\"@type\":\"ListItem\",\"position\":1,\"name\":\"Home\",\"item\":\"https:\\\/\\\/floranixena.it\\\/es\\\/\"},{\"@type\":\"ListItem\",\"position\":2,\"name\":\"tienda\",\"item\":\"https:\\\/\\\/floranixena.it\\\/es\\\/tienda\\\/\"},{\"@type\":\"ListItem\",\"position\":3,\"name\":\"Bouquet de gerberas y rosas\"}]},{\"@type\":\"WebSite\",\"@id\":\"https:\\\/\\\/floranixena.it\\\/es\\\/#website\",\"url\":\"https:\\\/\\\/floranixena.it\\\/es\\\/\",\"name\":\"FloraNixena - Consegna fiori a domicilio in Italia\",\"description\":\"Invia fiori che raccontano storie\",\"publisher\":{\"@id\":\"https:\\\/\\\/floranixena.it\\\/es\\\/#organization\"},\"alternateName\":\"FloraNixena.it\",\"potentialAction\":[{\"@type\":\"SearchAction\",\"target\":{\"@type\":\"EntryPoint\",\"urlTemplate\":\"https:\\\/\\\/floranixena.it\\\/es\\\/?s={search_term_string}\"},\"query-input\":{\"@type\":\"PropertyValueSpecification\",\"valueRequired\":true,\"valueName\":\"search_term_string\"}}],\"inLanguage\":\"es\"},{\"@type\":\"Organization\",\"@id\":\"https:\\\/\\\/floranixena.it\\\/es\\\/#organization\",\"name\":\"FloraNixena.it - Consegna mazzi di fiori, bouquet e piante a domicilio\",\"url\":\"https:\\\/\\\/floranixena.it\\\/es\\\/\",\"logo\":{\"@type\":\"ImageObject\",\"inLanguage\":\"es\",\"@id\":\"https:\\\/\\\/floranixena.it\\\/es\\\/#\\\/schema\\\/logo\\\/image\\\/\",\"url\":\"https:\\\/\\\/floranixena.it\\\/wp-content\\\/uploads\\\/2018\\\/11\\\/logo-fucsia.png\",\"contentUrl\":\"https:\\\/\\\/floranixena.it\\\/wp-content\\\/uploads\\\/2018\\\/11\\\/logo-fucsia.png\",\"width\":315,\"height\":81,\"caption\":\"FloraNixena.it - Consegna mazzi di fiori, bouquet e piante a domicilio\"},\"image\":{\"@id\":\"https:\\\/\\\/floranixena.it\\\/es\\\/#\\\/schema\\\/logo\\\/image\\\/\"},\"sameAs\":[\"https:\\\/\\\/www.facebook.com\\\/FloraNixena\\\/\",\"https:\\\/\\\/www.instagram.com\\\/floranixena.it\\\/\",\"https:\\\/\\\/www.youtube.com\\\/channel\\\/UCAfCWXMBezO96jgPjiUgpkA\"],\"description\":\"Chi Siamo? FloraNixena \u00e8 il partner di fiducia per la consegna di fiori freschi a domicilio. Con anni di esperienza nel settore floreale, siamo dedicati a portare la bellezza e la freschezza dei fiori direttamente alla vostra porta. La Nostra Missione La nostra missione \u00e8 trasformare ogni occasione in un momento speciale attraverso la magia dei fiori. Crediamo che un bouquet possa dire pi\u00f9 di mille parole e lavoriamo instancabilmente per assicurarci che ogni consegna porti gioia, amore e bellezza. Cosa Offriamo? Fiori Freschi: Collaboriamo con i migliori fornitori locali per garantire che i nostri fiori siano sempre freschi e di alta qualit\u00e0. Consegna Rapida e Puntuale: Offriamo un servizio di consegna rapido e affidabile, con la possibilit\u00e0 di scegliere la fascia oraria che pi\u00f9 vi conviene. Ampia Selezione: Dalle rose classiche ai bouquet personalizzati, abbiamo una vasta gamma di opzioni per soddisfare ogni gusto e occasione. Assistenza Clienti: Il nostro team \u00e8 sempre a disposizione per assistervi nella scelta del bouquet perfetto e per garantire un'esperienza di acquisto senza intoppi. Perch\u00e9 Sceglierci? Qualit\u00e0 Garantita: Ogni bouquet \u00e8 realizzato con cura dai nostri esperti fioristi, garantendo che ogni composizione sia un'opera d'arte. Servizio Personalizzato: Che sia per un anniversario, un compleanno, una celebrazione o un momento di condoglianza, personalizziamo ogni ordine per rispondere alle vostre esigenze specifiche. Soddisfazione del Cliente: La vostra soddisfazione \u00e8 la nostra priorit\u00e0 assoluta. Facciamo tutto il possibile per assicurarci che ogni consegna superi le vostre aspettative.\",\"email\":\"amministrazione@floranixena.it\",\"telephone\":\"3806342394\",\"legalName\":\"Gaetano Votadoro\"}]}<\/script>\n<!-- \/ Yoast SEO Premium plugin. -->","yoast_head_json":{"title":"Composici\u00f3n de Gerberas y rosas","description":"Ramo de gerberas, lirios p\u00farpuras y rosas blancas, idea regalo para graduaci\u00f3n, amiga, colega, mam\u00e1, hermana. Enviamos flores a domicilio en toda Italia.","robots":{"index":"index","follow":"follow","max-snippet":"max-snippet:-1","max-image-preview":"max-image-preview:large","max-video-preview":"max-video-preview:-1"},"canonical":"https:\/\/floranixena.it\/es\/producto\/bouquet-de-gerberas-y-rosas\/","og_locale":"es_ES","og_type":"article","og_title":"Bouquet de gerberas y rosas","og_description":"Gerberas blancas  Rosas blancas  Lisianthus blanco  Iris azul  hojas decorativas Jarr\u00f3n no incluido","og_url":"https:\/\/floranixena.it\/es\/producto\/bouquet-de-gerberas-y-rosas\/","og_site_name":"FloraNixena - FloraNixena - Entrega de flores a domicilio","article_publisher":"https:\/\/www.facebook.com\/FloraNixena\/","article_modified_time":"2025-09-15T07:55:12+00:00","og_image":[{"width":800,"height":800,"url":"https:\/\/floranixena.it\/wp-content\/uploads\/2019\/05\/mazzo_di_gerbere_iris-blu_e_rose_bianche_idee_regalo_laurea_amica_collega_mamma_sorella_inviare_fiori_a_domicilio.jpg","type":"image\/jpeg"}],"twitter_card":"summary_large_image","twitter_misc":{"Tiempo de lectura":"2 minuto"},"schema":{"@context":"https:\/\/schema.org","@graph":[{"@type":"WebPage","@id":"https:\/\/floranixena.it\/es\/producto\/bouquet-de-gerberas-y-rosas\/","url":"https:\/\/floranixena.it\/es\/producto\/bouquet-de-gerberas-y-rosas\/","name":"Composici\u00f3n de Gerberas y rosas","isPartOf":{"@id":"https:\/\/floranixena.it\/es\/#website"},"primaryImageOfPage":{"@id":"https:\/\/floranixena.it\/es\/producto\/bouquet-de-gerberas-y-rosas\/#primaryimage"},"image":{"@id":"https:\/\/floranixena.it\/es\/producto\/bouquet-de-gerberas-y-rosas\/#primaryimage"},"thumbnailUrl":"https:\/\/floranixena.it\/wp-content\/uploads\/2019\/05\/mazzo_di_gerbere_iris-blu_e_rose_bianche_idee_regalo_laurea_amica_collega_mamma_sorella_inviare_fiori_a_domicilio.jpg","datePublished":"2025-08-01T14:06:45+00:00","dateModified":"2025-09-15T07:55:12+00:00","description":"Ramo de gerberas, lirios p\u00farpuras y rosas blancas, idea regalo para graduaci\u00f3n, amiga, colega, mam\u00e1, hermana. Enviamos flores a domicilio en toda Italia.","breadcrumb":{"@id":"https:\/\/floranixena.it\/es\/producto\/bouquet-de-gerberas-y-rosas\/#breadcrumb"},"inLanguage":"es","potentialAction":[{"@type":"ReadAction","target":["https:\/\/floranixena.it\/es\/producto\/bouquet-de-gerberas-y-rosas\/"]}]},{"@type":"ImageObject","inLanguage":"es","@id":"https:\/\/floranixena.it\/es\/producto\/bouquet-de-gerberas-y-rosas\/#primaryimage","url":"https:\/\/floranixena.it\/wp-content\/uploads\/2019\/05\/mazzo_di_gerbere_iris-blu_e_rose_bianche_idee_regalo_laurea_amica_collega_mamma_sorella_inviare_fiori_a_domicilio.jpg","contentUrl":"https:\/\/floranixena.it\/wp-content\/uploads\/2019\/05\/mazzo_di_gerbere_iris-blu_e_rose_bianche_idee_regalo_laurea_amica_collega_mamma_sorella_inviare_fiori_a_domicilio.jpg","width":800,"height":800,"caption":"Bouquet vivace e armonioso con fiori dai colori complementari. Ideale per regali eleganti e decorazioni floreali. Disponibile su Floranixena."},{"@type":"BreadcrumbList","@id":"https:\/\/floranixena.it\/es\/producto\/bouquet-de-gerberas-y-rosas\/#breadcrumb","itemListElement":[{"@type":"ListItem","position":1,"name":"Home","item":"https:\/\/floranixena.it\/es\/"},{"@type":"ListItem","position":2,"name":"tienda","item":"https:\/\/floranixena.it\/es\/tienda\/"},{"@type":"ListItem","position":3,"name":"Bouquet de gerberas y rosas"}]},{"@type":"WebSite","@id":"https:\/\/floranixena.it\/es\/#website","url":"https:\/\/floranixena.it\/es\/","name":"FloraNixena - Consegna fiori a domicilio in Italia","description":"Invia fiori che raccontano storie","publisher":{"@id":"https:\/\/floranixena.it\/es\/#organization"},"alternateName":"FloraNixena.it","potentialAction":[{"@type":"SearchAction","target":{"@type":"EntryPoint","urlTemplate":"https:\/\/floranixena.it\/es\/?s={search_term_string}"},"query-input":{"@type":"PropertyValueSpecification","valueRequired":true,"valueName":"search_term_string"}}],"inLanguage":"es"},{"@type":"Organization","@id":"https:\/\/floranixena.it\/es\/#organization","name":"FloraNixena.it - Consegna mazzi di fiori, bouquet e piante a domicilio","url":"https:\/\/floranixena.it\/es\/","logo":{"@type":"ImageObject","inLanguage":"es","@id":"https:\/\/floranixena.it\/es\/#\/schema\/logo\/image\/","url":"https:\/\/floranixena.it\/wp-content\/uploads\/2018\/11\/logo-fucsia.png","contentUrl":"https:\/\/floranixena.it\/wp-content\/uploads\/2018\/11\/logo-fucsia.png","width":315,"height":81,"caption":"FloraNixena.it - Consegna mazzi di fiori, bouquet e piante a domicilio"},"image":{"@id":"https:\/\/floranixena.it\/es\/#\/schema\/logo\/image\/"},"sameAs":["https:\/\/www.facebook.com\/FloraNixena\/","https:\/\/www.instagram.com\/floranixena.it\/","https:\/\/www.youtube.com\/channel\/UCAfCWXMBezO96jgPjiUgpkA"],"description":"Chi Siamo? FloraNixena \u00e8 il partner di fiducia per la consegna di fiori freschi a domicilio. Con anni di esperienza nel settore floreale, siamo dedicati a portare la bellezza e la freschezza dei fiori direttamente alla vostra porta. La Nostra Missione La nostra missione \u00e8 trasformare ogni occasione in un momento speciale attraverso la magia dei fiori. Crediamo che un bouquet possa dire pi\u00f9 di mille parole e lavoriamo instancabilmente per assicurarci che ogni consegna porti gioia, amore e bellezza. Cosa Offriamo? Fiori Freschi: Collaboriamo con i migliori fornitori locali per garantire che i nostri fiori siano sempre freschi e di alta qualit\u00e0. Consegna Rapida e Puntuale: Offriamo un servizio di consegna rapido e affidabile, con la possibilit\u00e0 di scegliere la fascia oraria che pi\u00f9 vi conviene. Ampia Selezione: Dalle rose classiche ai bouquet personalizzati, abbiamo una vasta gamma di opzioni per soddisfare ogni gusto e occasione. Assistenza Clienti: Il nostro team \u00e8 sempre a disposizione per assistervi nella scelta del bouquet perfetto e per garantire un'esperienza di acquisto senza intoppi. Perch\u00e9 Sceglierci? Qualit\u00e0 Garantita: Ogni bouquet \u00e8 realizzato con cura dai nostri esperti fioristi, garantendo che ogni composizione sia un'opera d'arte. Servizio Personalizzato: Che sia per un anniversario, un compleanno, una celebrazione o un momento di condoglianza, personalizziamo ogni ordine per rispondere alle vostre esigenze specifiche. Soddisfazione del Cliente: La vostra soddisfazione \u00e8 la nostra priorit\u00e0 assoluta. Facciamo tutto il possibile per assicurarci che ogni consegna superi le vostre aspettative.","email":"amministrazione@floranixena.it","telephone":"3806342394","legalName":"Gaetano Votadoro"}]}},"_links":{"self":[{"href":"https:\/\/floranixena.it\/es\/wp-json\/wp\/v2\/product\/18506","targetHints":{"allow":["GET"]}}],"collection":[{"href":"https:\/\/floranixena.it\/es\/wp-json\/wp\/v2\/product"}],"about":[{"href":"https:\/\/floranixena.it\/es\/wp-json\/wp\/v2\/types\/product"}],"replies":[{"embeddable":true,"href":"https:\/\/floranixena.it\/es\/wp-json\/wp\/v2\/comments?post=18506"}],"wp:featuredmedia":[{"embeddable":true,"href":"https:\/\/floranixena.it\/es\/wp-json\/wp\/v2\/media\/18507"}],"wp:attachment":[{"href":"https:\/\/floranixena.it\/es\/wp-json\/wp\/v2\/media?parent=18506"}],"wp:term":[{"taxonomy":"product_brand","embeddable":true,"href":"https:\/\/floranixena.it\/es\/wp-json\/wp\/v2\/product_brand?post=18506"},{"taxonomy":"product_cat","embeddable":true,"href":"https:\/\/floranixena.it\/es\/wp-json\/wp\/v2\/product_cat?post=18506"},{"taxonomy":"product_tag","embeddable":true,"href":"https:\/\/floranixena.it\/es\/wp-json\/wp\/v2\/product_tag?post=18506"}],"curies":[{"name":"wp","href":"https:\/\/api.w.org\/{rel}","templated":true}]}}