{"id":18496,"date":"2025-08-01T16:30:40","date_gmt":"2025-08-01T14:30:40","guid":{"rendered":"https:\/\/floranixena.it\/product\/jardin-secreto\/"},"modified":"2025-09-15T09:40:13","modified_gmt":"2025-09-15T07:40:13","slug":"jardin-secreto","status":"publish","type":"product","link":"https:\/\/floranixena.it\/es\/producto\/jardin-secreto\/","title":{"rendered":"jard\u00edn secreto"},"content":{"rendered":"<h1>Ramo de rosas y lilium rosa<\/h1>\n<p>Descubre la magia de tu jard\u00edn secreto con un maravilloso <strong>ramo de <a href=\"https:\/\/floranixena.it\/prodotto\/mazzo-di-rose-e-gerbere\/\">rosas blancas<\/a> y lirios rosados. <\/strong>La combinaci\u00f3n de las dos flores emana un perfume dulce y envolvente que embriaga los sentidos. <\/p>\n<p>La belleza de esta <strong>composici\u00f3n de Rosas y Lilium <\/strong>es realmente \u00fanica y transmite un mensaje de elegancia y refinamiento. Perfecto para celebrar un aniversario, un cumplea\u00f1os o simplemente para sorprender a una persona especial. <\/p>\n<p>Su mezcla de elegancia y delicadeza hace que este ramo sea perfecto para cualquier ocasi\u00f3n. Si usted est\u00e1 buscando un regalo que deje una impresi\u00f3n duradera, nuestro ramo de Lirios y rosas blancas es la opci\u00f3n ideal. <\/p>\n<p>Nuestra selecci\u00f3n de <a href=\"https:\/\/floranixena.it\/prodotto\/mazzo-di-rose-garofani-e-alstromeria\/\">flores preciosas<\/a>, cuidadosamente dispuestas en un <strong><a href=\"https:\/\/floranixena.it\/es\/prodotto\/carta-de-amor\/\">bouquet <\/a><\/strong>armonioso, transmitir\u00e1 su mensaje de una manera refinada y emocional. Ya sea que quieras sorprender a una persona especial para un aniversario, una graduaci\u00f3n, un cumplea\u00f1os o una simple demostraci\u00f3n de afecto, esta <strong>composici\u00f3n de Rose y <a href=\"https:\/\/floranixena.it\/prodotto\/bouquet-di-lilium-e-rose\/\">Lilium <\/a><\/strong>va a impresionar. <\/p>\n<p>Adem\u00e1s, el env\u00edo de nuestro <a href=\"https:\/\/floranixena.it\/?post_type=product&#038;p=2781\"><strong>ramo de Lilium <\/strong><\/a>a domicilio es un servicio r\u00e1pido y fiable. Puedes pedirlo en l\u00ednea y recibirlo c\u00f3modamente en tu casa o enviarlo directamente a la persona que quieres sorprender. No dudes en elegir nuestro mazo de Lilium y Rosas blancas para expresar tus sentimientos de una manera \u00fanica e inolvidable.  <\/p>\n","protected":false},"excerpt":{"rendered":"<ul>\n<li>lilium Rosa<\/li>\n<li>Rosas Blancas<\/li>\n<li>Gerbere rojos<\/li>\n<li>Alstroemeria rosa<\/li>\n<li>hojas decorativas verdes y coloridas<\/li>\n<\/ul>\n<p>Jarr\u00f3n no incluido<\/p>\n","protected":false},"featured_media":18497,"comment_status":"open","ping_status":"closed","template":"","meta":[],"product_brand":[],"product_cat":[4329,4331,4317,4316,4330,4335,4332,4333,4340,4339,4341,4338,4315,4417,4365,4318,4334,4358,4320,4360,4324,4325,4336,4351],"product_tag":[4659,4658,4419,4422,4657,4661,4660,4375],"class_list":{"0":"post-18496","1":"product","2":"type-product","3":"status-publish","4":"has-post-thumbnail","6":"product_cat-amigo","7":"product_cat-amor-y-el-romance","8":"product_cat-aniversario","9":"product_cat-compleanno-es","10":"product_cat-dia-de-la-madre","11":"product_cat-disculpa","12":"product_cat-es-una-nina","13":"product_cat-felicitaciones","14":"product_cat-flores-de-invierno","15":"product_cat-flores-de-otono","16":"product_cat-flores-de-primavera","17":"product_cat-flores-de-verano","18":"product_cat-flores-para-eventos","19":"product_cat-lilium-es","20":"product_cat-navidad","21":"product_cat-oportunidad","22":"product_cat-para-agradecer-a-alguien","23":"product_cat-para-la-esposa-o-novia","24":"product_cat-para-la-hermana","25":"product_cat-para-nuevas-revelaciones","26":"product_cat-para-un-amigo","27":"product_cat-para-un-colega","28":"product_cat-rosas","29":"product_cat-titulos","30":"product_tag-composicion-de-lilium","31":"product_tag-composicion-de-rosas","32":"product_tag-lilium-es","33":"product_tag-lilium-oriental-es","34":"product_tag-lilium-rosa-es","35":"product_tag-lirios-rosas","36":"product_tag-rosa-blanca","37":"product_tag-rosas","39":"first","40":"instock","41":"sale","42":"shipping-taxable","43":"purchasable","44":"product-type-simple"},"yoast_head":"<!-- This site is optimized with the Yoast SEO Premium plugin v27.5 (Yoast SEO v27.5) - https:\/\/yoast.com\/product\/yoast-seo-premium-wordpress\/ -->\n<title>Composici\u00f3n de rosas y lirios FloraNixena - FloraNixena - Entrega de flores a domicilio<\/title>\n<meta name=\"description\" content=\"Composici\u00f3n de rosas y lilium entregados a domicilio para regalos especiales: cumplea\u00f1os, aniversarios, disculpas o felicitaciones.\" \/>\n<meta name=\"robots\" content=\"index, follow, max-snippet:-1, max-image-preview:large, max-video-preview:-1\" \/>\n<link rel=\"canonical\" href=\"https:\/\/floranixena.it\/es\/producto\/jardin-secreto\/\" \/>\n<meta property=\"og:locale\" content=\"es_ES\" \/>\n<meta property=\"og:type\" content=\"article\" \/>\n<meta property=\"og:title\" content=\"jard\u00edn secreto\" \/>\n<meta property=\"og:description\" content=\"lilium Rosa  Rosas Blancas  Gerbere rojos  Alstroemeria rosa  hojas decorativas verdes y coloridas Jarr\u00f3n no incluido\" \/>\n<meta property=\"og:url\" content=\"https:\/\/floranixena.it\/es\/producto\/jardin-secreto\/\" \/>\n<meta property=\"og:site_name\" content=\"FloraNixena - FloraNixena - Entrega de flores a domicilio\" \/>\n<meta property=\"article:publisher\" content=\"https:\/\/www.facebook.com\/FloraNixena\/\" \/>\n<meta property=\"article:modified_time\" content=\"2025-09-15T07:40:13+00:00\" \/>\n<meta property=\"og:image\" content=\"https:\/\/floranixena.it\/wp-content\/uploads\/2019\/05\/mazzo_di_lilium_e_rose_regalare_fiori_a_domicilio_a_tua_sorella_mamma_anniverario_diploma_congratulazioni_scuse.jpg\" \/>\n\t<meta property=\"og:image:width\" content=\"800\" \/>\n\t<meta property=\"og:image:height\" content=\"800\" \/>\n\t<meta property=\"og:image:type\" content=\"image\/jpeg\" \/>\n<meta name=\"twitter:card\" content=\"summary_large_image\" \/>\n<meta name=\"twitter:label1\" content=\"Tiempo de lectura\" \/>\n\t<meta name=\"twitter:data1\" content=\"1 minuto\" \/>\n<script type=\"application\/ld+json\" class=\"yoast-schema-graph\">{\"@context\":\"https:\\\/\\\/schema.org\",\"@graph\":[{\"@type\":\"WebPage\",\"@id\":\"https:\\\/\\\/floranixena.it\\\/es\\\/producto\\\/jardin-secreto\\\/\",\"url\":\"https:\\\/\\\/floranixena.it\\\/es\\\/producto\\\/jardin-secreto\\\/\",\"name\":\"Composici\u00f3n de rosas y lirios FloraNixena - FloraNixena - Entrega de flores a domicilio\",\"isPartOf\":{\"@id\":\"https:\\\/\\\/floranixena.it\\\/es\\\/#website\"},\"primaryImageOfPage\":{\"@id\":\"https:\\\/\\\/floranixena.it\\\/es\\\/producto\\\/jardin-secreto\\\/#primaryimage\"},\"image\":{\"@id\":\"https:\\\/\\\/floranixena.it\\\/es\\\/producto\\\/jardin-secreto\\\/#primaryimage\"},\"thumbnailUrl\":\"https:\\\/\\\/floranixena.it\\\/wp-content\\\/uploads\\\/2019\\\/05\\\/mazzo_di_lilium_e_rose_regalare_fiori_a_domicilio_a_tua_sorella_mamma_anniverario_diploma_congratulazioni_scuse.jpg\",\"datePublished\":\"2025-08-01T14:30:40+00:00\",\"dateModified\":\"2025-09-15T07:40:13+00:00\",\"description\":\"Composici\u00f3n de rosas y lilium entregados a domicilio para regalos especiales: cumplea\u00f1os, aniversarios, disculpas o felicitaciones.\",\"breadcrumb\":{\"@id\":\"https:\\\/\\\/floranixena.it\\\/es\\\/producto\\\/jardin-secreto\\\/#breadcrumb\"},\"inLanguage\":\"es\",\"potentialAction\":[{\"@type\":\"ReadAction\",\"target\":[\"https:\\\/\\\/floranixena.it\\\/es\\\/producto\\\/jardin-secreto\\\/\"]}]},{\"@type\":\"ImageObject\",\"inLanguage\":\"es\",\"@id\":\"https:\\\/\\\/floranixena.it\\\/es\\\/producto\\\/jardin-secreto\\\/#primaryimage\",\"url\":\"https:\\\/\\\/floranixena.it\\\/wp-content\\\/uploads\\\/2019\\\/05\\\/mazzo_di_lilium_e_rose_regalare_fiori_a_domicilio_a_tua_sorella_mamma_anniverario_diploma_congratulazioni_scuse.jpg\",\"contentUrl\":\"https:\\\/\\\/floranixena.it\\\/wp-content\\\/uploads\\\/2019\\\/05\\\/mazzo_di_lilium_e_rose_regalare_fiori_a_domicilio_a_tua_sorella_mamma_anniverario_diploma_congratulazioni_scuse.jpg\",\"width\":800,\"height\":800,\"caption\":\"Bouquet con lilium e rose, pensato per trasmettere eleganza e delicatezza in ogni occasione speciale. Consegna a domicilio in tutta Italia.\"},{\"@type\":\"BreadcrumbList\",\"@id\":\"https:\\\/\\\/floranixena.it\\\/es\\\/producto\\\/jardin-secreto\\\/#breadcrumb\",\"itemListElement\":[{\"@type\":\"ListItem\",\"position\":1,\"name\":\"Home\",\"item\":\"https:\\\/\\\/floranixena.it\\\/es\\\/\"},{\"@type\":\"ListItem\",\"position\":2,\"name\":\"tienda\",\"item\":\"https:\\\/\\\/floranixena.it\\\/es\\\/tienda\\\/\"},{\"@type\":\"ListItem\",\"position\":3,\"name\":\"jard\u00edn secreto\"}]},{\"@type\":\"WebSite\",\"@id\":\"https:\\\/\\\/floranixena.it\\\/es\\\/#website\",\"url\":\"https:\\\/\\\/floranixena.it\\\/es\\\/\",\"name\":\"FloraNixena - Consegna fiori a domicilio in Italia\",\"description\":\"Invia fiori che raccontano storie\",\"publisher\":{\"@id\":\"https:\\\/\\\/floranixena.it\\\/es\\\/#organization\"},\"alternateName\":\"FloraNixena.it\",\"potentialAction\":[{\"@type\":\"SearchAction\",\"target\":{\"@type\":\"EntryPoint\",\"urlTemplate\":\"https:\\\/\\\/floranixena.it\\\/es\\\/?s={search_term_string}\"},\"query-input\":{\"@type\":\"PropertyValueSpecification\",\"valueRequired\":true,\"valueName\":\"search_term_string\"}}],\"inLanguage\":\"es\"},{\"@type\":\"Organization\",\"@id\":\"https:\\\/\\\/floranixena.it\\\/es\\\/#organization\",\"name\":\"FloraNixena.it - Consegna mazzi di fiori, bouquet e piante a domicilio\",\"url\":\"https:\\\/\\\/floranixena.it\\\/es\\\/\",\"logo\":{\"@type\":\"ImageObject\",\"inLanguage\":\"es\",\"@id\":\"https:\\\/\\\/floranixena.it\\\/es\\\/#\\\/schema\\\/logo\\\/image\\\/\",\"url\":\"https:\\\/\\\/floranixena.it\\\/wp-content\\\/uploads\\\/2018\\\/11\\\/logo-fucsia.png\",\"contentUrl\":\"https:\\\/\\\/floranixena.it\\\/wp-content\\\/uploads\\\/2018\\\/11\\\/logo-fucsia.png\",\"width\":315,\"height\":81,\"caption\":\"FloraNixena.it - Consegna mazzi di fiori, bouquet e piante a domicilio\"},\"image\":{\"@id\":\"https:\\\/\\\/floranixena.it\\\/es\\\/#\\\/schema\\\/logo\\\/image\\\/\"},\"sameAs\":[\"https:\\\/\\\/www.facebook.com\\\/FloraNixena\\\/\",\"https:\\\/\\\/www.instagram.com\\\/floranixena.it\\\/\",\"https:\\\/\\\/www.youtube.com\\\/channel\\\/UCAfCWXMBezO96jgPjiUgpkA\"],\"description\":\"Chi Siamo? FloraNixena \u00e8 il partner di fiducia per la consegna di fiori freschi a domicilio. Con anni di esperienza nel settore floreale, siamo dedicati a portare la bellezza e la freschezza dei fiori direttamente alla vostra porta. La Nostra Missione La nostra missione \u00e8 trasformare ogni occasione in un momento speciale attraverso la magia dei fiori. Crediamo che un bouquet possa dire pi\u00f9 di mille parole e lavoriamo instancabilmente per assicurarci che ogni consegna porti gioia, amore e bellezza. Cosa Offriamo? Fiori Freschi: Collaboriamo con i migliori fornitori locali per garantire che i nostri fiori siano sempre freschi e di alta qualit\u00e0. Consegna Rapida e Puntuale: Offriamo un servizio di consegna rapido e affidabile, con la possibilit\u00e0 di scegliere la fascia oraria che pi\u00f9 vi conviene. Ampia Selezione: Dalle rose classiche ai bouquet personalizzati, abbiamo una vasta gamma di opzioni per soddisfare ogni gusto e occasione. Assistenza Clienti: Il nostro team \u00e8 sempre a disposizione per assistervi nella scelta del bouquet perfetto e per garantire un'esperienza di acquisto senza intoppi. Perch\u00e9 Sceglierci? Qualit\u00e0 Garantita: Ogni bouquet \u00e8 realizzato con cura dai nostri esperti fioristi, garantendo che ogni composizione sia un'opera d'arte. Servizio Personalizzato: Che sia per un anniversario, un compleanno, una celebrazione o un momento di condoglianza, personalizziamo ogni ordine per rispondere alle vostre esigenze specifiche. Soddisfazione del Cliente: La vostra soddisfazione \u00e8 la nostra priorit\u00e0 assoluta. Facciamo tutto il possibile per assicurarci che ogni consegna superi le vostre aspettative.\",\"email\":\"amministrazione@floranixena.it\",\"telephone\":\"3806342394\",\"legalName\":\"Gaetano Votadoro\"}]}<\/script>\n<!-- \/ Yoast SEO Premium plugin. -->","yoast_head_json":{"title":"Composici\u00f3n de rosas y lirios FloraNixena - FloraNixena - Entrega de flores a domicilio","description":"Composici\u00f3n de rosas y lilium entregados a domicilio para regalos especiales: cumplea\u00f1os, aniversarios, disculpas o felicitaciones.","robots":{"index":"index","follow":"follow","max-snippet":"max-snippet:-1","max-image-preview":"max-image-preview:large","max-video-preview":"max-video-preview:-1"},"canonical":"https:\/\/floranixena.it\/es\/producto\/jardin-secreto\/","og_locale":"es_ES","og_type":"article","og_title":"jard\u00edn secreto","og_description":"lilium Rosa  Rosas Blancas  Gerbere rojos  Alstroemeria rosa  hojas decorativas verdes y coloridas Jarr\u00f3n no incluido","og_url":"https:\/\/floranixena.it\/es\/producto\/jardin-secreto\/","og_site_name":"FloraNixena - FloraNixena - Entrega de flores a domicilio","article_publisher":"https:\/\/www.facebook.com\/FloraNixena\/","article_modified_time":"2025-09-15T07:40:13+00:00","og_image":[{"width":800,"height":800,"url":"https:\/\/floranixena.it\/wp-content\/uploads\/2019\/05\/mazzo_di_lilium_e_rose_regalare_fiori_a_domicilio_a_tua_sorella_mamma_anniverario_diploma_congratulazioni_scuse.jpg","type":"image\/jpeg"}],"twitter_card":"summary_large_image","twitter_misc":{"Tiempo de lectura":"1 minuto"},"schema":{"@context":"https:\/\/schema.org","@graph":[{"@type":"WebPage","@id":"https:\/\/floranixena.it\/es\/producto\/jardin-secreto\/","url":"https:\/\/floranixena.it\/es\/producto\/jardin-secreto\/","name":"Composici\u00f3n de rosas y lirios FloraNixena - FloraNixena - Entrega de flores a domicilio","isPartOf":{"@id":"https:\/\/floranixena.it\/es\/#website"},"primaryImageOfPage":{"@id":"https:\/\/floranixena.it\/es\/producto\/jardin-secreto\/#primaryimage"},"image":{"@id":"https:\/\/floranixena.it\/es\/producto\/jardin-secreto\/#primaryimage"},"thumbnailUrl":"https:\/\/floranixena.it\/wp-content\/uploads\/2019\/05\/mazzo_di_lilium_e_rose_regalare_fiori_a_domicilio_a_tua_sorella_mamma_anniverario_diploma_congratulazioni_scuse.jpg","datePublished":"2025-08-01T14:30:40+00:00","dateModified":"2025-09-15T07:40:13+00:00","description":"Composici\u00f3n de rosas y lilium entregados a domicilio para regalos especiales: cumplea\u00f1os, aniversarios, disculpas o felicitaciones.","breadcrumb":{"@id":"https:\/\/floranixena.it\/es\/producto\/jardin-secreto\/#breadcrumb"},"inLanguage":"es","potentialAction":[{"@type":"ReadAction","target":["https:\/\/floranixena.it\/es\/producto\/jardin-secreto\/"]}]},{"@type":"ImageObject","inLanguage":"es","@id":"https:\/\/floranixena.it\/es\/producto\/jardin-secreto\/#primaryimage","url":"https:\/\/floranixena.it\/wp-content\/uploads\/2019\/05\/mazzo_di_lilium_e_rose_regalare_fiori_a_domicilio_a_tua_sorella_mamma_anniverario_diploma_congratulazioni_scuse.jpg","contentUrl":"https:\/\/floranixena.it\/wp-content\/uploads\/2019\/05\/mazzo_di_lilium_e_rose_regalare_fiori_a_domicilio_a_tua_sorella_mamma_anniverario_diploma_congratulazioni_scuse.jpg","width":800,"height":800,"caption":"Bouquet con lilium e rose, pensato per trasmettere eleganza e delicatezza in ogni occasione speciale. Consegna a domicilio in tutta Italia."},{"@type":"BreadcrumbList","@id":"https:\/\/floranixena.it\/es\/producto\/jardin-secreto\/#breadcrumb","itemListElement":[{"@type":"ListItem","position":1,"name":"Home","item":"https:\/\/floranixena.it\/es\/"},{"@type":"ListItem","position":2,"name":"tienda","item":"https:\/\/floranixena.it\/es\/tienda\/"},{"@type":"ListItem","position":3,"name":"jard\u00edn secreto"}]},{"@type":"WebSite","@id":"https:\/\/floranixena.it\/es\/#website","url":"https:\/\/floranixena.it\/es\/","name":"FloraNixena - Consegna fiori a domicilio in Italia","description":"Invia fiori che raccontano storie","publisher":{"@id":"https:\/\/floranixena.it\/es\/#organization"},"alternateName":"FloraNixena.it","potentialAction":[{"@type":"SearchAction","target":{"@type":"EntryPoint","urlTemplate":"https:\/\/floranixena.it\/es\/?s={search_term_string}"},"query-input":{"@type":"PropertyValueSpecification","valueRequired":true,"valueName":"search_term_string"}}],"inLanguage":"es"},{"@type":"Organization","@id":"https:\/\/floranixena.it\/es\/#organization","name":"FloraNixena.it - Consegna mazzi di fiori, bouquet e piante a domicilio","url":"https:\/\/floranixena.it\/es\/","logo":{"@type":"ImageObject","inLanguage":"es","@id":"https:\/\/floranixena.it\/es\/#\/schema\/logo\/image\/","url":"https:\/\/floranixena.it\/wp-content\/uploads\/2018\/11\/logo-fucsia.png","contentUrl":"https:\/\/floranixena.it\/wp-content\/uploads\/2018\/11\/logo-fucsia.png","width":315,"height":81,"caption":"FloraNixena.it - Consegna mazzi di fiori, bouquet e piante a domicilio"},"image":{"@id":"https:\/\/floranixena.it\/es\/#\/schema\/logo\/image\/"},"sameAs":["https:\/\/www.facebook.com\/FloraNixena\/","https:\/\/www.instagram.com\/floranixena.it\/","https:\/\/www.youtube.com\/channel\/UCAfCWXMBezO96jgPjiUgpkA"],"description":"Chi Siamo? FloraNixena \u00e8 il partner di fiducia per la consegna di fiori freschi a domicilio. Con anni di esperienza nel settore floreale, siamo dedicati a portare la bellezza e la freschezza dei fiori direttamente alla vostra porta. La Nostra Missione La nostra missione \u00e8 trasformare ogni occasione in un momento speciale attraverso la magia dei fiori. Crediamo che un bouquet possa dire pi\u00f9 di mille parole e lavoriamo instancabilmente per assicurarci che ogni consegna porti gioia, amore e bellezza. Cosa Offriamo? Fiori Freschi: Collaboriamo con i migliori fornitori locali per garantire che i nostri fiori siano sempre freschi e di alta qualit\u00e0. Consegna Rapida e Puntuale: Offriamo un servizio di consegna rapido e affidabile, con la possibilit\u00e0 di scegliere la fascia oraria che pi\u00f9 vi conviene. Ampia Selezione: Dalle rose classiche ai bouquet personalizzati, abbiamo una vasta gamma di opzioni per soddisfare ogni gusto e occasione. Assistenza Clienti: Il nostro team \u00e8 sempre a disposizione per assistervi nella scelta del bouquet perfetto e per garantire un'esperienza di acquisto senza intoppi. Perch\u00e9 Sceglierci? Qualit\u00e0 Garantita: Ogni bouquet \u00e8 realizzato con cura dai nostri esperti fioristi, garantendo che ogni composizione sia un'opera d'arte. Servizio Personalizzato: Che sia per un anniversario, un compleanno, una celebrazione o un momento di condoglianza, personalizziamo ogni ordine per rispondere alle vostre esigenze specifiche. Soddisfazione del Cliente: La vostra soddisfazione \u00e8 la nostra priorit\u00e0 assoluta. Facciamo tutto il possibile per assicurarci che ogni consegna superi le vostre aspettative.","email":"amministrazione@floranixena.it","telephone":"3806342394","legalName":"Gaetano Votadoro"}]}},"_links":{"self":[{"href":"https:\/\/floranixena.it\/es\/wp-json\/wp\/v2\/product\/18496","targetHints":{"allow":["GET"]}}],"collection":[{"href":"https:\/\/floranixena.it\/es\/wp-json\/wp\/v2\/product"}],"about":[{"href":"https:\/\/floranixena.it\/es\/wp-json\/wp\/v2\/types\/product"}],"replies":[{"embeddable":true,"href":"https:\/\/floranixena.it\/es\/wp-json\/wp\/v2\/comments?post=18496"}],"wp:featuredmedia":[{"embeddable":true,"href":"https:\/\/floranixena.it\/es\/wp-json\/wp\/v2\/media\/18497"}],"wp:attachment":[{"href":"https:\/\/floranixena.it\/es\/wp-json\/wp\/v2\/media?parent=18496"}],"wp:term":[{"taxonomy":"product_brand","embeddable":true,"href":"https:\/\/floranixena.it\/es\/wp-json\/wp\/v2\/product_brand?post=18496"},{"taxonomy":"product_cat","embeddable":true,"href":"https:\/\/floranixena.it\/es\/wp-json\/wp\/v2\/product_cat?post=18496"},{"taxonomy":"product_tag","embeddable":true,"href":"https:\/\/floranixena.it\/es\/wp-json\/wp\/v2\/product_tag?post=18496"}],"curies":[{"name":"wp","href":"https:\/\/api.w.org\/{rel}","templated":true}]}}