{"id":18283,"date":"2025-08-08T16:00:48","date_gmt":"2025-08-08T14:00:48","guid":{"rendered":"https:\/\/floranixena.it\/product\/spatifillo\/"},"modified":"2025-09-12T11:40:40","modified_gmt":"2025-09-12T09:40:40","slug":"spatifillo","status":"publish","type":"product","link":"https:\/\/floranixena.it\/es\/producto\/spatifillo\/","title":{"rendered":"Spatifillo"},"content":{"rendered":"<h1>Spathiphyllum: el Lirio de la Paz que purifica el aire<\/h1>\n<p>El <a href=\"https:\/\/floranixena.it\/es\/producto\/spatifillo\/\">Spathiphyllum<\/a>, tambi\u00e9n conocido como Giglio della Pace, es una variedad compacta y refinada, ideal para colocar en una mesa de caf\u00e9, un estante o una librer\u00eda. Sus elegantes tallos arqueados y las flores blancas, que en realidad son br\u00e1cteas (hojas modificadas), pueden durar varios meses, regalando un toque de belleza discreta y duradera. <\/p>\n<p>Originaria de Sudam\u00e9rica, esta <a href=\"https:\/\/floranixena.it\/es\/enviar-flores-y-plantas-a-italia\/\">planta <\/a>es famosa no solo por su est\u00e9tica, sino tambi\u00e9n por sus extraordinarias propiedades purificadoras. Es reconocida entre las mejores plantas de interior para mejorar la calidad del aire, ayudando a eliminar sustancias nocivas como formaldeh\u00eddo, amoniaco y mon\u00f3xido de carbono. <\/p>\n<p>Perfecta para entornos dom\u00e9sticos y de trabajo, la Spathiphyllum combina funcionalidad y elegancia, por lo que es una excelente opci\u00f3n para aquellos que buscan una planta decorativa y beneficiosa.<\/p>\n<h3><span class=\"\">Respirar f\u00e1cilmente con las plantas de Spathiphyllum<\/span><\/h3>\n<p style=\"text-align: justify;\">En general, las<strong><a href=\"https:\/\/floranixena.it\/es\/catalog\/plantas\/\"> plantas en macetas <\/a><\/strong>en sus espacios de vida tienen una serie de ventajas. Inserte una planta de spathiphyllum y lleve las cosas al siguiente nivel. En el estudio Clean Air de la NASA, tienen una de las <a>tasas <\/a>m\u00e1s <a>altas <\/a>de <a>eliminaci\u00f3n <\/a>de toxinas del aire interior. Adem\u00e1s, seg\u00fan el Feng Shui, son conocidos por armonizar y calmar la energ\u00eda del entorno. <strong><a href=\"https:\/\/floranixena.it\/es\/\">Pida hoy una planta <\/a>de spathiphyllum<\/strong> y traiga vibraciones pac\u00edficas a su rinc\u00f3n favorito de lectura o sala de meditaci\u00f3n.   <\/p>\n<h3>Las plantas de Spathiphyllum son f\u00e1ciles de curar<\/h3>\n<p style=\"text-align: justify;\">La <strong><a href=\"https:\/\/floranixena.it\/es\/catalog\/plantas\/plantas-de-interior\/\">planta spathiphyllum<\/a><\/strong> es la planta ideal para aquellos que tienen el pulgar no precisamente verde o una vida siempre en movimiento. Requiere un cuidado m\u00ednimo, se adapta f\u00e1cilmente a interiores y puede prosperar incluso con poca luz. Una elecci\u00f3n perfecta para aquellos que aman el verde pero no tienen tiempo (o ganas) de dedicarse a un mantenimiento constante.<br \/>\n<span class=\"goog-text-highlight\">Aunque puedes colocarlo pr\u00e1cticamente en cualquier lugar y estar listo para ir, el punto d\u00e9bil para un crecimiento \u00f3ptimo es la combinaci\u00f3n de una luz, incluso el riego varias veces a la semana y una luz brillante e indirecta.<\/span> A\u00f1ade un poco de humedad a la mezcla y el <strong>spatifilo <\/strong>prosperar\u00e1!<\/p>\n<p style=\"text-align: justify;\">Cabe se\u00f1alar que el drenaje es la clave para las<strong> plantas de Spathiphyllum<\/strong>, as\u00ed que aseg\u00farese de no regar en exceso y que la maceta tenga un agujero en la parte inferior. Otra ventaja: las <strong>plantas de Spathiphyllum<\/strong> requieren una poda m\u00ednima. La duraci\u00f3n t\u00edpica del ciclo de las flores es de aproximadamente un mes cuando se vuelven marrones y se desvanecen. En este punto, puedes cortar el tallo entero de la base para permitir que la planta vuelva a florecer.   <\/p>\n","protected":false},"excerpt":{"rendered":"<ul>\n<li>1 Planta &#8211; Spatifillo<\/li>\n<li>altura de 28 a 40 cm c.ca<\/li>\n<\/ul>\n<p>Jarr\u00f3n en la foto no incluido<\/p>\n<p><span style=\"color: #339966;\"><strong>En este producto la entrega es gratuita<\/strong><\/span><\/p>\n","protected":false},"featured_media":18284,"comment_status":"open","ping_status":"closed","template":"","meta":[],"product_brand":[],"product_cat":[4329,4316,4330,4333,4318,4334,4403,4449,4404],"product_tag":[4406,4405,4579,4583,4581,4582,4407],"class_list":{"0":"post-18283","1":"product","2":"type-product","3":"status-publish","4":"has-post-thumbnail","6":"product_cat-amigo","7":"product_cat-compleanno-es","8":"product_cat-dia-de-la-madre","9":"product_cat-felicitaciones","10":"product_cat-oportunidad","11":"product_cat-para-agradecer-a-alguien","12":"product_cat-plantas","13":"product_cat-plantas-de-exterior","14":"product_cat-plantas-de-interior","15":"product_tag-planta-de-interior","16":"product_tag-planta-de-oficina","17":"product_tag-regalo-plantas-para-nueva-actividad","18":"product_tag-spatafillo-es","19":"product_tag-spathiphyllum-es","20":"product_tag-spatifilo-es","21":"product_tag-tronco-de-la-felicidad","23":"first","24":"instock","25":"shipping-taxable","26":"purchasable","27":"product-type-simple"},"yoast_head":"<!-- This site is optimized with the Yoast SEO Premium plugin v27.5 (Yoast SEO v27.5) - https:\/\/yoast.com\/product\/yoast-seo-premium-wordpress\/ -->\n<title>Planta de Spatifillo - FloraNixena - FloraNixena - Entrega de flores a domicilio<\/title>\n<meta name=\"description\" content=\"Planta Spathiphyllum para regalo, para el apartamento o la oficina, con entrega a domicilio, para regalar a tu ser querido.\" \/>\n<meta name=\"robots\" content=\"index, follow, max-snippet:-1, max-image-preview:large, max-video-preview:-1\" \/>\n<link rel=\"canonical\" href=\"https:\/\/floranixena.it\/es\/producto\/spatifillo\/\" \/>\n<meta property=\"og:locale\" content=\"es_ES\" \/>\n<meta property=\"og:type\" content=\"article\" \/>\n<meta property=\"og:title\" content=\"Spatifillo\" \/>\n<meta property=\"og:description\" content=\"1 Planta - Spatifillo  altura de 28 a 40 cm c.ca Jarr\u00f3n en la foto no incluido En este producto la entrega es gratuita\" \/>\n<meta property=\"og:url\" content=\"https:\/\/floranixena.it\/es\/producto\/spatifillo\/\" \/>\n<meta property=\"og:site_name\" content=\"FloraNixena - FloraNixena - Entrega de flores a domicilio\" \/>\n<meta property=\"article:publisher\" content=\"https:\/\/www.facebook.com\/FloraNixena\/\" \/>\n<meta property=\"article:modified_time\" content=\"2025-09-12T09:40:40+00:00\" \/>\n<meta property=\"og:image\" content=\"https:\/\/floranixena.it\/wp-content\/uploads\/2019\/06\/Spathiphyllum-pianta-da-consegnare-a-domicilio-per-lavvio-di-una-nuova-attivita-o-per-lappartamento-in-tutta-Italia-1.jpg\" \/>\n\t<meta property=\"og:image:width\" content=\"800\" \/>\n\t<meta property=\"og:image:height\" content=\"800\" \/>\n\t<meta property=\"og:image:type\" content=\"image\/jpeg\" \/>\n<meta name=\"twitter:card\" content=\"summary_large_image\" \/>\n<meta name=\"twitter:label1\" content=\"Tiempo de lectura\" \/>\n\t<meta name=\"twitter:data1\" content=\"2 minuto\" \/>\n<script type=\"application\/ld+json\" class=\"yoast-schema-graph\">{\"@context\":\"https:\\\/\\\/schema.org\",\"@graph\":[{\"@type\":\"WebPage\",\"@id\":\"https:\\\/\\\/floranixena.it\\\/es\\\/producto\\\/spatifillo\\\/\",\"url\":\"https:\\\/\\\/floranixena.it\\\/es\\\/producto\\\/spatifillo\\\/\",\"name\":\"Planta de Spatifillo - FloraNixena - FloraNixena - Entrega de flores a domicilio\",\"isPartOf\":{\"@id\":\"https:\\\/\\\/floranixena.it\\\/es\\\/#website\"},\"primaryImageOfPage\":{\"@id\":\"https:\\\/\\\/floranixena.it\\\/es\\\/producto\\\/spatifillo\\\/#primaryimage\"},\"image\":{\"@id\":\"https:\\\/\\\/floranixena.it\\\/es\\\/producto\\\/spatifillo\\\/#primaryimage\"},\"thumbnailUrl\":\"https:\\\/\\\/floranixena.it\\\/wp-content\\\/uploads\\\/2019\\\/06\\\/Spathiphyllum-pianta-da-consegnare-a-domicilio-per-lavvio-di-una-nuova-attivita-o-per-lappartamento-in-tutta-Italia-1.jpg\",\"datePublished\":\"2025-08-08T14:00:48+00:00\",\"dateModified\":\"2025-09-12T09:40:40+00:00\",\"description\":\"Planta Spathiphyllum para regalo, para el apartamento o la oficina, con entrega a domicilio, para regalar a tu ser querido.\",\"breadcrumb\":{\"@id\":\"https:\\\/\\\/floranixena.it\\\/es\\\/producto\\\/spatifillo\\\/#breadcrumb\"},\"inLanguage\":\"es\",\"potentialAction\":[{\"@type\":\"ReadAction\",\"target\":[\"https:\\\/\\\/floranixena.it\\\/es\\\/producto\\\/spatifillo\\\/\"]}]},{\"@type\":\"ImageObject\",\"inLanguage\":\"es\",\"@id\":\"https:\\\/\\\/floranixena.it\\\/es\\\/producto\\\/spatifillo\\\/#primaryimage\",\"url\":\"https:\\\/\\\/floranixena.it\\\/wp-content\\\/uploads\\\/2019\\\/06\\\/Spathiphyllum-pianta-da-consegnare-a-domicilio-per-lavvio-di-una-nuova-attivita-o-per-lappartamento-in-tutta-Italia-1.jpg\",\"contentUrl\":\"https:\\\/\\\/floranixena.it\\\/wp-content\\\/uploads\\\/2019\\\/06\\\/Spathiphyllum-pianta-da-consegnare-a-domicilio-per-lavvio-di-una-nuova-attivita-o-per-lappartamento-in-tutta-Italia-1.jpg\",\"width\":800,\"height\":800,\"caption\":\"Un tocco di serenit\u00e0 che purifica l\u2019aria e calma lo spirito.\"},{\"@type\":\"BreadcrumbList\",\"@id\":\"https:\\\/\\\/floranixena.it\\\/es\\\/producto\\\/spatifillo\\\/#breadcrumb\",\"itemListElement\":[{\"@type\":\"ListItem\",\"position\":1,\"name\":\"Home\",\"item\":\"https:\\\/\\\/floranixena.it\\\/es\\\/\"},{\"@type\":\"ListItem\",\"position\":2,\"name\":\"tienda\",\"item\":\"https:\\\/\\\/floranixena.it\\\/es\\\/tienda\\\/\"},{\"@type\":\"ListItem\",\"position\":3,\"name\":\"Spatifillo\"}]},{\"@type\":\"WebSite\",\"@id\":\"https:\\\/\\\/floranixena.it\\\/es\\\/#website\",\"url\":\"https:\\\/\\\/floranixena.it\\\/es\\\/\",\"name\":\"FloraNixena - Consegna fiori a domicilio in Italia\",\"description\":\"Invia fiori che raccontano storie\",\"publisher\":{\"@id\":\"https:\\\/\\\/floranixena.it\\\/es\\\/#organization\"},\"alternateName\":\"FloraNixena.it\",\"potentialAction\":[{\"@type\":\"SearchAction\",\"target\":{\"@type\":\"EntryPoint\",\"urlTemplate\":\"https:\\\/\\\/floranixena.it\\\/es\\\/?s={search_term_string}\"},\"query-input\":{\"@type\":\"PropertyValueSpecification\",\"valueRequired\":true,\"valueName\":\"search_term_string\"}}],\"inLanguage\":\"es\"},{\"@type\":\"Organization\",\"@id\":\"https:\\\/\\\/floranixena.it\\\/es\\\/#organization\",\"name\":\"FloraNixena.it - Consegna mazzi di fiori, bouquet e piante a domicilio\",\"url\":\"https:\\\/\\\/floranixena.it\\\/es\\\/\",\"logo\":{\"@type\":\"ImageObject\",\"inLanguage\":\"es\",\"@id\":\"https:\\\/\\\/floranixena.it\\\/es\\\/#\\\/schema\\\/logo\\\/image\\\/\",\"url\":\"https:\\\/\\\/floranixena.it\\\/wp-content\\\/uploads\\\/2018\\\/11\\\/logo-fucsia.png\",\"contentUrl\":\"https:\\\/\\\/floranixena.it\\\/wp-content\\\/uploads\\\/2018\\\/11\\\/logo-fucsia.png\",\"width\":315,\"height\":81,\"caption\":\"FloraNixena.it - Consegna mazzi di fiori, bouquet e piante a domicilio\"},\"image\":{\"@id\":\"https:\\\/\\\/floranixena.it\\\/es\\\/#\\\/schema\\\/logo\\\/image\\\/\"},\"sameAs\":[\"https:\\\/\\\/www.facebook.com\\\/FloraNixena\\\/\",\"https:\\\/\\\/www.instagram.com\\\/floranixena.it\\\/\",\"https:\\\/\\\/www.youtube.com\\\/channel\\\/UCAfCWXMBezO96jgPjiUgpkA\"],\"description\":\"Chi Siamo? FloraNixena \u00e8 il partner di fiducia per la consegna di fiori freschi a domicilio. Con anni di esperienza nel settore floreale, siamo dedicati a portare la bellezza e la freschezza dei fiori direttamente alla vostra porta. La Nostra Missione La nostra missione \u00e8 trasformare ogni occasione in un momento speciale attraverso la magia dei fiori. Crediamo che un bouquet possa dire pi\u00f9 di mille parole e lavoriamo instancabilmente per assicurarci che ogni consegna porti gioia, amore e bellezza. Cosa Offriamo? Fiori Freschi: Collaboriamo con i migliori fornitori locali per garantire che i nostri fiori siano sempre freschi e di alta qualit\u00e0. Consegna Rapida e Puntuale: Offriamo un servizio di consegna rapido e affidabile, con la possibilit\u00e0 di scegliere la fascia oraria che pi\u00f9 vi conviene. Ampia Selezione: Dalle rose classiche ai bouquet personalizzati, abbiamo una vasta gamma di opzioni per soddisfare ogni gusto e occasione. Assistenza Clienti: Il nostro team \u00e8 sempre a disposizione per assistervi nella scelta del bouquet perfetto e per garantire un'esperienza di acquisto senza intoppi. Perch\u00e9 Sceglierci? Qualit\u00e0 Garantita: Ogni bouquet \u00e8 realizzato con cura dai nostri esperti fioristi, garantendo che ogni composizione sia un'opera d'arte. Servizio Personalizzato: Che sia per un anniversario, un compleanno, una celebrazione o un momento di condoglianza, personalizziamo ogni ordine per rispondere alle vostre esigenze specifiche. Soddisfazione del Cliente: La vostra soddisfazione \u00e8 la nostra priorit\u00e0 assoluta. Facciamo tutto il possibile per assicurarci che ogni consegna superi le vostre aspettative.\",\"email\":\"amministrazione@floranixena.it\",\"telephone\":\"3806342394\",\"legalName\":\"Gaetano Votadoro\"}]}<\/script>\n<!-- \/ Yoast SEO Premium plugin. -->","yoast_head_json":{"title":"Planta de Spatifillo - FloraNixena - FloraNixena - Entrega de flores a domicilio","description":"Planta Spathiphyllum para regalo, para el apartamento o la oficina, con entrega a domicilio, para regalar a tu ser querido.","robots":{"index":"index","follow":"follow","max-snippet":"max-snippet:-1","max-image-preview":"max-image-preview:large","max-video-preview":"max-video-preview:-1"},"canonical":"https:\/\/floranixena.it\/es\/producto\/spatifillo\/","og_locale":"es_ES","og_type":"article","og_title":"Spatifillo","og_description":"1 Planta - Spatifillo  altura de 28 a 40 cm c.ca Jarr\u00f3n en la foto no incluido En este producto la entrega es gratuita","og_url":"https:\/\/floranixena.it\/es\/producto\/spatifillo\/","og_site_name":"FloraNixena - FloraNixena - Entrega de flores a domicilio","article_publisher":"https:\/\/www.facebook.com\/FloraNixena\/","article_modified_time":"2025-09-12T09:40:40+00:00","og_image":[{"width":800,"height":800,"url":"https:\/\/floranixena.it\/wp-content\/uploads\/2019\/06\/Spathiphyllum-pianta-da-consegnare-a-domicilio-per-lavvio-di-una-nuova-attivita-o-per-lappartamento-in-tutta-Italia-1.jpg","type":"image\/jpeg"}],"twitter_card":"summary_large_image","twitter_misc":{"Tiempo de lectura":"2 minuto"},"schema":{"@context":"https:\/\/schema.org","@graph":[{"@type":"WebPage","@id":"https:\/\/floranixena.it\/es\/producto\/spatifillo\/","url":"https:\/\/floranixena.it\/es\/producto\/spatifillo\/","name":"Planta de Spatifillo - FloraNixena - FloraNixena - Entrega de flores a domicilio","isPartOf":{"@id":"https:\/\/floranixena.it\/es\/#website"},"primaryImageOfPage":{"@id":"https:\/\/floranixena.it\/es\/producto\/spatifillo\/#primaryimage"},"image":{"@id":"https:\/\/floranixena.it\/es\/producto\/spatifillo\/#primaryimage"},"thumbnailUrl":"https:\/\/floranixena.it\/wp-content\/uploads\/2019\/06\/Spathiphyllum-pianta-da-consegnare-a-domicilio-per-lavvio-di-una-nuova-attivita-o-per-lappartamento-in-tutta-Italia-1.jpg","datePublished":"2025-08-08T14:00:48+00:00","dateModified":"2025-09-12T09:40:40+00:00","description":"Planta Spathiphyllum para regalo, para el apartamento o la oficina, con entrega a domicilio, para regalar a tu ser querido.","breadcrumb":{"@id":"https:\/\/floranixena.it\/es\/producto\/spatifillo\/#breadcrumb"},"inLanguage":"es","potentialAction":[{"@type":"ReadAction","target":["https:\/\/floranixena.it\/es\/producto\/spatifillo\/"]}]},{"@type":"ImageObject","inLanguage":"es","@id":"https:\/\/floranixena.it\/es\/producto\/spatifillo\/#primaryimage","url":"https:\/\/floranixena.it\/wp-content\/uploads\/2019\/06\/Spathiphyllum-pianta-da-consegnare-a-domicilio-per-lavvio-di-una-nuova-attivita-o-per-lappartamento-in-tutta-Italia-1.jpg","contentUrl":"https:\/\/floranixena.it\/wp-content\/uploads\/2019\/06\/Spathiphyllum-pianta-da-consegnare-a-domicilio-per-lavvio-di-una-nuova-attivita-o-per-lappartamento-in-tutta-Italia-1.jpg","width":800,"height":800,"caption":"Un tocco di serenit\u00e0 che purifica l\u2019aria e calma lo spirito."},{"@type":"BreadcrumbList","@id":"https:\/\/floranixena.it\/es\/producto\/spatifillo\/#breadcrumb","itemListElement":[{"@type":"ListItem","position":1,"name":"Home","item":"https:\/\/floranixena.it\/es\/"},{"@type":"ListItem","position":2,"name":"tienda","item":"https:\/\/floranixena.it\/es\/tienda\/"},{"@type":"ListItem","position":3,"name":"Spatifillo"}]},{"@type":"WebSite","@id":"https:\/\/floranixena.it\/es\/#website","url":"https:\/\/floranixena.it\/es\/","name":"FloraNixena - Consegna fiori a domicilio in Italia","description":"Invia fiori che raccontano storie","publisher":{"@id":"https:\/\/floranixena.it\/es\/#organization"},"alternateName":"FloraNixena.it","potentialAction":[{"@type":"SearchAction","target":{"@type":"EntryPoint","urlTemplate":"https:\/\/floranixena.it\/es\/?s={search_term_string}"},"query-input":{"@type":"PropertyValueSpecification","valueRequired":true,"valueName":"search_term_string"}}],"inLanguage":"es"},{"@type":"Organization","@id":"https:\/\/floranixena.it\/es\/#organization","name":"FloraNixena.it - Consegna mazzi di fiori, bouquet e piante a domicilio","url":"https:\/\/floranixena.it\/es\/","logo":{"@type":"ImageObject","inLanguage":"es","@id":"https:\/\/floranixena.it\/es\/#\/schema\/logo\/image\/","url":"https:\/\/floranixena.it\/wp-content\/uploads\/2018\/11\/logo-fucsia.png","contentUrl":"https:\/\/floranixena.it\/wp-content\/uploads\/2018\/11\/logo-fucsia.png","width":315,"height":81,"caption":"FloraNixena.it - Consegna mazzi di fiori, bouquet e piante a domicilio"},"image":{"@id":"https:\/\/floranixena.it\/es\/#\/schema\/logo\/image\/"},"sameAs":["https:\/\/www.facebook.com\/FloraNixena\/","https:\/\/www.instagram.com\/floranixena.it\/","https:\/\/www.youtube.com\/channel\/UCAfCWXMBezO96jgPjiUgpkA"],"description":"Chi Siamo? FloraNixena \u00e8 il partner di fiducia per la consegna di fiori freschi a domicilio. Con anni di esperienza nel settore floreale, siamo dedicati a portare la bellezza e la freschezza dei fiori direttamente alla vostra porta. La Nostra Missione La nostra missione \u00e8 trasformare ogni occasione in un momento speciale attraverso la magia dei fiori. Crediamo che un bouquet possa dire pi\u00f9 di mille parole e lavoriamo instancabilmente per assicurarci che ogni consegna porti gioia, amore e bellezza. Cosa Offriamo? Fiori Freschi: Collaboriamo con i migliori fornitori locali per garantire che i nostri fiori siano sempre freschi e di alta qualit\u00e0. Consegna Rapida e Puntuale: Offriamo un servizio di consegna rapido e affidabile, con la possibilit\u00e0 di scegliere la fascia oraria che pi\u00f9 vi conviene. Ampia Selezione: Dalle rose classiche ai bouquet personalizzati, abbiamo una vasta gamma di opzioni per soddisfare ogni gusto e occasione. Assistenza Clienti: Il nostro team \u00e8 sempre a disposizione per assistervi nella scelta del bouquet perfetto e per garantire un'esperienza di acquisto senza intoppi. Perch\u00e9 Sceglierci? Qualit\u00e0 Garantita: Ogni bouquet \u00e8 realizzato con cura dai nostri esperti fioristi, garantendo che ogni composizione sia un'opera d'arte. Servizio Personalizzato: Che sia per un anniversario, un compleanno, una celebrazione o un momento di condoglianza, personalizziamo ogni ordine per rispondere alle vostre esigenze specifiche. Soddisfazione del Cliente: La vostra soddisfazione \u00e8 la nostra priorit\u00e0 assoluta. Facciamo tutto il possibile per assicurarci che ogni consegna superi le vostre aspettative.","email":"amministrazione@floranixena.it","telephone":"3806342394","legalName":"Gaetano Votadoro"}]}},"_links":{"self":[{"href":"https:\/\/floranixena.it\/es\/wp-json\/wp\/v2\/product\/18283","targetHints":{"allow":["GET"]}}],"collection":[{"href":"https:\/\/floranixena.it\/es\/wp-json\/wp\/v2\/product"}],"about":[{"href":"https:\/\/floranixena.it\/es\/wp-json\/wp\/v2\/types\/product"}],"replies":[{"embeddable":true,"href":"https:\/\/floranixena.it\/es\/wp-json\/wp\/v2\/comments?post=18283"}],"wp:featuredmedia":[{"embeddable":true,"href":"https:\/\/floranixena.it\/es\/wp-json\/wp\/v2\/media\/18284"}],"wp:attachment":[{"href":"https:\/\/floranixena.it\/es\/wp-json\/wp\/v2\/media?parent=18283"}],"wp:term":[{"taxonomy":"product_brand","embeddable":true,"href":"https:\/\/floranixena.it\/es\/wp-json\/wp\/v2\/product_brand?post=18283"},{"taxonomy":"product_cat","embeddable":true,"href":"https:\/\/floranixena.it\/es\/wp-json\/wp\/v2\/product_cat?post=18283"},{"taxonomy":"product_tag","embeddable":true,"href":"https:\/\/floranixena.it\/es\/wp-json\/wp\/v2\/product_tag?post=18283"}],"curies":[{"name":"wp","href":"https:\/\/api.w.org\/{rel}","templated":true}]}}