{"id":18277,"date":"2025-08-09T08:19:08","date_gmt":"2025-08-09T06:19:08","guid":{"rendered":"https:\/\/floranixena.it\/product\/cactus-san-pedro-planta-gorda\/"},"modified":"2025-09-25T11:31:23","modified_gmt":"2025-09-25T09:31:23","slug":"cactus-san-pedro-planta-gorda","status":"publish","type":"product","link":"https:\/\/floranixena.it\/es\/producto\/cactus-san-pedro-planta-gorda\/","title":{"rendered":"Cactus san pedro &#8211; Planta gorda"},"content":{"rendered":"<h1>Cactus San Pedro a entregar<\/h1>\n<p>La palabra de la planta \u00ab<a href=\"https:\/\/floranixena.it\/es\/producto\/cactus-en-la-columna\/\"><strong>cactus<\/strong><\/a>\u00bb proviene de una antigua palabra griega que significaba \u00abplanta puntiaguda cuya identidad no es segura\u00bb, lo cual es muy apropiado para esta selecci\u00f3n mixta que ofrecemos aqu\u00ed. Gracias a su resistencia y a su capacidad de adaptarse a condiciones ambientales adversas, los cactus son <strong><a href=\"https:\/\/floranixena.it\/es\/catalog\/plantas\/\" target=\"_blank\" rel=\"noopener\">plantas <\/a><\/strong>suculentas ideales para aquellos que desean un verde que requiera poco mantenimiento. <\/p>\n<p>Los cactus forman parte de las categor\u00edas de <a href=\"https:\/\/floranixena.it\/es\/prodotto\/sansevieria-planta\/\">plantas <\/a>suculentas de interior o exterior que, procedentes de las c\u00e1lidas y calurosas regiones americanas, llegan a nuestras ciudades para a\u00f1adir un<a href=\"https:\/\/floranixena.it\/es\/prodotto\/color-del-amor\/\" target=\"_blank\" rel=\"noopener\"><strong> toque de color <\/strong><\/a>y elegancia a los ambientes que cada d\u00eda frecuentamos.<\/p>\n<p>Originarios de las Am\u00e9ricas, desde la Patagonia en el sur hasta Canad\u00e1 en el norte, los cactus se encuentran t\u00edpicamente en zonas propensas a la sequ\u00eda.<\/p>\n<p>Adem\u00e1s, los cactus <strong>son conocidos por sus propiedades beneficiosas<\/strong>, como la capacidad de mejorar la calidad del aire al absorber el di\u00f3xido de carbono y liberar ox\u00edgeno. Algunas variedades, como la Higuera de India, tambi\u00e9n producen frutos comestibles ricos en vitaminas y minerales. Pueden prosperar tanto en interiores como en exteriores, aportando beneficios est\u00e9ticos y pr\u00e1cticos.  <\/p>\n<p>Para los amantes de la decoraci\u00f3n interior, los cactus ofrecen una amplia gama de formas, tama\u00f1os y colores que se pueden combinar para crear <a href=\"https:\/\/floranixena.it\/prodotto\/rose-rosa-e-statice\/\" target=\"_blank\" rel=\"noopener\"><strong>composiciones <\/strong><\/a>\u00fanicas y originales. Desde peque\u00f1os cactus sobre un escritorio hasta grandes ejemplares que se convierten en protagonistas de un rinc\u00f3n verde, las posibilidades son infinitas. <\/p>\n<p>Regalar esta <a href=\"https:\/\/floranixena.it\/es\/?attachment_id=10292\" target=\"_blank\" rel=\"noopener\"><strong>planta <\/strong><\/a>no es solo un gesto est\u00e9tico, sino tambi\u00e9n un s\u00edmbolo de fuerza y resistencia. Perfecto para celebrar nuevos comienzos, como la inauguraci\u00f3n de un negocio o una oficina, este regalo representa un deseo de prosperidad y crecimiento duradero. <\/p>\n<p>&nbsp;<\/p>\n","protected":false},"excerpt":{"rendered":"<ul>\n<li style=\"list-style-type: none;\">\n<ul>\n<li style=\"list-style-type: none;\">\n<ul>\n<li>1 Planta de cactus variedad san pedro<\/li>\n<li>Embalado con cuidado en celof\u00e1n transparente<\/li>\n<li>Lista para ser entregada directamente a tu casa.<\/li>\n<\/ul>\n<\/li>\n<\/ul>\n<\/li>\n<\/ul>\n","protected":false},"featured_media":18278,"comment_status":"open","ping_status":"closed","template":"","meta":[],"product_brand":[],"product_cat":[4329,4330,4327,4333,4328,4318,4334,4320,4321,4323,4324,4403,4449,4404],"product_tag":[4577,4525,4406,4405,4452,4576,4578],"class_list":{"0":"post-18277","1":"product","2":"type-product","3":"status-publish","4":"has-post-thumbnail","6":"product_cat-amigo","7":"product_cat-dia-de-la-madre","8":"product_cat-dia-de-la-mujer","9":"product_cat-felicitaciones","10":"product_cat-onomastico-es","11":"product_cat-oportunidad","12":"product_cat-para-agradecer-a-alguien","13":"product_cat-para-la-hermana","14":"product_cat-para-los-abuelos","15":"product_cat-para-los-tios","16":"product_cat-para-un-amigo","17":"product_cat-plantas","18":"product_cat-plantas-de-exterior","19":"product_cat-plantas-de-interior","20":"product_tag-cactus-es","21":"product_tag-entrega-de-plantas-a-domicilio","22":"product_tag-planta-de-interior","23":"product_tag-planta-de-oficina","24":"product_tag-planta-suculenta","25":"product_tag-plantas-suculentas","26":"product_tag-verde-es","28":"first","29":"instock","30":"sale","31":"shipping-taxable","32":"purchasable","33":"product-type-simple"},"yoast_head":"<!-- This site is optimized with the Yoast SEO Premium plugin v27.5 (Yoast SEO v27.5) - https:\/\/yoast.com\/product\/yoast-seo-premium-wordpress\/ -->\n<title>Planta Cactus San Pedro - Floranixena Entrega de plantas a domicilio<\/title>\n<meta name=\"description\" content=\"Descubre los cactus, plantas suculentas resistentes ideales para decorar interiores y exteriores. A\u00f1ade un toque de verde y s\u00edmbolos de fuerza y prosperidad a tus espacios.\" \/>\n<meta name=\"robots\" content=\"index, follow, max-snippet:-1, max-image-preview:large, max-video-preview:-1\" \/>\n<link rel=\"canonical\" href=\"https:\/\/floranixena.it\/es\/producto\/cactus-san-pedro-planta-gorda\/\" \/>\n<meta property=\"og:locale\" content=\"es_ES\" \/>\n<meta property=\"og:type\" content=\"article\" \/>\n<meta property=\"og:title\" content=\"Cactus san pedro - Planta gorda\" \/>\n<meta property=\"og:description\" content=\"1 Planta de cactus variedad san pedro  Embalado con cuidado en celof\u00e1n transparente  Lista para ser entregada directamente a tu casa.\" \/>\n<meta property=\"og:url\" content=\"https:\/\/floranixena.it\/es\/producto\/cactus-san-pedro-planta-gorda\/\" \/>\n<meta property=\"og:site_name\" content=\"FloraNixena - FloraNixena - Entrega de flores a domicilio\" \/>\n<meta property=\"article:publisher\" content=\"https:\/\/www.facebook.com\/FloraNixena\/\" \/>\n<meta property=\"article:modified_time\" content=\"2025-09-25T09:31:23+00:00\" \/>\n<meta property=\"og:image\" content=\"https:\/\/floranixena.it\/wp-content\/uploads\/2019\/05\/pianta_cactus_da_far_consegnare_a_domicilio-come-regalo.jpg\" \/>\n\t<meta property=\"og:image:width\" content=\"800\" \/>\n\t<meta property=\"og:image:height\" content=\"800\" \/>\n\t<meta property=\"og:image:type\" content=\"image\/jpeg\" \/>\n<meta name=\"twitter:card\" content=\"summary_large_image\" \/>\n<meta name=\"twitter:label1\" content=\"Tiempo de lectura\" \/>\n\t<meta name=\"twitter:data1\" content=\"2 minuto\" \/>\n<script type=\"application\/ld+json\" class=\"yoast-schema-graph\">{\"@context\":\"https:\\\/\\\/schema.org\",\"@graph\":[{\"@type\":\"WebPage\",\"@id\":\"https:\\\/\\\/floranixena.it\\\/es\\\/producto\\\/cactus-san-pedro-planta-gorda\\\/\",\"url\":\"https:\\\/\\\/floranixena.it\\\/es\\\/producto\\\/cactus-san-pedro-planta-gorda\\\/\",\"name\":\"Planta Cactus San Pedro - Floranixena Entrega de plantas a domicilio\",\"isPartOf\":{\"@id\":\"https:\\\/\\\/floranixena.it\\\/es\\\/#website\"},\"primaryImageOfPage\":{\"@id\":\"https:\\\/\\\/floranixena.it\\\/es\\\/producto\\\/cactus-san-pedro-planta-gorda\\\/#primaryimage\"},\"image\":{\"@id\":\"https:\\\/\\\/floranixena.it\\\/es\\\/producto\\\/cactus-san-pedro-planta-gorda\\\/#primaryimage\"},\"thumbnailUrl\":\"https:\\\/\\\/floranixena.it\\\/wp-content\\\/uploads\\\/2019\\\/05\\\/pianta_cactus_da_far_consegnare_a_domicilio-come-regalo.jpg\",\"datePublished\":\"2025-08-09T06:19:08+00:00\",\"dateModified\":\"2025-09-25T09:31:23+00:00\",\"description\":\"Descubre los cactus, plantas suculentas resistentes ideales para decorar interiores y exteriores. A\u00f1ade un toque de verde y s\u00edmbolos de fuerza y prosperidad a tus espacios.\",\"breadcrumb\":{\"@id\":\"https:\\\/\\\/floranixena.it\\\/es\\\/producto\\\/cactus-san-pedro-planta-gorda\\\/#breadcrumb\"},\"inLanguage\":\"es\",\"potentialAction\":[{\"@type\":\"ReadAction\",\"target\":[\"https:\\\/\\\/floranixena.it\\\/es\\\/producto\\\/cactus-san-pedro-planta-gorda\\\/\"]}]},{\"@type\":\"ImageObject\",\"inLanguage\":\"es\",\"@id\":\"https:\\\/\\\/floranixena.it\\\/es\\\/producto\\\/cactus-san-pedro-planta-gorda\\\/#primaryimage\",\"url\":\"https:\\\/\\\/floranixena.it\\\/wp-content\\\/uploads\\\/2019\\\/05\\\/pianta_cactus_da_far_consegnare_a_domicilio-come-regalo.jpg\",\"contentUrl\":\"https:\\\/\\\/floranixena.it\\\/wp-content\\\/uploads\\\/2019\\\/05\\\/pianta_cactus_da_far_consegnare_a_domicilio-come-regalo.jpg\",\"width\":800,\"height\":800,\"caption\":\"Porta nella tua casa la resilienza e la forza del Cactus di San Pietro, simbolo di tenacia e vita sostenibile.\"},{\"@type\":\"BreadcrumbList\",\"@id\":\"https:\\\/\\\/floranixena.it\\\/es\\\/producto\\\/cactus-san-pedro-planta-gorda\\\/#breadcrumb\",\"itemListElement\":[{\"@type\":\"ListItem\",\"position\":1,\"name\":\"Home\",\"item\":\"https:\\\/\\\/floranixena.it\\\/es\\\/\"},{\"@type\":\"ListItem\",\"position\":2,\"name\":\"tienda\",\"item\":\"https:\\\/\\\/floranixena.it\\\/es\\\/tienda\\\/\"},{\"@type\":\"ListItem\",\"position\":3,\"name\":\"Cactus san pedro &#8211; Planta gorda\"}]},{\"@type\":\"WebSite\",\"@id\":\"https:\\\/\\\/floranixena.it\\\/es\\\/#website\",\"url\":\"https:\\\/\\\/floranixena.it\\\/es\\\/\",\"name\":\"FloraNixena - Consegna fiori a domicilio in Italia\",\"description\":\"Invia fiori che raccontano storie\",\"publisher\":{\"@id\":\"https:\\\/\\\/floranixena.it\\\/es\\\/#organization\"},\"alternateName\":\"FloraNixena.it\",\"potentialAction\":[{\"@type\":\"SearchAction\",\"target\":{\"@type\":\"EntryPoint\",\"urlTemplate\":\"https:\\\/\\\/floranixena.it\\\/es\\\/?s={search_term_string}\"},\"query-input\":{\"@type\":\"PropertyValueSpecification\",\"valueRequired\":true,\"valueName\":\"search_term_string\"}}],\"inLanguage\":\"es\"},{\"@type\":\"Organization\",\"@id\":\"https:\\\/\\\/floranixena.it\\\/es\\\/#organization\",\"name\":\"FloraNixena.it - Consegna mazzi di fiori, bouquet e piante a domicilio\",\"url\":\"https:\\\/\\\/floranixena.it\\\/es\\\/\",\"logo\":{\"@type\":\"ImageObject\",\"inLanguage\":\"es\",\"@id\":\"https:\\\/\\\/floranixena.it\\\/es\\\/#\\\/schema\\\/logo\\\/image\\\/\",\"url\":\"https:\\\/\\\/floranixena.it\\\/wp-content\\\/uploads\\\/2018\\\/11\\\/logo-fucsia.png\",\"contentUrl\":\"https:\\\/\\\/floranixena.it\\\/wp-content\\\/uploads\\\/2018\\\/11\\\/logo-fucsia.png\",\"width\":315,\"height\":81,\"caption\":\"FloraNixena.it - Consegna mazzi di fiori, bouquet e piante a domicilio\"},\"image\":{\"@id\":\"https:\\\/\\\/floranixena.it\\\/es\\\/#\\\/schema\\\/logo\\\/image\\\/\"},\"sameAs\":[\"https:\\\/\\\/www.facebook.com\\\/FloraNixena\\\/\",\"https:\\\/\\\/www.instagram.com\\\/floranixena.it\\\/\",\"https:\\\/\\\/www.youtube.com\\\/channel\\\/UCAfCWXMBezO96jgPjiUgpkA\"],\"description\":\"Chi Siamo? FloraNixena \u00e8 il partner di fiducia per la consegna di fiori freschi a domicilio. Con anni di esperienza nel settore floreale, siamo dedicati a portare la bellezza e la freschezza dei fiori direttamente alla vostra porta. La Nostra Missione La nostra missione \u00e8 trasformare ogni occasione in un momento speciale attraverso la magia dei fiori. Crediamo che un bouquet possa dire pi\u00f9 di mille parole e lavoriamo instancabilmente per assicurarci che ogni consegna porti gioia, amore e bellezza. Cosa Offriamo? Fiori Freschi: Collaboriamo con i migliori fornitori locali per garantire che i nostri fiori siano sempre freschi e di alta qualit\u00e0. Consegna Rapida e Puntuale: Offriamo un servizio di consegna rapido e affidabile, con la possibilit\u00e0 di scegliere la fascia oraria che pi\u00f9 vi conviene. Ampia Selezione: Dalle rose classiche ai bouquet personalizzati, abbiamo una vasta gamma di opzioni per soddisfare ogni gusto e occasione. Assistenza Clienti: Il nostro team \u00e8 sempre a disposizione per assistervi nella scelta del bouquet perfetto e per garantire un'esperienza di acquisto senza intoppi. Perch\u00e9 Sceglierci? Qualit\u00e0 Garantita: Ogni bouquet \u00e8 realizzato con cura dai nostri esperti fioristi, garantendo che ogni composizione sia un'opera d'arte. Servizio Personalizzato: Che sia per un anniversario, un compleanno, una celebrazione o un momento di condoglianza, personalizziamo ogni ordine per rispondere alle vostre esigenze specifiche. Soddisfazione del Cliente: La vostra soddisfazione \u00e8 la nostra priorit\u00e0 assoluta. Facciamo tutto il possibile per assicurarci che ogni consegna superi le vostre aspettative.\",\"email\":\"amministrazione@floranixena.it\",\"telephone\":\"3806342394\",\"legalName\":\"Gaetano Votadoro\"}]}<\/script>\n<!-- \/ Yoast SEO Premium plugin. -->","yoast_head_json":{"title":"Planta Cactus San Pedro - Floranixena Entrega de plantas a domicilio","description":"Descubre los cactus, plantas suculentas resistentes ideales para decorar interiores y exteriores. A\u00f1ade un toque de verde y s\u00edmbolos de fuerza y prosperidad a tus espacios.","robots":{"index":"index","follow":"follow","max-snippet":"max-snippet:-1","max-image-preview":"max-image-preview:large","max-video-preview":"max-video-preview:-1"},"canonical":"https:\/\/floranixena.it\/es\/producto\/cactus-san-pedro-planta-gorda\/","og_locale":"es_ES","og_type":"article","og_title":"Cactus san pedro - Planta gorda","og_description":"1 Planta de cactus variedad san pedro  Embalado con cuidado en celof\u00e1n transparente  Lista para ser entregada directamente a tu casa.","og_url":"https:\/\/floranixena.it\/es\/producto\/cactus-san-pedro-planta-gorda\/","og_site_name":"FloraNixena - FloraNixena - Entrega de flores a domicilio","article_publisher":"https:\/\/www.facebook.com\/FloraNixena\/","article_modified_time":"2025-09-25T09:31:23+00:00","og_image":[{"width":800,"height":800,"url":"https:\/\/floranixena.it\/wp-content\/uploads\/2019\/05\/pianta_cactus_da_far_consegnare_a_domicilio-come-regalo.jpg","type":"image\/jpeg"}],"twitter_card":"summary_large_image","twitter_misc":{"Tiempo de lectura":"2 minuto"},"schema":{"@context":"https:\/\/schema.org","@graph":[{"@type":"WebPage","@id":"https:\/\/floranixena.it\/es\/producto\/cactus-san-pedro-planta-gorda\/","url":"https:\/\/floranixena.it\/es\/producto\/cactus-san-pedro-planta-gorda\/","name":"Planta Cactus San Pedro - Floranixena Entrega de plantas a domicilio","isPartOf":{"@id":"https:\/\/floranixena.it\/es\/#website"},"primaryImageOfPage":{"@id":"https:\/\/floranixena.it\/es\/producto\/cactus-san-pedro-planta-gorda\/#primaryimage"},"image":{"@id":"https:\/\/floranixena.it\/es\/producto\/cactus-san-pedro-planta-gorda\/#primaryimage"},"thumbnailUrl":"https:\/\/floranixena.it\/wp-content\/uploads\/2019\/05\/pianta_cactus_da_far_consegnare_a_domicilio-come-regalo.jpg","datePublished":"2025-08-09T06:19:08+00:00","dateModified":"2025-09-25T09:31:23+00:00","description":"Descubre los cactus, plantas suculentas resistentes ideales para decorar interiores y exteriores. A\u00f1ade un toque de verde y s\u00edmbolos de fuerza y prosperidad a tus espacios.","breadcrumb":{"@id":"https:\/\/floranixena.it\/es\/producto\/cactus-san-pedro-planta-gorda\/#breadcrumb"},"inLanguage":"es","potentialAction":[{"@type":"ReadAction","target":["https:\/\/floranixena.it\/es\/producto\/cactus-san-pedro-planta-gorda\/"]}]},{"@type":"ImageObject","inLanguage":"es","@id":"https:\/\/floranixena.it\/es\/producto\/cactus-san-pedro-planta-gorda\/#primaryimage","url":"https:\/\/floranixena.it\/wp-content\/uploads\/2019\/05\/pianta_cactus_da_far_consegnare_a_domicilio-come-regalo.jpg","contentUrl":"https:\/\/floranixena.it\/wp-content\/uploads\/2019\/05\/pianta_cactus_da_far_consegnare_a_domicilio-come-regalo.jpg","width":800,"height":800,"caption":"Porta nella tua casa la resilienza e la forza del Cactus di San Pietro, simbolo di tenacia e vita sostenibile."},{"@type":"BreadcrumbList","@id":"https:\/\/floranixena.it\/es\/producto\/cactus-san-pedro-planta-gorda\/#breadcrumb","itemListElement":[{"@type":"ListItem","position":1,"name":"Home","item":"https:\/\/floranixena.it\/es\/"},{"@type":"ListItem","position":2,"name":"tienda","item":"https:\/\/floranixena.it\/es\/tienda\/"},{"@type":"ListItem","position":3,"name":"Cactus san pedro &#8211; Planta gorda"}]},{"@type":"WebSite","@id":"https:\/\/floranixena.it\/es\/#website","url":"https:\/\/floranixena.it\/es\/","name":"FloraNixena - Consegna fiori a domicilio in Italia","description":"Invia fiori che raccontano storie","publisher":{"@id":"https:\/\/floranixena.it\/es\/#organization"},"alternateName":"FloraNixena.it","potentialAction":[{"@type":"SearchAction","target":{"@type":"EntryPoint","urlTemplate":"https:\/\/floranixena.it\/es\/?s={search_term_string}"},"query-input":{"@type":"PropertyValueSpecification","valueRequired":true,"valueName":"search_term_string"}}],"inLanguage":"es"},{"@type":"Organization","@id":"https:\/\/floranixena.it\/es\/#organization","name":"FloraNixena.it - Consegna mazzi di fiori, bouquet e piante a domicilio","url":"https:\/\/floranixena.it\/es\/","logo":{"@type":"ImageObject","inLanguage":"es","@id":"https:\/\/floranixena.it\/es\/#\/schema\/logo\/image\/","url":"https:\/\/floranixena.it\/wp-content\/uploads\/2018\/11\/logo-fucsia.png","contentUrl":"https:\/\/floranixena.it\/wp-content\/uploads\/2018\/11\/logo-fucsia.png","width":315,"height":81,"caption":"FloraNixena.it - Consegna mazzi di fiori, bouquet e piante a domicilio"},"image":{"@id":"https:\/\/floranixena.it\/es\/#\/schema\/logo\/image\/"},"sameAs":["https:\/\/www.facebook.com\/FloraNixena\/","https:\/\/www.instagram.com\/floranixena.it\/","https:\/\/www.youtube.com\/channel\/UCAfCWXMBezO96jgPjiUgpkA"],"description":"Chi Siamo? FloraNixena \u00e8 il partner di fiducia per la consegna di fiori freschi a domicilio. Con anni di esperienza nel settore floreale, siamo dedicati a portare la bellezza e la freschezza dei fiori direttamente alla vostra porta. La Nostra Missione La nostra missione \u00e8 trasformare ogni occasione in un momento speciale attraverso la magia dei fiori. Crediamo che un bouquet possa dire pi\u00f9 di mille parole e lavoriamo instancabilmente per assicurarci che ogni consegna porti gioia, amore e bellezza. Cosa Offriamo? Fiori Freschi: Collaboriamo con i migliori fornitori locali per garantire che i nostri fiori siano sempre freschi e di alta qualit\u00e0. Consegna Rapida e Puntuale: Offriamo un servizio di consegna rapido e affidabile, con la possibilit\u00e0 di scegliere la fascia oraria che pi\u00f9 vi conviene. Ampia Selezione: Dalle rose classiche ai bouquet personalizzati, abbiamo una vasta gamma di opzioni per soddisfare ogni gusto e occasione. Assistenza Clienti: Il nostro team \u00e8 sempre a disposizione per assistervi nella scelta del bouquet perfetto e per garantire un'esperienza di acquisto senza intoppi. Perch\u00e9 Sceglierci? Qualit\u00e0 Garantita: Ogni bouquet \u00e8 realizzato con cura dai nostri esperti fioristi, garantendo che ogni composizione sia un'opera d'arte. Servizio Personalizzato: Che sia per un anniversario, un compleanno, una celebrazione o un momento di condoglianza, personalizziamo ogni ordine per rispondere alle vostre esigenze specifiche. Soddisfazione del Cliente: La vostra soddisfazione \u00e8 la nostra priorit\u00e0 assoluta. Facciamo tutto il possibile per assicurarci che ogni consegna superi le vostre aspettative.","email":"amministrazione@floranixena.it","telephone":"3806342394","legalName":"Gaetano Votadoro"}]}},"_links":{"self":[{"href":"https:\/\/floranixena.it\/es\/wp-json\/wp\/v2\/product\/18277","targetHints":{"allow":["GET"]}}],"collection":[{"href":"https:\/\/floranixena.it\/es\/wp-json\/wp\/v2\/product"}],"about":[{"href":"https:\/\/floranixena.it\/es\/wp-json\/wp\/v2\/types\/product"}],"replies":[{"embeddable":true,"href":"https:\/\/floranixena.it\/es\/wp-json\/wp\/v2\/comments?post=18277"}],"wp:featuredmedia":[{"embeddable":true,"href":"https:\/\/floranixena.it\/es\/wp-json\/wp\/v2\/media\/18278"}],"wp:attachment":[{"href":"https:\/\/floranixena.it\/es\/wp-json\/wp\/v2\/media?parent=18277"}],"wp:term":[{"taxonomy":"product_brand","embeddable":true,"href":"https:\/\/floranixena.it\/es\/wp-json\/wp\/v2\/product_brand?post=18277"},{"taxonomy":"product_cat","embeddable":true,"href":"https:\/\/floranixena.it\/es\/wp-json\/wp\/v2\/product_cat?post=18277"},{"taxonomy":"product_tag","embeddable":true,"href":"https:\/\/floranixena.it\/es\/wp-json\/wp\/v2\/product_tag?post=18277"}],"curies":[{"name":"wp","href":"https:\/\/api.w.org\/{rel}","templated":true}]}}