{"id":18263,"date":"2025-12-06T11:00:01","date_gmt":"2025-12-06T10:00:01","guid":{"rendered":"https:\/\/floranixena.it\/product\/atardecer\/"},"modified":"2025-08-11T09:40:01","modified_gmt":"2025-08-11T07:40:01","slug":"atardecer","status":"publish","type":"product","link":"https:\/\/floranixena.it\/es\/producto\/atardecer\/","title":{"rendered":"atardecer"},"content":{"rendered":"<h1><strong>El ramo de gerberas rosas y rojas<\/strong><\/h1>\n<p>Tan dulce como t\u00fa! Sorprende a alguien especial, entregado en mano directamente a domicilio. <\/p>\n<p>Los floristas y amantes de las flores adoran a los <strong><a href=\"https:\/\/floranixena.it\/es\/catalog\/gerberas-es\/\" target=\"_blank\" rel=\"noopener\">gerberas <\/a><\/strong>por su belleza generosa y universal, perfecta para cada estaci\u00f3n e ideal para combinar con<a href=\"https:\/\/floranixena.it\/es\/catalog\/flores-para-eventos\/\" target=\"_blank\" rel=\"noopener\"><strong> otras flores <\/strong><\/a>y follaje. Estas flores vers\u00e1tiles pueden ser cultivadas y apreciadas tanto en interiores como en exteriores. La caracter\u00edstica que hace a las gerberas especialmente especiales son sus colores brillantes, radiantes e incre\u00edblemente vivos.  <\/p>\n<p>Cada ramo de gerberas es una obra de arte floral que trae alegr\u00eda y color a cualquier ambiente. Muchas personas no saben que el color de la gerbera tiene un significado especial. Por eso, queremos compartir los significados \u00fanicos de los diferentes colores. Por ejemplo, la <strong>gerbera roja<\/strong> simboliza el amor y la pasi\u00f3n, lo que la hace perfecta para el d\u00eda de San Valent\u00edn, los aniversarios o para demostrar cu\u00e1nto te importa alguien especial. Por otro lado,<strong> la gerbera rosa <\/strong>representa respeto y aprobaci\u00f3n, ideal para ser compartida con un mentor o una persona que te inspira.    <\/p>\n<p>Sorprende a quien amas con un ramo de gerberas y comunica tus sentimientos con los<a href=\"https:\/\/floranixena.it\/product\/colori-destate\/\" target=\"_blank\" rel=\"noopener\"><strong> colores adecuados!<\/strong><\/a><\/p>\n<p>Crea momentos inolvidables con nuestro ramo. Las gerberas son las flores perfectas para cualquier ocasi\u00f3n, desde el <a href=\"https:\/\/floranixena.it\/es\/catalog\/flores-para-eventos\/compleanno-es\/\" target=\"_blank\" rel=\"noopener\"><strong>cumplea\u00f1os <\/strong><\/a>hasta el aniversario, gracias a sus colores vivos y su significado simb\u00f3lico. <\/p>\n<p>Pide ahora y deja que nuestro servicio de entrega a domicilio traiga una sonrisa en el rostro de la persona que amas. Cada ramo est\u00e1 cuidadosamente preparado por nuestros expertos floristas para garantizar frescura y calidad. No pierdas la oportunidad de regalar un momento especial con nuestras hermosas gerberas!  <\/p>\n","protected":false},"excerpt":{"rendered":"<ul>\n<li>Gerbere Rosa<\/li>\n<li>Gerbere rojos<\/li>\n<li>hojas decorativas<\/li>\n<\/ul>\n<p>Jarr\u00f3n no incluido<\/p>\n","protected":false},"featured_media":18264,"comment_status":"open","ping_status":"closed","template":"","meta":[],"product_brand":[],"product_cat":[4329,4316,4330,4335,4332,4333,4340,4339,4341,4338,4315,4337,4365,4318,4334,4319],"product_tag":[4432,4563,4562,4561,4344],"class_list":{"0":"post-18263","1":"product","2":"type-product","3":"status-publish","4":"has-post-thumbnail","6":"product_cat-amigo","7":"product_cat-compleanno-es","8":"product_cat-dia-de-la-madre","9":"product_cat-disculpa","10":"product_cat-es-una-nina","11":"product_cat-felicitaciones","12":"product_cat-flores-de-invierno","13":"product_cat-flores-de-otono","14":"product_cat-flores-de-primavera","15":"product_cat-flores-de-verano","16":"product_cat-flores-para-eventos","17":"product_cat-gerberas-es","18":"product_cat-navidad","19":"product_cat-oportunidad","20":"product_cat-para-agradecer-a-alguien","21":"product_cat-pascua","22":"product_tag-gerberas-es-2","23":"product_tag-gerbere-rojos","24":"product_tag-gerbere-rosa-es","25":"product_tag-mezcla-de-gerberas-coloridas","26":"product_tag-ramo-de-gerberas","28":"first","29":"instock","30":"shipping-taxable","31":"purchasable","32":"product-type-simple"},"yoast_head":"<!-- This site is optimized with the Yoast SEO Premium plugin v27.5 (Yoast SEO v27.5) - https:\/\/yoast.com\/product\/yoast-seo-premium-wordpress\/ -->\n<title>atardecer - FloraNixena - FloraNixena - Entrega de flores a domicilio<\/title>\n<meta name=\"description\" content=\"Mezcla de gerberas rosas y rojas barato para enviar a casa para cualquier ocasi\u00f3n sin gastar una fortuna. Reg\u00e1laselo a quien quieras.\" \/>\n<meta name=\"robots\" content=\"index, follow, max-snippet:-1, max-image-preview:large, max-video-preview:-1\" \/>\n<link rel=\"canonical\" href=\"https:\/\/floranixena.it\/es\/producto\/atardecer\/\" \/>\n<meta property=\"og:locale\" content=\"es_ES\" \/>\n<meta property=\"og:type\" content=\"article\" \/>\n<meta property=\"og:title\" content=\"atardecer\" \/>\n<meta property=\"og:description\" content=\"Gerbere Rosa  Gerbere rojos  hojas decorativas Jarr\u00f3n no incluido\" \/>\n<meta property=\"og:url\" content=\"https:\/\/floranixena.it\/es\/producto\/atardecer\/\" \/>\n<meta property=\"og:site_name\" content=\"FloraNixena - FloraNixena - Entrega de flores a domicilio\" \/>\n<meta property=\"article:publisher\" content=\"https:\/\/www.facebook.com\/FloraNixena\/\" \/>\n<meta property=\"og:image\" content=\"https:\/\/floranixena.it\/wp-content\/uploads\/2019\/06\/bouquet-di-gerbere-rosse-e-rosa.webp\" \/>\n\t<meta property=\"og:image:width\" content=\"800\" \/>\n\t<meta property=\"og:image:height\" content=\"800\" \/>\n\t<meta property=\"og:image:type\" content=\"image\/webp\" \/>\n<meta name=\"twitter:card\" content=\"summary_large_image\" \/>\n<meta name=\"twitter:label1\" content=\"Tiempo de lectura\" \/>\n\t<meta name=\"twitter:data1\" content=\"1 minuto\" \/>\n<script type=\"application\/ld+json\" class=\"yoast-schema-graph\">{\"@context\":\"https:\\\/\\\/schema.org\",\"@graph\":[{\"@type\":\"WebPage\",\"@id\":\"https:\\\/\\\/floranixena.it\\\/es\\\/producto\\\/atardecer\\\/\",\"url\":\"https:\\\/\\\/floranixena.it\\\/es\\\/producto\\\/atardecer\\\/\",\"name\":\"atardecer - FloraNixena - FloraNixena - Entrega de flores a domicilio\",\"isPartOf\":{\"@id\":\"https:\\\/\\\/floranixena.it\\\/es\\\/#website\"},\"primaryImageOfPage\":{\"@id\":\"https:\\\/\\\/floranixena.it\\\/es\\\/producto\\\/atardecer\\\/#primaryimage\"},\"image\":{\"@id\":\"https:\\\/\\\/floranixena.it\\\/es\\\/producto\\\/atardecer\\\/#primaryimage\"},\"thumbnailUrl\":\"https:\\\/\\\/floranixena.it\\\/wp-content\\\/uploads\\\/2019\\\/06\\\/bouquet-di-gerbere-rosse-e-rosa.webp\",\"datePublished\":\"2025-12-06T10:00:01+00:00\",\"description\":\"Mezcla de gerberas rosas y rojas barato para enviar a casa para cualquier ocasi\u00f3n sin gastar una fortuna. Reg\u00e1laselo a quien quieras.\",\"breadcrumb\":{\"@id\":\"https:\\\/\\\/floranixena.it\\\/es\\\/producto\\\/atardecer\\\/#breadcrumb\"},\"inLanguage\":\"es\",\"potentialAction\":[{\"@type\":\"ReadAction\",\"target\":[\"https:\\\/\\\/floranixena.it\\\/es\\\/producto\\\/atardecer\\\/\"]}]},{\"@type\":\"ImageObject\",\"inLanguage\":\"es\",\"@id\":\"https:\\\/\\\/floranixena.it\\\/es\\\/producto\\\/atardecer\\\/#primaryimage\",\"url\":\"https:\\\/\\\/floranixena.it\\\/wp-content\\\/uploads\\\/2019\\\/06\\\/bouquet-di-gerbere-rosse-e-rosa.webp\",\"contentUrl\":\"https:\\\/\\\/floranixena.it\\\/wp-content\\\/uploads\\\/2019\\\/06\\\/bouquet-di-gerbere-rosse-e-rosa.webp\",\"width\":800,\"height\":800,\"caption\":\"Un\u2019esplosione di colore e vitalit\u00e0: Gerbere rosse e rosa per regalare sorrisi e bellezza autentica.\"},{\"@type\":\"BreadcrumbList\",\"@id\":\"https:\\\/\\\/floranixena.it\\\/es\\\/producto\\\/atardecer\\\/#breadcrumb\",\"itemListElement\":[{\"@type\":\"ListItem\",\"position\":1,\"name\":\"Home\",\"item\":\"https:\\\/\\\/floranixena.it\\\/es\\\/\"},{\"@type\":\"ListItem\",\"position\":2,\"name\":\"tienda\",\"item\":\"https:\\\/\\\/floranixena.it\\\/es\\\/tienda\\\/\"},{\"@type\":\"ListItem\",\"position\":3,\"name\":\"atardecer\"}]},{\"@type\":\"WebSite\",\"@id\":\"https:\\\/\\\/floranixena.it\\\/es\\\/#website\",\"url\":\"https:\\\/\\\/floranixena.it\\\/es\\\/\",\"name\":\"FloraNixena - Consegna fiori a domicilio in Italia\",\"description\":\"Invia fiori che raccontano storie\",\"publisher\":{\"@id\":\"https:\\\/\\\/floranixena.it\\\/es\\\/#organization\"},\"alternateName\":\"FloraNixena.it\",\"potentialAction\":[{\"@type\":\"SearchAction\",\"target\":{\"@type\":\"EntryPoint\",\"urlTemplate\":\"https:\\\/\\\/floranixena.it\\\/es\\\/?s={search_term_string}\"},\"query-input\":{\"@type\":\"PropertyValueSpecification\",\"valueRequired\":true,\"valueName\":\"search_term_string\"}}],\"inLanguage\":\"es\"},{\"@type\":\"Organization\",\"@id\":\"https:\\\/\\\/floranixena.it\\\/es\\\/#organization\",\"name\":\"FloraNixena.it - Consegna mazzi di fiori, bouquet e piante a domicilio\",\"url\":\"https:\\\/\\\/floranixena.it\\\/es\\\/\",\"logo\":{\"@type\":\"ImageObject\",\"inLanguage\":\"es\",\"@id\":\"https:\\\/\\\/floranixena.it\\\/es\\\/#\\\/schema\\\/logo\\\/image\\\/\",\"url\":\"https:\\\/\\\/floranixena.it\\\/wp-content\\\/uploads\\\/2018\\\/11\\\/logo-fucsia.png\",\"contentUrl\":\"https:\\\/\\\/floranixena.it\\\/wp-content\\\/uploads\\\/2018\\\/11\\\/logo-fucsia.png\",\"width\":315,\"height\":81,\"caption\":\"FloraNixena.it - Consegna mazzi di fiori, bouquet e piante a domicilio\"},\"image\":{\"@id\":\"https:\\\/\\\/floranixena.it\\\/es\\\/#\\\/schema\\\/logo\\\/image\\\/\"},\"sameAs\":[\"https:\\\/\\\/www.facebook.com\\\/FloraNixena\\\/\",\"https:\\\/\\\/www.instagram.com\\\/floranixena.it\\\/\",\"https:\\\/\\\/www.youtube.com\\\/channel\\\/UCAfCWXMBezO96jgPjiUgpkA\"],\"description\":\"Chi Siamo? FloraNixena \u00e8 il partner di fiducia per la consegna di fiori freschi a domicilio. Con anni di esperienza nel settore floreale, siamo dedicati a portare la bellezza e la freschezza dei fiori direttamente alla vostra porta. La Nostra Missione La nostra missione \u00e8 trasformare ogni occasione in un momento speciale attraverso la magia dei fiori. Crediamo che un bouquet possa dire pi\u00f9 di mille parole e lavoriamo instancabilmente per assicurarci che ogni consegna porti gioia, amore e bellezza. Cosa Offriamo? Fiori Freschi: Collaboriamo con i migliori fornitori locali per garantire che i nostri fiori siano sempre freschi e di alta qualit\u00e0. Consegna Rapida e Puntuale: Offriamo un servizio di consegna rapido e affidabile, con la possibilit\u00e0 di scegliere la fascia oraria che pi\u00f9 vi conviene. Ampia Selezione: Dalle rose classiche ai bouquet personalizzati, abbiamo una vasta gamma di opzioni per soddisfare ogni gusto e occasione. Assistenza Clienti: Il nostro team \u00e8 sempre a disposizione per assistervi nella scelta del bouquet perfetto e per garantire un'esperienza di acquisto senza intoppi. Perch\u00e9 Sceglierci? Qualit\u00e0 Garantita: Ogni bouquet \u00e8 realizzato con cura dai nostri esperti fioristi, garantendo che ogni composizione sia un'opera d'arte. Servizio Personalizzato: Che sia per un anniversario, un compleanno, una celebrazione o un momento di condoglianza, personalizziamo ogni ordine per rispondere alle vostre esigenze specifiche. Soddisfazione del Cliente: La vostra soddisfazione \u00e8 la nostra priorit\u00e0 assoluta. Facciamo tutto il possibile per assicurarci che ogni consegna superi le vostre aspettative.\",\"email\":\"amministrazione@floranixena.it\",\"telephone\":\"3806342394\",\"legalName\":\"Gaetano Votadoro\"}]}<\/script>\n<!-- \/ Yoast SEO Premium plugin. -->","yoast_head_json":{"title":"atardecer - FloraNixena - FloraNixena - Entrega de flores a domicilio","description":"Mezcla de gerberas rosas y rojas barato para enviar a casa para cualquier ocasi\u00f3n sin gastar una fortuna. Reg\u00e1laselo a quien quieras.","robots":{"index":"index","follow":"follow","max-snippet":"max-snippet:-1","max-image-preview":"max-image-preview:large","max-video-preview":"max-video-preview:-1"},"canonical":"https:\/\/floranixena.it\/es\/producto\/atardecer\/","og_locale":"es_ES","og_type":"article","og_title":"atardecer","og_description":"Gerbere Rosa  Gerbere rojos  hojas decorativas Jarr\u00f3n no incluido","og_url":"https:\/\/floranixena.it\/es\/producto\/atardecer\/","og_site_name":"FloraNixena - FloraNixena - Entrega de flores a domicilio","article_publisher":"https:\/\/www.facebook.com\/FloraNixena\/","og_image":[{"width":800,"height":800,"url":"https:\/\/floranixena.it\/wp-content\/uploads\/2019\/06\/bouquet-di-gerbere-rosse-e-rosa.webp","type":"image\/webp"}],"twitter_card":"summary_large_image","twitter_misc":{"Tiempo de lectura":"1 minuto"},"schema":{"@context":"https:\/\/schema.org","@graph":[{"@type":"WebPage","@id":"https:\/\/floranixena.it\/es\/producto\/atardecer\/","url":"https:\/\/floranixena.it\/es\/producto\/atardecer\/","name":"atardecer - FloraNixena - FloraNixena - Entrega de flores a domicilio","isPartOf":{"@id":"https:\/\/floranixena.it\/es\/#website"},"primaryImageOfPage":{"@id":"https:\/\/floranixena.it\/es\/producto\/atardecer\/#primaryimage"},"image":{"@id":"https:\/\/floranixena.it\/es\/producto\/atardecer\/#primaryimage"},"thumbnailUrl":"https:\/\/floranixena.it\/wp-content\/uploads\/2019\/06\/bouquet-di-gerbere-rosse-e-rosa.webp","datePublished":"2025-12-06T10:00:01+00:00","description":"Mezcla de gerberas rosas y rojas barato para enviar a casa para cualquier ocasi\u00f3n sin gastar una fortuna. Reg\u00e1laselo a quien quieras.","breadcrumb":{"@id":"https:\/\/floranixena.it\/es\/producto\/atardecer\/#breadcrumb"},"inLanguage":"es","potentialAction":[{"@type":"ReadAction","target":["https:\/\/floranixena.it\/es\/producto\/atardecer\/"]}]},{"@type":"ImageObject","inLanguage":"es","@id":"https:\/\/floranixena.it\/es\/producto\/atardecer\/#primaryimage","url":"https:\/\/floranixena.it\/wp-content\/uploads\/2019\/06\/bouquet-di-gerbere-rosse-e-rosa.webp","contentUrl":"https:\/\/floranixena.it\/wp-content\/uploads\/2019\/06\/bouquet-di-gerbere-rosse-e-rosa.webp","width":800,"height":800,"caption":"Un\u2019esplosione di colore e vitalit\u00e0: Gerbere rosse e rosa per regalare sorrisi e bellezza autentica."},{"@type":"BreadcrumbList","@id":"https:\/\/floranixena.it\/es\/producto\/atardecer\/#breadcrumb","itemListElement":[{"@type":"ListItem","position":1,"name":"Home","item":"https:\/\/floranixena.it\/es\/"},{"@type":"ListItem","position":2,"name":"tienda","item":"https:\/\/floranixena.it\/es\/tienda\/"},{"@type":"ListItem","position":3,"name":"atardecer"}]},{"@type":"WebSite","@id":"https:\/\/floranixena.it\/es\/#website","url":"https:\/\/floranixena.it\/es\/","name":"FloraNixena - Consegna fiori a domicilio in Italia","description":"Invia fiori che raccontano storie","publisher":{"@id":"https:\/\/floranixena.it\/es\/#organization"},"alternateName":"FloraNixena.it","potentialAction":[{"@type":"SearchAction","target":{"@type":"EntryPoint","urlTemplate":"https:\/\/floranixena.it\/es\/?s={search_term_string}"},"query-input":{"@type":"PropertyValueSpecification","valueRequired":true,"valueName":"search_term_string"}}],"inLanguage":"es"},{"@type":"Organization","@id":"https:\/\/floranixena.it\/es\/#organization","name":"FloraNixena.it - Consegna mazzi di fiori, bouquet e piante a domicilio","url":"https:\/\/floranixena.it\/es\/","logo":{"@type":"ImageObject","inLanguage":"es","@id":"https:\/\/floranixena.it\/es\/#\/schema\/logo\/image\/","url":"https:\/\/floranixena.it\/wp-content\/uploads\/2018\/11\/logo-fucsia.png","contentUrl":"https:\/\/floranixena.it\/wp-content\/uploads\/2018\/11\/logo-fucsia.png","width":315,"height":81,"caption":"FloraNixena.it - Consegna mazzi di fiori, bouquet e piante a domicilio"},"image":{"@id":"https:\/\/floranixena.it\/es\/#\/schema\/logo\/image\/"},"sameAs":["https:\/\/www.facebook.com\/FloraNixena\/","https:\/\/www.instagram.com\/floranixena.it\/","https:\/\/www.youtube.com\/channel\/UCAfCWXMBezO96jgPjiUgpkA"],"description":"Chi Siamo? FloraNixena \u00e8 il partner di fiducia per la consegna di fiori freschi a domicilio. Con anni di esperienza nel settore floreale, siamo dedicati a portare la bellezza e la freschezza dei fiori direttamente alla vostra porta. La Nostra Missione La nostra missione \u00e8 trasformare ogni occasione in un momento speciale attraverso la magia dei fiori. Crediamo che un bouquet possa dire pi\u00f9 di mille parole e lavoriamo instancabilmente per assicurarci che ogni consegna porti gioia, amore e bellezza. Cosa Offriamo? Fiori Freschi: Collaboriamo con i migliori fornitori locali per garantire che i nostri fiori siano sempre freschi e di alta qualit\u00e0. Consegna Rapida e Puntuale: Offriamo un servizio di consegna rapido e affidabile, con la possibilit\u00e0 di scegliere la fascia oraria che pi\u00f9 vi conviene. Ampia Selezione: Dalle rose classiche ai bouquet personalizzati, abbiamo una vasta gamma di opzioni per soddisfare ogni gusto e occasione. Assistenza Clienti: Il nostro team \u00e8 sempre a disposizione per assistervi nella scelta del bouquet perfetto e per garantire un'esperienza di acquisto senza intoppi. Perch\u00e9 Sceglierci? Qualit\u00e0 Garantita: Ogni bouquet \u00e8 realizzato con cura dai nostri esperti fioristi, garantendo che ogni composizione sia un'opera d'arte. Servizio Personalizzato: Che sia per un anniversario, un compleanno, una celebrazione o un momento di condoglianza, personalizziamo ogni ordine per rispondere alle vostre esigenze specifiche. Soddisfazione del Cliente: La vostra soddisfazione \u00e8 la nostra priorit\u00e0 assoluta. Facciamo tutto il possibile per assicurarci che ogni consegna superi le vostre aspettative.","email":"amministrazione@floranixena.it","telephone":"3806342394","legalName":"Gaetano Votadoro"}]}},"_links":{"self":[{"href":"https:\/\/floranixena.it\/es\/wp-json\/wp\/v2\/product\/18263","targetHints":{"allow":["GET"]}}],"collection":[{"href":"https:\/\/floranixena.it\/es\/wp-json\/wp\/v2\/product"}],"about":[{"href":"https:\/\/floranixena.it\/es\/wp-json\/wp\/v2\/types\/product"}],"replies":[{"embeddable":true,"href":"https:\/\/floranixena.it\/es\/wp-json\/wp\/v2\/comments?post=18263"}],"wp:featuredmedia":[{"embeddable":true,"href":"https:\/\/floranixena.it\/es\/wp-json\/wp\/v2\/media\/18264"}],"wp:attachment":[{"href":"https:\/\/floranixena.it\/es\/wp-json\/wp\/v2\/media?parent=18263"}],"wp:term":[{"taxonomy":"product_brand","embeddable":true,"href":"https:\/\/floranixena.it\/es\/wp-json\/wp\/v2\/product_brand?post=18263"},{"taxonomy":"product_cat","embeddable":true,"href":"https:\/\/floranixena.it\/es\/wp-json\/wp\/v2\/product_cat?post=18263"},{"taxonomy":"product_tag","embeddable":true,"href":"https:\/\/floranixena.it\/es\/wp-json\/wp\/v2\/product_tag?post=18263"}],"curies":[{"name":"wp","href":"https:\/\/api.w.org\/{rel}","templated":true}]}}