{"id":18259,"date":"2025-08-11T10:30:13","date_gmt":"2025-08-11T08:30:13","guid":{"rendered":"https:\/\/floranixena.it\/product\/ramo-de-rosas-y-bayas\/"},"modified":"2025-08-11T10:30:13","modified_gmt":"2025-08-11T08:30:13","slug":"ramo-de-rosas-y-bayas","status":"publish","type":"product","link":"https:\/\/floranixena.it\/es\/producto\/ramo-de-rosas-y-bayas\/","title":{"rendered":"Ramo de rosas y bayas"},"content":{"rendered":"<h1 dir=\"auto\" data-pm-slice=\"1 1 []\">Ramo con bayas y rosas rojas<\/h1>\n<p>Sorprenda a sus seres <a href=\"https:\/\/floranixena.it\/es\/enviar-flores-y-plantas-a-italia\/\">queridos con un rom\u00e1ntico bouquet de rosas rojas<\/a>, lisianthus blancos y bayas de hip\u00e9rico, pensado para transmitir emociones profundas y refinamiento. Esta elegante composici\u00f3n floral incluye<a href=\"https:\/\/floranixena.it\/es\/catalog\/flores-para-eventos\/oportunidad\/\"> 5 rosas rojas brillantes, <\/a>5 ramas de lisianthus blanco delicado y hypericum rojo, enriquecidas con hojas decorativas que completan el conjunto con armon\u00eda. <\/p>\n<p>Perfecto para aniversarios, San Valent\u00edn, cumplea\u00f1os o ocasiones especiales, <a href=\"https:\/\/floranixena.it\/es\/prodotto\/napoli\/\">este ramo de flores c<\/a>on rosas y bayas es un gesto de amor que deja huella. La entrega de flores a domicilio est\u00e1 disponible en toda Italia, garantizando frescura y puntualidad. <\/p>\n<p>Elige el <a href=\"https:\/\/floranixena.it\/es\/catalog\/amor-y-el-romance\/flores-clasicas-y-romanticas\/\">ramo con rosas rojas y lisianthus <\/a>para expresar afecto, pasi\u00f3n y estilo de una manera inolvidable.<\/p>\n<p dir=\"auto\" data-pm-slice=\"1 1 []\">Muestra tu amor y aprecio de la manera m\u00e1s hermosa posible con este hermoso ramo de rosas y bayas! Nuestra composici\u00f3n \u00fanica de cinco brillantes rosas rojas, cinco ramas de lisianthus blanco, hip\u00e9rico y bayas rojas, perfectamente combinadas con hojas decorativas, har\u00e1n de cada ocasi\u00f3n especial un momento verdaderamente inolvidable que atesorar\u00e1 para siempre! <\/p>\n<p>Para a\u00f1adir a\u00fan m\u00e1s encanto a la extraordinaria belleza de las rosas, hemos creado un atractivo ramo que incluye un extraordinario Hypericum. La combinaci\u00f3n de estos dos elementos crea un<a href=\"https:\/\/floranixena.it\/es\/prodotto\/puro-amor\/\"> ramo elegante y encantador<\/a>, \u00a1que seguramente dejar\u00e1 una impresi\u00f3n duradera! Haga su pedido ahora y reciba c\u00f3modamente la entrega en cualquier lugar de Italia.  <\/p>\n<p>Este hermoso ramo de hermosas bayas festivas, hermosas rosas rojas y delicadas lisianthus blancas es el regalo perfecto para Navidad! Tambi\u00e9n ofrecemos una entrega a domicilio conveniente para sus regalos de <a href=\"https:\/\/floranixena.it\/prodotto\/stella-di-natale\/\"><strong>Navidad<\/strong><\/a>. <\/p>\n","protected":false},"excerpt":{"rendered":"<ul>\n<li>5 rosas rojas<\/li>\n<li>Ramas de Lisianthus blanco<\/li>\n<li>Hypericum o bayas rojas<\/li>\n<li>hojas decorativas<\/li>\n<\/ul>\n<p>Jarr\u00f3n no incluido<\/p>\n<p><span style=\"color: #339966;\"><strong>En este producto la entrega es gratuita<\/strong><\/span><\/p>\n","protected":false},"featured_media":18260,"comment_status":"open","ping_status":"closed","template":"","meta":[],"product_brand":[],"product_cat":[4329,4331,4317,4330,4327,4335,4332,4333,4354,4341,4554,4365,4328,4334,4358,4321,4323,4326,4360,4319,4336,4359,4353,4351],"product_tag":[4555,4557,4556,4343,4558],"class_list":{"0":"post-18259","1":"product","2":"type-product","3":"status-publish","4":"has-post-thumbnail","6":"product_cat-amigo","7":"product_cat-amor-y-el-romance","8":"product_cat-aniversario","9":"product_cat-dia-de-la-madre","10":"product_cat-dia-de-la-mujer","11":"product_cat-disculpa","12":"product_cat-es-una-nina","13":"product_cat-felicitaciones","14":"product_cat-fiori-di-stagione","15":"product_cat-flores-de-primavera","16":"product_cat-lisianthus-es","17":"product_cat-navidad","18":"product_cat-onomastico-es","19":"product_cat-para-agradecer-a-alguien","20":"product_cat-para-la-esposa-o-novia","21":"product_cat-para-los-abuelos","22":"product_cat-para-los-tios","23":"product_cat-para-mama","24":"product_cat-para-nuevas-revelaciones","25":"product_cat-pascua","26":"product_cat-rosas","27":"product_cat-san-valentin","28":"product_cat-son-gemelos","29":"product_cat-titulos","30":"product_tag-bayas","31":"product_tag-hypericum-es","32":"product_tag-ramo-de-lisianthus-y-rosas-rojas","33":"product_tag-rosas-rojas","34":"product_tag-rosas-y-bayas","36":"first","37":"instock","38":"shipping-taxable","39":"purchasable","40":"product-type-simple"},"yoast_head":"<!-- This site is optimized with the Yoast SEO Premium plugin v27.4 (Yoast SEO v27.4) - https:\/\/yoast.com\/product\/yoast-seo-premium-wordpress\/ -->\n<title>Bayas y rosas rojas - FloraNixena flores a domicilio<\/title>\n<meta name=\"description\" content=\"Ramo de bayas y rosas rojas venta online de flores, entrega a domicilio en toda Italia para cualquier ocasi\u00f3n especial.\" \/>\n<meta name=\"robots\" content=\"index, follow, max-snippet:-1, max-image-preview:large, max-video-preview:-1\" \/>\n<link rel=\"canonical\" href=\"https:\/\/floranixena.it\/es\/producto\/ramo-de-rosas-y-bayas\/\" \/>\n<meta property=\"og:locale\" content=\"es_ES\" \/>\n<meta property=\"og:type\" content=\"article\" \/>\n<meta property=\"og:title\" content=\"Ramo de rosas y bayas\" \/>\n<meta property=\"og:description\" content=\"5 rosas rojas  Ramas de Lisianthus blanco  Hypericum o bayas rojas  hojas decorativas Jarr\u00f3n no incluido En este producto la entrega es gratuita\" \/>\n<meta property=\"og:url\" content=\"https:\/\/floranixena.it\/es\/producto\/ramo-de-rosas-y-bayas\/\" \/>\n<meta property=\"og:site_name\" content=\"FloraNixena - FloraNixena - Entrega de flores a domicilio\" \/>\n<meta property=\"article:publisher\" content=\"https:\/\/www.facebook.com\/FloraNixena\/\" \/>\n<meta property=\"og:image\" content=\"https:\/\/floranixena.it\/wp-content\/uploads\/2019\/06\/bouquet-di-rose-rose-bacche.webp\" \/>\n\t<meta property=\"og:image:width\" content=\"800\" \/>\n\t<meta property=\"og:image:height\" content=\"800\" \/>\n\t<meta property=\"og:image:type\" content=\"image\/webp\" \/>\n<meta name=\"twitter:card\" content=\"summary_large_image\" \/>\n<meta name=\"twitter:label1\" content=\"Tiempo de lectura\" \/>\n\t<meta name=\"twitter:data1\" content=\"1 minuto\" \/>\n<script type=\"application\/ld+json\" class=\"yoast-schema-graph\">{\"@context\":\"https:\\\/\\\/schema.org\",\"@graph\":[{\"@type\":\"WebPage\",\"@id\":\"https:\\\/\\\/floranixena.it\\\/es\\\/producto\\\/ramo-de-rosas-y-bayas\\\/\",\"url\":\"https:\\\/\\\/floranixena.it\\\/es\\\/producto\\\/ramo-de-rosas-y-bayas\\\/\",\"name\":\"Bayas y rosas rojas - FloraNixena flores a domicilio\",\"isPartOf\":{\"@id\":\"https:\\\/\\\/floranixena.it\\\/es\\\/#website\"},\"primaryImageOfPage\":{\"@id\":\"https:\\\/\\\/floranixena.it\\\/es\\\/producto\\\/ramo-de-rosas-y-bayas\\\/#primaryimage\"},\"image\":{\"@id\":\"https:\\\/\\\/floranixena.it\\\/es\\\/producto\\\/ramo-de-rosas-y-bayas\\\/#primaryimage\"},\"thumbnailUrl\":\"https:\\\/\\\/floranixena.it\\\/wp-content\\\/uploads\\\/2019\\\/06\\\/bouquet-di-rose-rose-bacche.webp\",\"datePublished\":\"2025-08-11T08:30:13+00:00\",\"description\":\"Ramo de bayas y rosas rojas venta online de flores, entrega a domicilio en toda Italia para cualquier ocasi\u00f3n especial.\",\"breadcrumb\":{\"@id\":\"https:\\\/\\\/floranixena.it\\\/es\\\/producto\\\/ramo-de-rosas-y-bayas\\\/#breadcrumb\"},\"inLanguage\":\"es\",\"potentialAction\":[{\"@type\":\"ReadAction\",\"target\":[\"https:\\\/\\\/floranixena.it\\\/es\\\/producto\\\/ramo-de-rosas-y-bayas\\\/\"]}]},{\"@type\":\"ImageObject\",\"inLanguage\":\"es\",\"@id\":\"https:\\\/\\\/floranixena.it\\\/es\\\/producto\\\/ramo-de-rosas-y-bayas\\\/#primaryimage\",\"url\":\"https:\\\/\\\/floranixena.it\\\/wp-content\\\/uploads\\\/2019\\\/06\\\/bouquet-di-rose-rose-bacche.webp\",\"contentUrl\":\"https:\\\/\\\/floranixena.it\\\/wp-content\\\/uploads\\\/2019\\\/06\\\/bouquet-di-rose-rose-bacche.webp\",\"width\":800,\"height\":800,\"caption\":\"Un bouquet che celebra l\u2019amore e la raffinatezza: fiori e bacche in armonia perfetta per emozionare con stile.\"},{\"@type\":\"BreadcrumbList\",\"@id\":\"https:\\\/\\\/floranixena.it\\\/es\\\/producto\\\/ramo-de-rosas-y-bayas\\\/#breadcrumb\",\"itemListElement\":[{\"@type\":\"ListItem\",\"position\":1,\"name\":\"Home\",\"item\":\"https:\\\/\\\/floranixena.it\\\/es\\\/\"},{\"@type\":\"ListItem\",\"position\":2,\"name\":\"tienda\",\"item\":\"https:\\\/\\\/floranixena.it\\\/es\\\/tienda\\\/\"},{\"@type\":\"ListItem\",\"position\":3,\"name\":\"Ramo de rosas y bayas\"}]},{\"@type\":\"WebSite\",\"@id\":\"https:\\\/\\\/floranixena.it\\\/es\\\/#website\",\"url\":\"https:\\\/\\\/floranixena.it\\\/es\\\/\",\"name\":\"FloraNixena - Consegna fiori a domicilio in Italia\",\"description\":\"Invia fiori che raccontano storie\",\"publisher\":{\"@id\":\"https:\\\/\\\/floranixena.it\\\/es\\\/#organization\"},\"alternateName\":\"FloraNixena.it\",\"potentialAction\":[{\"@type\":\"SearchAction\",\"target\":{\"@type\":\"EntryPoint\",\"urlTemplate\":\"https:\\\/\\\/floranixena.it\\\/es\\\/?s={search_term_string}\"},\"query-input\":{\"@type\":\"PropertyValueSpecification\",\"valueRequired\":true,\"valueName\":\"search_term_string\"}}],\"inLanguage\":\"es\"},{\"@type\":\"Organization\",\"@id\":\"https:\\\/\\\/floranixena.it\\\/es\\\/#organization\",\"name\":\"FloraNixena.it - Consegna mazzi di fiori, bouquet e piante a domicilio\",\"url\":\"https:\\\/\\\/floranixena.it\\\/es\\\/\",\"logo\":{\"@type\":\"ImageObject\",\"inLanguage\":\"es\",\"@id\":\"https:\\\/\\\/floranixena.it\\\/es\\\/#\\\/schema\\\/logo\\\/image\\\/\",\"url\":\"https:\\\/\\\/floranixena.it\\\/wp-content\\\/uploads\\\/2018\\\/11\\\/logo-fucsia.png\",\"contentUrl\":\"https:\\\/\\\/floranixena.it\\\/wp-content\\\/uploads\\\/2018\\\/11\\\/logo-fucsia.png\",\"width\":315,\"height\":81,\"caption\":\"FloraNixena.it - Consegna mazzi di fiori, bouquet e piante a domicilio\"},\"image\":{\"@id\":\"https:\\\/\\\/floranixena.it\\\/es\\\/#\\\/schema\\\/logo\\\/image\\\/\"},\"sameAs\":[\"https:\\\/\\\/www.facebook.com\\\/FloraNixena\\\/\",\"https:\\\/\\\/www.instagram.com\\\/floranixena.it\\\/\",\"https:\\\/\\\/www.youtube.com\\\/channel\\\/UCAfCWXMBezO96jgPjiUgpkA\"],\"description\":\"Chi Siamo? FloraNixena \u00e8 il partner di fiducia per la consegna di fiori freschi a domicilio. Con anni di esperienza nel settore floreale, siamo dedicati a portare la bellezza e la freschezza dei fiori direttamente alla vostra porta. La Nostra Missione La nostra missione \u00e8 trasformare ogni occasione in un momento speciale attraverso la magia dei fiori. Crediamo che un bouquet possa dire pi\u00f9 di mille parole e lavoriamo instancabilmente per assicurarci che ogni consegna porti gioia, amore e bellezza. Cosa Offriamo? Fiori Freschi: Collaboriamo con i migliori fornitori locali per garantire che i nostri fiori siano sempre freschi e di alta qualit\u00e0. Consegna Rapida e Puntuale: Offriamo un servizio di consegna rapido e affidabile, con la possibilit\u00e0 di scegliere la fascia oraria che pi\u00f9 vi conviene. Ampia Selezione: Dalle rose classiche ai bouquet personalizzati, abbiamo una vasta gamma di opzioni per soddisfare ogni gusto e occasione. Assistenza Clienti: Il nostro team \u00e8 sempre a disposizione per assistervi nella scelta del bouquet perfetto e per garantire un'esperienza di acquisto senza intoppi. Perch\u00e9 Sceglierci? Qualit\u00e0 Garantita: Ogni bouquet \u00e8 realizzato con cura dai nostri esperti fioristi, garantendo che ogni composizione sia un'opera d'arte. Servizio Personalizzato: Che sia per un anniversario, un compleanno, una celebrazione o un momento di condoglianza, personalizziamo ogni ordine per rispondere alle vostre esigenze specifiche. Soddisfazione del Cliente: La vostra soddisfazione \u00e8 la nostra priorit\u00e0 assoluta. Facciamo tutto il possibile per assicurarci che ogni consegna superi le vostre aspettative.\",\"email\":\"amministrazione@floranixena.it\",\"telephone\":\"3806342394\",\"legalName\":\"Gaetano Votadoro\"}]}<\/script>\n<!-- \/ Yoast SEO Premium plugin. -->","yoast_head_json":{"title":"Bayas y rosas rojas - FloraNixena flores a domicilio","description":"Ramo de bayas y rosas rojas venta online de flores, entrega a domicilio en toda Italia para cualquier ocasi\u00f3n especial.","robots":{"index":"index","follow":"follow","max-snippet":"max-snippet:-1","max-image-preview":"max-image-preview:large","max-video-preview":"max-video-preview:-1"},"canonical":"https:\/\/floranixena.it\/es\/producto\/ramo-de-rosas-y-bayas\/","og_locale":"es_ES","og_type":"article","og_title":"Ramo de rosas y bayas","og_description":"5 rosas rojas  Ramas de Lisianthus blanco  Hypericum o bayas rojas  hojas decorativas Jarr\u00f3n no incluido En este producto la entrega es gratuita","og_url":"https:\/\/floranixena.it\/es\/producto\/ramo-de-rosas-y-bayas\/","og_site_name":"FloraNixena - FloraNixena - Entrega de flores a domicilio","article_publisher":"https:\/\/www.facebook.com\/FloraNixena\/","og_image":[{"width":800,"height":800,"url":"https:\/\/floranixena.it\/wp-content\/uploads\/2019\/06\/bouquet-di-rose-rose-bacche.webp","type":"image\/webp"}],"twitter_card":"summary_large_image","twitter_misc":{"Tiempo de lectura":"1 minuto"},"schema":{"@context":"https:\/\/schema.org","@graph":[{"@type":"WebPage","@id":"https:\/\/floranixena.it\/es\/producto\/ramo-de-rosas-y-bayas\/","url":"https:\/\/floranixena.it\/es\/producto\/ramo-de-rosas-y-bayas\/","name":"Bayas y rosas rojas - FloraNixena flores a domicilio","isPartOf":{"@id":"https:\/\/floranixena.it\/es\/#website"},"primaryImageOfPage":{"@id":"https:\/\/floranixena.it\/es\/producto\/ramo-de-rosas-y-bayas\/#primaryimage"},"image":{"@id":"https:\/\/floranixena.it\/es\/producto\/ramo-de-rosas-y-bayas\/#primaryimage"},"thumbnailUrl":"https:\/\/floranixena.it\/wp-content\/uploads\/2019\/06\/bouquet-di-rose-rose-bacche.webp","datePublished":"2025-08-11T08:30:13+00:00","description":"Ramo de bayas y rosas rojas venta online de flores, entrega a domicilio en toda Italia para cualquier ocasi\u00f3n especial.","breadcrumb":{"@id":"https:\/\/floranixena.it\/es\/producto\/ramo-de-rosas-y-bayas\/#breadcrumb"},"inLanguage":"es","potentialAction":[{"@type":"ReadAction","target":["https:\/\/floranixena.it\/es\/producto\/ramo-de-rosas-y-bayas\/"]}]},{"@type":"ImageObject","inLanguage":"es","@id":"https:\/\/floranixena.it\/es\/producto\/ramo-de-rosas-y-bayas\/#primaryimage","url":"https:\/\/floranixena.it\/wp-content\/uploads\/2019\/06\/bouquet-di-rose-rose-bacche.webp","contentUrl":"https:\/\/floranixena.it\/wp-content\/uploads\/2019\/06\/bouquet-di-rose-rose-bacche.webp","width":800,"height":800,"caption":"Un bouquet che celebra l\u2019amore e la raffinatezza: fiori e bacche in armonia perfetta per emozionare con stile."},{"@type":"BreadcrumbList","@id":"https:\/\/floranixena.it\/es\/producto\/ramo-de-rosas-y-bayas\/#breadcrumb","itemListElement":[{"@type":"ListItem","position":1,"name":"Home","item":"https:\/\/floranixena.it\/es\/"},{"@type":"ListItem","position":2,"name":"tienda","item":"https:\/\/floranixena.it\/es\/tienda\/"},{"@type":"ListItem","position":3,"name":"Ramo de rosas y bayas"}]},{"@type":"WebSite","@id":"https:\/\/floranixena.it\/es\/#website","url":"https:\/\/floranixena.it\/es\/","name":"FloraNixena - Consegna fiori a domicilio in Italia","description":"Invia fiori che raccontano storie","publisher":{"@id":"https:\/\/floranixena.it\/es\/#organization"},"alternateName":"FloraNixena.it","potentialAction":[{"@type":"SearchAction","target":{"@type":"EntryPoint","urlTemplate":"https:\/\/floranixena.it\/es\/?s={search_term_string}"},"query-input":{"@type":"PropertyValueSpecification","valueRequired":true,"valueName":"search_term_string"}}],"inLanguage":"es"},{"@type":"Organization","@id":"https:\/\/floranixena.it\/es\/#organization","name":"FloraNixena.it - Consegna mazzi di fiori, bouquet e piante a domicilio","url":"https:\/\/floranixena.it\/es\/","logo":{"@type":"ImageObject","inLanguage":"es","@id":"https:\/\/floranixena.it\/es\/#\/schema\/logo\/image\/","url":"https:\/\/floranixena.it\/wp-content\/uploads\/2018\/11\/logo-fucsia.png","contentUrl":"https:\/\/floranixena.it\/wp-content\/uploads\/2018\/11\/logo-fucsia.png","width":315,"height":81,"caption":"FloraNixena.it - Consegna mazzi di fiori, bouquet e piante a domicilio"},"image":{"@id":"https:\/\/floranixena.it\/es\/#\/schema\/logo\/image\/"},"sameAs":["https:\/\/www.facebook.com\/FloraNixena\/","https:\/\/www.instagram.com\/floranixena.it\/","https:\/\/www.youtube.com\/channel\/UCAfCWXMBezO96jgPjiUgpkA"],"description":"Chi Siamo? FloraNixena \u00e8 il partner di fiducia per la consegna di fiori freschi a domicilio. Con anni di esperienza nel settore floreale, siamo dedicati a portare la bellezza e la freschezza dei fiori direttamente alla vostra porta. La Nostra Missione La nostra missione \u00e8 trasformare ogni occasione in un momento speciale attraverso la magia dei fiori. Crediamo che un bouquet possa dire pi\u00f9 di mille parole e lavoriamo instancabilmente per assicurarci che ogni consegna porti gioia, amore e bellezza. Cosa Offriamo? Fiori Freschi: Collaboriamo con i migliori fornitori locali per garantire che i nostri fiori siano sempre freschi e di alta qualit\u00e0. Consegna Rapida e Puntuale: Offriamo un servizio di consegna rapido e affidabile, con la possibilit\u00e0 di scegliere la fascia oraria che pi\u00f9 vi conviene. Ampia Selezione: Dalle rose classiche ai bouquet personalizzati, abbiamo una vasta gamma di opzioni per soddisfare ogni gusto e occasione. Assistenza Clienti: Il nostro team \u00e8 sempre a disposizione per assistervi nella scelta del bouquet perfetto e per garantire un'esperienza di acquisto senza intoppi. Perch\u00e9 Sceglierci? Qualit\u00e0 Garantita: Ogni bouquet \u00e8 realizzato con cura dai nostri esperti fioristi, garantendo che ogni composizione sia un'opera d'arte. Servizio Personalizzato: Che sia per un anniversario, un compleanno, una celebrazione o un momento di condoglianza, personalizziamo ogni ordine per rispondere alle vostre esigenze specifiche. Soddisfazione del Cliente: La vostra soddisfazione \u00e8 la nostra priorit\u00e0 assoluta. Facciamo tutto il possibile per assicurarci che ogni consegna superi le vostre aspettative.","email":"amministrazione@floranixena.it","telephone":"3806342394","legalName":"Gaetano Votadoro"}]}},"_links":{"self":[{"href":"https:\/\/floranixena.it\/es\/wp-json\/wp\/v2\/product\/18259","targetHints":{"allow":["GET"]}}],"collection":[{"href":"https:\/\/floranixena.it\/es\/wp-json\/wp\/v2\/product"}],"about":[{"href":"https:\/\/floranixena.it\/es\/wp-json\/wp\/v2\/types\/product"}],"replies":[{"embeddable":true,"href":"https:\/\/floranixena.it\/es\/wp-json\/wp\/v2\/comments?post=18259"}],"wp:featuredmedia":[{"embeddable":true,"href":"https:\/\/floranixena.it\/es\/wp-json\/wp\/v2\/media\/18260"}],"wp:attachment":[{"href":"https:\/\/floranixena.it\/es\/wp-json\/wp\/v2\/media?parent=18259"}],"wp:term":[{"taxonomy":"product_brand","embeddable":true,"href":"https:\/\/floranixena.it\/es\/wp-json\/wp\/v2\/product_brand?post=18259"},{"taxonomy":"product_cat","embeddable":true,"href":"https:\/\/floranixena.it\/es\/wp-json\/wp\/v2\/product_cat?post=18259"},{"taxonomy":"product_tag","embeddable":true,"href":"https:\/\/floranixena.it\/es\/wp-json\/wp\/v2\/product_tag?post=18259"}],"curies":[{"name":"wp","href":"https:\/\/api.w.org\/{rel}","templated":true}]}}