{"id":18255,"date":"2025-08-11T10:45:40","date_gmt":"2025-08-11T08:45:40","guid":{"rendered":"https:\/\/floranixena.it\/product\/ramo-de-peonias-rosas\/"},"modified":"2025-09-12T10:15:19","modified_gmt":"2025-09-12T08:15:19","slug":"ramo-de-peonias-rosas","status":"publish","type":"product","link":"https:\/\/floranixena.it\/es\/producto\/ramo-de-peonias-rosas\/","title":{"rendered":"Ramo de peon\u00edas rosas"},"content":{"rendered":"<h1>Ramo de peon\u00edas rosas<\/h1>\n<p>es una opci\u00f3n fant\u00e1stica para decorar tu casa o para darle una sonrisa a un ser querido. Y si est\u00e1s buscando una forma c\u00f3moda d<a href=\"https:\/\/floranixena.it\/es\/producto\/carta-de-amor\/\">e comprar flores a domicilio,<\/a> en <strong>FloraNixena <\/strong>puedes encontrar flores baratas y una red de floristas locales que garantizan la entrega en toda Italia. <\/p>\n<p>Gracias a sus grandes flores onduladas, las <a href=\"https:\/\/floranixena.it\/es\/producto\/peonias-y-rosas-de-caramelo\/\"><strong>peon\u00edas rosas<\/strong><\/a> son un verdadero espect\u00e1culo para los ojos y son perfectas para crear un ramo elegante. El ramo se enriquece con tallos de delicada vegetaci\u00f3n y se presenta en un cl\u00e1sico <a href=\"https:\/\/floranixena.it\/prodotto\/vaso-in-vetro-a-sfera\/\"><strong>vaso <\/strong><\/a>de vidrio, <strong>para comprar por separado.<\/strong> <\/p>\n<p>Si quieres comprar peon\u00edas rosas cl\u00e1sicas para un ser querido, puedes contactar en <strong>FloraNixena <\/strong>con su red de floristas locales en toda Italia. La entrega a domicilio de peon\u00edas rosas es una opci\u00f3n conveniente y pr\u00e1ctica, especialmente si desea enviar un regalo a una persona lejana. <\/p>\n<p><a href=\"https:\/\/floranixena.it\/es\/producto\/puro-amor\/\">Si desea enviar un ramo<\/a> de peon\u00edas rosas a su casa o a una persona importante, puede contar con nuestra confiable<a href=\"https:\/\/floranixena.it\/es\/prodotto\/extraordinario\/\"> entrega de flores a domicilio.<\/a><\/p>\n<p>Un ramo de<a href=\"https:\/\/floranixena.it\/es\/catalog\/amor-y-el-romance\/flores-clasicas-y-romanticas\/\"><strong> peon\u00edas rosas <\/strong><\/a>y son una opci\u00f3n maravillosa para decorar su hogar o para dar una sonrisa a un ser querido. Gracias a los servicios de entrega de flores a domicilio, puedes comprar peon\u00edas rosas baratas y enviarlas por toda Italia de forma c\u00f3moda y segura. No pierdas la oportunidad de disfrutar del lujo de estas hermosas peon\u00edas en tu casa.  <\/p>\n","protected":false},"excerpt":{"rendered":"<ul>\n<li style=\"list-style-type: none;\">\n<ul>\n<li>10 Peon\u00edas rosa<\/li>\n<li>Carta Kraft<\/li>\n<li>Verde decorativo<\/li>\n<\/ul>\n<\/li>\n<\/ul>\n<p><span style=\"color: #009700;\"><strong><em>Recomendamos reservar al menos 2 d\u00edas antes<\/em><\/strong><\/span><\/p>\n<p>Jarr\u00f3n no incluido<\/p>\n","protected":false},"featured_media":18256,"comment_status":"open","ping_status":"closed","template":"","meta":[],"product_brand":[],"product_cat":[4329,4331,4317,4381,4362,4316,4342,4330,4327,4335,4332,4333,4363,4341,4338,4315,4334,4361,4358,4320,4326,4360,4397,4546,4351],"product_tag":[4548,4547,4550,4549],"class_list":{"0":"post-18255","1":"product","2":"type-product","3":"status-publish","4":"has-post-thumbnail","6":"product_cat-amigo","7":"product_cat-amor-y-el-romance","8":"product_cat-aniversario","9":"product_cat-boda","10":"product_cat-como-admirador-secreto","11":"product_cat-compleanno-es","12":"product_cat-decimoctavo-cumpleanos","13":"product_cat-dia-de-la-madre","14":"product_cat-dia-de-la-mujer","15":"product_cat-disculpa","16":"product_cat-es-una-nina","17":"product_cat-felicitaciones","18":"product_cat-flores-clasicas-y-romanticas","19":"product_cat-flores-de-primavera","20":"product_cat-flores-de-verano","21":"product_cat-flores-para-eventos","22":"product_cat-para-agradecer-a-alguien","23":"product_cat-para-la-esposa-o-la-novia","24":"product_cat-para-la-esposa-o-novia","25":"product_cat-para-la-hermana","26":"product_cat-para-mama","27":"product_cat-para-nuevas-revelaciones","28":"product_cat-para-parejas-gay","29":"product_cat-peonia-es","30":"product_cat-titulos","31":"product_tag-composicion-con-peonias","32":"product_tag-peonias","33":"product_tag-peonias-rosa","34":"product_tag-ramo-con-peonia","36":"first","37":"instock","38":"sale","39":"shipping-taxable","40":"purchasable","41":"product-type-simple"},"yoast_head":"<!-- This site is optimized with the Yoast SEO Premium plugin v27.5 (Yoast SEO v27.5) - https:\/\/yoast.com\/product\/yoast-seo-premium-wordpress\/ -->\n<title>Ramo de peon\u00edas rosas %%Sep% Floranixena flores a domicilio<\/title>\n<meta name=\"description\" content=\"Regala un ramo de peon\u00edas rosas para una boda, o una ocasi\u00f3n rom\u00e1ntica. Enviamos a domicilio para cualquier ocasi\u00f3n directamente donde quieras.\" \/>\n<meta name=\"robots\" content=\"index, follow, max-snippet:-1, max-image-preview:large, max-video-preview:-1\" \/>\n<link rel=\"canonical\" href=\"https:\/\/floranixena.it\/es\/producto\/ramo-de-peonias-rosas\/\" \/>\n<meta property=\"og:locale\" content=\"es_ES\" \/>\n<meta property=\"og:type\" content=\"article\" \/>\n<meta property=\"og:title\" content=\"Entrega Bouquet de Peon\u00edas a domicilio en toda ITALIA!\" \/>\n<meta property=\"og:description\" content=\"Regala una composici\u00f3n de peon\u00edas, brillantes y radiantes, para un cumplea\u00f1os, una ocasi\u00f3n rom\u00e1ntica o cualquier otro evento con entrega incluso en el d\u00eda dentro de las dos horas.\" \/>\n<meta property=\"og:url\" content=\"https:\/\/floranixena.it\/es\/producto\/ramo-de-peonias-rosas\/\" \/>\n<meta property=\"og:site_name\" content=\"FloraNixena - FloraNixena - Entrega de flores a domicilio\" \/>\n<meta property=\"article:publisher\" content=\"https:\/\/www.facebook.com\/FloraNixena\/\" \/>\n<meta property=\"article:modified_time\" content=\"2025-09-12T08:15:19+00:00\" \/>\n<meta property=\"og:image\" content=\"https:\/\/floranixena.it\/wp-content\/uploads\/2019\/05\/peonie.jpg\" \/>\n<meta name=\"twitter:card\" content=\"summary_large_image\" \/>\n<meta name=\"twitter:title\" content=\"Ramo de peon\u00edas rosas\" \/>\n<meta name=\"twitter:description\" content=\"10 Peon\u00edas rosa  Carta Kraft  Verde decorativo  Recomendamos reservar al menos 2 d\u00edas antes Jarr\u00f3n no incluido\" \/>\n<meta name=\"twitter:label1\" content=\"Tiempo de lectura\" \/>\n\t<meta name=\"twitter:data1\" content=\"1 minuto\" \/>\n<script type=\"application\/ld+json\" class=\"yoast-schema-graph\">{\"@context\":\"https:\\\/\\\/schema.org\",\"@graph\":[{\"@type\":\"WebPage\",\"@id\":\"https:\\\/\\\/floranixena.it\\\/es\\\/producto\\\/ramo-de-peonias-rosas\\\/\",\"url\":\"https:\\\/\\\/floranixena.it\\\/es\\\/producto\\\/ramo-de-peonias-rosas\\\/\",\"name\":\"Ramo de peon\u00edas rosas %%Sep% Floranixena flores a domicilio\",\"isPartOf\":{\"@id\":\"https:\\\/\\\/floranixena.it\\\/es\\\/#website\"},\"primaryImageOfPage\":{\"@id\":\"https:\\\/\\\/floranixena.it\\\/es\\\/producto\\\/ramo-de-peonias-rosas\\\/#primaryimage\"},\"image\":{\"@id\":\"https:\\\/\\\/floranixena.it\\\/es\\\/producto\\\/ramo-de-peonias-rosas\\\/#primaryimage\"},\"thumbnailUrl\":\"https:\\\/\\\/floranixena.it\\\/wp-content\\\/uploads\\\/2019\\\/05\\\/Mazzo-di-peonie-rosa-soft.-Regalo-del-fiori-piu-straordinario-sempre-un-mazzo-lussureggiante-di-peonie-rosa-soft-da-inviare-a-do.jpg\",\"datePublished\":\"2025-08-11T08:45:40+00:00\",\"dateModified\":\"2025-09-12T08:15:19+00:00\",\"description\":\"Regala un ramo de peon\u00edas rosas para una boda, o una ocasi\u00f3n rom\u00e1ntica. Enviamos a domicilio para cualquier ocasi\u00f3n directamente donde quieras.\",\"breadcrumb\":{\"@id\":\"https:\\\/\\\/floranixena.it\\\/es\\\/producto\\\/ramo-de-peonias-rosas\\\/#breadcrumb\"},\"inLanguage\":\"es\",\"potentialAction\":[{\"@type\":\"ReadAction\",\"target\":[\"https:\\\/\\\/floranixena.it\\\/es\\\/producto\\\/ramo-de-peonias-rosas\\\/\"]}]},{\"@type\":\"ImageObject\",\"inLanguage\":\"es\",\"@id\":\"https:\\\/\\\/floranixena.it\\\/es\\\/producto\\\/ramo-de-peonias-rosas\\\/#primaryimage\",\"url\":\"https:\\\/\\\/floranixena.it\\\/wp-content\\\/uploads\\\/2019\\\/05\\\/Mazzo-di-peonie-rosa-soft.-Regalo-del-fiori-piu-straordinario-sempre-un-mazzo-lussureggiante-di-peonie-rosa-soft-da-inviare-a-do.jpg\",\"contentUrl\":\"https:\\\/\\\/floranixena.it\\\/wp-content\\\/uploads\\\/2019\\\/05\\\/Mazzo-di-peonie-rosa-soft.-Regalo-del-fiori-piu-straordinario-sempre-un-mazzo-lussureggiante-di-peonie-rosa-soft-da-inviare-a-do.jpg\",\"width\":800,\"height\":800,\"caption\":\"Bouquet con peonie rosa pallido, perfetto per esprimere dolcezza e raffinatezza in ogni occasione. Consegna a domicilio in tutta Italia.\"},{\"@type\":\"BreadcrumbList\",\"@id\":\"https:\\\/\\\/floranixena.it\\\/es\\\/producto\\\/ramo-de-peonias-rosas\\\/#breadcrumb\",\"itemListElement\":[{\"@type\":\"ListItem\",\"position\":1,\"name\":\"Home\",\"item\":\"https:\\\/\\\/floranixena.it\\\/es\\\/\"},{\"@type\":\"ListItem\",\"position\":2,\"name\":\"tienda\",\"item\":\"https:\\\/\\\/floranixena.it\\\/es\\\/tienda\\\/\"},{\"@type\":\"ListItem\",\"position\":3,\"name\":\"Ramo de peon\u00edas rosas\"}]},{\"@type\":\"WebSite\",\"@id\":\"https:\\\/\\\/floranixena.it\\\/es\\\/#website\",\"url\":\"https:\\\/\\\/floranixena.it\\\/es\\\/\",\"name\":\"FloraNixena - Consegna fiori a domicilio in Italia\",\"description\":\"Invia fiori che raccontano storie\",\"publisher\":{\"@id\":\"https:\\\/\\\/floranixena.it\\\/es\\\/#organization\"},\"alternateName\":\"FloraNixena.it\",\"potentialAction\":[{\"@type\":\"SearchAction\",\"target\":{\"@type\":\"EntryPoint\",\"urlTemplate\":\"https:\\\/\\\/floranixena.it\\\/es\\\/?s={search_term_string}\"},\"query-input\":{\"@type\":\"PropertyValueSpecification\",\"valueRequired\":true,\"valueName\":\"search_term_string\"}}],\"inLanguage\":\"es\"},{\"@type\":\"Organization\",\"@id\":\"https:\\\/\\\/floranixena.it\\\/es\\\/#organization\",\"name\":\"FloraNixena.it - Consegna mazzi di fiori, bouquet e piante a domicilio\",\"url\":\"https:\\\/\\\/floranixena.it\\\/es\\\/\",\"logo\":{\"@type\":\"ImageObject\",\"inLanguage\":\"es\",\"@id\":\"https:\\\/\\\/floranixena.it\\\/es\\\/#\\\/schema\\\/logo\\\/image\\\/\",\"url\":\"https:\\\/\\\/floranixena.it\\\/wp-content\\\/uploads\\\/2018\\\/11\\\/logo-fucsia.png\",\"contentUrl\":\"https:\\\/\\\/floranixena.it\\\/wp-content\\\/uploads\\\/2018\\\/11\\\/logo-fucsia.png\",\"width\":315,\"height\":81,\"caption\":\"FloraNixena.it - Consegna mazzi di fiori, bouquet e piante a domicilio\"},\"image\":{\"@id\":\"https:\\\/\\\/floranixena.it\\\/es\\\/#\\\/schema\\\/logo\\\/image\\\/\"},\"sameAs\":[\"https:\\\/\\\/www.facebook.com\\\/FloraNixena\\\/\",\"https:\\\/\\\/www.instagram.com\\\/floranixena.it\\\/\",\"https:\\\/\\\/www.youtube.com\\\/channel\\\/UCAfCWXMBezO96jgPjiUgpkA\"],\"description\":\"Chi Siamo? FloraNixena \u00e8 il partner di fiducia per la consegna di fiori freschi a domicilio. Con anni di esperienza nel settore floreale, siamo dedicati a portare la bellezza e la freschezza dei fiori direttamente alla vostra porta. La Nostra Missione La nostra missione \u00e8 trasformare ogni occasione in un momento speciale attraverso la magia dei fiori. Crediamo che un bouquet possa dire pi\u00f9 di mille parole e lavoriamo instancabilmente per assicurarci che ogni consegna porti gioia, amore e bellezza. Cosa Offriamo? Fiori Freschi: Collaboriamo con i migliori fornitori locali per garantire che i nostri fiori siano sempre freschi e di alta qualit\u00e0. Consegna Rapida e Puntuale: Offriamo un servizio di consegna rapido e affidabile, con la possibilit\u00e0 di scegliere la fascia oraria che pi\u00f9 vi conviene. Ampia Selezione: Dalle rose classiche ai bouquet personalizzati, abbiamo una vasta gamma di opzioni per soddisfare ogni gusto e occasione. Assistenza Clienti: Il nostro team \u00e8 sempre a disposizione per assistervi nella scelta del bouquet perfetto e per garantire un'esperienza di acquisto senza intoppi. Perch\u00e9 Sceglierci? Qualit\u00e0 Garantita: Ogni bouquet \u00e8 realizzato con cura dai nostri esperti fioristi, garantendo che ogni composizione sia un'opera d'arte. Servizio Personalizzato: Che sia per un anniversario, un compleanno, una celebrazione o un momento di condoglianza, personalizziamo ogni ordine per rispondere alle vostre esigenze specifiche. Soddisfazione del Cliente: La vostra soddisfazione \u00e8 la nostra priorit\u00e0 assoluta. Facciamo tutto il possibile per assicurarci che ogni consegna superi le vostre aspettative.\",\"email\":\"amministrazione@floranixena.it\",\"telephone\":\"3806342394\",\"legalName\":\"Gaetano Votadoro\"}]}<\/script>\n<!-- \/ Yoast SEO Premium plugin. -->","yoast_head_json":{"title":"Ramo de peon\u00edas rosas %%Sep% Floranixena flores a domicilio","description":"Regala un ramo de peon\u00edas rosas para una boda, o una ocasi\u00f3n rom\u00e1ntica. Enviamos a domicilio para cualquier ocasi\u00f3n directamente donde quieras.","robots":{"index":"index","follow":"follow","max-snippet":"max-snippet:-1","max-image-preview":"max-image-preview:large","max-video-preview":"max-video-preview:-1"},"canonical":"https:\/\/floranixena.it\/es\/producto\/ramo-de-peonias-rosas\/","og_locale":"es_ES","og_type":"article","og_title":"Entrega Bouquet de Peon\u00edas a domicilio en toda ITALIA!","og_description":"Regala una composici\u00f3n de peon\u00edas, brillantes y radiantes, para un cumplea\u00f1os, una ocasi\u00f3n rom\u00e1ntica o cualquier otro evento con entrega incluso en el d\u00eda dentro de las dos horas.","og_url":"https:\/\/floranixena.it\/es\/producto\/ramo-de-peonias-rosas\/","og_site_name":"FloraNixena - FloraNixena - Entrega de flores a domicilio","article_publisher":"https:\/\/www.facebook.com\/FloraNixena\/","article_modified_time":"2025-09-12T08:15:19+00:00","og_image":[{"url":"https:\/\/floranixena.it\/wp-content\/uploads\/2019\/05\/peonie.jpg","type":"","width":"","height":""}],"twitter_card":"summary_large_image","twitter_title":"Ramo de peon\u00edas rosas","twitter_description":"10 Peon\u00edas rosa  Carta Kraft  Verde decorativo  Recomendamos reservar al menos 2 d\u00edas antes Jarr\u00f3n no incluido","twitter_misc":{"Tiempo de lectura":"1 minuto"},"schema":{"@context":"https:\/\/schema.org","@graph":[{"@type":"WebPage","@id":"https:\/\/floranixena.it\/es\/producto\/ramo-de-peonias-rosas\/","url":"https:\/\/floranixena.it\/es\/producto\/ramo-de-peonias-rosas\/","name":"Ramo de peon\u00edas rosas %%Sep% Floranixena flores a domicilio","isPartOf":{"@id":"https:\/\/floranixena.it\/es\/#website"},"primaryImageOfPage":{"@id":"https:\/\/floranixena.it\/es\/producto\/ramo-de-peonias-rosas\/#primaryimage"},"image":{"@id":"https:\/\/floranixena.it\/es\/producto\/ramo-de-peonias-rosas\/#primaryimage"},"thumbnailUrl":"https:\/\/floranixena.it\/wp-content\/uploads\/2019\/05\/Mazzo-di-peonie-rosa-soft.-Regalo-del-fiori-piu-straordinario-sempre-un-mazzo-lussureggiante-di-peonie-rosa-soft-da-inviare-a-do.jpg","datePublished":"2025-08-11T08:45:40+00:00","dateModified":"2025-09-12T08:15:19+00:00","description":"Regala un ramo de peon\u00edas rosas para una boda, o una ocasi\u00f3n rom\u00e1ntica. Enviamos a domicilio para cualquier ocasi\u00f3n directamente donde quieras.","breadcrumb":{"@id":"https:\/\/floranixena.it\/es\/producto\/ramo-de-peonias-rosas\/#breadcrumb"},"inLanguage":"es","potentialAction":[{"@type":"ReadAction","target":["https:\/\/floranixena.it\/es\/producto\/ramo-de-peonias-rosas\/"]}]},{"@type":"ImageObject","inLanguage":"es","@id":"https:\/\/floranixena.it\/es\/producto\/ramo-de-peonias-rosas\/#primaryimage","url":"https:\/\/floranixena.it\/wp-content\/uploads\/2019\/05\/Mazzo-di-peonie-rosa-soft.-Regalo-del-fiori-piu-straordinario-sempre-un-mazzo-lussureggiante-di-peonie-rosa-soft-da-inviare-a-do.jpg","contentUrl":"https:\/\/floranixena.it\/wp-content\/uploads\/2019\/05\/Mazzo-di-peonie-rosa-soft.-Regalo-del-fiori-piu-straordinario-sempre-un-mazzo-lussureggiante-di-peonie-rosa-soft-da-inviare-a-do.jpg","width":800,"height":800,"caption":"Bouquet con peonie rosa pallido, perfetto per esprimere dolcezza e raffinatezza in ogni occasione. Consegna a domicilio in tutta Italia."},{"@type":"BreadcrumbList","@id":"https:\/\/floranixena.it\/es\/producto\/ramo-de-peonias-rosas\/#breadcrumb","itemListElement":[{"@type":"ListItem","position":1,"name":"Home","item":"https:\/\/floranixena.it\/es\/"},{"@type":"ListItem","position":2,"name":"tienda","item":"https:\/\/floranixena.it\/es\/tienda\/"},{"@type":"ListItem","position":3,"name":"Ramo de peon\u00edas rosas"}]},{"@type":"WebSite","@id":"https:\/\/floranixena.it\/es\/#website","url":"https:\/\/floranixena.it\/es\/","name":"FloraNixena - Consegna fiori a domicilio in Italia","description":"Invia fiori che raccontano storie","publisher":{"@id":"https:\/\/floranixena.it\/es\/#organization"},"alternateName":"FloraNixena.it","potentialAction":[{"@type":"SearchAction","target":{"@type":"EntryPoint","urlTemplate":"https:\/\/floranixena.it\/es\/?s={search_term_string}"},"query-input":{"@type":"PropertyValueSpecification","valueRequired":true,"valueName":"search_term_string"}}],"inLanguage":"es"},{"@type":"Organization","@id":"https:\/\/floranixena.it\/es\/#organization","name":"FloraNixena.it - Consegna mazzi di fiori, bouquet e piante a domicilio","url":"https:\/\/floranixena.it\/es\/","logo":{"@type":"ImageObject","inLanguage":"es","@id":"https:\/\/floranixena.it\/es\/#\/schema\/logo\/image\/","url":"https:\/\/floranixena.it\/wp-content\/uploads\/2018\/11\/logo-fucsia.png","contentUrl":"https:\/\/floranixena.it\/wp-content\/uploads\/2018\/11\/logo-fucsia.png","width":315,"height":81,"caption":"FloraNixena.it - Consegna mazzi di fiori, bouquet e piante a domicilio"},"image":{"@id":"https:\/\/floranixena.it\/es\/#\/schema\/logo\/image\/"},"sameAs":["https:\/\/www.facebook.com\/FloraNixena\/","https:\/\/www.instagram.com\/floranixena.it\/","https:\/\/www.youtube.com\/channel\/UCAfCWXMBezO96jgPjiUgpkA"],"description":"Chi Siamo? FloraNixena \u00e8 il partner di fiducia per la consegna di fiori freschi a domicilio. Con anni di esperienza nel settore floreale, siamo dedicati a portare la bellezza e la freschezza dei fiori direttamente alla vostra porta. La Nostra Missione La nostra missione \u00e8 trasformare ogni occasione in un momento speciale attraverso la magia dei fiori. Crediamo che un bouquet possa dire pi\u00f9 di mille parole e lavoriamo instancabilmente per assicurarci che ogni consegna porti gioia, amore e bellezza. Cosa Offriamo? Fiori Freschi: Collaboriamo con i migliori fornitori locali per garantire che i nostri fiori siano sempre freschi e di alta qualit\u00e0. Consegna Rapida e Puntuale: Offriamo un servizio di consegna rapido e affidabile, con la possibilit\u00e0 di scegliere la fascia oraria che pi\u00f9 vi conviene. Ampia Selezione: Dalle rose classiche ai bouquet personalizzati, abbiamo una vasta gamma di opzioni per soddisfare ogni gusto e occasione. Assistenza Clienti: Il nostro team \u00e8 sempre a disposizione per assistervi nella scelta del bouquet perfetto e per garantire un'esperienza di acquisto senza intoppi. Perch\u00e9 Sceglierci? Qualit\u00e0 Garantita: Ogni bouquet \u00e8 realizzato con cura dai nostri esperti fioristi, garantendo che ogni composizione sia un'opera d'arte. Servizio Personalizzato: Che sia per un anniversario, un compleanno, una celebrazione o un momento di condoglianza, personalizziamo ogni ordine per rispondere alle vostre esigenze specifiche. Soddisfazione del Cliente: La vostra soddisfazione \u00e8 la nostra priorit\u00e0 assoluta. Facciamo tutto il possibile per assicurarci che ogni consegna superi le vostre aspettative.","email":"amministrazione@floranixena.it","telephone":"3806342394","legalName":"Gaetano Votadoro"}]}},"_links":{"self":[{"href":"https:\/\/floranixena.it\/es\/wp-json\/wp\/v2\/product\/18255","targetHints":{"allow":["GET"]}}],"collection":[{"href":"https:\/\/floranixena.it\/es\/wp-json\/wp\/v2\/product"}],"about":[{"href":"https:\/\/floranixena.it\/es\/wp-json\/wp\/v2\/types\/product"}],"replies":[{"embeddable":true,"href":"https:\/\/floranixena.it\/es\/wp-json\/wp\/v2\/comments?post=18255"}],"wp:featuredmedia":[{"embeddable":true,"href":"https:\/\/floranixena.it\/es\/wp-json\/wp\/v2\/media\/18256"}],"wp:attachment":[{"href":"https:\/\/floranixena.it\/es\/wp-json\/wp\/v2\/media?parent=18255"}],"wp:term":[{"taxonomy":"product_brand","embeddable":true,"href":"https:\/\/floranixena.it\/es\/wp-json\/wp\/v2\/product_brand?post=18255"},{"taxonomy":"product_cat","embeddable":true,"href":"https:\/\/floranixena.it\/es\/wp-json\/wp\/v2\/product_cat?post=18255"},{"taxonomy":"product_tag","embeddable":true,"href":"https:\/\/floranixena.it\/es\/wp-json\/wp\/v2\/product_tag?post=18255"}],"curies":[{"name":"wp","href":"https:\/\/api.w.org\/{rel}","templated":true}]}}