{"id":18237,"date":"2025-08-12T10:40:37","date_gmt":"2025-08-12T08:40:37","guid":{"rendered":"https:\/\/floranixena.it\/product\/ficus-benjamin-planta\/"},"modified":"2025-08-12T10:40:37","modified_gmt":"2025-08-12T08:40:37","slug":"ficus-benjamin-planta","status":"publish","type":"product","link":"https:\/\/floranixena.it\/es\/producto\/ficus-benjamin-planta\/","title":{"rendered":"Ficus Benjamin &#8211; Planta"},"content":{"rendered":"<h1>Regalar un <strong>Ficus Benjamin<\/strong><\/h1>\n<p>para la inauguraci\u00f3n de un local es una buena idea! Es una <strong><a href=\"https:\/\/floranixena.it\/es\/catalog\/plantas\/\" target=\"_blank\" rel=\"noopener\">planta <\/a><\/strong>vers\u00e1til y apreciada, adecuada para una variedad de ambientes y f\u00e1cil de cuidar. <\/p>\n<p>Cuando se trata de <a href=\"https:\/\/floranixena.it\/es\/prodotto\/planta-ficus-lyrata\/\" target=\"_blank\" rel=\"noopener\"><strong>plantas de interior <\/strong><\/a>y tendencias actuales, el Ficus Benjamin con hojas de viol\u00edn es sin duda una opci\u00f3n popular. Su elegante forma de \u00e1rbol y sus delicadas hojas lo convierten en una encantadora adici\u00f3n a cualquier <a href=\"https:\/\/floranixena.it\/es\/catalog\/plantas\/plantas-de-interior\/\" target=\"_blank\" rel=\"noopener\"><strong>espacio interior<\/strong><\/a>. Adem\u00e1s, es conocido por ser eficaz para mejorar la calidad del aire en los ambientes donde se coloca, contribuyendo a crear un ambiente m\u00e1s saludable y agradable.  <\/p>\n<p>Al elegir una<a href=\"https:\/\/floranixena.it\/es\/prodotto\/planta-ficus-lyrata\/\"> planta de interior <\/a>como <strong><a href=\"https:\/\/floranixena.it\/es\/catalog\/jarrones-y-regalos\/regalos\/\" target=\"_blank\" rel=\"noopener\">regalo<\/a><\/strong>, es importante considerar tambi\u00e9n el tama\u00f1o y el estilo del entorno en el que se colocar\u00e1. Disponible en varios tama\u00f1os, por lo que puede encontrar la versi\u00f3n m\u00e1s adecuada para las necesidades del receptor y el espacio disponible en el local. <\/p>\n<p>Adem\u00e1s, el <strong>Ficus Benjamin<\/strong> es una<a href=\"https:\/\/floranixena.it\/es\/producto\/helecho-de-boston-planta\/\"> planta bastante f\u00e1cil de mantener,<\/a> requiriendo una luz indirecta brillante y un riego regular. Es importante evitar que se acumule agua en el platillo y proteger la planta de las corrientes de aire fr\u00edo. <\/p>\n<p>En general, es una opci\u00f3n de regalo vers\u00e1til, elegante y apreciada para inauguraciones de locales como oficinas, pizzer\u00edas, restaurantes y como signo de <a href=\"https:\/\/floranixena.it\/es\/catalog\/para-agradecer-a-alguien\/\" target=\"_blank\" rel=\"noopener\"><strong>agradecimiento<\/strong><\/a>.<\/p>\n","protected":false},"excerpt":{"rendered":"<ul>\n<li>Planta Ficus Benjamin (de apartamento u oficina)<\/li>\n<li>Tama\u00f1o: 120cm c.ca<\/li>\n<\/ul>\n<p>Jarr\u00f3n de cer\u00e1mica no incluido (pero pl\u00e1stico)<\/p>\n<p><span style=\"color: #339966;\"><strong>En este producto el env\u00edo es gratuito<\/strong><\/span><\/p>\n<div id=\"gtx-trans\" style=\"position: absolute; left: 98px; top: 95.8px;\">\n<div class=\"gtx-trans-icon\"><\/div>\n<\/div>\n","protected":false},"featured_media":18238,"comment_status":"open","ping_status":"closed","template":"","meta":[],"product_brand":[],"product_cat":[4329,4330,4327,4333,4328,4318,4334,4320,4321,4323,4324,4325,4322,4403,4449],"product_tag":[4525,4526,4406,4405],"class_list":{"0":"post-18237","1":"product","2":"type-product","3":"status-publish","4":"has-post-thumbnail","6":"product_cat-amigo","7":"product_cat-dia-de-la-madre","8":"product_cat-dia-de-la-mujer","9":"product_cat-felicitaciones","10":"product_cat-onomastico-es","11":"product_cat-oportunidad","12":"product_cat-para-agradecer-a-alguien","13":"product_cat-para-la-hermana","14":"product_cat-para-los-abuelos","15":"product_cat-para-los-tios","16":"product_cat-para-un-amigo","17":"product_cat-para-un-colega","18":"product_cat-para-un-hombre","19":"product_cat-plantas","20":"product_cat-plantas-de-exterior","21":"product_tag-entrega-de-plantas-a-domicilio","22":"product_tag-planta-de-exterior","23":"product_tag-planta-de-interior","24":"product_tag-planta-de-oficina","26":"first","27":"instock","28":"sale","29":"shipping-taxable","30":"purchasable","31":"product-type-simple"},"yoast_head":"<!-- This site is optimized with the Yoast SEO Premium plugin v27.5 (Yoast SEO v27.5) - https:\/\/yoast.com\/product\/yoast-seo-premium-wordpress\/ -->\n<title>Ficus Benjamina - FloraNixena - FloraNixena - Entrega de flores a domicilio<\/title>\n<meta name=\"description\" content=\"&quot;El regalo perfecto para inauguraciones: Ficus Benjamina. A\u00f1ade elegancia y frescura a los ambientes interiores. \u00a1C\u00f3mpralo ahora!&quot;\" \/>\n<meta name=\"robots\" content=\"index, follow, max-snippet:-1, max-image-preview:large, max-video-preview:-1\" \/>\n<link rel=\"canonical\" href=\"https:\/\/floranixena.it\/es\/producto\/ficus-benjamin-planta\/\" \/>\n<meta property=\"og:locale\" content=\"es_ES\" \/>\n<meta property=\"og:type\" content=\"article\" \/>\n<meta property=\"og:title\" content=\"Ficus Benjamin - Planta\" \/>\n<meta property=\"og:description\" content=\"Planta Ficus Benjamin (de apartamento u oficina)  Tama\u00f1o: 120cm c.ca Jarr\u00f3n de cer\u00e1mica no incluido (pero pl\u00e1stico) En este producto el env\u00edo es gratuito\" \/>\n<meta property=\"og:url\" content=\"https:\/\/floranixena.it\/es\/producto\/ficus-benjamin-planta\/\" \/>\n<meta property=\"og:site_name\" content=\"FloraNixena - FloraNixena - Entrega de flores a domicilio\" \/>\n<meta property=\"article:publisher\" content=\"https:\/\/www.facebook.com\/FloraNixena\/\" \/>\n<meta property=\"og:image\" content=\"https:\/\/floranixena.it\/wp-content\/uploads\/2019\/09\/ficus-benjamin.webp\" \/>\n\t<meta property=\"og:image:width\" content=\"800\" \/>\n\t<meta property=\"og:image:height\" content=\"800\" \/>\n\t<meta property=\"og:image:type\" content=\"image\/webp\" \/>\n<meta name=\"twitter:card\" content=\"summary_large_image\" \/>\n<meta name=\"twitter:label1\" content=\"Tiempo de lectura\" \/>\n\t<meta name=\"twitter:data1\" content=\"1 minuto\" \/>\n<script type=\"application\/ld+json\" class=\"yoast-schema-graph\">{\"@context\":\"https:\\\/\\\/schema.org\",\"@graph\":[{\"@type\":\"WebPage\",\"@id\":\"https:\\\/\\\/floranixena.it\\\/es\\\/producto\\\/ficus-benjamin-planta\\\/\",\"url\":\"https:\\\/\\\/floranixena.it\\\/es\\\/producto\\\/ficus-benjamin-planta\\\/\",\"name\":\"Ficus Benjamina - FloraNixena - FloraNixena - Entrega de flores a domicilio\",\"isPartOf\":{\"@id\":\"https:\\\/\\\/floranixena.it\\\/es\\\/#website\"},\"primaryImageOfPage\":{\"@id\":\"https:\\\/\\\/floranixena.it\\\/es\\\/producto\\\/ficus-benjamin-planta\\\/#primaryimage\"},\"image\":{\"@id\":\"https:\\\/\\\/floranixena.it\\\/es\\\/producto\\\/ficus-benjamin-planta\\\/#primaryimage\"},\"thumbnailUrl\":\"https:\\\/\\\/floranixena.it\\\/wp-content\\\/uploads\\\/2019\\\/09\\\/ficus-benjamin.webp\",\"datePublished\":\"2025-08-12T08:40:37+00:00\",\"description\":\"\\\"El regalo perfecto para inauguraciones: Ficus Benjamina. A\u00f1ade elegancia y frescura a los ambientes interiores. \u00a1C\u00f3mpralo ahora!\\\"\",\"breadcrumb\":{\"@id\":\"https:\\\/\\\/floranixena.it\\\/es\\\/producto\\\/ficus-benjamin-planta\\\/#breadcrumb\"},\"inLanguage\":\"es\",\"potentialAction\":[{\"@type\":\"ReadAction\",\"target\":[\"https:\\\/\\\/floranixena.it\\\/es\\\/producto\\\/ficus-benjamin-planta\\\/\"]}]},{\"@type\":\"ImageObject\",\"inLanguage\":\"es\",\"@id\":\"https:\\\/\\\/floranixena.it\\\/es\\\/producto\\\/ficus-benjamin-planta\\\/#primaryimage\",\"url\":\"https:\\\/\\\/floranixena.it\\\/wp-content\\\/uploads\\\/2019\\\/09\\\/ficus-benjamin.webp\",\"contentUrl\":\"https:\\\/\\\/floranixena.it\\\/wp-content\\\/uploads\\\/2019\\\/09\\\/ficus-benjamin.webp\",\"width\":800,\"height\":800,\"caption\":\"Ficus benjamina con foglie verdi lucide e tronco intrecciato in vaso verde chiaro, su sfondo bianco.\"},{\"@type\":\"BreadcrumbList\",\"@id\":\"https:\\\/\\\/floranixena.it\\\/es\\\/producto\\\/ficus-benjamin-planta\\\/#breadcrumb\",\"itemListElement\":[{\"@type\":\"ListItem\",\"position\":1,\"name\":\"Home\",\"item\":\"https:\\\/\\\/floranixena.it\\\/es\\\/\"},{\"@type\":\"ListItem\",\"position\":2,\"name\":\"tienda\",\"item\":\"https:\\\/\\\/floranixena.it\\\/es\\\/tienda\\\/\"},{\"@type\":\"ListItem\",\"position\":3,\"name\":\"Ficus Benjamin &#8211; Planta\"}]},{\"@type\":\"WebSite\",\"@id\":\"https:\\\/\\\/floranixena.it\\\/es\\\/#website\",\"url\":\"https:\\\/\\\/floranixena.it\\\/es\\\/\",\"name\":\"FloraNixena - Consegna fiori a domicilio in Italia\",\"description\":\"Invia fiori che raccontano storie\",\"publisher\":{\"@id\":\"https:\\\/\\\/floranixena.it\\\/es\\\/#organization\"},\"alternateName\":\"FloraNixena.it\",\"potentialAction\":[{\"@type\":\"SearchAction\",\"target\":{\"@type\":\"EntryPoint\",\"urlTemplate\":\"https:\\\/\\\/floranixena.it\\\/es\\\/?s={search_term_string}\"},\"query-input\":{\"@type\":\"PropertyValueSpecification\",\"valueRequired\":true,\"valueName\":\"search_term_string\"}}],\"inLanguage\":\"es\"},{\"@type\":\"Organization\",\"@id\":\"https:\\\/\\\/floranixena.it\\\/es\\\/#organization\",\"name\":\"FloraNixena.it - Consegna mazzi di fiori, bouquet e piante a domicilio\",\"url\":\"https:\\\/\\\/floranixena.it\\\/es\\\/\",\"logo\":{\"@type\":\"ImageObject\",\"inLanguage\":\"es\",\"@id\":\"https:\\\/\\\/floranixena.it\\\/es\\\/#\\\/schema\\\/logo\\\/image\\\/\",\"url\":\"https:\\\/\\\/floranixena.it\\\/wp-content\\\/uploads\\\/2018\\\/11\\\/logo-fucsia.png\",\"contentUrl\":\"https:\\\/\\\/floranixena.it\\\/wp-content\\\/uploads\\\/2018\\\/11\\\/logo-fucsia.png\",\"width\":315,\"height\":81,\"caption\":\"FloraNixena.it - Consegna mazzi di fiori, bouquet e piante a domicilio\"},\"image\":{\"@id\":\"https:\\\/\\\/floranixena.it\\\/es\\\/#\\\/schema\\\/logo\\\/image\\\/\"},\"sameAs\":[\"https:\\\/\\\/www.facebook.com\\\/FloraNixena\\\/\",\"https:\\\/\\\/www.instagram.com\\\/floranixena.it\\\/\",\"https:\\\/\\\/www.youtube.com\\\/channel\\\/UCAfCWXMBezO96jgPjiUgpkA\"],\"description\":\"Chi Siamo? FloraNixena \u00e8 il partner di fiducia per la consegna di fiori freschi a domicilio. Con anni di esperienza nel settore floreale, siamo dedicati a portare la bellezza e la freschezza dei fiori direttamente alla vostra porta. La Nostra Missione La nostra missione \u00e8 trasformare ogni occasione in un momento speciale attraverso la magia dei fiori. Crediamo che un bouquet possa dire pi\u00f9 di mille parole e lavoriamo instancabilmente per assicurarci che ogni consegna porti gioia, amore e bellezza. Cosa Offriamo? Fiori Freschi: Collaboriamo con i migliori fornitori locali per garantire che i nostri fiori siano sempre freschi e di alta qualit\u00e0. Consegna Rapida e Puntuale: Offriamo un servizio di consegna rapido e affidabile, con la possibilit\u00e0 di scegliere la fascia oraria che pi\u00f9 vi conviene. Ampia Selezione: Dalle rose classiche ai bouquet personalizzati, abbiamo una vasta gamma di opzioni per soddisfare ogni gusto e occasione. Assistenza Clienti: Il nostro team \u00e8 sempre a disposizione per assistervi nella scelta del bouquet perfetto e per garantire un'esperienza di acquisto senza intoppi. Perch\u00e9 Sceglierci? Qualit\u00e0 Garantita: Ogni bouquet \u00e8 realizzato con cura dai nostri esperti fioristi, garantendo che ogni composizione sia un'opera d'arte. Servizio Personalizzato: Che sia per un anniversario, un compleanno, una celebrazione o un momento di condoglianza, personalizziamo ogni ordine per rispondere alle vostre esigenze specifiche. Soddisfazione del Cliente: La vostra soddisfazione \u00e8 la nostra priorit\u00e0 assoluta. Facciamo tutto il possibile per assicurarci che ogni consegna superi le vostre aspettative.\",\"email\":\"amministrazione@floranixena.it\",\"telephone\":\"3806342394\",\"legalName\":\"Gaetano Votadoro\"}]}<\/script>\n<!-- \/ Yoast SEO Premium plugin. -->","yoast_head_json":{"title":"Ficus Benjamina - FloraNixena - FloraNixena - Entrega de flores a domicilio","description":"\"El regalo perfecto para inauguraciones: Ficus Benjamina. A\u00f1ade elegancia y frescura a los ambientes interiores. \u00a1C\u00f3mpralo ahora!\"","robots":{"index":"index","follow":"follow","max-snippet":"max-snippet:-1","max-image-preview":"max-image-preview:large","max-video-preview":"max-video-preview:-1"},"canonical":"https:\/\/floranixena.it\/es\/producto\/ficus-benjamin-planta\/","og_locale":"es_ES","og_type":"article","og_title":"Ficus Benjamin - Planta","og_description":"Planta Ficus Benjamin (de apartamento u oficina)  Tama\u00f1o: 120cm c.ca Jarr\u00f3n de cer\u00e1mica no incluido (pero pl\u00e1stico) En este producto el env\u00edo es gratuito","og_url":"https:\/\/floranixena.it\/es\/producto\/ficus-benjamin-planta\/","og_site_name":"FloraNixena - FloraNixena - Entrega de flores a domicilio","article_publisher":"https:\/\/www.facebook.com\/FloraNixena\/","og_image":[{"width":800,"height":800,"url":"https:\/\/floranixena.it\/wp-content\/uploads\/2019\/09\/ficus-benjamin.webp","type":"image\/webp"}],"twitter_card":"summary_large_image","twitter_misc":{"Tiempo de lectura":"1 minuto"},"schema":{"@context":"https:\/\/schema.org","@graph":[{"@type":"WebPage","@id":"https:\/\/floranixena.it\/es\/producto\/ficus-benjamin-planta\/","url":"https:\/\/floranixena.it\/es\/producto\/ficus-benjamin-planta\/","name":"Ficus Benjamina - FloraNixena - FloraNixena - Entrega de flores a domicilio","isPartOf":{"@id":"https:\/\/floranixena.it\/es\/#website"},"primaryImageOfPage":{"@id":"https:\/\/floranixena.it\/es\/producto\/ficus-benjamin-planta\/#primaryimage"},"image":{"@id":"https:\/\/floranixena.it\/es\/producto\/ficus-benjamin-planta\/#primaryimage"},"thumbnailUrl":"https:\/\/floranixena.it\/wp-content\/uploads\/2019\/09\/ficus-benjamin.webp","datePublished":"2025-08-12T08:40:37+00:00","description":"\"El regalo perfecto para inauguraciones: Ficus Benjamina. A\u00f1ade elegancia y frescura a los ambientes interiores. \u00a1C\u00f3mpralo ahora!\"","breadcrumb":{"@id":"https:\/\/floranixena.it\/es\/producto\/ficus-benjamin-planta\/#breadcrumb"},"inLanguage":"es","potentialAction":[{"@type":"ReadAction","target":["https:\/\/floranixena.it\/es\/producto\/ficus-benjamin-planta\/"]}]},{"@type":"ImageObject","inLanguage":"es","@id":"https:\/\/floranixena.it\/es\/producto\/ficus-benjamin-planta\/#primaryimage","url":"https:\/\/floranixena.it\/wp-content\/uploads\/2019\/09\/ficus-benjamin.webp","contentUrl":"https:\/\/floranixena.it\/wp-content\/uploads\/2019\/09\/ficus-benjamin.webp","width":800,"height":800,"caption":"Ficus benjamina con foglie verdi lucide e tronco intrecciato in vaso verde chiaro, su sfondo bianco."},{"@type":"BreadcrumbList","@id":"https:\/\/floranixena.it\/es\/producto\/ficus-benjamin-planta\/#breadcrumb","itemListElement":[{"@type":"ListItem","position":1,"name":"Home","item":"https:\/\/floranixena.it\/es\/"},{"@type":"ListItem","position":2,"name":"tienda","item":"https:\/\/floranixena.it\/es\/tienda\/"},{"@type":"ListItem","position":3,"name":"Ficus Benjamin &#8211; Planta"}]},{"@type":"WebSite","@id":"https:\/\/floranixena.it\/es\/#website","url":"https:\/\/floranixena.it\/es\/","name":"FloraNixena - Consegna fiori a domicilio in Italia","description":"Invia fiori che raccontano storie","publisher":{"@id":"https:\/\/floranixena.it\/es\/#organization"},"alternateName":"FloraNixena.it","potentialAction":[{"@type":"SearchAction","target":{"@type":"EntryPoint","urlTemplate":"https:\/\/floranixena.it\/es\/?s={search_term_string}"},"query-input":{"@type":"PropertyValueSpecification","valueRequired":true,"valueName":"search_term_string"}}],"inLanguage":"es"},{"@type":"Organization","@id":"https:\/\/floranixena.it\/es\/#organization","name":"FloraNixena.it - Consegna mazzi di fiori, bouquet e piante a domicilio","url":"https:\/\/floranixena.it\/es\/","logo":{"@type":"ImageObject","inLanguage":"es","@id":"https:\/\/floranixena.it\/es\/#\/schema\/logo\/image\/","url":"https:\/\/floranixena.it\/wp-content\/uploads\/2018\/11\/logo-fucsia.png","contentUrl":"https:\/\/floranixena.it\/wp-content\/uploads\/2018\/11\/logo-fucsia.png","width":315,"height":81,"caption":"FloraNixena.it - Consegna mazzi di fiori, bouquet e piante a domicilio"},"image":{"@id":"https:\/\/floranixena.it\/es\/#\/schema\/logo\/image\/"},"sameAs":["https:\/\/www.facebook.com\/FloraNixena\/","https:\/\/www.instagram.com\/floranixena.it\/","https:\/\/www.youtube.com\/channel\/UCAfCWXMBezO96jgPjiUgpkA"],"description":"Chi Siamo? FloraNixena \u00e8 il partner di fiducia per la consegna di fiori freschi a domicilio. Con anni di esperienza nel settore floreale, siamo dedicati a portare la bellezza e la freschezza dei fiori direttamente alla vostra porta. La Nostra Missione La nostra missione \u00e8 trasformare ogni occasione in un momento speciale attraverso la magia dei fiori. Crediamo che un bouquet possa dire pi\u00f9 di mille parole e lavoriamo instancabilmente per assicurarci che ogni consegna porti gioia, amore e bellezza. Cosa Offriamo? Fiori Freschi: Collaboriamo con i migliori fornitori locali per garantire che i nostri fiori siano sempre freschi e di alta qualit\u00e0. Consegna Rapida e Puntuale: Offriamo un servizio di consegna rapido e affidabile, con la possibilit\u00e0 di scegliere la fascia oraria che pi\u00f9 vi conviene. Ampia Selezione: Dalle rose classiche ai bouquet personalizzati, abbiamo una vasta gamma di opzioni per soddisfare ogni gusto e occasione. Assistenza Clienti: Il nostro team \u00e8 sempre a disposizione per assistervi nella scelta del bouquet perfetto e per garantire un'esperienza di acquisto senza intoppi. Perch\u00e9 Sceglierci? Qualit\u00e0 Garantita: Ogni bouquet \u00e8 realizzato con cura dai nostri esperti fioristi, garantendo che ogni composizione sia un'opera d'arte. Servizio Personalizzato: Che sia per un anniversario, un compleanno, una celebrazione o un momento di condoglianza, personalizziamo ogni ordine per rispondere alle vostre esigenze specifiche. Soddisfazione del Cliente: La vostra soddisfazione \u00e8 la nostra priorit\u00e0 assoluta. Facciamo tutto il possibile per assicurarci che ogni consegna superi le vostre aspettative.","email":"amministrazione@floranixena.it","telephone":"3806342394","legalName":"Gaetano Votadoro"}]}},"_links":{"self":[{"href":"https:\/\/floranixena.it\/es\/wp-json\/wp\/v2\/product\/18237","targetHints":{"allow":["GET"]}}],"collection":[{"href":"https:\/\/floranixena.it\/es\/wp-json\/wp\/v2\/product"}],"about":[{"href":"https:\/\/floranixena.it\/es\/wp-json\/wp\/v2\/types\/product"}],"replies":[{"embeddable":true,"href":"https:\/\/floranixena.it\/es\/wp-json\/wp\/v2\/comments?post=18237"}],"wp:featuredmedia":[{"embeddable":true,"href":"https:\/\/floranixena.it\/es\/wp-json\/wp\/v2\/media\/18238"}],"wp:attachment":[{"href":"https:\/\/floranixena.it\/es\/wp-json\/wp\/v2\/media?parent=18237"}],"wp:term":[{"taxonomy":"product_brand","embeddable":true,"href":"https:\/\/floranixena.it\/es\/wp-json\/wp\/v2\/product_brand?post=18237"},{"taxonomy":"product_cat","embeddable":true,"href":"https:\/\/floranixena.it\/es\/wp-json\/wp\/v2\/product_cat?post=18237"},{"taxonomy":"product_tag","embeddable":true,"href":"https:\/\/floranixena.it\/es\/wp-json\/wp\/v2\/product_tag?post=18237"}],"curies":[{"name":"wp","href":"https:\/\/api.w.org\/{rel}","templated":true}]}}