{"id":18199,"date":"2025-08-12T12:10:08","date_gmt":"2025-08-12T10:10:08","guid":{"rendered":"https:\/\/floranixena.it\/product\/flory-oso-de-peluche-blanco\/"},"modified":"2025-09-11T12:10:37","modified_gmt":"2025-09-11T10:10:37","slug":"flory-oso-de-peluche-blanco","status":"publish","type":"product","link":"https:\/\/floranixena.it\/es\/producto\/flory-oso-de-peluche-blanco\/","title":{"rendered":"Flory &#8211; Oso de peluche blanco"},"content":{"rendered":"<h1><strong>Oso de peluche hecho con rosas blancas<\/strong><\/h1>\n<p>en esponja suave es mucho m\u00e1s que un simple regalo: es un s\u00edmbolo tangible del amor eterno y la duraci\u00f3n de un sentimiento tan especial. Cada p\u00e9talo de rosa que compone este adorable oso de peluche transmite un mensaje de afecto y devoci\u00f3n, haciendo este<a href=\"https:\/\/floranixena.it\/es\/catalog\/flores-para-eventos\/aniversario\/\" target=\"_blank\" rel=\"noopener\"><strong> regalo \u00fanico e inolvidable<\/strong><\/a>. Su dulzura y <a href=\"https:\/\/floranixena.it\/prodotto\/bouquet-di-rose-rosse-e-lisianthus-bianchi\/\" target=\"_blank\" rel=\"noopener\">romanticismo <\/a>lo convierten en un gesto extraordinario, capaz de tocar el coraz\u00f3n de quien lo recibe de manera profunda y significativa.  <\/p>\n<p>Regalar este tierno osito de peluche es una manera dulce y rom\u00e1ntica de decir <a href=\"https:\/\/floranixena.it\/es\/catalog\/flores-para-eventos\/compleanno-es\/para-la-esposa-o-novia\/\" target=\"_blank\" rel=\"noopener\">\u00abte amo\u00bb<\/a> a la persona especial en tu vida. Es un gesto que va directo al coraz\u00f3n, mostrando lo importante que es para ti y cu\u00e1nto deseas mantener viva la llama del amor en el tiempo. Con su delicadeza y su encanto atemporal, este <a href=\"https:\/\/floranixena.it\/prodotto\/orsetto-di-rose-tiffany\/\" target=\"_blank\" rel=\"noopener\"><strong>oso<\/strong><\/a> de rosas es el regalo perfecto para celebrar un amor que durar\u00e1 para siempre.  <\/p>\n<p>Este<a href=\"https:\/\/floranixena.it\/prodotto\/orsetto-di-rose-rosa\/\"> regalo es ideal para tu novia o esposa, <\/a>porque no hay mejor manera de demostrar el amor que sientes por ella con un regalo tan delicado y significativo. Cada vez que mira a este tierno osito de peluche, se sentir\u00e1 envuelta en tu afecto y preocupaci\u00f3n. <\/p>\n<p>Lo entregamos directamente en mano con nuestro florista o por mensajer\u00eda, garantizando que llegue de forma segura y puntual para las ocasiones especiales como cumplea\u00f1os, bodas, aniversarios o cualquier otra <a href=\"https:\/\/floranixena.it\/es\/catalog\/flores-para-eventos\/oportunidad\/\" target=\"_blank\" rel=\"noopener\">ocasi\u00f3n <\/a>memorable. Adem\u00e1s, ofrecemos el servicio de entrega incluso en el hospital para celebrar el <a href=\"https:\/\/floranixena.it\/es\/catalog\/es-un-hombre\/\">nacimiento de un ni\u00f1o,<\/a> trayendo alegr\u00eda y felicidad a los nuevos padres. <\/p>\n<p>Con <strong>FloraNixena<\/strong>, cada momento se vuelve a\u00fan m\u00e1s especial gracias a la belleza y delicadeza de nuestros regalos florales \u00fanicos y creativos. Haz que cada ocasi\u00f3n sea inolvidable con nuestro tierno oso de rosas blancas, un s\u00edmbolo tangible del amor eterno. <\/p>\n","protected":false},"excerpt":{"rendered":"<ul>\n<li style=\"list-style-type: none;\">\n<ul>\n<li>Oso de rosas con cinta de raso negro<\/li>\n<li>Tama\u00f1o: seleccione en el men\u00fa de abajo<\/li>\n<li>Hecho con rosas 250 rosellines de esponja que forman un dise\u00f1o de oso de peluche<\/li>\n<li>Paquete de plexigl\u00e1s LUCIDA incluido sellado cuidadosamente con cinta de raso negro<\/li>\n<\/ul>\n<\/li>\n<\/ul>\n<p><span style=\"color: #ff8c00;\"><strong>Elige la combinaci\u00f3n de entrega con florister\u00eda o con mensajer\u00eda SDA 3-5 d\u00edas laborables<\/strong><\/span><\/p>\n<div id=\"gtx-trans\" style=\"position: absolute; left: 193px; top: 137px;\">\n<div class=\"gtx-trans-icon\"><\/div>\n<\/div>\n","protected":false},"featured_media":22729,"comment_status":"open","ping_status":"closed","template":"","meta":[],"product_brand":[],"product_cat":[4331,4316,4332,4365,4358,4360,4359,4351],"product_tag":[4482,4481,4483,4480,4478,4479],"class_list":{"0":"post-18199","1":"product","2":"type-product","3":"status-publish","4":"has-post-thumbnail","6":"product_cat-amor-y-el-romance","7":"product_cat-compleanno-es","8":"product_cat-es-una-nina","9":"product_cat-navidad","10":"product_cat-para-la-esposa-o-novia","11":"product_cat-para-nuevas-revelaciones","12":"product_cat-san-valentin","13":"product_cat-titulos","14":"product_tag-ideas-de-regalo-novia","15":"product_tag-oso-de-rosas","16":"product_tag-para-la-graduacion","17":"product_tag-que-regalar-a-la-novia","18":"product_tag-regalo-para-la-novia","19":"product_tag-regalos-especiales","21":"first","22":"instock","23":"shipping-taxable","24":"purchasable","25":"product-type-variable"},"yoast_head":"<!-- This site is optimized with the Yoast SEO Premium plugin v27.5 (Yoast SEO v27.5) - https:\/\/yoast.com\/product\/yoast-seo-premium-wordpress\/ -->\n<title>Flory - Oso de peluche blanco de rosas falsas- FloraNixena - FloraNixena - Entrega de flores a domicilio<\/title>\n<meta name=\"description\" content=\"Suave oso de peluche hecho a mano con rosas blancas para transmitir el amor &quot;eterno&quot; como la duraci\u00f3n de este fant\u00e1stico regalo.\" \/>\n<meta name=\"robots\" content=\"index, follow, max-snippet:-1, max-image-preview:large, max-video-preview:-1\" \/>\n<link rel=\"canonical\" href=\"https:\/\/floranixena.it\/es\/producto\/flory-oso-de-peluche-blanco\/\" \/>\n<meta property=\"og:locale\" content=\"es_ES\" \/>\n<meta property=\"og:type\" content=\"article\" \/>\n<meta property=\"og:title\" content=\"Flory - Oso de peluche blanco\" \/>\n<meta property=\"og:description\" content=\"Oso de rosas con cinta de raso negro  Tama\u00f1o: seleccione en el men\u00fa de abajo  Hecho con rosas 250 rosellines de esponja que forman un dise\u00f1o de oso de peluche  Paquete de plexigl\u00e1s LUCIDA incluido sellado cuidadosamente con cinta de raso negro  Elige la combinaci\u00f3n de entrega con florister\u00eda o con mensajer\u00eda SDA 3-5 d\u00edas laborables\" \/>\n<meta property=\"og:url\" content=\"https:\/\/floranixena.it\/es\/producto\/flory-oso-de-peluche-blanco\/\" \/>\n<meta property=\"og:site_name\" content=\"FloraNixena - FloraNixena - Entrega de flores a domicilio\" \/>\n<meta property=\"article:publisher\" content=\"https:\/\/www.facebook.com\/FloraNixena\/\" \/>\n<meta property=\"article:modified_time\" content=\"2025-09-11T10:10:37+00:00\" \/>\n<meta property=\"og:image\" content=\"https:\/\/floranixena.it\/wp-content\/uploads\/2020\/11\/Orsetto-teddy-bear-di-rose-bianco-artificiale.jpg\" \/>\n\t<meta property=\"og:image:width\" content=\"800\" \/>\n\t<meta property=\"og:image:height\" content=\"800\" \/>\n\t<meta property=\"og:image:type\" content=\"image\/jpeg\" \/>\n<meta name=\"twitter:card\" content=\"summary_large_image\" \/>\n<meta name=\"twitter:label1\" content=\"Tiempo de lectura\" \/>\n\t<meta name=\"twitter:data1\" content=\"2 minuto\" \/>\n<script type=\"application\/ld+json\" class=\"yoast-schema-graph\">{\"@context\":\"https:\\\/\\\/schema.org\",\"@graph\":[{\"@type\":\"WebPage\",\"@id\":\"https:\\\/\\\/floranixena.it\\\/es\\\/producto\\\/flory-oso-de-peluche-blanco\\\/\",\"url\":\"https:\\\/\\\/floranixena.it\\\/es\\\/producto\\\/flory-oso-de-peluche-blanco\\\/\",\"name\":\"Flory - Oso de peluche blanco de rosas falsas- FloraNixena - FloraNixena - Entrega de flores a domicilio\",\"isPartOf\":{\"@id\":\"https:\\\/\\\/floranixena.it\\\/es\\\/#website\"},\"primaryImageOfPage\":{\"@id\":\"https:\\\/\\\/floranixena.it\\\/es\\\/producto\\\/flory-oso-de-peluche-blanco\\\/#primaryimage\"},\"image\":{\"@id\":\"https:\\\/\\\/floranixena.it\\\/es\\\/producto\\\/flory-oso-de-peluche-blanco\\\/#primaryimage\"},\"thumbnailUrl\":\"https:\\\/\\\/floranixena.it\\\/wp-content\\\/uploads\\\/2020\\\/11\\\/Orsetto-teddy-bear-di-rose-bianco-artificiale.jpg\",\"datePublished\":\"2025-08-12T10:10:08+00:00\",\"dateModified\":\"2025-09-11T10:10:37+00:00\",\"description\":\"Suave oso de peluche hecho a mano con rosas blancas para transmitir el amor \\\"eterno\\\" como la duraci\u00f3n de este fant\u00e1stico regalo.\",\"breadcrumb\":{\"@id\":\"https:\\\/\\\/floranixena.it\\\/es\\\/producto\\\/flory-oso-de-peluche-blanco\\\/#breadcrumb\"},\"inLanguage\":\"es\",\"potentialAction\":[{\"@type\":\"ReadAction\",\"target\":[\"https:\\\/\\\/floranixena.it\\\/es\\\/producto\\\/flory-oso-de-peluche-blanco\\\/\"]}]},{\"@type\":\"ImageObject\",\"inLanguage\":\"es\",\"@id\":\"https:\\\/\\\/floranixena.it\\\/es\\\/producto\\\/flory-oso-de-peluche-blanco\\\/#primaryimage\",\"url\":\"https:\\\/\\\/floranixena.it\\\/wp-content\\\/uploads\\\/2020\\\/11\\\/Orsetto-teddy-bear-di-rose-bianco-artificiale.jpg\",\"contentUrl\":\"https:\\\/\\\/floranixena.it\\\/wp-content\\\/uploads\\\/2020\\\/11\\\/Orsetto-teddy-bear-di-rose-bianco-artificiale.jpg\",\"width\":800,\"height\":800,\"caption\":\"Orsetto di rose bianco\"},{\"@type\":\"BreadcrumbList\",\"@id\":\"https:\\\/\\\/floranixena.it\\\/es\\\/producto\\\/flory-oso-de-peluche-blanco\\\/#breadcrumb\",\"itemListElement\":[{\"@type\":\"ListItem\",\"position\":1,\"name\":\"Home\",\"item\":\"https:\\\/\\\/floranixena.it\\\/es\\\/\"},{\"@type\":\"ListItem\",\"position\":2,\"name\":\"tienda\",\"item\":\"https:\\\/\\\/floranixena.it\\\/es\\\/tienda\\\/\"},{\"@type\":\"ListItem\",\"position\":3,\"name\":\"Flory &#8211; Oso de peluche blanco\"}]},{\"@type\":\"WebSite\",\"@id\":\"https:\\\/\\\/floranixena.it\\\/es\\\/#website\",\"url\":\"https:\\\/\\\/floranixena.it\\\/es\\\/\",\"name\":\"FloraNixena - Consegna fiori a domicilio in Italia\",\"description\":\"Invia fiori che raccontano storie\",\"publisher\":{\"@id\":\"https:\\\/\\\/floranixena.it\\\/es\\\/#organization\"},\"alternateName\":\"FloraNixena.it\",\"potentialAction\":[{\"@type\":\"SearchAction\",\"target\":{\"@type\":\"EntryPoint\",\"urlTemplate\":\"https:\\\/\\\/floranixena.it\\\/es\\\/?s={search_term_string}\"},\"query-input\":{\"@type\":\"PropertyValueSpecification\",\"valueRequired\":true,\"valueName\":\"search_term_string\"}}],\"inLanguage\":\"es\"},{\"@type\":\"Organization\",\"@id\":\"https:\\\/\\\/floranixena.it\\\/es\\\/#organization\",\"name\":\"FloraNixena.it - Consegna mazzi di fiori, bouquet e piante a domicilio\",\"url\":\"https:\\\/\\\/floranixena.it\\\/es\\\/\",\"logo\":{\"@type\":\"ImageObject\",\"inLanguage\":\"es\",\"@id\":\"https:\\\/\\\/floranixena.it\\\/es\\\/#\\\/schema\\\/logo\\\/image\\\/\",\"url\":\"https:\\\/\\\/floranixena.it\\\/wp-content\\\/uploads\\\/2018\\\/11\\\/logo-fucsia.png\",\"contentUrl\":\"https:\\\/\\\/floranixena.it\\\/wp-content\\\/uploads\\\/2018\\\/11\\\/logo-fucsia.png\",\"width\":315,\"height\":81,\"caption\":\"FloraNixena.it - Consegna mazzi di fiori, bouquet e piante a domicilio\"},\"image\":{\"@id\":\"https:\\\/\\\/floranixena.it\\\/es\\\/#\\\/schema\\\/logo\\\/image\\\/\"},\"sameAs\":[\"https:\\\/\\\/www.facebook.com\\\/FloraNixena\\\/\",\"https:\\\/\\\/www.instagram.com\\\/floranixena.it\\\/\",\"https:\\\/\\\/www.youtube.com\\\/channel\\\/UCAfCWXMBezO96jgPjiUgpkA\"],\"description\":\"Chi Siamo? FloraNixena \u00e8 il partner di fiducia per la consegna di fiori freschi a domicilio. Con anni di esperienza nel settore floreale, siamo dedicati a portare la bellezza e la freschezza dei fiori direttamente alla vostra porta. La Nostra Missione La nostra missione \u00e8 trasformare ogni occasione in un momento speciale attraverso la magia dei fiori. Crediamo che un bouquet possa dire pi\u00f9 di mille parole e lavoriamo instancabilmente per assicurarci che ogni consegna porti gioia, amore e bellezza. Cosa Offriamo? Fiori Freschi: Collaboriamo con i migliori fornitori locali per garantire che i nostri fiori siano sempre freschi e di alta qualit\u00e0. Consegna Rapida e Puntuale: Offriamo un servizio di consegna rapido e affidabile, con la possibilit\u00e0 di scegliere la fascia oraria che pi\u00f9 vi conviene. Ampia Selezione: Dalle rose classiche ai bouquet personalizzati, abbiamo una vasta gamma di opzioni per soddisfare ogni gusto e occasione. Assistenza Clienti: Il nostro team \u00e8 sempre a disposizione per assistervi nella scelta del bouquet perfetto e per garantire un'esperienza di acquisto senza intoppi. Perch\u00e9 Sceglierci? Qualit\u00e0 Garantita: Ogni bouquet \u00e8 realizzato con cura dai nostri esperti fioristi, garantendo che ogni composizione sia un'opera d'arte. Servizio Personalizzato: Che sia per un anniversario, un compleanno, una celebrazione o un momento di condoglianza, personalizziamo ogni ordine per rispondere alle vostre esigenze specifiche. Soddisfazione del Cliente: La vostra soddisfazione \u00e8 la nostra priorit\u00e0 assoluta. Facciamo tutto il possibile per assicurarci che ogni consegna superi le vostre aspettative.\",\"email\":\"amministrazione@floranixena.it\",\"telephone\":\"3806342394\",\"legalName\":\"Gaetano Votadoro\"}]}<\/script>\n<!-- \/ Yoast SEO Premium plugin. -->","yoast_head_json":{"title":"Flory - Oso de peluche blanco de rosas falsas- FloraNixena - FloraNixena - Entrega de flores a domicilio","description":"Suave oso de peluche hecho a mano con rosas blancas para transmitir el amor \"eterno\" como la duraci\u00f3n de este fant\u00e1stico regalo.","robots":{"index":"index","follow":"follow","max-snippet":"max-snippet:-1","max-image-preview":"max-image-preview:large","max-video-preview":"max-video-preview:-1"},"canonical":"https:\/\/floranixena.it\/es\/producto\/flory-oso-de-peluche-blanco\/","og_locale":"es_ES","og_type":"article","og_title":"Flory - Oso de peluche blanco","og_description":"Oso de rosas con cinta de raso negro  Tama\u00f1o: seleccione en el men\u00fa de abajo  Hecho con rosas 250 rosellines de esponja que forman un dise\u00f1o de oso de peluche  Paquete de plexigl\u00e1s LUCIDA incluido sellado cuidadosamente con cinta de raso negro  Elige la combinaci\u00f3n de entrega con florister\u00eda o con mensajer\u00eda SDA 3-5 d\u00edas laborables","og_url":"https:\/\/floranixena.it\/es\/producto\/flory-oso-de-peluche-blanco\/","og_site_name":"FloraNixena - FloraNixena - Entrega de flores a domicilio","article_publisher":"https:\/\/www.facebook.com\/FloraNixena\/","article_modified_time":"2025-09-11T10:10:37+00:00","og_image":[{"width":800,"height":800,"url":"https:\/\/floranixena.it\/wp-content\/uploads\/2020\/11\/Orsetto-teddy-bear-di-rose-bianco-artificiale.jpg","type":"image\/jpeg"}],"twitter_card":"summary_large_image","twitter_misc":{"Tiempo de lectura":"2 minuto"},"schema":{"@context":"https:\/\/schema.org","@graph":[{"@type":"WebPage","@id":"https:\/\/floranixena.it\/es\/producto\/flory-oso-de-peluche-blanco\/","url":"https:\/\/floranixena.it\/es\/producto\/flory-oso-de-peluche-blanco\/","name":"Flory - Oso de peluche blanco de rosas falsas- FloraNixena - FloraNixena - Entrega de flores a domicilio","isPartOf":{"@id":"https:\/\/floranixena.it\/es\/#website"},"primaryImageOfPage":{"@id":"https:\/\/floranixena.it\/es\/producto\/flory-oso-de-peluche-blanco\/#primaryimage"},"image":{"@id":"https:\/\/floranixena.it\/es\/producto\/flory-oso-de-peluche-blanco\/#primaryimage"},"thumbnailUrl":"https:\/\/floranixena.it\/wp-content\/uploads\/2020\/11\/Orsetto-teddy-bear-di-rose-bianco-artificiale.jpg","datePublished":"2025-08-12T10:10:08+00:00","dateModified":"2025-09-11T10:10:37+00:00","description":"Suave oso de peluche hecho a mano con rosas blancas para transmitir el amor \"eterno\" como la duraci\u00f3n de este fant\u00e1stico regalo.","breadcrumb":{"@id":"https:\/\/floranixena.it\/es\/producto\/flory-oso-de-peluche-blanco\/#breadcrumb"},"inLanguage":"es","potentialAction":[{"@type":"ReadAction","target":["https:\/\/floranixena.it\/es\/producto\/flory-oso-de-peluche-blanco\/"]}]},{"@type":"ImageObject","inLanguage":"es","@id":"https:\/\/floranixena.it\/es\/producto\/flory-oso-de-peluche-blanco\/#primaryimage","url":"https:\/\/floranixena.it\/wp-content\/uploads\/2020\/11\/Orsetto-teddy-bear-di-rose-bianco-artificiale.jpg","contentUrl":"https:\/\/floranixena.it\/wp-content\/uploads\/2020\/11\/Orsetto-teddy-bear-di-rose-bianco-artificiale.jpg","width":800,"height":800,"caption":"Orsetto di rose bianco"},{"@type":"BreadcrumbList","@id":"https:\/\/floranixena.it\/es\/producto\/flory-oso-de-peluche-blanco\/#breadcrumb","itemListElement":[{"@type":"ListItem","position":1,"name":"Home","item":"https:\/\/floranixena.it\/es\/"},{"@type":"ListItem","position":2,"name":"tienda","item":"https:\/\/floranixena.it\/es\/tienda\/"},{"@type":"ListItem","position":3,"name":"Flory &#8211; Oso de peluche blanco"}]},{"@type":"WebSite","@id":"https:\/\/floranixena.it\/es\/#website","url":"https:\/\/floranixena.it\/es\/","name":"FloraNixena - Consegna fiori a domicilio in Italia","description":"Invia fiori che raccontano storie","publisher":{"@id":"https:\/\/floranixena.it\/es\/#organization"},"alternateName":"FloraNixena.it","potentialAction":[{"@type":"SearchAction","target":{"@type":"EntryPoint","urlTemplate":"https:\/\/floranixena.it\/es\/?s={search_term_string}"},"query-input":{"@type":"PropertyValueSpecification","valueRequired":true,"valueName":"search_term_string"}}],"inLanguage":"es"},{"@type":"Organization","@id":"https:\/\/floranixena.it\/es\/#organization","name":"FloraNixena.it - Consegna mazzi di fiori, bouquet e piante a domicilio","url":"https:\/\/floranixena.it\/es\/","logo":{"@type":"ImageObject","inLanguage":"es","@id":"https:\/\/floranixena.it\/es\/#\/schema\/logo\/image\/","url":"https:\/\/floranixena.it\/wp-content\/uploads\/2018\/11\/logo-fucsia.png","contentUrl":"https:\/\/floranixena.it\/wp-content\/uploads\/2018\/11\/logo-fucsia.png","width":315,"height":81,"caption":"FloraNixena.it - Consegna mazzi di fiori, bouquet e piante a domicilio"},"image":{"@id":"https:\/\/floranixena.it\/es\/#\/schema\/logo\/image\/"},"sameAs":["https:\/\/www.facebook.com\/FloraNixena\/","https:\/\/www.instagram.com\/floranixena.it\/","https:\/\/www.youtube.com\/channel\/UCAfCWXMBezO96jgPjiUgpkA"],"description":"Chi Siamo? FloraNixena \u00e8 il partner di fiducia per la consegna di fiori freschi a domicilio. Con anni di esperienza nel settore floreale, siamo dedicati a portare la bellezza e la freschezza dei fiori direttamente alla vostra porta. La Nostra Missione La nostra missione \u00e8 trasformare ogni occasione in un momento speciale attraverso la magia dei fiori. Crediamo che un bouquet possa dire pi\u00f9 di mille parole e lavoriamo instancabilmente per assicurarci che ogni consegna porti gioia, amore e bellezza. Cosa Offriamo? Fiori Freschi: Collaboriamo con i migliori fornitori locali per garantire che i nostri fiori siano sempre freschi e di alta qualit\u00e0. Consegna Rapida e Puntuale: Offriamo un servizio di consegna rapido e affidabile, con la possibilit\u00e0 di scegliere la fascia oraria che pi\u00f9 vi conviene. Ampia Selezione: Dalle rose classiche ai bouquet personalizzati, abbiamo una vasta gamma di opzioni per soddisfare ogni gusto e occasione. Assistenza Clienti: Il nostro team \u00e8 sempre a disposizione per assistervi nella scelta del bouquet perfetto e per garantire un'esperienza di acquisto senza intoppi. Perch\u00e9 Sceglierci? Qualit\u00e0 Garantita: Ogni bouquet \u00e8 realizzato con cura dai nostri esperti fioristi, garantendo che ogni composizione sia un'opera d'arte. Servizio Personalizzato: Che sia per un anniversario, un compleanno, una celebrazione o un momento di condoglianza, personalizziamo ogni ordine per rispondere alle vostre esigenze specifiche. Soddisfazione del Cliente: La vostra soddisfazione \u00e8 la nostra priorit\u00e0 assoluta. Facciamo tutto il possibile per assicurarci che ogni consegna superi le vostre aspettative.","email":"amministrazione@floranixena.it","telephone":"3806342394","legalName":"Gaetano Votadoro"}]}},"_links":{"self":[{"href":"https:\/\/floranixena.it\/es\/wp-json\/wp\/v2\/product\/18199","targetHints":{"allow":["GET"]}}],"collection":[{"href":"https:\/\/floranixena.it\/es\/wp-json\/wp\/v2\/product"}],"about":[{"href":"https:\/\/floranixena.it\/es\/wp-json\/wp\/v2\/types\/product"}],"replies":[{"embeddable":true,"href":"https:\/\/floranixena.it\/es\/wp-json\/wp\/v2\/comments?post=18199"}],"wp:featuredmedia":[{"embeddable":true,"href":"https:\/\/floranixena.it\/es\/wp-json\/wp\/v2\/media\/22729"}],"wp:attachment":[{"href":"https:\/\/floranixena.it\/es\/wp-json\/wp\/v2\/media?parent=18199"}],"wp:term":[{"taxonomy":"product_brand","embeddable":true,"href":"https:\/\/floranixena.it\/es\/wp-json\/wp\/v2\/product_brand?post=18199"},{"taxonomy":"product_cat","embeddable":true,"href":"https:\/\/floranixena.it\/es\/wp-json\/wp\/v2\/product_cat?post=18199"},{"taxonomy":"product_tag","embeddable":true,"href":"https:\/\/floranixena.it\/es\/wp-json\/wp\/v2\/product_tag?post=18199"}],"curies":[{"name":"wp","href":"https:\/\/api.w.org\/{rel}","templated":true}]}}