{"id":18193,"date":"2025-08-13T11:10:37","date_gmt":"2025-08-13T09:10:37","guid":{"rendered":"https:\/\/floranixena.it\/product\/puro-amor\/"},"modified":"2025-08-13T11:10:37","modified_gmt":"2025-08-13T09:10:37","slug":"puro-amor","status":"publish","type":"product","link":"https:\/\/floranixena.it\/es\/producto\/puro-amor\/","title":{"rendered":"Puro Amor"},"content":{"rendered":"<h1><strong>Hermoso ramo de rosas rojas y blancas<\/strong><\/h1>\n<p>El amor puro es para ti. Ofrecemos una <a href=\"https:\/\/floranixena.it\/prodotto\/rose-blu-a-scelta\/\">hermosa selecci\u00f3n de rosas<\/a> rojas y blancas, junto con flores y hojas decorativas para crear una composici\u00f3n de <a href=\"https:\/\/floranixena.it\/es\/catalog\/jarrones-y-regalos\/\">regalo <\/a>impresionante para cualquier ocasi\u00f3n. Pide ahora y demuestra tu amor con Pure Love!  <\/p>\n<p style=\"text-align: justify;\"><strong><a href=\"https:\/\/floranixena.it\/tag-prodotto\/rosa-bianca\/\">Rosas blancas<\/a> y rojas<\/strong> se adaptar\u00e1n a alguien que es tan precioso como un diamante y hace suspirar su coraz\u00f3n con afecto. Ofrecerles algo bonito y exquisito justo a tiempo para una fiesta de cumplea\u00f1os, para enviar su profundo amor o <strong>desear un feliz d\u00eda de San Valent\u00edn, y v\u00e1lido como regalo.<\/strong> <\/p>\n<p style=\"text-align: justify;\">Los <strong>ramos de rosas rojas<\/strong> y blancas son la elecci\u00f3n cl\u00e1sica de<a href=\"https:\/\/floranixena.it\/es\/catalog\/flores-para-eventos\/compleanno-es\/para-la-esposa-o-novia\/\"> flores para mostrar amor<\/a> a alguien que significa algo para ti. Desde un<a href=\"https:\/\/floranixena.it\/es\/producto\/napoli\/\"> regalo de aniversario<\/a> hasta un regalo de cumplea\u00f1os especial, nuestras rosas son una maravillosa manera de sorprender a tu pareja. <\/p>\n<p>Cuando<strong> env\u00edas <a href=\"https:\/\/floranixena.it\/es\/prodotto\/carta-de-amor\/\">rosas rojas a tu novia<\/a><\/strong>, puede ser una buena idea enviar un ramo que mezcle rosas rojas con otras rosas de otros colores, ya sean rosas rosadas o blancas. Este es un maravilloso ramo de rosas rojas y blancas para el cumplea\u00f1os de una chica o el aniversario del primer beso. <\/p>\n<p><a href=\"https:\/\/floranixena.it\/es\/catalog\/amor-y-el-romance\/para-la-esposa-o-la-novia\/\"><strong><strong>Rosas rojas para una esposa<\/strong><\/strong><\/a> no hay nadie que sea adorada como una esposa. Los a\u00f1os que pasamos juntos, las cosas por las que has pasado la hacen tu n\u00famero uno para siempre. Cuando eliges un ramo de <strong>rosas rojas <\/strong>para tu mujer, elige algo que la haga sentimental. Esto significa que puede elegir un <a href=\"https:\/\/floranixena.it\/es\/producto\/ramo-de-rosas-y-bayas\/\">ramo <\/a>que mezcla las flores de su boda con <a href=\"https:\/\/floranixena.it\/es\/catalog\/rosas\/\"><strong>rosas <\/strong><\/a>rojas, o tal vez solo las flores en sus colores favoritos se destacan en el dise\u00f1o.   <\/p>\n","protected":false},"excerpt":{"rendered":"<ul>\n<li>rosas rojas<\/li>\n<li>Rosas blancas<\/li>\n<li>Gypsophila (a petici\u00f3n)<\/li>\n<li>Verde decorativo.<\/li>\n<\/ul>\n<p>Elige el tama\u00f1o en el men\u00fa desplegable.<\/p>\n<p><span style=\"color: #339966;\"><strong>En este ramo el env\u00edo es gratuito<\/strong><\/span><\/p>\n<p>&nbsp;<\/p>\n<ul>\n<li>Jarr\u00f3n no incluido<\/li>\n<\/ul>\n","protected":false},"featured_media":18194,"comment_status":"open","ping_status":"closed","template":"","meta":[],"product_brand":[],"product_cat":[4331,4317,4381,4316,4335,4340,4339,4341,4338,4315,4365,4328,4358,4360,4336,4359],"product_tag":[4383,4471,4367,4366,4343,4368],"class_list":{"0":"post-18193","1":"product","2":"type-product","3":"status-publish","4":"has-post-thumbnail","6":"product_cat-amor-y-el-romance","7":"product_cat-aniversario","8":"product_cat-boda","9":"product_cat-compleanno-es","10":"product_cat-disculpa","11":"product_cat-flores-de-invierno","12":"product_cat-flores-de-otono","13":"product_cat-flores-de-primavera","14":"product_cat-flores-de-verano","15":"product_cat-flores-para-eventos","16":"product_cat-navidad","17":"product_cat-onomastico-es","18":"product_cat-para-la-esposa-o-novia","19":"product_cat-para-nuevas-revelaciones","20":"product_cat-rosas","21":"product_cat-san-valentin","22":"product_tag-gypsophila-e-rosas-rojas","23":"product_tag-ramo-de-rosas-blancas","24":"product_tag-ramo-de-rosas-rojas-es","25":"product_tag-ramo-de-rosas-rojas","26":"product_tag-rosas-rojas","27":"product_tag-san-valentin","29":"first","30":"instock","31":"shipping-taxable","32":"purchasable","33":"product-type-variable","34":"has-default-attributes"},"yoast_head":"<!-- This site is optimized with the Yoast SEO Premium plugin v27.4 (Yoast SEO v27.4) - https:\/\/yoast.com\/product\/yoast-seo-premium-wordpress\/ -->\n<title>Bouquet de rosas rojas y blancas FloraNixena - FloraNixena - Entrega de flores a domicilio<\/title>\n<meta name=\"description\" content=\"San Valent\u00edn, y no solo eso, este fant\u00e1stico ramo de rosas rojas y blancas de rosas rojas es perfecto para celebrar el amor en cualquier ocasi\u00f3n\" \/>\n<meta name=\"robots\" content=\"index, follow, max-snippet:-1, max-image-preview:large, max-video-preview:-1\" \/>\n<link rel=\"canonical\" href=\"https:\/\/floranixena.it\/es\/producto\/puro-amor\/\" \/>\n<meta property=\"og:locale\" content=\"es_ES\" \/>\n<meta property=\"og:type\" content=\"article\" \/>\n<meta property=\"og:title\" content=\"Puro Amor\" \/>\n<meta property=\"og:description\" content=\"rosas rojas  Rosas blancas  Gypsophila (a petici\u00f3n)  Verde decorativo. Elige el tama\u00f1o en el men\u00fa desplegable. En este ramo el env\u00edo es gratuito &nbsp;  Jarr\u00f3n no incluido\" \/>\n<meta property=\"og:url\" content=\"https:\/\/floranixena.it\/es\/producto\/puro-amor\/\" \/>\n<meta property=\"og:site_name\" content=\"FloraNixena - FloraNixena - Entrega de flores a domicilio\" \/>\n<meta property=\"article:publisher\" content=\"https:\/\/www.facebook.com\/FloraNixena\/\" \/>\n<meta property=\"og:image\" content=\"https:\/\/floranixena.it\/wp-content\/uploads\/2020\/02\/Bouquet-per-san-valentino-con-Rose-bianche-e-rose-rosse-con-gypsophila-da-consegnare-a-domicilio-in-Italia.jpg\" \/>\n\t<meta property=\"og:image:width\" content=\"800\" \/>\n\t<meta property=\"og:image:height\" content=\"800\" \/>\n\t<meta property=\"og:image:type\" content=\"image\/jpeg\" \/>\n<meta name=\"twitter:card\" content=\"summary_large_image\" \/>\n<meta name=\"twitter:label1\" content=\"Tiempo de lectura\" \/>\n\t<meta name=\"twitter:data1\" content=\"1 minuto\" \/>\n<script type=\"application\/ld+json\" class=\"yoast-schema-graph\">{\"@context\":\"https:\\\/\\\/schema.org\",\"@graph\":[{\"@type\":\"WebPage\",\"@id\":\"https:\\\/\\\/floranixena.it\\\/es\\\/producto\\\/puro-amor\\\/\",\"url\":\"https:\\\/\\\/floranixena.it\\\/es\\\/producto\\\/puro-amor\\\/\",\"name\":\"Bouquet de rosas rojas y blancas FloraNixena - FloraNixena - Entrega de flores a domicilio\",\"isPartOf\":{\"@id\":\"https:\\\/\\\/floranixena.it\\\/es\\\/#website\"},\"primaryImageOfPage\":{\"@id\":\"https:\\\/\\\/floranixena.it\\\/es\\\/producto\\\/puro-amor\\\/#primaryimage\"},\"image\":{\"@id\":\"https:\\\/\\\/floranixena.it\\\/es\\\/producto\\\/puro-amor\\\/#primaryimage\"},\"thumbnailUrl\":\"https:\\\/\\\/floranixena.it\\\/wp-content\\\/uploads\\\/2020\\\/02\\\/Bouquet-per-san-valentino-con-Rose-bianche-e-rose-rosse-con-gypsophila-da-consegnare-a-domicilio-in-Italia.jpg\",\"datePublished\":\"2025-08-13T09:10:37+00:00\",\"description\":\"San Valent\u00edn, y no solo eso, este fant\u00e1stico ramo de rosas rojas y blancas de rosas rojas es perfecto para celebrar el amor en cualquier ocasi\u00f3n\",\"breadcrumb\":{\"@id\":\"https:\\\/\\\/floranixena.it\\\/es\\\/producto\\\/puro-amor\\\/#breadcrumb\"},\"inLanguage\":\"es\",\"potentialAction\":[{\"@type\":\"ReadAction\",\"target\":[\"https:\\\/\\\/floranixena.it\\\/es\\\/producto\\\/puro-amor\\\/\"]}]},{\"@type\":\"ImageObject\",\"inLanguage\":\"es\",\"@id\":\"https:\\\/\\\/floranixena.it\\\/es\\\/producto\\\/puro-amor\\\/#primaryimage\",\"url\":\"https:\\\/\\\/floranixena.it\\\/wp-content\\\/uploads\\\/2020\\\/02\\\/Bouquet-per-san-valentino-con-Rose-bianche-e-rose-rosse-con-gypsophila-da-consegnare-a-domicilio-in-Italia.jpg\",\"contentUrl\":\"https:\\\/\\\/floranixena.it\\\/wp-content\\\/uploads\\\/2020\\\/02\\\/Bouquet-per-san-valentino-con-Rose-bianche-e-rose-rosse-con-gypsophila-da-consegnare-a-domicilio-in-Italia.jpg\",\"width\":800,\"height\":800,\"caption\":\"Un abbraccio di emozioni: il rosso dell\u2019amore, il bianco della sincerit\u00e0.\"},{\"@type\":\"BreadcrumbList\",\"@id\":\"https:\\\/\\\/floranixena.it\\\/es\\\/producto\\\/puro-amor\\\/#breadcrumb\",\"itemListElement\":[{\"@type\":\"ListItem\",\"position\":1,\"name\":\"Home\",\"item\":\"https:\\\/\\\/floranixena.it\\\/es\\\/\"},{\"@type\":\"ListItem\",\"position\":2,\"name\":\"tienda\",\"item\":\"https:\\\/\\\/floranixena.it\\\/es\\\/tienda\\\/\"},{\"@type\":\"ListItem\",\"position\":3,\"name\":\"Puro Amor\"}]},{\"@type\":\"WebSite\",\"@id\":\"https:\\\/\\\/floranixena.it\\\/es\\\/#website\",\"url\":\"https:\\\/\\\/floranixena.it\\\/es\\\/\",\"name\":\"FloraNixena - Consegna fiori a domicilio in Italia\",\"description\":\"Invia fiori che raccontano storie\",\"publisher\":{\"@id\":\"https:\\\/\\\/floranixena.it\\\/es\\\/#organization\"},\"alternateName\":\"FloraNixena.it\",\"potentialAction\":[{\"@type\":\"SearchAction\",\"target\":{\"@type\":\"EntryPoint\",\"urlTemplate\":\"https:\\\/\\\/floranixena.it\\\/es\\\/?s={search_term_string}\"},\"query-input\":{\"@type\":\"PropertyValueSpecification\",\"valueRequired\":true,\"valueName\":\"search_term_string\"}}],\"inLanguage\":\"es\"},{\"@type\":\"Organization\",\"@id\":\"https:\\\/\\\/floranixena.it\\\/es\\\/#organization\",\"name\":\"FloraNixena.it - Consegna mazzi di fiori, bouquet e piante a domicilio\",\"url\":\"https:\\\/\\\/floranixena.it\\\/es\\\/\",\"logo\":{\"@type\":\"ImageObject\",\"inLanguage\":\"es\",\"@id\":\"https:\\\/\\\/floranixena.it\\\/es\\\/#\\\/schema\\\/logo\\\/image\\\/\",\"url\":\"https:\\\/\\\/floranixena.it\\\/wp-content\\\/uploads\\\/2018\\\/11\\\/logo-fucsia.png\",\"contentUrl\":\"https:\\\/\\\/floranixena.it\\\/wp-content\\\/uploads\\\/2018\\\/11\\\/logo-fucsia.png\",\"width\":315,\"height\":81,\"caption\":\"FloraNixena.it - Consegna mazzi di fiori, bouquet e piante a domicilio\"},\"image\":{\"@id\":\"https:\\\/\\\/floranixena.it\\\/es\\\/#\\\/schema\\\/logo\\\/image\\\/\"},\"sameAs\":[\"https:\\\/\\\/www.facebook.com\\\/FloraNixena\\\/\",\"https:\\\/\\\/www.instagram.com\\\/floranixena.it\\\/\",\"https:\\\/\\\/www.youtube.com\\\/channel\\\/UCAfCWXMBezO96jgPjiUgpkA\"],\"description\":\"Chi Siamo? FloraNixena \u00e8 il partner di fiducia per la consegna di fiori freschi a domicilio. Con anni di esperienza nel settore floreale, siamo dedicati a portare la bellezza e la freschezza dei fiori direttamente alla vostra porta. La Nostra Missione La nostra missione \u00e8 trasformare ogni occasione in un momento speciale attraverso la magia dei fiori. Crediamo che un bouquet possa dire pi\u00f9 di mille parole e lavoriamo instancabilmente per assicurarci che ogni consegna porti gioia, amore e bellezza. Cosa Offriamo? Fiori Freschi: Collaboriamo con i migliori fornitori locali per garantire che i nostri fiori siano sempre freschi e di alta qualit\u00e0. Consegna Rapida e Puntuale: Offriamo un servizio di consegna rapido e affidabile, con la possibilit\u00e0 di scegliere la fascia oraria che pi\u00f9 vi conviene. Ampia Selezione: Dalle rose classiche ai bouquet personalizzati, abbiamo una vasta gamma di opzioni per soddisfare ogni gusto e occasione. Assistenza Clienti: Il nostro team \u00e8 sempre a disposizione per assistervi nella scelta del bouquet perfetto e per garantire un'esperienza di acquisto senza intoppi. Perch\u00e9 Sceglierci? Qualit\u00e0 Garantita: Ogni bouquet \u00e8 realizzato con cura dai nostri esperti fioristi, garantendo che ogni composizione sia un'opera d'arte. Servizio Personalizzato: Che sia per un anniversario, un compleanno, una celebrazione o un momento di condoglianza, personalizziamo ogni ordine per rispondere alle vostre esigenze specifiche. Soddisfazione del Cliente: La vostra soddisfazione \u00e8 la nostra priorit\u00e0 assoluta. Facciamo tutto il possibile per assicurarci che ogni consegna superi le vostre aspettative.\",\"email\":\"amministrazione@floranixena.it\",\"telephone\":\"3806342394\",\"legalName\":\"Gaetano Votadoro\"}]}<\/script>\n<!-- \/ Yoast SEO Premium plugin. -->","yoast_head_json":{"title":"Bouquet de rosas rojas y blancas FloraNixena - FloraNixena - Entrega de flores a domicilio","description":"San Valent\u00edn, y no solo eso, este fant\u00e1stico ramo de rosas rojas y blancas de rosas rojas es perfecto para celebrar el amor en cualquier ocasi\u00f3n","robots":{"index":"index","follow":"follow","max-snippet":"max-snippet:-1","max-image-preview":"max-image-preview:large","max-video-preview":"max-video-preview:-1"},"canonical":"https:\/\/floranixena.it\/es\/producto\/puro-amor\/","og_locale":"es_ES","og_type":"article","og_title":"Puro Amor","og_description":"rosas rojas  Rosas blancas  Gypsophila (a petici\u00f3n)  Verde decorativo. Elige el tama\u00f1o en el men\u00fa desplegable. En este ramo el env\u00edo es gratuito &nbsp;  Jarr\u00f3n no incluido","og_url":"https:\/\/floranixena.it\/es\/producto\/puro-amor\/","og_site_name":"FloraNixena - FloraNixena - Entrega de flores a domicilio","article_publisher":"https:\/\/www.facebook.com\/FloraNixena\/","og_image":[{"width":800,"height":800,"url":"https:\/\/floranixena.it\/wp-content\/uploads\/2020\/02\/Bouquet-per-san-valentino-con-Rose-bianche-e-rose-rosse-con-gypsophila-da-consegnare-a-domicilio-in-Italia.jpg","type":"image\/jpeg"}],"twitter_card":"summary_large_image","twitter_misc":{"Tiempo de lectura":"1 minuto"},"schema":{"@context":"https:\/\/schema.org","@graph":[{"@type":"WebPage","@id":"https:\/\/floranixena.it\/es\/producto\/puro-amor\/","url":"https:\/\/floranixena.it\/es\/producto\/puro-amor\/","name":"Bouquet de rosas rojas y blancas FloraNixena - FloraNixena - Entrega de flores a domicilio","isPartOf":{"@id":"https:\/\/floranixena.it\/es\/#website"},"primaryImageOfPage":{"@id":"https:\/\/floranixena.it\/es\/producto\/puro-amor\/#primaryimage"},"image":{"@id":"https:\/\/floranixena.it\/es\/producto\/puro-amor\/#primaryimage"},"thumbnailUrl":"https:\/\/floranixena.it\/wp-content\/uploads\/2020\/02\/Bouquet-per-san-valentino-con-Rose-bianche-e-rose-rosse-con-gypsophila-da-consegnare-a-domicilio-in-Italia.jpg","datePublished":"2025-08-13T09:10:37+00:00","description":"San Valent\u00edn, y no solo eso, este fant\u00e1stico ramo de rosas rojas y blancas de rosas rojas es perfecto para celebrar el amor en cualquier ocasi\u00f3n","breadcrumb":{"@id":"https:\/\/floranixena.it\/es\/producto\/puro-amor\/#breadcrumb"},"inLanguage":"es","potentialAction":[{"@type":"ReadAction","target":["https:\/\/floranixena.it\/es\/producto\/puro-amor\/"]}]},{"@type":"ImageObject","inLanguage":"es","@id":"https:\/\/floranixena.it\/es\/producto\/puro-amor\/#primaryimage","url":"https:\/\/floranixena.it\/wp-content\/uploads\/2020\/02\/Bouquet-per-san-valentino-con-Rose-bianche-e-rose-rosse-con-gypsophila-da-consegnare-a-domicilio-in-Italia.jpg","contentUrl":"https:\/\/floranixena.it\/wp-content\/uploads\/2020\/02\/Bouquet-per-san-valentino-con-Rose-bianche-e-rose-rosse-con-gypsophila-da-consegnare-a-domicilio-in-Italia.jpg","width":800,"height":800,"caption":"Un abbraccio di emozioni: il rosso dell\u2019amore, il bianco della sincerit\u00e0."},{"@type":"BreadcrumbList","@id":"https:\/\/floranixena.it\/es\/producto\/puro-amor\/#breadcrumb","itemListElement":[{"@type":"ListItem","position":1,"name":"Home","item":"https:\/\/floranixena.it\/es\/"},{"@type":"ListItem","position":2,"name":"tienda","item":"https:\/\/floranixena.it\/es\/tienda\/"},{"@type":"ListItem","position":3,"name":"Puro Amor"}]},{"@type":"WebSite","@id":"https:\/\/floranixena.it\/es\/#website","url":"https:\/\/floranixena.it\/es\/","name":"FloraNixena - Consegna fiori a domicilio in Italia","description":"Invia fiori che raccontano storie","publisher":{"@id":"https:\/\/floranixena.it\/es\/#organization"},"alternateName":"FloraNixena.it","potentialAction":[{"@type":"SearchAction","target":{"@type":"EntryPoint","urlTemplate":"https:\/\/floranixena.it\/es\/?s={search_term_string}"},"query-input":{"@type":"PropertyValueSpecification","valueRequired":true,"valueName":"search_term_string"}}],"inLanguage":"es"},{"@type":"Organization","@id":"https:\/\/floranixena.it\/es\/#organization","name":"FloraNixena.it - Consegna mazzi di fiori, bouquet e piante a domicilio","url":"https:\/\/floranixena.it\/es\/","logo":{"@type":"ImageObject","inLanguage":"es","@id":"https:\/\/floranixena.it\/es\/#\/schema\/logo\/image\/","url":"https:\/\/floranixena.it\/wp-content\/uploads\/2018\/11\/logo-fucsia.png","contentUrl":"https:\/\/floranixena.it\/wp-content\/uploads\/2018\/11\/logo-fucsia.png","width":315,"height":81,"caption":"FloraNixena.it - Consegna mazzi di fiori, bouquet e piante a domicilio"},"image":{"@id":"https:\/\/floranixena.it\/es\/#\/schema\/logo\/image\/"},"sameAs":["https:\/\/www.facebook.com\/FloraNixena\/","https:\/\/www.instagram.com\/floranixena.it\/","https:\/\/www.youtube.com\/channel\/UCAfCWXMBezO96jgPjiUgpkA"],"description":"Chi Siamo? FloraNixena \u00e8 il partner di fiducia per la consegna di fiori freschi a domicilio. Con anni di esperienza nel settore floreale, siamo dedicati a portare la bellezza e la freschezza dei fiori direttamente alla vostra porta. La Nostra Missione La nostra missione \u00e8 trasformare ogni occasione in un momento speciale attraverso la magia dei fiori. Crediamo che un bouquet possa dire pi\u00f9 di mille parole e lavoriamo instancabilmente per assicurarci che ogni consegna porti gioia, amore e bellezza. Cosa Offriamo? Fiori Freschi: Collaboriamo con i migliori fornitori locali per garantire che i nostri fiori siano sempre freschi e di alta qualit\u00e0. Consegna Rapida e Puntuale: Offriamo un servizio di consegna rapido e affidabile, con la possibilit\u00e0 di scegliere la fascia oraria che pi\u00f9 vi conviene. Ampia Selezione: Dalle rose classiche ai bouquet personalizzati, abbiamo una vasta gamma di opzioni per soddisfare ogni gusto e occasione. Assistenza Clienti: Il nostro team \u00e8 sempre a disposizione per assistervi nella scelta del bouquet perfetto e per garantire un'esperienza di acquisto senza intoppi. Perch\u00e9 Sceglierci? Qualit\u00e0 Garantita: Ogni bouquet \u00e8 realizzato con cura dai nostri esperti fioristi, garantendo che ogni composizione sia un'opera d'arte. Servizio Personalizzato: Che sia per un anniversario, un compleanno, una celebrazione o un momento di condoglianza, personalizziamo ogni ordine per rispondere alle vostre esigenze specifiche. Soddisfazione del Cliente: La vostra soddisfazione \u00e8 la nostra priorit\u00e0 assoluta. Facciamo tutto il possibile per assicurarci che ogni consegna superi le vostre aspettative.","email":"amministrazione@floranixena.it","telephone":"3806342394","legalName":"Gaetano Votadoro"}]}},"_links":{"self":[{"href":"https:\/\/floranixena.it\/es\/wp-json\/wp\/v2\/product\/18193","targetHints":{"allow":["GET"]}}],"collection":[{"href":"https:\/\/floranixena.it\/es\/wp-json\/wp\/v2\/product"}],"about":[{"href":"https:\/\/floranixena.it\/es\/wp-json\/wp\/v2\/types\/product"}],"replies":[{"embeddable":true,"href":"https:\/\/floranixena.it\/es\/wp-json\/wp\/v2\/comments?post=18193"}],"wp:featuredmedia":[{"embeddable":true,"href":"https:\/\/floranixena.it\/es\/wp-json\/wp\/v2\/media\/18194"}],"wp:attachment":[{"href":"https:\/\/floranixena.it\/es\/wp-json\/wp\/v2\/media?parent=18193"}],"wp:term":[{"taxonomy":"product_brand","embeddable":true,"href":"https:\/\/floranixena.it\/es\/wp-json\/wp\/v2\/product_brand?post=18193"},{"taxonomy":"product_cat","embeddable":true,"href":"https:\/\/floranixena.it\/es\/wp-json\/wp\/v2\/product_cat?post=18193"},{"taxonomy":"product_tag","embeddable":true,"href":"https:\/\/floranixena.it\/es\/wp-json\/wp\/v2\/product_tag?post=18193"}],"curies":[{"name":"wp","href":"https:\/\/api.w.org\/{rel}","templated":true}]}}