{"id":18151,"date":"2025-08-20T11:00:19","date_gmt":"2025-08-20T09:00:19","guid":{"rendered":"https:\/\/floranixena.it\/product\/tronco-de-la-felicidad\/"},"modified":"2025-09-10T12:25:38","modified_gmt":"2025-09-10T10:25:38","slug":"tronco-de-la-felicidad","status":"publish","type":"product","link":"https:\/\/floranixena.it\/es\/producto\/tronco-de-la-felicidad\/","title":{"rendered":"Tronco de la felicidad"},"content":{"rendered":"<h1 style=\"text-align: justify;\">Es una <a href=\"https:\/\/floranixena.it\/es\/prodotto\/planta-de-aspidistra\/\">planta ornamental<\/a> <\/h1>\n<p style=\"text-align: justify;\"><strong>muy decorativa de interior para el <a href=\"https:\/\/floranixena.it\/es\/cycas\/\">sal\u00f3n o la oficina<\/a><\/strong> tuya o de un querido amigo o colega. el <a href=\"https:\/\/floranixena.it\/invia-fiori-e-piante\/tronchetto-della-felicita\/\">tronco de la felicidad<\/a> originario de las islas de Madagascar, Mauricio y el Oc\u00e9ano \u00cdndico, es una <strong><a href=\"https:\/\/floranixena.it\/prodotto\/kenzia\/\">planta muy elegante que va bien en cualquier apartamento u oficina<\/a><\/strong> y perfecta para regalar. <span class=\"goog-text-highlight\">Esta planta ornamental es una de las preferidas por los clientes para llenar el espacio de un apartamento.<\/span> <\/p>\n<p style=\"text-align: justify;\">A medida que el \u00e1rbol crece, sus hojas inferiores comenzar\u00e1n a caer, revelando largos troncos tipo candelabro. Pueden crecer bastante grandes, pero cuando se podan son f\u00e1cilmente alrededor de 60-70cm. <\/p>\n<p style=\"text-align: justify;\">Su nombre t\u00e9cnico es Dracaena Marginata, no le gusta el sol directo. Tambi\u00e9n podr\u00eda preferir una peque\u00f1a sombra. <\/p>\n<p>Adem\u00e1s, la Dracaena marginata es conocida por su capacidad para purificar el aire, lo que ayuda a crear un ambiente m\u00e1s saludable y c\u00f3modo. Sus hojas pueden absorber sustancias nocivas del aire circundante, mejorando la calidad del aire y reduciendo los niveles de toxinas en interiores. <\/p>\n<p>Gracias a su resistencia y facilidad de cultivo, la Dracaena Marginata es una opci\u00f3n popular para aquellos que desean introducir un poco de <a href=\"https:\/\/floranixena.it\/es\/?attachment_id=10292\" target=\"_blank\" rel=\"noopener\">verde <\/a>en su hogar u oficina sin tener que dedicar demasiado tiempo al cuidado de las <a href=\"https:\/\/floranixena.it\/es\/catalog\/plantas\/\" target=\"_blank\" rel=\"noopener\">plantas<\/a>. Es una planta robusta y adaptable, capaz de prosperar incluso en las condiciones menos ideales. <\/p>\n","protected":false},"excerpt":{"rendered":"<ul>\n<li>1 Planta &#8211; Tronco de la felicidad<\/li>\n<li>Altura de 50 a 70 cm c.ca<\/li>\n<\/ul>\n<p><span style=\"color: #008000;\"><strong>En este producto el env\u00edo es gratuito<\/strong><\/span><\/p>\n<p><a href=\"https:\/\/floranixena.it\/invia-fiori-e-piante\/vaso-in-ceramica\/\"><strong>Jarr\u00f3n de cer\u00e1mica no incluido<\/strong><\/a><\/p>\n","protected":false},"featured_media":6044,"comment_status":"open","ping_status":"closed","template":"","meta":[],"product_brand":[],"product_cat":[4329,4316,4330,4333,4350,4328,4318,4334,4320,4321,4323,4326,4324,4403,4404],"product_tag":[4408,4406,4405,4407],"class_list":{"0":"post-18151","1":"product","2":"type-product","3":"status-publish","4":"has-post-thumbnail","6":"product_cat-amigo","7":"product_cat-compleanno-es","8":"product_cat-dia-de-la-madre","9":"product_cat-felicitaciones","10":"product_cat-fiesta-del-papa","11":"product_cat-onomastico-es","12":"product_cat-oportunidad","13":"product_cat-para-agradecer-a-alguien","14":"product_cat-para-la-hermana","15":"product_cat-para-los-abuelos","16":"product_cat-para-los-tios","17":"product_cat-para-mama","18":"product_cat-para-un-amigo","19":"product_cat-plantas","20":"product_cat-plantas-de-interior","21":"product_tag-dracaena-marginada","22":"product_tag-planta-de-interior","23":"product_tag-planta-de-oficina","24":"product_tag-tronco-de-la-felicidad","26":"first","27":"instock","28":"sale","29":"shipping-taxable","30":"purchasable","31":"product-type-simple"},"yoast_head":"<!-- This site is optimized with the Yoast SEO Premium plugin v27.5 (Yoast SEO v27.5) - https:\/\/yoast.com\/product\/yoast-seo-premium-wordpress\/ -->\n<title>Tronchetto della felicit\u00e0 - Floranixena - Entrega de plantas a domicilio<\/title>\n<meta name=\"description\" content=\"Tronchetto de la felicidad, una planta ornamental ideal para tu apartamento u oficina, con entrega a domicilio en el d\u00eda.\" \/>\n<meta name=\"robots\" content=\"index, follow, max-snippet:-1, max-image-preview:large, max-video-preview:-1\" \/>\n<link rel=\"canonical\" href=\"https:\/\/floranixena.it\/es\/producto\/tronco-de-la-felicidad\/\" \/>\n<meta property=\"og:locale\" content=\"es_ES\" \/>\n<meta property=\"og:type\" content=\"article\" \/>\n<meta property=\"og:title\" content=\"Tronco de la felicidad\" \/>\n<meta property=\"og:description\" content=\"1 Planta - Tronco de la felicidad  Altura de 50 a 70 cm c.ca En este producto el env\u00edo es gratuito Jarr\u00f3n de cer\u00e1mica no incluido\" \/>\n<meta property=\"og:url\" content=\"https:\/\/floranixena.it\/es\/producto\/tronco-de-la-felicidad\/\" \/>\n<meta property=\"og:site_name\" content=\"FloraNixena - FloraNixena - Entrega de flores a domicilio\" \/>\n<meta property=\"article:publisher\" content=\"https:\/\/www.facebook.com\/FloraNixena\/\" \/>\n<meta property=\"article:modified_time\" content=\"2025-09-10T10:25:38+00:00\" \/>\n<meta property=\"og:image\" content=\"https:\/\/floranixena.it\/wp-content\/uploads\/2020\/09\/tronchetto-della-felicita-dracena-consegna-piante-da-appartamento-e-uffici-a-domicilio-con-floranixena-768x768-1.jpg\" \/>\n\t<meta property=\"og:image:width\" content=\"800\" \/>\n\t<meta property=\"og:image:height\" content=\"800\" \/>\n\t<meta property=\"og:image:type\" content=\"image\/jpeg\" \/>\n<meta name=\"twitter:card\" content=\"summary_large_image\" \/>\n<meta name=\"twitter:label1\" content=\"Tiempo de lectura\" \/>\n\t<meta name=\"twitter:data1\" content=\"1 minuto\" \/>\n<script type=\"application\/ld+json\" class=\"yoast-schema-graph\">{\"@context\":\"https:\\\/\\\/schema.org\",\"@graph\":[{\"@type\":\"WebPage\",\"@id\":\"https:\\\/\\\/floranixena.it\\\/es\\\/producto\\\/tronco-de-la-felicidad\\\/\",\"url\":\"https:\\\/\\\/floranixena.it\\\/es\\\/producto\\\/tronco-de-la-felicidad\\\/\",\"name\":\"Tronchetto della felicit\u00e0 - Floranixena - Entrega de plantas a domicilio\",\"isPartOf\":{\"@id\":\"https:\\\/\\\/floranixena.it\\\/es\\\/#website\"},\"primaryImageOfPage\":{\"@id\":\"https:\\\/\\\/floranixena.it\\\/es\\\/producto\\\/tronco-de-la-felicidad\\\/#primaryimage\"},\"image\":{\"@id\":\"https:\\\/\\\/floranixena.it\\\/es\\\/producto\\\/tronco-de-la-felicidad\\\/#primaryimage\"},\"thumbnailUrl\":\"https:\\\/\\\/floranixena.it\\\/wp-content\\\/uploads\\\/2020\\\/09\\\/tronchetto-della-felicita-dracena-consegna-piante-da-appartamento-e-uffici-a-domicilio-con-floranixena-768x768-1.jpg\",\"datePublished\":\"2025-08-20T09:00:19+00:00\",\"dateModified\":\"2025-09-10T10:25:38+00:00\",\"description\":\"Tronchetto de la felicidad, una planta ornamental ideal para tu apartamento u oficina, con entrega a domicilio en el d\u00eda.\",\"breadcrumb\":{\"@id\":\"https:\\\/\\\/floranixena.it\\\/es\\\/producto\\\/tronco-de-la-felicidad\\\/#breadcrumb\"},\"inLanguage\":\"es\",\"potentialAction\":[{\"@type\":\"ReadAction\",\"target\":[\"https:\\\/\\\/floranixena.it\\\/es\\\/producto\\\/tronco-de-la-felicidad\\\/\"]}]},{\"@type\":\"ImageObject\",\"inLanguage\":\"es\",\"@id\":\"https:\\\/\\\/floranixena.it\\\/es\\\/producto\\\/tronco-de-la-felicidad\\\/#primaryimage\",\"url\":\"https:\\\/\\\/floranixena.it\\\/wp-content\\\/uploads\\\/2020\\\/09\\\/tronchetto-della-felicita-dracena-consegna-piante-da-appartamento-e-uffici-a-domicilio-con-floranixena-768x768-1.jpg\",\"contentUrl\":\"https:\\\/\\\/floranixena.it\\\/wp-content\\\/uploads\\\/2020\\\/09\\\/tronchetto-della-felicita-dracena-consegna-piante-da-appartamento-e-uffici-a-domicilio-con-floranixena-768x768-1.jpg\",\"width\":800,\"height\":800,\"caption\":\"Tronchetto della felicit\u00e0 - Dracaena Marginata\"},{\"@type\":\"BreadcrumbList\",\"@id\":\"https:\\\/\\\/floranixena.it\\\/es\\\/producto\\\/tronco-de-la-felicidad\\\/#breadcrumb\",\"itemListElement\":[{\"@type\":\"ListItem\",\"position\":1,\"name\":\"Home\",\"item\":\"https:\\\/\\\/floranixena.it\\\/es\\\/\"},{\"@type\":\"ListItem\",\"position\":2,\"name\":\"tienda\",\"item\":\"https:\\\/\\\/floranixena.it\\\/es\\\/tienda\\\/\"},{\"@type\":\"ListItem\",\"position\":3,\"name\":\"Tronco de la felicidad\"}]},{\"@type\":\"WebSite\",\"@id\":\"https:\\\/\\\/floranixena.it\\\/es\\\/#website\",\"url\":\"https:\\\/\\\/floranixena.it\\\/es\\\/\",\"name\":\"FloraNixena - Consegna fiori a domicilio in Italia\",\"description\":\"Invia fiori che raccontano storie\",\"publisher\":{\"@id\":\"https:\\\/\\\/floranixena.it\\\/es\\\/#organization\"},\"alternateName\":\"FloraNixena.it\",\"potentialAction\":[{\"@type\":\"SearchAction\",\"target\":{\"@type\":\"EntryPoint\",\"urlTemplate\":\"https:\\\/\\\/floranixena.it\\\/es\\\/?s={search_term_string}\"},\"query-input\":{\"@type\":\"PropertyValueSpecification\",\"valueRequired\":true,\"valueName\":\"search_term_string\"}}],\"inLanguage\":\"es\"},{\"@type\":\"Organization\",\"@id\":\"https:\\\/\\\/floranixena.it\\\/es\\\/#organization\",\"name\":\"FloraNixena.it - Consegna mazzi di fiori, bouquet e piante a domicilio\",\"url\":\"https:\\\/\\\/floranixena.it\\\/es\\\/\",\"logo\":{\"@type\":\"ImageObject\",\"inLanguage\":\"es\",\"@id\":\"https:\\\/\\\/floranixena.it\\\/es\\\/#\\\/schema\\\/logo\\\/image\\\/\",\"url\":\"https:\\\/\\\/floranixena.it\\\/wp-content\\\/uploads\\\/2018\\\/11\\\/logo-fucsia.png\",\"contentUrl\":\"https:\\\/\\\/floranixena.it\\\/wp-content\\\/uploads\\\/2018\\\/11\\\/logo-fucsia.png\",\"width\":315,\"height\":81,\"caption\":\"FloraNixena.it - Consegna mazzi di fiori, bouquet e piante a domicilio\"},\"image\":{\"@id\":\"https:\\\/\\\/floranixena.it\\\/es\\\/#\\\/schema\\\/logo\\\/image\\\/\"},\"sameAs\":[\"https:\\\/\\\/www.facebook.com\\\/FloraNixena\\\/\",\"https:\\\/\\\/www.instagram.com\\\/floranixena.it\\\/\",\"https:\\\/\\\/www.youtube.com\\\/channel\\\/UCAfCWXMBezO96jgPjiUgpkA\"],\"description\":\"Chi Siamo? FloraNixena \u00e8 il partner di fiducia per la consegna di fiori freschi a domicilio. Con anni di esperienza nel settore floreale, siamo dedicati a portare la bellezza e la freschezza dei fiori direttamente alla vostra porta. La Nostra Missione La nostra missione \u00e8 trasformare ogni occasione in un momento speciale attraverso la magia dei fiori. Crediamo che un bouquet possa dire pi\u00f9 di mille parole e lavoriamo instancabilmente per assicurarci che ogni consegna porti gioia, amore e bellezza. Cosa Offriamo? Fiori Freschi: Collaboriamo con i migliori fornitori locali per garantire che i nostri fiori siano sempre freschi e di alta qualit\u00e0. Consegna Rapida e Puntuale: Offriamo un servizio di consegna rapido e affidabile, con la possibilit\u00e0 di scegliere la fascia oraria che pi\u00f9 vi conviene. Ampia Selezione: Dalle rose classiche ai bouquet personalizzati, abbiamo una vasta gamma di opzioni per soddisfare ogni gusto e occasione. Assistenza Clienti: Il nostro team \u00e8 sempre a disposizione per assistervi nella scelta del bouquet perfetto e per garantire un'esperienza di acquisto senza intoppi. Perch\u00e9 Sceglierci? Qualit\u00e0 Garantita: Ogni bouquet \u00e8 realizzato con cura dai nostri esperti fioristi, garantendo che ogni composizione sia un'opera d'arte. Servizio Personalizzato: Che sia per un anniversario, un compleanno, una celebrazione o un momento di condoglianza, personalizziamo ogni ordine per rispondere alle vostre esigenze specifiche. Soddisfazione del Cliente: La vostra soddisfazione \u00e8 la nostra priorit\u00e0 assoluta. Facciamo tutto il possibile per assicurarci che ogni consegna superi le vostre aspettative.\",\"email\":\"amministrazione@floranixena.it\",\"telephone\":\"3806342394\",\"legalName\":\"Gaetano Votadoro\"}]}<\/script>\n<!-- \/ Yoast SEO Premium plugin. -->","yoast_head_json":{"title":"Tronchetto della felicit\u00e0 - Floranixena - Entrega de plantas a domicilio","description":"Tronchetto de la felicidad, una planta ornamental ideal para tu apartamento u oficina, con entrega a domicilio en el d\u00eda.","robots":{"index":"index","follow":"follow","max-snippet":"max-snippet:-1","max-image-preview":"max-image-preview:large","max-video-preview":"max-video-preview:-1"},"canonical":"https:\/\/floranixena.it\/es\/producto\/tronco-de-la-felicidad\/","og_locale":"es_ES","og_type":"article","og_title":"Tronco de la felicidad","og_description":"1 Planta - Tronco de la felicidad  Altura de 50 a 70 cm c.ca En este producto el env\u00edo es gratuito Jarr\u00f3n de cer\u00e1mica no incluido","og_url":"https:\/\/floranixena.it\/es\/producto\/tronco-de-la-felicidad\/","og_site_name":"FloraNixena - FloraNixena - Entrega de flores a domicilio","article_publisher":"https:\/\/www.facebook.com\/FloraNixena\/","article_modified_time":"2025-09-10T10:25:38+00:00","og_image":[{"width":800,"height":800,"url":"https:\/\/floranixena.it\/wp-content\/uploads\/2020\/09\/tronchetto-della-felicita-dracena-consegna-piante-da-appartamento-e-uffici-a-domicilio-con-floranixena-768x768-1.jpg","type":"image\/jpeg"}],"twitter_card":"summary_large_image","twitter_misc":{"Tiempo de lectura":"1 minuto"},"schema":{"@context":"https:\/\/schema.org","@graph":[{"@type":"WebPage","@id":"https:\/\/floranixena.it\/es\/producto\/tronco-de-la-felicidad\/","url":"https:\/\/floranixena.it\/es\/producto\/tronco-de-la-felicidad\/","name":"Tronchetto della felicit\u00e0 - Floranixena - Entrega de plantas a domicilio","isPartOf":{"@id":"https:\/\/floranixena.it\/es\/#website"},"primaryImageOfPage":{"@id":"https:\/\/floranixena.it\/es\/producto\/tronco-de-la-felicidad\/#primaryimage"},"image":{"@id":"https:\/\/floranixena.it\/es\/producto\/tronco-de-la-felicidad\/#primaryimage"},"thumbnailUrl":"https:\/\/floranixena.it\/wp-content\/uploads\/2020\/09\/tronchetto-della-felicita-dracena-consegna-piante-da-appartamento-e-uffici-a-domicilio-con-floranixena-768x768-1.jpg","datePublished":"2025-08-20T09:00:19+00:00","dateModified":"2025-09-10T10:25:38+00:00","description":"Tronchetto de la felicidad, una planta ornamental ideal para tu apartamento u oficina, con entrega a domicilio en el d\u00eda.","breadcrumb":{"@id":"https:\/\/floranixena.it\/es\/producto\/tronco-de-la-felicidad\/#breadcrumb"},"inLanguage":"es","potentialAction":[{"@type":"ReadAction","target":["https:\/\/floranixena.it\/es\/producto\/tronco-de-la-felicidad\/"]}]},{"@type":"ImageObject","inLanguage":"es","@id":"https:\/\/floranixena.it\/es\/producto\/tronco-de-la-felicidad\/#primaryimage","url":"https:\/\/floranixena.it\/wp-content\/uploads\/2020\/09\/tronchetto-della-felicita-dracena-consegna-piante-da-appartamento-e-uffici-a-domicilio-con-floranixena-768x768-1.jpg","contentUrl":"https:\/\/floranixena.it\/wp-content\/uploads\/2020\/09\/tronchetto-della-felicita-dracena-consegna-piante-da-appartamento-e-uffici-a-domicilio-con-floranixena-768x768-1.jpg","width":800,"height":800,"caption":"Tronchetto della felicit\u00e0 - Dracaena Marginata"},{"@type":"BreadcrumbList","@id":"https:\/\/floranixena.it\/es\/producto\/tronco-de-la-felicidad\/#breadcrumb","itemListElement":[{"@type":"ListItem","position":1,"name":"Home","item":"https:\/\/floranixena.it\/es\/"},{"@type":"ListItem","position":2,"name":"tienda","item":"https:\/\/floranixena.it\/es\/tienda\/"},{"@type":"ListItem","position":3,"name":"Tronco de la felicidad"}]},{"@type":"WebSite","@id":"https:\/\/floranixena.it\/es\/#website","url":"https:\/\/floranixena.it\/es\/","name":"FloraNixena - Consegna fiori a domicilio in Italia","description":"Invia fiori che raccontano storie","publisher":{"@id":"https:\/\/floranixena.it\/es\/#organization"},"alternateName":"FloraNixena.it","potentialAction":[{"@type":"SearchAction","target":{"@type":"EntryPoint","urlTemplate":"https:\/\/floranixena.it\/es\/?s={search_term_string}"},"query-input":{"@type":"PropertyValueSpecification","valueRequired":true,"valueName":"search_term_string"}}],"inLanguage":"es"},{"@type":"Organization","@id":"https:\/\/floranixena.it\/es\/#organization","name":"FloraNixena.it - Consegna mazzi di fiori, bouquet e piante a domicilio","url":"https:\/\/floranixena.it\/es\/","logo":{"@type":"ImageObject","inLanguage":"es","@id":"https:\/\/floranixena.it\/es\/#\/schema\/logo\/image\/","url":"https:\/\/floranixena.it\/wp-content\/uploads\/2018\/11\/logo-fucsia.png","contentUrl":"https:\/\/floranixena.it\/wp-content\/uploads\/2018\/11\/logo-fucsia.png","width":315,"height":81,"caption":"FloraNixena.it - Consegna mazzi di fiori, bouquet e piante a domicilio"},"image":{"@id":"https:\/\/floranixena.it\/es\/#\/schema\/logo\/image\/"},"sameAs":["https:\/\/www.facebook.com\/FloraNixena\/","https:\/\/www.instagram.com\/floranixena.it\/","https:\/\/www.youtube.com\/channel\/UCAfCWXMBezO96jgPjiUgpkA"],"description":"Chi Siamo? FloraNixena \u00e8 il partner di fiducia per la consegna di fiori freschi a domicilio. Con anni di esperienza nel settore floreale, siamo dedicati a portare la bellezza e la freschezza dei fiori direttamente alla vostra porta. La Nostra Missione La nostra missione \u00e8 trasformare ogni occasione in un momento speciale attraverso la magia dei fiori. Crediamo che un bouquet possa dire pi\u00f9 di mille parole e lavoriamo instancabilmente per assicurarci che ogni consegna porti gioia, amore e bellezza. Cosa Offriamo? Fiori Freschi: Collaboriamo con i migliori fornitori locali per garantire che i nostri fiori siano sempre freschi e di alta qualit\u00e0. Consegna Rapida e Puntuale: Offriamo un servizio di consegna rapido e affidabile, con la possibilit\u00e0 di scegliere la fascia oraria che pi\u00f9 vi conviene. Ampia Selezione: Dalle rose classiche ai bouquet personalizzati, abbiamo una vasta gamma di opzioni per soddisfare ogni gusto e occasione. Assistenza Clienti: Il nostro team \u00e8 sempre a disposizione per assistervi nella scelta del bouquet perfetto e per garantire un'esperienza di acquisto senza intoppi. Perch\u00e9 Sceglierci? Qualit\u00e0 Garantita: Ogni bouquet \u00e8 realizzato con cura dai nostri esperti fioristi, garantendo che ogni composizione sia un'opera d'arte. Servizio Personalizzato: Che sia per un anniversario, un compleanno, una celebrazione o un momento di condoglianza, personalizziamo ogni ordine per rispondere alle vostre esigenze specifiche. Soddisfazione del Cliente: La vostra soddisfazione \u00e8 la nostra priorit\u00e0 assoluta. Facciamo tutto il possibile per assicurarci che ogni consegna superi le vostre aspettative.","email":"amministrazione@floranixena.it","telephone":"3806342394","legalName":"Gaetano Votadoro"}]}},"_links":{"self":[{"href":"https:\/\/floranixena.it\/es\/wp-json\/wp\/v2\/product\/18151","targetHints":{"allow":["GET"]}}],"collection":[{"href":"https:\/\/floranixena.it\/es\/wp-json\/wp\/v2\/product"}],"about":[{"href":"https:\/\/floranixena.it\/es\/wp-json\/wp\/v2\/types\/product"}],"replies":[{"embeddable":true,"href":"https:\/\/floranixena.it\/es\/wp-json\/wp\/v2\/comments?post=18151"}],"wp:featuredmedia":[{"embeddable":true,"href":"https:\/\/floranixena.it\/es\/wp-json\/wp\/v2\/media\/6044"}],"wp:attachment":[{"href":"https:\/\/floranixena.it\/es\/wp-json\/wp\/v2\/media?parent=18151"}],"wp:term":[{"taxonomy":"product_brand","embeddable":true,"href":"https:\/\/floranixena.it\/es\/wp-json\/wp\/v2\/product_brand?post=18151"},{"taxonomy":"product_cat","embeddable":true,"href":"https:\/\/floranixena.it\/es\/wp-json\/wp\/v2\/product_cat?post=18151"},{"taxonomy":"product_tag","embeddable":true,"href":"https:\/\/floranixena.it\/es\/wp-json\/wp\/v2\/product_tag?post=18151"}],"curies":[{"name":"wp","href":"https:\/\/api.w.org\/{rel}","templated":true}]}}