{"id":18140,"date":"2025-08-20T11:00:50","date_gmt":"2025-08-20T09:00:50","guid":{"rendered":"https:\/\/floranixena.it\/product\/rosas-naranjas-a-eleccion\/"},"modified":"2025-09-10T12:02:43","modified_gmt":"2025-09-10T10:02:43","slug":"rosas-naranjas-a-eleccion","status":"publish","type":"product","link":"https:\/\/floranixena.it\/es\/producto\/rosas-naranjas-a-eleccion\/","title":{"rendered":"Rosas naranjas a elecci\u00f3n"},"content":{"rendered":"<h1>Rosas naranjas a elecci\u00f3n<\/h1>\n<p>Convierta el d\u00eda de esa persona especial en una experiencia inolvidable con <strong>nuestras<a href=\"https:\/\/floranixena.it\/es\/tag\/rosas-rojas-y-gerberas\/\"> rosas naranjas <\/a>de su elecci\u00f3n<\/strong>! Con nuestra selecci\u00f3n de <a href=\"https:\/\/floranixena.it\/prodotto\/rosa-stabilizzata-arancio\/\">rosas naranjas<\/a>, puedes crear f\u00e1cilmente el <a href=\"https:\/\/floranixena.it\/es\/prodotto\/tonic-ramo-anaranjado\/\">ramo perfecto<\/a> que exprese tus sentimientos y emociones. Elige entre un m\u00ednimo de tres y crea una hermosa <a href=\"https:\/\/floranixena.it\/es\/prodotto\/ramo-100-rosas-rojas-luxury\/\" target=\"_blank\" rel=\"noopener\"><strong>composici\u00f3n floral <\/strong><\/a>que durar\u00e1 d\u00edas. Ya sea para una <a href=\"https:\/\/floranixena.it\/es\/prodotto\/ramo-de-tulipanes-naranja\/\">ocasi\u00f3n rom\u00e1ntica<\/a> o simplemente para iluminar el d\u00eda de alguien, \u00a1estas rosas naranjas de tu elecci\u00f3n definitivamente te impresionar\u00e1n!  <\/p>\n<p>Es posible regalar las tres, o incluso m\u00e1s, rosas tambi\u00e9n en <a href=\"https:\/\/floranixena.it\/es\/catalog\/jarrones-y-regalos\/vasos\/\"><strong>jarr\u00f3n<\/strong><\/a>, seleccionando este \u00faltimo en el cat\u00e1logo de regalos, o durante la comprobaci\u00f3n.<\/p>\n<h2 style=\"text-align: center;\">Conoces el significado de las rosas naranjas?<\/h2>\n<p style=\"text-align: justify;\">Las rosas naranjas son en realidad una combinaci\u00f3n de rosas amarillas y rojas, por lo que son una combinaci\u00f3n de amor<a href=\"https:\/\/floranixena.it\/es\/?attachment_id=10467\" target=\"_blank\" rel=\"noopener\"><strong> (rosas rojas)<\/strong><\/a> y amistad (rosas amarillas). Por lo tanto, el tono ardiente del naranja indica intensidad y profunda pasi\u00f3n. Hay muchos significados diferentes de rosas naranjas, uno de los cuales es un encanto y como naranja significa una llama ardiente, una<a href=\"https:\/\/floranixena.it\/es\/tag\/ramo-de-rosas-naranjas-es\/\"><strong> rosa naranja <\/strong><\/a>es indicativa de pasi\u00f3n y deseo \u00abardiente\u00bb. Otros significados de las rosas anaranjadas incluyen energ\u00eda y entusiasmo ilimitados. Enviar o recibir rosas naranjas tambi\u00e9n significa orgullo, el comienzo de nuevas empresas o el inicio de un viaje, por lo que si est\u00e1 buscando la forma perfecta de decirle a alguien que est\u00e1 orgulloso de ellos, una rosa naranja es la manera ideal de expresar sus pensamientos.    <\/p>\n","protected":false},"excerpt":{"rendered":"<ul>\n<li>Rosas naranjas a elecci\u00f3n (elegir la cantidad m\u00ednima 3)<\/li>\n<li>Jarr\u00f3n no incluido<\/li>\n<\/ul>\n","protected":false},"featured_media":18141,"comment_status":"open","ping_status":"closed","template":"","meta":[],"product_brand":[],"product_cat":[4331,4317,4362,4316,4342,4327,4335,4363,4340,4339,4341,4338,4315,4365,4328,4361,4358,4360,4336,4359],"product_tag":[4393,4394,4392,4391,4390,4343,4368],"class_list":{"0":"post-18140","1":"product","2":"type-product","3":"status-publish","4":"has-post-thumbnail","6":"product_cat-amor-y-el-romance","7":"product_cat-aniversario","8":"product_cat-como-admirador-secreto","9":"product_cat-compleanno-es","10":"product_cat-decimoctavo-cumpleanos","11":"product_cat-dia-de-la-mujer","12":"product_cat-disculpa","13":"product_cat-flores-clasicas-y-romanticas","14":"product_cat-flores-de-invierno","15":"product_cat-flores-de-otono","16":"product_cat-flores-de-primavera","17":"product_cat-flores-de-verano","18":"product_cat-flores-para-eventos","19":"product_cat-navidad","20":"product_cat-onomastico-es","21":"product_cat-para-la-esposa-o-la-novia","22":"product_cat-para-la-esposa-o-novia","23":"product_cat-para-nuevas-revelaciones","24":"product_cat-rosas","25":"product_cat-san-valentin","26":"product_tag-ramo-de-rosas-naranjas","27":"product_tag-ramo-de-rosas-naranjas-es","28":"product_tag-rosas-anaranjadas-y-amarillas","29":"product_tag-rosas-de-color-naranja-degradado","30":"product_tag-rosas-naranjas","31":"product_tag-rosas-rojas","32":"product_tag-san-valentin","34":"first","35":"instock","36":"sale","37":"shipping-taxable","38":"purchasable","39":"product-type-simple"},"yoast_head":"<!-- This site is optimized with the Yoast SEO Premium plugin v27.5 (Yoast SEO v27.5) - https:\/\/yoast.com\/product\/yoast-seo-premium-wordpress\/ -->\n<title>Rosas naranjas a elecci\u00f3n - FloraNixena - FloraNixena - Entrega de flores a domicilio<\/title>\n<meta name=\"description\" content=\"Nuestras rosas naranjas de su elecci\u00f3n, para enviar a la persona amada para una sorpresa rom\u00e1ntica. Regala una cantidad personalizada de rosas.\" \/>\n<meta name=\"robots\" content=\"index, follow, max-snippet:-1, max-image-preview:large, max-video-preview:-1\" \/>\n<link rel=\"canonical\" href=\"https:\/\/floranixena.it\/es\/producto\/rosas-naranjas-a-eleccion\/\" \/>\n<meta property=\"og:locale\" content=\"es_ES\" \/>\n<meta property=\"og:type\" content=\"article\" \/>\n<meta property=\"og:title\" content=\"Rosas naranjas a elecci\u00f3n\" \/>\n<meta property=\"og:description\" content=\"Rosas naranjas a elecci\u00f3n (elegir la cantidad m\u00ednima 3)  Jarr\u00f3n no incluido\" \/>\n<meta property=\"og:url\" content=\"https:\/\/floranixena.it\/es\/producto\/rosas-naranjas-a-eleccion\/\" \/>\n<meta property=\"og:site_name\" content=\"FloraNixena - FloraNixena - Entrega de flores a domicilio\" \/>\n<meta property=\"article:publisher\" content=\"https:\/\/www.facebook.com\/FloraNixena\/\" \/>\n<meta property=\"article:modified_time\" content=\"2025-09-10T10:02:43+00:00\" \/>\n<meta property=\"og:image\" content=\"https:\/\/floranixena.it\/wp-content\/uploads\/2020\/07\/Scegli-quante-rose-arancio-vuoi-inviare-alla-person-cara-zia-per-la-festa-dei-nonni-del-papa-della-mamma-festa-della-donna-a-milano-e-roma.jpg\" \/>\n\t<meta property=\"og:image:width\" content=\"800\" \/>\n\t<meta property=\"og:image:height\" content=\"800\" \/>\n\t<meta property=\"og:image:type\" content=\"image\/jpeg\" \/>\n<meta name=\"twitter:card\" content=\"summary_large_image\" \/>\n<meta name=\"twitter:label1\" content=\"Tiempo de lectura\" \/>\n\t<meta name=\"twitter:data1\" content=\"1 minuto\" \/>\n<script type=\"application\/ld+json\" class=\"yoast-schema-graph\">{\"@context\":\"https:\\\/\\\/schema.org\",\"@graph\":[{\"@type\":\"WebPage\",\"@id\":\"https:\\\/\\\/floranixena.it\\\/es\\\/producto\\\/rosas-naranjas-a-eleccion\\\/\",\"url\":\"https:\\\/\\\/floranixena.it\\\/es\\\/producto\\\/rosas-naranjas-a-eleccion\\\/\",\"name\":\"Rosas naranjas a elecci\u00f3n - FloraNixena - FloraNixena - Entrega de flores a domicilio\",\"isPartOf\":{\"@id\":\"https:\\\/\\\/floranixena.it\\\/es\\\/#website\"},\"primaryImageOfPage\":{\"@id\":\"https:\\\/\\\/floranixena.it\\\/es\\\/producto\\\/rosas-naranjas-a-eleccion\\\/#primaryimage\"},\"image\":{\"@id\":\"https:\\\/\\\/floranixena.it\\\/es\\\/producto\\\/rosas-naranjas-a-eleccion\\\/#primaryimage\"},\"thumbnailUrl\":\"https:\\\/\\\/floranixena.it\\\/wp-content\\\/uploads\\\/2020\\\/07\\\/Scegli-quante-rose-arancio-vuoi-inviare-alla-person-cara-zia-per-la-festa-dei-nonni-del-papa-della-mamma-festa-della-donna-a-milano-e-roma.jpg\",\"datePublished\":\"2025-08-20T09:00:50+00:00\",\"dateModified\":\"2025-09-10T10:02:43+00:00\",\"description\":\"Nuestras rosas naranjas de su elecci\u00f3n, para enviar a la persona amada para una sorpresa rom\u00e1ntica. Regala una cantidad personalizada de rosas.\",\"breadcrumb\":{\"@id\":\"https:\\\/\\\/floranixena.it\\\/es\\\/producto\\\/rosas-naranjas-a-eleccion\\\/#breadcrumb\"},\"inLanguage\":\"es\",\"potentialAction\":[{\"@type\":\"ReadAction\",\"target\":[\"https:\\\/\\\/floranixena.it\\\/es\\\/producto\\\/rosas-naranjas-a-eleccion\\\/\"]}]},{\"@type\":\"ImageObject\",\"inLanguage\":\"es\",\"@id\":\"https:\\\/\\\/floranixena.it\\\/es\\\/producto\\\/rosas-naranjas-a-eleccion\\\/#primaryimage\",\"url\":\"https:\\\/\\\/floranixena.it\\\/wp-content\\\/uploads\\\/2020\\\/07\\\/Scegli-quante-rose-arancio-vuoi-inviare-alla-person-cara-zia-per-la-festa-dei-nonni-del-papa-della-mamma-festa-della-donna-a-milano-e-roma.jpg\",\"contentUrl\":\"https:\\\/\\\/floranixena.it\\\/wp-content\\\/uploads\\\/2020\\\/07\\\/Scegli-quante-rose-arancio-vuoi-inviare-alla-person-cara-zia-per-la-festa-dei-nonni-del-papa-della-mamma-festa-della-donna-a-milano-e-roma.jpg\",\"width\":800,\"height\":800,\"caption\":\"Lasciati ispirare dal dinamismo del mazzo di rose arancio, simbolo di entusiasmo floreale.\"},{\"@type\":\"BreadcrumbList\",\"@id\":\"https:\\\/\\\/floranixena.it\\\/es\\\/producto\\\/rosas-naranjas-a-eleccion\\\/#breadcrumb\",\"itemListElement\":[{\"@type\":\"ListItem\",\"position\":1,\"name\":\"Home\",\"item\":\"https:\\\/\\\/floranixena.it\\\/es\\\/\"},{\"@type\":\"ListItem\",\"position\":2,\"name\":\"tienda\",\"item\":\"https:\\\/\\\/floranixena.it\\\/es\\\/tienda\\\/\"},{\"@type\":\"ListItem\",\"position\":3,\"name\":\"Rosas naranjas a elecci\u00f3n\"}]},{\"@type\":\"WebSite\",\"@id\":\"https:\\\/\\\/floranixena.it\\\/es\\\/#website\",\"url\":\"https:\\\/\\\/floranixena.it\\\/es\\\/\",\"name\":\"FloraNixena - Consegna fiori a domicilio in Italia\",\"description\":\"Invia fiori che raccontano storie\",\"publisher\":{\"@id\":\"https:\\\/\\\/floranixena.it\\\/es\\\/#organization\"},\"alternateName\":\"FloraNixena.it\",\"potentialAction\":[{\"@type\":\"SearchAction\",\"target\":{\"@type\":\"EntryPoint\",\"urlTemplate\":\"https:\\\/\\\/floranixena.it\\\/es\\\/?s={search_term_string}\"},\"query-input\":{\"@type\":\"PropertyValueSpecification\",\"valueRequired\":true,\"valueName\":\"search_term_string\"}}],\"inLanguage\":\"es\"},{\"@type\":\"Organization\",\"@id\":\"https:\\\/\\\/floranixena.it\\\/es\\\/#organization\",\"name\":\"FloraNixena.it - Consegna mazzi di fiori, bouquet e piante a domicilio\",\"url\":\"https:\\\/\\\/floranixena.it\\\/es\\\/\",\"logo\":{\"@type\":\"ImageObject\",\"inLanguage\":\"es\",\"@id\":\"https:\\\/\\\/floranixena.it\\\/es\\\/#\\\/schema\\\/logo\\\/image\\\/\",\"url\":\"https:\\\/\\\/floranixena.it\\\/wp-content\\\/uploads\\\/2018\\\/11\\\/logo-fucsia.png\",\"contentUrl\":\"https:\\\/\\\/floranixena.it\\\/wp-content\\\/uploads\\\/2018\\\/11\\\/logo-fucsia.png\",\"width\":315,\"height\":81,\"caption\":\"FloraNixena.it - Consegna mazzi di fiori, bouquet e piante a domicilio\"},\"image\":{\"@id\":\"https:\\\/\\\/floranixena.it\\\/es\\\/#\\\/schema\\\/logo\\\/image\\\/\"},\"sameAs\":[\"https:\\\/\\\/www.facebook.com\\\/FloraNixena\\\/\",\"https:\\\/\\\/www.instagram.com\\\/floranixena.it\\\/\",\"https:\\\/\\\/www.youtube.com\\\/channel\\\/UCAfCWXMBezO96jgPjiUgpkA\"],\"description\":\"Chi Siamo? FloraNixena \u00e8 il partner di fiducia per la consegna di fiori freschi a domicilio. Con anni di esperienza nel settore floreale, siamo dedicati a portare la bellezza e la freschezza dei fiori direttamente alla vostra porta. La Nostra Missione La nostra missione \u00e8 trasformare ogni occasione in un momento speciale attraverso la magia dei fiori. Crediamo che un bouquet possa dire pi\u00f9 di mille parole e lavoriamo instancabilmente per assicurarci che ogni consegna porti gioia, amore e bellezza. Cosa Offriamo? Fiori Freschi: Collaboriamo con i migliori fornitori locali per garantire che i nostri fiori siano sempre freschi e di alta qualit\u00e0. Consegna Rapida e Puntuale: Offriamo un servizio di consegna rapido e affidabile, con la possibilit\u00e0 di scegliere la fascia oraria che pi\u00f9 vi conviene. Ampia Selezione: Dalle rose classiche ai bouquet personalizzati, abbiamo una vasta gamma di opzioni per soddisfare ogni gusto e occasione. Assistenza Clienti: Il nostro team \u00e8 sempre a disposizione per assistervi nella scelta del bouquet perfetto e per garantire un'esperienza di acquisto senza intoppi. Perch\u00e9 Sceglierci? Qualit\u00e0 Garantita: Ogni bouquet \u00e8 realizzato con cura dai nostri esperti fioristi, garantendo che ogni composizione sia un'opera d'arte. Servizio Personalizzato: Che sia per un anniversario, un compleanno, una celebrazione o un momento di condoglianza, personalizziamo ogni ordine per rispondere alle vostre esigenze specifiche. Soddisfazione del Cliente: La vostra soddisfazione \u00e8 la nostra priorit\u00e0 assoluta. Facciamo tutto il possibile per assicurarci che ogni consegna superi le vostre aspettative.\",\"email\":\"amministrazione@floranixena.it\",\"telephone\":\"3806342394\",\"legalName\":\"Gaetano Votadoro\"}]}<\/script>\n<!-- \/ Yoast SEO Premium plugin. -->","yoast_head_json":{"title":"Rosas naranjas a elecci\u00f3n - FloraNixena - FloraNixena - Entrega de flores a domicilio","description":"Nuestras rosas naranjas de su elecci\u00f3n, para enviar a la persona amada para una sorpresa rom\u00e1ntica. Regala una cantidad personalizada de rosas.","robots":{"index":"index","follow":"follow","max-snippet":"max-snippet:-1","max-image-preview":"max-image-preview:large","max-video-preview":"max-video-preview:-1"},"canonical":"https:\/\/floranixena.it\/es\/producto\/rosas-naranjas-a-eleccion\/","og_locale":"es_ES","og_type":"article","og_title":"Rosas naranjas a elecci\u00f3n","og_description":"Rosas naranjas a elecci\u00f3n (elegir la cantidad m\u00ednima 3)  Jarr\u00f3n no incluido","og_url":"https:\/\/floranixena.it\/es\/producto\/rosas-naranjas-a-eleccion\/","og_site_name":"FloraNixena - FloraNixena - Entrega de flores a domicilio","article_publisher":"https:\/\/www.facebook.com\/FloraNixena\/","article_modified_time":"2025-09-10T10:02:43+00:00","og_image":[{"width":800,"height":800,"url":"https:\/\/floranixena.it\/wp-content\/uploads\/2020\/07\/Scegli-quante-rose-arancio-vuoi-inviare-alla-person-cara-zia-per-la-festa-dei-nonni-del-papa-della-mamma-festa-della-donna-a-milano-e-roma.jpg","type":"image\/jpeg"}],"twitter_card":"summary_large_image","twitter_misc":{"Tiempo de lectura":"1 minuto"},"schema":{"@context":"https:\/\/schema.org","@graph":[{"@type":"WebPage","@id":"https:\/\/floranixena.it\/es\/producto\/rosas-naranjas-a-eleccion\/","url":"https:\/\/floranixena.it\/es\/producto\/rosas-naranjas-a-eleccion\/","name":"Rosas naranjas a elecci\u00f3n - FloraNixena - FloraNixena - Entrega de flores a domicilio","isPartOf":{"@id":"https:\/\/floranixena.it\/es\/#website"},"primaryImageOfPage":{"@id":"https:\/\/floranixena.it\/es\/producto\/rosas-naranjas-a-eleccion\/#primaryimage"},"image":{"@id":"https:\/\/floranixena.it\/es\/producto\/rosas-naranjas-a-eleccion\/#primaryimage"},"thumbnailUrl":"https:\/\/floranixena.it\/wp-content\/uploads\/2020\/07\/Scegli-quante-rose-arancio-vuoi-inviare-alla-person-cara-zia-per-la-festa-dei-nonni-del-papa-della-mamma-festa-della-donna-a-milano-e-roma.jpg","datePublished":"2025-08-20T09:00:50+00:00","dateModified":"2025-09-10T10:02:43+00:00","description":"Nuestras rosas naranjas de su elecci\u00f3n, para enviar a la persona amada para una sorpresa rom\u00e1ntica. Regala una cantidad personalizada de rosas.","breadcrumb":{"@id":"https:\/\/floranixena.it\/es\/producto\/rosas-naranjas-a-eleccion\/#breadcrumb"},"inLanguage":"es","potentialAction":[{"@type":"ReadAction","target":["https:\/\/floranixena.it\/es\/producto\/rosas-naranjas-a-eleccion\/"]}]},{"@type":"ImageObject","inLanguage":"es","@id":"https:\/\/floranixena.it\/es\/producto\/rosas-naranjas-a-eleccion\/#primaryimage","url":"https:\/\/floranixena.it\/wp-content\/uploads\/2020\/07\/Scegli-quante-rose-arancio-vuoi-inviare-alla-person-cara-zia-per-la-festa-dei-nonni-del-papa-della-mamma-festa-della-donna-a-milano-e-roma.jpg","contentUrl":"https:\/\/floranixena.it\/wp-content\/uploads\/2020\/07\/Scegli-quante-rose-arancio-vuoi-inviare-alla-person-cara-zia-per-la-festa-dei-nonni-del-papa-della-mamma-festa-della-donna-a-milano-e-roma.jpg","width":800,"height":800,"caption":"Lasciati ispirare dal dinamismo del mazzo di rose arancio, simbolo di entusiasmo floreale."},{"@type":"BreadcrumbList","@id":"https:\/\/floranixena.it\/es\/producto\/rosas-naranjas-a-eleccion\/#breadcrumb","itemListElement":[{"@type":"ListItem","position":1,"name":"Home","item":"https:\/\/floranixena.it\/es\/"},{"@type":"ListItem","position":2,"name":"tienda","item":"https:\/\/floranixena.it\/es\/tienda\/"},{"@type":"ListItem","position":3,"name":"Rosas naranjas a elecci\u00f3n"}]},{"@type":"WebSite","@id":"https:\/\/floranixena.it\/es\/#website","url":"https:\/\/floranixena.it\/es\/","name":"FloraNixena - Consegna fiori a domicilio in Italia","description":"Invia fiori che raccontano storie","publisher":{"@id":"https:\/\/floranixena.it\/es\/#organization"},"alternateName":"FloraNixena.it","potentialAction":[{"@type":"SearchAction","target":{"@type":"EntryPoint","urlTemplate":"https:\/\/floranixena.it\/es\/?s={search_term_string}"},"query-input":{"@type":"PropertyValueSpecification","valueRequired":true,"valueName":"search_term_string"}}],"inLanguage":"es"},{"@type":"Organization","@id":"https:\/\/floranixena.it\/es\/#organization","name":"FloraNixena.it - Consegna mazzi di fiori, bouquet e piante a domicilio","url":"https:\/\/floranixena.it\/es\/","logo":{"@type":"ImageObject","inLanguage":"es","@id":"https:\/\/floranixena.it\/es\/#\/schema\/logo\/image\/","url":"https:\/\/floranixena.it\/wp-content\/uploads\/2018\/11\/logo-fucsia.png","contentUrl":"https:\/\/floranixena.it\/wp-content\/uploads\/2018\/11\/logo-fucsia.png","width":315,"height":81,"caption":"FloraNixena.it - Consegna mazzi di fiori, bouquet e piante a domicilio"},"image":{"@id":"https:\/\/floranixena.it\/es\/#\/schema\/logo\/image\/"},"sameAs":["https:\/\/www.facebook.com\/FloraNixena\/","https:\/\/www.instagram.com\/floranixena.it\/","https:\/\/www.youtube.com\/channel\/UCAfCWXMBezO96jgPjiUgpkA"],"description":"Chi Siamo? FloraNixena \u00e8 il partner di fiducia per la consegna di fiori freschi a domicilio. Con anni di esperienza nel settore floreale, siamo dedicati a portare la bellezza e la freschezza dei fiori direttamente alla vostra porta. La Nostra Missione La nostra missione \u00e8 trasformare ogni occasione in un momento speciale attraverso la magia dei fiori. Crediamo che un bouquet possa dire pi\u00f9 di mille parole e lavoriamo instancabilmente per assicurarci che ogni consegna porti gioia, amore e bellezza. Cosa Offriamo? Fiori Freschi: Collaboriamo con i migliori fornitori locali per garantire che i nostri fiori siano sempre freschi e di alta qualit\u00e0. Consegna Rapida e Puntuale: Offriamo un servizio di consegna rapido e affidabile, con la possibilit\u00e0 di scegliere la fascia oraria che pi\u00f9 vi conviene. Ampia Selezione: Dalle rose classiche ai bouquet personalizzati, abbiamo una vasta gamma di opzioni per soddisfare ogni gusto e occasione. Assistenza Clienti: Il nostro team \u00e8 sempre a disposizione per assistervi nella scelta del bouquet perfetto e per garantire un'esperienza di acquisto senza intoppi. Perch\u00e9 Sceglierci? Qualit\u00e0 Garantita: Ogni bouquet \u00e8 realizzato con cura dai nostri esperti fioristi, garantendo che ogni composizione sia un'opera d'arte. Servizio Personalizzato: Che sia per un anniversario, un compleanno, una celebrazione o un momento di condoglianza, personalizziamo ogni ordine per rispondere alle vostre esigenze specifiche. Soddisfazione del Cliente: La vostra soddisfazione \u00e8 la nostra priorit\u00e0 assoluta. Facciamo tutto il possibile per assicurarci che ogni consegna superi le vostre aspettative.","email":"amministrazione@floranixena.it","telephone":"3806342394","legalName":"Gaetano Votadoro"}]}},"_links":{"self":[{"href":"https:\/\/floranixena.it\/es\/wp-json\/wp\/v2\/product\/18140","targetHints":{"allow":["GET"]}}],"collection":[{"href":"https:\/\/floranixena.it\/es\/wp-json\/wp\/v2\/product"}],"about":[{"href":"https:\/\/floranixena.it\/es\/wp-json\/wp\/v2\/types\/product"}],"replies":[{"embeddable":true,"href":"https:\/\/floranixena.it\/es\/wp-json\/wp\/v2\/comments?post=18140"}],"wp:featuredmedia":[{"embeddable":true,"href":"https:\/\/floranixena.it\/es\/wp-json\/wp\/v2\/media\/18141"}],"wp:attachment":[{"href":"https:\/\/floranixena.it\/es\/wp-json\/wp\/v2\/media?parent=18140"}],"wp:term":[{"taxonomy":"product_brand","embeddable":true,"href":"https:\/\/floranixena.it\/es\/wp-json\/wp\/v2\/product_brand?post=18140"},{"taxonomy":"product_cat","embeddable":true,"href":"https:\/\/floranixena.it\/es\/wp-json\/wp\/v2\/product_cat?post=18140"},{"taxonomy":"product_tag","embeddable":true,"href":"https:\/\/floranixena.it\/es\/wp-json\/wp\/v2\/product_tag?post=18140"}],"curies":[{"name":"wp","href":"https:\/\/api.w.org\/{rel}","templated":true}]}}