{"id":18132,"date":"2025-08-20T11:20:45","date_gmt":"2025-08-20T09:20:45","guid":{"rendered":"https:\/\/floranixena.it\/product\/doce-rosas-rojas-y-rosadas\/"},"modified":"2025-08-20T11:20:45","modified_gmt":"2025-08-20T09:20:45","slug":"doce-rosas-rojas-y-rosadas","status":"publish","type":"product","link":"https:\/\/floranixena.it\/es\/producto\/doce-rosas-rojas-y-rosadas\/","title":{"rendered":"Doce rosas rojas y rosadas"},"content":{"rendered":"<h1>Composici\u00f3n de rosas rosadas y rojas<\/h1>\n<p>\u00bfQu\u00e9 podr\u00eda ser m\u00e1s rom\u00e1ntico? Celebra el amor de una manera perfecta mezclando <a href=\"https:\/\/floranixena.it\/es\/prodotto\/ramo-12-rosas-rojas\/\">rosas rojas y rosadas<\/a> en un ramo de \u00abEterna Pasi\u00f3n\u00bb de flores de colores mixtos. Cada ramo est\u00e1 compuesto por <a href=\"https:\/\/floranixena.it\/es\/catalog\/san-valentin\/\" target=\"_blank\" rel=\"noopener\"><strong>6 rosas de color rojo <\/strong><\/a>y 6 rosas, creando una mezcla encantadora y rom\u00e1ntica.  <\/p>\n<p>Para completar tu <a href=\"https:\/\/floranixena.it\/prodotto\/orsetto-di-rose-rosse\/\">regalo<\/a>, elige un jarr\u00f3n que se adapte a tu estilo. Desde el cl\u00e1sico jarr\u00f3n rojo hasta el rom\u00e1ntico, encontrar\u00e1s la opci\u00f3n perfecta para realzar la belleza de tus rosas. <\/p>\n<p><strong>Personaliza tu ramo para un toque especial<\/strong><\/p>\n<p>Haz que tu<a href=\"https:\/\/floranixena.it\/prodotto\/cuore-di-rose-rosse\/\"> regalo sea a\u00fan m\u00e1s especial <\/a>personalizando el ramo con detalles \u00fanicos. A\u00f1ade una tarjeta de felicitaci\u00f3n con una dedicatoria rom\u00e1ntica, un <a href=\"https:\/\/floranixena.it\/prodotto\/orsacchiotto-di-peluche\/\" target=\"_blank\" rel=\"noopener\"><strong>peluche tierno<\/strong><\/a> o una caja de chocolates para completar la sorpresa. Cada detalle ayudar\u00e1 a crear una experiencia memorable y mostrar su afecto de una manera \u00fanica.  <\/p>\n<p><strong>La calidad que te mereces<\/strong><\/p>\n<p>Cada <a href=\"https:\/\/floranixena.it\/es\/prodotto\/ramo-12-rosas-rojas\/\" target=\"_blank\" rel=\"noopener\"><strong>rosa <\/strong><\/a>de nuestro ramo es cuidadosamente seleccionado para garantizar una frescura y belleza duraderas. El rojo simboliza el amor y la pasi\u00f3n, mientras que el rosa representa la admiraci\u00f3n y la gratitud. Juntos, crean un mensaje de amor perfecto para tu d\u00eda de <a href=\"https:\/\/floranixena.it\/es\/catalog\/san-valentin\/\" target=\"_blank\" rel=\"noopener\"><strong>San Valent\u00edn.<\/strong><\/a>  <\/p>\n<p><strong>Pide ahora y sorprende a tu amor<\/strong><\/p>\n<p>No esperes hasta el \u00faltimo minuto! Pide ahora tu <a href=\"https:\/\/floranixena.it\/prodotto\/bouquet-di-rose-rosse-e-lisianthus-bianchi\/\" target=\"_blank\" rel=\"noopener\"><strong>ramo de rosas<\/strong><\/a> y prep\u00e1rate para sorprender a tu amor con un gesto rom\u00e1ntico e inolvidable. Visite nuestro sitio web y descubra la amplia selecci\u00f3n de ramos y opciones de personalizaci\u00f3n disponibles.  <\/p>\n<p><strong>Entrega r\u00e1pida y confiable<\/strong><\/p>\n<p>No hay necesidad de preocuparse por la entrega. Ofrecemos un servicio de entrega r\u00e1pido y confiable para asegurarnos de que su ramo llegue en perfecto estado, justo a tiempo para la celebraci\u00f3n. Puede elegir la fecha y hora de entrega que prefiera, para sorprender a su ser querido o su <a href=\"https:\/\/floranixena.it\/es\/catalog\/amor-y-el-romance\/para-la-esposa-o-la-novia\/\" target=\"_blank\" rel=\"noopener\"><strong>amada<\/strong><\/a> en el momento perfecto.  <\/p>\n","protected":false},"excerpt":{"rendered":"<ul>\n<li>6 rosas rojas<\/li>\n<li>6 rosas rosadas<\/li>\n<li>Verde decorativo<\/li>\n<li>Envuelto en celof\u00e1n &lt;&lt;&gt;\/li&gt;<\/li>\n<li><span style=\"color: #339966;\"><strong>En este ramo el env\u00edo es gratuito<\/strong><\/span><\/li>\n<\/ul>\n<p>Jarr\u00f3n no incluido<\/p>\n","protected":false},"featured_media":18133,"comment_status":"open","ping_status":"closed","template":"","meta":[],"product_brand":[],"product_cat":[4331,4317,4381,4316,4330,4335,4340,4339,4341,4338,4315,4365,4328,4358,4326,4360,4336,4359,4351],"product_tag":[4383,4366,4382,4343,4368],"class_list":{"0":"post-18132","1":"product","2":"type-product","3":"status-publish","4":"has-post-thumbnail","6":"product_cat-amor-y-el-romance","7":"product_cat-aniversario","8":"product_cat-boda","9":"product_cat-compleanno-es","10":"product_cat-dia-de-la-madre","11":"product_cat-disculpa","12":"product_cat-flores-de-invierno","13":"product_cat-flores-de-otono","14":"product_cat-flores-de-primavera","15":"product_cat-flores-de-verano","16":"product_cat-flores-para-eventos","17":"product_cat-navidad","18":"product_cat-onomastico-es","19":"product_cat-para-la-esposa-o-novia","20":"product_cat-para-mama","21":"product_cat-para-nuevas-revelaciones","22":"product_cat-rosas","23":"product_cat-san-valentin","24":"product_cat-titulos","25":"product_tag-gypsophila-e-rosas-rojas","26":"product_tag-ramo-de-rosas-rojas","27":"product_tag-rosas-rojas-es","28":"product_tag-rosas-rojas","29":"product_tag-san-valentin","31":"first","32":"instock","33":"shipping-taxable","34":"purchasable","35":"product-type-simple"},"yoast_head":"<!-- This site is optimized with the Yoast SEO Premium plugin v27.5 (Yoast SEO v27.5) - https:\/\/yoast.com\/product\/yoast-seo-premium-wordpress\/ -->\n<title>Ramo de doce rosas rosadas y rojas - FloraNixena<\/title>\n<meta name=\"description\" content=\"El ramo de flores para celebrar el amor y el d\u00eda de San Valent\u00edn, con 12 rosas rojas y rosadas, cuidado a mano para regalar a su coraz\u00f3n: Eterna Pasi\u00f3n.\" \/>\n<meta name=\"robots\" content=\"index, follow, max-snippet:-1, max-image-preview:large, max-video-preview:-1\" \/>\n<link rel=\"canonical\" href=\"https:\/\/floranixena.it\/es\/producto\/doce-rosas-rojas-y-rosadas\/\" \/>\n<meta property=\"og:locale\" content=\"es_ES\" \/>\n<meta property=\"og:type\" content=\"article\" \/>\n<meta property=\"og:title\" content=\"Doce rosas rojas y rosadas\" \/>\n<meta property=\"og:description\" content=\"6 rosas rojas  6 rosas rosadas  Verde decorativo  Envuelto en celof\u00e1n &lt;&lt;&gt;\/li&gt;  En este ramo el env\u00edo es gratuito Jarr\u00f3n no incluido\" \/>\n<meta property=\"og:url\" content=\"https:\/\/floranixena.it\/es\/producto\/doce-rosas-rojas-y-rosadas\/\" \/>\n<meta property=\"og:site_name\" content=\"FloraNixena - FloraNixena - Entrega de flores a domicilio\" \/>\n<meta property=\"article:publisher\" content=\"https:\/\/www.facebook.com\/FloraNixena\/\" \/>\n<meta property=\"og:image\" content=\"https:\/\/floranixena.it\/wp-content\/uploads\/2020\/07\/dozzina-di-rose-rosse-e-rosa.webp\" \/>\n\t<meta property=\"og:image:width\" content=\"800\" \/>\n\t<meta property=\"og:image:height\" content=\"800\" \/>\n\t<meta property=\"og:image:type\" content=\"image\/webp\" \/>\n<meta name=\"twitter:card\" content=\"summary_large_image\" \/>\n<meta name=\"twitter:label1\" content=\"Tiempo de lectura\" \/>\n\t<meta name=\"twitter:data1\" content=\"2 minuto\" \/>\n<script type=\"application\/ld+json\" class=\"yoast-schema-graph\">{\"@context\":\"https:\\\/\\\/schema.org\",\"@graph\":[{\"@type\":\"WebPage\",\"@id\":\"https:\\\/\\\/floranixena.it\\\/es\\\/producto\\\/doce-rosas-rojas-y-rosadas\\\/\",\"url\":\"https:\\\/\\\/floranixena.it\\\/es\\\/producto\\\/doce-rosas-rojas-y-rosadas\\\/\",\"name\":\"Ramo de doce rosas rosadas y rojas - FloraNixena\",\"isPartOf\":{\"@id\":\"https:\\\/\\\/floranixena.it\\\/es\\\/#website\"},\"primaryImageOfPage\":{\"@id\":\"https:\\\/\\\/floranixena.it\\\/es\\\/producto\\\/doce-rosas-rojas-y-rosadas\\\/#primaryimage\"},\"image\":{\"@id\":\"https:\\\/\\\/floranixena.it\\\/es\\\/producto\\\/doce-rosas-rojas-y-rosadas\\\/#primaryimage\"},\"thumbnailUrl\":\"https:\\\/\\\/floranixena.it\\\/wp-content\\\/uploads\\\/2020\\\/07\\\/dozzina-di-rose-rosse-e-rosa.webp\",\"datePublished\":\"2025-08-20T09:20:45+00:00\",\"description\":\"El ramo de flores para celebrar el amor y el d\u00eda de San Valent\u00edn, con 12 rosas rojas y rosadas, cuidado a mano para regalar a su coraz\u00f3n: Eterna Pasi\u00f3n.\",\"breadcrumb\":{\"@id\":\"https:\\\/\\\/floranixena.it\\\/es\\\/producto\\\/doce-rosas-rojas-y-rosadas\\\/#breadcrumb\"},\"inLanguage\":\"es\",\"potentialAction\":[{\"@type\":\"ReadAction\",\"target\":[\"https:\\\/\\\/floranixena.it\\\/es\\\/producto\\\/doce-rosas-rojas-y-rosadas\\\/\"]}]},{\"@type\":\"ImageObject\",\"inLanguage\":\"es\",\"@id\":\"https:\\\/\\\/floranixena.it\\\/es\\\/producto\\\/doce-rosas-rojas-y-rosadas\\\/#primaryimage\",\"url\":\"https:\\\/\\\/floranixena.it\\\/wp-content\\\/uploads\\\/2020\\\/07\\\/dozzina-di-rose-rosse-e-rosa.webp\",\"contentUrl\":\"https:\\\/\\\/floranixena.it\\\/wp-content\\\/uploads\\\/2020\\\/07\\\/dozzina-di-rose-rosse-e-rosa.webp\",\"width\":800,\"height\":800,\"caption\":\"Dodici rose, dodici promesse: un bouquet che parla d\u2019amore con eleganza e intensit\u00e0.\"},{\"@type\":\"BreadcrumbList\",\"@id\":\"https:\\\/\\\/floranixena.it\\\/es\\\/producto\\\/doce-rosas-rojas-y-rosadas\\\/#breadcrumb\",\"itemListElement\":[{\"@type\":\"ListItem\",\"position\":1,\"name\":\"Home\",\"item\":\"https:\\\/\\\/floranixena.it\\\/es\\\/\"},{\"@type\":\"ListItem\",\"position\":2,\"name\":\"tienda\",\"item\":\"https:\\\/\\\/floranixena.it\\\/es\\\/tienda\\\/\"},{\"@type\":\"ListItem\",\"position\":3,\"name\":\"Doce rosas rojas y rosadas\"}]},{\"@type\":\"WebSite\",\"@id\":\"https:\\\/\\\/floranixena.it\\\/es\\\/#website\",\"url\":\"https:\\\/\\\/floranixena.it\\\/es\\\/\",\"name\":\"FloraNixena - Consegna fiori a domicilio in Italia\",\"description\":\"Invia fiori che raccontano storie\",\"publisher\":{\"@id\":\"https:\\\/\\\/floranixena.it\\\/es\\\/#organization\"},\"alternateName\":\"FloraNixena.it\",\"potentialAction\":[{\"@type\":\"SearchAction\",\"target\":{\"@type\":\"EntryPoint\",\"urlTemplate\":\"https:\\\/\\\/floranixena.it\\\/es\\\/?s={search_term_string}\"},\"query-input\":{\"@type\":\"PropertyValueSpecification\",\"valueRequired\":true,\"valueName\":\"search_term_string\"}}],\"inLanguage\":\"es\"},{\"@type\":\"Organization\",\"@id\":\"https:\\\/\\\/floranixena.it\\\/es\\\/#organization\",\"name\":\"FloraNixena.it - Consegna mazzi di fiori, bouquet e piante a domicilio\",\"url\":\"https:\\\/\\\/floranixena.it\\\/es\\\/\",\"logo\":{\"@type\":\"ImageObject\",\"inLanguage\":\"es\",\"@id\":\"https:\\\/\\\/floranixena.it\\\/es\\\/#\\\/schema\\\/logo\\\/image\\\/\",\"url\":\"https:\\\/\\\/floranixena.it\\\/wp-content\\\/uploads\\\/2018\\\/11\\\/logo-fucsia.png\",\"contentUrl\":\"https:\\\/\\\/floranixena.it\\\/wp-content\\\/uploads\\\/2018\\\/11\\\/logo-fucsia.png\",\"width\":315,\"height\":81,\"caption\":\"FloraNixena.it - Consegna mazzi di fiori, bouquet e piante a domicilio\"},\"image\":{\"@id\":\"https:\\\/\\\/floranixena.it\\\/es\\\/#\\\/schema\\\/logo\\\/image\\\/\"},\"sameAs\":[\"https:\\\/\\\/www.facebook.com\\\/FloraNixena\\\/\",\"https:\\\/\\\/www.instagram.com\\\/floranixena.it\\\/\",\"https:\\\/\\\/www.youtube.com\\\/channel\\\/UCAfCWXMBezO96jgPjiUgpkA\"],\"description\":\"Chi Siamo? FloraNixena \u00e8 il partner di fiducia per la consegna di fiori freschi a domicilio. Con anni di esperienza nel settore floreale, siamo dedicati a portare la bellezza e la freschezza dei fiori direttamente alla vostra porta. La Nostra Missione La nostra missione \u00e8 trasformare ogni occasione in un momento speciale attraverso la magia dei fiori. Crediamo che un bouquet possa dire pi\u00f9 di mille parole e lavoriamo instancabilmente per assicurarci che ogni consegna porti gioia, amore e bellezza. Cosa Offriamo? Fiori Freschi: Collaboriamo con i migliori fornitori locali per garantire che i nostri fiori siano sempre freschi e di alta qualit\u00e0. Consegna Rapida e Puntuale: Offriamo un servizio di consegna rapido e affidabile, con la possibilit\u00e0 di scegliere la fascia oraria che pi\u00f9 vi conviene. Ampia Selezione: Dalle rose classiche ai bouquet personalizzati, abbiamo una vasta gamma di opzioni per soddisfare ogni gusto e occasione. Assistenza Clienti: Il nostro team \u00e8 sempre a disposizione per assistervi nella scelta del bouquet perfetto e per garantire un'esperienza di acquisto senza intoppi. Perch\u00e9 Sceglierci? Qualit\u00e0 Garantita: Ogni bouquet \u00e8 realizzato con cura dai nostri esperti fioristi, garantendo che ogni composizione sia un'opera d'arte. Servizio Personalizzato: Che sia per un anniversario, un compleanno, una celebrazione o un momento di condoglianza, personalizziamo ogni ordine per rispondere alle vostre esigenze specifiche. Soddisfazione del Cliente: La vostra soddisfazione \u00e8 la nostra priorit\u00e0 assoluta. Facciamo tutto il possibile per assicurarci che ogni consegna superi le vostre aspettative.\",\"email\":\"amministrazione@floranixena.it\",\"telephone\":\"3806342394\",\"legalName\":\"Gaetano Votadoro\"}]}<\/script>\n<!-- \/ Yoast SEO Premium plugin. -->","yoast_head_json":{"title":"Ramo de doce rosas rosadas y rojas - FloraNixena","description":"El ramo de flores para celebrar el amor y el d\u00eda de San Valent\u00edn, con 12 rosas rojas y rosadas, cuidado a mano para regalar a su coraz\u00f3n: Eterna Pasi\u00f3n.","robots":{"index":"index","follow":"follow","max-snippet":"max-snippet:-1","max-image-preview":"max-image-preview:large","max-video-preview":"max-video-preview:-1"},"canonical":"https:\/\/floranixena.it\/es\/producto\/doce-rosas-rojas-y-rosadas\/","og_locale":"es_ES","og_type":"article","og_title":"Doce rosas rojas y rosadas","og_description":"6 rosas rojas  6 rosas rosadas  Verde decorativo  Envuelto en celof\u00e1n &lt;&lt;&gt;\/li&gt;  En este ramo el env\u00edo es gratuito Jarr\u00f3n no incluido","og_url":"https:\/\/floranixena.it\/es\/producto\/doce-rosas-rojas-y-rosadas\/","og_site_name":"FloraNixena - FloraNixena - Entrega de flores a domicilio","article_publisher":"https:\/\/www.facebook.com\/FloraNixena\/","og_image":[{"width":800,"height":800,"url":"https:\/\/floranixena.it\/wp-content\/uploads\/2020\/07\/dozzina-di-rose-rosse-e-rosa.webp","type":"image\/webp"}],"twitter_card":"summary_large_image","twitter_misc":{"Tiempo de lectura":"2 minuto"},"schema":{"@context":"https:\/\/schema.org","@graph":[{"@type":"WebPage","@id":"https:\/\/floranixena.it\/es\/producto\/doce-rosas-rojas-y-rosadas\/","url":"https:\/\/floranixena.it\/es\/producto\/doce-rosas-rojas-y-rosadas\/","name":"Ramo de doce rosas rosadas y rojas - FloraNixena","isPartOf":{"@id":"https:\/\/floranixena.it\/es\/#website"},"primaryImageOfPage":{"@id":"https:\/\/floranixena.it\/es\/producto\/doce-rosas-rojas-y-rosadas\/#primaryimage"},"image":{"@id":"https:\/\/floranixena.it\/es\/producto\/doce-rosas-rojas-y-rosadas\/#primaryimage"},"thumbnailUrl":"https:\/\/floranixena.it\/wp-content\/uploads\/2020\/07\/dozzina-di-rose-rosse-e-rosa.webp","datePublished":"2025-08-20T09:20:45+00:00","description":"El ramo de flores para celebrar el amor y el d\u00eda de San Valent\u00edn, con 12 rosas rojas y rosadas, cuidado a mano para regalar a su coraz\u00f3n: Eterna Pasi\u00f3n.","breadcrumb":{"@id":"https:\/\/floranixena.it\/es\/producto\/doce-rosas-rojas-y-rosadas\/#breadcrumb"},"inLanguage":"es","potentialAction":[{"@type":"ReadAction","target":["https:\/\/floranixena.it\/es\/producto\/doce-rosas-rojas-y-rosadas\/"]}]},{"@type":"ImageObject","inLanguage":"es","@id":"https:\/\/floranixena.it\/es\/producto\/doce-rosas-rojas-y-rosadas\/#primaryimage","url":"https:\/\/floranixena.it\/wp-content\/uploads\/2020\/07\/dozzina-di-rose-rosse-e-rosa.webp","contentUrl":"https:\/\/floranixena.it\/wp-content\/uploads\/2020\/07\/dozzina-di-rose-rosse-e-rosa.webp","width":800,"height":800,"caption":"Dodici rose, dodici promesse: un bouquet che parla d\u2019amore con eleganza e intensit\u00e0."},{"@type":"BreadcrumbList","@id":"https:\/\/floranixena.it\/es\/producto\/doce-rosas-rojas-y-rosadas\/#breadcrumb","itemListElement":[{"@type":"ListItem","position":1,"name":"Home","item":"https:\/\/floranixena.it\/es\/"},{"@type":"ListItem","position":2,"name":"tienda","item":"https:\/\/floranixena.it\/es\/tienda\/"},{"@type":"ListItem","position":3,"name":"Doce rosas rojas y rosadas"}]},{"@type":"WebSite","@id":"https:\/\/floranixena.it\/es\/#website","url":"https:\/\/floranixena.it\/es\/","name":"FloraNixena - Consegna fiori a domicilio in Italia","description":"Invia fiori che raccontano storie","publisher":{"@id":"https:\/\/floranixena.it\/es\/#organization"},"alternateName":"FloraNixena.it","potentialAction":[{"@type":"SearchAction","target":{"@type":"EntryPoint","urlTemplate":"https:\/\/floranixena.it\/es\/?s={search_term_string}"},"query-input":{"@type":"PropertyValueSpecification","valueRequired":true,"valueName":"search_term_string"}}],"inLanguage":"es"},{"@type":"Organization","@id":"https:\/\/floranixena.it\/es\/#organization","name":"FloraNixena.it - Consegna mazzi di fiori, bouquet e piante a domicilio","url":"https:\/\/floranixena.it\/es\/","logo":{"@type":"ImageObject","inLanguage":"es","@id":"https:\/\/floranixena.it\/es\/#\/schema\/logo\/image\/","url":"https:\/\/floranixena.it\/wp-content\/uploads\/2018\/11\/logo-fucsia.png","contentUrl":"https:\/\/floranixena.it\/wp-content\/uploads\/2018\/11\/logo-fucsia.png","width":315,"height":81,"caption":"FloraNixena.it - Consegna mazzi di fiori, bouquet e piante a domicilio"},"image":{"@id":"https:\/\/floranixena.it\/es\/#\/schema\/logo\/image\/"},"sameAs":["https:\/\/www.facebook.com\/FloraNixena\/","https:\/\/www.instagram.com\/floranixena.it\/","https:\/\/www.youtube.com\/channel\/UCAfCWXMBezO96jgPjiUgpkA"],"description":"Chi Siamo? FloraNixena \u00e8 il partner di fiducia per la consegna di fiori freschi a domicilio. Con anni di esperienza nel settore floreale, siamo dedicati a portare la bellezza e la freschezza dei fiori direttamente alla vostra porta. La Nostra Missione La nostra missione \u00e8 trasformare ogni occasione in un momento speciale attraverso la magia dei fiori. Crediamo che un bouquet possa dire pi\u00f9 di mille parole e lavoriamo instancabilmente per assicurarci che ogni consegna porti gioia, amore e bellezza. Cosa Offriamo? Fiori Freschi: Collaboriamo con i migliori fornitori locali per garantire che i nostri fiori siano sempre freschi e di alta qualit\u00e0. Consegna Rapida e Puntuale: Offriamo un servizio di consegna rapido e affidabile, con la possibilit\u00e0 di scegliere la fascia oraria che pi\u00f9 vi conviene. Ampia Selezione: Dalle rose classiche ai bouquet personalizzati, abbiamo una vasta gamma di opzioni per soddisfare ogni gusto e occasione. Assistenza Clienti: Il nostro team \u00e8 sempre a disposizione per assistervi nella scelta del bouquet perfetto e per garantire un'esperienza di acquisto senza intoppi. Perch\u00e9 Sceglierci? Qualit\u00e0 Garantita: Ogni bouquet \u00e8 realizzato con cura dai nostri esperti fioristi, garantendo che ogni composizione sia un'opera d'arte. Servizio Personalizzato: Che sia per un anniversario, un compleanno, una celebrazione o un momento di condoglianza, personalizziamo ogni ordine per rispondere alle vostre esigenze specifiche. Soddisfazione del Cliente: La vostra soddisfazione \u00e8 la nostra priorit\u00e0 assoluta. Facciamo tutto il possibile per assicurarci che ogni consegna superi le vostre aspettative.","email":"amministrazione@floranixena.it","telephone":"3806342394","legalName":"Gaetano Votadoro"}]}},"_links":{"self":[{"href":"https:\/\/floranixena.it\/es\/wp-json\/wp\/v2\/product\/18132","targetHints":{"allow":["GET"]}}],"collection":[{"href":"https:\/\/floranixena.it\/es\/wp-json\/wp\/v2\/product"}],"about":[{"href":"https:\/\/floranixena.it\/es\/wp-json\/wp\/v2\/types\/product"}],"replies":[{"embeddable":true,"href":"https:\/\/floranixena.it\/es\/wp-json\/wp\/v2\/comments?post=18132"}],"wp:featuredmedia":[{"embeddable":true,"href":"https:\/\/floranixena.it\/es\/wp-json\/wp\/v2\/media\/18133"}],"wp:attachment":[{"href":"https:\/\/floranixena.it\/es\/wp-json\/wp\/v2\/media?parent=18132"}],"wp:term":[{"taxonomy":"product_brand","embeddable":true,"href":"https:\/\/floranixena.it\/es\/wp-json\/wp\/v2\/product_brand?post=18132"},{"taxonomy":"product_cat","embeddable":true,"href":"https:\/\/floranixena.it\/es\/wp-json\/wp\/v2\/product_cat?post=18132"},{"taxonomy":"product_tag","embeddable":true,"href":"https:\/\/floranixena.it\/es\/wp-json\/wp\/v2\/product_tag?post=18132"}],"curies":[{"name":"wp","href":"https:\/\/api.w.org\/{rel}","templated":true}]}}