{"id":18105,"date":"2025-09-08T09:30:13","date_gmt":"2025-09-08T07:30:13","guid":{"rendered":"https:\/\/floranixena.it\/product\/napoli\/"},"modified":"2025-09-08T09:30:13","modified_gmt":"2025-09-08T07:30:13","slug":"napoli","status":"publish","type":"product","link":"https:\/\/floranixena.it\/es\/producto\/napoli\/","title":{"rendered":"Napoli"},"content":{"rendered":"<p style=\"text-align: left;\">Imagine<strong> un <a href=\"https:\/\/floranixena.it\/es\/catalog\/flores-para-eventos\/oportunidad\/\">encantador ramo<\/a><\/strong> de flores que combina la pasi\u00f3n de las gerberas rojas, la gracia de las <a href=\"https:\/\/floranixena.it\/es\/tag\/rosas-rojas-y-gerberas\/\" target=\"_blank\" rel=\"noopener\"><strong>rosas <\/strong><\/a>y la elegancia de las bayas rojas, creando un recorrido floral capaz de iluminar su sonrisa en cada momento del d\u00eda. Esta <a href=\"https:\/\/floranixena.it\/tag-prodotto\/bouquet-di-50-rose\/\">encantadora composici\u00f3n<\/a> se enriquece a\u00fan m\u00e1s con el aroma fresco y refrescante del t\u00e9 verde, envolvi\u00e9ndote en una sensaci\u00f3n de bienestar y serenidad. <\/p>\n<p>Este ramo no es solo un simple conjunto de <a href=\"https:\/\/floranixena.it\/es\/catalog\/flores-para-eventos\/\" target=\"_blank\" rel=\"noopener\"><strong>flores<\/strong><\/a>, sino un verdadero viaje sensorial que estimula la vista, el olfato y el alma. Cada elemento ha sido cuidadosamente seleccionado para ofrecer una sinfon\u00eda de colores, olores y sensaciones que se mezclan perfectamente para crear una experiencia inolvidable. <\/p>\n<p>Las <strong>gerberas <\/strong>rojas representan el amor y la energ\u00eda vital, las <a href=\"https:\/\/floranixena.it\/prodotto\/bouquet-di-50-rose-blu\/\" target=\"_blank\" rel=\"noopener\"><strong>rosas <\/strong><\/a>son s\u00edmbolo de pasi\u00f3n y belleza atemporal, mientras que<strong> las bayas rojas <\/strong>a\u00f1aden una nota de calidez y acogida. El<strong> t\u00e9 verde,<\/strong> conocido por sus propiedades calmantes y regeneradoras, infunde una sensaci\u00f3n de tranquilidad y bienestar, haciendo de este ramo un complemento perfecto para cualquier ambiente, ya sea su hogar u oficina. <\/p>\n<p>Las<strong> hojas de eucalipto <\/strong>no solo proporcionan belleza est\u00e9tica, sino que tambi\u00e9n tienen propiedades purificadoras que ayudan a mantener el aire fresco y limpio. Las <strong>bayas de Hypericum<\/strong>, con su verde brillante, aportan un toque de vivacidad y naturaleza salvaje, completando una imagen de armon\u00eda y paz. <\/p>\n<p>Este <a href=\"https:\/\/floranixena.it\/prodotto\/bouquet-di-garofani-e-gerbere\/\" target=\"_blank\" rel=\"noopener\"><strong>hermoso ramo de flores <\/strong><\/a>es ideal para cualquier ocasi\u00f3n especial: desde la celebraci\u00f3n de un <a href=\"https:\/\/floranixena.it\/es\/catalog\/flores-para-eventos\/aniversario\/\" target=\"_blank\" rel=\"noopener\"><strong>aniversario<\/strong><\/a>, a una demostraci\u00f3n de gratitud, hasta un simple gesto para iluminar el d\u00eda de un ser querido. Deje que este <a href=\"https:\/\/floranixena.it\/prodotto\/mazzo-di-gerbere-e-rose\/\">ramo <\/a>traiga alegr\u00eda y un toque de refinada elegancia a su vida diaria, convirti\u00e9ndose en una se\u00f1al tangible de afecto y atenci\u00f3n. <\/p>\n","protected":false},"excerpt":{"rendered":"<ul>\n<li>8 Gerberas rojas<\/li>\n<li>4 rosas rojas<\/li>\n<li>Bayas rojas (Hypericum)<\/li>\n<li>Alstroemeria amarilla (alternativa de las margaritas amarillas)<\/li>\n<li>hojas decorativas<\/li>\n<li>Cuidadosamente empaquetados<\/li>\n<\/ul>\n<p><strong>En este ramo el env\u00edo es gratuito<\/strong><\/p>\n<p>Jarr\u00f3n no incluido<\/p>\n","protected":false},"featured_media":18106,"comment_status":"open","ping_status":"closed","template":"","meta":[],"product_brand":[],"product_cat":[4329,4331,4317,4316,4342,4330,4327,4335,4332,4333,4340,4339,4341,4338,4315,4337,4328,4318,4334,4320,4321,4323,4326,4324,4325,4322,4319,4336],"product_tag":[4346,4345,4348,4344,4343,4347],"class_list":{"0":"post-18105","1":"product","2":"type-product","3":"status-publish","4":"has-post-thumbnail","6":"product_cat-amigo","7":"product_cat-amor-y-el-romance","8":"product_cat-aniversario","9":"product_cat-compleanno-es","10":"product_cat-decimoctavo-cumpleanos","11":"product_cat-dia-de-la-madre","12":"product_cat-dia-de-la-mujer","13":"product_cat-disculpa","14":"product_cat-es-una-nina","15":"product_cat-felicitaciones","16":"product_cat-flores-de-invierno","17":"product_cat-flores-de-otono","18":"product_cat-flores-de-primavera","19":"product_cat-flores-de-verano","20":"product_cat-flores-para-eventos","21":"product_cat-gerberas-es","22":"product_cat-onomastico-es","23":"product_cat-oportunidad","24":"product_cat-para-agradecer-a-alguien","25":"product_cat-para-la-hermana","26":"product_cat-para-los-abuelos","27":"product_cat-para-los-tios","28":"product_cat-para-mama","29":"product_cat-para-un-amigo","30":"product_cat-para-un-colega","31":"product_cat-para-un-hombre","32":"product_cat-pascua","33":"product_cat-rosas","34":"product_tag-flores-mixtas-es","35":"product_tag-flores-mixtas","36":"product_tag-hipericum-rojo","37":"product_tag-ramo-de-gerberas","38":"product_tag-rosas-rojas","39":"product_tag-rosas-rojas-y-gerberas","41":"first","42":"instock","43":"shipping-taxable","44":"purchasable","45":"product-type-simple"},"yoast_head":"<!-- This site is optimized with the Yoast SEO Premium plugin v27.5 (Yoast SEO v27.5) - https:\/\/yoast.com\/product\/yoast-seo-premium-wordpress\/ -->\n<title>Bouquet de Gerberas y rosas rojas - FloraNixena Entrega de flores<\/title>\n<meta name=\"description\" content=\"Bouquet de Gerberas y Rosas Rojas. Entrega a domicilio y venta online de flores y arreglos florales para Acci\u00f3n de Gracias, para un amigo o t\u00eda.\" \/>\n<meta name=\"robots\" content=\"index, follow, max-snippet:-1, max-image-preview:large, max-video-preview:-1\" \/>\n<link rel=\"canonical\" href=\"https:\/\/floranixena.it\/es\/producto\/napoli\/\" \/>\n<meta property=\"og:locale\" content=\"es_ES\" \/>\n<meta property=\"og:type\" content=\"article\" \/>\n<meta property=\"og:title\" content=\"Napoli\" \/>\n<meta property=\"og:description\" content=\"8 Gerberas rojas  4 rosas rojas  Bayas rojas (Hypericum)  Alstroemeria amarilla (alternativa de las margaritas amarillas)  hojas decorativas  Cuidadosamente empaquetados En este ramo el env\u00edo es gratuito Jarr\u00f3n no incluido\" \/>\n<meta property=\"og:url\" content=\"https:\/\/floranixena.it\/es\/producto\/napoli\/\" \/>\n<meta property=\"og:site_name\" content=\"FloraNixena - FloraNixena - Entrega de flores a domicilio\" \/>\n<meta property=\"article:publisher\" content=\"https:\/\/www.facebook.com\/FloraNixena\/\" \/>\n<meta property=\"og:image\" content=\"https:\/\/floranixena.it\/wp-content\/uploads\/2019\/05\/Bouquet-di-Gerbere-rosse-e-Rose-rosse-Composizione-di-Garofani-e-mazzi-di-ogni-tipo-e-colore..jpg\" \/>\n\t<meta property=\"og:image:width\" content=\"800\" \/>\n\t<meta property=\"og:image:height\" content=\"800\" \/>\n\t<meta property=\"og:image:type\" content=\"image\/jpeg\" \/>\n<meta name=\"twitter:card\" content=\"summary_large_image\" \/>\n<meta name=\"twitter:label1\" content=\"Tiempo de lectura\" \/>\n\t<meta name=\"twitter:data1\" content=\"2 minuto\" \/>\n<script type=\"application\/ld+json\" class=\"yoast-schema-graph\">{\"@context\":\"https:\\\/\\\/schema.org\",\"@graph\":[{\"@type\":\"WebPage\",\"@id\":\"https:\\\/\\\/floranixena.it\\\/es\\\/producto\\\/napoli\\\/\",\"url\":\"https:\\\/\\\/floranixena.it\\\/es\\\/producto\\\/napoli\\\/\",\"name\":\"Bouquet de Gerberas y rosas rojas - FloraNixena Entrega de flores\",\"isPartOf\":{\"@id\":\"https:\\\/\\\/floranixena.it\\\/es\\\/#website\"},\"primaryImageOfPage\":{\"@id\":\"https:\\\/\\\/floranixena.it\\\/es\\\/producto\\\/napoli\\\/#primaryimage\"},\"image\":{\"@id\":\"https:\\\/\\\/floranixena.it\\\/es\\\/producto\\\/napoli\\\/#primaryimage\"},\"thumbnailUrl\":\"https:\\\/\\\/floranixena.it\\\/wp-content\\\/uploads\\\/2019\\\/05\\\/Bouquet-di-Gerbere-rosse-e-Rose-rosse-Composizione-di-Garofani-e-mazzi-di-ogni-tipo-e-colore..jpg\",\"datePublished\":\"2025-09-08T07:30:13+00:00\",\"description\":\"Bouquet de Gerberas y Rosas Rojas. Entrega a domicilio y venta online de flores y arreglos florales para Acci\u00f3n de Gracias, para un amigo o t\u00eda.\",\"breadcrumb\":{\"@id\":\"https:\\\/\\\/floranixena.it\\\/es\\\/producto\\\/napoli\\\/#breadcrumb\"},\"inLanguage\":\"es\",\"potentialAction\":[{\"@type\":\"ReadAction\",\"target\":[\"https:\\\/\\\/floranixena.it\\\/es\\\/producto\\\/napoli\\\/\"]}]},{\"@type\":\"ImageObject\",\"inLanguage\":\"es\",\"@id\":\"https:\\\/\\\/floranixena.it\\\/es\\\/producto\\\/napoli\\\/#primaryimage\",\"url\":\"https:\\\/\\\/floranixena.it\\\/wp-content\\\/uploads\\\/2019\\\/05\\\/Bouquet-di-Gerbere-rosse-e-Rose-rosse-Composizione-di-Garofani-e-mazzi-di-ogni-tipo-e-colore..jpg\",\"contentUrl\":\"https:\\\/\\\/floranixena.it\\\/wp-content\\\/uploads\\\/2019\\\/05\\\/Bouquet-di-Gerbere-rosse-e-Rose-rosse-Composizione-di-Garofani-e-mazzi-di-ogni-tipo-e-colore..jpg\",\"width\":800,\"height\":800,\"caption\":\"Bouquet di Gerbere e Rose rosse\"},{\"@type\":\"BreadcrumbList\",\"@id\":\"https:\\\/\\\/floranixena.it\\\/es\\\/producto\\\/napoli\\\/#breadcrumb\",\"itemListElement\":[{\"@type\":\"ListItem\",\"position\":1,\"name\":\"Home\",\"item\":\"https:\\\/\\\/floranixena.it\\\/es\\\/\"},{\"@type\":\"ListItem\",\"position\":2,\"name\":\"tienda\",\"item\":\"https:\\\/\\\/floranixena.it\\\/es\\\/tienda\\\/\"},{\"@type\":\"ListItem\",\"position\":3,\"name\":\"Napoli\"}]},{\"@type\":\"WebSite\",\"@id\":\"https:\\\/\\\/floranixena.it\\\/es\\\/#website\",\"url\":\"https:\\\/\\\/floranixena.it\\\/es\\\/\",\"name\":\"FloraNixena - Consegna fiori a domicilio in Italia\",\"description\":\"Invia fiori che raccontano storie\",\"publisher\":{\"@id\":\"https:\\\/\\\/floranixena.it\\\/es\\\/#organization\"},\"alternateName\":\"FloraNixena.it\",\"potentialAction\":[{\"@type\":\"SearchAction\",\"target\":{\"@type\":\"EntryPoint\",\"urlTemplate\":\"https:\\\/\\\/floranixena.it\\\/es\\\/?s={search_term_string}\"},\"query-input\":{\"@type\":\"PropertyValueSpecification\",\"valueRequired\":true,\"valueName\":\"search_term_string\"}}],\"inLanguage\":\"es\"},{\"@type\":\"Organization\",\"@id\":\"https:\\\/\\\/floranixena.it\\\/es\\\/#organization\",\"name\":\"FloraNixena.it - Consegna mazzi di fiori, bouquet e piante a domicilio\",\"url\":\"https:\\\/\\\/floranixena.it\\\/es\\\/\",\"logo\":{\"@type\":\"ImageObject\",\"inLanguage\":\"es\",\"@id\":\"https:\\\/\\\/floranixena.it\\\/es\\\/#\\\/schema\\\/logo\\\/image\\\/\",\"url\":\"https:\\\/\\\/floranixena.it\\\/wp-content\\\/uploads\\\/2018\\\/11\\\/logo-fucsia.png\",\"contentUrl\":\"https:\\\/\\\/floranixena.it\\\/wp-content\\\/uploads\\\/2018\\\/11\\\/logo-fucsia.png\",\"width\":315,\"height\":81,\"caption\":\"FloraNixena.it - Consegna mazzi di fiori, bouquet e piante a domicilio\"},\"image\":{\"@id\":\"https:\\\/\\\/floranixena.it\\\/es\\\/#\\\/schema\\\/logo\\\/image\\\/\"},\"sameAs\":[\"https:\\\/\\\/www.facebook.com\\\/FloraNixena\\\/\",\"https:\\\/\\\/www.instagram.com\\\/floranixena.it\\\/\",\"https:\\\/\\\/www.youtube.com\\\/channel\\\/UCAfCWXMBezO96jgPjiUgpkA\"],\"description\":\"Chi Siamo? FloraNixena \u00e8 il partner di fiducia per la consegna di fiori freschi a domicilio. Con anni di esperienza nel settore floreale, siamo dedicati a portare la bellezza e la freschezza dei fiori direttamente alla vostra porta. La Nostra Missione La nostra missione \u00e8 trasformare ogni occasione in un momento speciale attraverso la magia dei fiori. Crediamo che un bouquet possa dire pi\u00f9 di mille parole e lavoriamo instancabilmente per assicurarci che ogni consegna porti gioia, amore e bellezza. Cosa Offriamo? Fiori Freschi: Collaboriamo con i migliori fornitori locali per garantire che i nostri fiori siano sempre freschi e di alta qualit\u00e0. Consegna Rapida e Puntuale: Offriamo un servizio di consegna rapido e affidabile, con la possibilit\u00e0 di scegliere la fascia oraria che pi\u00f9 vi conviene. Ampia Selezione: Dalle rose classiche ai bouquet personalizzati, abbiamo una vasta gamma di opzioni per soddisfare ogni gusto e occasione. Assistenza Clienti: Il nostro team \u00e8 sempre a disposizione per assistervi nella scelta del bouquet perfetto e per garantire un'esperienza di acquisto senza intoppi. Perch\u00e9 Sceglierci? Qualit\u00e0 Garantita: Ogni bouquet \u00e8 realizzato con cura dai nostri esperti fioristi, garantendo che ogni composizione sia un'opera d'arte. Servizio Personalizzato: Che sia per un anniversario, un compleanno, una celebrazione o un momento di condoglianza, personalizziamo ogni ordine per rispondere alle vostre esigenze specifiche. Soddisfazione del Cliente: La vostra soddisfazione \u00e8 la nostra priorit\u00e0 assoluta. Facciamo tutto il possibile per assicurarci che ogni consegna superi le vostre aspettative.\",\"email\":\"amministrazione@floranixena.it\",\"telephone\":\"3806342394\",\"legalName\":\"Gaetano Votadoro\"}]}<\/script>\n<!-- \/ Yoast SEO Premium plugin. -->","yoast_head_json":{"title":"Bouquet de Gerberas y rosas rojas - FloraNixena Entrega de flores","description":"Bouquet de Gerberas y Rosas Rojas. Entrega a domicilio y venta online de flores y arreglos florales para Acci\u00f3n de Gracias, para un amigo o t\u00eda.","robots":{"index":"index","follow":"follow","max-snippet":"max-snippet:-1","max-image-preview":"max-image-preview:large","max-video-preview":"max-video-preview:-1"},"canonical":"https:\/\/floranixena.it\/es\/producto\/napoli\/","og_locale":"es_ES","og_type":"article","og_title":"Napoli","og_description":"8 Gerberas rojas  4 rosas rojas  Bayas rojas (Hypericum)  Alstroemeria amarilla (alternativa de las margaritas amarillas)  hojas decorativas  Cuidadosamente empaquetados En este ramo el env\u00edo es gratuito Jarr\u00f3n no incluido","og_url":"https:\/\/floranixena.it\/es\/producto\/napoli\/","og_site_name":"FloraNixena - FloraNixena - Entrega de flores a domicilio","article_publisher":"https:\/\/www.facebook.com\/FloraNixena\/","og_image":[{"width":800,"height":800,"url":"https:\/\/floranixena.it\/wp-content\/uploads\/2019\/05\/Bouquet-di-Gerbere-rosse-e-Rose-rosse-Composizione-di-Garofani-e-mazzi-di-ogni-tipo-e-colore..jpg","type":"image\/jpeg"}],"twitter_card":"summary_large_image","twitter_misc":{"Tiempo de lectura":"2 minuto"},"schema":{"@context":"https:\/\/schema.org","@graph":[{"@type":"WebPage","@id":"https:\/\/floranixena.it\/es\/producto\/napoli\/","url":"https:\/\/floranixena.it\/es\/producto\/napoli\/","name":"Bouquet de Gerberas y rosas rojas - FloraNixena Entrega de flores","isPartOf":{"@id":"https:\/\/floranixena.it\/es\/#website"},"primaryImageOfPage":{"@id":"https:\/\/floranixena.it\/es\/producto\/napoli\/#primaryimage"},"image":{"@id":"https:\/\/floranixena.it\/es\/producto\/napoli\/#primaryimage"},"thumbnailUrl":"https:\/\/floranixena.it\/wp-content\/uploads\/2019\/05\/Bouquet-di-Gerbere-rosse-e-Rose-rosse-Composizione-di-Garofani-e-mazzi-di-ogni-tipo-e-colore..jpg","datePublished":"2025-09-08T07:30:13+00:00","description":"Bouquet de Gerberas y Rosas Rojas. Entrega a domicilio y venta online de flores y arreglos florales para Acci\u00f3n de Gracias, para un amigo o t\u00eda.","breadcrumb":{"@id":"https:\/\/floranixena.it\/es\/producto\/napoli\/#breadcrumb"},"inLanguage":"es","potentialAction":[{"@type":"ReadAction","target":["https:\/\/floranixena.it\/es\/producto\/napoli\/"]}]},{"@type":"ImageObject","inLanguage":"es","@id":"https:\/\/floranixena.it\/es\/producto\/napoli\/#primaryimage","url":"https:\/\/floranixena.it\/wp-content\/uploads\/2019\/05\/Bouquet-di-Gerbere-rosse-e-Rose-rosse-Composizione-di-Garofani-e-mazzi-di-ogni-tipo-e-colore..jpg","contentUrl":"https:\/\/floranixena.it\/wp-content\/uploads\/2019\/05\/Bouquet-di-Gerbere-rosse-e-Rose-rosse-Composizione-di-Garofani-e-mazzi-di-ogni-tipo-e-colore..jpg","width":800,"height":800,"caption":"Bouquet di Gerbere e Rose rosse"},{"@type":"BreadcrumbList","@id":"https:\/\/floranixena.it\/es\/producto\/napoli\/#breadcrumb","itemListElement":[{"@type":"ListItem","position":1,"name":"Home","item":"https:\/\/floranixena.it\/es\/"},{"@type":"ListItem","position":2,"name":"tienda","item":"https:\/\/floranixena.it\/es\/tienda\/"},{"@type":"ListItem","position":3,"name":"Napoli"}]},{"@type":"WebSite","@id":"https:\/\/floranixena.it\/es\/#website","url":"https:\/\/floranixena.it\/es\/","name":"FloraNixena - Consegna fiori a domicilio in Italia","description":"Invia fiori che raccontano storie","publisher":{"@id":"https:\/\/floranixena.it\/es\/#organization"},"alternateName":"FloraNixena.it","potentialAction":[{"@type":"SearchAction","target":{"@type":"EntryPoint","urlTemplate":"https:\/\/floranixena.it\/es\/?s={search_term_string}"},"query-input":{"@type":"PropertyValueSpecification","valueRequired":true,"valueName":"search_term_string"}}],"inLanguage":"es"},{"@type":"Organization","@id":"https:\/\/floranixena.it\/es\/#organization","name":"FloraNixena.it - Consegna mazzi di fiori, bouquet e piante a domicilio","url":"https:\/\/floranixena.it\/es\/","logo":{"@type":"ImageObject","inLanguage":"es","@id":"https:\/\/floranixena.it\/es\/#\/schema\/logo\/image\/","url":"https:\/\/floranixena.it\/wp-content\/uploads\/2018\/11\/logo-fucsia.png","contentUrl":"https:\/\/floranixena.it\/wp-content\/uploads\/2018\/11\/logo-fucsia.png","width":315,"height":81,"caption":"FloraNixena.it - Consegna mazzi di fiori, bouquet e piante a domicilio"},"image":{"@id":"https:\/\/floranixena.it\/es\/#\/schema\/logo\/image\/"},"sameAs":["https:\/\/www.facebook.com\/FloraNixena\/","https:\/\/www.instagram.com\/floranixena.it\/","https:\/\/www.youtube.com\/channel\/UCAfCWXMBezO96jgPjiUgpkA"],"description":"Chi Siamo? FloraNixena \u00e8 il partner di fiducia per la consegna di fiori freschi a domicilio. Con anni di esperienza nel settore floreale, siamo dedicati a portare la bellezza e la freschezza dei fiori direttamente alla vostra porta. La Nostra Missione La nostra missione \u00e8 trasformare ogni occasione in un momento speciale attraverso la magia dei fiori. Crediamo che un bouquet possa dire pi\u00f9 di mille parole e lavoriamo instancabilmente per assicurarci che ogni consegna porti gioia, amore e bellezza. Cosa Offriamo? Fiori Freschi: Collaboriamo con i migliori fornitori locali per garantire che i nostri fiori siano sempre freschi e di alta qualit\u00e0. Consegna Rapida e Puntuale: Offriamo un servizio di consegna rapido e affidabile, con la possibilit\u00e0 di scegliere la fascia oraria che pi\u00f9 vi conviene. Ampia Selezione: Dalle rose classiche ai bouquet personalizzati, abbiamo una vasta gamma di opzioni per soddisfare ogni gusto e occasione. Assistenza Clienti: Il nostro team \u00e8 sempre a disposizione per assistervi nella scelta del bouquet perfetto e per garantire un'esperienza di acquisto senza intoppi. Perch\u00e9 Sceglierci? Qualit\u00e0 Garantita: Ogni bouquet \u00e8 realizzato con cura dai nostri esperti fioristi, garantendo che ogni composizione sia un'opera d'arte. Servizio Personalizzato: Che sia per un anniversario, un compleanno, una celebrazione o un momento di condoglianza, personalizziamo ogni ordine per rispondere alle vostre esigenze specifiche. Soddisfazione del Cliente: La vostra soddisfazione \u00e8 la nostra priorit\u00e0 assoluta. Facciamo tutto il possibile per assicurarci che ogni consegna superi le vostre aspettative.","email":"amministrazione@floranixena.it","telephone":"3806342394","legalName":"Gaetano Votadoro"}]}},"_links":{"self":[{"href":"https:\/\/floranixena.it\/es\/wp-json\/wp\/v2\/product\/18105","targetHints":{"allow":["GET"]}}],"collection":[{"href":"https:\/\/floranixena.it\/es\/wp-json\/wp\/v2\/product"}],"about":[{"href":"https:\/\/floranixena.it\/es\/wp-json\/wp\/v2\/types\/product"}],"replies":[{"embeddable":true,"href":"https:\/\/floranixena.it\/es\/wp-json\/wp\/v2\/comments?post=18105"}],"wp:featuredmedia":[{"embeddable":true,"href":"https:\/\/floranixena.it\/es\/wp-json\/wp\/v2\/media\/18106"}],"wp:attachment":[{"href":"https:\/\/floranixena.it\/es\/wp-json\/wp\/v2\/media?parent=18105"}],"wp:term":[{"taxonomy":"product_brand","embeddable":true,"href":"https:\/\/floranixena.it\/es\/wp-json\/wp\/v2\/product_brand?post=18105"},{"taxonomy":"product_cat","embeddable":true,"href":"https:\/\/floranixena.it\/es\/wp-json\/wp\/v2\/product_cat?post=18105"},{"taxonomy":"product_tag","embeddable":true,"href":"https:\/\/floranixena.it\/es\/wp-json\/wp\/v2\/product_tag?post=18105"}],"curies":[{"name":"wp","href":"https:\/\/api.w.org\/{rel}","templated":true}]}}