{"id":19924,"date":"2018-11-29T09:09:48","date_gmt":"2018-11-29T08:09:48","guid":{"rendered":"https:\/\/floranixena.it\/tu-boda-personalizada-de-cuento-de-hadas\/"},"modified":"2025-11-19T08:17:13","modified_gmt":"2025-11-19T07:17:13","slug":"tu-boda-personalizada-de-cuento-de-hadas","status":"publish","type":"page","link":"https:\/\/floranixena.it\/es\/tu-boda-personalizada-de-cuento-de-hadas\/","title":{"rendered":"Tu boda personalizada de cuento de hadas"},"content":{"rendered":"\n<h1 class=\"wp-block-heading has-text-align-center\" id=\"h-rendiamo-il-tuo-giorno-speciale-ancora-piu-bello-con-fiori-cerimoniali-accuratamente-selezionati\">Hacemos su d\u00eda especial a\u00fan m\u00e1s hermoso con flores ceremoniales cuidadosamente seleccionadas<\/h1>\n\n<p>Con una amplia gama de tonos, texturas, estilos y dise\u00f1os, seguro que encontrar\u00e1s las flores perfectas para tu gran d\u00eda. Nuestro equipo de floristas expertos en bodas te ayudar\u00e1 a hacer realidad tu visi\u00f3n y a a\u00f1adir esos toques personales tan importantes para los novios, damas de honor, padrinos, invitados especiales y la decoraci\u00f3n del lugar. Para las novias con estilo, ofrecemos una exclusiva y lujosa selecci\u00f3n de ramos de dise\u00f1o, y para las m\u00e1s ocupadas: paquetes de boda completos y personalizados, que incluyen vestidos de novia y de gala. Explora nuestra extensa colecci\u00f3n de flores para bodas y perm\u00edtenos hacer de tu gran d\u00eda un momento inolvidable. Descubre las \u00faltimas tendencias en florister\u00eda y aprende c\u00f3mo incorporarlas a la decoraci\u00f3n de tus sue\u00f1os.    <\/p>\n<div class=\"wp-block-image\">\n<figure class=\"aligncenter size-large\"><img loading=\"lazy\" decoding=\"async\" width=\"1024\" height=\"672\" src=\"https:\/\/floranixena.it\/wp-content\/uploads\/2023\/07\/Regala-un-bouquet-nuziale-alla-sposa-anche-quando-non-puoi-assistere-alle-nozze-1024x672.jpg\" alt=\"\" class=\"wp-image-12695\" srcset=\"https:\/\/floranixena.it\/wp-content\/uploads\/2023\/07\/Regala-un-bouquet-nuziale-alla-sposa-anche-quando-non-puoi-assistere-alle-nozze-1024x672.jpg 1024w, https:\/\/floranixena.it\/wp-content\/uploads\/2023\/07\/Regala-un-bouquet-nuziale-alla-sposa-anche-quando-non-puoi-assistere-alle-nozze-500x328.jpg 500w, https:\/\/floranixena.it\/wp-content\/uploads\/2023\/07\/Regala-un-bouquet-nuziale-alla-sposa-anche-quando-non-puoi-assistere-alle-nozze-768x504.jpg 768w, https:\/\/floranixena.it\/wp-content\/uploads\/2023\/07\/Regala-un-bouquet-nuziale-alla-sposa-anche-quando-non-puoi-assistere-alle-nozze-640x420.jpg 640w, https:\/\/floranixena.it\/wp-content\/uploads\/2023\/07\/Regala-un-bouquet-nuziale-alla-sposa-anche-quando-non-puoi-assistere-alle-nozze-400x263.jpg 400w, https:\/\/floranixena.it\/wp-content\/uploads\/2023\/07\/Regala-un-bouquet-nuziale-alla-sposa-anche-quando-non-puoi-assistere-alle-nozze-800x525.jpg 800w\" sizes=\"auto, (max-width: 1024px) 100vw, 1024px\" \/><\/figure>\n<\/div>\n<h2 class=\"wp-block-heading has-text-align-center\" id=\"h-i-nostri-servizi\">nuestros servicios<\/h2>\n\n<h3 class=\"wp-block-heading has-text-align-center\" id=\"h-organizziamo-un-matrimonio-personalizzato-con-i-nostri-migliori-professionisti\">Organizamos una boda personalizada con nuestros mejores profesionales<\/h3>\n\n<p>La \u00faltima tendencia es personalizar una iglesia o un espacio para crear una boda verdaderamente \u00fanica. Adem\u00e1s de las ceremonias religiosas, cada vez vemos m\u00e1s bodas en lugares singulares, como casas de campo, grandes espacios verdes, patios y salones de varios niveles. Esta tendencia tambi\u00e9n se extiende a lugares m\u00e1s inusuales: galer\u00edas de arte, cafeter\u00edas con encanto, almacenes, graneros antiguos o peque\u00f1as bodegas.   Cada vez m\u00e1s parejas optan por listas en blanco que pueden personalizar completamente seg\u00fan su estilo y visi\u00f3n. Floranixena puede encargarse de los arreglos florales para tu boda donde t\u00fa elijas. Solicita un presupuesto en el enlace a continuaci\u00f3n.  <\/p>\n<div class=\"wp-block-image\">\n<figure class=\"aligncenter size-large is-resized\"><img loading=\"lazy\" decoding=\"async\" width=\"1024\" height=\"670\" src=\"https:\/\/floranixena.it\/wp-content\/uploads\/2023\/07\/invia-fiori-per-matrimonio-anche-quando-non-ci-sei-1024x670.jpg\" alt=\"\" class=\"wp-image-12697\" style=\"width:477px;height:auto\" srcset=\"https:\/\/floranixena.it\/wp-content\/uploads\/2023\/07\/invia-fiori-per-matrimonio-anche-quando-non-ci-sei-1024x670.jpg 1024w, https:\/\/floranixena.it\/wp-content\/uploads\/2023\/07\/invia-fiori-per-matrimonio-anche-quando-non-ci-sei-500x327.jpg 500w, https:\/\/floranixena.it\/wp-content\/uploads\/2023\/07\/invia-fiori-per-matrimonio-anche-quando-non-ci-sei-768x502.jpg 768w, https:\/\/floranixena.it\/wp-content\/uploads\/2023\/07\/invia-fiori-per-matrimonio-anche-quando-non-ci-sei-640x419.jpg 640w, https:\/\/floranixena.it\/wp-content\/uploads\/2023\/07\/invia-fiori-per-matrimonio-anche-quando-non-ci-sei-400x262.jpg 400w, https:\/\/floranixena.it\/wp-content\/uploads\/2023\/07\/invia-fiori-per-matrimonio-anche-quando-non-ci-sei-800x523.jpg 800w\" sizes=\"auto, (max-width: 1024px) 100vw, 1024px\" \/><\/figure>\n<\/div>\n<h3 class=\"wp-block-heading has-text-align-center\" id=\"h-non-puoi-assistere-alle-nozze-regala-un-bouquet-alla-sposa\">No puedes asistir a la boda? regala un ramo a la novia <br\/><\/h3>\n\n<p>Enviar flores como regalo de bodas a los reci\u00e9n casados \u200b\u200bpuede ser una gran idea. Muchos amigos y familiares de los reci\u00e9n casados de todo el mundo env\u00edan flores y regalos de boda formales. Los invitados que no pueden asistir a una boda debido a viajes de distancia, obligaciones familiares o de trabajo pueden enviar flores a la recepci\u00f3n de la boda en su lugar. O los miembros de la fiesta de boda juntos o individualmente tambi\u00e9n pueden presentar a la novia y al novio con las flores. Esto es para agradecer a los novios por haberlos elegido para la fiesta nupcial.Casi todas las composiciones de flores son adecuadas como regalo de boda, excepto las flores f\u00fanebres. Una disposici\u00f3n brillante de flores de cumplea\u00f1os con globos es adecuada   <\/p>\n<div class=\"wp-block-image\">\n<figure class=\"aligncenter size-large is-resized\"><img loading=\"lazy\" decoding=\"async\" width=\"1024\" height=\"683\" src=\"https:\/\/floranixena.it\/wp-content\/uploads\/2023\/07\/Organizziamo-il-tuo-matrimonio-da-sogno-direttamente-online-1024x683.jpg\" alt=\"\" class=\"wp-image-12699\" style=\"width:477px;height:auto\" srcset=\"https:\/\/floranixena.it\/wp-content\/uploads\/2023\/07\/Organizziamo-il-tuo-matrimonio-da-sogno-direttamente-online-1024x683.jpg 1024w, https:\/\/floranixena.it\/wp-content\/uploads\/2023\/07\/Organizziamo-il-tuo-matrimonio-da-sogno-direttamente-online-500x333.jpg 500w, https:\/\/floranixena.it\/wp-content\/uploads\/2023\/07\/Organizziamo-il-tuo-matrimonio-da-sogno-direttamente-online-768x512.jpg 768w, https:\/\/floranixena.it\/wp-content\/uploads\/2023\/07\/Organizziamo-il-tuo-matrimonio-da-sogno-direttamente-online-640x427.jpg 640w, https:\/\/floranixena.it\/wp-content\/uploads\/2023\/07\/Organizziamo-il-tuo-matrimonio-da-sogno-direttamente-online-400x267.jpg 400w, https:\/\/floranixena.it\/wp-content\/uploads\/2023\/07\/Organizziamo-il-tuo-matrimonio-da-sogno-direttamente-online-800x533.jpg 800w\" sizes=\"auto, (max-width: 1024px) 100vw, 1024px\" \/><\/figure>\n<\/div>\n<h3 class=\"wp-block-heading has-text-align-center\" id=\"h-bouquet-nuziali-per-tutti\">Ramos de boda para todos!<\/h3>\n\n<p>Para una ocasi\u00f3n tan especial como una boda, Floranixena crea ramos y arreglos florales no solo para la novia, sino tambi\u00e9n para damas de honor, padrinos, ujieres e invitados. Para hacer que la ceremonia sea a\u00fan m\u00e1s emotiva, o simplemente para felicitar a los reci\u00e9n casados, Floranixena puede entregar flores y ramos blancos que complementar\u00e1n a la perfecci\u00f3n el evento.<br\/>En nuestra selecci\u00f3n de Bodas, encontrar\u00e1 un ramo de rosas blancas, un ramo fresco blanco y verde, un elegante ramo blanco alto con lirios, rosas y lisianthus blancos, as\u00ed como un magn\u00edfico arreglo de orqu\u00eddeas blancas. Si no puede asistir el d\u00eda de la boda, no se preocupe. \u00a1Podemos entregarle un suntuoso ramo de flores!   <\/p>\n<div class=\"wp-block-image\">\n<figure class=\"aligncenter size-full is-resized\"><img loading=\"lazy\" decoding=\"async\" width=\"750\" height=\"500\" src=\"https:\/\/floranixena.it\/wp-content\/uploads\/2023\/07\/Composizione-di-fiori-raffinati-fatti-a-mano-su-floranixena.jpg\" alt=\"\" class=\"wp-image-12701\" style=\"width:477px;height:auto\" srcset=\"https:\/\/floranixena.it\/wp-content\/uploads\/2023\/07\/Composizione-di-fiori-raffinati-fatti-a-mano-su-floranixena.jpg 750w, https:\/\/floranixena.it\/wp-content\/uploads\/2023\/07\/Composizione-di-fiori-raffinati-fatti-a-mano-su-floranixena-500x333.jpg 500w, https:\/\/floranixena.it\/wp-content\/uploads\/2023\/07\/Composizione-di-fiori-raffinati-fatti-a-mano-su-floranixena-640x427.jpg 640w, https:\/\/floranixena.it\/wp-content\/uploads\/2023\/07\/Composizione-di-fiori-raffinati-fatti-a-mano-su-floranixena-400x267.jpg 400w\" sizes=\"auto, (max-width: 750px) 100vw, 750px\" \/><\/figure>\n<\/div><div class=\"porto-button text-center\"><a class=\"btn btn-md btn-primary\" href=\"https:\/\/floranixena.it\/contattaci\/\"><span>RICHIEDI UN PREVENTIVO SU MISURA<\/span><\/a><\/div>","protected":false},"excerpt":{"rendered":"<p>Hacemos su d\u00eda especial a\u00fan m\u00e1s hermoso con flores ceremoniales cuidadosamente seleccionadas Con una amplia gama de tonos, texturas, estilos y dise\u00f1os, seguro que encontrar\u00e1s las flores perfectas para tu gran d\u00eda. Nuestro equipo de floristas expertos en bodas te ayudar\u00e1 a hacer realidad tu visi\u00f3n y a a\u00f1adir esos toques personales tan importantes para [&hellip;]<\/p>\n","protected":false},"author":2,"featured_media":0,"parent":0,"menu_order":0,"comment_status":"closed","ping_status":"closed","template":"","meta":{"footnotes":""},"class_list":["post-19924","page","type-page","status-publish","hentry"],"yoast_head":"<!-- This site is optimized with the Yoast SEO Premium plugin v27.5 (Yoast SEO v27.5) - https:\/\/yoast.com\/product\/yoast-seo-premium-wordpress\/ -->\n<title>Boda personalizada y ramo de novia - FloraNixena<\/title>\n<meta name=\"description\" content=\"Conf\u00eda en FloraNixena para una boda personalizada hasta el \u00faltimo detalle, con la belleza de las flores como protagonista absoluta.\" \/>\n<meta name=\"robots\" content=\"index, follow, max-snippet:-1, max-image-preview:large, max-video-preview:-1\" \/>\n<link rel=\"canonical\" href=\"https:\/\/floranixena.it\/es\/tu-boda-personalizada-de-cuento-de-hadas\/\" \/>\n<meta property=\"og:locale\" content=\"es_ES\" \/>\n<meta property=\"og:type\" content=\"article\" \/>\n<meta property=\"og:title\" content=\"Tu boda personalizada de cuento de hadas\" \/>\n<meta property=\"og:description\" content=\"Hacemos su d\u00eda especial a\u00fan m\u00e1s hermoso con flores ceremoniales cuidadosamente seleccionadas Con una amplia gama de tonos, texturas, estilos y dise\u00f1os,\" \/>\n<meta property=\"og:url\" content=\"https:\/\/floranixena.it\/es\/tu-boda-personalizada-de-cuento-de-hadas\/\" \/>\n<meta property=\"og:site_name\" content=\"FloraNixena - FloraNixena - Entrega de flores a domicilio\" \/>\n<meta property=\"article:publisher\" content=\"https:\/\/www.facebook.com\/FloraNixena\/\" \/>\n<meta property=\"article:modified_time\" content=\"2025-11-19T07:17:13+00:00\" \/>\n<meta property=\"og:image\" content=\"https:\/\/floranixena.it\/wp-content\/uploads\/2023\/07\/Regala-un-bouquet-nuziale-alla-sposa-anche-quando-non-puoi-assistere-alle-nozze.jpg\" \/>\n\t<meta property=\"og:image:width\" content=\"1920\" \/>\n\t<meta property=\"og:image:height\" content=\"1260\" \/>\n\t<meta property=\"og:image:type\" content=\"image\/jpeg\" \/>\n<meta name=\"twitter:card\" content=\"summary_large_image\" \/>\n<meta name=\"twitter:label1\" content=\"Tiempo de lectura\" \/>\n\t<meta name=\"twitter:data1\" content=\"3 minuto\" \/>\n<script type=\"application\/ld+json\" class=\"yoast-schema-graph\">{\"@context\":\"https:\\\/\\\/schema.org\",\"@graph\":[{\"@type\":\"WebPage\",\"@id\":\"https:\\\/\\\/floranixena.it\\\/es\\\/tu-boda-personalizada-de-cuento-de-hadas\\\/\",\"url\":\"https:\\\/\\\/floranixena.it\\\/es\\\/tu-boda-personalizada-de-cuento-de-hadas\\\/\",\"name\":\"Boda personalizada y ramo de novia - FloraNixena\",\"isPartOf\":{\"@id\":\"https:\\\/\\\/floranixena.it\\\/es\\\/#website\"},\"primaryImageOfPage\":{\"@id\":\"https:\\\/\\\/floranixena.it\\\/es\\\/tu-boda-personalizada-de-cuento-de-hadas\\\/#primaryimage\"},\"image\":{\"@id\":\"https:\\\/\\\/floranixena.it\\\/es\\\/tu-boda-personalizada-de-cuento-de-hadas\\\/#primaryimage\"},\"thumbnailUrl\":\"https:\\\/\\\/floranixena.it\\\/wp-content\\\/uploads\\\/2023\\\/07\\\/Regala-un-bouquet-nuziale-alla-sposa-anche-quando-non-puoi-assistere-alle-nozze-1024x672.jpg\",\"datePublished\":\"2018-11-29T08:09:48+00:00\",\"dateModified\":\"2025-11-19T07:17:13+00:00\",\"description\":\"Conf\u00eda en FloraNixena para una boda personalizada hasta el \u00faltimo detalle, con la belleza de las flores como protagonista absoluta.\",\"breadcrumb\":{\"@id\":\"https:\\\/\\\/floranixena.it\\\/es\\\/tu-boda-personalizada-de-cuento-de-hadas\\\/#breadcrumb\"},\"inLanguage\":\"es\",\"potentialAction\":[{\"@type\":\"ReadAction\",\"target\":[\"https:\\\/\\\/floranixena.it\\\/es\\\/tu-boda-personalizada-de-cuento-de-hadas\\\/\"]}]},{\"@type\":\"ImageObject\",\"inLanguage\":\"es\",\"@id\":\"https:\\\/\\\/floranixena.it\\\/es\\\/tu-boda-personalizada-de-cuento-de-hadas\\\/#primaryimage\",\"url\":\"https:\\\/\\\/floranixena.it\\\/wp-content\\\/uploads\\\/2023\\\/07\\\/Regala-un-bouquet-nuziale-alla-sposa-anche-quando-non-puoi-assistere-alle-nozze-1024x672.jpg\",\"contentUrl\":\"https:\\\/\\\/floranixena.it\\\/wp-content\\\/uploads\\\/2023\\\/07\\\/Regala-un-bouquet-nuziale-alla-sposa-anche-quando-non-puoi-assistere-alle-nozze-1024x672.jpg\"},{\"@type\":\"BreadcrumbList\",\"@id\":\"https:\\\/\\\/floranixena.it\\\/es\\\/tu-boda-personalizada-de-cuento-de-hadas\\\/#breadcrumb\",\"itemListElement\":[{\"@type\":\"ListItem\",\"position\":1,\"name\":\"Home\",\"item\":\"https:\\\/\\\/floranixena.it\\\/es\\\/\"},{\"@type\":\"ListItem\",\"position\":2,\"name\":\"Tu boda personalizada de cuento de hadas\"}]},{\"@type\":\"WebSite\",\"@id\":\"https:\\\/\\\/floranixena.it\\\/es\\\/#website\",\"url\":\"https:\\\/\\\/floranixena.it\\\/es\\\/\",\"name\":\"FloraNixena - Consegna fiori a domicilio in Italia\",\"description\":\"Invia fiori che raccontano storie\",\"publisher\":{\"@id\":\"https:\\\/\\\/floranixena.it\\\/es\\\/#organization\"},\"alternateName\":\"FloraNixena.it\",\"potentialAction\":[{\"@type\":\"SearchAction\",\"target\":{\"@type\":\"EntryPoint\",\"urlTemplate\":\"https:\\\/\\\/floranixena.it\\\/es\\\/?s={search_term_string}\"},\"query-input\":{\"@type\":\"PropertyValueSpecification\",\"valueRequired\":true,\"valueName\":\"search_term_string\"}}],\"inLanguage\":\"es\"},{\"@type\":\"Organization\",\"@id\":\"https:\\\/\\\/floranixena.it\\\/es\\\/#organization\",\"name\":\"FloraNixena.it - Consegna mazzi di fiori, bouquet e piante a domicilio\",\"url\":\"https:\\\/\\\/floranixena.it\\\/es\\\/\",\"logo\":{\"@type\":\"ImageObject\",\"inLanguage\":\"es\",\"@id\":\"https:\\\/\\\/floranixena.it\\\/es\\\/#\\\/schema\\\/logo\\\/image\\\/\",\"url\":\"https:\\\/\\\/floranixena.it\\\/wp-content\\\/uploads\\\/2018\\\/11\\\/logo-fucsia.png\",\"contentUrl\":\"https:\\\/\\\/floranixena.it\\\/wp-content\\\/uploads\\\/2018\\\/11\\\/logo-fucsia.png\",\"width\":315,\"height\":81,\"caption\":\"FloraNixena.it - Consegna mazzi di fiori, bouquet e piante a domicilio\"},\"image\":{\"@id\":\"https:\\\/\\\/floranixena.it\\\/es\\\/#\\\/schema\\\/logo\\\/image\\\/\"},\"sameAs\":[\"https:\\\/\\\/www.facebook.com\\\/FloraNixena\\\/\",\"https:\\\/\\\/www.instagram.com\\\/floranixena.it\\\/\",\"https:\\\/\\\/www.youtube.com\\\/channel\\\/UCAfCWXMBezO96jgPjiUgpkA\"],\"description\":\"Chi Siamo? FloraNixena \u00e8 il partner di fiducia per la consegna di fiori freschi a domicilio. Con anni di esperienza nel settore floreale, siamo dedicati a portare la bellezza e la freschezza dei fiori direttamente alla vostra porta. La Nostra Missione La nostra missione \u00e8 trasformare ogni occasione in un momento speciale attraverso la magia dei fiori. Crediamo che un bouquet possa dire pi\u00f9 di mille parole e lavoriamo instancabilmente per assicurarci che ogni consegna porti gioia, amore e bellezza. Cosa Offriamo? Fiori Freschi: Collaboriamo con i migliori fornitori locali per garantire che i nostri fiori siano sempre freschi e di alta qualit\u00e0. Consegna Rapida e Puntuale: Offriamo un servizio di consegna rapido e affidabile, con la possibilit\u00e0 di scegliere la fascia oraria che pi\u00f9 vi conviene. Ampia Selezione: Dalle rose classiche ai bouquet personalizzati, abbiamo una vasta gamma di opzioni per soddisfare ogni gusto e occasione. Assistenza Clienti: Il nostro team \u00e8 sempre a disposizione per assistervi nella scelta del bouquet perfetto e per garantire un'esperienza di acquisto senza intoppi. Perch\u00e9 Sceglierci? Qualit\u00e0 Garantita: Ogni bouquet \u00e8 realizzato con cura dai nostri esperti fioristi, garantendo che ogni composizione sia un'opera d'arte. Servizio Personalizzato: Che sia per un anniversario, un compleanno, una celebrazione o un momento di condoglianza, personalizziamo ogni ordine per rispondere alle vostre esigenze specifiche. Soddisfazione del Cliente: La vostra soddisfazione \u00e8 la nostra priorit\u00e0 assoluta. Facciamo tutto il possibile per assicurarci che ogni consegna superi le vostre aspettative.\",\"email\":\"amministrazione@floranixena.it\",\"telephone\":\"3806342394\",\"legalName\":\"Gaetano Votadoro\"}]}<\/script>\n<!-- \/ Yoast SEO Premium plugin. -->","yoast_head_json":{"title":"Boda personalizada y ramo de novia - FloraNixena","description":"Conf\u00eda en FloraNixena para una boda personalizada hasta el \u00faltimo detalle, con la belleza de las flores como protagonista absoluta.","robots":{"index":"index","follow":"follow","max-snippet":"max-snippet:-1","max-image-preview":"max-image-preview:large","max-video-preview":"max-video-preview:-1"},"canonical":"https:\/\/floranixena.it\/es\/tu-boda-personalizada-de-cuento-de-hadas\/","og_locale":"es_ES","og_type":"article","og_title":"Tu boda personalizada de cuento de hadas","og_description":"Hacemos su d\u00eda especial a\u00fan m\u00e1s hermoso con flores ceremoniales cuidadosamente seleccionadas Con una amplia gama de tonos, texturas, estilos y dise\u00f1os,","og_url":"https:\/\/floranixena.it\/es\/tu-boda-personalizada-de-cuento-de-hadas\/","og_site_name":"FloraNixena - FloraNixena - Entrega de flores a domicilio","article_publisher":"https:\/\/www.facebook.com\/FloraNixena\/","article_modified_time":"2025-11-19T07:17:13+00:00","og_image":[{"width":1920,"height":1260,"url":"https:\/\/floranixena.it\/wp-content\/uploads\/2023\/07\/Regala-un-bouquet-nuziale-alla-sposa-anche-quando-non-puoi-assistere-alle-nozze.jpg","type":"image\/jpeg"}],"twitter_card":"summary_large_image","twitter_misc":{"Tiempo de lectura":"3 minuto"},"schema":{"@context":"https:\/\/schema.org","@graph":[{"@type":"WebPage","@id":"https:\/\/floranixena.it\/es\/tu-boda-personalizada-de-cuento-de-hadas\/","url":"https:\/\/floranixena.it\/es\/tu-boda-personalizada-de-cuento-de-hadas\/","name":"Boda personalizada y ramo de novia - FloraNixena","isPartOf":{"@id":"https:\/\/floranixena.it\/es\/#website"},"primaryImageOfPage":{"@id":"https:\/\/floranixena.it\/es\/tu-boda-personalizada-de-cuento-de-hadas\/#primaryimage"},"image":{"@id":"https:\/\/floranixena.it\/es\/tu-boda-personalizada-de-cuento-de-hadas\/#primaryimage"},"thumbnailUrl":"https:\/\/floranixena.it\/wp-content\/uploads\/2023\/07\/Regala-un-bouquet-nuziale-alla-sposa-anche-quando-non-puoi-assistere-alle-nozze-1024x672.jpg","datePublished":"2018-11-29T08:09:48+00:00","dateModified":"2025-11-19T07:17:13+00:00","description":"Conf\u00eda en FloraNixena para una boda personalizada hasta el \u00faltimo detalle, con la belleza de las flores como protagonista absoluta.","breadcrumb":{"@id":"https:\/\/floranixena.it\/es\/tu-boda-personalizada-de-cuento-de-hadas\/#breadcrumb"},"inLanguage":"es","potentialAction":[{"@type":"ReadAction","target":["https:\/\/floranixena.it\/es\/tu-boda-personalizada-de-cuento-de-hadas\/"]}]},{"@type":"ImageObject","inLanguage":"es","@id":"https:\/\/floranixena.it\/es\/tu-boda-personalizada-de-cuento-de-hadas\/#primaryimage","url":"https:\/\/floranixena.it\/wp-content\/uploads\/2023\/07\/Regala-un-bouquet-nuziale-alla-sposa-anche-quando-non-puoi-assistere-alle-nozze-1024x672.jpg","contentUrl":"https:\/\/floranixena.it\/wp-content\/uploads\/2023\/07\/Regala-un-bouquet-nuziale-alla-sposa-anche-quando-non-puoi-assistere-alle-nozze-1024x672.jpg"},{"@type":"BreadcrumbList","@id":"https:\/\/floranixena.it\/es\/tu-boda-personalizada-de-cuento-de-hadas\/#breadcrumb","itemListElement":[{"@type":"ListItem","position":1,"name":"Home","item":"https:\/\/floranixena.it\/es\/"},{"@type":"ListItem","position":2,"name":"Tu boda personalizada de cuento de hadas"}]},{"@type":"WebSite","@id":"https:\/\/floranixena.it\/es\/#website","url":"https:\/\/floranixena.it\/es\/","name":"FloraNixena - Consegna fiori a domicilio in Italia","description":"Invia fiori che raccontano storie","publisher":{"@id":"https:\/\/floranixena.it\/es\/#organization"},"alternateName":"FloraNixena.it","potentialAction":[{"@type":"SearchAction","target":{"@type":"EntryPoint","urlTemplate":"https:\/\/floranixena.it\/es\/?s={search_term_string}"},"query-input":{"@type":"PropertyValueSpecification","valueRequired":true,"valueName":"search_term_string"}}],"inLanguage":"es"},{"@type":"Organization","@id":"https:\/\/floranixena.it\/es\/#organization","name":"FloraNixena.it - Consegna mazzi di fiori, bouquet e piante a domicilio","url":"https:\/\/floranixena.it\/es\/","logo":{"@type":"ImageObject","inLanguage":"es","@id":"https:\/\/floranixena.it\/es\/#\/schema\/logo\/image\/","url":"https:\/\/floranixena.it\/wp-content\/uploads\/2018\/11\/logo-fucsia.png","contentUrl":"https:\/\/floranixena.it\/wp-content\/uploads\/2018\/11\/logo-fucsia.png","width":315,"height":81,"caption":"FloraNixena.it - Consegna mazzi di fiori, bouquet e piante a domicilio"},"image":{"@id":"https:\/\/floranixena.it\/es\/#\/schema\/logo\/image\/"},"sameAs":["https:\/\/www.facebook.com\/FloraNixena\/","https:\/\/www.instagram.com\/floranixena.it\/","https:\/\/www.youtube.com\/channel\/UCAfCWXMBezO96jgPjiUgpkA"],"description":"Chi Siamo? FloraNixena \u00e8 il partner di fiducia per la consegna di fiori freschi a domicilio. Con anni di esperienza nel settore floreale, siamo dedicati a portare la bellezza e la freschezza dei fiori direttamente alla vostra porta. La Nostra Missione La nostra missione \u00e8 trasformare ogni occasione in un momento speciale attraverso la magia dei fiori. Crediamo che un bouquet possa dire pi\u00f9 di mille parole e lavoriamo instancabilmente per assicurarci che ogni consegna porti gioia, amore e bellezza. Cosa Offriamo? Fiori Freschi: Collaboriamo con i migliori fornitori locali per garantire che i nostri fiori siano sempre freschi e di alta qualit\u00e0. Consegna Rapida e Puntuale: Offriamo un servizio di consegna rapido e affidabile, con la possibilit\u00e0 di scegliere la fascia oraria che pi\u00f9 vi conviene. Ampia Selezione: Dalle rose classiche ai bouquet personalizzati, abbiamo una vasta gamma di opzioni per soddisfare ogni gusto e occasione. Assistenza Clienti: Il nostro team \u00e8 sempre a disposizione per assistervi nella scelta del bouquet perfetto e per garantire un'esperienza di acquisto senza intoppi. Perch\u00e9 Sceglierci? Qualit\u00e0 Garantita: Ogni bouquet \u00e8 realizzato con cura dai nostri esperti fioristi, garantendo che ogni composizione sia un'opera d'arte. Servizio Personalizzato: Che sia per un anniversario, un compleanno, una celebrazione o un momento di condoglianza, personalizziamo ogni ordine per rispondere alle vostre esigenze specifiche. Soddisfazione del Cliente: La vostra soddisfazione \u00e8 la nostra priorit\u00e0 assoluta. Facciamo tutto il possibile per assicurarci che ogni consegna superi le vostre aspettative.","email":"amministrazione@floranixena.it","telephone":"3806342394","legalName":"Gaetano Votadoro"}]}},"_links":{"self":[{"href":"https:\/\/floranixena.it\/es\/wp-json\/wp\/v2\/pages\/19924","targetHints":{"allow":["GET"]}}],"collection":[{"href":"https:\/\/floranixena.it\/es\/wp-json\/wp\/v2\/pages"}],"about":[{"href":"https:\/\/floranixena.it\/es\/wp-json\/wp\/v2\/types\/page"}],"author":[{"embeddable":true,"href":"https:\/\/floranixena.it\/es\/wp-json\/wp\/v2\/users\/2"}],"replies":[{"embeddable":true,"href":"https:\/\/floranixena.it\/es\/wp-json\/wp\/v2\/comments?post=19924"}],"version-history":[{"count":0,"href":"https:\/\/floranixena.it\/es\/wp-json\/wp\/v2\/pages\/19924\/revisions"}],"wp:attachment":[{"href":"https:\/\/floranixena.it\/es\/wp-json\/wp\/v2\/media?parent=19924"}],"curies":[{"name":"wp","href":"https:\/\/api.w.org\/{rel}","templated":true}]}}