{"id":19902,"date":"2025-11-18T15:51:21","date_gmt":"2025-11-18T14:51:21","guid":{"rendered":"https:\/\/floranixena.it\/afiliacion-floristas\/"},"modified":"2025-10-13T08:30:52","modified_gmt":"2025-10-13T06:30:52","slug":"afiliacion-floristas","status":"publish","type":"page","link":"https:\/\/floranixena.it\/es\/afiliacion-floristas\/","title":{"rendered":"Afiliaci\u00f3n floristas"},"content":{"rendered":"<h1 style=\"text-align: center;\">Entra a formar parte del mundo FloraNixena<\/h1>\n<h2 style=\"text-align: center;\">\u00bfQui\u00e9nes somos?<\/h2>\n<p>FloraNixena nace de una familia que vende flores desde hace m\u00e1s de treinta a\u00f1os, hoy os propone el programa de <strong>colaboraci\u00f3n para floristas <\/strong>para la entrega a domicilio.<br \/>No solo ofrecemos comisiones altas, sino tambi\u00e9n la m\u00e1xima transparencia. \u00danete al programa de afiliados y ser\u00e1s parte de un equipo joven que trabaja todos los d\u00edas para enviar sonrisas y felicidad en toda Italia y sobre todo aumentar tus ganancias! <\/p>\n<p><img loading=\"lazy\" decoding=\"async\" src=\"https:\/\/floranixena.it\/wp-content\/uploads\/2020\/10\/Affiliazioni-fiorista-con-FloraNixena-per-la-consegna-di-fiori-online.jpg\" alt=\"\" width=\"1280\" height=\"853\"><\/p>\n<h2 style=\"text-align: center;\">\u00bfPor qu\u00e9 unirse al programa de afiliados para floristas locales?<\/h2>\n<p>Si eres un florista local que desea expandir su negocio, definitivamente vale la pena considerar el programa de afiliados floristas de FloraNixena.<\/p>\n<p>Esta es una gran oportunidad para expandir su negocio y llegar a m\u00e1s clientes en su \u00e1rea. Con la entrega a domicilio, los clientes pueden pedir flores c\u00f3modamente desde su propia casa y enviarlas directamente a su domicilio. Este programa le permite a su florista local aprovechar la creciente demanda de servicios de entrega y hacer su negocio m\u00e1s accesible para las personas que pueden no tener el tiempo o los medios para visitar su tienda.  <\/p>\n<p data-pm-slice=\"1 1 []\">Al unirse a este programa, se beneficiar\u00e1 de nuestros recursos y experiencia en marketing para promover su negocio y ampliar su base de clientes. Creemos que esta colaboraci\u00f3n contribuir\u00e1 al crecimiento de su negocio en el mercado contempor\u00e1neo proporcionando a los clientes un servicio c\u00f3modo y eficiente. <\/p>\n<p>No es necesario realizar ninguna inversi\u00f3n financiera o material, el programa de afiliados floristas le ofrece todas nuestras herramientas a una tarifa anual igual a cero.<\/p>\n<p>Afiliarse a FloraNixena &#8211; Colaborar con floristas &#8211; Colaboraci\u00f3n floristas<\/p>\n<h2 style=\"--porto-h2-ff: 'Roboto'; --porto-h2-fw: 400; --porto-h2-fs: 24px; --porto-h2-lh: 30px; --porto-h2-ls: -0.5px; --porto-h2-color: #e62263; font-style: normal; font-variant-ligatures: normal; font-variant-caps: normal; letter-spacing: var(--porto-h2-ls,-0.05em); text-align: center;\">\u00bfPor qu\u00e9 afiliarse a nosotros?<\/h2>\n<p style=\"font-family: Roboto, Roboto; font-weight: var( --e-global-typography-primary-font-weight );\">\u2705 Enviar\/recibir pedidos sin costo pero con ganancias<\/p>\n<p style=\"font-family: Roboto, Roboto; font-weight: var( --e-global-typography-primary-font-weight );\">\u2705 Porcentaje fijo de ganancias en cada pedido que env\u00edas a tus clientes<\/p>\n<p style=\"font-family: Roboto, Roboto; font-weight: var( --e-global-typography-primary-font-weight );\">\u2705 Visibilidad en tiempo real de las ganancias a trav\u00e9s del Dashboard de nuestro portal web<\/p>\n<p style=\"font-family: Roboto, Roboto; font-weight: var( --e-global-typography-primary-font-weight );\">\u2705 Entregas en Italia en el d\u00eda<\/p>\n<p style=\"font-family: Roboto, Roboto; font-weight: var( --e-global-typography-primary-font-weight );\">\u2705 Env\u00edos y entregas a m\u00e1s de 300 pa\u00edses en todo el mundo<\/p>\n<p style=\"font-family: Roboto, Roboto; font-weight: var( --e-global-typography-primary-font-weight );\">\u2705 M\u00e1s de 2000 empleados en Italia<\/p>\n<p style=\"font-family: Roboto, Roboto; font-weight: var( --e-global-typography-primary-font-weight );\">\u2705 Precios honestos en la web de regalos florales<\/p>\n<h1>M\u00e1s informaci\u00f3n sobre la afiliaci\u00f3n<\/h1>\n<h3   >Cont\u00e1ctenos y obtengamos m\u00e1s informaci\u00f3n<\/h3>\n<p><a href=\"tel:+393806342394\">(+39) 3802634294<\/a><\/p>\n<style>.porto-u-7cde7bb859728a21207628191890e260.porto-u-heading{text-align:left}<\/style>\n<h1>Direcci\u00f3n de correo electr\u00f3nico<\/h1>\n<h3   >direcci\u00f3n<\/h3>\n<p>Domicilio social:<br \/>Via Solferino 24<br \/>93015 Niscemi (CL)<\/p>\n<style>.porto-u-7cde7bb859728a21207628191890e260.porto-u-heading{text-align:left}<\/style>\n<h3   >correo electr\u00f3nico<\/h3>\n<p>amministrazione@floranixena.it<\/p>\n<style>.porto-u-7cde7bb859728a21207628191890e260.porto-u-heading{text-align:left}<\/style>\n","protected":false},"excerpt":{"rendered":"<p>Entra a formar parte del mundo FloraNixena \u00bfQui\u00e9nes somos? FloraNixena nace de una familia que vende flores desde hace m\u00e1s de treinta a\u00f1os, hoy os propone el programa de colaboraci\u00f3n para floristas para la entrega a domicilio.No solo ofrecemos comisiones altas, sino tambi\u00e9n la m\u00e1xima transparencia. \u00danete al programa de afiliados y ser\u00e1s parte de [&hellip;]<\/p>\n","protected":false},"author":2,"featured_media":0,"parent":0,"menu_order":0,"comment_status":"closed","ping_status":"closed","template":"","meta":{"footnotes":""},"class_list":["post-19902","page","type-page","status-publish","hentry"],"yoast_head":"<!-- This site is optimized with the Yoast SEO Premium plugin v27.6 (Yoast SEO v27.6) - https:\/\/yoast.com\/product\/yoast-seo-premium-wordpress\/ -->\n<title>Afiliaci\u00f3n floristas locales - FloraNixena flores a domicilio<\/title>\n<meta name=\"description\" content=\"FloraNixena con m\u00e1s de 30 a\u00f1os de experiencia, ahora ofrece afiliaci\u00f3n como floristas locales para la entrega de flores a domicilio.\" \/>\n<meta name=\"robots\" content=\"index, follow, max-snippet:-1, max-image-preview:large, max-video-preview:-1\" \/>\n<link rel=\"canonical\" href=\"https:\/\/floranixena.it\/es\/afiliacion-floristas\/\" \/>\n<meta property=\"og:locale\" content=\"es_ES\" \/>\n<meta property=\"og:type\" content=\"article\" \/>\n<meta property=\"og:title\" content=\"Afiliaci\u00f3n floristas\" \/>\n<meta property=\"og:description\" content=\"Entra a formar parte del mundo FloraNixena\u00bfQui\u00e9nes somos?FloraNixena nace de una familia que vende flores desde hace m\u00e1s de treinta a\u00f1os, hoy os propone\" \/>\n<meta property=\"og:url\" content=\"https:\/\/floranixena.it\/es\/afiliacion-floristas\/\" \/>\n<meta property=\"og:site_name\" content=\"FloraNixena - FloraNixena - Entrega de flores a domicilio\" \/>\n<meta property=\"article:publisher\" content=\"https:\/\/www.facebook.com\/FloraNixena\/\" \/>\n<meta property=\"og:image\" content=\"https:\/\/floranixena.it\/wp-content\/uploads\/2020\/10\/Affiliazioni-fiorista-con-FloraNixena-per-la-consegna-di-fiori-online.jpg\" \/>\n\t<meta property=\"og:image:width\" content=\"1280\" \/>\n\t<meta property=\"og:image:height\" content=\"853\" \/>\n\t<meta property=\"og:image:type\" content=\"image\/jpeg\" \/>\n<meta name=\"twitter:card\" content=\"summary_large_image\" \/>\n<meta name=\"twitter:label1\" content=\"Tiempo de lectura\" \/>\n\t<meta name=\"twitter:data1\" content=\"2 minuto\" \/>\n<script type=\"application\/ld+json\" class=\"yoast-schema-graph\">{\"@context\":\"https:\\\/\\\/schema.org\",\"@graph\":[{\"@type\":\"WebPage\",\"@id\":\"https:\\\/\\\/floranixena.it\\\/es\\\/afiliacion-floristas\\\/\",\"url\":\"https:\\\/\\\/floranixena.it\\\/es\\\/afiliacion-floristas\\\/\",\"name\":\"Afiliaci\u00f3n floristas locales - FloraNixena flores a domicilio\",\"isPartOf\":{\"@id\":\"https:\\\/\\\/floranixena.it\\\/es\\\/#website\"},\"primaryImageOfPage\":{\"@id\":\"https:\\\/\\\/floranixena.it\\\/es\\\/afiliacion-floristas\\\/#primaryimage\"},\"image\":{\"@id\":\"https:\\\/\\\/floranixena.it\\\/es\\\/afiliacion-floristas\\\/#primaryimage\"},\"thumbnailUrl\":\"https:\\\/\\\/floranixena.it\\\/wp-content\\\/uploads\\\/2020\\\/10\\\/Affiliazioni-fiorista-con-FloraNixena-per-la-consegna-di-fiori-online.jpg\",\"datePublished\":\"2025-11-18T14:51:21+00:00\",\"description\":\"FloraNixena con m\u00e1s de 30 a\u00f1os de experiencia, ahora ofrece afiliaci\u00f3n como floristas locales para la entrega de flores a domicilio.\",\"breadcrumb\":{\"@id\":\"https:\\\/\\\/floranixena.it\\\/es\\\/afiliacion-floristas\\\/#breadcrumb\"},\"inLanguage\":\"es\",\"potentialAction\":[{\"@type\":\"ReadAction\",\"target\":[\"https:\\\/\\\/floranixena.it\\\/es\\\/afiliacion-floristas\\\/\"]}]},{\"@type\":\"ImageObject\",\"inLanguage\":\"es\",\"@id\":\"https:\\\/\\\/floranixena.it\\\/es\\\/afiliacion-floristas\\\/#primaryimage\",\"url\":\"https:\\\/\\\/floranixena.it\\\/wp-content\\\/uploads\\\/2020\\\/10\\\/Affiliazioni-fiorista-con-FloraNixena-per-la-consegna-di-fiori-online.jpg\",\"contentUrl\":\"https:\\\/\\\/floranixena.it\\\/wp-content\\\/uploads\\\/2020\\\/10\\\/Affiliazioni-fiorista-con-FloraNixena-per-la-consegna-di-fiori-online.jpg\"},{\"@type\":\"BreadcrumbList\",\"@id\":\"https:\\\/\\\/floranixena.it\\\/es\\\/afiliacion-floristas\\\/#breadcrumb\",\"itemListElement\":[{\"@type\":\"ListItem\",\"position\":1,\"name\":\"Home\",\"item\":\"https:\\\/\\\/floranixena.it\\\/es\\\/\"},{\"@type\":\"ListItem\",\"position\":2,\"name\":\"Afiliaci\u00f3n floristas\"}]},{\"@type\":\"WebSite\",\"@id\":\"https:\\\/\\\/floranixena.it\\\/es\\\/#website\",\"url\":\"https:\\\/\\\/floranixena.it\\\/es\\\/\",\"name\":\"FloraNixena - Consegna fiori a domicilio in Italia\",\"description\":\"Invia fiori che raccontano storie\",\"publisher\":{\"@id\":\"https:\\\/\\\/floranixena.it\\\/es\\\/#organization\"},\"alternateName\":\"FloraNixena.it\",\"potentialAction\":[{\"@type\":\"SearchAction\",\"target\":{\"@type\":\"EntryPoint\",\"urlTemplate\":\"https:\\\/\\\/floranixena.it\\\/es\\\/?s={search_term_string}\"},\"query-input\":{\"@type\":\"PropertyValueSpecification\",\"valueRequired\":true,\"valueName\":\"search_term_string\"}}],\"inLanguage\":\"es\"},{\"@type\":\"Organization\",\"@id\":\"https:\\\/\\\/floranixena.it\\\/es\\\/#organization\",\"name\":\"FloraNixena.it - Consegna mazzi di fiori, bouquet e piante a domicilio\",\"url\":\"https:\\\/\\\/floranixena.it\\\/es\\\/\",\"logo\":{\"@type\":\"ImageObject\",\"inLanguage\":\"es\",\"@id\":\"https:\\\/\\\/floranixena.it\\\/es\\\/#\\\/schema\\\/logo\\\/image\\\/\",\"url\":\"https:\\\/\\\/floranixena.it\\\/wp-content\\\/uploads\\\/2018\\\/11\\\/logo-fucsia.png\",\"contentUrl\":\"https:\\\/\\\/floranixena.it\\\/wp-content\\\/uploads\\\/2018\\\/11\\\/logo-fucsia.png\",\"width\":315,\"height\":81,\"caption\":\"FloraNixena.it - Consegna mazzi di fiori, bouquet e piante a domicilio\"},\"image\":{\"@id\":\"https:\\\/\\\/floranixena.it\\\/es\\\/#\\\/schema\\\/logo\\\/image\\\/\"},\"sameAs\":[\"https:\\\/\\\/www.facebook.com\\\/FloraNixena\\\/\",\"https:\\\/\\\/www.instagram.com\\\/floranixena.it\\\/\",\"https:\\\/\\\/www.youtube.com\\\/channel\\\/UCAfCWXMBezO96jgPjiUgpkA\"],\"description\":\"Chi Siamo? FloraNixena \u00e8 il partner di fiducia per la consegna di fiori freschi a domicilio. Con anni di esperienza nel settore floreale, siamo dedicati a portare la bellezza e la freschezza dei fiori direttamente alla vostra porta. La Nostra Missione La nostra missione \u00e8 trasformare ogni occasione in un momento speciale attraverso la magia dei fiori. Crediamo che un bouquet possa dire pi\u00f9 di mille parole e lavoriamo instancabilmente per assicurarci che ogni consegna porti gioia, amore e bellezza. Cosa Offriamo? Fiori Freschi: Collaboriamo con i migliori fornitori locali per garantire che i nostri fiori siano sempre freschi e di alta qualit\u00e0. Consegna Rapida e Puntuale: Offriamo un servizio di consegna rapido e affidabile, con la possibilit\u00e0 di scegliere la fascia oraria che pi\u00f9 vi conviene. Ampia Selezione: Dalle rose classiche ai bouquet personalizzati, abbiamo una vasta gamma di opzioni per soddisfare ogni gusto e occasione. Assistenza Clienti: Il nostro team \u00e8 sempre a disposizione per assistervi nella scelta del bouquet perfetto e per garantire un'esperienza di acquisto senza intoppi. Perch\u00e9 Sceglierci? Qualit\u00e0 Garantita: Ogni bouquet \u00e8 realizzato con cura dai nostri esperti fioristi, garantendo che ogni composizione sia un'opera d'arte. Servizio Personalizzato: Che sia per un anniversario, un compleanno, una celebrazione o un momento di condoglianza, personalizziamo ogni ordine per rispondere alle vostre esigenze specifiche. Soddisfazione del Cliente: La vostra soddisfazione \u00e8 la nostra priorit\u00e0 assoluta. Facciamo tutto il possibile per assicurarci che ogni consegna superi le vostre aspettative.\",\"email\":\"amministrazione@floranixena.it\",\"telephone\":\"3806342394\",\"legalName\":\"Gaetano Votadoro\"}]}<\/script>\n<!-- \/ Yoast SEO Premium plugin. -->","yoast_head_json":{"title":"Afiliaci\u00f3n floristas locales - FloraNixena flores a domicilio","description":"FloraNixena con m\u00e1s de 30 a\u00f1os de experiencia, ahora ofrece afiliaci\u00f3n como floristas locales para la entrega de flores a domicilio.","robots":{"index":"index","follow":"follow","max-snippet":"max-snippet:-1","max-image-preview":"max-image-preview:large","max-video-preview":"max-video-preview:-1"},"canonical":"https:\/\/floranixena.it\/es\/afiliacion-floristas\/","og_locale":"es_ES","og_type":"article","og_title":"Afiliaci\u00f3n floristas","og_description":"Entra a formar parte del mundo FloraNixena\u00bfQui\u00e9nes somos?FloraNixena nace de una familia que vende flores desde hace m\u00e1s de treinta a\u00f1os, hoy os propone","og_url":"https:\/\/floranixena.it\/es\/afiliacion-floristas\/","og_site_name":"FloraNixena - FloraNixena - Entrega de flores a domicilio","article_publisher":"https:\/\/www.facebook.com\/FloraNixena\/","og_image":[{"width":1280,"height":853,"url":"https:\/\/floranixena.it\/wp-content\/uploads\/2020\/10\/Affiliazioni-fiorista-con-FloraNixena-per-la-consegna-di-fiori-online.jpg","type":"image\/jpeg"}],"twitter_card":"summary_large_image","twitter_misc":{"Tiempo de lectura":"2 minuto"},"schema":{"@context":"https:\/\/schema.org","@graph":[{"@type":"WebPage","@id":"https:\/\/floranixena.it\/es\/afiliacion-floristas\/","url":"https:\/\/floranixena.it\/es\/afiliacion-floristas\/","name":"Afiliaci\u00f3n floristas locales - FloraNixena flores a domicilio","isPartOf":{"@id":"https:\/\/floranixena.it\/es\/#website"},"primaryImageOfPage":{"@id":"https:\/\/floranixena.it\/es\/afiliacion-floristas\/#primaryimage"},"image":{"@id":"https:\/\/floranixena.it\/es\/afiliacion-floristas\/#primaryimage"},"thumbnailUrl":"https:\/\/floranixena.it\/wp-content\/uploads\/2020\/10\/Affiliazioni-fiorista-con-FloraNixena-per-la-consegna-di-fiori-online.jpg","datePublished":"2025-11-18T14:51:21+00:00","description":"FloraNixena con m\u00e1s de 30 a\u00f1os de experiencia, ahora ofrece afiliaci\u00f3n como floristas locales para la entrega de flores a domicilio.","breadcrumb":{"@id":"https:\/\/floranixena.it\/es\/afiliacion-floristas\/#breadcrumb"},"inLanguage":"es","potentialAction":[{"@type":"ReadAction","target":["https:\/\/floranixena.it\/es\/afiliacion-floristas\/"]}]},{"@type":"ImageObject","inLanguage":"es","@id":"https:\/\/floranixena.it\/es\/afiliacion-floristas\/#primaryimage","url":"https:\/\/floranixena.it\/wp-content\/uploads\/2020\/10\/Affiliazioni-fiorista-con-FloraNixena-per-la-consegna-di-fiori-online.jpg","contentUrl":"https:\/\/floranixena.it\/wp-content\/uploads\/2020\/10\/Affiliazioni-fiorista-con-FloraNixena-per-la-consegna-di-fiori-online.jpg"},{"@type":"BreadcrumbList","@id":"https:\/\/floranixena.it\/es\/afiliacion-floristas\/#breadcrumb","itemListElement":[{"@type":"ListItem","position":1,"name":"Home","item":"https:\/\/floranixena.it\/es\/"},{"@type":"ListItem","position":2,"name":"Afiliaci\u00f3n floristas"}]},{"@type":"WebSite","@id":"https:\/\/floranixena.it\/es\/#website","url":"https:\/\/floranixena.it\/es\/","name":"FloraNixena - Consegna fiori a domicilio in Italia","description":"Invia fiori che raccontano storie","publisher":{"@id":"https:\/\/floranixena.it\/es\/#organization"},"alternateName":"FloraNixena.it","potentialAction":[{"@type":"SearchAction","target":{"@type":"EntryPoint","urlTemplate":"https:\/\/floranixena.it\/es\/?s={search_term_string}"},"query-input":{"@type":"PropertyValueSpecification","valueRequired":true,"valueName":"search_term_string"}}],"inLanguage":"es"},{"@type":"Organization","@id":"https:\/\/floranixena.it\/es\/#organization","name":"FloraNixena.it - Consegna mazzi di fiori, bouquet e piante a domicilio","url":"https:\/\/floranixena.it\/es\/","logo":{"@type":"ImageObject","inLanguage":"es","@id":"https:\/\/floranixena.it\/es\/#\/schema\/logo\/image\/","url":"https:\/\/floranixena.it\/wp-content\/uploads\/2018\/11\/logo-fucsia.png","contentUrl":"https:\/\/floranixena.it\/wp-content\/uploads\/2018\/11\/logo-fucsia.png","width":315,"height":81,"caption":"FloraNixena.it - Consegna mazzi di fiori, bouquet e piante a domicilio"},"image":{"@id":"https:\/\/floranixena.it\/es\/#\/schema\/logo\/image\/"},"sameAs":["https:\/\/www.facebook.com\/FloraNixena\/","https:\/\/www.instagram.com\/floranixena.it\/","https:\/\/www.youtube.com\/channel\/UCAfCWXMBezO96jgPjiUgpkA"],"description":"Chi Siamo? FloraNixena \u00e8 il partner di fiducia per la consegna di fiori freschi a domicilio. Con anni di esperienza nel settore floreale, siamo dedicati a portare la bellezza e la freschezza dei fiori direttamente alla vostra porta. La Nostra Missione La nostra missione \u00e8 trasformare ogni occasione in un momento speciale attraverso la magia dei fiori. Crediamo che un bouquet possa dire pi\u00f9 di mille parole e lavoriamo instancabilmente per assicurarci che ogni consegna porti gioia, amore e bellezza. Cosa Offriamo? Fiori Freschi: Collaboriamo con i migliori fornitori locali per garantire che i nostri fiori siano sempre freschi e di alta qualit\u00e0. Consegna Rapida e Puntuale: Offriamo un servizio di consegna rapido e affidabile, con la possibilit\u00e0 di scegliere la fascia oraria che pi\u00f9 vi conviene. Ampia Selezione: Dalle rose classiche ai bouquet personalizzati, abbiamo una vasta gamma di opzioni per soddisfare ogni gusto e occasione. Assistenza Clienti: Il nostro team \u00e8 sempre a disposizione per assistervi nella scelta del bouquet perfetto e per garantire un'esperienza di acquisto senza intoppi. Perch\u00e9 Sceglierci? Qualit\u00e0 Garantita: Ogni bouquet \u00e8 realizzato con cura dai nostri esperti fioristi, garantendo che ogni composizione sia un'opera d'arte. Servizio Personalizzato: Che sia per un anniversario, un compleanno, una celebrazione o un momento di condoglianza, personalizziamo ogni ordine per rispondere alle vostre esigenze specifiche. Soddisfazione del Cliente: La vostra soddisfazione \u00e8 la nostra priorit\u00e0 assoluta. Facciamo tutto il possibile per assicurarci che ogni consegna superi le vostre aspettative.","email":"amministrazione@floranixena.it","telephone":"3806342394","legalName":"Gaetano Votadoro"}]}},"_links":{"self":[{"href":"https:\/\/floranixena.it\/es\/wp-json\/wp\/v2\/pages\/19902","targetHints":{"allow":["GET"]}}],"collection":[{"href":"https:\/\/floranixena.it\/es\/wp-json\/wp\/v2\/pages"}],"about":[{"href":"https:\/\/floranixena.it\/es\/wp-json\/wp\/v2\/types\/page"}],"author":[{"embeddable":true,"href":"https:\/\/floranixena.it\/es\/wp-json\/wp\/v2\/users\/2"}],"replies":[{"embeddable":true,"href":"https:\/\/floranixena.it\/es\/wp-json\/wp\/v2\/comments?post=19902"}],"version-history":[{"count":0,"href":"https:\/\/floranixena.it\/es\/wp-json\/wp\/v2\/pages\/19902\/revisions"}],"wp:attachment":[{"href":"https:\/\/floranixena.it\/es\/wp-json\/wp\/v2\/media?parent=19902"}],"curies":[{"name":"wp","href":"https:\/\/api.w.org\/{rel}","templated":true}]}}