{"id":11221,"date":"2024-07-14T14:05:24","date_gmt":"2024-07-14T12:05:24","guid":{"rendered":"https:\/\/floranixena.it\/product\/champagne-brut-moet-imperial\/"},"modified":"2025-09-18T10:47:07","modified_gmt":"2025-09-18T08:47:07","slug":"champagne-brut-moet-imperial","status":"publish","type":"product","link":"https:\/\/floranixena.it\/en\/product\/champagne-brut-moet-imperial\/","title":{"rendered":"Champagne Brut \u201cMo\u00ebt Imp\u00e9rial\u201d"},"content":{"rendered":"<h3>Discover the Imp\u00e9rial by Mo\u00ebt &amp; Chandon: The Iconic Champagne with Golden Straw Yellow<\/h3>\n<p>The Imp\u00e9rial by Mo\u00ebt &amp; Chandon is an authentic masterpiece in the world of <strong>champagne<\/strong>, with a brilliant golden straw yellow shade and a very fine and persistent perlage. This fine cuv\u00e9e immediately stands out for its elegant aromatic notes: on the nose, it releases a rich and intense <a href=\"https:\/\/floranixena.it\/en\/prodotto\/bouquet-of-pink-callas-and-turmeric\/\"><strong>bouquet <\/strong><\/a>of crunchy green apple, fresh citrus fruits and delicate white flowers, all embellished with a thin and refined mineral trace, almost chalky. This unique aroma reflects the attention to quality and excellence that characterize the Mo\u00ebt &amp; Chandon fashion house.  <\/p>\n<p>When you savor the Imp\u00e9rial, you are enveloped by a sumptuous, fresh and seductive palate. The complexity and length of the taste are impressive, with a persistence that leaves a lasting and very pleasant impression. Each sip reveals the art of balanced maturation and meticulous care in creating this champagne.  <\/p>\n<p>Since its debut in 1869, the Imp\u00e9rial has embodied the unique and inimitable style of Mo\u00ebt &amp; Chandon. This iconic cuv\u00e9e not only represents the brand with a bright fruity expression, but is also synonymous with <strong>freshness and elegance.<\/strong> Its reputation as an excellent champagne is widely recognized globally, making it the most popular and loved champagne in the world.  <\/p>\n<p>Perfect for any <a href=\"https:\/\/floranixena.it\/en\/catalog\/flowers-for-events\/occasion\/\"><strong>occasion<\/strong><\/a>, from a stylish aperitif to a special celebration, the Imp\u00e9rial by Mo\u00ebt &amp; Chandon is the ideal choice for those seeking an unparalleled sensory experience. Let yourself be won over by its elegance and unmistakable character, and discover why the Imp\u00e9rial is considered a true symbol of refinement and <strong>prestige <\/strong>in the world of champagne. <\/p>\n","protected":false},"excerpt":{"rendered":"<ul>\n<li><strong>Format<\/strong>: 0.75 cl<label>:<\/label><\/li>\n<li><strong>Typology<\/strong>:Champagne and Spumante<\/li>\n<li><strong>blend<\/strong>: Pinot nero 40%, pinot meunier 30%, chardonnay 30%<\/li>\n<li><strong>Alcol: <\/strong>12%<\/li>\n<li><strong>Serving temperature<\/strong>:6\/8 \u00b0C<\/li>\n<\/ul>\n<p><strong>This product can only be purchased if combined with a floral composition.<\/strong><\/p>\n","protected":false},"featured_media":9656,"comment_status":"closed","ping_status":"closed","template":"","meta":[],"product_brand":[],"product_cat":[2471,2380],"product_tag":[3007,4038,3014,4039],"class_list":{"0":"post-11221","1":"product","2":"type-product","3":"status-publish","4":"has-post-thumbnail","6":"product_cat-gifts","7":"product_cat-luxury-flowers","8":"product_tag-champagne-en-2","9":"product_tag-fine-sparkling-wine","10":"product_tag-moet-en","11":"product_tag-refined","13":"first","14":"instock","15":"sale","16":"shipping-taxable","17":"purchasable","18":"product-type-simple"},"yoast_head":"<!-- This site is optimized with the Yoast SEO Premium plugin v27.5 (Yoast SEO v27.5) - https:\/\/yoast.com\/product\/yoast-seo-premium-wordpress\/ -->\n<title>Champagne Brut \u201cMo\u00ebt Imp\u00e9rial\u201d - Floranixena<\/title>\n<meta name=\"description\" content=\"Give the gift of a unique experience with a fine Cinzano Bianco Dolce sparkling wine combined with your floral bouquet, all conveniently online.\" \/>\n<meta name=\"robots\" content=\"index, follow, max-snippet:-1, max-image-preview:large, max-video-preview:-1\" \/>\n<link rel=\"canonical\" href=\"https:\/\/floranixena.it\/en\/product\/champagne-brut-moet-imperial\/\" \/>\n<meta property=\"og:locale\" content=\"en_US\" \/>\n<meta property=\"og:type\" content=\"article\" \/>\n<meta property=\"og:title\" content=\"Champagne Brut \u201cMo\u00ebt Imp\u00e9rial\u201d\" \/>\n<meta property=\"og:description\" content=\"Format: 0.75 cl:  Typology:Champagne and Spumante  blend: Pinot nero 40%, pinot meunier 30%, chardonnay 30%  Alcol: 12%  Serving temperature:6\/8 \u00b0C This product can only be purchased if combined with a floral composition.\" \/>\n<meta property=\"og:url\" content=\"https:\/\/floranixena.it\/en\/product\/champagne-brut-moet-imperial\/\" \/>\n<meta property=\"og:site_name\" content=\"FloraNixena - flower and plant delivery\" \/>\n<meta property=\"article:publisher\" content=\"https:\/\/www.facebook.com\/FloraNixena\/\" \/>\n<meta property=\"article:modified_time\" content=\"2025-09-18T08:47:07+00:00\" \/>\n<meta property=\"og:image\" content=\"https:\/\/floranixena.it\/wp-content\/uploads\/2018\/12\/Imperial-Brut-Mo\u00ebt-Chandon-da-regalare-insieme-ad-un-mazzo-di-fiori-di-lusso.jpg\" \/>\n\t<meta property=\"og:image:width\" content=\"800\" \/>\n\t<meta property=\"og:image:height\" content=\"800\" \/>\n\t<meta property=\"og:image:type\" content=\"image\/jpeg\" \/>\n<meta name=\"twitter:card\" content=\"summary_large_image\" \/>\n<meta name=\"twitter:label1\" content=\"Est. reading time\" \/>\n\t<meta name=\"twitter:data1\" content=\"1 minute\" \/>\n<script type=\"application\/ld+json\" class=\"yoast-schema-graph\">{\"@context\":\"https:\\\/\\\/schema.org\",\"@graph\":[{\"@type\":\"WebPage\",\"@id\":\"https:\\\/\\\/floranixena.it\\\/en\\\/product\\\/champagne-brut-moet-imperial\\\/\",\"url\":\"https:\\\/\\\/floranixena.it\\\/en\\\/product\\\/champagne-brut-moet-imperial\\\/\",\"name\":\"Champagne Brut \u201cMo\u00ebt Imp\u00e9rial\u201d - Floranixena\",\"isPartOf\":{\"@id\":\"https:\\\/\\\/floranixena.it\\\/en\\\/#website\"},\"primaryImageOfPage\":{\"@id\":\"https:\\\/\\\/floranixena.it\\\/en\\\/product\\\/champagne-brut-moet-imperial\\\/#primaryimage\"},\"image\":{\"@id\":\"https:\\\/\\\/floranixena.it\\\/en\\\/product\\\/champagne-brut-moet-imperial\\\/#primaryimage\"},\"thumbnailUrl\":\"https:\\\/\\\/floranixena.it\\\/wp-content\\\/uploads\\\/2018\\\/12\\\/Imperial-Brut-Mo\u00ebt-Chandon-da-regalare-insieme-ad-un-mazzo-di-fiori-di-lusso.jpg\",\"datePublished\":\"2024-07-14T12:05:24+00:00\",\"dateModified\":\"2025-09-18T08:47:07+00:00\",\"description\":\"Give the gift of a unique experience with a fine Cinzano Bianco Dolce sparkling wine combined with your floral bouquet, all conveniently online.\",\"breadcrumb\":{\"@id\":\"https:\\\/\\\/floranixena.it\\\/en\\\/product\\\/champagne-brut-moet-imperial\\\/#breadcrumb\"},\"inLanguage\":\"en-US\",\"potentialAction\":[{\"@type\":\"ReadAction\",\"target\":[\"https:\\\/\\\/floranixena.it\\\/en\\\/product\\\/champagne-brut-moet-imperial\\\/\"]}]},{\"@type\":\"ImageObject\",\"inLanguage\":\"en-US\",\"@id\":\"https:\\\/\\\/floranixena.it\\\/en\\\/product\\\/champagne-brut-moet-imperial\\\/#primaryimage\",\"url\":\"https:\\\/\\\/floranixena.it\\\/wp-content\\\/uploads\\\/2018\\\/12\\\/Imperial-Brut-Mo\u00ebt-Chandon-da-regalare-insieme-ad-un-mazzo-di-fiori-di-lusso.jpg\",\"contentUrl\":\"https:\\\/\\\/floranixena.it\\\/wp-content\\\/uploads\\\/2018\\\/12\\\/Imperial-Brut-Mo\u00ebt-Chandon-da-regalare-insieme-ad-un-mazzo-di-fiori-di-lusso.jpg\",\"width\":800,\"height\":800,\"caption\":\"Champagne Brut-Mo\u00ebt-Chandon\"},{\"@type\":\"BreadcrumbList\",\"@id\":\"https:\\\/\\\/floranixena.it\\\/en\\\/product\\\/champagne-brut-moet-imperial\\\/#breadcrumb\",\"itemListElement\":[{\"@type\":\"ListItem\",\"position\":1,\"name\":\"Home\",\"item\":\"https:\\\/\\\/floranixena.it\\\/en\\\/\"},{\"@type\":\"ListItem\",\"position\":2,\"name\":\"Shop\",\"item\":\"https:\\\/\\\/floranixena.it\\\/en\\\/shop\\\/\"},{\"@type\":\"ListItem\",\"position\":3,\"name\":\"Champagne Brut \u201cMo\u00ebt Imp\u00e9rial\u201d\"}]},{\"@type\":\"WebSite\",\"@id\":\"https:\\\/\\\/floranixena.it\\\/en\\\/#website\",\"url\":\"https:\\\/\\\/floranixena.it\\\/en\\\/\",\"name\":\"FloraNixena - Consegna fiori a domicilio in Italia\",\"description\":\"Invia fiori che raccontano storie\",\"publisher\":{\"@id\":\"https:\\\/\\\/floranixena.it\\\/en\\\/#organization\"},\"alternateName\":\"FloraNixena.it\",\"potentialAction\":[{\"@type\":\"SearchAction\",\"target\":{\"@type\":\"EntryPoint\",\"urlTemplate\":\"https:\\\/\\\/floranixena.it\\\/en\\\/?s={search_term_string}\"},\"query-input\":{\"@type\":\"PropertyValueSpecification\",\"valueRequired\":true,\"valueName\":\"search_term_string\"}}],\"inLanguage\":\"en-US\"},{\"@type\":\"Organization\",\"@id\":\"https:\\\/\\\/floranixena.it\\\/en\\\/#organization\",\"name\":\"FloraNixena.it - Consegna mazzi di fiori, bouquet e piante a domicilio\",\"url\":\"https:\\\/\\\/floranixena.it\\\/en\\\/\",\"logo\":{\"@type\":\"ImageObject\",\"inLanguage\":\"en-US\",\"@id\":\"https:\\\/\\\/floranixena.it\\\/en\\\/#\\\/schema\\\/logo\\\/image\\\/\",\"url\":\"https:\\\/\\\/floranixena.it\\\/wp-content\\\/uploads\\\/2018\\\/11\\\/logo-fucsia.png\",\"contentUrl\":\"https:\\\/\\\/floranixena.it\\\/wp-content\\\/uploads\\\/2018\\\/11\\\/logo-fucsia.png\",\"width\":315,\"height\":81,\"caption\":\"FloraNixena.it - Consegna mazzi di fiori, bouquet e piante a domicilio\"},\"image\":{\"@id\":\"https:\\\/\\\/floranixena.it\\\/en\\\/#\\\/schema\\\/logo\\\/image\\\/\"},\"sameAs\":[\"https:\\\/\\\/www.facebook.com\\\/FloraNixena\\\/\",\"https:\\\/\\\/www.instagram.com\\\/floranixena.it\\\/\",\"https:\\\/\\\/www.youtube.com\\\/channel\\\/UCAfCWXMBezO96jgPjiUgpkA\"],\"description\":\"Chi Siamo? FloraNixena \u00e8 il partner di fiducia per la consegna di fiori freschi a domicilio. Con anni di esperienza nel settore floreale, siamo dedicati a portare la bellezza e la freschezza dei fiori direttamente alla vostra porta. La Nostra Missione La nostra missione \u00e8 trasformare ogni occasione in un momento speciale attraverso la magia dei fiori. Crediamo che un bouquet possa dire pi\u00f9 di mille parole e lavoriamo instancabilmente per assicurarci che ogni consegna porti gioia, amore e bellezza. Cosa Offriamo? Fiori Freschi: Collaboriamo con i migliori fornitori locali per garantire che i nostri fiori siano sempre freschi e di alta qualit\u00e0. Consegna Rapida e Puntuale: Offriamo un servizio di consegna rapido e affidabile, con la possibilit\u00e0 di scegliere la fascia oraria che pi\u00f9 vi conviene. Ampia Selezione: Dalle rose classiche ai bouquet personalizzati, abbiamo una vasta gamma di opzioni per soddisfare ogni gusto e occasione. Assistenza Clienti: Il nostro team \u00e8 sempre a disposizione per assistervi nella scelta del bouquet perfetto e per garantire un'esperienza di acquisto senza intoppi. Perch\u00e9 Sceglierci? Qualit\u00e0 Garantita: Ogni bouquet \u00e8 realizzato con cura dai nostri esperti fioristi, garantendo che ogni composizione sia un'opera d'arte. Servizio Personalizzato: Che sia per un anniversario, un compleanno, una celebrazione o un momento di condoglianza, personalizziamo ogni ordine per rispondere alle vostre esigenze specifiche. Soddisfazione del Cliente: La vostra soddisfazione \u00e8 la nostra priorit\u00e0 assoluta. Facciamo tutto il possibile per assicurarci che ogni consegna superi le vostre aspettative.\",\"email\":\"amministrazione@floranixena.it\",\"telephone\":\"3806342394\",\"legalName\":\"Gaetano Votadoro\"}]}<\/script>\n<!-- \/ Yoast SEO Premium plugin. -->","yoast_head_json":{"title":"Champagne Brut \u201cMo\u00ebt Imp\u00e9rial\u201d - Floranixena","description":"Give the gift of a unique experience with a fine Cinzano Bianco Dolce sparkling wine combined with your floral bouquet, all conveniently online.","robots":{"index":"index","follow":"follow","max-snippet":"max-snippet:-1","max-image-preview":"max-image-preview:large","max-video-preview":"max-video-preview:-1"},"canonical":"https:\/\/floranixena.it\/en\/product\/champagne-brut-moet-imperial\/","og_locale":"en_US","og_type":"article","og_title":"Champagne Brut \u201cMo\u00ebt Imp\u00e9rial\u201d","og_description":"Format: 0.75 cl:  Typology:Champagne and Spumante  blend: Pinot nero 40%, pinot meunier 30%, chardonnay 30%  Alcol: 12%  Serving temperature:6\/8 \u00b0C This product can only be purchased if combined with a floral composition.","og_url":"https:\/\/floranixena.it\/en\/product\/champagne-brut-moet-imperial\/","og_site_name":"FloraNixena - flower and plant delivery","article_publisher":"https:\/\/www.facebook.com\/FloraNixena\/","article_modified_time":"2025-09-18T08:47:07+00:00","og_image":[{"width":800,"height":800,"url":"https:\/\/floranixena.it\/wp-content\/uploads\/2018\/12\/Imperial-Brut-Mo\u00ebt-Chandon-da-regalare-insieme-ad-un-mazzo-di-fiori-di-lusso.jpg","type":"image\/jpeg"}],"twitter_card":"summary_large_image","twitter_misc":{"Est. reading time":"1 minute"},"schema":{"@context":"https:\/\/schema.org","@graph":[{"@type":"WebPage","@id":"https:\/\/floranixena.it\/en\/product\/champagne-brut-moet-imperial\/","url":"https:\/\/floranixena.it\/en\/product\/champagne-brut-moet-imperial\/","name":"Champagne Brut \u201cMo\u00ebt Imp\u00e9rial\u201d - Floranixena","isPartOf":{"@id":"https:\/\/floranixena.it\/en\/#website"},"primaryImageOfPage":{"@id":"https:\/\/floranixena.it\/en\/product\/champagne-brut-moet-imperial\/#primaryimage"},"image":{"@id":"https:\/\/floranixena.it\/en\/product\/champagne-brut-moet-imperial\/#primaryimage"},"thumbnailUrl":"https:\/\/floranixena.it\/wp-content\/uploads\/2018\/12\/Imperial-Brut-Mo\u00ebt-Chandon-da-regalare-insieme-ad-un-mazzo-di-fiori-di-lusso.jpg","datePublished":"2024-07-14T12:05:24+00:00","dateModified":"2025-09-18T08:47:07+00:00","description":"Give the gift of a unique experience with a fine Cinzano Bianco Dolce sparkling wine combined with your floral bouquet, all conveniently online.","breadcrumb":{"@id":"https:\/\/floranixena.it\/en\/product\/champagne-brut-moet-imperial\/#breadcrumb"},"inLanguage":"en-US","potentialAction":[{"@type":"ReadAction","target":["https:\/\/floranixena.it\/en\/product\/champagne-brut-moet-imperial\/"]}]},{"@type":"ImageObject","inLanguage":"en-US","@id":"https:\/\/floranixena.it\/en\/product\/champagne-brut-moet-imperial\/#primaryimage","url":"https:\/\/floranixena.it\/wp-content\/uploads\/2018\/12\/Imperial-Brut-Mo\u00ebt-Chandon-da-regalare-insieme-ad-un-mazzo-di-fiori-di-lusso.jpg","contentUrl":"https:\/\/floranixena.it\/wp-content\/uploads\/2018\/12\/Imperial-Brut-Mo\u00ebt-Chandon-da-regalare-insieme-ad-un-mazzo-di-fiori-di-lusso.jpg","width":800,"height":800,"caption":"Champagne Brut-Mo\u00ebt-Chandon"},{"@type":"BreadcrumbList","@id":"https:\/\/floranixena.it\/en\/product\/champagne-brut-moet-imperial\/#breadcrumb","itemListElement":[{"@type":"ListItem","position":1,"name":"Home","item":"https:\/\/floranixena.it\/en\/"},{"@type":"ListItem","position":2,"name":"Shop","item":"https:\/\/floranixena.it\/en\/shop\/"},{"@type":"ListItem","position":3,"name":"Champagne Brut \u201cMo\u00ebt Imp\u00e9rial\u201d"}]},{"@type":"WebSite","@id":"https:\/\/floranixena.it\/en\/#website","url":"https:\/\/floranixena.it\/en\/","name":"FloraNixena - Consegna fiori a domicilio in Italia","description":"Invia fiori che raccontano storie","publisher":{"@id":"https:\/\/floranixena.it\/en\/#organization"},"alternateName":"FloraNixena.it","potentialAction":[{"@type":"SearchAction","target":{"@type":"EntryPoint","urlTemplate":"https:\/\/floranixena.it\/en\/?s={search_term_string}"},"query-input":{"@type":"PropertyValueSpecification","valueRequired":true,"valueName":"search_term_string"}}],"inLanguage":"en-US"},{"@type":"Organization","@id":"https:\/\/floranixena.it\/en\/#organization","name":"FloraNixena.it - Consegna mazzi di fiori, bouquet e piante a domicilio","url":"https:\/\/floranixena.it\/en\/","logo":{"@type":"ImageObject","inLanguage":"en-US","@id":"https:\/\/floranixena.it\/en\/#\/schema\/logo\/image\/","url":"https:\/\/floranixena.it\/wp-content\/uploads\/2018\/11\/logo-fucsia.png","contentUrl":"https:\/\/floranixena.it\/wp-content\/uploads\/2018\/11\/logo-fucsia.png","width":315,"height":81,"caption":"FloraNixena.it - Consegna mazzi di fiori, bouquet e piante a domicilio"},"image":{"@id":"https:\/\/floranixena.it\/en\/#\/schema\/logo\/image\/"},"sameAs":["https:\/\/www.facebook.com\/FloraNixena\/","https:\/\/www.instagram.com\/floranixena.it\/","https:\/\/www.youtube.com\/channel\/UCAfCWXMBezO96jgPjiUgpkA"],"description":"Chi Siamo? FloraNixena \u00e8 il partner di fiducia per la consegna di fiori freschi a domicilio. Con anni di esperienza nel settore floreale, siamo dedicati a portare la bellezza e la freschezza dei fiori direttamente alla vostra porta. La Nostra Missione La nostra missione \u00e8 trasformare ogni occasione in un momento speciale attraverso la magia dei fiori. Crediamo che un bouquet possa dire pi\u00f9 di mille parole e lavoriamo instancabilmente per assicurarci che ogni consegna porti gioia, amore e bellezza. Cosa Offriamo? Fiori Freschi: Collaboriamo con i migliori fornitori locali per garantire che i nostri fiori siano sempre freschi e di alta qualit\u00e0. Consegna Rapida e Puntuale: Offriamo un servizio di consegna rapido e affidabile, con la possibilit\u00e0 di scegliere la fascia oraria che pi\u00f9 vi conviene. Ampia Selezione: Dalle rose classiche ai bouquet personalizzati, abbiamo una vasta gamma di opzioni per soddisfare ogni gusto e occasione. Assistenza Clienti: Il nostro team \u00e8 sempre a disposizione per assistervi nella scelta del bouquet perfetto e per garantire un'esperienza di acquisto senza intoppi. Perch\u00e9 Sceglierci? Qualit\u00e0 Garantita: Ogni bouquet \u00e8 realizzato con cura dai nostri esperti fioristi, garantendo che ogni composizione sia un'opera d'arte. Servizio Personalizzato: Che sia per un anniversario, un compleanno, una celebrazione o un momento di condoglianza, personalizziamo ogni ordine per rispondere alle vostre esigenze specifiche. Soddisfazione del Cliente: La vostra soddisfazione \u00e8 la nostra priorit\u00e0 assoluta. Facciamo tutto il possibile per assicurarci che ogni consegna superi le vostre aspettative.","email":"amministrazione@floranixena.it","telephone":"3806342394","legalName":"Gaetano Votadoro"}]}},"_links":{"self":[{"href":"https:\/\/floranixena.it\/en\/wp-json\/wp\/v2\/product\/11221","targetHints":{"allow":["GET"]}}],"collection":[{"href":"https:\/\/floranixena.it\/en\/wp-json\/wp\/v2\/product"}],"about":[{"href":"https:\/\/floranixena.it\/en\/wp-json\/wp\/v2\/types\/product"}],"replies":[{"embeddable":true,"href":"https:\/\/floranixena.it\/en\/wp-json\/wp\/v2\/comments?post=11221"}],"wp:featuredmedia":[{"embeddable":true,"href":"https:\/\/floranixena.it\/en\/wp-json\/wp\/v2\/media\/9656"}],"wp:attachment":[{"href":"https:\/\/floranixena.it\/en\/wp-json\/wp\/v2\/media?parent=11221"}],"wp:term":[{"taxonomy":"product_brand","embeddable":true,"href":"https:\/\/floranixena.it\/en\/wp-json\/wp\/v2\/product_brand?post=11221"},{"taxonomy":"product_cat","embeddable":true,"href":"https:\/\/floranixena.it\/en\/wp-json\/wp\/v2\/product_cat?post=11221"},{"taxonomy":"product_tag","embeddable":true,"href":"https:\/\/floranixena.it\/en\/wp-json\/wp\/v2\/product_tag?post=11221"}],"curies":[{"name":"wp","href":"https:\/\/api.w.org\/{rel}","templated":true}]}}