{"id":10957,"date":"2024-07-19T11:00:26","date_gmt":"2024-07-19T09:00:26","guid":{"rendered":"https:\/\/floranixena.it\/product\/pine-bonsai\/"},"modified":"2025-08-19T12:21:37","modified_gmt":"2025-08-19T10:21:37","slug":"pine-bonsai","status":"publish","type":"product","link":"https:\/\/floranixena.it\/en\/product\/pine-bonsai\/","title":{"rendered":"Pine bonsai"},"content":{"rendered":"<h4>Discover the Charm of Bonsai: Miniature Trees of Incomparable Elegance<\/h4>\n<p>Bonsai, a Japanese term meaning <strong>&#8220;pot-grown tree&#8221;, <\/strong>represents the art of growing miniature trees, capturing the beauty and majesty of nature in compact dimensions. Each bonsai is a living work of art that conveys harmony and serenity. <\/p>\n<p><strong>Unique and Special Gifts<\/strong><\/p>\n<p>Whether it&#8217;s for a birthday, an anniversary, or simply to surprise someone special, bonsai is the perfect gift. Each <a href=\"https:\/\/floranixena.it\/en\/catalog\/plantes\/\"><strong>plant <\/strong><\/a>is unique, elegant and capable of bringing a touch of refinement to any environment. These beautiful miniature trees are ideal for delighting friends and family with an original and meaningful gift.  <\/p>\n<p><strong>easy to take care<\/strong><\/p>\n<p>Not only are they aesthetically fascinating, but the <strong>bonsai <\/strong>are also easy to maintain, making them perfect for beginners. With some simple care, you will be able to enjoy their beauty without excessive effort. <\/p>\n<p><strong>Why Choose a Bonsai?<\/strong><\/p>\n<p>&#8211; Elegance and Style: Each bonsai is an artistic representation of <strong>nature<\/strong>, with minute details and a sophisticated presence.<br \/>\n&#8211; Significant Gift: A bonsai is not just a plant, but a symbol of attention and care, ideal for any occasion.<br \/>\n&#8211; Ease of Maintenance: Also perfect for those who are new to <strong>plant <\/strong>care, require little maintenance and offer a great aesthetic impact.<\/p>\n<p>Explore our selection of bonsai and find the miniature tree that reflects your personality or that of your loved ones. A bonsai is more than just a plant; it is an experience of beauty and tranquility. <\/p>\n","protected":false},"excerpt":{"rendered":"<ul>\n<li>1 Penthapylla pine family bonsai plant contained in a ceramic vase with a diameter of 25x12cm<\/li>\n<li>Measurements may slightly vary<\/li>\n<li>The image is purely indicative<\/li>\n<\/ul>\n","protected":false},"featured_media":9873,"comment_status":"open","ping_status":"closed","template":"","meta":[],"product_brand":[],"product_cat":[2356,2372,2459,2460,2455,2415,2470,2468,2454,2458,2387],"product_tag":[],"class_list":{"0":"post-10957","1":"product","2":"type-product","3":"status-publish","4":"has-post-thumbnail","6":"product_cat-birthday","7":"product_cat-congratulations","8":"product_cat-for-a-co-worker-birthday","9":"product_cat-for-a-man-birthday","10":"product_cat-for-uncles","11":"product_cat-friendship","12":"product_cat-indoor-plants","13":"product_cat-plantes","14":"product_cat-thank-you","15":"product_cat-to-a-friend","16":"product_cat-womens-day","18":"first","19":"instock","20":"shipping-taxable","21":"purchasable","22":"product-type-simple"},"yoast_head":"<!-- This site is optimized with the Yoast SEO Premium plugin v27.6 (Yoast SEO v27.6) - https:\/\/yoast.com\/product\/yoast-seo-premium-wordpress\/ -->\n<title>Pine bonsai - Home delivery of flowers and plants - Floranixena<\/title>\n<meta name=\"description\" content=\"Discover the beauty of pine bonsai: artistic and fascinating plants, ideal for birthdays and friendships. Give the gift of a piece of nature and a symbol of elegance.\" \/>\n<meta name=\"robots\" content=\"index, follow, max-snippet:-1, max-image-preview:large, max-video-preview:-1\" \/>\n<link rel=\"canonical\" href=\"https:\/\/floranixena.it\/en\/product\/pine-bonsai\/\" \/>\n<meta property=\"og:locale\" content=\"en_US\" \/>\n<meta property=\"og:type\" content=\"article\" \/>\n<meta property=\"og:title\" content=\"Pine bonsai\" \/>\n<meta property=\"og:description\" content=\"1 Penthapylla pine family bonsai plant contained in a ceramic vase with a diameter of 25x12cm  Measurements may slightly vary  The image is purely indicative\" \/>\n<meta property=\"og:url\" content=\"https:\/\/floranixena.it\/en\/product\/pine-bonsai\/\" \/>\n<meta property=\"og:site_name\" content=\"FloraNixena - flower and plant delivery\" \/>\n<meta property=\"article:publisher\" content=\"https:\/\/www.facebook.com\/FloraNixena\/\" \/>\n<meta property=\"article:modified_time\" content=\"2025-08-19T10:21:37+00:00\" \/>\n<meta property=\"og:image\" content=\"https:\/\/floranixena.it\/wp-content\/uploads\/2018\/12\/pianta_di_bonsai_da_regalare_e_far_spedire_a_domicilio-a-roma-e-milano.-1.jpg\" \/>\n\t<meta property=\"og:image:width\" content=\"800\" \/>\n\t<meta property=\"og:image:height\" content=\"800\" \/>\n\t<meta property=\"og:image:type\" content=\"image\/jpeg\" \/>\n<meta name=\"twitter:card\" content=\"summary_large_image\" \/>\n<meta name=\"twitter:label1\" content=\"Est. reading time\" \/>\n\t<meta name=\"twitter:data1\" content=\"1 minute\" \/>\n<script type=\"application\/ld+json\" class=\"yoast-schema-graph\">{\"@context\":\"https:\\\/\\\/schema.org\",\"@graph\":[{\"@type\":\"WebPage\",\"@id\":\"https:\\\/\\\/floranixena.it\\\/en\\\/product\\\/pine-bonsai\\\/\",\"url\":\"https:\\\/\\\/floranixena.it\\\/en\\\/product\\\/pine-bonsai\\\/\",\"name\":\"Pine bonsai - Home delivery of flowers and plants - Floranixena\",\"isPartOf\":{\"@id\":\"https:\\\/\\\/floranixena.it\\\/en\\\/#website\"},\"primaryImageOfPage\":{\"@id\":\"https:\\\/\\\/floranixena.it\\\/en\\\/product\\\/pine-bonsai\\\/#primaryimage\"},\"image\":{\"@id\":\"https:\\\/\\\/floranixena.it\\\/en\\\/product\\\/pine-bonsai\\\/#primaryimage\"},\"thumbnailUrl\":\"https:\\\/\\\/floranixena.it\\\/wp-content\\\/uploads\\\/2018\\\/12\\\/pianta_di_bonsai_da_regalare_e_far_spedire_a_domicilio-a-roma-e-milano.-1.jpg\",\"datePublished\":\"2024-07-19T09:00:26+00:00\",\"dateModified\":\"2025-08-19T10:21:37+00:00\",\"description\":\"Discover the beauty of pine bonsai: artistic and fascinating plants, ideal for birthdays and friendships. Give the gift of a piece of nature and a symbol of elegance.\",\"breadcrumb\":{\"@id\":\"https:\\\/\\\/floranixena.it\\\/en\\\/product\\\/pine-bonsai\\\/#breadcrumb\"},\"inLanguage\":\"en-US\",\"potentialAction\":[{\"@type\":\"ReadAction\",\"target\":[\"https:\\\/\\\/floranixena.it\\\/en\\\/product\\\/pine-bonsai\\\/\"]}]},{\"@type\":\"ImageObject\",\"inLanguage\":\"en-US\",\"@id\":\"https:\\\/\\\/floranixena.it\\\/en\\\/product\\\/pine-bonsai\\\/#primaryimage\",\"url\":\"https:\\\/\\\/floranixena.it\\\/wp-content\\\/uploads\\\/2018\\\/12\\\/pianta_di_bonsai_da_regalare_e_far_spedire_a_domicilio-a-roma-e-milano.-1.jpg\",\"contentUrl\":\"https:\\\/\\\/floranixena.it\\\/wp-content\\\/uploads\\\/2018\\\/12\\\/pianta_di_bonsai_da_regalare_e_far_spedire_a_domicilio-a-roma-e-milano.-1.jpg\",\"width\":800,\"height\":800,\"caption\":\"Pine bonsai\"},{\"@type\":\"BreadcrumbList\",\"@id\":\"https:\\\/\\\/floranixena.it\\\/en\\\/product\\\/pine-bonsai\\\/#breadcrumb\",\"itemListElement\":[{\"@type\":\"ListItem\",\"position\":1,\"name\":\"Home\",\"item\":\"https:\\\/\\\/floranixena.it\\\/en\\\/\"},{\"@type\":\"ListItem\",\"position\":2,\"name\":\"Shop\",\"item\":\"https:\\\/\\\/floranixena.it\\\/en\\\/shop\\\/\"},{\"@type\":\"ListItem\",\"position\":3,\"name\":\"Pine bonsai\"}]},{\"@type\":\"WebSite\",\"@id\":\"https:\\\/\\\/floranixena.it\\\/en\\\/#website\",\"url\":\"https:\\\/\\\/floranixena.it\\\/en\\\/\",\"name\":\"FloraNixena - Consegna fiori a domicilio in Italia\",\"description\":\"Invia fiori che raccontano storie\",\"publisher\":{\"@id\":\"https:\\\/\\\/floranixena.it\\\/en\\\/#organization\"},\"alternateName\":\"FloraNixena.it\",\"potentialAction\":[{\"@type\":\"SearchAction\",\"target\":{\"@type\":\"EntryPoint\",\"urlTemplate\":\"https:\\\/\\\/floranixena.it\\\/en\\\/?s={search_term_string}\"},\"query-input\":{\"@type\":\"PropertyValueSpecification\",\"valueRequired\":true,\"valueName\":\"search_term_string\"}}],\"inLanguage\":\"en-US\"},{\"@type\":\"Organization\",\"@id\":\"https:\\\/\\\/floranixena.it\\\/en\\\/#organization\",\"name\":\"FloraNixena.it - Consegna mazzi di fiori, bouquet e piante a domicilio\",\"url\":\"https:\\\/\\\/floranixena.it\\\/en\\\/\",\"logo\":{\"@type\":\"ImageObject\",\"inLanguage\":\"en-US\",\"@id\":\"https:\\\/\\\/floranixena.it\\\/en\\\/#\\\/schema\\\/logo\\\/image\\\/\",\"url\":\"https:\\\/\\\/floranixena.it\\\/wp-content\\\/uploads\\\/2018\\\/11\\\/logo-fucsia.png\",\"contentUrl\":\"https:\\\/\\\/floranixena.it\\\/wp-content\\\/uploads\\\/2018\\\/11\\\/logo-fucsia.png\",\"width\":315,\"height\":81,\"caption\":\"FloraNixena.it - Consegna mazzi di fiori, bouquet e piante a domicilio\"},\"image\":{\"@id\":\"https:\\\/\\\/floranixena.it\\\/en\\\/#\\\/schema\\\/logo\\\/image\\\/\"},\"sameAs\":[\"https:\\\/\\\/www.facebook.com\\\/FloraNixena\\\/\",\"https:\\\/\\\/www.instagram.com\\\/floranixena.it\\\/\",\"https:\\\/\\\/www.youtube.com\\\/channel\\\/UCAfCWXMBezO96jgPjiUgpkA\"],\"description\":\"Chi Siamo? FloraNixena \u00e8 il partner di fiducia per la consegna di fiori freschi a domicilio. Con anni di esperienza nel settore floreale, siamo dedicati a portare la bellezza e la freschezza dei fiori direttamente alla vostra porta. La Nostra Missione La nostra missione \u00e8 trasformare ogni occasione in un momento speciale attraverso la magia dei fiori. Crediamo che un bouquet possa dire pi\u00f9 di mille parole e lavoriamo instancabilmente per assicurarci che ogni consegna porti gioia, amore e bellezza. Cosa Offriamo? Fiori Freschi: Collaboriamo con i migliori fornitori locali per garantire che i nostri fiori siano sempre freschi e di alta qualit\u00e0. Consegna Rapida e Puntuale: Offriamo un servizio di consegna rapido e affidabile, con la possibilit\u00e0 di scegliere la fascia oraria che pi\u00f9 vi conviene. Ampia Selezione: Dalle rose classiche ai bouquet personalizzati, abbiamo una vasta gamma di opzioni per soddisfare ogni gusto e occasione. Assistenza Clienti: Il nostro team \u00e8 sempre a disposizione per assistervi nella scelta del bouquet perfetto e per garantire un'esperienza di acquisto senza intoppi. Perch\u00e9 Sceglierci? Qualit\u00e0 Garantita: Ogni bouquet \u00e8 realizzato con cura dai nostri esperti fioristi, garantendo che ogni composizione sia un'opera d'arte. Servizio Personalizzato: Che sia per un anniversario, un compleanno, una celebrazione o un momento di condoglianza, personalizziamo ogni ordine per rispondere alle vostre esigenze specifiche. Soddisfazione del Cliente: La vostra soddisfazione \u00e8 la nostra priorit\u00e0 assoluta. Facciamo tutto il possibile per assicurarci che ogni consegna superi le vostre aspettative.\",\"email\":\"amministrazione@floranixena.it\",\"telephone\":\"3806342394\",\"legalName\":\"Gaetano Votadoro\"}]}<\/script>\n<!-- \/ Yoast SEO Premium plugin. -->","yoast_head_json":{"title":"Pine bonsai - Home delivery of flowers and plants - Floranixena","description":"Discover the beauty of pine bonsai: artistic and fascinating plants, ideal for birthdays and friendships. Give the gift of a piece of nature and a symbol of elegance.","robots":{"index":"index","follow":"follow","max-snippet":"max-snippet:-1","max-image-preview":"max-image-preview:large","max-video-preview":"max-video-preview:-1"},"canonical":"https:\/\/floranixena.it\/en\/product\/pine-bonsai\/","og_locale":"en_US","og_type":"article","og_title":"Pine bonsai","og_description":"1 Penthapylla pine family bonsai plant contained in a ceramic vase with a diameter of 25x12cm  Measurements may slightly vary  The image is purely indicative","og_url":"https:\/\/floranixena.it\/en\/product\/pine-bonsai\/","og_site_name":"FloraNixena - flower and plant delivery","article_publisher":"https:\/\/www.facebook.com\/FloraNixena\/","article_modified_time":"2025-08-19T10:21:37+00:00","og_image":[{"width":800,"height":800,"url":"https:\/\/floranixena.it\/wp-content\/uploads\/2018\/12\/pianta_di_bonsai_da_regalare_e_far_spedire_a_domicilio-a-roma-e-milano.-1.jpg","type":"image\/jpeg"}],"twitter_card":"summary_large_image","twitter_misc":{"Est. reading time":"1 minute"},"schema":{"@context":"https:\/\/schema.org","@graph":[{"@type":"WebPage","@id":"https:\/\/floranixena.it\/en\/product\/pine-bonsai\/","url":"https:\/\/floranixena.it\/en\/product\/pine-bonsai\/","name":"Pine bonsai - Home delivery of flowers and plants - Floranixena","isPartOf":{"@id":"https:\/\/floranixena.it\/en\/#website"},"primaryImageOfPage":{"@id":"https:\/\/floranixena.it\/en\/product\/pine-bonsai\/#primaryimage"},"image":{"@id":"https:\/\/floranixena.it\/en\/product\/pine-bonsai\/#primaryimage"},"thumbnailUrl":"https:\/\/floranixena.it\/wp-content\/uploads\/2018\/12\/pianta_di_bonsai_da_regalare_e_far_spedire_a_domicilio-a-roma-e-milano.-1.jpg","datePublished":"2024-07-19T09:00:26+00:00","dateModified":"2025-08-19T10:21:37+00:00","description":"Discover the beauty of pine bonsai: artistic and fascinating plants, ideal for birthdays and friendships. Give the gift of a piece of nature and a symbol of elegance.","breadcrumb":{"@id":"https:\/\/floranixena.it\/en\/product\/pine-bonsai\/#breadcrumb"},"inLanguage":"en-US","potentialAction":[{"@type":"ReadAction","target":["https:\/\/floranixena.it\/en\/product\/pine-bonsai\/"]}]},{"@type":"ImageObject","inLanguage":"en-US","@id":"https:\/\/floranixena.it\/en\/product\/pine-bonsai\/#primaryimage","url":"https:\/\/floranixena.it\/wp-content\/uploads\/2018\/12\/pianta_di_bonsai_da_regalare_e_far_spedire_a_domicilio-a-roma-e-milano.-1.jpg","contentUrl":"https:\/\/floranixena.it\/wp-content\/uploads\/2018\/12\/pianta_di_bonsai_da_regalare_e_far_spedire_a_domicilio-a-roma-e-milano.-1.jpg","width":800,"height":800,"caption":"Pine bonsai"},{"@type":"BreadcrumbList","@id":"https:\/\/floranixena.it\/en\/product\/pine-bonsai\/#breadcrumb","itemListElement":[{"@type":"ListItem","position":1,"name":"Home","item":"https:\/\/floranixena.it\/en\/"},{"@type":"ListItem","position":2,"name":"Shop","item":"https:\/\/floranixena.it\/en\/shop\/"},{"@type":"ListItem","position":3,"name":"Pine bonsai"}]},{"@type":"WebSite","@id":"https:\/\/floranixena.it\/en\/#website","url":"https:\/\/floranixena.it\/en\/","name":"FloraNixena - Consegna fiori a domicilio in Italia","description":"Invia fiori che raccontano storie","publisher":{"@id":"https:\/\/floranixena.it\/en\/#organization"},"alternateName":"FloraNixena.it","potentialAction":[{"@type":"SearchAction","target":{"@type":"EntryPoint","urlTemplate":"https:\/\/floranixena.it\/en\/?s={search_term_string}"},"query-input":{"@type":"PropertyValueSpecification","valueRequired":true,"valueName":"search_term_string"}}],"inLanguage":"en-US"},{"@type":"Organization","@id":"https:\/\/floranixena.it\/en\/#organization","name":"FloraNixena.it - Consegna mazzi di fiori, bouquet e piante a domicilio","url":"https:\/\/floranixena.it\/en\/","logo":{"@type":"ImageObject","inLanguage":"en-US","@id":"https:\/\/floranixena.it\/en\/#\/schema\/logo\/image\/","url":"https:\/\/floranixena.it\/wp-content\/uploads\/2018\/11\/logo-fucsia.png","contentUrl":"https:\/\/floranixena.it\/wp-content\/uploads\/2018\/11\/logo-fucsia.png","width":315,"height":81,"caption":"FloraNixena.it - Consegna mazzi di fiori, bouquet e piante a domicilio"},"image":{"@id":"https:\/\/floranixena.it\/en\/#\/schema\/logo\/image\/"},"sameAs":["https:\/\/www.facebook.com\/FloraNixena\/","https:\/\/www.instagram.com\/floranixena.it\/","https:\/\/www.youtube.com\/channel\/UCAfCWXMBezO96jgPjiUgpkA"],"description":"Chi Siamo? FloraNixena \u00e8 il partner di fiducia per la consegna di fiori freschi a domicilio. Con anni di esperienza nel settore floreale, siamo dedicati a portare la bellezza e la freschezza dei fiori direttamente alla vostra porta. La Nostra Missione La nostra missione \u00e8 trasformare ogni occasione in un momento speciale attraverso la magia dei fiori. Crediamo che un bouquet possa dire pi\u00f9 di mille parole e lavoriamo instancabilmente per assicurarci che ogni consegna porti gioia, amore e bellezza. Cosa Offriamo? Fiori Freschi: Collaboriamo con i migliori fornitori locali per garantire che i nostri fiori siano sempre freschi e di alta qualit\u00e0. Consegna Rapida e Puntuale: Offriamo un servizio di consegna rapido e affidabile, con la possibilit\u00e0 di scegliere la fascia oraria che pi\u00f9 vi conviene. Ampia Selezione: Dalle rose classiche ai bouquet personalizzati, abbiamo una vasta gamma di opzioni per soddisfare ogni gusto e occasione. Assistenza Clienti: Il nostro team \u00e8 sempre a disposizione per assistervi nella scelta del bouquet perfetto e per garantire un'esperienza di acquisto senza intoppi. Perch\u00e9 Sceglierci? Qualit\u00e0 Garantita: Ogni bouquet \u00e8 realizzato con cura dai nostri esperti fioristi, garantendo che ogni composizione sia un'opera d'arte. Servizio Personalizzato: Che sia per un anniversario, un compleanno, una celebrazione o un momento di condoglianza, personalizziamo ogni ordine per rispondere alle vostre esigenze specifiche. Soddisfazione del Cliente: La vostra soddisfazione \u00e8 la nostra priorit\u00e0 assoluta. Facciamo tutto il possibile per assicurarci che ogni consegna superi le vostre aspettative.","email":"amministrazione@floranixena.it","telephone":"3806342394","legalName":"Gaetano Votadoro"}]}},"_links":{"self":[{"href":"https:\/\/floranixena.it\/en\/wp-json\/wp\/v2\/product\/10957","targetHints":{"allow":["GET"]}}],"collection":[{"href":"https:\/\/floranixena.it\/en\/wp-json\/wp\/v2\/product"}],"about":[{"href":"https:\/\/floranixena.it\/en\/wp-json\/wp\/v2\/types\/product"}],"replies":[{"embeddable":true,"href":"https:\/\/floranixena.it\/en\/wp-json\/wp\/v2\/comments?post=10957"}],"wp:featuredmedia":[{"embeddable":true,"href":"https:\/\/floranixena.it\/en\/wp-json\/wp\/v2\/media\/9873"}],"wp:attachment":[{"href":"https:\/\/floranixena.it\/en\/wp-json\/wp\/v2\/media?parent=10957"}],"wp:term":[{"taxonomy":"product_brand","embeddable":true,"href":"https:\/\/floranixena.it\/en\/wp-json\/wp\/v2\/product_brand?post=10957"},{"taxonomy":"product_cat","embeddable":true,"href":"https:\/\/floranixena.it\/en\/wp-json\/wp\/v2\/product_cat?post=10957"},{"taxonomy":"product_tag","embeddable":true,"href":"https:\/\/floranixena.it\/en\/wp-json\/wp\/v2\/product_tag?post=10957"}],"curies":[{"name":"wp","href":"https:\/\/api.w.org\/{rel}","templated":true}]}}