{"id":10913,"date":"2025-06-19T08:33:39","date_gmt":"2025-06-19T06:33:39","guid":{"rendered":"https:\/\/floranixena.it\/product\/pink-funeral-pillow\/"},"modified":"2025-09-16T10:08:59","modified_gmt":"2025-09-16T08:08:59","slug":"funeral-pillow-pink","status":"publish","type":"product","link":"https:\/\/floranixena.it\/en\/product\/funeral-pillow-pink\/","title":{"rendered":"Pink funeral pillow"},"content":{"rendered":"<h2 data-sourcepos=\"1:1-1:67\">Pink and Cream Funeral Cushion: A Last Farewell Full of Emotion<\/h2>\n<p data-sourcepos=\"5:1-5:72\">Our <strong>Pink and Cream Funeral Cushion<\/strong> is an exciting floral composition made with care and passion by our expert florists. The delicate combination of <a href=\"https:\/\/floranixena.it\/en\/prodotto\/bunch-of-25-roses-pink\/\" target=\"_blank\" rel=\"noopener\"><strong>pink roses <\/strong><\/a>and cream flowers creates an atmosphere of serenity and peace, perfect for paying homage to those who are no longer here <\/p>\n<p data-sourcepos=\"7:1-7:52\"><strong>Symbolism of eternal love and indelible memory.<\/strong><\/p>\n<p data-sourcepos=\"9:1-9:7\">Pink roses, a symbol of eternal love and devotion, represent the deep affection you feel for the deceased. Cream <strong><a href=\"https:\/\/floranixena.it\/en\/language-of-flowers\/\" target=\"_blank\" rel=\"noopener\">flowers<\/a><\/strong>, on the other hand, symbolize purity, innocence and peace, transmitting a message of hope and consolation. <\/p>\n<p data-sourcepos=\"11:1-11:49\"><strong>A personalized gift for every occasion.<\/strong><\/p>\n<p data-sourcepos=\"13:1-13:82\">The Pink and Cream Funeral Cushion is the ideal floral gift for various occasions:<\/p>\n<ul data-sourcepos=\"15:1-16:43\">\n<li data-sourcepos=\"15:1-15:94\"><strong>Funeral in church:<\/strong> A solemn way to honor the deceased during the funeral ceremony.<\/li>\n<li data-sourcepos=\"16:1-16:43\"><strong>Vigil at home<\/strong>: A gesture of comfort and support for family members during the vigil.<\/li>\n<li data-sourcepos=\"17:1-17:126\"><strong>Death Anniversary:<\/strong> A way to remember the deceased on a special day and to renew affection and remembrance.<\/li>\n<li data-sourcepos=\"18:1-18:105\"><strong>Laying of the tombstone<\/strong>: A floral tribute to be placed on the tomb on the occasion of the laying of the tombstone.<\/li>\n<li data-sourcepos=\"19:1-20:0\"><strong>Commemoration in a special place:<\/strong> The funeral pillow can be taken to a place dear to the deceased, such as a park, a path or a place of worship, for a moment of reflection and remembrance.<\/li>\n<\/ul>\n","protected":false},"excerpt":{"rendered":"<ul>\n<li>Pink Gerberas<\/li>\n<li>Pink roses<\/li>\n<li>Chrysanthemum<\/li>\n<li>Decorative green<\/li>\n<\/ul>\n<p><strong>Free delivery to church as well<\/strong><\/p>\n","protected":false},"featured_media":9844,"comment_status":"open","ping_status":"closed","template":"","meta":[],"product_brand":[],"product_cat":[2453],"product_tag":[2770,2769,2771,2972,2962,2827,2963,2965,2773,2966,2824,2961,2964,2476,2974,2829,2970,2973,2969,2967,2968,2971,2975],"class_list":{"0":"post-10913","1":"product","2":"type-product","3":"status-publish","4":"has-post-thumbnail","6":"product_cat-funeral","7":"product_tag-cemetery","8":"product_tag-church","9":"product_tag-condolences","10":"product_tag-death-of-a-young-person","11":"product_tag-delivery-flowers-funerals-rome","12":"product_tag-flower-delivery-for-funeral","13":"product_tag-flower-delivery-in-the-church","14":"product_tag-flowers-for-grandmothers-death","15":"product_tag-flowers-for-mourning","16":"product_tag-flowers-for-uncles-death","17":"product_tag-funeral","18":"product_tag-funeral-flowers-delivery","19":"product_tag-funeral-pillow","20":"product_tag-gerberas","21":"product_tag-send-flowers-for-a-funeral","22":"product_tag-send-flowers-for-bereavement","23":"product_tag-send-flowers-for-bereavement-en","24":"product_tag-send-flowers-for-funeral-en-2","25":"product_tag-send-flowers-for-funeral-en","26":"product_tag-send-flowers-for-funeral","27":"product_tag-sending-flowers-for-a-funeral","28":"product_tag-sending-flowers-for-a-funeral-en","29":"product_tag-shipping-flowers-for-funeral","31":"first","32":"instock","33":"sale","34":"shipping-taxable","35":"purchasable","36":"product-type-simple"},"yoast_head":"<!-- This site is optimized with the Yoast SEO Premium plugin v27.5 (Yoast SEO v27.5) - https:\/\/yoast.com\/product\/yoast-seo-premium-wordpress\/ -->\n<title>Rose Funeral Pillow - FloraNixena delivers flowers to church<\/title>\n<meta name=\"description\" content=\"Symbol of eternal love and remembrance, our Pink and Cream Funeral Pillow is perfect to honor the deceased. Fresh flowers and fast delivery,\" \/>\n<meta name=\"robots\" content=\"index, follow, max-snippet:-1, max-image-preview:large, max-video-preview:-1\" \/>\n<link rel=\"canonical\" href=\"https:\/\/floranixena.it\/en\/product\/funeral-pillow-pink\/\" \/>\n<meta property=\"og:locale\" content=\"en_US\" \/>\n<meta property=\"og:type\" content=\"article\" \/>\n<meta property=\"og:title\" content=\"Pink funeral pillow\" \/>\n<meta property=\"og:description\" content=\"Pink Gerberas  Pink roses  Chrysanthemum  Decorative green Free delivery to church as well\" \/>\n<meta property=\"og:url\" content=\"https:\/\/floranixena.it\/en\/product\/funeral-pillow-pink\/\" \/>\n<meta property=\"og:site_name\" content=\"FloraNixena - flower and plant delivery\" \/>\n<meta property=\"article:publisher\" content=\"https:\/\/www.facebook.com\/FloraNixena\/\" \/>\n<meta property=\"article:modified_time\" content=\"2025-09-16T08:08:59+00:00\" \/>\n<meta property=\"og:image\" content=\"https:\/\/floranixena.it\/wp-content\/uploads\/2020\/07\/cuscino_fiori_rosa_per-funerale-a-roma-milano-con-gerbere-e-rose-rosa.jpg\" \/>\n\t<meta property=\"og:image:width\" content=\"700\" \/>\n\t<meta property=\"og:image:height\" content=\"700\" \/>\n\t<meta property=\"og:image:type\" content=\"image\/jpeg\" \/>\n<meta name=\"twitter:card\" content=\"summary_large_image\" \/>\n<meta name=\"twitter:label1\" content=\"Est. reading time\" \/>\n\t<meta name=\"twitter:data1\" content=\"1 minute\" \/>\n<script type=\"application\/ld+json\" class=\"yoast-schema-graph\">{\"@context\":\"https:\\\/\\\/schema.org\",\"@graph\":[{\"@type\":\"WebPage\",\"@id\":\"https:\\\/\\\/floranixena.it\\\/en\\\/product\\\/funeral-pillow-pink\\\/\",\"url\":\"https:\\\/\\\/floranixena.it\\\/en\\\/product\\\/funeral-pillow-pink\\\/\",\"name\":\"Rose Funeral Pillow - FloraNixena delivers flowers to church\",\"isPartOf\":{\"@id\":\"https:\\\/\\\/floranixena.it\\\/en\\\/#website\"},\"primaryImageOfPage\":{\"@id\":\"https:\\\/\\\/floranixena.it\\\/en\\\/product\\\/funeral-pillow-pink\\\/#primaryimage\"},\"image\":{\"@id\":\"https:\\\/\\\/floranixena.it\\\/en\\\/product\\\/funeral-pillow-pink\\\/#primaryimage\"},\"thumbnailUrl\":\"https:\\\/\\\/floranixena.it\\\/wp-content\\\/uploads\\\/2020\\\/07\\\/cuscino_fiori_rosa_per-funerale-a-roma-milano-con-gerbere-e-rose-rosa.jpg\",\"datePublished\":\"2025-06-19T06:33:39+00:00\",\"dateModified\":\"2025-09-16T08:08:59+00:00\",\"description\":\"Symbol of eternal love and remembrance, our Pink and Cream Funeral Pillow is perfect to honor the deceased. Fresh flowers and fast delivery,\",\"breadcrumb\":{\"@id\":\"https:\\\/\\\/floranixena.it\\\/en\\\/product\\\/funeral-pillow-pink\\\/#breadcrumb\"},\"inLanguage\":\"en-US\",\"potentialAction\":[{\"@type\":\"ReadAction\",\"target\":[\"https:\\\/\\\/floranixena.it\\\/en\\\/product\\\/funeral-pillow-pink\\\/\"]}]},{\"@type\":\"ImageObject\",\"inLanguage\":\"en-US\",\"@id\":\"https:\\\/\\\/floranixena.it\\\/en\\\/product\\\/funeral-pillow-pink\\\/#primaryimage\",\"url\":\"https:\\\/\\\/floranixena.it\\\/wp-content\\\/uploads\\\/2020\\\/07\\\/cuscino_fiori_rosa_per-funerale-a-roma-milano-con-gerbere-e-rose-rosa.jpg\",\"contentUrl\":\"https:\\\/\\\/floranixena.it\\\/wp-content\\\/uploads\\\/2020\\\/07\\\/cuscino_fiori_rosa_per-funerale-a-roma-milano-con-gerbere-e-rose-rosa.jpg\",\"width\":700,\"height\":700,\"caption\":\"funeral flowers delivery, funeral flowers delivery rome, funeral flowers delivery, send funeral flowers, send funeral flowers, send funeral flowers, send funeral flowers, send mourning flowers, send funeral flowers, send mourning flowers, send funeral flowers, send funeral flowers, send funeral flowers, send funeral flowers, send funeral flowers, send mourning flowers, send funeral flowers, send mourning flowers, send mourning flowers, send funeral flowers, send funeral flowers, send flowers for a funeral, send flowers for a funeral, send flowers for a funeral, send flowers for a funeral, to church, send funeral flowers to Italy\"},{\"@type\":\"BreadcrumbList\",\"@id\":\"https:\\\/\\\/floranixena.it\\\/en\\\/product\\\/funeral-pillow-pink\\\/#breadcrumb\",\"itemListElement\":[{\"@type\":\"ListItem\",\"position\":1,\"name\":\"Home\",\"item\":\"https:\\\/\\\/floranixena.it\\\/en\\\/\"},{\"@type\":\"ListItem\",\"position\":2,\"name\":\"Shop\",\"item\":\"https:\\\/\\\/floranixena.it\\\/en\\\/shop\\\/\"},{\"@type\":\"ListItem\",\"position\":3,\"name\":\"rose funeral pillow\"}]},{\"@type\":\"WebSite\",\"@id\":\"https:\\\/\\\/floranixena.it\\\/en\\\/#website\",\"url\":\"https:\\\/\\\/floranixena.it\\\/en\\\/\",\"name\":\"FloraNixena - Consegna fiori a domicilio in Italia\",\"description\":\"Invia fiori che raccontano storie\",\"publisher\":{\"@id\":\"https:\\\/\\\/floranixena.it\\\/en\\\/#organization\"},\"alternateName\":\"FloraNixena.it\",\"potentialAction\":[{\"@type\":\"SearchAction\",\"target\":{\"@type\":\"EntryPoint\",\"urlTemplate\":\"https:\\\/\\\/floranixena.it\\\/en\\\/?s={search_term_string}\"},\"query-input\":{\"@type\":\"PropertyValueSpecification\",\"valueRequired\":true,\"valueName\":\"search_term_string\"}}],\"inLanguage\":\"en-US\"},{\"@type\":\"Organization\",\"@id\":\"https:\\\/\\\/floranixena.it\\\/en\\\/#organization\",\"name\":\"FloraNixena.it - Consegna mazzi di fiori, bouquet e piante a domicilio\",\"url\":\"https:\\\/\\\/floranixena.it\\\/en\\\/\",\"logo\":{\"@type\":\"ImageObject\",\"inLanguage\":\"en-US\",\"@id\":\"https:\\\/\\\/floranixena.it\\\/en\\\/#\\\/schema\\\/logo\\\/image\\\/\",\"url\":\"https:\\\/\\\/floranixena.it\\\/wp-content\\\/uploads\\\/2018\\\/11\\\/logo-fucsia.png\",\"contentUrl\":\"https:\\\/\\\/floranixena.it\\\/wp-content\\\/uploads\\\/2018\\\/11\\\/logo-fucsia.png\",\"width\":315,\"height\":81,\"caption\":\"FloraNixena.it - Consegna mazzi di fiori, bouquet e piante a domicilio\"},\"image\":{\"@id\":\"https:\\\/\\\/floranixena.it\\\/en\\\/#\\\/schema\\\/logo\\\/image\\\/\"},\"sameAs\":[\"https:\\\/\\\/www.facebook.com\\\/FloraNixena\\\/\",\"https:\\\/\\\/www.instagram.com\\\/floranixena.it\\\/\",\"https:\\\/\\\/www.youtube.com\\\/channel\\\/UCAfCWXMBezO96jgPjiUgpkA\"],\"description\":\"Chi Siamo? FloraNixena \u00e8 il partner di fiducia per la consegna di fiori freschi a domicilio. Con anni di esperienza nel settore floreale, siamo dedicati a portare la bellezza e la freschezza dei fiori direttamente alla vostra porta. La Nostra Missione La nostra missione \u00e8 trasformare ogni occasione in un momento speciale attraverso la magia dei fiori. Crediamo che un bouquet possa dire pi\u00f9 di mille parole e lavoriamo instancabilmente per assicurarci che ogni consegna porti gioia, amore e bellezza. Cosa Offriamo? Fiori Freschi: Collaboriamo con i migliori fornitori locali per garantire che i nostri fiori siano sempre freschi e di alta qualit\u00e0. Consegna Rapida e Puntuale: Offriamo un servizio di consegna rapido e affidabile, con la possibilit\u00e0 di scegliere la fascia oraria che pi\u00f9 vi conviene. Ampia Selezione: Dalle rose classiche ai bouquet personalizzati, abbiamo una vasta gamma di opzioni per soddisfare ogni gusto e occasione. Assistenza Clienti: Il nostro team \u00e8 sempre a disposizione per assistervi nella scelta del bouquet perfetto e per garantire un'esperienza di acquisto senza intoppi. Perch\u00e9 Sceglierci? Qualit\u00e0 Garantita: Ogni bouquet \u00e8 realizzato con cura dai nostri esperti fioristi, garantendo che ogni composizione sia un'opera d'arte. Servizio Personalizzato: Che sia per un anniversario, un compleanno, una celebrazione o un momento di condoglianza, personalizziamo ogni ordine per rispondere alle vostre esigenze specifiche. Soddisfazione del Cliente: La vostra soddisfazione \u00e8 la nostra priorit\u00e0 assoluta. Facciamo tutto il possibile per assicurarci che ogni consegna superi le vostre aspettative.\",\"email\":\"amministrazione@floranixena.it\",\"telephone\":\"3806342394\",\"legalName\":\"Gaetano Votadoro\"}]}<\/script>\n<!-- \/ Yoast SEO Premium plugin. -->","yoast_head_json":{"title":"Rose Funeral Pillow - FloraNixena delivers flowers to church","description":"Symbol of eternal love and remembrance, our Pink and Cream Funeral Pillow is perfect to honor the deceased. Fresh flowers and fast delivery,","robots":{"index":"index","follow":"follow","max-snippet":"max-snippet:-1","max-image-preview":"max-image-preview:large","max-video-preview":"max-video-preview:-1"},"canonical":"https:\/\/floranixena.it\/en\/product\/funeral-pillow-pink\/","og_locale":"en_US","og_type":"article","og_title":"Pink funeral pillow","og_description":"Pink Gerberas  Pink roses  Chrysanthemum  Decorative green Free delivery to church as well","og_url":"https:\/\/floranixena.it\/en\/product\/funeral-pillow-pink\/","og_site_name":"FloraNixena - flower and plant delivery","article_publisher":"https:\/\/www.facebook.com\/FloraNixena\/","article_modified_time":"2025-09-16T08:08:59+00:00","og_image":[{"width":700,"height":700,"url":"https:\/\/floranixena.it\/wp-content\/uploads\/2020\/07\/cuscino_fiori_rosa_per-funerale-a-roma-milano-con-gerbere-e-rose-rosa.jpg","type":"image\/jpeg"}],"twitter_card":"summary_large_image","twitter_misc":{"Est. reading time":"1 minute"},"schema":{"@context":"https:\/\/schema.org","@graph":[{"@type":"WebPage","@id":"https:\/\/floranixena.it\/en\/product\/funeral-pillow-pink\/","url":"https:\/\/floranixena.it\/en\/product\/funeral-pillow-pink\/","name":"Rose Funeral Pillow - FloraNixena delivers flowers to church","isPartOf":{"@id":"https:\/\/floranixena.it\/en\/#website"},"primaryImageOfPage":{"@id":"https:\/\/floranixena.it\/en\/product\/funeral-pillow-pink\/#primaryimage"},"image":{"@id":"https:\/\/floranixena.it\/en\/product\/funeral-pillow-pink\/#primaryimage"},"thumbnailUrl":"https:\/\/floranixena.it\/wp-content\/uploads\/2020\/07\/cuscino_fiori_rosa_per-funerale-a-roma-milano-con-gerbere-e-rose-rosa.jpg","datePublished":"2025-06-19T06:33:39+00:00","dateModified":"2025-09-16T08:08:59+00:00","description":"Symbol of eternal love and remembrance, our Pink and Cream Funeral Pillow is perfect to honor the deceased. Fresh flowers and fast delivery,","breadcrumb":{"@id":"https:\/\/floranixena.it\/en\/product\/funeral-pillow-pink\/#breadcrumb"},"inLanguage":"en-US","potentialAction":[{"@type":"ReadAction","target":["https:\/\/floranixena.it\/en\/product\/funeral-pillow-pink\/"]}]},{"@type":"ImageObject","inLanguage":"en-US","@id":"https:\/\/floranixena.it\/en\/product\/funeral-pillow-pink\/#primaryimage","url":"https:\/\/floranixena.it\/wp-content\/uploads\/2020\/07\/cuscino_fiori_rosa_per-funerale-a-roma-milano-con-gerbere-e-rose-rosa.jpg","contentUrl":"https:\/\/floranixena.it\/wp-content\/uploads\/2020\/07\/cuscino_fiori_rosa_per-funerale-a-roma-milano-con-gerbere-e-rose-rosa.jpg","width":700,"height":700,"caption":"funeral flowers delivery, funeral flowers delivery rome, funeral flowers delivery, send funeral flowers, send funeral flowers, send funeral flowers, send funeral flowers, send mourning flowers, send funeral flowers, send mourning flowers, send funeral flowers, send funeral flowers, send funeral flowers, send funeral flowers, send funeral flowers, send mourning flowers, send funeral flowers, send mourning flowers, send mourning flowers, send funeral flowers, send funeral flowers, send flowers for a funeral, send flowers for a funeral, send flowers for a funeral, send flowers for a funeral, to church, send funeral flowers to Italy"},{"@type":"BreadcrumbList","@id":"https:\/\/floranixena.it\/en\/product\/funeral-pillow-pink\/#breadcrumb","itemListElement":[{"@type":"ListItem","position":1,"name":"Home","item":"https:\/\/floranixena.it\/en\/"},{"@type":"ListItem","position":2,"name":"Shop","item":"https:\/\/floranixena.it\/en\/shop\/"},{"@type":"ListItem","position":3,"name":"rose funeral pillow"}]},{"@type":"WebSite","@id":"https:\/\/floranixena.it\/en\/#website","url":"https:\/\/floranixena.it\/en\/","name":"FloraNixena - Consegna fiori a domicilio in Italia","description":"Invia fiori che raccontano storie","publisher":{"@id":"https:\/\/floranixena.it\/en\/#organization"},"alternateName":"FloraNixena.it","potentialAction":[{"@type":"SearchAction","target":{"@type":"EntryPoint","urlTemplate":"https:\/\/floranixena.it\/en\/?s={search_term_string}"},"query-input":{"@type":"PropertyValueSpecification","valueRequired":true,"valueName":"search_term_string"}}],"inLanguage":"en-US"},{"@type":"Organization","@id":"https:\/\/floranixena.it\/en\/#organization","name":"FloraNixena.it - Consegna mazzi di fiori, bouquet e piante a domicilio","url":"https:\/\/floranixena.it\/en\/","logo":{"@type":"ImageObject","inLanguage":"en-US","@id":"https:\/\/floranixena.it\/en\/#\/schema\/logo\/image\/","url":"https:\/\/floranixena.it\/wp-content\/uploads\/2018\/11\/logo-fucsia.png","contentUrl":"https:\/\/floranixena.it\/wp-content\/uploads\/2018\/11\/logo-fucsia.png","width":315,"height":81,"caption":"FloraNixena.it - Consegna mazzi di fiori, bouquet e piante a domicilio"},"image":{"@id":"https:\/\/floranixena.it\/en\/#\/schema\/logo\/image\/"},"sameAs":["https:\/\/www.facebook.com\/FloraNixena\/","https:\/\/www.instagram.com\/floranixena.it\/","https:\/\/www.youtube.com\/channel\/UCAfCWXMBezO96jgPjiUgpkA"],"description":"Chi Siamo? FloraNixena \u00e8 il partner di fiducia per la consegna di fiori freschi a domicilio. Con anni di esperienza nel settore floreale, siamo dedicati a portare la bellezza e la freschezza dei fiori direttamente alla vostra porta. La Nostra Missione La nostra missione \u00e8 trasformare ogni occasione in un momento speciale attraverso la magia dei fiori. Crediamo che un bouquet possa dire pi\u00f9 di mille parole e lavoriamo instancabilmente per assicurarci che ogni consegna porti gioia, amore e bellezza. Cosa Offriamo? Fiori Freschi: Collaboriamo con i migliori fornitori locali per garantire che i nostri fiori siano sempre freschi e di alta qualit\u00e0. Consegna Rapida e Puntuale: Offriamo un servizio di consegna rapido e affidabile, con la possibilit\u00e0 di scegliere la fascia oraria che pi\u00f9 vi conviene. Ampia Selezione: Dalle rose classiche ai bouquet personalizzati, abbiamo una vasta gamma di opzioni per soddisfare ogni gusto e occasione. Assistenza Clienti: Il nostro team \u00e8 sempre a disposizione per assistervi nella scelta del bouquet perfetto e per garantire un'esperienza di acquisto senza intoppi. Perch\u00e9 Sceglierci? Qualit\u00e0 Garantita: Ogni bouquet \u00e8 realizzato con cura dai nostri esperti fioristi, garantendo che ogni composizione sia un'opera d'arte. Servizio Personalizzato: Che sia per un anniversario, un compleanno, una celebrazione o un momento di condoglianza, personalizziamo ogni ordine per rispondere alle vostre esigenze specifiche. Soddisfazione del Cliente: La vostra soddisfazione \u00e8 la nostra priorit\u00e0 assoluta. Facciamo tutto il possibile per assicurarci che ogni consegna superi le vostre aspettative.","email":"amministrazione@floranixena.it","telephone":"3806342394","legalName":"Gaetano Votadoro"}]}},"_links":{"self":[{"href":"https:\/\/floranixena.it\/en\/wp-json\/wp\/v2\/product\/10913","targetHints":{"allow":["GET"]}}],"collection":[{"href":"https:\/\/floranixena.it\/en\/wp-json\/wp\/v2\/product"}],"about":[{"href":"https:\/\/floranixena.it\/en\/wp-json\/wp\/v2\/types\/product"}],"replies":[{"embeddable":true,"href":"https:\/\/floranixena.it\/en\/wp-json\/wp\/v2\/comments?post=10913"}],"wp:featuredmedia":[{"embeddable":true,"href":"https:\/\/floranixena.it\/en\/wp-json\/wp\/v2\/media\/9844"}],"wp:attachment":[{"href":"https:\/\/floranixena.it\/en\/wp-json\/wp\/v2\/media?parent=10913"}],"wp:term":[{"taxonomy":"product_brand","embeddable":true,"href":"https:\/\/floranixena.it\/en\/wp-json\/wp\/v2\/product_brand?post=10913"},{"taxonomy":"product_cat","embeddable":true,"href":"https:\/\/floranixena.it\/en\/wp-json\/wp\/v2\/product_cat?post=10913"},{"taxonomy":"product_tag","embeddable":true,"href":"https:\/\/floranixena.it\/en\/wp-json\/wp\/v2\/product_tag?post=10913"}],"curies":[{"name":"wp","href":"https:\/\/api.w.org\/{rel}","templated":true}]}}