{"id":10813,"date":"2025-08-01T15:00:32","date_gmt":"2025-08-01T13:00:32","guid":{"rendered":"https:\/\/floranixena.it\/product\/celebrating\/"},"modified":"2025-09-15T10:08:45","modified_gmt":"2025-09-15T08:08:45","slug":"christmas-bouquet-of-roses-and-hypericum","status":"publish","type":"product","link":"https:\/\/floranixena.it\/en\/product\/christmas-bouquet-of-roses-and-hypericum\/","title":{"rendered":"Celebrating"},"content":{"rendered":"<h1>Bouquet of red roses and Hyperycum<\/h1>\n<p>If you are looking for a way to bring some Christmas cheer to your home or that of your loved ones, we have the perfect solution for you! With our<strong> bouquet of <a href=\"https:\/\/floranixena.it\/en\/prodotto\/bouquet-50-red-roses-luxury\/\">roses <\/a>and hypericums,<\/strong> you can enjoy the beauty of<strong> Christmas flowers <\/strong>without having to leave the house. We offer cheap and fast home delivery throughout Italy  <\/p>\n<p>Our bouquet includes 7 white avalanche roses, red hypericum, gray craspedia and seasonal decorative foliage. The end result is a wonderful mix of colors, perfect for decorating your home or giving a smile to a special person. <\/p>\n<p>In our company, we only collaborate with local florists who are experts in their craft. We guarantee that each flower is of the best quality and that each <strong>bouquet<\/strong> is meticulously organized. Also, you can rely on us to ensure prompt home delivery so that your flowers are beautiful and fresh when they arrive.  <\/p>\n<p>Don&#8217;t wait any longer, order your <strong>bouquet of roses and hypericums <\/strong>for the Christmas holidays now and let yourself be won over by the beauty of the flowers!<\/p>\n<p>Perfect for any occasion, you can be sure to make a lasting impression with this gorgeous and unique bouquet of <strong>roses<\/strong>. Don&#8217;t wait any longer, order now and let yourself be won over by the beauty of these extraordinary flowers! <\/p>\n","protected":false},"excerpt":{"rendered":"<ul>\n<li>Red clustered roses<\/li>\n<li>5 velvety red roses<\/li>\n<li>Hypericum red<\/li>\n<li>Seasonal decorative foliage<\/li>\n<\/ul>\n","protected":false},"featured_media":9883,"comment_status":"open","ping_status":"closed","template":"","meta":[],"product_brand":[],"product_cat":[2418,2340,2372,2359,2415,2378,2362,2437,2454,2375],"product_tag":[2343,2712],"class_list":{"0":"post-10813","1":"product","2":"type-product","3":"status-publish","4":"has-post-thumbnail","6":"product_cat-autumn-flowers","7":"product_cat-christmas","8":"product_cat-congratulations","9":"product_cat-for-wife-or-girlfriend","10":"product_cat-friendship","11":"product_cat-name-day","12":"product_cat-roses","13":"product_cat-spring-flowers","14":"product_cat-thank-you","15":"product_cat-winter-flowers","16":"product_tag-christmas","17":"product_tag-white-roses","19":"first","20":"instock","21":"sale","22":"shipping-taxable","23":"purchasable","24":"product-type-simple"},"yoast_head":"<!-- This site is optimized with the Yoast SEO Premium plugin v27.5 (Yoast SEO v27.5) - https:\/\/yoast.com\/product\/yoast-seo-premium-wordpress\/ -->\n<title>Rose and St. John&#039;s bouquet - FloraNixena Flowers at Home<\/title>\n<meta name=\"description\" content=\"Christmas bouquet of red roses, a unique gift for the holidays. Have it delivered to your home even in the day wherever you want before Christmas.\" \/>\n<meta name=\"robots\" content=\"index, follow, max-snippet:-1, max-image-preview:large, max-video-preview:-1\" \/>\n<link rel=\"canonical\" href=\"https:\/\/floranixena.it\/en\/product\/christmas-bouquet-of-roses-and-hypericum\/\" \/>\n<meta property=\"og:locale\" content=\"en_US\" \/>\n<meta property=\"og:type\" content=\"article\" \/>\n<meta property=\"og:title\" content=\"Celebrating\" \/>\n<meta property=\"og:description\" content=\"Red clustered roses  5 velvety red roses  Hypericum red  Seasonal decorative foliage\" \/>\n<meta property=\"og:url\" content=\"https:\/\/floranixena.it\/en\/product\/christmas-bouquet-of-roses-and-hypericum\/\" \/>\n<meta property=\"og:site_name\" content=\"FloraNixena - flower and plant delivery\" \/>\n<meta property=\"article:publisher\" content=\"https:\/\/www.facebook.com\/FloraNixena\/\" \/>\n<meta property=\"article:modified_time\" content=\"2025-09-15T08:08:45+00:00\" \/>\n<meta property=\"og:image\" content=\"https:\/\/floranixena.it\/wp-content\/uploads\/2018\/12\/bouquet_rose_rosse-e-hypericum-per-natale-da-consegnare-a-domicilio-per-le-festivita-natalizie.jpg\" \/>\n\t<meta property=\"og:image:width\" content=\"800\" \/>\n\t<meta property=\"og:image:height\" content=\"800\" \/>\n\t<meta property=\"og:image:type\" content=\"image\/jpeg\" \/>\n<meta name=\"twitter:card\" content=\"summary_large_image\" \/>\n<meta name=\"twitter:label1\" content=\"Est. reading time\" \/>\n\t<meta name=\"twitter:data1\" content=\"1 minute\" \/>\n<script type=\"application\/ld+json\" class=\"yoast-schema-graph\">{\"@context\":\"https:\\\/\\\/schema.org\",\"@graph\":[{\"@type\":\"WebPage\",\"@id\":\"https:\\\/\\\/floranixena.it\\\/en\\\/product\\\/christmas-bouquet-of-roses-and-hypericum\\\/\",\"url\":\"https:\\\/\\\/floranixena.it\\\/en\\\/product\\\/christmas-bouquet-of-roses-and-hypericum\\\/\",\"name\":\"Rose and St. John's bouquet - FloraNixena Flowers at Home\",\"isPartOf\":{\"@id\":\"https:\\\/\\\/floranixena.it\\\/en\\\/#website\"},\"primaryImageOfPage\":{\"@id\":\"https:\\\/\\\/floranixena.it\\\/en\\\/product\\\/christmas-bouquet-of-roses-and-hypericum\\\/#primaryimage\"},\"image\":{\"@id\":\"https:\\\/\\\/floranixena.it\\\/en\\\/product\\\/christmas-bouquet-of-roses-and-hypericum\\\/#primaryimage\"},\"thumbnailUrl\":\"https:\\\/\\\/floranixena.it\\\/wp-content\\\/uploads\\\/2018\\\/12\\\/bouquet_rose_rosse-e-hypericum-per-natale-da-consegnare-a-domicilio-per-le-festivita-natalizie.jpg\",\"datePublished\":\"2025-08-01T13:00:32+00:00\",\"dateModified\":\"2025-09-15T08:08:45+00:00\",\"description\":\"Christmas bouquet of red roses, a unique gift for the holidays. Have it delivered to your home even in the day wherever you want before Christmas.\",\"breadcrumb\":{\"@id\":\"https:\\\/\\\/floranixena.it\\\/en\\\/product\\\/christmas-bouquet-of-roses-and-hypericum\\\/#breadcrumb\"},\"inLanguage\":\"en-US\",\"potentialAction\":[{\"@type\":\"ReadAction\",\"target\":[\"https:\\\/\\\/floranixena.it\\\/en\\\/product\\\/christmas-bouquet-of-roses-and-hypericum\\\/\"]}]},{\"@type\":\"ImageObject\",\"inLanguage\":\"en-US\",\"@id\":\"https:\\\/\\\/floranixena.it\\\/en\\\/product\\\/christmas-bouquet-of-roses-and-hypericum\\\/#primaryimage\",\"url\":\"https:\\\/\\\/floranixena.it\\\/wp-content\\\/uploads\\\/2018\\\/12\\\/bouquet_rose_rosse-e-hypericum-per-natale-da-consegnare-a-domicilio-per-le-festivita-natalizie.jpg\",\"contentUrl\":\"https:\\\/\\\/floranixena.it\\\/wp-content\\\/uploads\\\/2018\\\/12\\\/bouquet_rose_rosse-e-hypericum-per-natale-da-consegnare-a-domicilio-per-le-festivita-natalizie.jpg\",\"width\":800,\"height\":800,\"caption\":\"Bouquet natalizio di rose rosse, verdure e bacche, legato con un nastro.\"},{\"@type\":\"BreadcrumbList\",\"@id\":\"https:\\\/\\\/floranixena.it\\\/en\\\/product\\\/christmas-bouquet-of-roses-and-hypericum\\\/#breadcrumb\",\"itemListElement\":[{\"@type\":\"ListItem\",\"position\":1,\"name\":\"Home\",\"item\":\"https:\\\/\\\/floranixena.it\\\/en\\\/\"},{\"@type\":\"ListItem\",\"position\":2,\"name\":\"Shop\",\"item\":\"https:\\\/\\\/floranixena.it\\\/en\\\/shop\\\/\"},{\"@type\":\"ListItem\",\"position\":3,\"name\":\"Celebrating\"}]},{\"@type\":\"WebSite\",\"@id\":\"https:\\\/\\\/floranixena.it\\\/en\\\/#website\",\"url\":\"https:\\\/\\\/floranixena.it\\\/en\\\/\",\"name\":\"FloraNixena - Consegna fiori a domicilio in Italia\",\"description\":\"Invia fiori che raccontano storie\",\"publisher\":{\"@id\":\"https:\\\/\\\/floranixena.it\\\/en\\\/#organization\"},\"alternateName\":\"FloraNixena.it\",\"potentialAction\":[{\"@type\":\"SearchAction\",\"target\":{\"@type\":\"EntryPoint\",\"urlTemplate\":\"https:\\\/\\\/floranixena.it\\\/en\\\/?s={search_term_string}\"},\"query-input\":{\"@type\":\"PropertyValueSpecification\",\"valueRequired\":true,\"valueName\":\"search_term_string\"}}],\"inLanguage\":\"en-US\"},{\"@type\":\"Organization\",\"@id\":\"https:\\\/\\\/floranixena.it\\\/en\\\/#organization\",\"name\":\"FloraNixena.it - Consegna mazzi di fiori, bouquet e piante a domicilio\",\"url\":\"https:\\\/\\\/floranixena.it\\\/en\\\/\",\"logo\":{\"@type\":\"ImageObject\",\"inLanguage\":\"en-US\",\"@id\":\"https:\\\/\\\/floranixena.it\\\/en\\\/#\\\/schema\\\/logo\\\/image\\\/\",\"url\":\"https:\\\/\\\/floranixena.it\\\/wp-content\\\/uploads\\\/2018\\\/11\\\/logo-fucsia.png\",\"contentUrl\":\"https:\\\/\\\/floranixena.it\\\/wp-content\\\/uploads\\\/2018\\\/11\\\/logo-fucsia.png\",\"width\":315,\"height\":81,\"caption\":\"FloraNixena.it - Consegna mazzi di fiori, bouquet e piante a domicilio\"},\"image\":{\"@id\":\"https:\\\/\\\/floranixena.it\\\/en\\\/#\\\/schema\\\/logo\\\/image\\\/\"},\"sameAs\":[\"https:\\\/\\\/www.facebook.com\\\/FloraNixena\\\/\",\"https:\\\/\\\/www.instagram.com\\\/floranixena.it\\\/\",\"https:\\\/\\\/www.youtube.com\\\/channel\\\/UCAfCWXMBezO96jgPjiUgpkA\"],\"description\":\"Chi Siamo? FloraNixena \u00e8 il partner di fiducia per la consegna di fiori freschi a domicilio. Con anni di esperienza nel settore floreale, siamo dedicati a portare la bellezza e la freschezza dei fiori direttamente alla vostra porta. La Nostra Missione La nostra missione \u00e8 trasformare ogni occasione in un momento speciale attraverso la magia dei fiori. Crediamo che un bouquet possa dire pi\u00f9 di mille parole e lavoriamo instancabilmente per assicurarci che ogni consegna porti gioia, amore e bellezza. Cosa Offriamo? Fiori Freschi: Collaboriamo con i migliori fornitori locali per garantire che i nostri fiori siano sempre freschi e di alta qualit\u00e0. Consegna Rapida e Puntuale: Offriamo un servizio di consegna rapido e affidabile, con la possibilit\u00e0 di scegliere la fascia oraria che pi\u00f9 vi conviene. Ampia Selezione: Dalle rose classiche ai bouquet personalizzati, abbiamo una vasta gamma di opzioni per soddisfare ogni gusto e occasione. Assistenza Clienti: Il nostro team \u00e8 sempre a disposizione per assistervi nella scelta del bouquet perfetto e per garantire un'esperienza di acquisto senza intoppi. Perch\u00e9 Sceglierci? Qualit\u00e0 Garantita: Ogni bouquet \u00e8 realizzato con cura dai nostri esperti fioristi, garantendo che ogni composizione sia un'opera d'arte. Servizio Personalizzato: Che sia per un anniversario, un compleanno, una celebrazione o un momento di condoglianza, personalizziamo ogni ordine per rispondere alle vostre esigenze specifiche. Soddisfazione del Cliente: La vostra soddisfazione \u00e8 la nostra priorit\u00e0 assoluta. Facciamo tutto il possibile per assicurarci che ogni consegna superi le vostre aspettative.\",\"email\":\"amministrazione@floranixena.it\",\"telephone\":\"3806342394\",\"legalName\":\"Gaetano Votadoro\"}]}<\/script>\n<!-- \/ Yoast SEO Premium plugin. -->","yoast_head_json":{"title":"Rose and St. John's bouquet - FloraNixena Flowers at Home","description":"Christmas bouquet of red roses, a unique gift for the holidays. Have it delivered to your home even in the day wherever you want before Christmas.","robots":{"index":"index","follow":"follow","max-snippet":"max-snippet:-1","max-image-preview":"max-image-preview:large","max-video-preview":"max-video-preview:-1"},"canonical":"https:\/\/floranixena.it\/en\/product\/christmas-bouquet-of-roses-and-hypericum\/","og_locale":"en_US","og_type":"article","og_title":"Celebrating","og_description":"Red clustered roses  5 velvety red roses  Hypericum red  Seasonal decorative foliage","og_url":"https:\/\/floranixena.it\/en\/product\/christmas-bouquet-of-roses-and-hypericum\/","og_site_name":"FloraNixena - flower and plant delivery","article_publisher":"https:\/\/www.facebook.com\/FloraNixena\/","article_modified_time":"2025-09-15T08:08:45+00:00","og_image":[{"width":800,"height":800,"url":"https:\/\/floranixena.it\/wp-content\/uploads\/2018\/12\/bouquet_rose_rosse-e-hypericum-per-natale-da-consegnare-a-domicilio-per-le-festivita-natalizie.jpg","type":"image\/jpeg"}],"twitter_card":"summary_large_image","twitter_misc":{"Est. reading time":"1 minute"},"schema":{"@context":"https:\/\/schema.org","@graph":[{"@type":"WebPage","@id":"https:\/\/floranixena.it\/en\/product\/christmas-bouquet-of-roses-and-hypericum\/","url":"https:\/\/floranixena.it\/en\/product\/christmas-bouquet-of-roses-and-hypericum\/","name":"Rose and St. John's bouquet - FloraNixena Flowers at Home","isPartOf":{"@id":"https:\/\/floranixena.it\/en\/#website"},"primaryImageOfPage":{"@id":"https:\/\/floranixena.it\/en\/product\/christmas-bouquet-of-roses-and-hypericum\/#primaryimage"},"image":{"@id":"https:\/\/floranixena.it\/en\/product\/christmas-bouquet-of-roses-and-hypericum\/#primaryimage"},"thumbnailUrl":"https:\/\/floranixena.it\/wp-content\/uploads\/2018\/12\/bouquet_rose_rosse-e-hypericum-per-natale-da-consegnare-a-domicilio-per-le-festivita-natalizie.jpg","datePublished":"2025-08-01T13:00:32+00:00","dateModified":"2025-09-15T08:08:45+00:00","description":"Christmas bouquet of red roses, a unique gift for the holidays. Have it delivered to your home even in the day wherever you want before Christmas.","breadcrumb":{"@id":"https:\/\/floranixena.it\/en\/product\/christmas-bouquet-of-roses-and-hypericum\/#breadcrumb"},"inLanguage":"en-US","potentialAction":[{"@type":"ReadAction","target":["https:\/\/floranixena.it\/en\/product\/christmas-bouquet-of-roses-and-hypericum\/"]}]},{"@type":"ImageObject","inLanguage":"en-US","@id":"https:\/\/floranixena.it\/en\/product\/christmas-bouquet-of-roses-and-hypericum\/#primaryimage","url":"https:\/\/floranixena.it\/wp-content\/uploads\/2018\/12\/bouquet_rose_rosse-e-hypericum-per-natale-da-consegnare-a-domicilio-per-le-festivita-natalizie.jpg","contentUrl":"https:\/\/floranixena.it\/wp-content\/uploads\/2018\/12\/bouquet_rose_rosse-e-hypericum-per-natale-da-consegnare-a-domicilio-per-le-festivita-natalizie.jpg","width":800,"height":800,"caption":"Bouquet natalizio di rose rosse, verdure e bacche, legato con un nastro."},{"@type":"BreadcrumbList","@id":"https:\/\/floranixena.it\/en\/product\/christmas-bouquet-of-roses-and-hypericum\/#breadcrumb","itemListElement":[{"@type":"ListItem","position":1,"name":"Home","item":"https:\/\/floranixena.it\/en\/"},{"@type":"ListItem","position":2,"name":"Shop","item":"https:\/\/floranixena.it\/en\/shop\/"},{"@type":"ListItem","position":3,"name":"Celebrating"}]},{"@type":"WebSite","@id":"https:\/\/floranixena.it\/en\/#website","url":"https:\/\/floranixena.it\/en\/","name":"FloraNixena - Consegna fiori a domicilio in Italia","description":"Invia fiori che raccontano storie","publisher":{"@id":"https:\/\/floranixena.it\/en\/#organization"},"alternateName":"FloraNixena.it","potentialAction":[{"@type":"SearchAction","target":{"@type":"EntryPoint","urlTemplate":"https:\/\/floranixena.it\/en\/?s={search_term_string}"},"query-input":{"@type":"PropertyValueSpecification","valueRequired":true,"valueName":"search_term_string"}}],"inLanguage":"en-US"},{"@type":"Organization","@id":"https:\/\/floranixena.it\/en\/#organization","name":"FloraNixena.it - Consegna mazzi di fiori, bouquet e piante a domicilio","url":"https:\/\/floranixena.it\/en\/","logo":{"@type":"ImageObject","inLanguage":"en-US","@id":"https:\/\/floranixena.it\/en\/#\/schema\/logo\/image\/","url":"https:\/\/floranixena.it\/wp-content\/uploads\/2018\/11\/logo-fucsia.png","contentUrl":"https:\/\/floranixena.it\/wp-content\/uploads\/2018\/11\/logo-fucsia.png","width":315,"height":81,"caption":"FloraNixena.it - Consegna mazzi di fiori, bouquet e piante a domicilio"},"image":{"@id":"https:\/\/floranixena.it\/en\/#\/schema\/logo\/image\/"},"sameAs":["https:\/\/www.facebook.com\/FloraNixena\/","https:\/\/www.instagram.com\/floranixena.it\/","https:\/\/www.youtube.com\/channel\/UCAfCWXMBezO96jgPjiUgpkA"],"description":"Chi Siamo? FloraNixena \u00e8 il partner di fiducia per la consegna di fiori freschi a domicilio. Con anni di esperienza nel settore floreale, siamo dedicati a portare la bellezza e la freschezza dei fiori direttamente alla vostra porta. La Nostra Missione La nostra missione \u00e8 trasformare ogni occasione in un momento speciale attraverso la magia dei fiori. Crediamo che un bouquet possa dire pi\u00f9 di mille parole e lavoriamo instancabilmente per assicurarci che ogni consegna porti gioia, amore e bellezza. Cosa Offriamo? Fiori Freschi: Collaboriamo con i migliori fornitori locali per garantire che i nostri fiori siano sempre freschi e di alta qualit\u00e0. Consegna Rapida e Puntuale: Offriamo un servizio di consegna rapido e affidabile, con la possibilit\u00e0 di scegliere la fascia oraria che pi\u00f9 vi conviene. Ampia Selezione: Dalle rose classiche ai bouquet personalizzati, abbiamo una vasta gamma di opzioni per soddisfare ogni gusto e occasione. Assistenza Clienti: Il nostro team \u00e8 sempre a disposizione per assistervi nella scelta del bouquet perfetto e per garantire un'esperienza di acquisto senza intoppi. Perch\u00e9 Sceglierci? Qualit\u00e0 Garantita: Ogni bouquet \u00e8 realizzato con cura dai nostri esperti fioristi, garantendo che ogni composizione sia un'opera d'arte. Servizio Personalizzato: Che sia per un anniversario, un compleanno, una celebrazione o un momento di condoglianza, personalizziamo ogni ordine per rispondere alle vostre esigenze specifiche. Soddisfazione del Cliente: La vostra soddisfazione \u00e8 la nostra priorit\u00e0 assoluta. Facciamo tutto il possibile per assicurarci che ogni consegna superi le vostre aspettative.","email":"amministrazione@floranixena.it","telephone":"3806342394","legalName":"Gaetano Votadoro"}]}},"_links":{"self":[{"href":"https:\/\/floranixena.it\/en\/wp-json\/wp\/v2\/product\/10813","targetHints":{"allow":["GET"]}}],"collection":[{"href":"https:\/\/floranixena.it\/en\/wp-json\/wp\/v2\/product"}],"about":[{"href":"https:\/\/floranixena.it\/en\/wp-json\/wp\/v2\/types\/product"}],"replies":[{"embeddable":true,"href":"https:\/\/floranixena.it\/en\/wp-json\/wp\/v2\/comments?post=10813"}],"wp:featuredmedia":[{"embeddable":true,"href":"https:\/\/floranixena.it\/en\/wp-json\/wp\/v2\/media\/9883"}],"wp:attachment":[{"href":"https:\/\/floranixena.it\/en\/wp-json\/wp\/v2\/media?parent=10813"}],"wp:term":[{"taxonomy":"product_brand","embeddable":true,"href":"https:\/\/floranixena.it\/en\/wp-json\/wp\/v2\/product_brand?post=10813"},{"taxonomy":"product_cat","embeddable":true,"href":"https:\/\/floranixena.it\/en\/wp-json\/wp\/v2\/product_cat?post=10813"},{"taxonomy":"product_tag","embeddable":true,"href":"https:\/\/floranixena.it\/en\/wp-json\/wp\/v2\/product_tag?post=10813"}],"curies":[{"name":"wp","href":"https:\/\/api.w.org\/{rel}","templated":true}]}}