{"id":10783,"date":"2020-11-20T09:51:40","date_gmt":"2020-11-20T08:51:40","guid":{"rendered":"https:\/\/floranixena.it\/product\/christmas-garland-lux\/"},"modified":"2025-08-22T09:30:54","modified_gmt":"2025-08-22T07:30:54","slug":"christmas-wreath-with-red-berries","status":"publish","type":"product","link":"https:\/\/floranixena.it\/en\/product\/christmas-wreath-with-red-berries\/","title":{"rendered":"Christmas garland LUX"},"content":{"rendered":"<p>This year, treat yourself or send a loved one a truly special <a href=\"https:\/\/floranixena.it\/en\/catalog\/christmas\/\" target=\"_blank\" rel=\"noopener\"><strong>Christmas gift idea<\/strong><\/a>: a festive, brightly colored <strong>Christmas wreath, <\/strong>perfect for decorating the entrance to your or a beloved relative&#8217;s home and creating an authentic festive atmosphere.<\/p>\n<p>Our <a href=\"https:\/\/floranixena.it\/invia-fiori-e-piante\/ghirlanda-natalizia-con-pigne-e-bacche\/\" target=\"_blank\" rel=\"noopener\">Lux garland <\/a>is made with <a href=\"https:\/\/floranixena.it\/fiori-invernali\/\" target=\"_blank\" rel=\"noopener\">real branches of nobilis fir <\/a>and red ilex berries, combined with shiny red Christmas balls, for a truly evocative effect. To add a touch of elegance, we decorate this prestigious wreath with bows and other golden accessories, giving an aura of class and sophistication to your Christmas environment. <\/p>\n<p>The exceptional quality of this splendid floral decoration ensures a long life, accompanying you throughout the<a href=\"https:\/\/floranixena.it\/en\/prodotto\/wicker-basket-with-roses-and-wine\/\" target=\"_blank\" rel=\"noopener\"><strong> Christmas holidays.<\/strong><\/a> It is the ideal gift to wish a<a href=\"https:\/\/floranixena.it\/en\/prodotto\/wicker-christmas-basket\/\" target=\"_blank\" rel=\"noopener\"><strong> Merry Christmas, <\/strong><\/a>with home delivery included in the price, to make the gesture even more comfortable and special. <\/p>\n<p>Suitable for both indoors and outdoors, <strong>this beautiful garland<\/strong> is perfect for decorating your home, shop, office or classroom. You can use it to beautify front doors, walls, fireplaces, shop windows, rooms and even Christmas trees, bringing a touch of magic and celebration to any environment. <\/p>\n<p>For <strong>a complete Christmas experience, <\/strong>consider pairing this stunning wreath with other festive decorations and accessories. You can further enrich the atmosphere with sparkling lights, scented candles or coordinated thematic decorations. <\/p>\n<p style=\"text-align: center;\">With our Lux garland, transform every space into an oasis of Christmas magic, making Christmas even more special and unforgettable for you and your loved ones. Order today and let yourself be enveloped by the festive atmosphere that only our garland can create. Happy Holidays!  <\/p>\n<p style=\"text-align: center;\">Merry Christmass!!!<\/p>\n","protected":false},"excerpt":{"rendered":"<ul>\n<li>22 red Christmas balls<\/li>\n<li>Ilex berries<\/li>\n<li>Fir branches (nobilis)<\/li>\n<li>Golden accessories<\/li>\n<li>Gold bow<\/li>\n<li>The floral decorations are arranged and inserted into a foam ring with a diameter of about <strong>70cm<\/strong>.<\/li>\n<li>We recommend misting the foliage with water every day.<\/li>\n<\/ul>\n<p><strong style=\"color: #008000; letter-spacing: 0.5px; font-size: 13px;\">Free delivery on this product<\/strong><\/p>\n","protected":false},"featured_media":10021,"comment_status":"closed","ping_status":"closed","template":"","meta":[],"product_brand":[],"product_cat":[2340,2454,2380],"product_tag":[2343,2501,2502,2500,2499],"class_list":{"0":"post-10783","1":"product","2":"type-product","3":"status-publish","4":"has-post-thumbnail","6":"product_cat-christmas","7":"product_cat-thank-you","8":"product_cat-luxury-flowers","9":"product_tag-christmas","10":"product_tag-christmas-gift-idea","11":"product_tag-christmas-gifts","12":"product_tag-christmas-wreath","13":"product_tag-garland","15":"first","16":"instock","17":"shipping-taxable","18":"purchasable","19":"product-type-simple"},"yoast_head":"<!-- This site is optimized with the Yoast SEO Premium plugin v27.4 (Yoast SEO v27.4) - https:\/\/yoast.com\/product\/yoast-seo-premium-wordpress\/ -->\n<title>Christmas garland LUX - FloraNixena - flower and plant delivery<\/title>\n<meta name=\"description\" content=\"Luxurious Christmas garland (nobilis) to give as a Christmas gift to you or to a loved one to be placed outside the door. Home delivery during the Christmas period.\" \/>\n<meta name=\"robots\" content=\"index, follow, max-snippet:-1, max-image-preview:large, max-video-preview:-1\" \/>\n<link rel=\"canonical\" href=\"https:\/\/floranixena.it\/en\/product\/christmas-wreath-with-red-berries\/\" \/>\n<meta property=\"og:locale\" content=\"en_US\" \/>\n<meta property=\"og:type\" content=\"article\" \/>\n<meta property=\"og:title\" content=\"Christmas garland LUX\" \/>\n<meta property=\"og:description\" content=\"22 red Christmas balls  Ilex berries  Fir branches (nobilis)  Golden accessories  Gold bow  The floral decorations are arranged and inserted into a foam ring with a diameter of about 70cm.  We recommend misting the foliage with water every day. Free delivery on this product\" \/>\n<meta property=\"og:url\" content=\"https:\/\/floranixena.it\/en\/product\/christmas-wreath-with-red-berries\/\" \/>\n<meta property=\"og:site_name\" content=\"FloraNixena - flower and plant delivery\" \/>\n<meta property=\"article:publisher\" content=\"https:\/\/www.facebook.com\/FloraNixena\/\" \/>\n<meta property=\"article:modified_time\" content=\"2025-08-22T07:30:54+00:00\" \/>\n<meta property=\"og:image\" content=\"https:\/\/floranixena.it\/wp-content\/uploads\/2020\/11\/Ghirlanda-natalizia-lussureggiante-da-regalare-per-natale-con-consegna-a-domicilio.jpg\" \/>\n\t<meta property=\"og:image:width\" content=\"800\" \/>\n\t<meta property=\"og:image:height\" content=\"800\" \/>\n\t<meta property=\"og:image:type\" content=\"image\/jpeg\" \/>\n<meta name=\"twitter:card\" content=\"summary_large_image\" \/>\n<meta name=\"twitter:label1\" content=\"Est. reading time\" \/>\n\t<meta name=\"twitter:data1\" content=\"1 minute\" \/>\n<script type=\"application\/ld+json\" class=\"yoast-schema-graph\">{\"@context\":\"https:\\\/\\\/schema.org\",\"@graph\":[{\"@type\":\"WebPage\",\"@id\":\"https:\\\/\\\/floranixena.it\\\/en\\\/product\\\/christmas-wreath-with-red-berries\\\/\",\"url\":\"https:\\\/\\\/floranixena.it\\\/en\\\/product\\\/christmas-wreath-with-red-berries\\\/\",\"name\":\"Christmas garland LUX - FloraNixena - flower and plant delivery\",\"isPartOf\":{\"@id\":\"https:\\\/\\\/floranixena.it\\\/en\\\/#website\"},\"primaryImageOfPage\":{\"@id\":\"https:\\\/\\\/floranixena.it\\\/en\\\/product\\\/christmas-wreath-with-red-berries\\\/#primaryimage\"},\"image\":{\"@id\":\"https:\\\/\\\/floranixena.it\\\/en\\\/product\\\/christmas-wreath-with-red-berries\\\/#primaryimage\"},\"thumbnailUrl\":\"https:\\\/\\\/floranixena.it\\\/wp-content\\\/uploads\\\/2020\\\/11\\\/Ghirlanda-natalizia-lussureggiante-da-regalare-per-natale-con-consegna-a-domicilio.jpg\",\"datePublished\":\"2020-11-20T08:51:40+00:00\",\"dateModified\":\"2025-08-22T07:30:54+00:00\",\"description\":\"Luxurious Christmas garland (nobilis) to give as a Christmas gift to you or to a loved one to be placed outside the door. Home delivery during the Christmas period.\",\"breadcrumb\":{\"@id\":\"https:\\\/\\\/floranixena.it\\\/en\\\/product\\\/christmas-wreath-with-red-berries\\\/#breadcrumb\"},\"inLanguage\":\"en-US\",\"potentialAction\":[{\"@type\":\"ReadAction\",\"target\":[\"https:\\\/\\\/floranixena.it\\\/en\\\/product\\\/christmas-wreath-with-red-berries\\\/\"]}]},{\"@type\":\"ImageObject\",\"inLanguage\":\"en-US\",\"@id\":\"https:\\\/\\\/floranixena.it\\\/en\\\/product\\\/christmas-wreath-with-red-berries\\\/#primaryimage\",\"url\":\"https:\\\/\\\/floranixena.it\\\/wp-content\\\/uploads\\\/2020\\\/11\\\/Ghirlanda-natalizia-lussureggiante-da-regalare-per-natale-con-consegna-a-domicilio.jpg\",\"contentUrl\":\"https:\\\/\\\/floranixena.it\\\/wp-content\\\/uploads\\\/2020\\\/11\\\/Ghirlanda-natalizia-lussureggiante-da-regalare-per-natale-con-consegna-a-domicilio.jpg\",\"width\":800,\"height\":800,\"caption\":\"Un cerchio di festa che accoglie con eleganza: la ghirlanda che illumina il Natale.\"},{\"@type\":\"BreadcrumbList\",\"@id\":\"https:\\\/\\\/floranixena.it\\\/en\\\/product\\\/christmas-wreath-with-red-berries\\\/#breadcrumb\",\"itemListElement\":[{\"@type\":\"ListItem\",\"position\":1,\"name\":\"Home\",\"item\":\"https:\\\/\\\/floranixena.it\\\/en\\\/\"},{\"@type\":\"ListItem\",\"position\":2,\"name\":\"Shop\",\"item\":\"https:\\\/\\\/floranixena.it\\\/en\\\/shop\\\/\"},{\"@type\":\"ListItem\",\"position\":3,\"name\":\"Christmas garland LUX\"}]},{\"@type\":\"WebSite\",\"@id\":\"https:\\\/\\\/floranixena.it\\\/en\\\/#website\",\"url\":\"https:\\\/\\\/floranixena.it\\\/en\\\/\",\"name\":\"FloraNixena - Consegna fiori a domicilio in Italia\",\"description\":\"Invia fiori che raccontano storie\",\"publisher\":{\"@id\":\"https:\\\/\\\/floranixena.it\\\/en\\\/#organization\"},\"alternateName\":\"FloraNixena.it\",\"potentialAction\":[{\"@type\":\"SearchAction\",\"target\":{\"@type\":\"EntryPoint\",\"urlTemplate\":\"https:\\\/\\\/floranixena.it\\\/en\\\/?s={search_term_string}\"},\"query-input\":{\"@type\":\"PropertyValueSpecification\",\"valueRequired\":true,\"valueName\":\"search_term_string\"}}],\"inLanguage\":\"en-US\"},{\"@type\":\"Organization\",\"@id\":\"https:\\\/\\\/floranixena.it\\\/en\\\/#organization\",\"name\":\"FloraNixena.it - Consegna mazzi di fiori, bouquet e piante a domicilio\",\"url\":\"https:\\\/\\\/floranixena.it\\\/en\\\/\",\"logo\":{\"@type\":\"ImageObject\",\"inLanguage\":\"en-US\",\"@id\":\"https:\\\/\\\/floranixena.it\\\/en\\\/#\\\/schema\\\/logo\\\/image\\\/\",\"url\":\"https:\\\/\\\/floranixena.it\\\/wp-content\\\/uploads\\\/2018\\\/11\\\/logo-fucsia.png\",\"contentUrl\":\"https:\\\/\\\/floranixena.it\\\/wp-content\\\/uploads\\\/2018\\\/11\\\/logo-fucsia.png\",\"width\":315,\"height\":81,\"caption\":\"FloraNixena.it - Consegna mazzi di fiori, bouquet e piante a domicilio\"},\"image\":{\"@id\":\"https:\\\/\\\/floranixena.it\\\/en\\\/#\\\/schema\\\/logo\\\/image\\\/\"},\"sameAs\":[\"https:\\\/\\\/www.facebook.com\\\/FloraNixena\\\/\",\"https:\\\/\\\/www.instagram.com\\\/floranixena.it\\\/\",\"https:\\\/\\\/www.youtube.com\\\/channel\\\/UCAfCWXMBezO96jgPjiUgpkA\"],\"description\":\"Chi Siamo? FloraNixena \u00e8 il partner di fiducia per la consegna di fiori freschi a domicilio. Con anni di esperienza nel settore floreale, siamo dedicati a portare la bellezza e la freschezza dei fiori direttamente alla vostra porta. La Nostra Missione La nostra missione \u00e8 trasformare ogni occasione in un momento speciale attraverso la magia dei fiori. Crediamo che un bouquet possa dire pi\u00f9 di mille parole e lavoriamo instancabilmente per assicurarci che ogni consegna porti gioia, amore e bellezza. Cosa Offriamo? Fiori Freschi: Collaboriamo con i migliori fornitori locali per garantire che i nostri fiori siano sempre freschi e di alta qualit\u00e0. Consegna Rapida e Puntuale: Offriamo un servizio di consegna rapido e affidabile, con la possibilit\u00e0 di scegliere la fascia oraria che pi\u00f9 vi conviene. Ampia Selezione: Dalle rose classiche ai bouquet personalizzati, abbiamo una vasta gamma di opzioni per soddisfare ogni gusto e occasione. Assistenza Clienti: Il nostro team \u00e8 sempre a disposizione per assistervi nella scelta del bouquet perfetto e per garantire un'esperienza di acquisto senza intoppi. Perch\u00e9 Sceglierci? Qualit\u00e0 Garantita: Ogni bouquet \u00e8 realizzato con cura dai nostri esperti fioristi, garantendo che ogni composizione sia un'opera d'arte. Servizio Personalizzato: Che sia per un anniversario, un compleanno, una celebrazione o un momento di condoglianza, personalizziamo ogni ordine per rispondere alle vostre esigenze specifiche. Soddisfazione del Cliente: La vostra soddisfazione \u00e8 la nostra priorit\u00e0 assoluta. Facciamo tutto il possibile per assicurarci che ogni consegna superi le vostre aspettative.\",\"email\":\"amministrazione@floranixena.it\",\"telephone\":\"3806342394\",\"legalName\":\"Gaetano Votadoro\"}]}<\/script>\n<!-- \/ Yoast SEO Premium plugin. -->","yoast_head_json":{"title":"Christmas garland LUX - FloraNixena - flower and plant delivery","description":"Luxurious Christmas garland (nobilis) to give as a Christmas gift to you or to a loved one to be placed outside the door. Home delivery during the Christmas period.","robots":{"index":"index","follow":"follow","max-snippet":"max-snippet:-1","max-image-preview":"max-image-preview:large","max-video-preview":"max-video-preview:-1"},"canonical":"https:\/\/floranixena.it\/en\/product\/christmas-wreath-with-red-berries\/","og_locale":"en_US","og_type":"article","og_title":"Christmas garland LUX","og_description":"22 red Christmas balls  Ilex berries  Fir branches (nobilis)  Golden accessories  Gold bow  The floral decorations are arranged and inserted into a foam ring with a diameter of about 70cm.  We recommend misting the foliage with water every day. Free delivery on this product","og_url":"https:\/\/floranixena.it\/en\/product\/christmas-wreath-with-red-berries\/","og_site_name":"FloraNixena - flower and plant delivery","article_publisher":"https:\/\/www.facebook.com\/FloraNixena\/","article_modified_time":"2025-08-22T07:30:54+00:00","og_image":[{"width":800,"height":800,"url":"https:\/\/floranixena.it\/wp-content\/uploads\/2020\/11\/Ghirlanda-natalizia-lussureggiante-da-regalare-per-natale-con-consegna-a-domicilio.jpg","type":"image\/jpeg"}],"twitter_card":"summary_large_image","twitter_misc":{"Est. reading time":"1 minute"},"schema":{"@context":"https:\/\/schema.org","@graph":[{"@type":"WebPage","@id":"https:\/\/floranixena.it\/en\/product\/christmas-wreath-with-red-berries\/","url":"https:\/\/floranixena.it\/en\/product\/christmas-wreath-with-red-berries\/","name":"Christmas garland LUX - FloraNixena - flower and plant delivery","isPartOf":{"@id":"https:\/\/floranixena.it\/en\/#website"},"primaryImageOfPage":{"@id":"https:\/\/floranixena.it\/en\/product\/christmas-wreath-with-red-berries\/#primaryimage"},"image":{"@id":"https:\/\/floranixena.it\/en\/product\/christmas-wreath-with-red-berries\/#primaryimage"},"thumbnailUrl":"https:\/\/floranixena.it\/wp-content\/uploads\/2020\/11\/Ghirlanda-natalizia-lussureggiante-da-regalare-per-natale-con-consegna-a-domicilio.jpg","datePublished":"2020-11-20T08:51:40+00:00","dateModified":"2025-08-22T07:30:54+00:00","description":"Luxurious Christmas garland (nobilis) to give as a Christmas gift to you or to a loved one to be placed outside the door. Home delivery during the Christmas period.","breadcrumb":{"@id":"https:\/\/floranixena.it\/en\/product\/christmas-wreath-with-red-berries\/#breadcrumb"},"inLanguage":"en-US","potentialAction":[{"@type":"ReadAction","target":["https:\/\/floranixena.it\/en\/product\/christmas-wreath-with-red-berries\/"]}]},{"@type":"ImageObject","inLanguage":"en-US","@id":"https:\/\/floranixena.it\/en\/product\/christmas-wreath-with-red-berries\/#primaryimage","url":"https:\/\/floranixena.it\/wp-content\/uploads\/2020\/11\/Ghirlanda-natalizia-lussureggiante-da-regalare-per-natale-con-consegna-a-domicilio.jpg","contentUrl":"https:\/\/floranixena.it\/wp-content\/uploads\/2020\/11\/Ghirlanda-natalizia-lussureggiante-da-regalare-per-natale-con-consegna-a-domicilio.jpg","width":800,"height":800,"caption":"Un cerchio di festa che accoglie con eleganza: la ghirlanda che illumina il Natale."},{"@type":"BreadcrumbList","@id":"https:\/\/floranixena.it\/en\/product\/christmas-wreath-with-red-berries\/#breadcrumb","itemListElement":[{"@type":"ListItem","position":1,"name":"Home","item":"https:\/\/floranixena.it\/en\/"},{"@type":"ListItem","position":2,"name":"Shop","item":"https:\/\/floranixena.it\/en\/shop\/"},{"@type":"ListItem","position":3,"name":"Christmas garland LUX"}]},{"@type":"WebSite","@id":"https:\/\/floranixena.it\/en\/#website","url":"https:\/\/floranixena.it\/en\/","name":"FloraNixena - Consegna fiori a domicilio in Italia","description":"Invia fiori che raccontano storie","publisher":{"@id":"https:\/\/floranixena.it\/en\/#organization"},"alternateName":"FloraNixena.it","potentialAction":[{"@type":"SearchAction","target":{"@type":"EntryPoint","urlTemplate":"https:\/\/floranixena.it\/en\/?s={search_term_string}"},"query-input":{"@type":"PropertyValueSpecification","valueRequired":true,"valueName":"search_term_string"}}],"inLanguage":"en-US"},{"@type":"Organization","@id":"https:\/\/floranixena.it\/en\/#organization","name":"FloraNixena.it - Consegna mazzi di fiori, bouquet e piante a domicilio","url":"https:\/\/floranixena.it\/en\/","logo":{"@type":"ImageObject","inLanguage":"en-US","@id":"https:\/\/floranixena.it\/en\/#\/schema\/logo\/image\/","url":"https:\/\/floranixena.it\/wp-content\/uploads\/2018\/11\/logo-fucsia.png","contentUrl":"https:\/\/floranixena.it\/wp-content\/uploads\/2018\/11\/logo-fucsia.png","width":315,"height":81,"caption":"FloraNixena.it - Consegna mazzi di fiori, bouquet e piante a domicilio"},"image":{"@id":"https:\/\/floranixena.it\/en\/#\/schema\/logo\/image\/"},"sameAs":["https:\/\/www.facebook.com\/FloraNixena\/","https:\/\/www.instagram.com\/floranixena.it\/","https:\/\/www.youtube.com\/channel\/UCAfCWXMBezO96jgPjiUgpkA"],"description":"Chi Siamo? FloraNixena \u00e8 il partner di fiducia per la consegna di fiori freschi a domicilio. Con anni di esperienza nel settore floreale, siamo dedicati a portare la bellezza e la freschezza dei fiori direttamente alla vostra porta. La Nostra Missione La nostra missione \u00e8 trasformare ogni occasione in un momento speciale attraverso la magia dei fiori. Crediamo che un bouquet possa dire pi\u00f9 di mille parole e lavoriamo instancabilmente per assicurarci che ogni consegna porti gioia, amore e bellezza. Cosa Offriamo? Fiori Freschi: Collaboriamo con i migliori fornitori locali per garantire che i nostri fiori siano sempre freschi e di alta qualit\u00e0. Consegna Rapida e Puntuale: Offriamo un servizio di consegna rapido e affidabile, con la possibilit\u00e0 di scegliere la fascia oraria che pi\u00f9 vi conviene. Ampia Selezione: Dalle rose classiche ai bouquet personalizzati, abbiamo una vasta gamma di opzioni per soddisfare ogni gusto e occasione. Assistenza Clienti: Il nostro team \u00e8 sempre a disposizione per assistervi nella scelta del bouquet perfetto e per garantire un'esperienza di acquisto senza intoppi. Perch\u00e9 Sceglierci? Qualit\u00e0 Garantita: Ogni bouquet \u00e8 realizzato con cura dai nostri esperti fioristi, garantendo che ogni composizione sia un'opera d'arte. Servizio Personalizzato: Che sia per un anniversario, un compleanno, una celebrazione o un momento di condoglianza, personalizziamo ogni ordine per rispondere alle vostre esigenze specifiche. Soddisfazione del Cliente: La vostra soddisfazione \u00e8 la nostra priorit\u00e0 assoluta. Facciamo tutto il possibile per assicurarci che ogni consegna superi le vostre aspettative.","email":"amministrazione@floranixena.it","telephone":"3806342394","legalName":"Gaetano Votadoro"}]}},"_links":{"self":[{"href":"https:\/\/floranixena.it\/en\/wp-json\/wp\/v2\/product\/10783","targetHints":{"allow":["GET"]}}],"collection":[{"href":"https:\/\/floranixena.it\/en\/wp-json\/wp\/v2\/product"}],"about":[{"href":"https:\/\/floranixena.it\/en\/wp-json\/wp\/v2\/types\/product"}],"replies":[{"embeddable":true,"href":"https:\/\/floranixena.it\/en\/wp-json\/wp\/v2\/comments?post=10783"}],"wp:featuredmedia":[{"embeddable":true,"href":"https:\/\/floranixena.it\/en\/wp-json\/wp\/v2\/media\/10021"}],"wp:attachment":[{"href":"https:\/\/floranixena.it\/en\/wp-json\/wp\/v2\/media?parent=10783"}],"wp:term":[{"taxonomy":"product_brand","embeddable":true,"href":"https:\/\/floranixena.it\/en\/wp-json\/wp\/v2\/product_brand?post=10783"},{"taxonomy":"product_cat","embeddable":true,"href":"https:\/\/floranixena.it\/en\/wp-json\/wp\/v2\/product_cat?post=10783"},{"taxonomy":"product_tag","embeddable":true,"href":"https:\/\/floranixena.it\/en\/wp-json\/wp\/v2\/product_tag?post=10783"}],"curies":[{"name":"wp","href":"https:\/\/api.w.org\/{rel}","templated":true}]}}