{"id":10777,"date":"2025-08-11T10:20:27","date_gmt":"2025-08-11T08:20:27","guid":{"rendered":"https:\/\/floranixena.it\/product\/bouquet-of-lisianthus-and-chrysanthemum\/"},"modified":"2025-09-12T10:37:45","modified_gmt":"2025-09-12T08:37:45","slug":"bunch-of-lisianthus-and-chrysanthemums","status":"publish","type":"product","link":"https:\/\/floranixena.it\/en\/product\/bunch-of-lisianthus-and-chrysanthemums\/","title":{"rendered":"Bouquet of Lisianthus and Chrysanthemum"},"content":{"rendered":"<h1>Bouquet of Lisianthus<\/h1>\n<p>Imagine finding yourself under a summer sky, where soft white clouds chase each other lazily among the serene blue. In this scenario of peace and beauty, stands a <a href=\"https:\/\/floranixena.it\/en\/prodotto\/indian-summer\/\"><strong>bouquet <\/strong><\/a>that seems to capture the essence of that moment. <a href=\"https:\/\/floranixena.it\/en\/catalog\/flowers-by-species\/lisianthus-en\/\" target=\"_blank\" rel=\"noopener\">Purple lisianthus<\/a>, with their elegant and delicate petals, mix with the purity of<a href=\"https:\/\/floranixena.it\/en\/prodotto\/bunch-of-lilium-and-alstroemeria\/\"> white chrysanthemums, <\/a>creating a whole that enchants and reassures.  <\/p>\n<p>The deep purple of <a href=\"https:\/\/floranixena.it\/en\/prodotto\/basket-of-lysianthus-and-crisanthem\/\"><strong>lisianthus<\/strong><\/a>, with its mysterious charm, contrasts beautifully with the pure white of chrysanthemums, evoking a sense of freshness and harmony. This bouquet is not just a collection of flowers, but a real painting that tells the serenity of a summer day. Each flower contributes to this symphony of colors and shapes, offering a touch of grace and tranquility.  <\/p>\n<p>Imagine bringing this corner of summer sky into your home or <a href=\"https:\/\/floranixena.it\/en\/prodotto\/basket-of-lysianthus-and-crisanthem\/\">giving it to someone special. <\/a>The bouquet of purple lisianthus and white <strong>chrysanthemums <\/strong>from FloraNixena is designed for those seeking elegance and serenity in every detail. Each <strong>composition <\/strong>is made with the utmost care and attention, guaranteeing unparalleled freshness and quality.  <\/p>\n<p>Buy with FloraNixena and you won&#8217;t regret it. We are proud to offer you flowers that not only embellish, but that convey emotions and create precious memories. Let yourself be enveloped by the timeless beauty of this <a href=\"https:\/\/floranixena.it\/en\/prodotto\/colors-summer\/\">bouquet <\/a>and experience an eternal summer, every day of the year.  <\/p>\n","protected":false},"excerpt":{"rendered":"<ul>\n<li>white chrysanthemums<\/li>\n<li>Purple lisianthus<\/li>\n<li>Lisianthus white<\/li>\n<li>Decorative leaves<\/li>\n<\/ul>\n<p>Vase not included<\/p>\n","protected":false},"featured_media":9957,"comment_status":"open","ping_status":"closed","template":"","meta":[],"product_brand":[],"product_cat":[2418,2356,2372,2462,2461,2376,2459,2460,2440,2456,2420,2457,2455,2415,2451,2417,2378,2358,2437,2423,2454,2431,2458,2375,2387],"product_tag":[2475,2406,2478,2862,2497],"class_list":{"0":"post-10777","1":"product","2":"type-product","3":"status-publish","4":"has-post-thumbnail","6":"product_cat-autumn-flowers","7":"product_cat-birthday","8":"product_cat-congratulations","9":"product_cat-easter-occasion","10":"product_cat-fathers-day-occasion","11":"product_cat-flowers-for-events","12":"product_cat-for-a-co-worker-birthday","13":"product_cat-for-a-man-birthday","14":"product_cat-for-gay-couples","15":"product_cat-for-grandparents","16":"product_cat-for-mom","17":"product_cat-for-the-sister","18":"product_cat-for-uncles","19":"product_cat-friendship","20":"product_cat-lisianthus-en","21":"product_cat-mothers-day","22":"product_cat-name-day","23":"product_cat-occasion","24":"product_cat-spring-flowers","25":"product_cat-summer-flowers","26":"product_cat-thank-you","27":"product_cat-they-are-twins","28":"product_cat-to-a-friend","29":"product_cat-winter-flowers","30":"product_cat-womens-day","31":"product_tag-bouquet-en","32":"product_tag-lilium-en","33":"product_tag-lisianthus-en","34":"product_tag-oriental-lily","35":"product_tag-rose-en","37":"first","38":"instock","39":"sale","40":"shipping-taxable","41":"purchasable","42":"product-type-simple"},"yoast_head":"<!-- This site is optimized with the Yoast SEO Premium plugin v27.6 (Yoast SEO v27.6) - https:\/\/yoast.com\/product\/yoast-seo-premium-wordpress\/ -->\n<title>Bunch of Lisianthus and Chrysanthemum - FloraNixena<\/title>\n<meta name=\"description\" content=\"Bunch of Lisianthus and chrysanthemums, online delivery of flowers, bouquets and carnations with home delivery to Milan, Naples, Trieste\" \/>\n<meta name=\"robots\" content=\"index, follow, max-snippet:-1, max-image-preview:large, max-video-preview:-1\" \/>\n<link rel=\"canonical\" href=\"https:\/\/floranixena.it\/en\/product\/bunch-of-lisianthus-and-chrysanthemums\/\" \/>\n<meta property=\"og:locale\" content=\"en_US\" \/>\n<meta property=\"og:type\" content=\"article\" \/>\n<meta property=\"og:title\" content=\"Bouquet of Lisianthus and Chrysanthemum\" \/>\n<meta property=\"og:description\" content=\"white chrysanthemums  Purple lisianthus  Lisianthus white  Decorative leaves Vase not included\" \/>\n<meta property=\"og:url\" content=\"https:\/\/floranixena.it\/en\/product\/bunch-of-lisianthus-and-chrysanthemums\/\" \/>\n<meta property=\"og:site_name\" content=\"FloraNixena - flower and plant delivery\" \/>\n<meta property=\"article:publisher\" content=\"https:\/\/www.facebook.com\/FloraNixena\/\" \/>\n<meta property=\"article:modified_time\" content=\"2025-09-12T08:37:45+00:00\" \/>\n<meta property=\"og:image\" content=\"https:\/\/floranixena.it\/wp-content\/uploads\/2019\/05\/mazzo_di_garofani_e_lisianthus__regalo_fiori_a_domicilio_per_primo_anniversario_funerale_sorella_mamma_amica_collega-a-milano-e-roma.jpg\" \/>\n\t<meta property=\"og:image:width\" content=\"800\" \/>\n\t<meta property=\"og:image:height\" content=\"800\" \/>\n\t<meta property=\"og:image:type\" content=\"image\/jpeg\" \/>\n<meta name=\"twitter:card\" content=\"summary_large_image\" \/>\n<meta name=\"twitter:label1\" content=\"Est. reading time\" \/>\n\t<meta name=\"twitter:data1\" content=\"1 minute\" \/>\n<script type=\"application\/ld+json\" class=\"yoast-schema-graph\">{\"@context\":\"https:\\\/\\\/schema.org\",\"@graph\":[{\"@type\":\"WebPage\",\"@id\":\"https:\\\/\\\/floranixena.it\\\/en\\\/product\\\/bunch-of-lisianthus-and-chrysanthemums\\\/\",\"url\":\"https:\\\/\\\/floranixena.it\\\/en\\\/product\\\/bunch-of-lisianthus-and-chrysanthemums\\\/\",\"name\":\"Bunch of Lisianthus and Chrysanthemum - FloraNixena\",\"isPartOf\":{\"@id\":\"https:\\\/\\\/floranixena.it\\\/en\\\/#website\"},\"primaryImageOfPage\":{\"@id\":\"https:\\\/\\\/floranixena.it\\\/en\\\/product\\\/bunch-of-lisianthus-and-chrysanthemums\\\/#primaryimage\"},\"image\":{\"@id\":\"https:\\\/\\\/floranixena.it\\\/en\\\/product\\\/bunch-of-lisianthus-and-chrysanthemums\\\/#primaryimage\"},\"thumbnailUrl\":\"https:\\\/\\\/floranixena.it\\\/wp-content\\\/uploads\\\/2019\\\/05\\\/mazzo_di_garofani_e_lisianthus__regalo_fiori_a_domicilio_per_primo_anniversario_funerale_sorella_mamma_amica_collega-a-milano-e-roma.jpg\",\"datePublished\":\"2025-08-11T08:20:27+00:00\",\"dateModified\":\"2025-09-12T08:37:45+00:00\",\"description\":\"Bunch of Lisianthus and chrysanthemums, online delivery of flowers, bouquets and carnations with home delivery to Milan, Naples, Trieste\",\"breadcrumb\":{\"@id\":\"https:\\\/\\\/floranixena.it\\\/en\\\/product\\\/bunch-of-lisianthus-and-chrysanthemums\\\/#breadcrumb\"},\"inLanguage\":\"en-US\",\"potentialAction\":[{\"@type\":\"ReadAction\",\"target\":[\"https:\\\/\\\/floranixena.it\\\/en\\\/product\\\/bunch-of-lisianthus-and-chrysanthemums\\\/\"]}]},{\"@type\":\"ImageObject\",\"inLanguage\":\"en-US\",\"@id\":\"https:\\\/\\\/floranixena.it\\\/en\\\/product\\\/bunch-of-lisianthus-and-chrysanthemums\\\/#primaryimage\",\"url\":\"https:\\\/\\\/floranixena.it\\\/wp-content\\\/uploads\\\/2019\\\/05\\\/mazzo_di_garofani_e_lisianthus__regalo_fiori_a_domicilio_per_primo_anniversario_funerale_sorella_mamma_amica_collega-a-milano-e-roma.jpg\",\"contentUrl\":\"https:\\\/\\\/floranixena.it\\\/wp-content\\\/uploads\\\/2019\\\/05\\\/mazzo_di_garofani_e_lisianthus__regalo_fiori_a_domicilio_per_primo_anniversario_funerale_sorella_mamma_amica_collega-a-milano-e-roma.jpg\",\"width\":800,\"height\":800,\"caption\":\"Un gesto gentile che parla di affetto, rispetto e ricordo.\"},{\"@type\":\"BreadcrumbList\",\"@id\":\"https:\\\/\\\/floranixena.it\\\/en\\\/product\\\/bunch-of-lisianthus-and-chrysanthemums\\\/#breadcrumb\",\"itemListElement\":[{\"@type\":\"ListItem\",\"position\":1,\"name\":\"Home\",\"item\":\"https:\\\/\\\/floranixena.it\\\/en\\\/\"},{\"@type\":\"ListItem\",\"position\":2,\"name\":\"Shop\",\"item\":\"https:\\\/\\\/floranixena.it\\\/en\\\/shop\\\/\"},{\"@type\":\"ListItem\",\"position\":3,\"name\":\"Bouquet of Lisianthus and Chrysanthemum\"}]},{\"@type\":\"WebSite\",\"@id\":\"https:\\\/\\\/floranixena.it\\\/en\\\/#website\",\"url\":\"https:\\\/\\\/floranixena.it\\\/en\\\/\",\"name\":\"FloraNixena - Consegna fiori a domicilio in Italia\",\"description\":\"Invia fiori che raccontano storie\",\"publisher\":{\"@id\":\"https:\\\/\\\/floranixena.it\\\/en\\\/#organization\"},\"alternateName\":\"FloraNixena.it\",\"potentialAction\":[{\"@type\":\"SearchAction\",\"target\":{\"@type\":\"EntryPoint\",\"urlTemplate\":\"https:\\\/\\\/floranixena.it\\\/en\\\/?s={search_term_string}\"},\"query-input\":{\"@type\":\"PropertyValueSpecification\",\"valueRequired\":true,\"valueName\":\"search_term_string\"}}],\"inLanguage\":\"en-US\"},{\"@type\":\"Organization\",\"@id\":\"https:\\\/\\\/floranixena.it\\\/en\\\/#organization\",\"name\":\"FloraNixena.it - Consegna mazzi di fiori, bouquet e piante a domicilio\",\"url\":\"https:\\\/\\\/floranixena.it\\\/en\\\/\",\"logo\":{\"@type\":\"ImageObject\",\"inLanguage\":\"en-US\",\"@id\":\"https:\\\/\\\/floranixena.it\\\/en\\\/#\\\/schema\\\/logo\\\/image\\\/\",\"url\":\"https:\\\/\\\/floranixena.it\\\/wp-content\\\/uploads\\\/2018\\\/11\\\/logo-fucsia.png\",\"contentUrl\":\"https:\\\/\\\/floranixena.it\\\/wp-content\\\/uploads\\\/2018\\\/11\\\/logo-fucsia.png\",\"width\":315,\"height\":81,\"caption\":\"FloraNixena.it - Consegna mazzi di fiori, bouquet e piante a domicilio\"},\"image\":{\"@id\":\"https:\\\/\\\/floranixena.it\\\/en\\\/#\\\/schema\\\/logo\\\/image\\\/\"},\"sameAs\":[\"https:\\\/\\\/www.facebook.com\\\/FloraNixena\\\/\",\"https:\\\/\\\/www.instagram.com\\\/floranixena.it\\\/\",\"https:\\\/\\\/www.youtube.com\\\/channel\\\/UCAfCWXMBezO96jgPjiUgpkA\"],\"description\":\"Chi Siamo? FloraNixena \u00e8 il partner di fiducia per la consegna di fiori freschi a domicilio. Con anni di esperienza nel settore floreale, siamo dedicati a portare la bellezza e la freschezza dei fiori direttamente alla vostra porta. La Nostra Missione La nostra missione \u00e8 trasformare ogni occasione in un momento speciale attraverso la magia dei fiori. Crediamo che un bouquet possa dire pi\u00f9 di mille parole e lavoriamo instancabilmente per assicurarci che ogni consegna porti gioia, amore e bellezza. Cosa Offriamo? Fiori Freschi: Collaboriamo con i migliori fornitori locali per garantire che i nostri fiori siano sempre freschi e di alta qualit\u00e0. Consegna Rapida e Puntuale: Offriamo un servizio di consegna rapido e affidabile, con la possibilit\u00e0 di scegliere la fascia oraria che pi\u00f9 vi conviene. Ampia Selezione: Dalle rose classiche ai bouquet personalizzati, abbiamo una vasta gamma di opzioni per soddisfare ogni gusto e occasione. Assistenza Clienti: Il nostro team \u00e8 sempre a disposizione per assistervi nella scelta del bouquet perfetto e per garantire un'esperienza di acquisto senza intoppi. Perch\u00e9 Sceglierci? Qualit\u00e0 Garantita: Ogni bouquet \u00e8 realizzato con cura dai nostri esperti fioristi, garantendo che ogni composizione sia un'opera d'arte. Servizio Personalizzato: Che sia per un anniversario, un compleanno, una celebrazione o un momento di condoglianza, personalizziamo ogni ordine per rispondere alle vostre esigenze specifiche. Soddisfazione del Cliente: La vostra soddisfazione \u00e8 la nostra priorit\u00e0 assoluta. Facciamo tutto il possibile per assicurarci che ogni consegna superi le vostre aspettative.\",\"email\":\"amministrazione@floranixena.it\",\"telephone\":\"3806342394\",\"legalName\":\"Gaetano Votadoro\"}]}<\/script>\n<!-- \/ Yoast SEO Premium plugin. -->","yoast_head_json":{"title":"Bunch of Lisianthus and Chrysanthemum - FloraNixena","description":"Bunch of Lisianthus and chrysanthemums, online delivery of flowers, bouquets and carnations with home delivery to Milan, Naples, Trieste","robots":{"index":"index","follow":"follow","max-snippet":"max-snippet:-1","max-image-preview":"max-image-preview:large","max-video-preview":"max-video-preview:-1"},"canonical":"https:\/\/floranixena.it\/en\/product\/bunch-of-lisianthus-and-chrysanthemums\/","og_locale":"en_US","og_type":"article","og_title":"Bouquet of Lisianthus and Chrysanthemum","og_description":"white chrysanthemums  Purple lisianthus  Lisianthus white  Decorative leaves Vase not included","og_url":"https:\/\/floranixena.it\/en\/product\/bunch-of-lisianthus-and-chrysanthemums\/","og_site_name":"FloraNixena - flower and plant delivery","article_publisher":"https:\/\/www.facebook.com\/FloraNixena\/","article_modified_time":"2025-09-12T08:37:45+00:00","og_image":[{"width":800,"height":800,"url":"https:\/\/floranixena.it\/wp-content\/uploads\/2019\/05\/mazzo_di_garofani_e_lisianthus__regalo_fiori_a_domicilio_per_primo_anniversario_funerale_sorella_mamma_amica_collega-a-milano-e-roma.jpg","type":"image\/jpeg"}],"twitter_card":"summary_large_image","twitter_misc":{"Est. reading time":"1 minute"},"schema":{"@context":"https:\/\/schema.org","@graph":[{"@type":"WebPage","@id":"https:\/\/floranixena.it\/en\/product\/bunch-of-lisianthus-and-chrysanthemums\/","url":"https:\/\/floranixena.it\/en\/product\/bunch-of-lisianthus-and-chrysanthemums\/","name":"Bunch of Lisianthus and Chrysanthemum - FloraNixena","isPartOf":{"@id":"https:\/\/floranixena.it\/en\/#website"},"primaryImageOfPage":{"@id":"https:\/\/floranixena.it\/en\/product\/bunch-of-lisianthus-and-chrysanthemums\/#primaryimage"},"image":{"@id":"https:\/\/floranixena.it\/en\/product\/bunch-of-lisianthus-and-chrysanthemums\/#primaryimage"},"thumbnailUrl":"https:\/\/floranixena.it\/wp-content\/uploads\/2019\/05\/mazzo_di_garofani_e_lisianthus__regalo_fiori_a_domicilio_per_primo_anniversario_funerale_sorella_mamma_amica_collega-a-milano-e-roma.jpg","datePublished":"2025-08-11T08:20:27+00:00","dateModified":"2025-09-12T08:37:45+00:00","description":"Bunch of Lisianthus and chrysanthemums, online delivery of flowers, bouquets and carnations with home delivery to Milan, Naples, Trieste","breadcrumb":{"@id":"https:\/\/floranixena.it\/en\/product\/bunch-of-lisianthus-and-chrysanthemums\/#breadcrumb"},"inLanguage":"en-US","potentialAction":[{"@type":"ReadAction","target":["https:\/\/floranixena.it\/en\/product\/bunch-of-lisianthus-and-chrysanthemums\/"]}]},{"@type":"ImageObject","inLanguage":"en-US","@id":"https:\/\/floranixena.it\/en\/product\/bunch-of-lisianthus-and-chrysanthemums\/#primaryimage","url":"https:\/\/floranixena.it\/wp-content\/uploads\/2019\/05\/mazzo_di_garofani_e_lisianthus__regalo_fiori_a_domicilio_per_primo_anniversario_funerale_sorella_mamma_amica_collega-a-milano-e-roma.jpg","contentUrl":"https:\/\/floranixena.it\/wp-content\/uploads\/2019\/05\/mazzo_di_garofani_e_lisianthus__regalo_fiori_a_domicilio_per_primo_anniversario_funerale_sorella_mamma_amica_collega-a-milano-e-roma.jpg","width":800,"height":800,"caption":"Un gesto gentile che parla di affetto, rispetto e ricordo."},{"@type":"BreadcrumbList","@id":"https:\/\/floranixena.it\/en\/product\/bunch-of-lisianthus-and-chrysanthemums\/#breadcrumb","itemListElement":[{"@type":"ListItem","position":1,"name":"Home","item":"https:\/\/floranixena.it\/en\/"},{"@type":"ListItem","position":2,"name":"Shop","item":"https:\/\/floranixena.it\/en\/shop\/"},{"@type":"ListItem","position":3,"name":"Bouquet of Lisianthus and Chrysanthemum"}]},{"@type":"WebSite","@id":"https:\/\/floranixena.it\/en\/#website","url":"https:\/\/floranixena.it\/en\/","name":"FloraNixena - Consegna fiori a domicilio in Italia","description":"Invia fiori che raccontano storie","publisher":{"@id":"https:\/\/floranixena.it\/en\/#organization"},"alternateName":"FloraNixena.it","potentialAction":[{"@type":"SearchAction","target":{"@type":"EntryPoint","urlTemplate":"https:\/\/floranixena.it\/en\/?s={search_term_string}"},"query-input":{"@type":"PropertyValueSpecification","valueRequired":true,"valueName":"search_term_string"}}],"inLanguage":"en-US"},{"@type":"Organization","@id":"https:\/\/floranixena.it\/en\/#organization","name":"FloraNixena.it - Consegna mazzi di fiori, bouquet e piante a domicilio","url":"https:\/\/floranixena.it\/en\/","logo":{"@type":"ImageObject","inLanguage":"en-US","@id":"https:\/\/floranixena.it\/en\/#\/schema\/logo\/image\/","url":"https:\/\/floranixena.it\/wp-content\/uploads\/2018\/11\/logo-fucsia.png","contentUrl":"https:\/\/floranixena.it\/wp-content\/uploads\/2018\/11\/logo-fucsia.png","width":315,"height":81,"caption":"FloraNixena.it - Consegna mazzi di fiori, bouquet e piante a domicilio"},"image":{"@id":"https:\/\/floranixena.it\/en\/#\/schema\/logo\/image\/"},"sameAs":["https:\/\/www.facebook.com\/FloraNixena\/","https:\/\/www.instagram.com\/floranixena.it\/","https:\/\/www.youtube.com\/channel\/UCAfCWXMBezO96jgPjiUgpkA"],"description":"Chi Siamo? FloraNixena \u00e8 il partner di fiducia per la consegna di fiori freschi a domicilio. Con anni di esperienza nel settore floreale, siamo dedicati a portare la bellezza e la freschezza dei fiori direttamente alla vostra porta. La Nostra Missione La nostra missione \u00e8 trasformare ogni occasione in un momento speciale attraverso la magia dei fiori. Crediamo che un bouquet possa dire pi\u00f9 di mille parole e lavoriamo instancabilmente per assicurarci che ogni consegna porti gioia, amore e bellezza. Cosa Offriamo? Fiori Freschi: Collaboriamo con i migliori fornitori locali per garantire che i nostri fiori siano sempre freschi e di alta qualit\u00e0. Consegna Rapida e Puntuale: Offriamo un servizio di consegna rapido e affidabile, con la possibilit\u00e0 di scegliere la fascia oraria che pi\u00f9 vi conviene. Ampia Selezione: Dalle rose classiche ai bouquet personalizzati, abbiamo una vasta gamma di opzioni per soddisfare ogni gusto e occasione. Assistenza Clienti: Il nostro team \u00e8 sempre a disposizione per assistervi nella scelta del bouquet perfetto e per garantire un'esperienza di acquisto senza intoppi. Perch\u00e9 Sceglierci? Qualit\u00e0 Garantita: Ogni bouquet \u00e8 realizzato con cura dai nostri esperti fioristi, garantendo che ogni composizione sia un'opera d'arte. Servizio Personalizzato: Che sia per un anniversario, un compleanno, una celebrazione o un momento di condoglianza, personalizziamo ogni ordine per rispondere alle vostre esigenze specifiche. Soddisfazione del Cliente: La vostra soddisfazione \u00e8 la nostra priorit\u00e0 assoluta. Facciamo tutto il possibile per assicurarci che ogni consegna superi le vostre aspettative.","email":"amministrazione@floranixena.it","telephone":"3806342394","legalName":"Gaetano Votadoro"}]}},"_links":{"self":[{"href":"https:\/\/floranixena.it\/en\/wp-json\/wp\/v2\/product\/10777","targetHints":{"allow":["GET"]}}],"collection":[{"href":"https:\/\/floranixena.it\/en\/wp-json\/wp\/v2\/product"}],"about":[{"href":"https:\/\/floranixena.it\/en\/wp-json\/wp\/v2\/types\/product"}],"replies":[{"embeddable":true,"href":"https:\/\/floranixena.it\/en\/wp-json\/wp\/v2\/comments?post=10777"}],"wp:featuredmedia":[{"embeddable":true,"href":"https:\/\/floranixena.it\/en\/wp-json\/wp\/v2\/media\/9957"}],"wp:attachment":[{"href":"https:\/\/floranixena.it\/en\/wp-json\/wp\/v2\/media?parent=10777"}],"wp:term":[{"taxonomy":"product_brand","embeddable":true,"href":"https:\/\/floranixena.it\/en\/wp-json\/wp\/v2\/product_brand?post=10777"},{"taxonomy":"product_cat","embeddable":true,"href":"https:\/\/floranixena.it\/en\/wp-json\/wp\/v2\/product_cat?post=10777"},{"taxonomy":"product_tag","embeddable":true,"href":"https:\/\/floranixena.it\/en\/wp-json\/wp\/v2\/product_tag?post=10777"}],"curies":[{"name":"wp","href":"https:\/\/api.w.org\/{rel}","templated":true}]}}