{"id":10763,"date":"2025-08-12T12:10:08","date_gmt":"2025-08-12T10:10:08","guid":{"rendered":"https:\/\/floranixena.it\/product\/flory-white-teddy-bear\/"},"modified":"2025-09-11T12:10:37","modified_gmt":"2025-09-11T10:10:37","slug":"bear-of-white-roses","status":"publish","type":"product","link":"https:\/\/floranixena.it\/en\/product\/bear-of-white-roses\/","title":{"rendered":"Flory &#8211; White teddy bear"},"content":{"rendered":"<h1><strong>Bear made with white roses<\/strong><\/h1>\n<p>in soft sponge it is much more than a simple gift: it is a tangible symbol of eternal love and the duration of such a special feeling. Each rose petal that makes up this adorable bear conveys a message of affection and devotion, making this<a href=\"https:\/\/floranixena.it\/en\/catalog\/flowers-for-events\/anniversary\/\" target=\"_blank\" rel=\"noopener\"><strong> gift unique and unforgettable<\/strong><\/a>. Its <a href=\"https:\/\/floranixena.it\/en\/prodotto\/bouquet-of-red-roses-and-white-lisianthus\/\" target=\"_blank\" rel=\"noopener\">sweetness <\/a>and romanticism make it an extraordinary gesture, capable of touching the heart of those who receive it in a profound and significant way.  <\/p>\n<p>Giving this cute teddy bear is a sweet and romantic way to say &#8220;<a href=\"https:\/\/floranixena.it\/en\/catalog\/flowers-for-events\/birthday\/for-wife-or-girlfriend\/\" target=\"_blank\" rel=\"noopener\">I love you<\/a>&#8221; to the special person in your life. It&#8217;s a gesture that goes straight to the heart, showing how important it is to you and how much you want to keep the flame of love alive over time. With its delicacy and timeless charm, this rose <a href=\"https:\/\/floranixena.it\/en\/prodotto\/teddy-bear-of-tiffany-roses\/\" target=\"_blank\" rel=\"noopener\"><strong>bear <\/strong><\/a>is the perfect gift to celebrate a love that will last forever.  <\/p>\n<p>This <a href=\"https:\/\/floranixena.it\/en\/prodotto\/pink-rose-bear\/\">gift is ideal for your girlfriend <\/a>or wife, because there is no better way to demonstrate the love you feel for her with such a delicate and meaningful gift. Every time she looks at this cute teddy bear, she will feel enveloped by your affection and thoughtfulness. <\/p>\n<p>We deliver it directly by hand with our florist or by courier, ensuring it arrives safely and on time for special occasions such as birthdays, weddings, anniversaries or any other memorable <a href=\"https:\/\/floranixena.it\/en\/catalog\/flowers-for-events\/occasion\/\" target=\"_blank\" rel=\"noopener\">occasion<\/a>. Furthermore, we also offer the delivery service to the hospital to celebrate the <a href=\"https:\/\/floranixena.it\/en\/catalog\/gift-flowers-for-birth\/its-a-boy\/\">birth of a child,<\/a> bringing joy and happiness to new parents. <\/p>\n<p>With <strong>FloraNixena<\/strong>, every moment becomes even more special thanks to the beauty and delicacy of our unique and creative floral gifts. Make every occasion unforgettable with our cute little bear of white roses, a tangible symbol of eternal love. <\/p>\n","protected":false},"excerpt":{"rendered":"<ul>\n<li style=\"list-style-type: none;\">\n<ul>\n<li>Teddy bear of roses with black satin ribbon<\/li>\n<li>Size: Select from menu below<\/li>\n<li>Made with roses 250 sponge roses forming a teddy bear design<\/li>\n<li>GLOSSY plexiglass box included carefully sealed with black satin ribbon<\/li>\n<\/ul>\n<\/li>\n<\/ul>\n<p><span style=\"color: #ff8c00;\"><strong>Choose the combination of delivery with florist or SDA courier 3-5 working days<\/strong><\/span><\/p>\n<div id=\"gtx-trans\" style=\"position: absolute; left: 193px; top: 137px;\">\n<div class=\"gtx-trans-icon\"><\/div>\n<\/div>\n","protected":false},"featured_media":10010,"comment_status":"open","ping_status":"closed","template":"","meta":[],"product_brand":[],"product_cat":[2356,2340,2361,2359,2436,2355,2377,2353],"product_tag":[2841,2843,2719,2840,2842,2524],"class_list":{"0":"post-10763","1":"product","2":"type-product","3":"status-publish","4":"has-post-thumbnail","6":"product_cat-birthday","7":"product_cat-christmas","8":"product_cat-for-new-revelations","9":"product_cat-for-wife-or-girlfriend","10":"product_cat-its-a-girl","11":"product_cat-love-and-romance","12":"product_cat-university-degree","13":"product_cat-valentines-day","14":"product_tag-for-graduation","15":"product_tag-gift-for-girlfriend","16":"product_tag-girlfriend-gift-ideas","17":"product_tag-rose-teddy-bear","18":"product_tag-special-gifts","19":"product_tag-what-to-give-to-girlfriend","21":"first","22":"instock","23":"shipping-taxable","24":"purchasable","25":"product-type-variable"},"yoast_head":"<!-- This site is optimized with the Yoast SEO Premium plugin v27.5 (Yoast SEO v27.5) - https:\/\/yoast.com\/product\/yoast-seo-premium-wordpress\/ -->\n<title>Flory - White teddy bear di rose finte - FloraNixena - flower and plant delivery<\/title>\n<meta name=\"description\" content=\"Soft teddy bear made with white sponge roses by hand to convey &quot;eternal&quot; love as the duration of this fantastic gift.\" \/>\n<meta name=\"robots\" content=\"index, follow, max-snippet:-1, max-image-preview:large, max-video-preview:-1\" \/>\n<link rel=\"canonical\" href=\"https:\/\/floranixena.it\/en\/product\/bear-of-white-roses\/\" \/>\n<meta property=\"og:locale\" content=\"en_US\" \/>\n<meta property=\"og:type\" content=\"article\" \/>\n<meta property=\"og:title\" content=\"Flory - White teddy bear\" \/>\n<meta property=\"og:description\" content=\"Teddy bear of roses with black satin ribbon  Size: Select from menu below  Made with roses 250 sponge roses forming a teddy bear design  GLOSSY plexiglass box included carefully sealed with black satin ribbon  Choose the combination of delivery with florist or SDA courier 3-5 working days\" \/>\n<meta property=\"og:url\" content=\"https:\/\/floranixena.it\/en\/product\/bear-of-white-roses\/\" \/>\n<meta property=\"og:site_name\" content=\"FloraNixena - flower and plant delivery\" \/>\n<meta property=\"article:publisher\" content=\"https:\/\/www.facebook.com\/FloraNixena\/\" \/>\n<meta property=\"article:modified_time\" content=\"2025-09-11T10:10:37+00:00\" \/>\n<meta property=\"og:image\" content=\"https:\/\/floranixena.it\/wp-content\/uploads\/2020\/11\/Orsetto-teddy-bear-di-rose-bianco-artificiale.jpg\" \/>\n\t<meta property=\"og:image:width\" content=\"800\" \/>\n\t<meta property=\"og:image:height\" content=\"800\" \/>\n\t<meta property=\"og:image:type\" content=\"image\/jpeg\" \/>\n<meta name=\"twitter:card\" content=\"summary_large_image\" \/>\n<meta name=\"twitter:label1\" content=\"Est. reading time\" \/>\n\t<meta name=\"twitter:data1\" content=\"1 minute\" \/>\n<script type=\"application\/ld+json\" class=\"yoast-schema-graph\">{\"@context\":\"https:\\\/\\\/schema.org\",\"@graph\":[{\"@type\":\"WebPage\",\"@id\":\"https:\\\/\\\/floranixena.it\\\/en\\\/product\\\/bear-of-white-roses\\\/\",\"url\":\"https:\\\/\\\/floranixena.it\\\/en\\\/product\\\/bear-of-white-roses\\\/\",\"name\":\"Flory - White teddy bear di rose finte - FloraNixena - flower and plant delivery\",\"isPartOf\":{\"@id\":\"https:\\\/\\\/floranixena.it\\\/en\\\/#website\"},\"primaryImageOfPage\":{\"@id\":\"https:\\\/\\\/floranixena.it\\\/en\\\/product\\\/bear-of-white-roses\\\/#primaryimage\"},\"image\":{\"@id\":\"https:\\\/\\\/floranixena.it\\\/en\\\/product\\\/bear-of-white-roses\\\/#primaryimage\"},\"thumbnailUrl\":\"https:\\\/\\\/floranixena.it\\\/wp-content\\\/uploads\\\/2020\\\/11\\\/Orsetto-teddy-bear-di-rose-bianco-artificiale.jpg\",\"datePublished\":\"2025-08-12T10:10:08+00:00\",\"dateModified\":\"2025-09-11T10:10:37+00:00\",\"description\":\"Soft teddy bear made with white sponge roses by hand to convey \\\"eternal\\\" love as the duration of this fantastic gift.\",\"breadcrumb\":{\"@id\":\"https:\\\/\\\/floranixena.it\\\/en\\\/product\\\/bear-of-white-roses\\\/#breadcrumb\"},\"inLanguage\":\"en-US\",\"potentialAction\":[{\"@type\":\"ReadAction\",\"target\":[\"https:\\\/\\\/floranixena.it\\\/en\\\/product\\\/bear-of-white-roses\\\/\"]}]},{\"@type\":\"ImageObject\",\"inLanguage\":\"en-US\",\"@id\":\"https:\\\/\\\/floranixena.it\\\/en\\\/product\\\/bear-of-white-roses\\\/#primaryimage\",\"url\":\"https:\\\/\\\/floranixena.it\\\/wp-content\\\/uploads\\\/2020\\\/11\\\/Orsetto-teddy-bear-di-rose-bianco-artificiale.jpg\",\"contentUrl\":\"https:\\\/\\\/floranixena.it\\\/wp-content\\\/uploads\\\/2020\\\/11\\\/Orsetto-teddy-bear-di-rose-bianco-artificiale.jpg\",\"width\":800,\"height\":800,\"caption\":\"White Rose Teddy Bear\"},{\"@type\":\"BreadcrumbList\",\"@id\":\"https:\\\/\\\/floranixena.it\\\/en\\\/product\\\/bear-of-white-roses\\\/#breadcrumb\",\"itemListElement\":[{\"@type\":\"ListItem\",\"position\":1,\"name\":\"Home\",\"item\":\"https:\\\/\\\/floranixena.it\\\/en\\\/\"},{\"@type\":\"ListItem\",\"position\":2,\"name\":\"Shop\",\"item\":\"https:\\\/\\\/floranixena.it\\\/en\\\/shop\\\/\"},{\"@type\":\"ListItem\",\"position\":3,\"name\":\"Flory &#8211; White teddy bear\"}]},{\"@type\":\"WebSite\",\"@id\":\"https:\\\/\\\/floranixena.it\\\/en\\\/#website\",\"url\":\"https:\\\/\\\/floranixena.it\\\/en\\\/\",\"name\":\"FloraNixena - Consegna fiori a domicilio in Italia\",\"description\":\"Invia fiori che raccontano storie\",\"publisher\":{\"@id\":\"https:\\\/\\\/floranixena.it\\\/en\\\/#organization\"},\"alternateName\":\"FloraNixena.it\",\"potentialAction\":[{\"@type\":\"SearchAction\",\"target\":{\"@type\":\"EntryPoint\",\"urlTemplate\":\"https:\\\/\\\/floranixena.it\\\/en\\\/?s={search_term_string}\"},\"query-input\":{\"@type\":\"PropertyValueSpecification\",\"valueRequired\":true,\"valueName\":\"search_term_string\"}}],\"inLanguage\":\"en-US\"},{\"@type\":\"Organization\",\"@id\":\"https:\\\/\\\/floranixena.it\\\/en\\\/#organization\",\"name\":\"FloraNixena.it - Consegna mazzi di fiori, bouquet e piante a domicilio\",\"url\":\"https:\\\/\\\/floranixena.it\\\/en\\\/\",\"logo\":{\"@type\":\"ImageObject\",\"inLanguage\":\"en-US\",\"@id\":\"https:\\\/\\\/floranixena.it\\\/en\\\/#\\\/schema\\\/logo\\\/image\\\/\",\"url\":\"https:\\\/\\\/floranixena.it\\\/wp-content\\\/uploads\\\/2018\\\/11\\\/logo-fucsia.png\",\"contentUrl\":\"https:\\\/\\\/floranixena.it\\\/wp-content\\\/uploads\\\/2018\\\/11\\\/logo-fucsia.png\",\"width\":315,\"height\":81,\"caption\":\"FloraNixena.it - Consegna mazzi di fiori, bouquet e piante a domicilio\"},\"image\":{\"@id\":\"https:\\\/\\\/floranixena.it\\\/en\\\/#\\\/schema\\\/logo\\\/image\\\/\"},\"sameAs\":[\"https:\\\/\\\/www.facebook.com\\\/FloraNixena\\\/\",\"https:\\\/\\\/www.instagram.com\\\/floranixena.it\\\/\",\"https:\\\/\\\/www.youtube.com\\\/channel\\\/UCAfCWXMBezO96jgPjiUgpkA\"],\"description\":\"Chi Siamo? FloraNixena \u00e8 il partner di fiducia per la consegna di fiori freschi a domicilio. Con anni di esperienza nel settore floreale, siamo dedicati a portare la bellezza e la freschezza dei fiori direttamente alla vostra porta. La Nostra Missione La nostra missione \u00e8 trasformare ogni occasione in un momento speciale attraverso la magia dei fiori. Crediamo che un bouquet possa dire pi\u00f9 di mille parole e lavoriamo instancabilmente per assicurarci che ogni consegna porti gioia, amore e bellezza. Cosa Offriamo? Fiori Freschi: Collaboriamo con i migliori fornitori locali per garantire che i nostri fiori siano sempre freschi e di alta qualit\u00e0. Consegna Rapida e Puntuale: Offriamo un servizio di consegna rapido e affidabile, con la possibilit\u00e0 di scegliere la fascia oraria che pi\u00f9 vi conviene. Ampia Selezione: Dalle rose classiche ai bouquet personalizzati, abbiamo una vasta gamma di opzioni per soddisfare ogni gusto e occasione. Assistenza Clienti: Il nostro team \u00e8 sempre a disposizione per assistervi nella scelta del bouquet perfetto e per garantire un'esperienza di acquisto senza intoppi. Perch\u00e9 Sceglierci? Qualit\u00e0 Garantita: Ogni bouquet \u00e8 realizzato con cura dai nostri esperti fioristi, garantendo che ogni composizione sia un'opera d'arte. Servizio Personalizzato: Che sia per un anniversario, un compleanno, una celebrazione o un momento di condoglianza, personalizziamo ogni ordine per rispondere alle vostre esigenze specifiche. Soddisfazione del Cliente: La vostra soddisfazione \u00e8 la nostra priorit\u00e0 assoluta. Facciamo tutto il possibile per assicurarci che ogni consegna superi le vostre aspettative.\",\"email\":\"amministrazione@floranixena.it\",\"telephone\":\"3806342394\",\"legalName\":\"Gaetano Votadoro\"}]}<\/script>\n<!-- \/ Yoast SEO Premium plugin. -->","yoast_head_json":{"title":"Flory - White teddy bear di rose finte - FloraNixena - flower and plant delivery","description":"Soft teddy bear made with white sponge roses by hand to convey \"eternal\" love as the duration of this fantastic gift.","robots":{"index":"index","follow":"follow","max-snippet":"max-snippet:-1","max-image-preview":"max-image-preview:large","max-video-preview":"max-video-preview:-1"},"canonical":"https:\/\/floranixena.it\/en\/product\/bear-of-white-roses\/","og_locale":"en_US","og_type":"article","og_title":"Flory - White teddy bear","og_description":"Teddy bear of roses with black satin ribbon  Size: Select from menu below  Made with roses 250 sponge roses forming a teddy bear design  GLOSSY plexiglass box included carefully sealed with black satin ribbon  Choose the combination of delivery with florist or SDA courier 3-5 working days","og_url":"https:\/\/floranixena.it\/en\/product\/bear-of-white-roses\/","og_site_name":"FloraNixena - flower and plant delivery","article_publisher":"https:\/\/www.facebook.com\/FloraNixena\/","article_modified_time":"2025-09-11T10:10:37+00:00","og_image":[{"width":800,"height":800,"url":"https:\/\/floranixena.it\/wp-content\/uploads\/2020\/11\/Orsetto-teddy-bear-di-rose-bianco-artificiale.jpg","type":"image\/jpeg"}],"twitter_card":"summary_large_image","twitter_misc":{"Est. reading time":"1 minute"},"schema":{"@context":"https:\/\/schema.org","@graph":[{"@type":"WebPage","@id":"https:\/\/floranixena.it\/en\/product\/bear-of-white-roses\/","url":"https:\/\/floranixena.it\/en\/product\/bear-of-white-roses\/","name":"Flory - White teddy bear di rose finte - FloraNixena - flower and plant delivery","isPartOf":{"@id":"https:\/\/floranixena.it\/en\/#website"},"primaryImageOfPage":{"@id":"https:\/\/floranixena.it\/en\/product\/bear-of-white-roses\/#primaryimage"},"image":{"@id":"https:\/\/floranixena.it\/en\/product\/bear-of-white-roses\/#primaryimage"},"thumbnailUrl":"https:\/\/floranixena.it\/wp-content\/uploads\/2020\/11\/Orsetto-teddy-bear-di-rose-bianco-artificiale.jpg","datePublished":"2025-08-12T10:10:08+00:00","dateModified":"2025-09-11T10:10:37+00:00","description":"Soft teddy bear made with white sponge roses by hand to convey \"eternal\" love as the duration of this fantastic gift.","breadcrumb":{"@id":"https:\/\/floranixena.it\/en\/product\/bear-of-white-roses\/#breadcrumb"},"inLanguage":"en-US","potentialAction":[{"@type":"ReadAction","target":["https:\/\/floranixena.it\/en\/product\/bear-of-white-roses\/"]}]},{"@type":"ImageObject","inLanguage":"en-US","@id":"https:\/\/floranixena.it\/en\/product\/bear-of-white-roses\/#primaryimage","url":"https:\/\/floranixena.it\/wp-content\/uploads\/2020\/11\/Orsetto-teddy-bear-di-rose-bianco-artificiale.jpg","contentUrl":"https:\/\/floranixena.it\/wp-content\/uploads\/2020\/11\/Orsetto-teddy-bear-di-rose-bianco-artificiale.jpg","width":800,"height":800,"caption":"White Rose Teddy Bear"},{"@type":"BreadcrumbList","@id":"https:\/\/floranixena.it\/en\/product\/bear-of-white-roses\/#breadcrumb","itemListElement":[{"@type":"ListItem","position":1,"name":"Home","item":"https:\/\/floranixena.it\/en\/"},{"@type":"ListItem","position":2,"name":"Shop","item":"https:\/\/floranixena.it\/en\/shop\/"},{"@type":"ListItem","position":3,"name":"Flory &#8211; White teddy bear"}]},{"@type":"WebSite","@id":"https:\/\/floranixena.it\/en\/#website","url":"https:\/\/floranixena.it\/en\/","name":"FloraNixena - Consegna fiori a domicilio in Italia","description":"Invia fiori che raccontano storie","publisher":{"@id":"https:\/\/floranixena.it\/en\/#organization"},"alternateName":"FloraNixena.it","potentialAction":[{"@type":"SearchAction","target":{"@type":"EntryPoint","urlTemplate":"https:\/\/floranixena.it\/en\/?s={search_term_string}"},"query-input":{"@type":"PropertyValueSpecification","valueRequired":true,"valueName":"search_term_string"}}],"inLanguage":"en-US"},{"@type":"Organization","@id":"https:\/\/floranixena.it\/en\/#organization","name":"FloraNixena.it - Consegna mazzi di fiori, bouquet e piante a domicilio","url":"https:\/\/floranixena.it\/en\/","logo":{"@type":"ImageObject","inLanguage":"en-US","@id":"https:\/\/floranixena.it\/en\/#\/schema\/logo\/image\/","url":"https:\/\/floranixena.it\/wp-content\/uploads\/2018\/11\/logo-fucsia.png","contentUrl":"https:\/\/floranixena.it\/wp-content\/uploads\/2018\/11\/logo-fucsia.png","width":315,"height":81,"caption":"FloraNixena.it - Consegna mazzi di fiori, bouquet e piante a domicilio"},"image":{"@id":"https:\/\/floranixena.it\/en\/#\/schema\/logo\/image\/"},"sameAs":["https:\/\/www.facebook.com\/FloraNixena\/","https:\/\/www.instagram.com\/floranixena.it\/","https:\/\/www.youtube.com\/channel\/UCAfCWXMBezO96jgPjiUgpkA"],"description":"Chi Siamo? FloraNixena \u00e8 il partner di fiducia per la consegna di fiori freschi a domicilio. Con anni di esperienza nel settore floreale, siamo dedicati a portare la bellezza e la freschezza dei fiori direttamente alla vostra porta. La Nostra Missione La nostra missione \u00e8 trasformare ogni occasione in un momento speciale attraverso la magia dei fiori. Crediamo che un bouquet possa dire pi\u00f9 di mille parole e lavoriamo instancabilmente per assicurarci che ogni consegna porti gioia, amore e bellezza. Cosa Offriamo? Fiori Freschi: Collaboriamo con i migliori fornitori locali per garantire che i nostri fiori siano sempre freschi e di alta qualit\u00e0. Consegna Rapida e Puntuale: Offriamo un servizio di consegna rapido e affidabile, con la possibilit\u00e0 di scegliere la fascia oraria che pi\u00f9 vi conviene. Ampia Selezione: Dalle rose classiche ai bouquet personalizzati, abbiamo una vasta gamma di opzioni per soddisfare ogni gusto e occasione. Assistenza Clienti: Il nostro team \u00e8 sempre a disposizione per assistervi nella scelta del bouquet perfetto e per garantire un'esperienza di acquisto senza intoppi. Perch\u00e9 Sceglierci? Qualit\u00e0 Garantita: Ogni bouquet \u00e8 realizzato con cura dai nostri esperti fioristi, garantendo che ogni composizione sia un'opera d'arte. Servizio Personalizzato: Che sia per un anniversario, un compleanno, una celebrazione o un momento di condoglianza, personalizziamo ogni ordine per rispondere alle vostre esigenze specifiche. Soddisfazione del Cliente: La vostra soddisfazione \u00e8 la nostra priorit\u00e0 assoluta. Facciamo tutto il possibile per assicurarci che ogni consegna superi le vostre aspettative.","email":"amministrazione@floranixena.it","telephone":"3806342394","legalName":"Gaetano Votadoro"}]}},"_links":{"self":[{"href":"https:\/\/floranixena.it\/en\/wp-json\/wp\/v2\/product\/10763","targetHints":{"allow":["GET"]}}],"collection":[{"href":"https:\/\/floranixena.it\/en\/wp-json\/wp\/v2\/product"}],"about":[{"href":"https:\/\/floranixena.it\/en\/wp-json\/wp\/v2\/types\/product"}],"replies":[{"embeddable":true,"href":"https:\/\/floranixena.it\/en\/wp-json\/wp\/v2\/comments?post=10763"}],"wp:featuredmedia":[{"embeddable":true,"href":"https:\/\/floranixena.it\/en\/wp-json\/wp\/v2\/media\/10010"}],"wp:attachment":[{"href":"https:\/\/floranixena.it\/en\/wp-json\/wp\/v2\/media?parent=10763"}],"wp:term":[{"taxonomy":"product_brand","embeddable":true,"href":"https:\/\/floranixena.it\/en\/wp-json\/wp\/v2\/product_brand?post=10763"},{"taxonomy":"product_cat","embeddable":true,"href":"https:\/\/floranixena.it\/en\/wp-json\/wp\/v2\/product_cat?post=10763"},{"taxonomy":"product_tag","embeddable":true,"href":"https:\/\/floranixena.it\/en\/wp-json\/wp\/v2\/product_tag?post=10763"}],"curies":[{"name":"wp","href":"https:\/\/api.w.org\/{rel}","templated":true}]}}