{"id":10761,"date":"2024-07-12T15:26:13","date_gmt":"2024-07-12T13:26:13","guid":{"rendered":"https:\/\/floranixena.it\/product\/box-of-baci-perugina-chocolates\/"},"modified":"2025-09-18T11:32:34","modified_gmt":"2025-09-18T09:32:34","slug":"box-chocolates-baci-perugina","status":"publish","type":"product","link":"https:\/\/floranixena.it\/en\/product\/box-chocolates-baci-perugina\/","title":{"rendered":"Box of Baci Perugina chocolates"},"content":{"rendered":"<p>When the mood is on the ground, even the smallest gesture can make a big difference. Sometimes, a simple smile given or received is enough to brighten the day and regain a pinch of optimism. Kindness has the power to lift us up and turn a difficult time into an opportunity to connect with others.  <\/p>\n<p>Baci Perugina represents the perfect choice to cheer up those around you, whether they are a <a href=\"https:\/\/floranixena.it\/en\/catalog\/flowers-for-events\/birthday\/to-a-friend\/\"><strong>friend<\/strong><\/a>, a family member or a new neighbor. It is also a refined gesture to welcome customers and welcome them in an unforgettable way. Imagine the smile that a sweet thought like this can bring: what taste will your gestures of kindness have today?  <\/p>\n<p>Combine your gift with these delicious pralines that contain a delicious hazelnut, wrapped in a <a href=\"https:\/\/it.wikipedia.org\/wiki\/Cioccolato\"><strong>dark or milk chocolate<\/strong><\/a> coating. Each praline is a small masterpiece of sweetness and refinement, designed to be a special gift and to give a moment of pure pleasure. Let yourself be enveloped by the goodness of Baci Perugina and share the joy of a sweetness that makes the difference.  <\/p>\n<p>Each package is designed to make every occasion special, whether it is a celebration, a simple meeting or a moment of relaxation. It is not just a dessert, but an experience that unites and creates precious memories. <\/p>\n","protected":false},"excerpt":{"rendered":"<ul>\n<li style=\"text-align: justify;\">1 box of 257 gr<\/li>\n<li style=\"text-align: justify;\">The classic Baci Perugina, in an elegant and distinctive package<\/li>\n<li style=\"text-align: justify;\">A soft embrace made of hazelnut kernels and gianduja-flavored filling, a crunchy whole hazelnut and a delicious Luisa dark chocolate coating<\/li>\n<li style=\"text-align: justify;\">The unmistakable message of love and affection inside, which will give you an even more unforgettable experience<\/li>\n<\/ul>\n<p><strong>Ingredients<\/strong><\/p>\n<ul>\n<li style=\"text-align: justify;\">Sugar, hazelnuts 29%, cocoa mass, cocoa butter, powdered milk, anhydrous butter, sunflower lecithin emulsifier, natural vanilla flavouring. May contain other nuts.<\/li>\n<\/ul>\n<p><strong>This product can only be purchased if combined with a floral composition.<\/strong><\/p>\n","protected":false},"featured_media":9650,"comment_status":"closed","ping_status":"closed","template":"","meta":[],"product_brand":[],"product_cat":[2471,2466],"product_tag":[2933,2901,2343,4050],"class_list":{"0":"post-10761","1":"product","2":"type-product","3":"status-publish","4":"has-post-thumbnail","6":"product_cat-gifts","7":"product_cat-vases-and-gifts","8":"product_tag-baci-perugina-en","9":"product_tag-box-of-chocolates","10":"product_tag-christmas","11":"product_tag-hazelnut-pralines","13":"first","14":"instock","15":"sale","16":"shipping-taxable","17":"purchasable","18":"product-type-simple"},"yoast_head":"<!-- This site is optimized with the Yoast SEO Premium plugin v27.5 (Yoast SEO v27.5) - https:\/\/yoast.com\/product\/yoast-seo-premium-wordpress\/ -->\n<title>Baci chocolates by Perugina<\/title>\n<meta name=\"description\" content=\"Complete your gift with the delicious Baci Perugina: hazelnut pralines wrapped in dark or milk chocolate. Let yourself be &quot;kissed&quot;!\" \/>\n<meta name=\"robots\" content=\"index, follow, max-snippet:-1, max-image-preview:large, max-video-preview:-1\" \/>\n<link rel=\"canonical\" href=\"https:\/\/floranixena.it\/en\/product\/box-chocolates-baci-perugina\/\" \/>\n<meta property=\"og:locale\" content=\"en_US\" \/>\n<meta property=\"og:type\" content=\"article\" \/>\n<meta property=\"og:title\" content=\"Box of Baci Perugina chocolates\" \/>\n<meta property=\"og:description\" content=\"1 box of 257 gr  The classic Baci Perugina, in an elegant and distinctive package  A soft embrace made of hazelnut kernels and gianduja-flavored filling, a crunchy whole hazelnut and a delicious Luisa dark chocolate coating  The unmistakable message of love and affection inside, which will give you an even more unforgettable experience Ingredients  Sugar, hazelnuts 29%, cocoa mass, cocoa butter, powdered milk, anhydrous butter, sunflower lecithin emulsifier, natural vanilla flavouring. May contain other nuts. This product can only be purchased if combined with a floral composition.\" \/>\n<meta property=\"og:url\" content=\"https:\/\/floranixena.it\/en\/product\/box-chocolates-baci-perugina\/\" \/>\n<meta property=\"og:site_name\" content=\"FloraNixena - flower and plant delivery\" \/>\n<meta property=\"article:publisher\" content=\"https:\/\/www.facebook.com\/FloraNixena\/\" \/>\n<meta property=\"article:modified_time\" content=\"2025-09-18T09:32:34+00:00\" \/>\n<meta property=\"og:image\" content=\"https:\/\/floranixena.it\/wp-content\/uploads\/2018\/12\/Scatola-di-cioccolatini-baci-perugina-da-abbinare-ad-un-mazzo-di-fiori-da-regalare-per-natale-o-per-un-compleanno-della-moglie-o-la-findanzata-direttamente-a-domicilio.jpg\" \/>\n\t<meta property=\"og:image:width\" content=\"800\" \/>\n\t<meta property=\"og:image:height\" content=\"800\" \/>\n\t<meta property=\"og:image:type\" content=\"image\/jpeg\" \/>\n<meta name=\"twitter:card\" content=\"summary_large_image\" \/>\n<meta name=\"twitter:label1\" content=\"Est. reading time\" \/>\n\t<meta name=\"twitter:data1\" content=\"1 minute\" \/>\n<script type=\"application\/ld+json\" class=\"yoast-schema-graph\">{\"@context\":\"https:\\\/\\\/schema.org\",\"@graph\":[{\"@type\":\"WebPage\",\"@id\":\"https:\\\/\\\/floranixena.it\\\/en\\\/product\\\/box-chocolates-baci-perugina\\\/\",\"url\":\"https:\\\/\\\/floranixena.it\\\/en\\\/product\\\/box-chocolates-baci-perugina\\\/\",\"name\":\"Baci chocolates by Perugina\",\"isPartOf\":{\"@id\":\"https:\\\/\\\/floranixena.it\\\/en\\\/#website\"},\"primaryImageOfPage\":{\"@id\":\"https:\\\/\\\/floranixena.it\\\/en\\\/product\\\/box-chocolates-baci-perugina\\\/#primaryimage\"},\"image\":{\"@id\":\"https:\\\/\\\/floranixena.it\\\/en\\\/product\\\/box-chocolates-baci-perugina\\\/#primaryimage\"},\"thumbnailUrl\":\"https:\\\/\\\/floranixena.it\\\/wp-content\\\/uploads\\\/2018\\\/12\\\/Scatola-di-cioccolatini-baci-perugina-da-abbinare-ad-un-mazzo-di-fiori-da-regalare-per-natale-o-per-un-compleanno-della-moglie-o-la-findanzata-direttamente-a-domicilio.jpg\",\"datePublished\":\"2024-07-12T13:26:13+00:00\",\"dateModified\":\"2025-09-18T09:32:34+00:00\",\"description\":\"Complete your gift with the delicious Baci Perugina: hazelnut pralines wrapped in dark or milk chocolate. Let yourself be \\\"kissed\\\"!\",\"breadcrumb\":{\"@id\":\"https:\\\/\\\/floranixena.it\\\/en\\\/product\\\/box-chocolates-baci-perugina\\\/#breadcrumb\"},\"inLanguage\":\"en-US\",\"potentialAction\":[{\"@type\":\"ReadAction\",\"target\":[\"https:\\\/\\\/floranixena.it\\\/en\\\/product\\\/box-chocolates-baci-perugina\\\/\"]}]},{\"@type\":\"ImageObject\",\"inLanguage\":\"en-US\",\"@id\":\"https:\\\/\\\/floranixena.it\\\/en\\\/product\\\/box-chocolates-baci-perugina\\\/#primaryimage\",\"url\":\"https:\\\/\\\/floranixena.it\\\/wp-content\\\/uploads\\\/2018\\\/12\\\/Scatola-di-cioccolatini-baci-perugina-da-abbinare-ad-un-mazzo-di-fiori-da-regalare-per-natale-o-per-un-compleanno-della-moglie-o-la-findanzata-direttamente-a-domicilio.jpg\",\"contentUrl\":\"https:\\\/\\\/floranixena.it\\\/wp-content\\\/uploads\\\/2018\\\/12\\\/Scatola-di-cioccolatini-baci-perugina-da-abbinare-ad-un-mazzo-di-fiori-da-regalare-per-natale-o-per-un-compleanno-della-moglie-o-la-findanzata-direttamente-a-domicilio.jpg\",\"width\":800,\"height\":800,\"caption\":\"Baci Perugina Box\"},{\"@type\":\"BreadcrumbList\",\"@id\":\"https:\\\/\\\/floranixena.it\\\/en\\\/product\\\/box-chocolates-baci-perugina\\\/#breadcrumb\",\"itemListElement\":[{\"@type\":\"ListItem\",\"position\":1,\"name\":\"Home\",\"item\":\"https:\\\/\\\/floranixena.it\\\/en\\\/\"},{\"@type\":\"ListItem\",\"position\":2,\"name\":\"Shop\",\"item\":\"https:\\\/\\\/floranixena.it\\\/en\\\/shop\\\/\"},{\"@type\":\"ListItem\",\"position\":3,\"name\":\"Box of Baci Perugina chocolates\"}]},{\"@type\":\"WebSite\",\"@id\":\"https:\\\/\\\/floranixena.it\\\/en\\\/#website\",\"url\":\"https:\\\/\\\/floranixena.it\\\/en\\\/\",\"name\":\"FloraNixena - Consegna fiori a domicilio in Italia\",\"description\":\"Invia fiori che raccontano storie\",\"publisher\":{\"@id\":\"https:\\\/\\\/floranixena.it\\\/en\\\/#organization\"},\"alternateName\":\"FloraNixena.it\",\"potentialAction\":[{\"@type\":\"SearchAction\",\"target\":{\"@type\":\"EntryPoint\",\"urlTemplate\":\"https:\\\/\\\/floranixena.it\\\/en\\\/?s={search_term_string}\"},\"query-input\":{\"@type\":\"PropertyValueSpecification\",\"valueRequired\":true,\"valueName\":\"search_term_string\"}}],\"inLanguage\":\"en-US\"},{\"@type\":\"Organization\",\"@id\":\"https:\\\/\\\/floranixena.it\\\/en\\\/#organization\",\"name\":\"FloraNixena.it - Consegna mazzi di fiori, bouquet e piante a domicilio\",\"url\":\"https:\\\/\\\/floranixena.it\\\/en\\\/\",\"logo\":{\"@type\":\"ImageObject\",\"inLanguage\":\"en-US\",\"@id\":\"https:\\\/\\\/floranixena.it\\\/en\\\/#\\\/schema\\\/logo\\\/image\\\/\",\"url\":\"https:\\\/\\\/floranixena.it\\\/wp-content\\\/uploads\\\/2018\\\/11\\\/logo-fucsia.png\",\"contentUrl\":\"https:\\\/\\\/floranixena.it\\\/wp-content\\\/uploads\\\/2018\\\/11\\\/logo-fucsia.png\",\"width\":315,\"height\":81,\"caption\":\"FloraNixena.it - Consegna mazzi di fiori, bouquet e piante a domicilio\"},\"image\":{\"@id\":\"https:\\\/\\\/floranixena.it\\\/en\\\/#\\\/schema\\\/logo\\\/image\\\/\"},\"sameAs\":[\"https:\\\/\\\/www.facebook.com\\\/FloraNixena\\\/\",\"https:\\\/\\\/www.instagram.com\\\/floranixena.it\\\/\",\"https:\\\/\\\/www.youtube.com\\\/channel\\\/UCAfCWXMBezO96jgPjiUgpkA\"],\"description\":\"Chi Siamo? FloraNixena \u00e8 il partner di fiducia per la consegna di fiori freschi a domicilio. Con anni di esperienza nel settore floreale, siamo dedicati a portare la bellezza e la freschezza dei fiori direttamente alla vostra porta. La Nostra Missione La nostra missione \u00e8 trasformare ogni occasione in un momento speciale attraverso la magia dei fiori. Crediamo che un bouquet possa dire pi\u00f9 di mille parole e lavoriamo instancabilmente per assicurarci che ogni consegna porti gioia, amore e bellezza. Cosa Offriamo? Fiori Freschi: Collaboriamo con i migliori fornitori locali per garantire che i nostri fiori siano sempre freschi e di alta qualit\u00e0. Consegna Rapida e Puntuale: Offriamo un servizio di consegna rapido e affidabile, con la possibilit\u00e0 di scegliere la fascia oraria che pi\u00f9 vi conviene. Ampia Selezione: Dalle rose classiche ai bouquet personalizzati, abbiamo una vasta gamma di opzioni per soddisfare ogni gusto e occasione. Assistenza Clienti: Il nostro team \u00e8 sempre a disposizione per assistervi nella scelta del bouquet perfetto e per garantire un'esperienza di acquisto senza intoppi. Perch\u00e9 Sceglierci? Qualit\u00e0 Garantita: Ogni bouquet \u00e8 realizzato con cura dai nostri esperti fioristi, garantendo che ogni composizione sia un'opera d'arte. Servizio Personalizzato: Che sia per un anniversario, un compleanno, una celebrazione o un momento di condoglianza, personalizziamo ogni ordine per rispondere alle vostre esigenze specifiche. Soddisfazione del Cliente: La vostra soddisfazione \u00e8 la nostra priorit\u00e0 assoluta. Facciamo tutto il possibile per assicurarci che ogni consegna superi le vostre aspettative.\",\"email\":\"amministrazione@floranixena.it\",\"telephone\":\"3806342394\",\"legalName\":\"Gaetano Votadoro\"}]}<\/script>\n<!-- \/ Yoast SEO Premium plugin. -->","yoast_head_json":{"title":"Baci chocolates by Perugina","description":"Complete your gift with the delicious Baci Perugina: hazelnut pralines wrapped in dark or milk chocolate. Let yourself be \"kissed\"!","robots":{"index":"index","follow":"follow","max-snippet":"max-snippet:-1","max-image-preview":"max-image-preview:large","max-video-preview":"max-video-preview:-1"},"canonical":"https:\/\/floranixena.it\/en\/product\/box-chocolates-baci-perugina\/","og_locale":"en_US","og_type":"article","og_title":"Box of Baci Perugina chocolates","og_description":"1 box of 257 gr  The classic Baci Perugina, in an elegant and distinctive package  A soft embrace made of hazelnut kernels and gianduja-flavored filling, a crunchy whole hazelnut and a delicious Luisa dark chocolate coating  The unmistakable message of love and affection inside, which will give you an even more unforgettable experience Ingredients  Sugar, hazelnuts 29%, cocoa mass, cocoa butter, powdered milk, anhydrous butter, sunflower lecithin emulsifier, natural vanilla flavouring. May contain other nuts. This product can only be purchased if combined with a floral composition.","og_url":"https:\/\/floranixena.it\/en\/product\/box-chocolates-baci-perugina\/","og_site_name":"FloraNixena - flower and plant delivery","article_publisher":"https:\/\/www.facebook.com\/FloraNixena\/","article_modified_time":"2025-09-18T09:32:34+00:00","og_image":[{"width":800,"height":800,"url":"https:\/\/floranixena.it\/wp-content\/uploads\/2018\/12\/Scatola-di-cioccolatini-baci-perugina-da-abbinare-ad-un-mazzo-di-fiori-da-regalare-per-natale-o-per-un-compleanno-della-moglie-o-la-findanzata-direttamente-a-domicilio.jpg","type":"image\/jpeg"}],"twitter_card":"summary_large_image","twitter_misc":{"Est. reading time":"1 minute"},"schema":{"@context":"https:\/\/schema.org","@graph":[{"@type":"WebPage","@id":"https:\/\/floranixena.it\/en\/product\/box-chocolates-baci-perugina\/","url":"https:\/\/floranixena.it\/en\/product\/box-chocolates-baci-perugina\/","name":"Baci chocolates by Perugina","isPartOf":{"@id":"https:\/\/floranixena.it\/en\/#website"},"primaryImageOfPage":{"@id":"https:\/\/floranixena.it\/en\/product\/box-chocolates-baci-perugina\/#primaryimage"},"image":{"@id":"https:\/\/floranixena.it\/en\/product\/box-chocolates-baci-perugina\/#primaryimage"},"thumbnailUrl":"https:\/\/floranixena.it\/wp-content\/uploads\/2018\/12\/Scatola-di-cioccolatini-baci-perugina-da-abbinare-ad-un-mazzo-di-fiori-da-regalare-per-natale-o-per-un-compleanno-della-moglie-o-la-findanzata-direttamente-a-domicilio.jpg","datePublished":"2024-07-12T13:26:13+00:00","dateModified":"2025-09-18T09:32:34+00:00","description":"Complete your gift with the delicious Baci Perugina: hazelnut pralines wrapped in dark or milk chocolate. Let yourself be \"kissed\"!","breadcrumb":{"@id":"https:\/\/floranixena.it\/en\/product\/box-chocolates-baci-perugina\/#breadcrumb"},"inLanguage":"en-US","potentialAction":[{"@type":"ReadAction","target":["https:\/\/floranixena.it\/en\/product\/box-chocolates-baci-perugina\/"]}]},{"@type":"ImageObject","inLanguage":"en-US","@id":"https:\/\/floranixena.it\/en\/product\/box-chocolates-baci-perugina\/#primaryimage","url":"https:\/\/floranixena.it\/wp-content\/uploads\/2018\/12\/Scatola-di-cioccolatini-baci-perugina-da-abbinare-ad-un-mazzo-di-fiori-da-regalare-per-natale-o-per-un-compleanno-della-moglie-o-la-findanzata-direttamente-a-domicilio.jpg","contentUrl":"https:\/\/floranixena.it\/wp-content\/uploads\/2018\/12\/Scatola-di-cioccolatini-baci-perugina-da-abbinare-ad-un-mazzo-di-fiori-da-regalare-per-natale-o-per-un-compleanno-della-moglie-o-la-findanzata-direttamente-a-domicilio.jpg","width":800,"height":800,"caption":"Baci Perugina Box"},{"@type":"BreadcrumbList","@id":"https:\/\/floranixena.it\/en\/product\/box-chocolates-baci-perugina\/#breadcrumb","itemListElement":[{"@type":"ListItem","position":1,"name":"Home","item":"https:\/\/floranixena.it\/en\/"},{"@type":"ListItem","position":2,"name":"Shop","item":"https:\/\/floranixena.it\/en\/shop\/"},{"@type":"ListItem","position":3,"name":"Box of Baci Perugina chocolates"}]},{"@type":"WebSite","@id":"https:\/\/floranixena.it\/en\/#website","url":"https:\/\/floranixena.it\/en\/","name":"FloraNixena - Consegna fiori a domicilio in Italia","description":"Invia fiori che raccontano storie","publisher":{"@id":"https:\/\/floranixena.it\/en\/#organization"},"alternateName":"FloraNixena.it","potentialAction":[{"@type":"SearchAction","target":{"@type":"EntryPoint","urlTemplate":"https:\/\/floranixena.it\/en\/?s={search_term_string}"},"query-input":{"@type":"PropertyValueSpecification","valueRequired":true,"valueName":"search_term_string"}}],"inLanguage":"en-US"},{"@type":"Organization","@id":"https:\/\/floranixena.it\/en\/#organization","name":"FloraNixena.it - Consegna mazzi di fiori, bouquet e piante a domicilio","url":"https:\/\/floranixena.it\/en\/","logo":{"@type":"ImageObject","inLanguage":"en-US","@id":"https:\/\/floranixena.it\/en\/#\/schema\/logo\/image\/","url":"https:\/\/floranixena.it\/wp-content\/uploads\/2018\/11\/logo-fucsia.png","contentUrl":"https:\/\/floranixena.it\/wp-content\/uploads\/2018\/11\/logo-fucsia.png","width":315,"height":81,"caption":"FloraNixena.it - Consegna mazzi di fiori, bouquet e piante a domicilio"},"image":{"@id":"https:\/\/floranixena.it\/en\/#\/schema\/logo\/image\/"},"sameAs":["https:\/\/www.facebook.com\/FloraNixena\/","https:\/\/www.instagram.com\/floranixena.it\/","https:\/\/www.youtube.com\/channel\/UCAfCWXMBezO96jgPjiUgpkA"],"description":"Chi Siamo? FloraNixena \u00e8 il partner di fiducia per la consegna di fiori freschi a domicilio. Con anni di esperienza nel settore floreale, siamo dedicati a portare la bellezza e la freschezza dei fiori direttamente alla vostra porta. La Nostra Missione La nostra missione \u00e8 trasformare ogni occasione in un momento speciale attraverso la magia dei fiori. Crediamo che un bouquet possa dire pi\u00f9 di mille parole e lavoriamo instancabilmente per assicurarci che ogni consegna porti gioia, amore e bellezza. Cosa Offriamo? Fiori Freschi: Collaboriamo con i migliori fornitori locali per garantire che i nostri fiori siano sempre freschi e di alta qualit\u00e0. Consegna Rapida e Puntuale: Offriamo un servizio di consegna rapido e affidabile, con la possibilit\u00e0 di scegliere la fascia oraria che pi\u00f9 vi conviene. Ampia Selezione: Dalle rose classiche ai bouquet personalizzati, abbiamo una vasta gamma di opzioni per soddisfare ogni gusto e occasione. Assistenza Clienti: Il nostro team \u00e8 sempre a disposizione per assistervi nella scelta del bouquet perfetto e per garantire un'esperienza di acquisto senza intoppi. Perch\u00e9 Sceglierci? Qualit\u00e0 Garantita: Ogni bouquet \u00e8 realizzato con cura dai nostri esperti fioristi, garantendo che ogni composizione sia un'opera d'arte. Servizio Personalizzato: Che sia per un anniversario, un compleanno, una celebrazione o un momento di condoglianza, personalizziamo ogni ordine per rispondere alle vostre esigenze specifiche. Soddisfazione del Cliente: La vostra soddisfazione \u00e8 la nostra priorit\u00e0 assoluta. Facciamo tutto il possibile per assicurarci che ogni consegna superi le vostre aspettative.","email":"amministrazione@floranixena.it","telephone":"3806342394","legalName":"Gaetano Votadoro"}]}},"_links":{"self":[{"href":"https:\/\/floranixena.it\/en\/wp-json\/wp\/v2\/product\/10761","targetHints":{"allow":["GET"]}}],"collection":[{"href":"https:\/\/floranixena.it\/en\/wp-json\/wp\/v2\/product"}],"about":[{"href":"https:\/\/floranixena.it\/en\/wp-json\/wp\/v2\/types\/product"}],"replies":[{"embeddable":true,"href":"https:\/\/floranixena.it\/en\/wp-json\/wp\/v2\/comments?post=10761"}],"wp:featuredmedia":[{"embeddable":true,"href":"https:\/\/floranixena.it\/en\/wp-json\/wp\/v2\/media\/9650"}],"wp:attachment":[{"href":"https:\/\/floranixena.it\/en\/wp-json\/wp\/v2\/media?parent=10761"}],"wp:term":[{"taxonomy":"product_brand","embeddable":true,"href":"https:\/\/floranixena.it\/en\/wp-json\/wp\/v2\/product_brand?post=10761"},{"taxonomy":"product_cat","embeddable":true,"href":"https:\/\/floranixena.it\/en\/wp-json\/wp\/v2\/product_cat?post=10761"},{"taxonomy":"product_tag","embeddable":true,"href":"https:\/\/floranixena.it\/en\/wp-json\/wp\/v2\/product_tag?post=10761"}],"curies":[{"name":"wp","href":"https:\/\/api.w.org\/{rel}","templated":true}]}}