{"id":10735,"date":"2025-06-05T10:47:55","date_gmt":"2025-06-05T08:47:55","guid":{"rendered":"https:\/\/floranixena.it\/product\/alba\/"},"modified":"2025-09-17T09:09:39","modified_gmt":"2025-09-17T07:09:39","slug":"bouquet-of-yellow-roses-and-daisies","status":"publish","type":"product","link":"https:\/\/floranixena.it\/en\/product\/bouquet-of-yellow-roses-and-daisies\/","title":{"rendered":"Alba"},"content":{"rendered":"<h2>Celebrate with Elegance and Style: Yellow Rose Bouquet and Yellow Daisies<\/h2>\n<p>Make every special occasion an unforgettable event with our exclusive bouquet of yellow roses and yellow daisies. This elegant floral bouquet is designed to enhance every celebration with a touch of brightness and sophistication. Yellow roses, a symbol of joy and <a href=\"https:\/\/floranixena.it\/en\/catalog\/flowers-for-events\/birthday\/to-a-friend\/\"><strong>friendship<\/strong><\/a>, combine beautifully with yellow daisies, which represent freshness and optimism.  <\/p>\n<p><strong>A Perfect Bouquet for Every Occasion<\/strong><\/p>\n<p>Whether it&#8217;s weddings, <a href=\"https:\/\/floranixena.it\/en\/catalog\/flowers-for-events\/birthday\/\"><strong>birthdays<\/strong><\/a>, anniversaries or any other celebration, our bouquet of yellow roses and yellow daisies is the ideal choice. Their intoxicating glow and sumptuous beauty will bring a festive air and joy to every event. <\/p>\n<p><strong>Characteristics of the Bouquet<\/strong><\/p>\n<p>&#8211;<strong> Yellow Roses:<\/strong> Symbol of happiness and success, yellow roses bring a lively and joyful color, perfect for illuminating any occasion.<br \/>\n&#8211; <strong>Yellow Daisies<\/strong>: With their fresh and sunny appearance, yellow daisies evoke optimism and joy, creating a fascinating contrast with roses.<\/p>\n<p><strong>Why Choose Our Yellow Rose and Yellow Daisy Bouquet?<\/strong><\/p>\n<p>&#8211; Superior Quality: We only use fresh, high-quality flowers to ensure a bouquet that lasts and enchants.<br \/>\n&#8211; Elegant Design: Each deck is carefully crafted to offer a sumptuous and festive look.<br \/>\n&#8211; Punctual Delivery: We offer a punctual delivery service to make sure your bouquet arrives perfect and on time.<\/p>\n<p>Order your bouquet now and turn every celebration into an extraordinary moment. Let the <strong>beauty <\/strong>and charm of this floral bouquet add a special touch to your party, creating unforgettable memories and bringing joy to all participants. <\/p>\n","protected":false},"excerpt":{"rendered":"<ul>\n<li>9 Yellow Roses<\/li>\n<li>Yellow daisies (alternative gerberas)<\/li>\n<li>Hypericum Green<\/li>\n<li>Decorative leaves<\/li>\n<\/ul>\n","protected":false},"featured_media":9939,"comment_status":"open","ping_status":"closed","template":"","meta":[],"product_brand":[],"product_cat":[2356,2463,2372,2462,2376,2440,2415,2451,2417,2378,2358,2362,2437,2423,2448,2454,2377],"product_tag":[2383,4022,2711,2367,4021,2832],"class_list":{"0":"post-10735","1":"product","2":"type-product","3":"status-publish","4":"has-post-thumbnail","6":"product_cat-birthday","7":"product_cat-gift-flowers-for-birth","8":"product_cat-congratulations","9":"product_cat-easter-occasion","10":"product_cat-flowers-for-events","11":"product_cat-for-gay-couples","12":"product_cat-friendship","13":"product_cat-lisianthus-en","14":"product_cat-mothers-day","15":"product_cat-name-day","16":"product_cat-occasion","17":"product_cat-roses","18":"product_cat-spring-flowers","19":"product_cat-summer-flowers","20":"product_cat-sunflower","21":"product_cat-thank-you","22":"product_cat-university-degree","23":"product_tag-bouquet-of-red-roses-en","24":"product_tag-bouquet-yellow","25":"product_tag-daisies","26":"product_tag-red-roses","27":"product_tag-yellow-flowers","28":"product_tag-yellow-roses","30":"first","31":"instock","32":"shipping-taxable","33":"purchasable","34":"product-type-simple"},"yoast_head":"<!-- This site is optimized with the Yoast SEO Premium plugin v27.6 (Yoast SEO v27.6) - https:\/\/yoast.com\/product\/yoast-seo-premium-wordpress\/ -->\n<title>Bouquet yellow roses - FloraNixena<\/title>\n<meta name=\"description\" content=\"Bouquet of yellow roses and daisies, to send to a special person, full of joy or for Mother&#039;s Day at home\" \/>\n<meta name=\"robots\" content=\"index, follow, max-snippet:-1, max-image-preview:large, max-video-preview:-1\" \/>\n<link rel=\"canonical\" href=\"https:\/\/floranixena.it\/en\/product\/bouquet-of-yellow-roses-and-daisies\/\" \/>\n<meta property=\"og:locale\" content=\"en_US\" \/>\n<meta property=\"og:type\" content=\"article\" \/>\n<meta property=\"og:title\" content=\"Alba\" \/>\n<meta property=\"og:description\" content=\"9 Yellow Roses  Yellow daisies (alternative gerberas)  Hypericum Green  Decorative leaves\" \/>\n<meta property=\"og:url\" content=\"https:\/\/floranixena.it\/en\/product\/bouquet-of-yellow-roses-and-daisies\/\" \/>\n<meta property=\"og:site_name\" content=\"FloraNixena - flower and plant delivery\" \/>\n<meta property=\"article:publisher\" content=\"https:\/\/www.facebook.com\/FloraNixena\/\" \/>\n<meta property=\"article:modified_time\" content=\"2025-09-17T07:09:39+00:00\" \/>\n<meta property=\"og:image\" content=\"https:\/\/floranixena.it\/wp-content\/uploads\/2018\/12\/mazzo_di_9_rose_gialle_-hypericum_-verde_regalo_per_la_festa_della_mamma_uomo_zii_sorella_anniversario_nozze.jpg\" \/>\n\t<meta property=\"og:image:width\" content=\"800\" \/>\n\t<meta property=\"og:image:height\" content=\"800\" \/>\n\t<meta property=\"og:image:type\" content=\"image\/jpeg\" \/>\n<meta name=\"twitter:card\" content=\"summary_large_image\" \/>\n<meta name=\"twitter:label1\" content=\"Est. reading time\" \/>\n\t<meta name=\"twitter:data1\" content=\"1 minute\" \/>\n<script type=\"application\/ld+json\" class=\"yoast-schema-graph\">{\"@context\":\"https:\\\/\\\/schema.org\",\"@graph\":[{\"@type\":\"WebPage\",\"@id\":\"https:\\\/\\\/floranixena.it\\\/en\\\/product\\\/bouquet-of-yellow-roses-and-daisies\\\/\",\"url\":\"https:\\\/\\\/floranixena.it\\\/en\\\/product\\\/bouquet-of-yellow-roses-and-daisies\\\/\",\"name\":\"Bouquet yellow roses - FloraNixena\",\"isPartOf\":{\"@id\":\"https:\\\/\\\/floranixena.it\\\/en\\\/#website\"},\"primaryImageOfPage\":{\"@id\":\"https:\\\/\\\/floranixena.it\\\/en\\\/product\\\/bouquet-of-yellow-roses-and-daisies\\\/#primaryimage\"},\"image\":{\"@id\":\"https:\\\/\\\/floranixena.it\\\/en\\\/product\\\/bouquet-of-yellow-roses-and-daisies\\\/#primaryimage\"},\"thumbnailUrl\":\"https:\\\/\\\/floranixena.it\\\/wp-content\\\/uploads\\\/2018\\\/12\\\/mazzo_di_9_rose_gialle_-hypericum_-verde_regalo_per_la_festa_della_mamma_uomo_zii_sorella_anniversario_nozze.jpg\",\"datePublished\":\"2025-06-05T08:47:55+00:00\",\"dateModified\":\"2025-09-17T07:09:39+00:00\",\"description\":\"Bouquet of yellow roses and daisies, to send to a special person, full of joy or for Mother's Day at home\",\"breadcrumb\":{\"@id\":\"https:\\\/\\\/floranixena.it\\\/en\\\/product\\\/bouquet-of-yellow-roses-and-daisies\\\/#breadcrumb\"},\"inLanguage\":\"en-US\",\"potentialAction\":[{\"@type\":\"ReadAction\",\"target\":[\"https:\\\/\\\/floranixena.it\\\/en\\\/product\\\/bouquet-of-yellow-roses-and-daisies\\\/\"]}]},{\"@type\":\"ImageObject\",\"inLanguage\":\"en-US\",\"@id\":\"https:\\\/\\\/floranixena.it\\\/en\\\/product\\\/bouquet-of-yellow-roses-and-daisies\\\/#primaryimage\",\"url\":\"https:\\\/\\\/floranixena.it\\\/wp-content\\\/uploads\\\/2018\\\/12\\\/mazzo_di_9_rose_gialle_-hypericum_-verde_regalo_per_la_festa_della_mamma_uomo_zii_sorella_anniversario_nozze.jpg\",\"contentUrl\":\"https:\\\/\\\/floranixena.it\\\/wp-content\\\/uploads\\\/2018\\\/12\\\/mazzo_di_9_rose_gialle_-hypericum_-verde_regalo_per_la_festa_della_mamma_uomo_zii_sorella_anniversario_nozze.jpg\",\"width\":800,\"height\":800,\"caption\":\"Un mazzo che sorride: luce, colore e buonumore in ogni petalo.\"},{\"@type\":\"BreadcrumbList\",\"@id\":\"https:\\\/\\\/floranixena.it\\\/en\\\/product\\\/bouquet-of-yellow-roses-and-daisies\\\/#breadcrumb\",\"itemListElement\":[{\"@type\":\"ListItem\",\"position\":1,\"name\":\"Home\",\"item\":\"https:\\\/\\\/floranixena.it\\\/en\\\/\"},{\"@type\":\"ListItem\",\"position\":2,\"name\":\"Shop\",\"item\":\"https:\\\/\\\/floranixena.it\\\/en\\\/shop\\\/\"},{\"@type\":\"ListItem\",\"position\":3,\"name\":\"Alba\"}]},{\"@type\":\"WebSite\",\"@id\":\"https:\\\/\\\/floranixena.it\\\/en\\\/#website\",\"url\":\"https:\\\/\\\/floranixena.it\\\/en\\\/\",\"name\":\"FloraNixena - Consegna fiori a domicilio in Italia\",\"description\":\"Invia fiori che raccontano storie\",\"publisher\":{\"@id\":\"https:\\\/\\\/floranixena.it\\\/en\\\/#organization\"},\"alternateName\":\"FloraNixena.it\",\"potentialAction\":[{\"@type\":\"SearchAction\",\"target\":{\"@type\":\"EntryPoint\",\"urlTemplate\":\"https:\\\/\\\/floranixena.it\\\/en\\\/?s={search_term_string}\"},\"query-input\":{\"@type\":\"PropertyValueSpecification\",\"valueRequired\":true,\"valueName\":\"search_term_string\"}}],\"inLanguage\":\"en-US\"},{\"@type\":\"Organization\",\"@id\":\"https:\\\/\\\/floranixena.it\\\/en\\\/#organization\",\"name\":\"FloraNixena.it - Consegna mazzi di fiori, bouquet e piante a domicilio\",\"url\":\"https:\\\/\\\/floranixena.it\\\/en\\\/\",\"logo\":{\"@type\":\"ImageObject\",\"inLanguage\":\"en-US\",\"@id\":\"https:\\\/\\\/floranixena.it\\\/en\\\/#\\\/schema\\\/logo\\\/image\\\/\",\"url\":\"https:\\\/\\\/floranixena.it\\\/wp-content\\\/uploads\\\/2018\\\/11\\\/logo-fucsia.png\",\"contentUrl\":\"https:\\\/\\\/floranixena.it\\\/wp-content\\\/uploads\\\/2018\\\/11\\\/logo-fucsia.png\",\"width\":315,\"height\":81,\"caption\":\"FloraNixena.it - Consegna mazzi di fiori, bouquet e piante a domicilio\"},\"image\":{\"@id\":\"https:\\\/\\\/floranixena.it\\\/en\\\/#\\\/schema\\\/logo\\\/image\\\/\"},\"sameAs\":[\"https:\\\/\\\/www.facebook.com\\\/FloraNixena\\\/\",\"https:\\\/\\\/www.instagram.com\\\/floranixena.it\\\/\",\"https:\\\/\\\/www.youtube.com\\\/channel\\\/UCAfCWXMBezO96jgPjiUgpkA\"],\"description\":\"Chi Siamo? FloraNixena \u00e8 il partner di fiducia per la consegna di fiori freschi a domicilio. Con anni di esperienza nel settore floreale, siamo dedicati a portare la bellezza e la freschezza dei fiori direttamente alla vostra porta. La Nostra Missione La nostra missione \u00e8 trasformare ogni occasione in un momento speciale attraverso la magia dei fiori. Crediamo che un bouquet possa dire pi\u00f9 di mille parole e lavoriamo instancabilmente per assicurarci che ogni consegna porti gioia, amore e bellezza. Cosa Offriamo? Fiori Freschi: Collaboriamo con i migliori fornitori locali per garantire che i nostri fiori siano sempre freschi e di alta qualit\u00e0. Consegna Rapida e Puntuale: Offriamo un servizio di consegna rapido e affidabile, con la possibilit\u00e0 di scegliere la fascia oraria che pi\u00f9 vi conviene. Ampia Selezione: Dalle rose classiche ai bouquet personalizzati, abbiamo una vasta gamma di opzioni per soddisfare ogni gusto e occasione. Assistenza Clienti: Il nostro team \u00e8 sempre a disposizione per assistervi nella scelta del bouquet perfetto e per garantire un'esperienza di acquisto senza intoppi. Perch\u00e9 Sceglierci? Qualit\u00e0 Garantita: Ogni bouquet \u00e8 realizzato con cura dai nostri esperti fioristi, garantendo che ogni composizione sia un'opera d'arte. Servizio Personalizzato: Che sia per un anniversario, un compleanno, una celebrazione o un momento di condoglianza, personalizziamo ogni ordine per rispondere alle vostre esigenze specifiche. Soddisfazione del Cliente: La vostra soddisfazione \u00e8 la nostra priorit\u00e0 assoluta. Facciamo tutto il possibile per assicurarci che ogni consegna superi le vostre aspettative.\",\"email\":\"amministrazione@floranixena.it\",\"telephone\":\"3806342394\",\"legalName\":\"Gaetano Votadoro\"}]}<\/script>\n<!-- \/ Yoast SEO Premium plugin. -->","yoast_head_json":{"title":"Bouquet yellow roses - FloraNixena","description":"Bouquet of yellow roses and daisies, to send to a special person, full of joy or for Mother's Day at home","robots":{"index":"index","follow":"follow","max-snippet":"max-snippet:-1","max-image-preview":"max-image-preview:large","max-video-preview":"max-video-preview:-1"},"canonical":"https:\/\/floranixena.it\/en\/product\/bouquet-of-yellow-roses-and-daisies\/","og_locale":"en_US","og_type":"article","og_title":"Alba","og_description":"9 Yellow Roses  Yellow daisies (alternative gerberas)  Hypericum Green  Decorative leaves","og_url":"https:\/\/floranixena.it\/en\/product\/bouquet-of-yellow-roses-and-daisies\/","og_site_name":"FloraNixena - flower and plant delivery","article_publisher":"https:\/\/www.facebook.com\/FloraNixena\/","article_modified_time":"2025-09-17T07:09:39+00:00","og_image":[{"width":800,"height":800,"url":"https:\/\/floranixena.it\/wp-content\/uploads\/2018\/12\/mazzo_di_9_rose_gialle_-hypericum_-verde_regalo_per_la_festa_della_mamma_uomo_zii_sorella_anniversario_nozze.jpg","type":"image\/jpeg"}],"twitter_card":"summary_large_image","twitter_misc":{"Est. reading time":"1 minute"},"schema":{"@context":"https:\/\/schema.org","@graph":[{"@type":"WebPage","@id":"https:\/\/floranixena.it\/en\/product\/bouquet-of-yellow-roses-and-daisies\/","url":"https:\/\/floranixena.it\/en\/product\/bouquet-of-yellow-roses-and-daisies\/","name":"Bouquet yellow roses - FloraNixena","isPartOf":{"@id":"https:\/\/floranixena.it\/en\/#website"},"primaryImageOfPage":{"@id":"https:\/\/floranixena.it\/en\/product\/bouquet-of-yellow-roses-and-daisies\/#primaryimage"},"image":{"@id":"https:\/\/floranixena.it\/en\/product\/bouquet-of-yellow-roses-and-daisies\/#primaryimage"},"thumbnailUrl":"https:\/\/floranixena.it\/wp-content\/uploads\/2018\/12\/mazzo_di_9_rose_gialle_-hypericum_-verde_regalo_per_la_festa_della_mamma_uomo_zii_sorella_anniversario_nozze.jpg","datePublished":"2025-06-05T08:47:55+00:00","dateModified":"2025-09-17T07:09:39+00:00","description":"Bouquet of yellow roses and daisies, to send to a special person, full of joy or for Mother's Day at home","breadcrumb":{"@id":"https:\/\/floranixena.it\/en\/product\/bouquet-of-yellow-roses-and-daisies\/#breadcrumb"},"inLanguage":"en-US","potentialAction":[{"@type":"ReadAction","target":["https:\/\/floranixena.it\/en\/product\/bouquet-of-yellow-roses-and-daisies\/"]}]},{"@type":"ImageObject","inLanguage":"en-US","@id":"https:\/\/floranixena.it\/en\/product\/bouquet-of-yellow-roses-and-daisies\/#primaryimage","url":"https:\/\/floranixena.it\/wp-content\/uploads\/2018\/12\/mazzo_di_9_rose_gialle_-hypericum_-verde_regalo_per_la_festa_della_mamma_uomo_zii_sorella_anniversario_nozze.jpg","contentUrl":"https:\/\/floranixena.it\/wp-content\/uploads\/2018\/12\/mazzo_di_9_rose_gialle_-hypericum_-verde_regalo_per_la_festa_della_mamma_uomo_zii_sorella_anniversario_nozze.jpg","width":800,"height":800,"caption":"Un mazzo che sorride: luce, colore e buonumore in ogni petalo."},{"@type":"BreadcrumbList","@id":"https:\/\/floranixena.it\/en\/product\/bouquet-of-yellow-roses-and-daisies\/#breadcrumb","itemListElement":[{"@type":"ListItem","position":1,"name":"Home","item":"https:\/\/floranixena.it\/en\/"},{"@type":"ListItem","position":2,"name":"Shop","item":"https:\/\/floranixena.it\/en\/shop\/"},{"@type":"ListItem","position":3,"name":"Alba"}]},{"@type":"WebSite","@id":"https:\/\/floranixena.it\/en\/#website","url":"https:\/\/floranixena.it\/en\/","name":"FloraNixena - Consegna fiori a domicilio in Italia","description":"Invia fiori che raccontano storie","publisher":{"@id":"https:\/\/floranixena.it\/en\/#organization"},"alternateName":"FloraNixena.it","potentialAction":[{"@type":"SearchAction","target":{"@type":"EntryPoint","urlTemplate":"https:\/\/floranixena.it\/en\/?s={search_term_string}"},"query-input":{"@type":"PropertyValueSpecification","valueRequired":true,"valueName":"search_term_string"}}],"inLanguage":"en-US"},{"@type":"Organization","@id":"https:\/\/floranixena.it\/en\/#organization","name":"FloraNixena.it - Consegna mazzi di fiori, bouquet e piante a domicilio","url":"https:\/\/floranixena.it\/en\/","logo":{"@type":"ImageObject","inLanguage":"en-US","@id":"https:\/\/floranixena.it\/en\/#\/schema\/logo\/image\/","url":"https:\/\/floranixena.it\/wp-content\/uploads\/2018\/11\/logo-fucsia.png","contentUrl":"https:\/\/floranixena.it\/wp-content\/uploads\/2018\/11\/logo-fucsia.png","width":315,"height":81,"caption":"FloraNixena.it - Consegna mazzi di fiori, bouquet e piante a domicilio"},"image":{"@id":"https:\/\/floranixena.it\/en\/#\/schema\/logo\/image\/"},"sameAs":["https:\/\/www.facebook.com\/FloraNixena\/","https:\/\/www.instagram.com\/floranixena.it\/","https:\/\/www.youtube.com\/channel\/UCAfCWXMBezO96jgPjiUgpkA"],"description":"Chi Siamo? FloraNixena \u00e8 il partner di fiducia per la consegna di fiori freschi a domicilio. Con anni di esperienza nel settore floreale, siamo dedicati a portare la bellezza e la freschezza dei fiori direttamente alla vostra porta. La Nostra Missione La nostra missione \u00e8 trasformare ogni occasione in un momento speciale attraverso la magia dei fiori. Crediamo che un bouquet possa dire pi\u00f9 di mille parole e lavoriamo instancabilmente per assicurarci che ogni consegna porti gioia, amore e bellezza. Cosa Offriamo? Fiori Freschi: Collaboriamo con i migliori fornitori locali per garantire che i nostri fiori siano sempre freschi e di alta qualit\u00e0. Consegna Rapida e Puntuale: Offriamo un servizio di consegna rapido e affidabile, con la possibilit\u00e0 di scegliere la fascia oraria che pi\u00f9 vi conviene. Ampia Selezione: Dalle rose classiche ai bouquet personalizzati, abbiamo una vasta gamma di opzioni per soddisfare ogni gusto e occasione. Assistenza Clienti: Il nostro team \u00e8 sempre a disposizione per assistervi nella scelta del bouquet perfetto e per garantire un'esperienza di acquisto senza intoppi. Perch\u00e9 Sceglierci? Qualit\u00e0 Garantita: Ogni bouquet \u00e8 realizzato con cura dai nostri esperti fioristi, garantendo che ogni composizione sia un'opera d'arte. Servizio Personalizzato: Che sia per un anniversario, un compleanno, una celebrazione o un momento di condoglianza, personalizziamo ogni ordine per rispondere alle vostre esigenze specifiche. Soddisfazione del Cliente: La vostra soddisfazione \u00e8 la nostra priorit\u00e0 assoluta. Facciamo tutto il possibile per assicurarci che ogni consegna superi le vostre aspettative.","email":"amministrazione@floranixena.it","telephone":"3806342394","legalName":"Gaetano Votadoro"}]}},"_links":{"self":[{"href":"https:\/\/floranixena.it\/en\/wp-json\/wp\/v2\/product\/10735","targetHints":{"allow":["GET"]}}],"collection":[{"href":"https:\/\/floranixena.it\/en\/wp-json\/wp\/v2\/product"}],"about":[{"href":"https:\/\/floranixena.it\/en\/wp-json\/wp\/v2\/types\/product"}],"replies":[{"embeddable":true,"href":"https:\/\/floranixena.it\/en\/wp-json\/wp\/v2\/comments?post=10735"}],"wp:featuredmedia":[{"embeddable":true,"href":"https:\/\/floranixena.it\/en\/wp-json\/wp\/v2\/media\/9939"}],"wp:attachment":[{"href":"https:\/\/floranixena.it\/en\/wp-json\/wp\/v2\/media?parent=10735"}],"wp:term":[{"taxonomy":"product_brand","embeddable":true,"href":"https:\/\/floranixena.it\/en\/wp-json\/wp\/v2\/product_brand?post=10735"},{"taxonomy":"product_cat","embeddable":true,"href":"https:\/\/floranixena.it\/en\/wp-json\/wp\/v2\/product_cat?post=10735"},{"taxonomy":"product_tag","embeddable":true,"href":"https:\/\/floranixena.it\/en\/wp-json\/wp\/v2\/product_tag?post=10735"}],"curies":[{"name":"wp","href":"https:\/\/api.w.org\/{rel}","templated":true}]}}