{"id":10721,"date":"2025-12-06T10:49:51","date_gmt":"2025-12-06T09:49:51","guid":{"rendered":"https:\/\/floranixena.it\/product\/tonic-orange-bouquet\/"},"modified":"2025-09-17T09:01:04","modified_gmt":"2025-09-17T07:01:04","slug":"bouquet-of-orange-and-red-gerberas","status":"publish","type":"product","link":"https:\/\/floranixena.it\/en\/product\/bouquet-of-orange-and-red-gerberas\/","title":{"rendered":"Tonic &#8211; Orange bouquet"},"content":{"rendered":"<h1 >Orange and red gerbera bouquet<\/h1>\n<p  style=\"text-align: justify;\">Round bouquet composed with flowers of <strong><a href=\"https:\/\/floranixena.it\/en\/product\/bouquet-of-gerbs-pink-and-red\/\">gerbera <\/a><\/strong>with warm and bright colors&#8230; A floral gift with orange flowers has the vibrant energy of a fiery glow or the soothing hues of a sunset. Orange symbolizes passion and trust.<\/p>\n<p  style=\"text-align: justify;\">Same-day delivery is available, to bring the warm colors of the sunset and dazzle your loved one even from a distance, a beautiful arrangement of <strong><a href=\"https:\/\/floranixena.it\/en\/catalog\/flowers-by-species\/gerberas\/\">gerberas<\/a><\/strong>red and orange gerberas for <strong><a href=\"https:\/\/floranixena.it\/en\/catalog\/thank-you\/?quot;\">thank whoever you want<\/a><\/strong>, also suitable for the <strong><a href=\"https:\/\/floranixena.it\/en\/catalog\/mothers-day\/\">mother&#8217;s day!<\/a><\/strong><\/p>\n<p  style=\"text-align: justify;\">Orange is known to evoke a variety of emotions in people. People tend to love or despise orange, with few people in between. Despite the controversy, fun and bright versions of orange radiate energy and warmth. The color orange has many meanings. In a physical sense, orange is known to stimulate a person&#8217;s appetite as well as his or her activity levels. It is also a shade known to encourage socializing among friends and new acquaintances.<\/p>\n","protected":false},"excerpt":{"rendered":"<ul>\n<li>5 orange gerberas<\/li>\n<li>5 red gerberas<\/li>\n<li>Green decorative<\/li>\n<li>Red bow<\/li>\n<\/ul>\n<p>Vase not included<\/p>\n<p>&nbsp;<\/p>\n","protected":false},"featured_media":9963,"comment_status":"open","ping_status":"closed","template":"","meta":[],"product_brand":[],"product_cat":[2379,2373,2418,2356,2372,2461,2376,2440,2415,2447,2355,2417,2378,2362,2437,2423,2454,2377,2375,2387],"product_tag":[2740,2887,2888,2476,2886,2917,2794],"class_list":{"0":"post-10721","1":"product","2":"type-product","3":"status-publish","4":"has-post-thumbnail","6":"product_cat-apologies","7":"product_cat-as-a-secret-fan","8":"product_cat-autumn-flowers","9":"product_cat-birthday","10":"product_cat-congratulations","11":"product_cat-fathers-day-occasion","12":"product_cat-flowers-for-events","13":"product_cat-for-gay-couples","14":"product_cat-friendship","15":"product_cat-gerberas","16":"product_cat-love-and-romance","17":"product_cat-mothers-day","18":"product_cat-name-day","19":"product_cat-roses","20":"product_cat-spring-flowers","21":"product_cat-summer-flowers","22":"product_cat-thank-you","23":"product_cat-university-degree","24":"product_cat-winter-flowers","25":"product_cat-womens-day","26":"product_tag-autumn","27":"product_tag-autumn-bouquet","28":"product_tag-autumn-flowers","29":"product_tag-gerberas","30":"product_tag-orange-bouquet","31":"product_tag-orange-gerberas","32":"product_tag-red-gerberas","34":"first","35":"instock","36":"shipping-taxable","37":"purchasable","38":"product-type-simple"},"yoast_head":"<!-- This site is optimized with the Yoast SEO Premium plugin v27.4 (Yoast SEO v27.4) - https:\/\/yoast.com\/product\/yoast-seo-premium-wordpress\/ -->\n<title>Orange-red gerberas bouquet - FloraNixena<\/title>\n<meta name=\"description\" content=\"Brighten any occasion with the orange and red gerbera bouquet! A cheerful gift, perfect for birthdays and special moments. Order now on FloraNixena!\" \/>\n<meta name=\"robots\" content=\"index, follow, max-snippet:-1, max-image-preview:large, max-video-preview:-1\" \/>\n<link rel=\"canonical\" href=\"https:\/\/floranixena.it\/en\/product\/bouquet-of-orange-and-red-gerberas\/\" \/>\n<meta property=\"og:locale\" content=\"en_US\" \/>\n<meta property=\"og:type\" content=\"article\" \/>\n<meta property=\"og:title\" content=\"Tonic - Orange bouquet\" \/>\n<meta property=\"og:description\" content=\"5 orange gerberas  5 red gerberas  Green decorative  Red bow  Vase not included  &nbsp;\" \/>\n<meta property=\"og:url\" content=\"https:\/\/floranixena.it\/en\/product\/bouquet-of-orange-and-red-gerberas\/\" \/>\n<meta property=\"og:site_name\" content=\"FloraNixena - flower and plant delivery\" \/>\n<meta property=\"article:publisher\" content=\"https:\/\/www.facebook.com\/FloraNixena\/\" \/>\n<meta property=\"og:image\" content=\"https:\/\/floranixena.it\/wp-content\/uploads\/2018\/12\/Bouquet-di-gerbere-rosse-e-arancio-da-consegnare-a-domicilio.jpg\" \/>\n\t<meta property=\"og:image:width\" content=\"800\" \/>\n\t<meta property=\"og:image:height\" content=\"800\" \/>\n\t<meta property=\"og:image:type\" content=\"image\/jpeg\" \/>\n<meta name=\"twitter:card\" content=\"summary_large_image\" \/>\n<meta name=\"twitter:label1\" content=\"Est. reading time\" \/>\n\t<meta name=\"twitter:data1\" content=\"1 minute\" \/>\n<script type=\"application\/ld+json\" class=\"yoast-schema-graph\">{\"@context\":\"https:\\\/\\\/schema.org\",\"@graph\":[{\"@type\":\"WebPage\",\"@id\":\"https:\\\/\\\/floranixena.it\\\/en\\\/product\\\/bouquet-of-orange-and-red-gerberas\\\/\",\"url\":\"https:\\\/\\\/floranixena.it\\\/en\\\/product\\\/bouquet-of-orange-and-red-gerberas\\\/\",\"name\":\"Orange-red gerberas bouquet - FloraNixena\",\"isPartOf\":{\"@id\":\"https:\\\/\\\/floranixena.it\\\/en\\\/#website\"},\"primaryImageOfPage\":{\"@id\":\"https:\\\/\\\/floranixena.it\\\/en\\\/product\\\/bouquet-of-orange-and-red-gerberas\\\/#primaryimage\"},\"image\":{\"@id\":\"https:\\\/\\\/floranixena.it\\\/en\\\/product\\\/bouquet-of-orange-and-red-gerberas\\\/#primaryimage\"},\"thumbnailUrl\":\"https:\\\/\\\/floranixena.it\\\/wp-content\\\/uploads\\\/2018\\\/12\\\/Bouquet-di-gerbere-rosse-e-arancio-da-consegnare-a-domicilio.jpg\",\"datePublished\":\"2025-12-06T09:49:51+00:00\",\"description\":\"Brighten any occasion with the orange and red gerbera bouquet! A cheerful gift, perfect for birthdays and special moments. Order now on FloraNixena!\",\"breadcrumb\":{\"@id\":\"https:\\\/\\\/floranixena.it\\\/en\\\/product\\\/bouquet-of-orange-and-red-gerberas\\\/#breadcrumb\"},\"inLanguage\":\"en-US\",\"potentialAction\":[{\"@type\":\"ReadAction\",\"target\":[\"https:\\\/\\\/floranixena.it\\\/en\\\/product\\\/bouquet-of-orange-and-red-gerberas\\\/\"]}]},{\"@type\":\"ImageObject\",\"inLanguage\":\"en-US\",\"@id\":\"https:\\\/\\\/floranixena.it\\\/en\\\/product\\\/bouquet-of-orange-and-red-gerberas\\\/#primaryimage\",\"url\":\"https:\\\/\\\/floranixena.it\\\/wp-content\\\/uploads\\\/2018\\\/12\\\/Bouquet-di-gerbere-rosse-e-arancio-da-consegnare-a-domicilio.jpg\",\"contentUrl\":\"https:\\\/\\\/floranixena.it\\\/wp-content\\\/uploads\\\/2018\\\/12\\\/Bouquet-di-gerbere-rosse-e-arancio-da-consegnare-a-domicilio.jpg\",\"width\":800,\"height\":800,\"caption\":\"Un mazzo che sorride: colori caldi per emozioni luminose.\"},{\"@type\":\"BreadcrumbList\",\"@id\":\"https:\\\/\\\/floranixena.it\\\/en\\\/product\\\/bouquet-of-orange-and-red-gerberas\\\/#breadcrumb\",\"itemListElement\":[{\"@type\":\"ListItem\",\"position\":1,\"name\":\"Home\",\"item\":\"https:\\\/\\\/floranixena.it\\\/en\\\/\"},{\"@type\":\"ListItem\",\"position\":2,\"name\":\"Shop\",\"item\":\"https:\\\/\\\/floranixena.it\\\/en\\\/shop\\\/\"},{\"@type\":\"ListItem\",\"position\":3,\"name\":\"Tonic &#8211; Orange bouquet\"}]},{\"@type\":\"WebSite\",\"@id\":\"https:\\\/\\\/floranixena.it\\\/en\\\/#website\",\"url\":\"https:\\\/\\\/floranixena.it\\\/en\\\/\",\"name\":\"FloraNixena - Consegna fiori a domicilio in Italia\",\"description\":\"Invia fiori che raccontano storie\",\"publisher\":{\"@id\":\"https:\\\/\\\/floranixena.it\\\/en\\\/#organization\"},\"alternateName\":\"FloraNixena.it\",\"potentialAction\":[{\"@type\":\"SearchAction\",\"target\":{\"@type\":\"EntryPoint\",\"urlTemplate\":\"https:\\\/\\\/floranixena.it\\\/en\\\/?s={search_term_string}\"},\"query-input\":{\"@type\":\"PropertyValueSpecification\",\"valueRequired\":true,\"valueName\":\"search_term_string\"}}],\"inLanguage\":\"en-US\"},{\"@type\":\"Organization\",\"@id\":\"https:\\\/\\\/floranixena.it\\\/en\\\/#organization\",\"name\":\"FloraNixena.it - Consegna mazzi di fiori, bouquet e piante a domicilio\",\"url\":\"https:\\\/\\\/floranixena.it\\\/en\\\/\",\"logo\":{\"@type\":\"ImageObject\",\"inLanguage\":\"en-US\",\"@id\":\"https:\\\/\\\/floranixena.it\\\/en\\\/#\\\/schema\\\/logo\\\/image\\\/\",\"url\":\"https:\\\/\\\/floranixena.it\\\/wp-content\\\/uploads\\\/2018\\\/11\\\/logo-fucsia.png\",\"contentUrl\":\"https:\\\/\\\/floranixena.it\\\/wp-content\\\/uploads\\\/2018\\\/11\\\/logo-fucsia.png\",\"width\":315,\"height\":81,\"caption\":\"FloraNixena.it - Consegna mazzi di fiori, bouquet e piante a domicilio\"},\"image\":{\"@id\":\"https:\\\/\\\/floranixena.it\\\/en\\\/#\\\/schema\\\/logo\\\/image\\\/\"},\"sameAs\":[\"https:\\\/\\\/www.facebook.com\\\/FloraNixena\\\/\",\"https:\\\/\\\/www.instagram.com\\\/floranixena.it\\\/\",\"https:\\\/\\\/www.youtube.com\\\/channel\\\/UCAfCWXMBezO96jgPjiUgpkA\"],\"description\":\"Chi Siamo? FloraNixena \u00e8 il partner di fiducia per la consegna di fiori freschi a domicilio. Con anni di esperienza nel settore floreale, siamo dedicati a portare la bellezza e la freschezza dei fiori direttamente alla vostra porta. La Nostra Missione La nostra missione \u00e8 trasformare ogni occasione in un momento speciale attraverso la magia dei fiori. Crediamo che un bouquet possa dire pi\u00f9 di mille parole e lavoriamo instancabilmente per assicurarci che ogni consegna porti gioia, amore e bellezza. Cosa Offriamo? Fiori Freschi: Collaboriamo con i migliori fornitori locali per garantire che i nostri fiori siano sempre freschi e di alta qualit\u00e0. Consegna Rapida e Puntuale: Offriamo un servizio di consegna rapido e affidabile, con la possibilit\u00e0 di scegliere la fascia oraria che pi\u00f9 vi conviene. Ampia Selezione: Dalle rose classiche ai bouquet personalizzati, abbiamo una vasta gamma di opzioni per soddisfare ogni gusto e occasione. Assistenza Clienti: Il nostro team \u00e8 sempre a disposizione per assistervi nella scelta del bouquet perfetto e per garantire un'esperienza di acquisto senza intoppi. Perch\u00e9 Sceglierci? Qualit\u00e0 Garantita: Ogni bouquet \u00e8 realizzato con cura dai nostri esperti fioristi, garantendo che ogni composizione sia un'opera d'arte. Servizio Personalizzato: Che sia per un anniversario, un compleanno, una celebrazione o un momento di condoglianza, personalizziamo ogni ordine per rispondere alle vostre esigenze specifiche. Soddisfazione del Cliente: La vostra soddisfazione \u00e8 la nostra priorit\u00e0 assoluta. Facciamo tutto il possibile per assicurarci che ogni consegna superi le vostre aspettative.\",\"email\":\"amministrazione@floranixena.it\",\"telephone\":\"3806342394\",\"legalName\":\"Gaetano Votadoro\"}]}<\/script>\n<!-- \/ Yoast SEO Premium plugin. -->","yoast_head_json":{"title":"Orange-red gerberas bouquet - FloraNixena","description":"Brighten any occasion with the orange and red gerbera bouquet! A cheerful gift, perfect for birthdays and special moments. Order now on FloraNixena!","robots":{"index":"index","follow":"follow","max-snippet":"max-snippet:-1","max-image-preview":"max-image-preview:large","max-video-preview":"max-video-preview:-1"},"canonical":"https:\/\/floranixena.it\/en\/product\/bouquet-of-orange-and-red-gerberas\/","og_locale":"en_US","og_type":"article","og_title":"Tonic - Orange bouquet","og_description":"5 orange gerberas  5 red gerberas  Green decorative  Red bow  Vase not included  &nbsp;","og_url":"https:\/\/floranixena.it\/en\/product\/bouquet-of-orange-and-red-gerberas\/","og_site_name":"FloraNixena - flower and plant delivery","article_publisher":"https:\/\/www.facebook.com\/FloraNixena\/","og_image":[{"width":800,"height":800,"url":"https:\/\/floranixena.it\/wp-content\/uploads\/2018\/12\/Bouquet-di-gerbere-rosse-e-arancio-da-consegnare-a-domicilio.jpg","type":"image\/jpeg"}],"twitter_card":"summary_large_image","twitter_misc":{"Est. reading time":"1 minute"},"schema":{"@context":"https:\/\/schema.org","@graph":[{"@type":"WebPage","@id":"https:\/\/floranixena.it\/en\/product\/bouquet-of-orange-and-red-gerberas\/","url":"https:\/\/floranixena.it\/en\/product\/bouquet-of-orange-and-red-gerberas\/","name":"Orange-red gerberas bouquet - FloraNixena","isPartOf":{"@id":"https:\/\/floranixena.it\/en\/#website"},"primaryImageOfPage":{"@id":"https:\/\/floranixena.it\/en\/product\/bouquet-of-orange-and-red-gerberas\/#primaryimage"},"image":{"@id":"https:\/\/floranixena.it\/en\/product\/bouquet-of-orange-and-red-gerberas\/#primaryimage"},"thumbnailUrl":"https:\/\/floranixena.it\/wp-content\/uploads\/2018\/12\/Bouquet-di-gerbere-rosse-e-arancio-da-consegnare-a-domicilio.jpg","datePublished":"2025-12-06T09:49:51+00:00","description":"Brighten any occasion with the orange and red gerbera bouquet! A cheerful gift, perfect for birthdays and special moments. Order now on FloraNixena!","breadcrumb":{"@id":"https:\/\/floranixena.it\/en\/product\/bouquet-of-orange-and-red-gerberas\/#breadcrumb"},"inLanguage":"en-US","potentialAction":[{"@type":"ReadAction","target":["https:\/\/floranixena.it\/en\/product\/bouquet-of-orange-and-red-gerberas\/"]}]},{"@type":"ImageObject","inLanguage":"en-US","@id":"https:\/\/floranixena.it\/en\/product\/bouquet-of-orange-and-red-gerberas\/#primaryimage","url":"https:\/\/floranixena.it\/wp-content\/uploads\/2018\/12\/Bouquet-di-gerbere-rosse-e-arancio-da-consegnare-a-domicilio.jpg","contentUrl":"https:\/\/floranixena.it\/wp-content\/uploads\/2018\/12\/Bouquet-di-gerbere-rosse-e-arancio-da-consegnare-a-domicilio.jpg","width":800,"height":800,"caption":"Un mazzo che sorride: colori caldi per emozioni luminose."},{"@type":"BreadcrumbList","@id":"https:\/\/floranixena.it\/en\/product\/bouquet-of-orange-and-red-gerberas\/#breadcrumb","itemListElement":[{"@type":"ListItem","position":1,"name":"Home","item":"https:\/\/floranixena.it\/en\/"},{"@type":"ListItem","position":2,"name":"Shop","item":"https:\/\/floranixena.it\/en\/shop\/"},{"@type":"ListItem","position":3,"name":"Tonic &#8211; Orange bouquet"}]},{"@type":"WebSite","@id":"https:\/\/floranixena.it\/en\/#website","url":"https:\/\/floranixena.it\/en\/","name":"FloraNixena - Consegna fiori a domicilio in Italia","description":"Invia fiori che raccontano storie","publisher":{"@id":"https:\/\/floranixena.it\/en\/#organization"},"alternateName":"FloraNixena.it","potentialAction":[{"@type":"SearchAction","target":{"@type":"EntryPoint","urlTemplate":"https:\/\/floranixena.it\/en\/?s={search_term_string}"},"query-input":{"@type":"PropertyValueSpecification","valueRequired":true,"valueName":"search_term_string"}}],"inLanguage":"en-US"},{"@type":"Organization","@id":"https:\/\/floranixena.it\/en\/#organization","name":"FloraNixena.it - Consegna mazzi di fiori, bouquet e piante a domicilio","url":"https:\/\/floranixena.it\/en\/","logo":{"@type":"ImageObject","inLanguage":"en-US","@id":"https:\/\/floranixena.it\/en\/#\/schema\/logo\/image\/","url":"https:\/\/floranixena.it\/wp-content\/uploads\/2018\/11\/logo-fucsia.png","contentUrl":"https:\/\/floranixena.it\/wp-content\/uploads\/2018\/11\/logo-fucsia.png","width":315,"height":81,"caption":"FloraNixena.it - Consegna mazzi di fiori, bouquet e piante a domicilio"},"image":{"@id":"https:\/\/floranixena.it\/en\/#\/schema\/logo\/image\/"},"sameAs":["https:\/\/www.facebook.com\/FloraNixena\/","https:\/\/www.instagram.com\/floranixena.it\/","https:\/\/www.youtube.com\/channel\/UCAfCWXMBezO96jgPjiUgpkA"],"description":"Chi Siamo? FloraNixena \u00e8 il partner di fiducia per la consegna di fiori freschi a domicilio. Con anni di esperienza nel settore floreale, siamo dedicati a portare la bellezza e la freschezza dei fiori direttamente alla vostra porta. La Nostra Missione La nostra missione \u00e8 trasformare ogni occasione in un momento speciale attraverso la magia dei fiori. Crediamo che un bouquet possa dire pi\u00f9 di mille parole e lavoriamo instancabilmente per assicurarci che ogni consegna porti gioia, amore e bellezza. Cosa Offriamo? Fiori Freschi: Collaboriamo con i migliori fornitori locali per garantire che i nostri fiori siano sempre freschi e di alta qualit\u00e0. Consegna Rapida e Puntuale: Offriamo un servizio di consegna rapido e affidabile, con la possibilit\u00e0 di scegliere la fascia oraria che pi\u00f9 vi conviene. Ampia Selezione: Dalle rose classiche ai bouquet personalizzati, abbiamo una vasta gamma di opzioni per soddisfare ogni gusto e occasione. Assistenza Clienti: Il nostro team \u00e8 sempre a disposizione per assistervi nella scelta del bouquet perfetto e per garantire un'esperienza di acquisto senza intoppi. Perch\u00e9 Sceglierci? Qualit\u00e0 Garantita: Ogni bouquet \u00e8 realizzato con cura dai nostri esperti fioristi, garantendo che ogni composizione sia un'opera d'arte. Servizio Personalizzato: Che sia per un anniversario, un compleanno, una celebrazione o un momento di condoglianza, personalizziamo ogni ordine per rispondere alle vostre esigenze specifiche. Soddisfazione del Cliente: La vostra soddisfazione \u00e8 la nostra priorit\u00e0 assoluta. Facciamo tutto il possibile per assicurarci che ogni consegna superi le vostre aspettative.","email":"amministrazione@floranixena.it","telephone":"3806342394","legalName":"Gaetano Votadoro"}]}},"_links":{"self":[{"href":"https:\/\/floranixena.it\/en\/wp-json\/wp\/v2\/product\/10721","targetHints":{"allow":["GET"]}}],"collection":[{"href":"https:\/\/floranixena.it\/en\/wp-json\/wp\/v2\/product"}],"about":[{"href":"https:\/\/floranixena.it\/en\/wp-json\/wp\/v2\/types\/product"}],"replies":[{"embeddable":true,"href":"https:\/\/floranixena.it\/en\/wp-json\/wp\/v2\/comments?post=10721"}],"wp:featuredmedia":[{"embeddable":true,"href":"https:\/\/floranixena.it\/en\/wp-json\/wp\/v2\/media\/9963"}],"wp:attachment":[{"href":"https:\/\/floranixena.it\/en\/wp-json\/wp\/v2\/media?parent=10721"}],"wp:term":[{"taxonomy":"product_brand","embeddable":true,"href":"https:\/\/floranixena.it\/en\/wp-json\/wp\/v2\/product_brand?post=10721"},{"taxonomy":"product_cat","embeddable":true,"href":"https:\/\/floranixena.it\/en\/wp-json\/wp\/v2\/product_cat?post=10721"},{"taxonomy":"product_tag","embeddable":true,"href":"https:\/\/floranixena.it\/en\/wp-json\/wp\/v2\/product_tag?post=10721"}],"curies":[{"name":"wp","href":"https:\/\/api.w.org\/{rel}","templated":true}]}}