{"id":10683,"date":"2025-07-31T14:14:38","date_gmt":"2025-07-31T12:14:38","guid":{"rendered":"https:\/\/floranixena.it\/product\/pink-fuchsia-rose-bouquet\/"},"modified":"2025-08-13T11:57:54","modified_gmt":"2025-08-13T09:57:54","slug":"bunch-of-pink-and-fuchsia","status":"publish","type":"product","link":"https:\/\/floranixena.it\/en\/product\/bunch-of-pink-and-fuchsia\/","title":{"rendered":"Pink &amp; Fuchsia Rose Bouquet"},"content":{"rendered":"<p>Surprise your <a href=\"https:\/\/floranixena.it\/en\/catalog\/flowers-for-events\/birthday\/for-mom\/\" target=\"_blank\" rel=\"noopener\"><strong>mother <\/strong><\/a>or wife with a<em><strong> beautiful bouquet of fuchsia roses and seasonal roses and flowers<\/strong><\/em><\/p>\n<p>If you want to give a truly special gift to your mother or wife, a bouquet of fuchsia and pink roses with seasonal flowers is the perfect choice. This beautiful bouquet of flowers not only catches the eye with its bright and delicate colors, but also conveys a message of love, affection and appreciation. <\/p>\n<p>Fuchsia and pink roses are the heart of this bouquet. Fuchsia roses represent gratitude, admiration and gratitude, while pink roses are a symbol of sweetness, joy and admiration. The combination of these two colors creates a visual contrast that enchants anyone who looks at it. Each flower is carefully selected to ensure freshness and long-lasting beauty, making this bouquet a true floral masterpiece.   <\/p>\n<p>Seasonal flowers add a unique and varied touch to the <a href=\"https:\/\/floranixena.it\/en\/prodotto\/bouquet-of-red-roses-and-gypsophila\/\" target=\"_blank\" rel=\"noopener\"><strong>bouquet<\/strong><\/a>, bringing with them the typical scents and colors of the period. These flowers, chosen based on their availability and beauty, enrich the bouquet with different textures and shades, creating a harmonious and natural effect. The inclusion of seasonal flowers not only enhances the beauty of the roses, but also adds an element of surprise and novelty, making each bouquet unique and special.  <\/p>\n<p>Giving a bouquet of fuchsia and pink roses with seasonal flowers is a gesture that goes beyond the simple gift. It is a way to express deep and personal feelings, to say &#8220;<a href=\"https:\/\/floranixena.it\/en\/prodotto\/roses-prosecco-and-luxury-chocolates\/\" target=\"_blank\" rel=\"noopener\"><strong>I love you<\/strong><\/a>&#8220;, &#8220;I appreciate you&#8221; or &#8220;thank you for always being present&#8221;. It is a gift that speaks the language of flowers, capable of touching the heart and creating an<strong> unforgettable memory.<\/strong>  <\/p>\n<p>Whether it&#8217;s Mother&#8217;s Day, an anniversary, a birthday or simply to say <a href=\"https:\/\/floranixena.it\/en\/prodotto\/bouquet-of-gerberas-and-red-roses\/\" target=\"_blank\" rel=\"noopener\"><strong>&#8220;I love you&#8221;,<\/strong><\/a> this bouquet is the ideal choice. With its combination of elegance and naturalness, it will surprise and delight anyone who receives it. <\/p>\n","protected":false},"excerpt":{"rendered":"<ul>\n<li>5 fuchsia roses<\/li>\n<li>5 Pink Roses<\/li>\n<li>Decoration with Clustered Roses<\/li>\n<li>Decorative leaves<\/li>\n<li><span style=\"color: #339966;\"><strong>Shipping is free in this bouquet<\/strong><\/span><\/li>\n<\/ul>\n<p>Vase not included<\/p>\n","protected":false},"featured_media":9908,"comment_status":"open","ping_status":"closed","template":"","meta":[],"product_brand":[],"product_cat":[2371,2418,2356,2372,2462,2376,2459,2460,2456,2420,2457,2455,2415,2436,2355,2417,2378,2358,2362,2419,2437,2423,2454,2458,2375,2387],"product_tag":[2883,2781,2422,2783],"class_list":{"0":"post-10683","1":"product","2":"type-product","3":"status-publish","4":"has-post-thumbnail","6":"product_cat-anniversary","7":"product_cat-autumn-flowers","8":"product_cat-birthday","9":"product_cat-congratulations","10":"product_cat-easter-occasion","11":"product_cat-flowers-for-events","12":"product_cat-for-a-co-worker-birthday","13":"product_cat-for-a-man-birthday","14":"product_cat-for-grandparents","15":"product_cat-for-mom","16":"product_cat-for-the-sister","17":"product_cat-for-uncles","18":"product_cat-friendship","19":"product_cat-its-a-girl","20":"product_cat-love-and-romance","21":"product_cat-mothers-day","22":"product_cat-name-day","23":"product_cat-occasion","24":"product_cat-roses","25":"product_cat-seasonal-flowers","26":"product_cat-spring-flowers","27":"product_cat-summer-flowers","28":"product_cat-thank-you","29":"product_cat-to-a-friend","30":"product_cat-winter-flowers","31":"product_cat-womens-day","32":"product_tag-anniversary","33":"product_tag-bouquet-of-roses","34":"product_tag-fuchsia-roses","35":"product_tag-pink-roses","37":"first","38":"instock","39":"shipping-taxable","40":"purchasable","41":"product-type-simple"},"yoast_head":"<!-- This site is optimized with the Yoast SEO Premium plugin v27.4 (Yoast SEO v27.4) - https:\/\/yoast.com\/product\/yoast-seo-premium-wordpress\/ -->\n<title>Pink and Fuchsia Rose Bouquet - FloraNixena Flowers at Home<\/title>\n<meta name=\"description\" content=\"Composition of pink roses and fuchsia roses to make a gift for mom, online rose sale for sister. Congratulatory flowers.\" \/>\n<meta name=\"robots\" content=\"index, follow, max-snippet:-1, max-image-preview:large, max-video-preview:-1\" \/>\n<link rel=\"canonical\" href=\"https:\/\/floranixena.it\/en\/product\/bunch-of-pink-and-fuchsia\/\" \/>\n<meta property=\"og:locale\" content=\"en_US\" \/>\n<meta property=\"og:type\" content=\"article\" \/>\n<meta property=\"og:title\" content=\"Pink &amp; Fuchsia Rose Bouquet\" \/>\n<meta property=\"og:description\" content=\"5 fuchsia roses  5 Pink Roses  Decoration with Clustered Roses  Decorative leaves  Shipping is free in this bouquet Vase not included\" \/>\n<meta property=\"og:url\" content=\"https:\/\/floranixena.it\/en\/product\/bunch-of-pink-and-fuchsia\/\" \/>\n<meta property=\"og:site_name\" content=\"FloraNixena - flower and plant delivery\" \/>\n<meta property=\"article:publisher\" content=\"https:\/\/www.facebook.com\/FloraNixena\/\" \/>\n<meta property=\"article:modified_time\" content=\"2025-08-13T09:57:54+00:00\" \/>\n<meta property=\"og:image\" content=\"https:\/\/floranixena.it\/wp-content\/uploads\/2019\/05\/mazzo_di_fiori_di_stagione-Vendita-Rose-rosa-e-Rose-rosa-per-la-Sorella.Fiori-per-Gratificare-e-Mazzi-di-Rose-per-augurare-un.jpg\" \/>\n\t<meta property=\"og:image:width\" content=\"800\" \/>\n\t<meta property=\"og:image:height\" content=\"800\" \/>\n\t<meta property=\"og:image:type\" content=\"image\/jpeg\" \/>\n<meta name=\"twitter:card\" content=\"summary_large_image\" \/>\n<meta name=\"twitter:label1\" content=\"Est. reading time\" \/>\n\t<meta name=\"twitter:data1\" content=\"1 minute\" \/>\n<script type=\"application\/ld+json\" class=\"yoast-schema-graph\">{\"@context\":\"https:\\\/\\\/schema.org\",\"@graph\":[{\"@type\":\"WebPage\",\"@id\":\"https:\\\/\\\/floranixena.it\\\/en\\\/product\\\/bunch-of-pink-and-fuchsia\\\/\",\"url\":\"https:\\\/\\\/floranixena.it\\\/en\\\/product\\\/bunch-of-pink-and-fuchsia\\\/\",\"name\":\"Pink and Fuchsia Rose Bouquet - FloraNixena Flowers at Home\",\"isPartOf\":{\"@id\":\"https:\\\/\\\/floranixena.it\\\/en\\\/#website\"},\"primaryImageOfPage\":{\"@id\":\"https:\\\/\\\/floranixena.it\\\/en\\\/product\\\/bunch-of-pink-and-fuchsia\\\/#primaryimage\"},\"image\":{\"@id\":\"https:\\\/\\\/floranixena.it\\\/en\\\/product\\\/bunch-of-pink-and-fuchsia\\\/#primaryimage\"},\"thumbnailUrl\":\"https:\\\/\\\/floranixena.it\\\/wp-content\\\/uploads\\\/2019\\\/05\\\/mazzo_di_fiori_di_stagione-Vendita-Rose-rosa-e-Rose-rosa-per-la-Sorella.Fiori-per-Gratificare-e-Mazzi-di-Rose-per-augurare-un.jpg\",\"datePublished\":\"2025-07-31T12:14:38+00:00\",\"dateModified\":\"2025-08-13T09:57:54+00:00\",\"description\":\"Composition of pink roses and fuchsia roses to make a gift for mom, online rose sale for sister. Congratulatory flowers.\",\"breadcrumb\":{\"@id\":\"https:\\\/\\\/floranixena.it\\\/en\\\/product\\\/bunch-of-pink-and-fuchsia\\\/#breadcrumb\"},\"inLanguage\":\"en-US\",\"potentialAction\":[{\"@type\":\"ReadAction\",\"target\":[\"https:\\\/\\\/floranixena.it\\\/en\\\/product\\\/bunch-of-pink-and-fuchsia\\\/\"]}]},{\"@type\":\"ImageObject\",\"inLanguage\":\"en-US\",\"@id\":\"https:\\\/\\\/floranixena.it\\\/en\\\/product\\\/bunch-of-pink-and-fuchsia\\\/#primaryimage\",\"url\":\"https:\\\/\\\/floranixena.it\\\/wp-content\\\/uploads\\\/2019\\\/05\\\/mazzo_di_fiori_di_stagione-Vendita-Rose-rosa-e-Rose-rosa-per-la-Sorella.Fiori-per-Gratificare-e-Mazzi-di-Rose-per-augurare-un.jpg\",\"contentUrl\":\"https:\\\/\\\/floranixena.it\\\/wp-content\\\/uploads\\\/2019\\\/05\\\/mazzo_di_fiori_di_stagione-Vendita-Rose-rosa-e-Rose-rosa-per-la-Sorella.Fiori-per-Gratificare-e-Mazzi-di-Rose-per-augurare-un.jpg\",\"width\":800,\"height\":800,\"caption\":\"Un raffinato bouquet firmato FloraNixena, con rose dai toni fucsia, blush e avorio, simbolo di eleganza e sentimento.\"},{\"@type\":\"BreadcrumbList\",\"@id\":\"https:\\\/\\\/floranixena.it\\\/en\\\/product\\\/bunch-of-pink-and-fuchsia\\\/#breadcrumb\",\"itemListElement\":[{\"@type\":\"ListItem\",\"position\":1,\"name\":\"Home\",\"item\":\"https:\\\/\\\/floranixena.it\\\/en\\\/\"},{\"@type\":\"ListItem\",\"position\":2,\"name\":\"Shop\",\"item\":\"https:\\\/\\\/floranixena.it\\\/en\\\/shop\\\/\"},{\"@type\":\"ListItem\",\"position\":3,\"name\":\"Pink &amp; Fuchsia Rose Bouquet\"}]},{\"@type\":\"WebSite\",\"@id\":\"https:\\\/\\\/floranixena.it\\\/en\\\/#website\",\"url\":\"https:\\\/\\\/floranixena.it\\\/en\\\/\",\"name\":\"FloraNixena - Consegna fiori a domicilio in Italia\",\"description\":\"Invia fiori che raccontano storie\",\"publisher\":{\"@id\":\"https:\\\/\\\/floranixena.it\\\/en\\\/#organization\"},\"alternateName\":\"FloraNixena.it\",\"potentialAction\":[{\"@type\":\"SearchAction\",\"target\":{\"@type\":\"EntryPoint\",\"urlTemplate\":\"https:\\\/\\\/floranixena.it\\\/en\\\/?s={search_term_string}\"},\"query-input\":{\"@type\":\"PropertyValueSpecification\",\"valueRequired\":true,\"valueName\":\"search_term_string\"}}],\"inLanguage\":\"en-US\"},{\"@type\":\"Organization\",\"@id\":\"https:\\\/\\\/floranixena.it\\\/en\\\/#organization\",\"name\":\"FloraNixena.it - Consegna mazzi di fiori, bouquet e piante a domicilio\",\"url\":\"https:\\\/\\\/floranixena.it\\\/en\\\/\",\"logo\":{\"@type\":\"ImageObject\",\"inLanguage\":\"en-US\",\"@id\":\"https:\\\/\\\/floranixena.it\\\/en\\\/#\\\/schema\\\/logo\\\/image\\\/\",\"url\":\"https:\\\/\\\/floranixena.it\\\/wp-content\\\/uploads\\\/2018\\\/11\\\/logo-fucsia.png\",\"contentUrl\":\"https:\\\/\\\/floranixena.it\\\/wp-content\\\/uploads\\\/2018\\\/11\\\/logo-fucsia.png\",\"width\":315,\"height\":81,\"caption\":\"FloraNixena.it - Consegna mazzi di fiori, bouquet e piante a domicilio\"},\"image\":{\"@id\":\"https:\\\/\\\/floranixena.it\\\/en\\\/#\\\/schema\\\/logo\\\/image\\\/\"},\"sameAs\":[\"https:\\\/\\\/www.facebook.com\\\/FloraNixena\\\/\",\"https:\\\/\\\/www.instagram.com\\\/floranixena.it\\\/\",\"https:\\\/\\\/www.youtube.com\\\/channel\\\/UCAfCWXMBezO96jgPjiUgpkA\"],\"description\":\"Chi Siamo? FloraNixena \u00e8 il partner di fiducia per la consegna di fiori freschi a domicilio. Con anni di esperienza nel settore floreale, siamo dedicati a portare la bellezza e la freschezza dei fiori direttamente alla vostra porta. La Nostra Missione La nostra missione \u00e8 trasformare ogni occasione in un momento speciale attraverso la magia dei fiori. Crediamo che un bouquet possa dire pi\u00f9 di mille parole e lavoriamo instancabilmente per assicurarci che ogni consegna porti gioia, amore e bellezza. Cosa Offriamo? Fiori Freschi: Collaboriamo con i migliori fornitori locali per garantire che i nostri fiori siano sempre freschi e di alta qualit\u00e0. Consegna Rapida e Puntuale: Offriamo un servizio di consegna rapido e affidabile, con la possibilit\u00e0 di scegliere la fascia oraria che pi\u00f9 vi conviene. Ampia Selezione: Dalle rose classiche ai bouquet personalizzati, abbiamo una vasta gamma di opzioni per soddisfare ogni gusto e occasione. Assistenza Clienti: Il nostro team \u00e8 sempre a disposizione per assistervi nella scelta del bouquet perfetto e per garantire un'esperienza di acquisto senza intoppi. Perch\u00e9 Sceglierci? Qualit\u00e0 Garantita: Ogni bouquet \u00e8 realizzato con cura dai nostri esperti fioristi, garantendo che ogni composizione sia un'opera d'arte. Servizio Personalizzato: Che sia per un anniversario, un compleanno, una celebrazione o un momento di condoglianza, personalizziamo ogni ordine per rispondere alle vostre esigenze specifiche. Soddisfazione del Cliente: La vostra soddisfazione \u00e8 la nostra priorit\u00e0 assoluta. Facciamo tutto il possibile per assicurarci che ogni consegna superi le vostre aspettative.\",\"email\":\"amministrazione@floranixena.it\",\"telephone\":\"3806342394\",\"legalName\":\"Gaetano Votadoro\"}]}<\/script>\n<!-- \/ Yoast SEO Premium plugin. -->","yoast_head_json":{"title":"Pink and Fuchsia Rose Bouquet - FloraNixena Flowers at Home","description":"Composition of pink roses and fuchsia roses to make a gift for mom, online rose sale for sister. Congratulatory flowers.","robots":{"index":"index","follow":"follow","max-snippet":"max-snippet:-1","max-image-preview":"max-image-preview:large","max-video-preview":"max-video-preview:-1"},"canonical":"https:\/\/floranixena.it\/en\/product\/bunch-of-pink-and-fuchsia\/","og_locale":"en_US","og_type":"article","og_title":"Pink &amp; Fuchsia Rose Bouquet","og_description":"5 fuchsia roses  5 Pink Roses  Decoration with Clustered Roses  Decorative leaves  Shipping is free in this bouquet Vase not included","og_url":"https:\/\/floranixena.it\/en\/product\/bunch-of-pink-and-fuchsia\/","og_site_name":"FloraNixena - flower and plant delivery","article_publisher":"https:\/\/www.facebook.com\/FloraNixena\/","article_modified_time":"2025-08-13T09:57:54+00:00","og_image":[{"width":800,"height":800,"url":"https:\/\/floranixena.it\/wp-content\/uploads\/2019\/05\/mazzo_di_fiori_di_stagione-Vendita-Rose-rosa-e-Rose-rosa-per-la-Sorella.Fiori-per-Gratificare-e-Mazzi-di-Rose-per-augurare-un.jpg","type":"image\/jpeg"}],"twitter_card":"summary_large_image","twitter_misc":{"Est. reading time":"1 minute"},"schema":{"@context":"https:\/\/schema.org","@graph":[{"@type":"WebPage","@id":"https:\/\/floranixena.it\/en\/product\/bunch-of-pink-and-fuchsia\/","url":"https:\/\/floranixena.it\/en\/product\/bunch-of-pink-and-fuchsia\/","name":"Pink and Fuchsia Rose Bouquet - FloraNixena Flowers at Home","isPartOf":{"@id":"https:\/\/floranixena.it\/en\/#website"},"primaryImageOfPage":{"@id":"https:\/\/floranixena.it\/en\/product\/bunch-of-pink-and-fuchsia\/#primaryimage"},"image":{"@id":"https:\/\/floranixena.it\/en\/product\/bunch-of-pink-and-fuchsia\/#primaryimage"},"thumbnailUrl":"https:\/\/floranixena.it\/wp-content\/uploads\/2019\/05\/mazzo_di_fiori_di_stagione-Vendita-Rose-rosa-e-Rose-rosa-per-la-Sorella.Fiori-per-Gratificare-e-Mazzi-di-Rose-per-augurare-un.jpg","datePublished":"2025-07-31T12:14:38+00:00","dateModified":"2025-08-13T09:57:54+00:00","description":"Composition of pink roses and fuchsia roses to make a gift for mom, online rose sale for sister. Congratulatory flowers.","breadcrumb":{"@id":"https:\/\/floranixena.it\/en\/product\/bunch-of-pink-and-fuchsia\/#breadcrumb"},"inLanguage":"en-US","potentialAction":[{"@type":"ReadAction","target":["https:\/\/floranixena.it\/en\/product\/bunch-of-pink-and-fuchsia\/"]}]},{"@type":"ImageObject","inLanguage":"en-US","@id":"https:\/\/floranixena.it\/en\/product\/bunch-of-pink-and-fuchsia\/#primaryimage","url":"https:\/\/floranixena.it\/wp-content\/uploads\/2019\/05\/mazzo_di_fiori_di_stagione-Vendita-Rose-rosa-e-Rose-rosa-per-la-Sorella.Fiori-per-Gratificare-e-Mazzi-di-Rose-per-augurare-un.jpg","contentUrl":"https:\/\/floranixena.it\/wp-content\/uploads\/2019\/05\/mazzo_di_fiori_di_stagione-Vendita-Rose-rosa-e-Rose-rosa-per-la-Sorella.Fiori-per-Gratificare-e-Mazzi-di-Rose-per-augurare-un.jpg","width":800,"height":800,"caption":"Un raffinato bouquet firmato FloraNixena, con rose dai toni fucsia, blush e avorio, simbolo di eleganza e sentimento."},{"@type":"BreadcrumbList","@id":"https:\/\/floranixena.it\/en\/product\/bunch-of-pink-and-fuchsia\/#breadcrumb","itemListElement":[{"@type":"ListItem","position":1,"name":"Home","item":"https:\/\/floranixena.it\/en\/"},{"@type":"ListItem","position":2,"name":"Shop","item":"https:\/\/floranixena.it\/en\/shop\/"},{"@type":"ListItem","position":3,"name":"Pink &amp; Fuchsia Rose Bouquet"}]},{"@type":"WebSite","@id":"https:\/\/floranixena.it\/en\/#website","url":"https:\/\/floranixena.it\/en\/","name":"FloraNixena - Consegna fiori a domicilio in Italia","description":"Invia fiori che raccontano storie","publisher":{"@id":"https:\/\/floranixena.it\/en\/#organization"},"alternateName":"FloraNixena.it","potentialAction":[{"@type":"SearchAction","target":{"@type":"EntryPoint","urlTemplate":"https:\/\/floranixena.it\/en\/?s={search_term_string}"},"query-input":{"@type":"PropertyValueSpecification","valueRequired":true,"valueName":"search_term_string"}}],"inLanguage":"en-US"},{"@type":"Organization","@id":"https:\/\/floranixena.it\/en\/#organization","name":"FloraNixena.it - Consegna mazzi di fiori, bouquet e piante a domicilio","url":"https:\/\/floranixena.it\/en\/","logo":{"@type":"ImageObject","inLanguage":"en-US","@id":"https:\/\/floranixena.it\/en\/#\/schema\/logo\/image\/","url":"https:\/\/floranixena.it\/wp-content\/uploads\/2018\/11\/logo-fucsia.png","contentUrl":"https:\/\/floranixena.it\/wp-content\/uploads\/2018\/11\/logo-fucsia.png","width":315,"height":81,"caption":"FloraNixena.it - Consegna mazzi di fiori, bouquet e piante a domicilio"},"image":{"@id":"https:\/\/floranixena.it\/en\/#\/schema\/logo\/image\/"},"sameAs":["https:\/\/www.facebook.com\/FloraNixena\/","https:\/\/www.instagram.com\/floranixena.it\/","https:\/\/www.youtube.com\/channel\/UCAfCWXMBezO96jgPjiUgpkA"],"description":"Chi Siamo? FloraNixena \u00e8 il partner di fiducia per la consegna di fiori freschi a domicilio. Con anni di esperienza nel settore floreale, siamo dedicati a portare la bellezza e la freschezza dei fiori direttamente alla vostra porta. La Nostra Missione La nostra missione \u00e8 trasformare ogni occasione in un momento speciale attraverso la magia dei fiori. Crediamo che un bouquet possa dire pi\u00f9 di mille parole e lavoriamo instancabilmente per assicurarci che ogni consegna porti gioia, amore e bellezza. Cosa Offriamo? Fiori Freschi: Collaboriamo con i migliori fornitori locali per garantire che i nostri fiori siano sempre freschi e di alta qualit\u00e0. Consegna Rapida e Puntuale: Offriamo un servizio di consegna rapido e affidabile, con la possibilit\u00e0 di scegliere la fascia oraria che pi\u00f9 vi conviene. Ampia Selezione: Dalle rose classiche ai bouquet personalizzati, abbiamo una vasta gamma di opzioni per soddisfare ogni gusto e occasione. Assistenza Clienti: Il nostro team \u00e8 sempre a disposizione per assistervi nella scelta del bouquet perfetto e per garantire un'esperienza di acquisto senza intoppi. Perch\u00e9 Sceglierci? Qualit\u00e0 Garantita: Ogni bouquet \u00e8 realizzato con cura dai nostri esperti fioristi, garantendo che ogni composizione sia un'opera d'arte. Servizio Personalizzato: Che sia per un anniversario, un compleanno, una celebrazione o un momento di condoglianza, personalizziamo ogni ordine per rispondere alle vostre esigenze specifiche. Soddisfazione del Cliente: La vostra soddisfazione \u00e8 la nostra priorit\u00e0 assoluta. Facciamo tutto il possibile per assicurarci che ogni consegna superi le vostre aspettative.","email":"amministrazione@floranixena.it","telephone":"3806342394","legalName":"Gaetano Votadoro"}]}},"_links":{"self":[{"href":"https:\/\/floranixena.it\/en\/wp-json\/wp\/v2\/product\/10683","targetHints":{"allow":["GET"]}}],"collection":[{"href":"https:\/\/floranixena.it\/en\/wp-json\/wp\/v2\/product"}],"about":[{"href":"https:\/\/floranixena.it\/en\/wp-json\/wp\/v2\/types\/product"}],"replies":[{"embeddable":true,"href":"https:\/\/floranixena.it\/en\/wp-json\/wp\/v2\/comments?post=10683"}],"wp:featuredmedia":[{"embeddable":true,"href":"https:\/\/floranixena.it\/en\/wp-json\/wp\/v2\/media\/9908"}],"wp:attachment":[{"href":"https:\/\/floranixena.it\/en\/wp-json\/wp\/v2\/media?parent=10683"}],"wp:term":[{"taxonomy":"product_brand","embeddable":true,"href":"https:\/\/floranixena.it\/en\/wp-json\/wp\/v2\/product_brand?post=10683"},{"taxonomy":"product_cat","embeddable":true,"href":"https:\/\/floranixena.it\/en\/wp-json\/wp\/v2\/product_cat?post=10683"},{"taxonomy":"product_tag","embeddable":true,"href":"https:\/\/floranixena.it\/en\/wp-json\/wp\/v2\/product_tag?post=10683"}],"curies":[{"name":"wp","href":"https:\/\/api.w.org\/{rel}","templated":true}]}}