{"id":10673,"date":"2025-06-02T11:17:39","date_gmt":"2025-06-02T09:17:39","guid":{"rendered":"https:\/\/floranixena.it\/product\/sansevieria-plant\/"},"modified":"2025-08-19T10:20:30","modified_gmt":"2025-08-19T08:20:30","slug":"sansevieria-plant","status":"publish","type":"product","link":"https:\/\/floranixena.it\/en\/product\/sansevieria-plant\/","title":{"rendered":"Sansevieria &#8211; Plant"},"content":{"rendered":"<p>Do you want to bring a touch of nature and freshness into your home without having to make too much effort? <em><strong>Sansevieria <\/strong><\/em>could be the perfect solution for you! This genus of plants, which includes about 70 different species, is native to Africa, Madagascar and southern Asia. Variations within this genus are striking: from robust desert succulents to elegant, thin-leaved tropical plants.  <\/p>\n<p>Of all the varieties<strong>, Sansevieria trifasciata <\/strong>is undoubtedly the best known and most appreciated. Commonly known as a snake plant or mother-in-law&#8217;s tongue, this plant not only adds a touch of green to your home, but has also proven to have amazing abilities in purifying the air. Thanks to its metabolic process, known as crassulacean acid metabolism, Sansevieria is able to remove common toxins such as formaldehyde, xylene and toluene from the air, thus creating a healthier and fresher environment.  <\/p>\n<p>But his qualities don&#8217;t end there. Sansevieria is also an incredibly resistant and easy to care for <a href=\"https:\/\/floranixena.it\/en\/catalog\/plantes\/\" target=\"_blank\" rel=\"noopener\"><strong>plant<\/strong><\/a>, so much so that it has earned the nickname &#8220;immortal plant&#8221;. It does not require much special care and can survive even in low light conditions and with little water. This makes it perfect for those who don&#8217;t have a green thumb or for those who have a hectic lifestyle.   <\/p>\n<p>Now you can bring this wonder of nature into your home with a simple click! Whether you&#8217;re looking to add a touch of green to your living room, <a href=\"https:\/\/floranixena.it\/en\/prodotto\/trunk-of-happiness\/\" target=\"_blank\" rel=\"noopener\"><strong>office <\/strong><\/a>or bedroom, this versatile plant will fit perfectly into any environment. <\/p>\n<p><strong>Order your Sansevieria today<\/strong> and get ready to enjoy all the benefits of this amazing plant!<\/p>\n","protected":false},"excerpt":{"rendered":"<ul>\n<li>Sansevieria &#8211; Plant<\/li>\n<li>Delivered with cellophane to the base<\/li>\n<li>with dimensions ranging from 30 to 40 cm<\/li>\n<li>Delicately delivered<\/li>\n<\/ul>\n<p><a href=\"https:\/\/floranixena.it\/send-flowers-and-plants\/pot-in-ceramics\/\"><strong>Ceramic vase not included<\/strong><\/a><\/p>\n","protected":false},"featured_media":9882,"comment_status":"closed","ping_status":"closed","template":"","meta":[],"product_brand":[],"product_cat":[2461,2415,2470,2417,2469,2468,2454],"product_tag":[2850,2760,2714,2787,2344,2761],"class_list":{"0":"post-10673","1":"product","2":"type-product","3":"status-publish","4":"has-post-thumbnail","6":"product_cat-fathers-day-occasion","7":"product_cat-friendship","8":"product_cat-indoor-plants","9":"product_cat-mothers-day","10":"product_cat-outdoor-plants","11":"product_cat-plantes","12":"product_cat-thank-you","13":"product_tag-deliver-plants","14":"product_tag-houseplant","15":"product_tag-office-plant","16":"product_tag-palm","17":"product_tag-plant","18":"product_tag-tropical-plant","20":"first","21":"instock","22":"sale","23":"shipping-taxable","24":"purchasable","25":"product-type-simple"},"yoast_head":"<!-- This site is optimized with the Yoast SEO Premium plugin v27.5 (Yoast SEO v27.5) - https:\/\/yoast.com\/product\/yoast-seo-premium-wordpress\/ -->\n<title>Sansevieria - Plant - FloraNixena - flower and plant delivery<\/title>\n<meta name=\"description\" content=\"Order Sansevieria online, the perfect plant for your home. Resistant and purifying, receive it comfortably at home! We ship throughout Italy\" \/>\n<meta name=\"robots\" content=\"index, follow, max-snippet:-1, max-image-preview:large, max-video-preview:-1\" \/>\n<link rel=\"canonical\" href=\"https:\/\/floranixena.it\/en\/product\/sansevieria-plant\/\" \/>\n<meta property=\"og:locale\" content=\"en_US\" \/>\n<meta property=\"og:type\" content=\"article\" \/>\n<meta property=\"og:title\" content=\"Sansevieria - Plant\" \/>\n<meta property=\"og:description\" content=\"Sansevieria - Plant  Delivered with cellophane to the base  with dimensions ranging from 30 to 40 cm  Delicately delivered Ceramic vase not included\" \/>\n<meta property=\"og:url\" content=\"https:\/\/floranixena.it\/en\/product\/sansevieria-plant\/\" \/>\n<meta property=\"og:site_name\" content=\"FloraNixena - flower and plant delivery\" \/>\n<meta property=\"article:publisher\" content=\"https:\/\/www.facebook.com\/FloraNixena\/\" \/>\n<meta property=\"article:modified_time\" content=\"2025-08-19T08:20:30+00:00\" \/>\n<meta property=\"og:image\" content=\"https:\/\/floranixena.it\/wp-content\/uploads\/2019\/05\/pianta-sansevieria-da-far-consegnare-a-domicilio-in-tutta-Italia-per-inaugurazione-attivita-compleanni-amicizia-.jpg\" \/>\n\t<meta property=\"og:image:width\" content=\"800\" \/>\n\t<meta property=\"og:image:height\" content=\"800\" \/>\n\t<meta property=\"og:image:type\" content=\"image\/jpeg\" \/>\n<meta name=\"twitter:card\" content=\"summary_large_image\" \/>\n<meta name=\"twitter:label1\" content=\"Est. reading time\" \/>\n\t<meta name=\"twitter:data1\" content=\"1 minute\" \/>\n<script type=\"application\/ld+json\" class=\"yoast-schema-graph\">{\"@context\":\"https:\\\/\\\/schema.org\",\"@graph\":[{\"@type\":\"WebPage\",\"@id\":\"https:\\\/\\\/floranixena.it\\\/en\\\/product\\\/sansevieria-plant\\\/\",\"url\":\"https:\\\/\\\/floranixena.it\\\/en\\\/product\\\/sansevieria-plant\\\/\",\"name\":\"Sansevieria - Plant - FloraNixena - flower and plant delivery\",\"isPartOf\":{\"@id\":\"https:\\\/\\\/floranixena.it\\\/en\\\/#website\"},\"primaryImageOfPage\":{\"@id\":\"https:\\\/\\\/floranixena.it\\\/en\\\/product\\\/sansevieria-plant\\\/#primaryimage\"},\"image\":{\"@id\":\"https:\\\/\\\/floranixena.it\\\/en\\\/product\\\/sansevieria-plant\\\/#primaryimage\"},\"thumbnailUrl\":\"https:\\\/\\\/floranixena.it\\\/wp-content\\\/uploads\\\/2019\\\/05\\\/pianta-sansevieria-da-far-consegnare-a-domicilio-in-tutta-Italia-per-inaugurazione-attivita-compleanni-amicizia-.jpg\",\"datePublished\":\"2025-06-02T09:17:39+00:00\",\"dateModified\":\"2025-08-19T08:20:30+00:00\",\"description\":\"Order Sansevieria online, the perfect plant for your home. Resistant and purifying, receive it comfortably at home! We ship throughout Italy\",\"breadcrumb\":{\"@id\":\"https:\\\/\\\/floranixena.it\\\/en\\\/product\\\/sansevieria-plant\\\/#breadcrumb\"},\"inLanguage\":\"en-US\",\"potentialAction\":[{\"@type\":\"ReadAction\",\"target\":[\"https:\\\/\\\/floranixena.it\\\/en\\\/product\\\/sansevieria-plant\\\/\"]}]},{\"@type\":\"ImageObject\",\"inLanguage\":\"en-US\",\"@id\":\"https:\\\/\\\/floranixena.it\\\/en\\\/product\\\/sansevieria-plant\\\/#primaryimage\",\"url\":\"https:\\\/\\\/floranixena.it\\\/wp-content\\\/uploads\\\/2019\\\/05\\\/pianta-sansevieria-da-far-consegnare-a-domicilio-in-tutta-Italia-per-inaugurazione-attivita-compleanni-amicizia-.jpg\",\"contentUrl\":\"https:\\\/\\\/floranixena.it\\\/wp-content\\\/uploads\\\/2019\\\/05\\\/pianta-sansevieria-da-far-consegnare-a-domicilio-in-tutta-Italia-per-inaugurazione-attivita-compleanni-amicizia-.jpg\",\"width\":800,\"height\":800,\"caption\":\"Pianta di Sansevieria trifasciata\"},{\"@type\":\"BreadcrumbList\",\"@id\":\"https:\\\/\\\/floranixena.it\\\/en\\\/product\\\/sansevieria-plant\\\/#breadcrumb\",\"itemListElement\":[{\"@type\":\"ListItem\",\"position\":1,\"name\":\"Home\",\"item\":\"https:\\\/\\\/floranixena.it\\\/en\\\/\"},{\"@type\":\"ListItem\",\"position\":2,\"name\":\"Shop\",\"item\":\"https:\\\/\\\/floranixena.it\\\/en\\\/shop\\\/\"},{\"@type\":\"ListItem\",\"position\":3,\"name\":\"Sansevieria &#8211; Plant\"}]},{\"@type\":\"WebSite\",\"@id\":\"https:\\\/\\\/floranixena.it\\\/en\\\/#website\",\"url\":\"https:\\\/\\\/floranixena.it\\\/en\\\/\",\"name\":\"FloraNixena - Consegna fiori a domicilio in Italia\",\"description\":\"Invia fiori che raccontano storie\",\"publisher\":{\"@id\":\"https:\\\/\\\/floranixena.it\\\/en\\\/#organization\"},\"alternateName\":\"FloraNixena.it\",\"potentialAction\":[{\"@type\":\"SearchAction\",\"target\":{\"@type\":\"EntryPoint\",\"urlTemplate\":\"https:\\\/\\\/floranixena.it\\\/en\\\/?s={search_term_string}\"},\"query-input\":{\"@type\":\"PropertyValueSpecification\",\"valueRequired\":true,\"valueName\":\"search_term_string\"}}],\"inLanguage\":\"en-US\"},{\"@type\":\"Organization\",\"@id\":\"https:\\\/\\\/floranixena.it\\\/en\\\/#organization\",\"name\":\"FloraNixena.it - Consegna mazzi di fiori, bouquet e piante a domicilio\",\"url\":\"https:\\\/\\\/floranixena.it\\\/en\\\/\",\"logo\":{\"@type\":\"ImageObject\",\"inLanguage\":\"en-US\",\"@id\":\"https:\\\/\\\/floranixena.it\\\/en\\\/#\\\/schema\\\/logo\\\/image\\\/\",\"url\":\"https:\\\/\\\/floranixena.it\\\/wp-content\\\/uploads\\\/2018\\\/11\\\/logo-fucsia.png\",\"contentUrl\":\"https:\\\/\\\/floranixena.it\\\/wp-content\\\/uploads\\\/2018\\\/11\\\/logo-fucsia.png\",\"width\":315,\"height\":81,\"caption\":\"FloraNixena.it - Consegna mazzi di fiori, bouquet e piante a domicilio\"},\"image\":{\"@id\":\"https:\\\/\\\/floranixena.it\\\/en\\\/#\\\/schema\\\/logo\\\/image\\\/\"},\"sameAs\":[\"https:\\\/\\\/www.facebook.com\\\/FloraNixena\\\/\",\"https:\\\/\\\/www.instagram.com\\\/floranixena.it\\\/\",\"https:\\\/\\\/www.youtube.com\\\/channel\\\/UCAfCWXMBezO96jgPjiUgpkA\"],\"description\":\"Chi Siamo? FloraNixena \u00e8 il partner di fiducia per la consegna di fiori freschi a domicilio. Con anni di esperienza nel settore floreale, siamo dedicati a portare la bellezza e la freschezza dei fiori direttamente alla vostra porta. La Nostra Missione La nostra missione \u00e8 trasformare ogni occasione in un momento speciale attraverso la magia dei fiori. Crediamo che un bouquet possa dire pi\u00f9 di mille parole e lavoriamo instancabilmente per assicurarci che ogni consegna porti gioia, amore e bellezza. Cosa Offriamo? Fiori Freschi: Collaboriamo con i migliori fornitori locali per garantire che i nostri fiori siano sempre freschi e di alta qualit\u00e0. Consegna Rapida e Puntuale: Offriamo un servizio di consegna rapido e affidabile, con la possibilit\u00e0 di scegliere la fascia oraria che pi\u00f9 vi conviene. Ampia Selezione: Dalle rose classiche ai bouquet personalizzati, abbiamo una vasta gamma di opzioni per soddisfare ogni gusto e occasione. Assistenza Clienti: Il nostro team \u00e8 sempre a disposizione per assistervi nella scelta del bouquet perfetto e per garantire un'esperienza di acquisto senza intoppi. Perch\u00e9 Sceglierci? Qualit\u00e0 Garantita: Ogni bouquet \u00e8 realizzato con cura dai nostri esperti fioristi, garantendo che ogni composizione sia un'opera d'arte. Servizio Personalizzato: Che sia per un anniversario, un compleanno, una celebrazione o un momento di condoglianza, personalizziamo ogni ordine per rispondere alle vostre esigenze specifiche. Soddisfazione del Cliente: La vostra soddisfazione \u00e8 la nostra priorit\u00e0 assoluta. Facciamo tutto il possibile per assicurarci che ogni consegna superi le vostre aspettative.\",\"email\":\"amministrazione@floranixena.it\",\"telephone\":\"3806342394\",\"legalName\":\"Gaetano Votadoro\"}]}<\/script>\n<!-- \/ Yoast SEO Premium plugin. -->","yoast_head_json":{"title":"Sansevieria - Plant - FloraNixena - flower and plant delivery","description":"Order Sansevieria online, the perfect plant for your home. Resistant and purifying, receive it comfortably at home! We ship throughout Italy","robots":{"index":"index","follow":"follow","max-snippet":"max-snippet:-1","max-image-preview":"max-image-preview:large","max-video-preview":"max-video-preview:-1"},"canonical":"https:\/\/floranixena.it\/en\/product\/sansevieria-plant\/","og_locale":"en_US","og_type":"article","og_title":"Sansevieria - Plant","og_description":"Sansevieria - Plant  Delivered with cellophane to the base  with dimensions ranging from 30 to 40 cm  Delicately delivered Ceramic vase not included","og_url":"https:\/\/floranixena.it\/en\/product\/sansevieria-plant\/","og_site_name":"FloraNixena - flower and plant delivery","article_publisher":"https:\/\/www.facebook.com\/FloraNixena\/","article_modified_time":"2025-08-19T08:20:30+00:00","og_image":[{"width":800,"height":800,"url":"https:\/\/floranixena.it\/wp-content\/uploads\/2019\/05\/pianta-sansevieria-da-far-consegnare-a-domicilio-in-tutta-Italia-per-inaugurazione-attivita-compleanni-amicizia-.jpg","type":"image\/jpeg"}],"twitter_card":"summary_large_image","twitter_misc":{"Est. reading time":"1 minute"},"schema":{"@context":"https:\/\/schema.org","@graph":[{"@type":"WebPage","@id":"https:\/\/floranixena.it\/en\/product\/sansevieria-plant\/","url":"https:\/\/floranixena.it\/en\/product\/sansevieria-plant\/","name":"Sansevieria - Plant - FloraNixena - flower and plant delivery","isPartOf":{"@id":"https:\/\/floranixena.it\/en\/#website"},"primaryImageOfPage":{"@id":"https:\/\/floranixena.it\/en\/product\/sansevieria-plant\/#primaryimage"},"image":{"@id":"https:\/\/floranixena.it\/en\/product\/sansevieria-plant\/#primaryimage"},"thumbnailUrl":"https:\/\/floranixena.it\/wp-content\/uploads\/2019\/05\/pianta-sansevieria-da-far-consegnare-a-domicilio-in-tutta-Italia-per-inaugurazione-attivita-compleanni-amicizia-.jpg","datePublished":"2025-06-02T09:17:39+00:00","dateModified":"2025-08-19T08:20:30+00:00","description":"Order Sansevieria online, the perfect plant for your home. Resistant and purifying, receive it comfortably at home! We ship throughout Italy","breadcrumb":{"@id":"https:\/\/floranixena.it\/en\/product\/sansevieria-plant\/#breadcrumb"},"inLanguage":"en-US","potentialAction":[{"@type":"ReadAction","target":["https:\/\/floranixena.it\/en\/product\/sansevieria-plant\/"]}]},{"@type":"ImageObject","inLanguage":"en-US","@id":"https:\/\/floranixena.it\/en\/product\/sansevieria-plant\/#primaryimage","url":"https:\/\/floranixena.it\/wp-content\/uploads\/2019\/05\/pianta-sansevieria-da-far-consegnare-a-domicilio-in-tutta-Italia-per-inaugurazione-attivita-compleanni-amicizia-.jpg","contentUrl":"https:\/\/floranixena.it\/wp-content\/uploads\/2019\/05\/pianta-sansevieria-da-far-consegnare-a-domicilio-in-tutta-Italia-per-inaugurazione-attivita-compleanni-amicizia-.jpg","width":800,"height":800,"caption":"Pianta di Sansevieria trifasciata"},{"@type":"BreadcrumbList","@id":"https:\/\/floranixena.it\/en\/product\/sansevieria-plant\/#breadcrumb","itemListElement":[{"@type":"ListItem","position":1,"name":"Home","item":"https:\/\/floranixena.it\/en\/"},{"@type":"ListItem","position":2,"name":"Shop","item":"https:\/\/floranixena.it\/en\/shop\/"},{"@type":"ListItem","position":3,"name":"Sansevieria &#8211; Plant"}]},{"@type":"WebSite","@id":"https:\/\/floranixena.it\/en\/#website","url":"https:\/\/floranixena.it\/en\/","name":"FloraNixena - Consegna fiori a domicilio in Italia","description":"Invia fiori che raccontano storie","publisher":{"@id":"https:\/\/floranixena.it\/en\/#organization"},"alternateName":"FloraNixena.it","potentialAction":[{"@type":"SearchAction","target":{"@type":"EntryPoint","urlTemplate":"https:\/\/floranixena.it\/en\/?s={search_term_string}"},"query-input":{"@type":"PropertyValueSpecification","valueRequired":true,"valueName":"search_term_string"}}],"inLanguage":"en-US"},{"@type":"Organization","@id":"https:\/\/floranixena.it\/en\/#organization","name":"FloraNixena.it - Consegna mazzi di fiori, bouquet e piante a domicilio","url":"https:\/\/floranixena.it\/en\/","logo":{"@type":"ImageObject","inLanguage":"en-US","@id":"https:\/\/floranixena.it\/en\/#\/schema\/logo\/image\/","url":"https:\/\/floranixena.it\/wp-content\/uploads\/2018\/11\/logo-fucsia.png","contentUrl":"https:\/\/floranixena.it\/wp-content\/uploads\/2018\/11\/logo-fucsia.png","width":315,"height":81,"caption":"FloraNixena.it - Consegna mazzi di fiori, bouquet e piante a domicilio"},"image":{"@id":"https:\/\/floranixena.it\/en\/#\/schema\/logo\/image\/"},"sameAs":["https:\/\/www.facebook.com\/FloraNixena\/","https:\/\/www.instagram.com\/floranixena.it\/","https:\/\/www.youtube.com\/channel\/UCAfCWXMBezO96jgPjiUgpkA"],"description":"Chi Siamo? FloraNixena \u00e8 il partner di fiducia per la consegna di fiori freschi a domicilio. Con anni di esperienza nel settore floreale, siamo dedicati a portare la bellezza e la freschezza dei fiori direttamente alla vostra porta. La Nostra Missione La nostra missione \u00e8 trasformare ogni occasione in un momento speciale attraverso la magia dei fiori. Crediamo che un bouquet possa dire pi\u00f9 di mille parole e lavoriamo instancabilmente per assicurarci che ogni consegna porti gioia, amore e bellezza. Cosa Offriamo? Fiori Freschi: Collaboriamo con i migliori fornitori locali per garantire che i nostri fiori siano sempre freschi e di alta qualit\u00e0. Consegna Rapida e Puntuale: Offriamo un servizio di consegna rapido e affidabile, con la possibilit\u00e0 di scegliere la fascia oraria che pi\u00f9 vi conviene. Ampia Selezione: Dalle rose classiche ai bouquet personalizzati, abbiamo una vasta gamma di opzioni per soddisfare ogni gusto e occasione. Assistenza Clienti: Il nostro team \u00e8 sempre a disposizione per assistervi nella scelta del bouquet perfetto e per garantire un'esperienza di acquisto senza intoppi. Perch\u00e9 Sceglierci? Qualit\u00e0 Garantita: Ogni bouquet \u00e8 realizzato con cura dai nostri esperti fioristi, garantendo che ogni composizione sia un'opera d'arte. Servizio Personalizzato: Che sia per un anniversario, un compleanno, una celebrazione o un momento di condoglianza, personalizziamo ogni ordine per rispondere alle vostre esigenze specifiche. Soddisfazione del Cliente: La vostra soddisfazione \u00e8 la nostra priorit\u00e0 assoluta. Facciamo tutto il possibile per assicurarci che ogni consegna superi le vostre aspettative.","email":"amministrazione@floranixena.it","telephone":"3806342394","legalName":"Gaetano Votadoro"}]}},"_links":{"self":[{"href":"https:\/\/floranixena.it\/en\/wp-json\/wp\/v2\/product\/10673","targetHints":{"allow":["GET"]}}],"collection":[{"href":"https:\/\/floranixena.it\/en\/wp-json\/wp\/v2\/product"}],"about":[{"href":"https:\/\/floranixena.it\/en\/wp-json\/wp\/v2\/types\/product"}],"replies":[{"embeddable":true,"href":"https:\/\/floranixena.it\/en\/wp-json\/wp\/v2\/comments?post=10673"}],"wp:featuredmedia":[{"embeddable":true,"href":"https:\/\/floranixena.it\/en\/wp-json\/wp\/v2\/media\/9882"}],"wp:attachment":[{"href":"https:\/\/floranixena.it\/en\/wp-json\/wp\/v2\/media?parent=10673"}],"wp:term":[{"taxonomy":"product_brand","embeddable":true,"href":"https:\/\/floranixena.it\/en\/wp-json\/wp\/v2\/product_brand?post=10673"},{"taxonomy":"product_cat","embeddable":true,"href":"https:\/\/floranixena.it\/en\/wp-json\/wp\/v2\/product_cat?post=10673"},{"taxonomy":"product_tag","embeddable":true,"href":"https:\/\/floranixena.it\/en\/wp-json\/wp\/v2\/product_tag?post=10673"}],"curies":[{"name":"wp","href":"https:\/\/api.w.org\/{rel}","templated":true}]}}