{"id":10658,"date":"2024-05-14T09:55:54","date_gmt":"2024-05-14T07:55:54","guid":{"rendered":"https:\/\/floranixena.it\/product\/extraordinary\/"},"modified":"2025-09-19T11:49:09","modified_gmt":"2025-09-19T09:49:09","slug":"bouquet-of-peonies-and-carnations","status":"publish","type":"product","link":"https:\/\/floranixena.it\/en\/product\/bouquet-of-peonies-and-carnations\/","title":{"rendered":"Extraordinary"},"content":{"rendered":"<p><strong>The precious Armonia bouquet is a symphony of delicacy and love<\/strong>, a floral work that captures the very essence of kindness and passion. With red <a href=\"https:\/\/floranixena.it\/en\/catalog\/flowers-by-species\/carnations\/\" target=\"_blank\" rel=\"noopener\"><strong>carnations <\/strong><\/a>and pink <strong><a href=\"https:\/\/floranixena.it\/en\/catalog\/peony\/\" target=\"_blank\" rel=\"noopener\">peonies <\/a><\/strong>intertwining in an embrace of colors and scents, this bouquet conveys an unparalleled message of affection and admiration. <\/p>\n<p>Each flower, carefully selected for its beauty and freshness, is unique in its splendor and helps create a visual harmony that enchants the eyes and warms the heart. Red carnations carry with them the promise of<a href=\"https:\/\/floranixena.it\/en\/catalog\/love-and-romance\/\" target=\"_blank\" rel=\"noopener\"><strong> ardent love <\/strong><\/a>and overwhelming passion, while pink peonies, with their lush delicacy, evoke a sense of timeless grace and beauty. <\/p>\n<p>This bouquet is much more than just a set of flowers: it is a sensorial experience that involves all the senses, from the enveloping smell of the flowers to the velvety touch of the petals. Every detail is carefully taken care of, from the harmonious design of the compositions to the elegant presentation in a classic transparent <a href=\"https:\/\/floranixena.it\/en\/catalog\/vases-and-gifts\/vases\/\" target=\"_blank\" rel=\"noopener\"><strong>glass vase.<\/strong><\/a> <\/p>\n<p>However, to make this gift even more personal and meaningful, the <a href=\"https:\/\/floranixena.it\/en\/catalog\/vases-and-gifts\/\" target=\"_blank\" rel=\"noopener\"><strong>vase <\/strong><\/a>is available for purchase separately, thus allowing everyone to personalize their bouquet and choose the container best suited to their taste and style.<\/p>\n<p>This <a href=\"https:\/\/floranixena.it\/en\/prodotto\/bouquet-of-pink-and-white-peonies\/\" target=\"_blank\" rel=\"noopener\"><strong>bouquet<\/strong><\/a> is perfect for celebrating special occasions such as birthdays, anniversaries, or for simply expressing a gesture of affection and attention towards a loved one. It is also an easy way to convey your desires, embodying the sweetness and beauty of authentic and sincere love. <\/p>\n<p>Flowers, with their changing beauty and delicacy, remind us of the preciousness and fragility of life. This bouquet, with its varied selection of flowers, is a symbol of hope and rebirth. <\/p>\n","protected":false},"excerpt":{"rendered":"<ul>\n<li>7 Pink Peonies<\/li>\n<li>7 Red carnations<\/li>\n<li>packaged with care<\/li>\n<li>Decorative green<\/li>\n<\/ul>\n<p><span style=\"color: #009700;\"><strong>Free delivery on this item<\/strong><\/span><\/p>\n<p><span style=\"color: #ff8c00;\"><strong>We recommend ordering this item at least 3 to 4 business days before the delivery date, as it may not be available for same-day or next-day delivery. For more info contact us via chat.<\/strong><\/span><\/p>\n<p>Vase not included<\/p>\n","protected":false},"featured_media":9907,"comment_status":"closed","ping_status":"closed","template":"","meta":[],"product_brand":[],"product_cat":[2371,2379,2356,2446,2372,2376,2361,2415,2436,2355,2417,2358,2439,2437,2423,2454,2377,2438],"product_tag":[2441,2864,2865,2443,2868],"class_list":{"0":"post-10658","1":"product","2":"type-product","3":"status-publish","4":"has-post-thumbnail","6":"product_cat-anniversary","7":"product_cat-apologies","8":"product_cat-birthday","9":"product_cat-carnations","10":"product_cat-congratulations","11":"product_cat-flowers-for-events","12":"product_cat-for-new-revelations","13":"product_cat-friendship","14":"product_cat-its-a-girl","15":"product_cat-love-and-romance","16":"product_cat-mothers-day","17":"product_cat-occasion","18":"product_cat-peony","19":"product_cat-spring-flowers","20":"product_cat-summer-flowers","21":"product_cat-thank-you","22":"product_cat-university-degree","23":"product_cat-wedding","24":"product_tag-bouqet-with-peony","25":"product_tag-composition-with-peonies","26":"product_tag-peony","27":"product_tag-pink-peonies","28":"product_tag-red-carnations","30":"first","31":"instock","32":"shipping-taxable","33":"purchasable","34":"product-type-simple"},"yoast_head":"<!-- This site is optimized with the Yoast SEO Premium plugin v27.5 (Yoast SEO v27.5) - https:\/\/yoast.com\/product\/yoast-seo-premium-wordpress\/ -->\n<title>Pink Peony and Carnation Bouquet - Extraordinary<\/title>\n<meta name=\"description\" content=\"&quot;Pink and red blend into an elegant and passionate bouquet: pink peonies and red carnations create perfect Harmony.\" \/>\n<meta name=\"robots\" content=\"index, follow, max-snippet:-1, max-image-preview:large, max-video-preview:-1\" \/>\n<link rel=\"canonical\" href=\"https:\/\/floranixena.it\/en\/product\/bouquet-of-peonies-and-carnations\/\" \/>\n<meta property=\"og:locale\" content=\"en_US\" \/>\n<meta property=\"og:type\" content=\"article\" \/>\n<meta property=\"og:title\" content=\"Extraordinary\" \/>\n<meta property=\"og:description\" content=\"7 Pink Peonies  7 Red carnations  packaged with care  Decorative green Free delivery on this item We recommend ordering this item at least 3 to 4 business days before the delivery date, as it may not be available for same-day or next-day delivery. For more info contact us via chat. Vase not included\" \/>\n<meta property=\"og:url\" content=\"https:\/\/floranixena.it\/en\/product\/bouquet-of-peonies-and-carnations\/\" \/>\n<meta property=\"og:site_name\" content=\"FloraNixena - flower and plant delivery\" \/>\n<meta property=\"article:publisher\" content=\"https:\/\/www.facebook.com\/FloraNixena\/\" \/>\n<meta property=\"article:modified_time\" content=\"2025-09-19T09:49:09+00:00\" \/>\n<meta property=\"og:image\" content=\"https:\/\/floranixena.it\/wp-content\/uploads\/2019\/05\/peonie-rosa-e-garofani-rossi-regalo-fiori-e-piante-con-consegna-a-domiclio-per-anniversario-matrimonio-festa-della-ma.jpg\" \/>\n\t<meta property=\"og:image:width\" content=\"800\" \/>\n\t<meta property=\"og:image:height\" content=\"800\" \/>\n\t<meta property=\"og:image:type\" content=\"image\/jpeg\" \/>\n<meta name=\"twitter:card\" content=\"summary_large_image\" \/>\n<meta name=\"twitter:label1\" content=\"Est. reading time\" \/>\n\t<meta name=\"twitter:data1\" content=\"1 minute\" \/>\n<script type=\"application\/ld+json\" class=\"yoast-schema-graph\">{\"@context\":\"https:\\\/\\\/schema.org\",\"@graph\":[{\"@type\":\"WebPage\",\"@id\":\"https:\\\/\\\/floranixena.it\\\/en\\\/product\\\/bouquet-of-peonies-and-carnations\\\/\",\"url\":\"https:\\\/\\\/floranixena.it\\\/en\\\/product\\\/bouquet-of-peonies-and-carnations\\\/\",\"name\":\"Pink Peony and Carnation Bouquet - Extraordinary\",\"isPartOf\":{\"@id\":\"https:\\\/\\\/floranixena.it\\\/en\\\/#website\"},\"primaryImageOfPage\":{\"@id\":\"https:\\\/\\\/floranixena.it\\\/en\\\/product\\\/bouquet-of-peonies-and-carnations\\\/#primaryimage\"},\"image\":{\"@id\":\"https:\\\/\\\/floranixena.it\\\/en\\\/product\\\/bouquet-of-peonies-and-carnations\\\/#primaryimage\"},\"thumbnailUrl\":\"https:\\\/\\\/floranixena.it\\\/wp-content\\\/uploads\\\/2019\\\/05\\\/peonie-rosa-e-garofani-rossi-regalo-fiori-e-piante-con-consegna-a-domiclio-per-anniversario-matrimonio-festa-della-ma.jpg\",\"datePublished\":\"2024-05-14T07:55:54+00:00\",\"dateModified\":\"2025-09-19T09:49:09+00:00\",\"description\":\"\\\"Pink and red blend into an elegant and passionate bouquet: pink peonies and red carnations create perfect Harmony.\",\"breadcrumb\":{\"@id\":\"https:\\\/\\\/floranixena.it\\\/en\\\/product\\\/bouquet-of-peonies-and-carnations\\\/#breadcrumb\"},\"inLanguage\":\"en-US\",\"potentialAction\":[{\"@type\":\"ReadAction\",\"target\":[\"https:\\\/\\\/floranixena.it\\\/en\\\/product\\\/bouquet-of-peonies-and-carnations\\\/\"]}]},{\"@type\":\"ImageObject\",\"inLanguage\":\"en-US\",\"@id\":\"https:\\\/\\\/floranixena.it\\\/en\\\/product\\\/bouquet-of-peonies-and-carnations\\\/#primaryimage\",\"url\":\"https:\\\/\\\/floranixena.it\\\/wp-content\\\/uploads\\\/2019\\\/05\\\/peonie-rosa-e-garofani-rossi-regalo-fiori-e-piante-con-consegna-a-domiclio-per-anniversario-matrimonio-festa-della-ma.jpg\",\"contentUrl\":\"https:\\\/\\\/floranixena.it\\\/wp-content\\\/uploads\\\/2019\\\/05\\\/peonie-rosa-e-garofani-rossi-regalo-fiori-e-piante-con-consegna-a-domiclio-per-anniversario-matrimonio-festa-della-ma.jpg\",\"width\":800,\"height\":800,\"caption\":\"bouquet Armonia\"},{\"@type\":\"BreadcrumbList\",\"@id\":\"https:\\\/\\\/floranixena.it\\\/en\\\/product\\\/bouquet-of-peonies-and-carnations\\\/#breadcrumb\",\"itemListElement\":[{\"@type\":\"ListItem\",\"position\":1,\"name\":\"Home\",\"item\":\"https:\\\/\\\/floranixena.it\\\/en\\\/\"},{\"@type\":\"ListItem\",\"position\":2,\"name\":\"Shop\",\"item\":\"https:\\\/\\\/floranixena.it\\\/en\\\/shop\\\/\"},{\"@type\":\"ListItem\",\"position\":3,\"name\":\"Extraordinary\"}]},{\"@type\":\"WebSite\",\"@id\":\"https:\\\/\\\/floranixena.it\\\/en\\\/#website\",\"url\":\"https:\\\/\\\/floranixena.it\\\/en\\\/\",\"name\":\"FloraNixena - Consegna fiori a domicilio in Italia\",\"description\":\"Invia fiori che raccontano storie\",\"publisher\":{\"@id\":\"https:\\\/\\\/floranixena.it\\\/en\\\/#organization\"},\"alternateName\":\"FloraNixena.it\",\"potentialAction\":[{\"@type\":\"SearchAction\",\"target\":{\"@type\":\"EntryPoint\",\"urlTemplate\":\"https:\\\/\\\/floranixena.it\\\/en\\\/?s={search_term_string}\"},\"query-input\":{\"@type\":\"PropertyValueSpecification\",\"valueRequired\":true,\"valueName\":\"search_term_string\"}}],\"inLanguage\":\"en-US\"},{\"@type\":\"Organization\",\"@id\":\"https:\\\/\\\/floranixena.it\\\/en\\\/#organization\",\"name\":\"FloraNixena.it - Consegna mazzi di fiori, bouquet e piante a domicilio\",\"url\":\"https:\\\/\\\/floranixena.it\\\/en\\\/\",\"logo\":{\"@type\":\"ImageObject\",\"inLanguage\":\"en-US\",\"@id\":\"https:\\\/\\\/floranixena.it\\\/en\\\/#\\\/schema\\\/logo\\\/image\\\/\",\"url\":\"https:\\\/\\\/floranixena.it\\\/wp-content\\\/uploads\\\/2018\\\/11\\\/logo-fucsia.png\",\"contentUrl\":\"https:\\\/\\\/floranixena.it\\\/wp-content\\\/uploads\\\/2018\\\/11\\\/logo-fucsia.png\",\"width\":315,\"height\":81,\"caption\":\"FloraNixena.it - Consegna mazzi di fiori, bouquet e piante a domicilio\"},\"image\":{\"@id\":\"https:\\\/\\\/floranixena.it\\\/en\\\/#\\\/schema\\\/logo\\\/image\\\/\"},\"sameAs\":[\"https:\\\/\\\/www.facebook.com\\\/FloraNixena\\\/\",\"https:\\\/\\\/www.instagram.com\\\/floranixena.it\\\/\",\"https:\\\/\\\/www.youtube.com\\\/channel\\\/UCAfCWXMBezO96jgPjiUgpkA\"],\"description\":\"Chi Siamo? FloraNixena \u00e8 il partner di fiducia per la consegna di fiori freschi a domicilio. Con anni di esperienza nel settore floreale, siamo dedicati a portare la bellezza e la freschezza dei fiori direttamente alla vostra porta. La Nostra Missione La nostra missione \u00e8 trasformare ogni occasione in un momento speciale attraverso la magia dei fiori. Crediamo che un bouquet possa dire pi\u00f9 di mille parole e lavoriamo instancabilmente per assicurarci che ogni consegna porti gioia, amore e bellezza. Cosa Offriamo? Fiori Freschi: Collaboriamo con i migliori fornitori locali per garantire che i nostri fiori siano sempre freschi e di alta qualit\u00e0. Consegna Rapida e Puntuale: Offriamo un servizio di consegna rapido e affidabile, con la possibilit\u00e0 di scegliere la fascia oraria che pi\u00f9 vi conviene. Ampia Selezione: Dalle rose classiche ai bouquet personalizzati, abbiamo una vasta gamma di opzioni per soddisfare ogni gusto e occasione. Assistenza Clienti: Il nostro team \u00e8 sempre a disposizione per assistervi nella scelta del bouquet perfetto e per garantire un'esperienza di acquisto senza intoppi. Perch\u00e9 Sceglierci? Qualit\u00e0 Garantita: Ogni bouquet \u00e8 realizzato con cura dai nostri esperti fioristi, garantendo che ogni composizione sia un'opera d'arte. Servizio Personalizzato: Che sia per un anniversario, un compleanno, una celebrazione o un momento di condoglianza, personalizziamo ogni ordine per rispondere alle vostre esigenze specifiche. Soddisfazione del Cliente: La vostra soddisfazione \u00e8 la nostra priorit\u00e0 assoluta. Facciamo tutto il possibile per assicurarci che ogni consegna superi le vostre aspettative.\",\"email\":\"amministrazione@floranixena.it\",\"telephone\":\"3806342394\",\"legalName\":\"Gaetano Votadoro\"}]}<\/script>\n<!-- \/ Yoast SEO Premium plugin. -->","yoast_head_json":{"title":"Pink Peony and Carnation Bouquet - Extraordinary","description":"\"Pink and red blend into an elegant and passionate bouquet: pink peonies and red carnations create perfect Harmony.","robots":{"index":"index","follow":"follow","max-snippet":"max-snippet:-1","max-image-preview":"max-image-preview:large","max-video-preview":"max-video-preview:-1"},"canonical":"https:\/\/floranixena.it\/en\/product\/bouquet-of-peonies-and-carnations\/","og_locale":"en_US","og_type":"article","og_title":"Extraordinary","og_description":"7 Pink Peonies  7 Red carnations  packaged with care  Decorative green Free delivery on this item We recommend ordering this item at least 3 to 4 business days before the delivery date, as it may not be available for same-day or next-day delivery. For more info contact us via chat. Vase not included","og_url":"https:\/\/floranixena.it\/en\/product\/bouquet-of-peonies-and-carnations\/","og_site_name":"FloraNixena - flower and plant delivery","article_publisher":"https:\/\/www.facebook.com\/FloraNixena\/","article_modified_time":"2025-09-19T09:49:09+00:00","og_image":[{"width":800,"height":800,"url":"https:\/\/floranixena.it\/wp-content\/uploads\/2019\/05\/peonie-rosa-e-garofani-rossi-regalo-fiori-e-piante-con-consegna-a-domiclio-per-anniversario-matrimonio-festa-della-ma.jpg","type":"image\/jpeg"}],"twitter_card":"summary_large_image","twitter_misc":{"Est. reading time":"1 minute"},"schema":{"@context":"https:\/\/schema.org","@graph":[{"@type":"WebPage","@id":"https:\/\/floranixena.it\/en\/product\/bouquet-of-peonies-and-carnations\/","url":"https:\/\/floranixena.it\/en\/product\/bouquet-of-peonies-and-carnations\/","name":"Pink Peony and Carnation Bouquet - Extraordinary","isPartOf":{"@id":"https:\/\/floranixena.it\/en\/#website"},"primaryImageOfPage":{"@id":"https:\/\/floranixena.it\/en\/product\/bouquet-of-peonies-and-carnations\/#primaryimage"},"image":{"@id":"https:\/\/floranixena.it\/en\/product\/bouquet-of-peonies-and-carnations\/#primaryimage"},"thumbnailUrl":"https:\/\/floranixena.it\/wp-content\/uploads\/2019\/05\/peonie-rosa-e-garofani-rossi-regalo-fiori-e-piante-con-consegna-a-domiclio-per-anniversario-matrimonio-festa-della-ma.jpg","datePublished":"2024-05-14T07:55:54+00:00","dateModified":"2025-09-19T09:49:09+00:00","description":"\"Pink and red blend into an elegant and passionate bouquet: pink peonies and red carnations create perfect Harmony.","breadcrumb":{"@id":"https:\/\/floranixena.it\/en\/product\/bouquet-of-peonies-and-carnations\/#breadcrumb"},"inLanguage":"en-US","potentialAction":[{"@type":"ReadAction","target":["https:\/\/floranixena.it\/en\/product\/bouquet-of-peonies-and-carnations\/"]}]},{"@type":"ImageObject","inLanguage":"en-US","@id":"https:\/\/floranixena.it\/en\/product\/bouquet-of-peonies-and-carnations\/#primaryimage","url":"https:\/\/floranixena.it\/wp-content\/uploads\/2019\/05\/peonie-rosa-e-garofani-rossi-regalo-fiori-e-piante-con-consegna-a-domiclio-per-anniversario-matrimonio-festa-della-ma.jpg","contentUrl":"https:\/\/floranixena.it\/wp-content\/uploads\/2019\/05\/peonie-rosa-e-garofani-rossi-regalo-fiori-e-piante-con-consegna-a-domiclio-per-anniversario-matrimonio-festa-della-ma.jpg","width":800,"height":800,"caption":"bouquet Armonia"},{"@type":"BreadcrumbList","@id":"https:\/\/floranixena.it\/en\/product\/bouquet-of-peonies-and-carnations\/#breadcrumb","itemListElement":[{"@type":"ListItem","position":1,"name":"Home","item":"https:\/\/floranixena.it\/en\/"},{"@type":"ListItem","position":2,"name":"Shop","item":"https:\/\/floranixena.it\/en\/shop\/"},{"@type":"ListItem","position":3,"name":"Extraordinary"}]},{"@type":"WebSite","@id":"https:\/\/floranixena.it\/en\/#website","url":"https:\/\/floranixena.it\/en\/","name":"FloraNixena - Consegna fiori a domicilio in Italia","description":"Invia fiori che raccontano storie","publisher":{"@id":"https:\/\/floranixena.it\/en\/#organization"},"alternateName":"FloraNixena.it","potentialAction":[{"@type":"SearchAction","target":{"@type":"EntryPoint","urlTemplate":"https:\/\/floranixena.it\/en\/?s={search_term_string}"},"query-input":{"@type":"PropertyValueSpecification","valueRequired":true,"valueName":"search_term_string"}}],"inLanguage":"en-US"},{"@type":"Organization","@id":"https:\/\/floranixena.it\/en\/#organization","name":"FloraNixena.it - Consegna mazzi di fiori, bouquet e piante a domicilio","url":"https:\/\/floranixena.it\/en\/","logo":{"@type":"ImageObject","inLanguage":"en-US","@id":"https:\/\/floranixena.it\/en\/#\/schema\/logo\/image\/","url":"https:\/\/floranixena.it\/wp-content\/uploads\/2018\/11\/logo-fucsia.png","contentUrl":"https:\/\/floranixena.it\/wp-content\/uploads\/2018\/11\/logo-fucsia.png","width":315,"height":81,"caption":"FloraNixena.it - Consegna mazzi di fiori, bouquet e piante a domicilio"},"image":{"@id":"https:\/\/floranixena.it\/en\/#\/schema\/logo\/image\/"},"sameAs":["https:\/\/www.facebook.com\/FloraNixena\/","https:\/\/www.instagram.com\/floranixena.it\/","https:\/\/www.youtube.com\/channel\/UCAfCWXMBezO96jgPjiUgpkA"],"description":"Chi Siamo? FloraNixena \u00e8 il partner di fiducia per la consegna di fiori freschi a domicilio. Con anni di esperienza nel settore floreale, siamo dedicati a portare la bellezza e la freschezza dei fiori direttamente alla vostra porta. La Nostra Missione La nostra missione \u00e8 trasformare ogni occasione in un momento speciale attraverso la magia dei fiori. Crediamo che un bouquet possa dire pi\u00f9 di mille parole e lavoriamo instancabilmente per assicurarci che ogni consegna porti gioia, amore e bellezza. Cosa Offriamo? Fiori Freschi: Collaboriamo con i migliori fornitori locali per garantire che i nostri fiori siano sempre freschi e di alta qualit\u00e0. Consegna Rapida e Puntuale: Offriamo un servizio di consegna rapido e affidabile, con la possibilit\u00e0 di scegliere la fascia oraria che pi\u00f9 vi conviene. Ampia Selezione: Dalle rose classiche ai bouquet personalizzati, abbiamo una vasta gamma di opzioni per soddisfare ogni gusto e occasione. Assistenza Clienti: Il nostro team \u00e8 sempre a disposizione per assistervi nella scelta del bouquet perfetto e per garantire un'esperienza di acquisto senza intoppi. Perch\u00e9 Sceglierci? Qualit\u00e0 Garantita: Ogni bouquet \u00e8 realizzato con cura dai nostri esperti fioristi, garantendo che ogni composizione sia un'opera d'arte. Servizio Personalizzato: Che sia per un anniversario, un compleanno, una celebrazione o un momento di condoglianza, personalizziamo ogni ordine per rispondere alle vostre esigenze specifiche. Soddisfazione del Cliente: La vostra soddisfazione \u00e8 la nostra priorit\u00e0 assoluta. Facciamo tutto il possibile per assicurarci che ogni consegna superi le vostre aspettative.","email":"amministrazione@floranixena.it","telephone":"3806342394","legalName":"Gaetano Votadoro"}]}},"_links":{"self":[{"href":"https:\/\/floranixena.it\/en\/wp-json\/wp\/v2\/product\/10658","targetHints":{"allow":["GET"]}}],"collection":[{"href":"https:\/\/floranixena.it\/en\/wp-json\/wp\/v2\/product"}],"about":[{"href":"https:\/\/floranixena.it\/en\/wp-json\/wp\/v2\/types\/product"}],"replies":[{"embeddable":true,"href":"https:\/\/floranixena.it\/en\/wp-json\/wp\/v2\/comments?post=10658"}],"wp:featuredmedia":[{"embeddable":true,"href":"https:\/\/floranixena.it\/en\/wp-json\/wp\/v2\/media\/9907"}],"wp:attachment":[{"href":"https:\/\/floranixena.it\/en\/wp-json\/wp\/v2\/media?parent=10658"}],"wp:term":[{"taxonomy":"product_brand","embeddable":true,"href":"https:\/\/floranixena.it\/en\/wp-json\/wp\/v2\/product_brand?post=10658"},{"taxonomy":"product_cat","embeddable":true,"href":"https:\/\/floranixena.it\/en\/wp-json\/wp\/v2\/product_cat?post=10658"},{"taxonomy":"product_tag","embeddable":true,"href":"https:\/\/floranixena.it\/en\/wp-json\/wp\/v2\/product_tag?post=10658"}],"curies":[{"name":"wp","href":"https:\/\/api.w.org\/{rel}","templated":true}]}}