{"id":10621,"date":"2025-08-04T12:48:31","date_gmt":"2025-08-04T10:48:31","guid":{"rendered":"https:\/\/floranixena.it\/product\/bouquet-20-white-roses\/"},"modified":"2025-09-12T12:26:54","modified_gmt":"2025-09-12T10:26:54","slug":"20-roses-white","status":"publish","type":"product","link":"https:\/\/floranixena.it\/en\/product\/20-roses-white\/","title":{"rendered":"Bouquet 20 white roses"},"content":{"rendered":"<h1 style=\"text-align: left;\">Bouquet<strong> of 20 White Roses<\/strong><\/h1>\n<p>You don&#8217;t need words to express your feelings. Let the elegance of 20 <a href=\"https:\/\/floranixena.it\/en\/tag\/white-rose\/\">white roses<\/a> speak for you. Their pure and innocent color conveys a message of pure <a href=\"https:\/\/floranixena.it\/en\/prodotto\/bouquet-of-red-and-white-roses-with-gypsophila\/\" target=\"_blank\" rel=\"noopener\"><strong>love, devotion and new beginnings.<\/strong><\/a>  <\/p>\n<p><strong>A symbol of purity and tradition<\/strong><\/p>\n<p>White <a href=\"https:\/\/floranixena.it\/en\/prodotto\/bunch-of-pink-and-fuchsia\/\">roses <\/a>have always been considered a symbol of purity, innocence and respect. They are often chosen for weddings, baptisms and other special occasions to celebrate new beginnings and <a href=\"https:\/\/floranixena.it\/en\/catalog\/flowers-for-events\/anniversary\/50th-golden-wedding-anniversary\/\" target=\"_blank\" rel=\"noopener\"><strong>important milestones.<\/strong><\/a> <\/p>\n<p>Whether you want to surprise your soulmate, express your gratitude to a friend or commemorate a loved one, white roses are an always appreciated gift.<\/p>\n<p>With FloraNixena, you can receive your white roses the same day, without making your loved ones wait. We guarantee that the <a href=\"https:\/\/floranixena.it\/en\/prodotto\/bunch-of-gerberas-and-daisies\/\">flowers <\/a>arrive fresh and fragrant, ready to be admired and appreciated. <\/p>\n<p><strong>What Do White Roses Symbolize?<\/strong><\/p>\n<p>&#8211;<strong>Purity and Innocence:<\/strong> White roses have been associated with these concepts since ancient times. They symbolize a pure and spiritual love, devoid of carnal passions.<br \/>\n&#8211;<strong>Honor and Respect:<\/strong> White roses are often used as a sign of respect and esteem. They are an appropriate gift to commemorate a loved one or to express gratitude to someone.<br \/>\n&#8211;<strong>New Beginnings<\/strong>: The color white also represents new beginnings and freshness.<a href=\"https:\/\/floranixena.it\/en\/prodotto\/bouquet-of-liliums-pink-and-roses-red\/\"> White roses <\/a>are a perfect gift to celebrate a wedding, birth or important milestone.   <\/p>\n<p><a href=\"https:\/\/floranixena.it\/en\/prodotto\/bunch-of-carnations-and-lilies\/\" target=\"_blank\" rel=\"noopener\"><strong>White roses<\/strong><\/a> are a versatile gift suitable for different occasions: Weddings, funeral flowers, births, Valentine&#8217;s Day anniversaries and as a gesture of gratitude.<\/p>\n","protected":false},"excerpt":{"rendered":"<ul>\n<li>20 White Roses<\/li>\n<li>Gently wrapped in jute fabric<\/li>\n<li>(alternatively KRAFT Paper)<\/li>\n<li>Decorative green<\/li>\n<\/ul>\n<p>Vase not included<\/p>\n<p><span style=\"color: #339966;\"><strong>In this bouquet the DELIVERY is free<\/strong><\/span><\/p>\n","protected":false},"featured_media":9934,"comment_status":"open","ping_status":"closed","template":"","meta":[],"product_brand":[],"product_cat":[2433,2435,2371,2379,2418,2356,2372,2462,2374,2459,2460,2456,2420,2457,2359,2415,2465,2436,2355,2417,2378,2362,2437,2423,2454,2377,2438,2375,2387],"product_tag":[2814,2851,3989,3990,2816,2712],"class_list":{"0":"post-10621","1":"product","2":"type-product","3":"status-publish","4":"has-post-thumbnail","6":"product_cat-30th-wedding-anniversary-of-pearls","7":"product_cat-50th-golden-wedding-anniversary","8":"product_cat-anniversary","9":"product_cat-apologies","10":"product_cat-autumn-flowers","11":"product_cat-birthday","12":"product_cat-congratulations","13":"product_cat-easter-occasion","14":"product_cat-eighteenth-birthday","15":"product_cat-for-a-co-worker-birthday","16":"product_cat-for-a-man-birthday","17":"product_cat-for-grandparents","18":"product_cat-for-mom","19":"product_cat-for-the-sister","20":"product_cat-for-wife-or-girlfriend","21":"product_cat-friendship","22":"product_cat-its-a-boy","23":"product_cat-its-a-girl","24":"product_cat-love-and-romance","25":"product_cat-mothers-day","26":"product_cat-name-day","27":"product_cat-roses","28":"product_cat-spring-flowers","29":"product_cat-summer-flowers","30":"product_cat-thank-you","31":"product_cat-university-degree","32":"product_cat-wedding","33":"product_cat-winter-flowers","34":"product_cat-womens-day","35":"product_tag-bouquet-of-white-roses","36":"product_tag-bunch-of-white-roses","37":"product_tag-new-beginnings","38":"product_tag-pure-love","39":"product_tag-romance","40":"product_tag-white-roses","42":"first","43":"instock","44":"shipping-taxable","45":"purchasable","46":"product-type-simple"},"yoast_head":"<!-- This site is optimized with the Yoast SEO Premium plugin v27.4 (Yoast SEO v27.4) - https:\/\/yoast.com\/product\/yoast-seo-premium-wordpress\/ -->\n<title>Bunch of 20 White Roses - FloraNixena - Flower Delivery<\/title>\n<meta name=\"description\" content=\"Send 20 roses to your sweet heart on Valentine&#039;s Day with a delicious combination of white roses and a wonderful romantic jute.\" \/>\n<meta name=\"robots\" content=\"index, follow, max-snippet:-1, max-image-preview:large, max-video-preview:-1\" \/>\n<link rel=\"canonical\" href=\"https:\/\/floranixena.it\/en\/product\/20-roses-white\/\" \/>\n<meta property=\"og:locale\" content=\"en_US\" \/>\n<meta property=\"og:type\" content=\"article\" \/>\n<meta property=\"og:title\" content=\"Bouquet 20 white roses\" \/>\n<meta property=\"og:description\" content=\"20 White Roses  Gently wrapped in jute fabric  (alternatively KRAFT Paper)  Decorative green Vase not included In this bouquet the DELIVERY is free\" \/>\n<meta property=\"og:url\" content=\"https:\/\/floranixena.it\/en\/product\/20-roses-white\/\" \/>\n<meta property=\"og:site_name\" content=\"FloraNixena - flower and plant delivery\" \/>\n<meta property=\"article:publisher\" content=\"https:\/\/www.facebook.com\/FloraNixena\/\" \/>\n<meta property=\"article:modified_time\" content=\"2025-09-12T10:26:54+00:00\" \/>\n<meta property=\"og:image\" content=\"https:\/\/floranixena.it\/wp-content\/uploads\/2019\/06\/Mazzo-di-20-rose-bianche-con-consegna-a-domicilio.jpg\" \/>\n\t<meta property=\"og:image:width\" content=\"800\" \/>\n\t<meta property=\"og:image:height\" content=\"800\" \/>\n\t<meta property=\"og:image:type\" content=\"image\/jpeg\" \/>\n<meta name=\"twitter:card\" content=\"summary_large_image\" \/>\n<meta name=\"twitter:label1\" content=\"Est. reading time\" \/>\n\t<meta name=\"twitter:data1\" content=\"2 minutes\" \/>\n<script type=\"application\/ld+json\" class=\"yoast-schema-graph\">{\"@context\":\"https:\\\/\\\/schema.org\",\"@graph\":[{\"@type\":\"WebPage\",\"@id\":\"https:\\\/\\\/floranixena.it\\\/en\\\/product\\\/20-roses-white\\\/\",\"url\":\"https:\\\/\\\/floranixena.it\\\/en\\\/product\\\/20-roses-white\\\/\",\"name\":\"Bunch of 20 White Roses - FloraNixena - Flower Delivery\",\"isPartOf\":{\"@id\":\"https:\\\/\\\/floranixena.it\\\/en\\\/#website\"},\"primaryImageOfPage\":{\"@id\":\"https:\\\/\\\/floranixena.it\\\/en\\\/product\\\/20-roses-white\\\/#primaryimage\"},\"image\":{\"@id\":\"https:\\\/\\\/floranixena.it\\\/en\\\/product\\\/20-roses-white\\\/#primaryimage\"},\"thumbnailUrl\":\"https:\\\/\\\/floranixena.it\\\/wp-content\\\/uploads\\\/2019\\\/06\\\/Mazzo-di-20-rose-bianche-con-consegna-a-domicilio.jpg\",\"datePublished\":\"2025-08-04T10:48:31+00:00\",\"dateModified\":\"2025-09-12T10:26:54+00:00\",\"description\":\"Send 20 roses to your sweet heart on Valentine's Day with a delicious combination of white roses and a wonderful romantic jute.\",\"breadcrumb\":{\"@id\":\"https:\\\/\\\/floranixena.it\\\/en\\\/product\\\/20-roses-white\\\/#breadcrumb\"},\"inLanguage\":\"en-US\",\"potentialAction\":[{\"@type\":\"ReadAction\",\"target\":[\"https:\\\/\\\/floranixena.it\\\/en\\\/product\\\/20-roses-white\\\/\"]}]},{\"@type\":\"ImageObject\",\"inLanguage\":\"en-US\",\"@id\":\"https:\\\/\\\/floranixena.it\\\/en\\\/product\\\/20-roses-white\\\/#primaryimage\",\"url\":\"https:\\\/\\\/floranixena.it\\\/wp-content\\\/uploads\\\/2019\\\/06\\\/Mazzo-di-20-rose-bianche-con-consegna-a-domicilio.jpg\",\"contentUrl\":\"https:\\\/\\\/floranixena.it\\\/wp-content\\\/uploads\\\/2019\\\/06\\\/Mazzo-di-20-rose-bianche-con-consegna-a-domicilio.jpg\",\"width\":800,\"height\":800,\"caption\":\"Un gesto delicato che parla di eleganza, rispetto e amore autentico.\"},{\"@type\":\"BreadcrumbList\",\"@id\":\"https:\\\/\\\/floranixena.it\\\/en\\\/product\\\/20-roses-white\\\/#breadcrumb\",\"itemListElement\":[{\"@type\":\"ListItem\",\"position\":1,\"name\":\"Home\",\"item\":\"https:\\\/\\\/floranixena.it\\\/en\\\/\"},{\"@type\":\"ListItem\",\"position\":2,\"name\":\"Shop\",\"item\":\"https:\\\/\\\/floranixena.it\\\/en\\\/shop\\\/\"},{\"@type\":\"ListItem\",\"position\":3,\"name\":\"Bouquet 20 white roses\"}]},{\"@type\":\"WebSite\",\"@id\":\"https:\\\/\\\/floranixena.it\\\/en\\\/#website\",\"url\":\"https:\\\/\\\/floranixena.it\\\/en\\\/\",\"name\":\"FloraNixena - Consegna fiori a domicilio in Italia\",\"description\":\"Invia fiori che raccontano storie\",\"publisher\":{\"@id\":\"https:\\\/\\\/floranixena.it\\\/en\\\/#organization\"},\"alternateName\":\"FloraNixena.it\",\"potentialAction\":[{\"@type\":\"SearchAction\",\"target\":{\"@type\":\"EntryPoint\",\"urlTemplate\":\"https:\\\/\\\/floranixena.it\\\/en\\\/?s={search_term_string}\"},\"query-input\":{\"@type\":\"PropertyValueSpecification\",\"valueRequired\":true,\"valueName\":\"search_term_string\"}}],\"inLanguage\":\"en-US\"},{\"@type\":\"Organization\",\"@id\":\"https:\\\/\\\/floranixena.it\\\/en\\\/#organization\",\"name\":\"FloraNixena.it - Consegna mazzi di fiori, bouquet e piante a domicilio\",\"url\":\"https:\\\/\\\/floranixena.it\\\/en\\\/\",\"logo\":{\"@type\":\"ImageObject\",\"inLanguage\":\"en-US\",\"@id\":\"https:\\\/\\\/floranixena.it\\\/en\\\/#\\\/schema\\\/logo\\\/image\\\/\",\"url\":\"https:\\\/\\\/floranixena.it\\\/wp-content\\\/uploads\\\/2018\\\/11\\\/logo-fucsia.png\",\"contentUrl\":\"https:\\\/\\\/floranixena.it\\\/wp-content\\\/uploads\\\/2018\\\/11\\\/logo-fucsia.png\",\"width\":315,\"height\":81,\"caption\":\"FloraNixena.it - Consegna mazzi di fiori, bouquet e piante a domicilio\"},\"image\":{\"@id\":\"https:\\\/\\\/floranixena.it\\\/en\\\/#\\\/schema\\\/logo\\\/image\\\/\"},\"sameAs\":[\"https:\\\/\\\/www.facebook.com\\\/FloraNixena\\\/\",\"https:\\\/\\\/www.instagram.com\\\/floranixena.it\\\/\",\"https:\\\/\\\/www.youtube.com\\\/channel\\\/UCAfCWXMBezO96jgPjiUgpkA\"],\"description\":\"Chi Siamo? FloraNixena \u00e8 il partner di fiducia per la consegna di fiori freschi a domicilio. Con anni di esperienza nel settore floreale, siamo dedicati a portare la bellezza e la freschezza dei fiori direttamente alla vostra porta. La Nostra Missione La nostra missione \u00e8 trasformare ogni occasione in un momento speciale attraverso la magia dei fiori. Crediamo che un bouquet possa dire pi\u00f9 di mille parole e lavoriamo instancabilmente per assicurarci che ogni consegna porti gioia, amore e bellezza. Cosa Offriamo? Fiori Freschi: Collaboriamo con i migliori fornitori locali per garantire che i nostri fiori siano sempre freschi e di alta qualit\u00e0. Consegna Rapida e Puntuale: Offriamo un servizio di consegna rapido e affidabile, con la possibilit\u00e0 di scegliere la fascia oraria che pi\u00f9 vi conviene. Ampia Selezione: Dalle rose classiche ai bouquet personalizzati, abbiamo una vasta gamma di opzioni per soddisfare ogni gusto e occasione. Assistenza Clienti: Il nostro team \u00e8 sempre a disposizione per assistervi nella scelta del bouquet perfetto e per garantire un'esperienza di acquisto senza intoppi. Perch\u00e9 Sceglierci? Qualit\u00e0 Garantita: Ogni bouquet \u00e8 realizzato con cura dai nostri esperti fioristi, garantendo che ogni composizione sia un'opera d'arte. Servizio Personalizzato: Che sia per un anniversario, un compleanno, una celebrazione o un momento di condoglianza, personalizziamo ogni ordine per rispondere alle vostre esigenze specifiche. Soddisfazione del Cliente: La vostra soddisfazione \u00e8 la nostra priorit\u00e0 assoluta. Facciamo tutto il possibile per assicurarci che ogni consegna superi le vostre aspettative.\",\"email\":\"amministrazione@floranixena.it\",\"telephone\":\"3806342394\",\"legalName\":\"Gaetano Votadoro\"}]}<\/script>\n<!-- \/ Yoast SEO Premium plugin. -->","yoast_head_json":{"title":"Bunch of 20 White Roses - FloraNixena - Flower Delivery","description":"Send 20 roses to your sweet heart on Valentine's Day with a delicious combination of white roses and a wonderful romantic jute.","robots":{"index":"index","follow":"follow","max-snippet":"max-snippet:-1","max-image-preview":"max-image-preview:large","max-video-preview":"max-video-preview:-1"},"canonical":"https:\/\/floranixena.it\/en\/product\/20-roses-white\/","og_locale":"en_US","og_type":"article","og_title":"Bouquet 20 white roses","og_description":"20 White Roses  Gently wrapped in jute fabric  (alternatively KRAFT Paper)  Decorative green Vase not included In this bouquet the DELIVERY is free","og_url":"https:\/\/floranixena.it\/en\/product\/20-roses-white\/","og_site_name":"FloraNixena - flower and plant delivery","article_publisher":"https:\/\/www.facebook.com\/FloraNixena\/","article_modified_time":"2025-09-12T10:26:54+00:00","og_image":[{"width":800,"height":800,"url":"https:\/\/floranixena.it\/wp-content\/uploads\/2019\/06\/Mazzo-di-20-rose-bianche-con-consegna-a-domicilio.jpg","type":"image\/jpeg"}],"twitter_card":"summary_large_image","twitter_misc":{"Est. reading time":"2 minutes"},"schema":{"@context":"https:\/\/schema.org","@graph":[{"@type":"WebPage","@id":"https:\/\/floranixena.it\/en\/product\/20-roses-white\/","url":"https:\/\/floranixena.it\/en\/product\/20-roses-white\/","name":"Bunch of 20 White Roses - FloraNixena - Flower Delivery","isPartOf":{"@id":"https:\/\/floranixena.it\/en\/#website"},"primaryImageOfPage":{"@id":"https:\/\/floranixena.it\/en\/product\/20-roses-white\/#primaryimage"},"image":{"@id":"https:\/\/floranixena.it\/en\/product\/20-roses-white\/#primaryimage"},"thumbnailUrl":"https:\/\/floranixena.it\/wp-content\/uploads\/2019\/06\/Mazzo-di-20-rose-bianche-con-consegna-a-domicilio.jpg","datePublished":"2025-08-04T10:48:31+00:00","dateModified":"2025-09-12T10:26:54+00:00","description":"Send 20 roses to your sweet heart on Valentine's Day with a delicious combination of white roses and a wonderful romantic jute.","breadcrumb":{"@id":"https:\/\/floranixena.it\/en\/product\/20-roses-white\/#breadcrumb"},"inLanguage":"en-US","potentialAction":[{"@type":"ReadAction","target":["https:\/\/floranixena.it\/en\/product\/20-roses-white\/"]}]},{"@type":"ImageObject","inLanguage":"en-US","@id":"https:\/\/floranixena.it\/en\/product\/20-roses-white\/#primaryimage","url":"https:\/\/floranixena.it\/wp-content\/uploads\/2019\/06\/Mazzo-di-20-rose-bianche-con-consegna-a-domicilio.jpg","contentUrl":"https:\/\/floranixena.it\/wp-content\/uploads\/2019\/06\/Mazzo-di-20-rose-bianche-con-consegna-a-domicilio.jpg","width":800,"height":800,"caption":"Un gesto delicato che parla di eleganza, rispetto e amore autentico."},{"@type":"BreadcrumbList","@id":"https:\/\/floranixena.it\/en\/product\/20-roses-white\/#breadcrumb","itemListElement":[{"@type":"ListItem","position":1,"name":"Home","item":"https:\/\/floranixena.it\/en\/"},{"@type":"ListItem","position":2,"name":"Shop","item":"https:\/\/floranixena.it\/en\/shop\/"},{"@type":"ListItem","position":3,"name":"Bouquet 20 white roses"}]},{"@type":"WebSite","@id":"https:\/\/floranixena.it\/en\/#website","url":"https:\/\/floranixena.it\/en\/","name":"FloraNixena - Consegna fiori a domicilio in Italia","description":"Invia fiori che raccontano storie","publisher":{"@id":"https:\/\/floranixena.it\/en\/#organization"},"alternateName":"FloraNixena.it","potentialAction":[{"@type":"SearchAction","target":{"@type":"EntryPoint","urlTemplate":"https:\/\/floranixena.it\/en\/?s={search_term_string}"},"query-input":{"@type":"PropertyValueSpecification","valueRequired":true,"valueName":"search_term_string"}}],"inLanguage":"en-US"},{"@type":"Organization","@id":"https:\/\/floranixena.it\/en\/#organization","name":"FloraNixena.it - Consegna mazzi di fiori, bouquet e piante a domicilio","url":"https:\/\/floranixena.it\/en\/","logo":{"@type":"ImageObject","inLanguage":"en-US","@id":"https:\/\/floranixena.it\/en\/#\/schema\/logo\/image\/","url":"https:\/\/floranixena.it\/wp-content\/uploads\/2018\/11\/logo-fucsia.png","contentUrl":"https:\/\/floranixena.it\/wp-content\/uploads\/2018\/11\/logo-fucsia.png","width":315,"height":81,"caption":"FloraNixena.it - Consegna mazzi di fiori, bouquet e piante a domicilio"},"image":{"@id":"https:\/\/floranixena.it\/en\/#\/schema\/logo\/image\/"},"sameAs":["https:\/\/www.facebook.com\/FloraNixena\/","https:\/\/www.instagram.com\/floranixena.it\/","https:\/\/www.youtube.com\/channel\/UCAfCWXMBezO96jgPjiUgpkA"],"description":"Chi Siamo? FloraNixena \u00e8 il partner di fiducia per la consegna di fiori freschi a domicilio. Con anni di esperienza nel settore floreale, siamo dedicati a portare la bellezza e la freschezza dei fiori direttamente alla vostra porta. La Nostra Missione La nostra missione \u00e8 trasformare ogni occasione in un momento speciale attraverso la magia dei fiori. Crediamo che un bouquet possa dire pi\u00f9 di mille parole e lavoriamo instancabilmente per assicurarci che ogni consegna porti gioia, amore e bellezza. Cosa Offriamo? Fiori Freschi: Collaboriamo con i migliori fornitori locali per garantire che i nostri fiori siano sempre freschi e di alta qualit\u00e0. Consegna Rapida e Puntuale: Offriamo un servizio di consegna rapido e affidabile, con la possibilit\u00e0 di scegliere la fascia oraria che pi\u00f9 vi conviene. Ampia Selezione: Dalle rose classiche ai bouquet personalizzati, abbiamo una vasta gamma di opzioni per soddisfare ogni gusto e occasione. Assistenza Clienti: Il nostro team \u00e8 sempre a disposizione per assistervi nella scelta del bouquet perfetto e per garantire un'esperienza di acquisto senza intoppi. Perch\u00e9 Sceglierci? Qualit\u00e0 Garantita: Ogni bouquet \u00e8 realizzato con cura dai nostri esperti fioristi, garantendo che ogni composizione sia un'opera d'arte. Servizio Personalizzato: Che sia per un anniversario, un compleanno, una celebrazione o un momento di condoglianza, personalizziamo ogni ordine per rispondere alle vostre esigenze specifiche. Soddisfazione del Cliente: La vostra soddisfazione \u00e8 la nostra priorit\u00e0 assoluta. Facciamo tutto il possibile per assicurarci che ogni consegna superi le vostre aspettative.","email":"amministrazione@floranixena.it","telephone":"3806342394","legalName":"Gaetano Votadoro"}]}},"_links":{"self":[{"href":"https:\/\/floranixena.it\/en\/wp-json\/wp\/v2\/product\/10621","targetHints":{"allow":["GET"]}}],"collection":[{"href":"https:\/\/floranixena.it\/en\/wp-json\/wp\/v2\/product"}],"about":[{"href":"https:\/\/floranixena.it\/en\/wp-json\/wp\/v2\/types\/product"}],"replies":[{"embeddable":true,"href":"https:\/\/floranixena.it\/en\/wp-json\/wp\/v2\/comments?post=10621"}],"wp:featuredmedia":[{"embeddable":true,"href":"https:\/\/floranixena.it\/en\/wp-json\/wp\/v2\/media\/9934"}],"wp:attachment":[{"href":"https:\/\/floranixena.it\/en\/wp-json\/wp\/v2\/media?parent=10621"}],"wp:term":[{"taxonomy":"product_brand","embeddable":true,"href":"https:\/\/floranixena.it\/en\/wp-json\/wp\/v2\/product_brand?post=10621"},{"taxonomy":"product_cat","embeddable":true,"href":"https:\/\/floranixena.it\/en\/wp-json\/wp\/v2\/product_cat?post=10621"},{"taxonomy":"product_tag","embeddable":true,"href":"https:\/\/floranixena.it\/en\/wp-json\/wp\/v2\/product_tag?post=10621"}],"curies":[{"name":"wp","href":"https:\/\/api.w.org\/{rel}","templated":true}]}}