{"id":10618,"date":"2025-08-04T12:43:05","date_gmt":"2025-08-04T10:43:05","guid":{"rendered":"https:\/\/floranixena.it\/product\/yellow-orchid\/"},"modified":"2025-09-12T12:32:10","modified_gmt":"2025-09-12T10:32:10","slug":"yellow-orchid-plant","status":"publish","type":"product","link":"https:\/\/floranixena.it\/en\/product\/yellow-orchid-plant\/","title":{"rendered":"Yellow Orchid"},"content":{"rendered":"<h1>Yellow Phalaenopsis<\/h1>\n<p style=\"text-align: justify;\">Like a riot of swallowtail butterflies flying out of a wizard&#8217;s hat, the abundance of bright yellow petals on this stunning double-stemmed yellow phalaenopsis orchid is guaranteed to delight. <a href=\"https:\/\/floranixena.it\/en\/catalog\/orchid\/\"><strong>Orchid<\/strong><\/a>, also known as <strong>Phalaenopsis<\/strong>, is a beautiful tropical plant that can be successfully maintained indoors. Its delightful appearance has named this <strong>plant<\/strong> as the &#8220;Charm Plant&#8221; of origin: Indonesian. It is one of the most elegant, stunningly exotic flowers and instantly takes any table in the home from boring to chic.<\/p>\n<p style=\"text-align: justify;\">Mystery, charm, seduction, elegance and beauty. Just an orchid &#8211; sensual, fragrant, fine &#8211; to speak to a woman&#8217;s heart and pay homage with a unique and unequivocal gesture.<\/p>\n<p style=\"text-align: justify;\">The <strong>orchid <\/strong>is a <a href=\"https:\/\/floranixena.it\/en\/prodotto\/orchid-plant\/\"><strong>plant <\/strong><\/a>with a sweet and seductive charm, mystery and elegance, a symbol of harmony. It is a flower that expresses a clear message about sensuality and loving conquest, dedication and passion. This flower gives you delicious and perfect gifts for a friend or relative, but the woman to whom we direct total, unconditional devotion and veneration.<\/p>\n<p style=\"text-align: justify;\">Giving the orchid means the woman of your heart means you are beautiful, you are sexy, you are a goddess. It is therefore the perfect flower as a gift when you are sure that your passion is paid for, because even the implicit message of giving the orchid as a gift is taken for granted.<\/p>\n<p style=\"text-align: justify;\">While in the West the orchid <em>speaks<\/em> of love and sensuality, China is a symbol of refinement and culture as well as purity and innocence. In Christian iconography, however, the spots on the flower petals represent the blood of Christ, which is why we see orchids adorning altars during Christmas and Easter.<\/p>\n","protected":false},"excerpt":{"rendered":"<ul>\n<li>Yellow orchid plant<\/li>\n<li>Plastic pot (brown)<\/li>\n<\/ul>\n<p><strong>Ceramic<\/strong> vase that can be purchased later<\/p>\n<p><span style=\"color: #339966;\"><strong>In this product the delivery is free<\/strong><\/span><\/p>\n","protected":false},"featured_media":9898,"comment_status":"open","ping_status":"closed","template":"","meta":[],"product_brand":[],"product_cat":[2379,2356,2463,2372,2462,2461,2459,2460,2456,2420,2457,2455,2415,2470,2465,2436,2378,2358,2468,2454,2431,2458,2387],"product_tag":[2850,2760,2714,2846,2408,2344],"class_list":{"0":"post-10618","1":"product","2":"type-product","3":"status-publish","4":"has-post-thumbnail","6":"product_cat-apologies","7":"product_cat-birthday","8":"product_cat-gift-flowers-for-birth","9":"product_cat-congratulations","10":"product_cat-easter-occasion","11":"product_cat-fathers-day-occasion","12":"product_cat-for-a-co-worker-birthday","13":"product_cat-for-a-man-birthday","14":"product_cat-for-grandparents","15":"product_cat-for-mom","16":"product_cat-for-the-sister","17":"product_cat-for-uncles","18":"product_cat-friendship","19":"product_cat-indoor-plants","20":"product_cat-its-a-boy","21":"product_cat-its-a-girl","22":"product_cat-name-day","23":"product_cat-occasion","24":"product_cat-plantes","25":"product_cat-thank-you","26":"product_cat-they-are-twins","27":"product_cat-to-a-friend","28":"product_cat-womens-day","29":"product_tag-deliver-plants","30":"product_tag-houseplant","31":"product_tag-office-plant","32":"product_tag-orchid-plant","33":"product_tag-phalaenopsis-yellow","34":"product_tag-plant","36":"first","37":"instock","38":"shipping-taxable","39":"purchasable","40":"product-type-simple"},"yoast_head":"<!-- This site is optimized with the Yoast SEO Premium plugin v27.5 (Yoast SEO v27.5) - https:\/\/yoast.com\/product\/yoast-seo-premium-wordpress\/ -->\n<title>Yellow Orchid Plant - FloraNixena - flower and plant delivery<\/title>\n<meta name=\"description\" content=\"Buy an elegant yellow orchid in pots, the ideal gift for apartments and offices. Fast and safe delivery throughout Italy.\" \/>\n<meta name=\"robots\" content=\"index, follow, max-snippet:-1, max-image-preview:large, max-video-preview:-1\" \/>\n<link rel=\"canonical\" href=\"https:\/\/floranixena.it\/en\/product\/yellow-orchid-plant\/\" \/>\n<meta property=\"og:locale\" content=\"en_US\" \/>\n<meta property=\"og:type\" content=\"article\" \/>\n<meta property=\"og:title\" content=\"Yellow Orchid\" \/>\n<meta property=\"og:description\" content=\"Yellow orchid plant  Plastic pot (brown) Ceramic vase that can be purchased later In this product the delivery is free\" \/>\n<meta property=\"og:url\" content=\"https:\/\/floranixena.it\/en\/product\/yellow-orchid-plant\/\" \/>\n<meta property=\"og:site_name\" content=\"FloraNixena - flower and plant delivery\" \/>\n<meta property=\"article:publisher\" content=\"https:\/\/www.facebook.com\/FloraNixena\/\" \/>\n<meta property=\"article:modified_time\" content=\"2025-09-12T10:32:10+00:00\" \/>\n<meta property=\"og:image\" content=\"https:\/\/floranixena.it\/wp-content\/uploads\/2019\/06\/Orchidea-gialla-da-consegnare-a-domicilio-floranixena.it_.jpg\" \/>\n\t<meta property=\"og:image:width\" content=\"800\" \/>\n\t<meta property=\"og:image:height\" content=\"800\" \/>\n\t<meta property=\"og:image:type\" content=\"image\/jpeg\" \/>\n<meta name=\"twitter:card\" content=\"summary_large_image\" \/>\n<meta name=\"twitter:label1\" content=\"Est. reading time\" \/>\n\t<meta name=\"twitter:data1\" content=\"2 minutes\" \/>\n<script type=\"application\/ld+json\" class=\"yoast-schema-graph\">{\"@context\":\"https:\\\/\\\/schema.org\",\"@graph\":[{\"@type\":\"WebPage\",\"@id\":\"https:\\\/\\\/floranixena.it\\\/en\\\/product\\\/yellow-orchid-plant\\\/\",\"url\":\"https:\\\/\\\/floranixena.it\\\/en\\\/product\\\/yellow-orchid-plant\\\/\",\"name\":\"Yellow Orchid Plant - FloraNixena - flower and plant delivery\",\"isPartOf\":{\"@id\":\"https:\\\/\\\/floranixena.it\\\/en\\\/#website\"},\"primaryImageOfPage\":{\"@id\":\"https:\\\/\\\/floranixena.it\\\/en\\\/product\\\/yellow-orchid-plant\\\/#primaryimage\"},\"image\":{\"@id\":\"https:\\\/\\\/floranixena.it\\\/en\\\/product\\\/yellow-orchid-plant\\\/#primaryimage\"},\"thumbnailUrl\":\"https:\\\/\\\/floranixena.it\\\/wp-content\\\/uploads\\\/2019\\\/06\\\/Orchidea-gialla-da-consegnare-a-domicilio-floranixena.it_.jpg\",\"datePublished\":\"2025-08-04T10:43:05+00:00\",\"dateModified\":\"2025-09-12T10:32:10+00:00\",\"description\":\"Buy an elegant yellow orchid in pots, the ideal gift for apartments and offices. Fast and safe delivery throughout Italy.\",\"breadcrumb\":{\"@id\":\"https:\\\/\\\/floranixena.it\\\/en\\\/product\\\/yellow-orchid-plant\\\/#breadcrumb\"},\"inLanguage\":\"en-US\",\"potentialAction\":[{\"@type\":\"ReadAction\",\"target\":[\"https:\\\/\\\/floranixena.it\\\/en\\\/product\\\/yellow-orchid-plant\\\/\"]}]},{\"@type\":\"ImageObject\",\"inLanguage\":\"en-US\",\"@id\":\"https:\\\/\\\/floranixena.it\\\/en\\\/product\\\/yellow-orchid-plant\\\/#primaryimage\",\"url\":\"https:\\\/\\\/floranixena.it\\\/wp-content\\\/uploads\\\/2019\\\/06\\\/Orchidea-gialla-da-consegnare-a-domicilio-floranixena.it_.jpg\",\"contentUrl\":\"https:\\\/\\\/floranixena.it\\\/wp-content\\\/uploads\\\/2019\\\/06\\\/Orchidea-gialla-da-consegnare-a-domicilio-floranixena.it_.jpg\",\"width\":800,\"height\":800,\"caption\":\"Un\u2019elegante orchidea gialla firmata FloraNixena: un tocco di luce e raffinatezza per ogni ambiente.\"},{\"@type\":\"BreadcrumbList\",\"@id\":\"https:\\\/\\\/floranixena.it\\\/en\\\/product\\\/yellow-orchid-plant\\\/#breadcrumb\",\"itemListElement\":[{\"@type\":\"ListItem\",\"position\":1,\"name\":\"Home\",\"item\":\"https:\\\/\\\/floranixena.it\\\/en\\\/\"},{\"@type\":\"ListItem\",\"position\":2,\"name\":\"Shop\",\"item\":\"https:\\\/\\\/floranixena.it\\\/en\\\/shop\\\/\"},{\"@type\":\"ListItem\",\"position\":3,\"name\":\"Yellow Orchid\"}]},{\"@type\":\"WebSite\",\"@id\":\"https:\\\/\\\/floranixena.it\\\/en\\\/#website\",\"url\":\"https:\\\/\\\/floranixena.it\\\/en\\\/\",\"name\":\"FloraNixena - Consegna fiori a domicilio in Italia\",\"description\":\"Invia fiori che raccontano storie\",\"publisher\":{\"@id\":\"https:\\\/\\\/floranixena.it\\\/en\\\/#organization\"},\"alternateName\":\"FloraNixena.it\",\"potentialAction\":[{\"@type\":\"SearchAction\",\"target\":{\"@type\":\"EntryPoint\",\"urlTemplate\":\"https:\\\/\\\/floranixena.it\\\/en\\\/?s={search_term_string}\"},\"query-input\":{\"@type\":\"PropertyValueSpecification\",\"valueRequired\":true,\"valueName\":\"search_term_string\"}}],\"inLanguage\":\"en-US\"},{\"@type\":\"Organization\",\"@id\":\"https:\\\/\\\/floranixena.it\\\/en\\\/#organization\",\"name\":\"FloraNixena.it - Consegna mazzi di fiori, bouquet e piante a domicilio\",\"url\":\"https:\\\/\\\/floranixena.it\\\/en\\\/\",\"logo\":{\"@type\":\"ImageObject\",\"inLanguage\":\"en-US\",\"@id\":\"https:\\\/\\\/floranixena.it\\\/en\\\/#\\\/schema\\\/logo\\\/image\\\/\",\"url\":\"https:\\\/\\\/floranixena.it\\\/wp-content\\\/uploads\\\/2018\\\/11\\\/logo-fucsia.png\",\"contentUrl\":\"https:\\\/\\\/floranixena.it\\\/wp-content\\\/uploads\\\/2018\\\/11\\\/logo-fucsia.png\",\"width\":315,\"height\":81,\"caption\":\"FloraNixena.it - Consegna mazzi di fiori, bouquet e piante a domicilio\"},\"image\":{\"@id\":\"https:\\\/\\\/floranixena.it\\\/en\\\/#\\\/schema\\\/logo\\\/image\\\/\"},\"sameAs\":[\"https:\\\/\\\/www.facebook.com\\\/FloraNixena\\\/\",\"https:\\\/\\\/www.instagram.com\\\/floranixena.it\\\/\",\"https:\\\/\\\/www.youtube.com\\\/channel\\\/UCAfCWXMBezO96jgPjiUgpkA\"],\"description\":\"Chi Siamo? FloraNixena \u00e8 il partner di fiducia per la consegna di fiori freschi a domicilio. Con anni di esperienza nel settore floreale, siamo dedicati a portare la bellezza e la freschezza dei fiori direttamente alla vostra porta. La Nostra Missione La nostra missione \u00e8 trasformare ogni occasione in un momento speciale attraverso la magia dei fiori. Crediamo che un bouquet possa dire pi\u00f9 di mille parole e lavoriamo instancabilmente per assicurarci che ogni consegna porti gioia, amore e bellezza. Cosa Offriamo? Fiori Freschi: Collaboriamo con i migliori fornitori locali per garantire che i nostri fiori siano sempre freschi e di alta qualit\u00e0. Consegna Rapida e Puntuale: Offriamo un servizio di consegna rapido e affidabile, con la possibilit\u00e0 di scegliere la fascia oraria che pi\u00f9 vi conviene. Ampia Selezione: Dalle rose classiche ai bouquet personalizzati, abbiamo una vasta gamma di opzioni per soddisfare ogni gusto e occasione. Assistenza Clienti: Il nostro team \u00e8 sempre a disposizione per assistervi nella scelta del bouquet perfetto e per garantire un'esperienza di acquisto senza intoppi. Perch\u00e9 Sceglierci? Qualit\u00e0 Garantita: Ogni bouquet \u00e8 realizzato con cura dai nostri esperti fioristi, garantendo che ogni composizione sia un'opera d'arte. Servizio Personalizzato: Che sia per un anniversario, un compleanno, una celebrazione o un momento di condoglianza, personalizziamo ogni ordine per rispondere alle vostre esigenze specifiche. Soddisfazione del Cliente: La vostra soddisfazione \u00e8 la nostra priorit\u00e0 assoluta. Facciamo tutto il possibile per assicurarci che ogni consegna superi le vostre aspettative.\",\"email\":\"amministrazione@floranixena.it\",\"telephone\":\"3806342394\",\"legalName\":\"Gaetano Votadoro\"}]}<\/script>\n<!-- \/ Yoast SEO Premium plugin. -->","yoast_head_json":{"title":"Yellow Orchid Plant - FloraNixena - flower and plant delivery","description":"Buy an elegant yellow orchid in pots, the ideal gift for apartments and offices. Fast and safe delivery throughout Italy.","robots":{"index":"index","follow":"follow","max-snippet":"max-snippet:-1","max-image-preview":"max-image-preview:large","max-video-preview":"max-video-preview:-1"},"canonical":"https:\/\/floranixena.it\/en\/product\/yellow-orchid-plant\/","og_locale":"en_US","og_type":"article","og_title":"Yellow Orchid","og_description":"Yellow orchid plant  Plastic pot (brown) Ceramic vase that can be purchased later In this product the delivery is free","og_url":"https:\/\/floranixena.it\/en\/product\/yellow-orchid-plant\/","og_site_name":"FloraNixena - flower and plant delivery","article_publisher":"https:\/\/www.facebook.com\/FloraNixena\/","article_modified_time":"2025-09-12T10:32:10+00:00","og_image":[{"width":800,"height":800,"url":"https:\/\/floranixena.it\/wp-content\/uploads\/2019\/06\/Orchidea-gialla-da-consegnare-a-domicilio-floranixena.it_.jpg","type":"image\/jpeg"}],"twitter_card":"summary_large_image","twitter_misc":{"Est. reading time":"2 minutes"},"schema":{"@context":"https:\/\/schema.org","@graph":[{"@type":"WebPage","@id":"https:\/\/floranixena.it\/en\/product\/yellow-orchid-plant\/","url":"https:\/\/floranixena.it\/en\/product\/yellow-orchid-plant\/","name":"Yellow Orchid Plant - FloraNixena - flower and plant delivery","isPartOf":{"@id":"https:\/\/floranixena.it\/en\/#website"},"primaryImageOfPage":{"@id":"https:\/\/floranixena.it\/en\/product\/yellow-orchid-plant\/#primaryimage"},"image":{"@id":"https:\/\/floranixena.it\/en\/product\/yellow-orchid-plant\/#primaryimage"},"thumbnailUrl":"https:\/\/floranixena.it\/wp-content\/uploads\/2019\/06\/Orchidea-gialla-da-consegnare-a-domicilio-floranixena.it_.jpg","datePublished":"2025-08-04T10:43:05+00:00","dateModified":"2025-09-12T10:32:10+00:00","description":"Buy an elegant yellow orchid in pots, the ideal gift for apartments and offices. Fast and safe delivery throughout Italy.","breadcrumb":{"@id":"https:\/\/floranixena.it\/en\/product\/yellow-orchid-plant\/#breadcrumb"},"inLanguage":"en-US","potentialAction":[{"@type":"ReadAction","target":["https:\/\/floranixena.it\/en\/product\/yellow-orchid-plant\/"]}]},{"@type":"ImageObject","inLanguage":"en-US","@id":"https:\/\/floranixena.it\/en\/product\/yellow-orchid-plant\/#primaryimage","url":"https:\/\/floranixena.it\/wp-content\/uploads\/2019\/06\/Orchidea-gialla-da-consegnare-a-domicilio-floranixena.it_.jpg","contentUrl":"https:\/\/floranixena.it\/wp-content\/uploads\/2019\/06\/Orchidea-gialla-da-consegnare-a-domicilio-floranixena.it_.jpg","width":800,"height":800,"caption":"Un\u2019elegante orchidea gialla firmata FloraNixena: un tocco di luce e raffinatezza per ogni ambiente."},{"@type":"BreadcrumbList","@id":"https:\/\/floranixena.it\/en\/product\/yellow-orchid-plant\/#breadcrumb","itemListElement":[{"@type":"ListItem","position":1,"name":"Home","item":"https:\/\/floranixena.it\/en\/"},{"@type":"ListItem","position":2,"name":"Shop","item":"https:\/\/floranixena.it\/en\/shop\/"},{"@type":"ListItem","position":3,"name":"Yellow Orchid"}]},{"@type":"WebSite","@id":"https:\/\/floranixena.it\/en\/#website","url":"https:\/\/floranixena.it\/en\/","name":"FloraNixena - Consegna fiori a domicilio in Italia","description":"Invia fiori che raccontano storie","publisher":{"@id":"https:\/\/floranixena.it\/en\/#organization"},"alternateName":"FloraNixena.it","potentialAction":[{"@type":"SearchAction","target":{"@type":"EntryPoint","urlTemplate":"https:\/\/floranixena.it\/en\/?s={search_term_string}"},"query-input":{"@type":"PropertyValueSpecification","valueRequired":true,"valueName":"search_term_string"}}],"inLanguage":"en-US"},{"@type":"Organization","@id":"https:\/\/floranixena.it\/en\/#organization","name":"FloraNixena.it - Consegna mazzi di fiori, bouquet e piante a domicilio","url":"https:\/\/floranixena.it\/en\/","logo":{"@type":"ImageObject","inLanguage":"en-US","@id":"https:\/\/floranixena.it\/en\/#\/schema\/logo\/image\/","url":"https:\/\/floranixena.it\/wp-content\/uploads\/2018\/11\/logo-fucsia.png","contentUrl":"https:\/\/floranixena.it\/wp-content\/uploads\/2018\/11\/logo-fucsia.png","width":315,"height":81,"caption":"FloraNixena.it - Consegna mazzi di fiori, bouquet e piante a domicilio"},"image":{"@id":"https:\/\/floranixena.it\/en\/#\/schema\/logo\/image\/"},"sameAs":["https:\/\/www.facebook.com\/FloraNixena\/","https:\/\/www.instagram.com\/floranixena.it\/","https:\/\/www.youtube.com\/channel\/UCAfCWXMBezO96jgPjiUgpkA"],"description":"Chi Siamo? FloraNixena \u00e8 il partner di fiducia per la consegna di fiori freschi a domicilio. Con anni di esperienza nel settore floreale, siamo dedicati a portare la bellezza e la freschezza dei fiori direttamente alla vostra porta. La Nostra Missione La nostra missione \u00e8 trasformare ogni occasione in un momento speciale attraverso la magia dei fiori. Crediamo che un bouquet possa dire pi\u00f9 di mille parole e lavoriamo instancabilmente per assicurarci che ogni consegna porti gioia, amore e bellezza. Cosa Offriamo? Fiori Freschi: Collaboriamo con i migliori fornitori locali per garantire che i nostri fiori siano sempre freschi e di alta qualit\u00e0. Consegna Rapida e Puntuale: Offriamo un servizio di consegna rapido e affidabile, con la possibilit\u00e0 di scegliere la fascia oraria che pi\u00f9 vi conviene. Ampia Selezione: Dalle rose classiche ai bouquet personalizzati, abbiamo una vasta gamma di opzioni per soddisfare ogni gusto e occasione. Assistenza Clienti: Il nostro team \u00e8 sempre a disposizione per assistervi nella scelta del bouquet perfetto e per garantire un'esperienza di acquisto senza intoppi. Perch\u00e9 Sceglierci? Qualit\u00e0 Garantita: Ogni bouquet \u00e8 realizzato con cura dai nostri esperti fioristi, garantendo che ogni composizione sia un'opera d'arte. Servizio Personalizzato: Che sia per un anniversario, un compleanno, una celebrazione o un momento di condoglianza, personalizziamo ogni ordine per rispondere alle vostre esigenze specifiche. Soddisfazione del Cliente: La vostra soddisfazione \u00e8 la nostra priorit\u00e0 assoluta. Facciamo tutto il possibile per assicurarci che ogni consegna superi le vostre aspettative.","email":"amministrazione@floranixena.it","telephone":"3806342394","legalName":"Gaetano Votadoro"}]}},"_links":{"self":[{"href":"https:\/\/floranixena.it\/en\/wp-json\/wp\/v2\/product\/10618","targetHints":{"allow":["GET"]}}],"collection":[{"href":"https:\/\/floranixena.it\/en\/wp-json\/wp\/v2\/product"}],"about":[{"href":"https:\/\/floranixena.it\/en\/wp-json\/wp\/v2\/types\/product"}],"replies":[{"embeddable":true,"href":"https:\/\/floranixena.it\/en\/wp-json\/wp\/v2\/comments?post=10618"}],"wp:featuredmedia":[{"embeddable":true,"href":"https:\/\/floranixena.it\/en\/wp-json\/wp\/v2\/media\/9898"}],"wp:attachment":[{"href":"https:\/\/floranixena.it\/en\/wp-json\/wp\/v2\/media?parent=10618"}],"wp:term":[{"taxonomy":"product_brand","embeddable":true,"href":"https:\/\/floranixena.it\/en\/wp-json\/wp\/v2\/product_brand?post=10618"},{"taxonomy":"product_cat","embeddable":true,"href":"https:\/\/floranixena.it\/en\/wp-json\/wp\/v2\/product_cat?post=10618"},{"taxonomy":"product_tag","embeddable":true,"href":"https:\/\/floranixena.it\/en\/wp-json\/wp\/v2\/product_tag?post=10618"}],"curies":[{"name":"wp","href":"https:\/\/api.w.org\/{rel}","templated":true}]}}