{"id":10616,"date":"2025-08-04T14:20:49","date_gmt":"2025-08-04T12:20:49","guid":{"rendered":"https:\/\/floranixena.it\/product\/columnar-cactus\/"},"modified":"2025-09-12T12:08:25","modified_gmt":"2025-09-12T10:08:25","slug":"cactus-succulent-plant-in-column","status":"publish","type":"product","link":"https:\/\/floranixena.it\/en\/product\/cactus-succulent-plant-in-column\/","title":{"rendered":"Columnar Cactus"},"content":{"rendered":"<h1>Column Cactus Plant<\/h1>\n<p>If you are looking for an outdoor or indoor plant that can become the flagship piece in every room of your home<strong>, the column cactus,<\/strong> also known as Cereus peruvianus, is the perfect choice. This extraordinary cactus, often confused with the Euphorbia plant, is ideal for spaces with high ceilings thanks to its ability to grow much in height. Its presence adds a touch of elegance and charm to any environment.  <\/p>\n<h3>Why Choose a Column Cactus?<\/h3>\n<p>Pillar cacti are very decorative and easy to maintain, making them an excellent choice for those who want a <a href=\"https:\/\/floranixena.it\/en\/prodotto\/sansevieria-plant\/\">beautiful <\/a>and undemanding plant. With FloraNixena, you can give away a column cactus with home delivery, making it easy and convenient to add a green touch to your home or that of a loved one. <\/p>\n<h3>features and benefits<\/h3>\n<ul>\n<li><strong>Suitable for Any Light<\/strong>: The column cactus prefers sunlight, but can thrive even in lower light conditions. This makes it extremely versatile and suitable for various indoor environments. <\/li>\n<li><strong>Minimal Maintenance: <\/strong>Cacti require less watering than other plants, making them perfect for those with a busy lifestyle.<\/li>\n<li><strong>Decorative<\/strong>: With their majestic appearance, column cacti are ideal for adding a touch of natural design to your home.<\/li>\n<li><strong>Summer Flowering:<\/strong> With the right TLC (Tender Loving Care) and optimal living conditions, you will see this plant bloom beautiful white flowers that open at night in the summer months.<\/li>\n<\/ul>\n<h3>Attention to Children and Pets<\/h3>\n<p>Pillar cacti have pointed tips that can be dangerous for young children and pets. Be sure to place them in safe places where they cannot be easily reached. <\/p>\n<p><a href=\"https:\/\/floranixena.it\/en\/prodotto\/cactus-en\/\" target=\"_blank\" rel=\"noopener\"><strong>Cacti <\/strong><\/a>should not be missing from your home or that of the <a href=\"https:\/\/floranixena.it\/en\/prodotto\/bouquet-for-the-birth-of-a-girl\/\">recipient you want to give them to.<\/a> These plants are a reflection of your inner character: strong, resistant and surprisingly beautiful. With <a href=\"https:\/\/floranixena.it\/en\/\" target=\"_blank\" rel=\"noopener\"><strong>FloraNixena<\/strong><\/a>, giving a column cactus as a gift has never been easier. Add a touch of nature to your life with a plant that is not only easy to care for, but can transform any space into an oasis of tranquility and beauty.   <\/p>\n","protected":false},"excerpt":{"rendered":"<ul>\n<li>1 Column cactus plant<\/li>\n<li>Packaged with cellophane and delivered<\/li>\n<li>Plastic vase<\/li>\n<\/ul>\n","protected":false},"featured_media":9905,"comment_status":"open","ping_status":"closed","template":"","meta":[],"product_brand":[],"product_cat":[2356,2372,2415,2417,2358,2469,2468,2454],"product_tag":[2724,2726,2482,2714,2725],"class_list":{"0":"post-10616","1":"product","2":"type-product","3":"status-publish","4":"has-post-thumbnail","6":"product_cat-birthday","7":"product_cat-congratulations","8":"product_cat-friendship","9":"product_cat-mothers-day","10":"product_cat-occasion","11":"product_cat-outdoor-plants","12":"product_cat-plantes","13":"product_cat-thank-you","14":"product_tag-cactus-en","15":"product_tag-fat-plans","16":"product_tag-indoor-plant","17":"product_tag-office-plant","18":"product_tag-succulent-plant","20":"first","21":"instock","22":"sale","23":"shipping-taxable","24":"purchasable","25":"product-type-simple"},"yoast_head":"<!-- This site is optimized with the Yoast SEO Premium plugin v27.6 (Yoast SEO v27.6) - https:\/\/yoast.com\/product\/yoast-seo-premium-wordpress\/ -->\n<title>Plant Columnar Cactus - Euphorbia - Home delivery of plants<\/title>\n<meta name=\"description\" content=\"Cactus, resistant succulent plant for indoors or outdoors, ideal for decorating your home. Discover home plants with home delivery throughout Italy\" \/>\n<meta name=\"robots\" content=\"index, follow, max-snippet:-1, max-image-preview:large, max-video-preview:-1\" \/>\n<link rel=\"canonical\" href=\"https:\/\/floranixena.it\/en\/product\/cactus-succulent-plant-in-column\/\" \/>\n<meta property=\"og:locale\" content=\"en_US\" \/>\n<meta property=\"og:type\" content=\"article\" \/>\n<meta property=\"og:title\" content=\"Columnar Cactus\" \/>\n<meta property=\"og:description\" content=\"1 Column cactus plant  Packaged with cellophane and delivered  Plastic vase\" \/>\n<meta property=\"og:url\" content=\"https:\/\/floranixena.it\/en\/product\/cactus-succulent-plant-in-column\/\" \/>\n<meta property=\"og:site_name\" content=\"FloraNixena - flower and plant delivery\" \/>\n<meta property=\"article:publisher\" content=\"https:\/\/www.facebook.com\/FloraNixena\/\" \/>\n<meta property=\"article:modified_time\" content=\"2025-09-12T10:08:25+00:00\" \/>\n<meta property=\"og:image\" content=\"https:\/\/floranixena.it\/wp-content\/uploads\/2019\/06\/Cactus-a-colonna.jpg\" \/>\n\t<meta property=\"og:image:width\" content=\"800\" \/>\n\t<meta property=\"og:image:height\" content=\"800\" \/>\n\t<meta property=\"og:image:type\" content=\"image\/jpeg\" \/>\n<meta name=\"twitter:card\" content=\"summary_large_image\" \/>\n<meta name=\"twitter:label1\" content=\"Est. reading time\" \/>\n\t<meta name=\"twitter:data1\" content=\"1 minute\" \/>\n<script type=\"application\/ld+json\" class=\"yoast-schema-graph\">{\"@context\":\"https:\\\/\\\/schema.org\",\"@graph\":[{\"@type\":\"WebPage\",\"@id\":\"https:\\\/\\\/floranixena.it\\\/en\\\/product\\\/cactus-succulent-plant-in-column\\\/\",\"url\":\"https:\\\/\\\/floranixena.it\\\/en\\\/product\\\/cactus-succulent-plant-in-column\\\/\",\"name\":\"Plant Columnar Cactus - Euphorbia - Home delivery of plants\",\"isPartOf\":{\"@id\":\"https:\\\/\\\/floranixena.it\\\/en\\\/#website\"},\"primaryImageOfPage\":{\"@id\":\"https:\\\/\\\/floranixena.it\\\/en\\\/product\\\/cactus-succulent-plant-in-column\\\/#primaryimage\"},\"image\":{\"@id\":\"https:\\\/\\\/floranixena.it\\\/en\\\/product\\\/cactus-succulent-plant-in-column\\\/#primaryimage\"},\"thumbnailUrl\":\"https:\\\/\\\/floranixena.it\\\/wp-content\\\/uploads\\\/2019\\\/06\\\/Cactus-a-colonna.jpg\",\"datePublished\":\"2025-08-04T12:20:49+00:00\",\"dateModified\":\"2025-09-12T10:08:25+00:00\",\"description\":\"Cactus, resistant succulent plant for indoors or outdoors, ideal for decorating your home. Discover home plants with home delivery throughout Italy\",\"breadcrumb\":{\"@id\":\"https:\\\/\\\/floranixena.it\\\/en\\\/product\\\/cactus-succulent-plant-in-column\\\/#breadcrumb\"},\"inLanguage\":\"en-US\",\"potentialAction\":[{\"@type\":\"ReadAction\",\"target\":[\"https:\\\/\\\/floranixena.it\\\/en\\\/product\\\/cactus-succulent-plant-in-column\\\/\"]}]},{\"@type\":\"ImageObject\",\"inLanguage\":\"en-US\",\"@id\":\"https:\\\/\\\/floranixena.it\\\/en\\\/product\\\/cactus-succulent-plant-in-column\\\/#primaryimage\",\"url\":\"https:\\\/\\\/floranixena.it\\\/wp-content\\\/uploads\\\/2019\\\/06\\\/Cactus-a-colonna.jpg\",\"contentUrl\":\"https:\\\/\\\/floranixena.it\\\/wp-content\\\/uploads\\\/2019\\\/06\\\/Cactus-a-colonna.jpg\",\"width\":800,\"height\":800,\"caption\":\"Un cactus dal design essenziale e moderno, firmato FloraNixena: la bellezza minimalista che trasmette carattere e vitalit\u00e0.\"},{\"@type\":\"BreadcrumbList\",\"@id\":\"https:\\\/\\\/floranixena.it\\\/en\\\/product\\\/cactus-succulent-plant-in-column\\\/#breadcrumb\",\"itemListElement\":[{\"@type\":\"ListItem\",\"position\":1,\"name\":\"Home\",\"item\":\"https:\\\/\\\/floranixena.it\\\/en\\\/\"},{\"@type\":\"ListItem\",\"position\":2,\"name\":\"Shop\",\"item\":\"https:\\\/\\\/floranixena.it\\\/en\\\/shop\\\/\"},{\"@type\":\"ListItem\",\"position\":3,\"name\":\"Columnar Cactus\"}]},{\"@type\":\"WebSite\",\"@id\":\"https:\\\/\\\/floranixena.it\\\/en\\\/#website\",\"url\":\"https:\\\/\\\/floranixena.it\\\/en\\\/\",\"name\":\"FloraNixena - Consegna fiori a domicilio in Italia\",\"description\":\"Invia fiori che raccontano storie\",\"publisher\":{\"@id\":\"https:\\\/\\\/floranixena.it\\\/en\\\/#organization\"},\"alternateName\":\"FloraNixena.it\",\"potentialAction\":[{\"@type\":\"SearchAction\",\"target\":{\"@type\":\"EntryPoint\",\"urlTemplate\":\"https:\\\/\\\/floranixena.it\\\/en\\\/?s={search_term_string}\"},\"query-input\":{\"@type\":\"PropertyValueSpecification\",\"valueRequired\":true,\"valueName\":\"search_term_string\"}}],\"inLanguage\":\"en-US\"},{\"@type\":\"Organization\",\"@id\":\"https:\\\/\\\/floranixena.it\\\/en\\\/#organization\",\"name\":\"FloraNixena.it - Consegna mazzi di fiori, bouquet e piante a domicilio\",\"url\":\"https:\\\/\\\/floranixena.it\\\/en\\\/\",\"logo\":{\"@type\":\"ImageObject\",\"inLanguage\":\"en-US\",\"@id\":\"https:\\\/\\\/floranixena.it\\\/en\\\/#\\\/schema\\\/logo\\\/image\\\/\",\"url\":\"https:\\\/\\\/floranixena.it\\\/wp-content\\\/uploads\\\/2018\\\/11\\\/logo-fucsia.png\",\"contentUrl\":\"https:\\\/\\\/floranixena.it\\\/wp-content\\\/uploads\\\/2018\\\/11\\\/logo-fucsia.png\",\"width\":315,\"height\":81,\"caption\":\"FloraNixena.it - Consegna mazzi di fiori, bouquet e piante a domicilio\"},\"image\":{\"@id\":\"https:\\\/\\\/floranixena.it\\\/en\\\/#\\\/schema\\\/logo\\\/image\\\/\"},\"sameAs\":[\"https:\\\/\\\/www.facebook.com\\\/FloraNixena\\\/\",\"https:\\\/\\\/www.instagram.com\\\/floranixena.it\\\/\",\"https:\\\/\\\/www.youtube.com\\\/channel\\\/UCAfCWXMBezO96jgPjiUgpkA\"],\"description\":\"Chi Siamo? FloraNixena \u00e8 il partner di fiducia per la consegna di fiori freschi a domicilio. Con anni di esperienza nel settore floreale, siamo dedicati a portare la bellezza e la freschezza dei fiori direttamente alla vostra porta. La Nostra Missione La nostra missione \u00e8 trasformare ogni occasione in un momento speciale attraverso la magia dei fiori. Crediamo che un bouquet possa dire pi\u00f9 di mille parole e lavoriamo instancabilmente per assicurarci che ogni consegna porti gioia, amore e bellezza. Cosa Offriamo? Fiori Freschi: Collaboriamo con i migliori fornitori locali per garantire che i nostri fiori siano sempre freschi e di alta qualit\u00e0. Consegna Rapida e Puntuale: Offriamo un servizio di consegna rapido e affidabile, con la possibilit\u00e0 di scegliere la fascia oraria che pi\u00f9 vi conviene. Ampia Selezione: Dalle rose classiche ai bouquet personalizzati, abbiamo una vasta gamma di opzioni per soddisfare ogni gusto e occasione. Assistenza Clienti: Il nostro team \u00e8 sempre a disposizione per assistervi nella scelta del bouquet perfetto e per garantire un'esperienza di acquisto senza intoppi. Perch\u00e9 Sceglierci? Qualit\u00e0 Garantita: Ogni bouquet \u00e8 realizzato con cura dai nostri esperti fioristi, garantendo che ogni composizione sia un'opera d'arte. Servizio Personalizzato: Che sia per un anniversario, un compleanno, una celebrazione o un momento di condoglianza, personalizziamo ogni ordine per rispondere alle vostre esigenze specifiche. Soddisfazione del Cliente: La vostra soddisfazione \u00e8 la nostra priorit\u00e0 assoluta. Facciamo tutto il possibile per assicurarci che ogni consegna superi le vostre aspettative.\",\"email\":\"amministrazione@floranixena.it\",\"telephone\":\"3806342394\",\"legalName\":\"Gaetano Votadoro\"}]}<\/script>\n<!-- \/ Yoast SEO Premium plugin. -->","yoast_head_json":{"title":"Plant Columnar Cactus - Euphorbia - Home delivery of plants","description":"Cactus, resistant succulent plant for indoors or outdoors, ideal for decorating your home. Discover home plants with home delivery throughout Italy","robots":{"index":"index","follow":"follow","max-snippet":"max-snippet:-1","max-image-preview":"max-image-preview:large","max-video-preview":"max-video-preview:-1"},"canonical":"https:\/\/floranixena.it\/en\/product\/cactus-succulent-plant-in-column\/","og_locale":"en_US","og_type":"article","og_title":"Columnar Cactus","og_description":"1 Column cactus plant  Packaged with cellophane and delivered  Plastic vase","og_url":"https:\/\/floranixena.it\/en\/product\/cactus-succulent-plant-in-column\/","og_site_name":"FloraNixena - flower and plant delivery","article_publisher":"https:\/\/www.facebook.com\/FloraNixena\/","article_modified_time":"2025-09-12T10:08:25+00:00","og_image":[{"width":800,"height":800,"url":"https:\/\/floranixena.it\/wp-content\/uploads\/2019\/06\/Cactus-a-colonna.jpg","type":"image\/jpeg"}],"twitter_card":"summary_large_image","twitter_misc":{"Est. reading time":"1 minute"},"schema":{"@context":"https:\/\/schema.org","@graph":[{"@type":"WebPage","@id":"https:\/\/floranixena.it\/en\/product\/cactus-succulent-plant-in-column\/","url":"https:\/\/floranixena.it\/en\/product\/cactus-succulent-plant-in-column\/","name":"Plant Columnar Cactus - Euphorbia - Home delivery of plants","isPartOf":{"@id":"https:\/\/floranixena.it\/en\/#website"},"primaryImageOfPage":{"@id":"https:\/\/floranixena.it\/en\/product\/cactus-succulent-plant-in-column\/#primaryimage"},"image":{"@id":"https:\/\/floranixena.it\/en\/product\/cactus-succulent-plant-in-column\/#primaryimage"},"thumbnailUrl":"https:\/\/floranixena.it\/wp-content\/uploads\/2019\/06\/Cactus-a-colonna.jpg","datePublished":"2025-08-04T12:20:49+00:00","dateModified":"2025-09-12T10:08:25+00:00","description":"Cactus, resistant succulent plant for indoors or outdoors, ideal for decorating your home. Discover home plants with home delivery throughout Italy","breadcrumb":{"@id":"https:\/\/floranixena.it\/en\/product\/cactus-succulent-plant-in-column\/#breadcrumb"},"inLanguage":"en-US","potentialAction":[{"@type":"ReadAction","target":["https:\/\/floranixena.it\/en\/product\/cactus-succulent-plant-in-column\/"]}]},{"@type":"ImageObject","inLanguage":"en-US","@id":"https:\/\/floranixena.it\/en\/product\/cactus-succulent-plant-in-column\/#primaryimage","url":"https:\/\/floranixena.it\/wp-content\/uploads\/2019\/06\/Cactus-a-colonna.jpg","contentUrl":"https:\/\/floranixena.it\/wp-content\/uploads\/2019\/06\/Cactus-a-colonna.jpg","width":800,"height":800,"caption":"Un cactus dal design essenziale e moderno, firmato FloraNixena: la bellezza minimalista che trasmette carattere e vitalit\u00e0."},{"@type":"BreadcrumbList","@id":"https:\/\/floranixena.it\/en\/product\/cactus-succulent-plant-in-column\/#breadcrumb","itemListElement":[{"@type":"ListItem","position":1,"name":"Home","item":"https:\/\/floranixena.it\/en\/"},{"@type":"ListItem","position":2,"name":"Shop","item":"https:\/\/floranixena.it\/en\/shop\/"},{"@type":"ListItem","position":3,"name":"Columnar Cactus"}]},{"@type":"WebSite","@id":"https:\/\/floranixena.it\/en\/#website","url":"https:\/\/floranixena.it\/en\/","name":"FloraNixena - Consegna fiori a domicilio in Italia","description":"Invia fiori che raccontano storie","publisher":{"@id":"https:\/\/floranixena.it\/en\/#organization"},"alternateName":"FloraNixena.it","potentialAction":[{"@type":"SearchAction","target":{"@type":"EntryPoint","urlTemplate":"https:\/\/floranixena.it\/en\/?s={search_term_string}"},"query-input":{"@type":"PropertyValueSpecification","valueRequired":true,"valueName":"search_term_string"}}],"inLanguage":"en-US"},{"@type":"Organization","@id":"https:\/\/floranixena.it\/en\/#organization","name":"FloraNixena.it - Consegna mazzi di fiori, bouquet e piante a domicilio","url":"https:\/\/floranixena.it\/en\/","logo":{"@type":"ImageObject","inLanguage":"en-US","@id":"https:\/\/floranixena.it\/en\/#\/schema\/logo\/image\/","url":"https:\/\/floranixena.it\/wp-content\/uploads\/2018\/11\/logo-fucsia.png","contentUrl":"https:\/\/floranixena.it\/wp-content\/uploads\/2018\/11\/logo-fucsia.png","width":315,"height":81,"caption":"FloraNixena.it - Consegna mazzi di fiori, bouquet e piante a domicilio"},"image":{"@id":"https:\/\/floranixena.it\/en\/#\/schema\/logo\/image\/"},"sameAs":["https:\/\/www.facebook.com\/FloraNixena\/","https:\/\/www.instagram.com\/floranixena.it\/","https:\/\/www.youtube.com\/channel\/UCAfCWXMBezO96jgPjiUgpkA"],"description":"Chi Siamo? FloraNixena \u00e8 il partner di fiducia per la consegna di fiori freschi a domicilio. Con anni di esperienza nel settore floreale, siamo dedicati a portare la bellezza e la freschezza dei fiori direttamente alla vostra porta. La Nostra Missione La nostra missione \u00e8 trasformare ogni occasione in un momento speciale attraverso la magia dei fiori. Crediamo che un bouquet possa dire pi\u00f9 di mille parole e lavoriamo instancabilmente per assicurarci che ogni consegna porti gioia, amore e bellezza. Cosa Offriamo? Fiori Freschi: Collaboriamo con i migliori fornitori locali per garantire che i nostri fiori siano sempre freschi e di alta qualit\u00e0. Consegna Rapida e Puntuale: Offriamo un servizio di consegna rapido e affidabile, con la possibilit\u00e0 di scegliere la fascia oraria che pi\u00f9 vi conviene. Ampia Selezione: Dalle rose classiche ai bouquet personalizzati, abbiamo una vasta gamma di opzioni per soddisfare ogni gusto e occasione. Assistenza Clienti: Il nostro team \u00e8 sempre a disposizione per assistervi nella scelta del bouquet perfetto e per garantire un'esperienza di acquisto senza intoppi. Perch\u00e9 Sceglierci? Qualit\u00e0 Garantita: Ogni bouquet \u00e8 realizzato con cura dai nostri esperti fioristi, garantendo che ogni composizione sia un'opera d'arte. Servizio Personalizzato: Che sia per un anniversario, un compleanno, una celebrazione o un momento di condoglianza, personalizziamo ogni ordine per rispondere alle vostre esigenze specifiche. Soddisfazione del Cliente: La vostra soddisfazione \u00e8 la nostra priorit\u00e0 assoluta. Facciamo tutto il possibile per assicurarci che ogni consegna superi le vostre aspettative.","email":"amministrazione@floranixena.it","telephone":"3806342394","legalName":"Gaetano Votadoro"}]}},"_links":{"self":[{"href":"https:\/\/floranixena.it\/en\/wp-json\/wp\/v2\/product\/10616","targetHints":{"allow":["GET"]}}],"collection":[{"href":"https:\/\/floranixena.it\/en\/wp-json\/wp\/v2\/product"}],"about":[{"href":"https:\/\/floranixena.it\/en\/wp-json\/wp\/v2\/types\/product"}],"replies":[{"embeddable":true,"href":"https:\/\/floranixena.it\/en\/wp-json\/wp\/v2\/comments?post=10616"}],"wp:featuredmedia":[{"embeddable":true,"href":"https:\/\/floranixena.it\/en\/wp-json\/wp\/v2\/media\/9905"}],"wp:attachment":[{"href":"https:\/\/floranixena.it\/en\/wp-json\/wp\/v2\/media?parent=10616"}],"wp:term":[{"taxonomy":"product_brand","embeddable":true,"href":"https:\/\/floranixena.it\/en\/wp-json\/wp\/v2\/product_brand?post=10616"},{"taxonomy":"product_cat","embeddable":true,"href":"https:\/\/floranixena.it\/en\/wp-json\/wp\/v2\/product_cat?post=10616"},{"taxonomy":"product_tag","embeddable":true,"href":"https:\/\/floranixena.it\/en\/wp-json\/wp\/v2\/product_tag?post=10616"}],"curies":[{"name":"wp","href":"https:\/\/api.w.org\/{rel}","templated":true}]}}