{"id":10571,"date":"2025-08-08T16:00:48","date_gmt":"2025-08-08T14:00:48","guid":{"rendered":"https:\/\/floranixena.it\/product\/spathiphyllum\/"},"modified":"2025-09-12T11:40:40","modified_gmt":"2025-09-12T09:40:40","slug":"spathiphyllum-plant","status":"publish","type":"product","link":"https:\/\/floranixena.it\/en\/product\/spathiphyllum-plant\/","title":{"rendered":"Spathiphyllum"},"content":{"rendered":"<h1>Spathiphyllum: the Lily of Peace that purifies the air<\/h1>\n<p><a href=\"https:\/\/floranixena.it\/en\/product\/spathiphyllum-plant\/\">Spathiphyllum<\/a>, also known as Peace Lily, is a compact and refined variety, ideal for placing on a coffee table, shelf or bookcase. Its elegant arched stems and white flowers, which are actually bracts (modified leaves), can last for several months, giving a touch of discreet and long-lasting beauty. <\/p>\n<p>Native to South America, this <a href=\"https:\/\/floranixena.it\/en\/send-flowers-and-plants-to-italy\/\">plant <\/a>is famous not only for its aesthetics, but also for its extraordinary purifying properties. It is recognized among the best indoor plants for improving air quality, helping to remove harmful substances such as formaldehyde, ammonia and carbon monoxide. <\/p>\n<p>Perfect for home and work environments, Spathiphyllum combines functionality and elegance, making it an excellent choice for those looking for a decorative and beneficial plant.<\/p>\n<h3><span class=\"\">Breathing easily with Spathiphyllum plants.<\/span><\/h3>\n<p style=\"text-align: justify;\">In general, the <strong><a href=\"https:\/\/floranixena.it\/en\/catalog\/plantes\/\">potted plants<\/a><\/strong> in your living spaces have a number of advantages. Insert a spathiphyllum plant and take things to the next level. In NASA&#8217;s Clean Air study, they have one of the <a>highest<\/a> toxin <a>removal<\/a> <a>rates<\/a> from indoor air. In addition, according to Feng Shui, they are known to harmonize and calm the energy of their surroundings. <strong><a href=\"https:\/\/floranixena.it\/en\/\">Order a spathiphyllum <\/a>plant today<\/strong> and bring peaceful vibrations to your favorite reading corner or meditation room.<\/p>\n<h3>Spathiphyllum plants are easy to care for<\/h3>\n<p style=\"text-align: justify;\">The <strong><a href=\"https:\/\/floranixena.it\/en\/catalog\/plantes\/indoor-plants\/\">spathiphyllum plant is the ideal plant <\/a><\/strong>for those with a not exactly green thumb or a life that is always on the move. It requires minimal care, adapts easily to indoor environments and can thrive even in low light. A perfect choice for those who love greenery but don&#8217;t have the time (or desire) to dedicate themselves to constant maintenance.<br \/>\n<span class=\"goog-text-highlight\">Although you can pretty much place it anywhere and be ready to go, the sweet spot for optimal growth is the combination of a light, even watering a few times a week and bright, indirect light. <\/span>Add some moisture to the mix and the <strong>spatiphyllum<\/strong> will thrive!<\/p>\n<p style=\"text-align: justify;\">It should be noted that drainage is key for <strong>Spathiphyllum plants<\/strong>, so be sure not to overwater and that the pot has a hole in the bottom. Another benefit: <strong>Spathiphyllum plants<\/strong> require minimal pruning. The typical duration of the flower cycle is about a month when they will turn brown and fade. At this point, you can cut off the entire stem at the base to allow the plant to flower again.   <\/p>\n","protected":false},"excerpt":{"rendered":"<ul>\n<li>1 Plant &#8211; Spatifyll<\/li>\n<li>Height from 28 to 40 cm approx<\/li>\n<\/ul>\n<p>Vase in photo not included<\/p>\n<p><span style=\"color: #339966;\"><strong>In this product the delivery is free<\/strong><\/span><\/p>\n","protected":false},"featured_media":9936,"comment_status":"open","ping_status":"closed","template":"","meta":[],"product_brand":[],"product_cat":[2356,2372,2415,2470,2417,2358,2469,2468,2454],"product_tag":[2482,2714,2834,2839,2837,2838,2715],"class_list":{"0":"post-10571","1":"product","2":"type-product","3":"status-publish","4":"has-post-thumbnail","6":"product_cat-birthday","7":"product_cat-congratulations","8":"product_cat-friendship","9":"product_cat-indoor-plants","10":"product_cat-mothers-day","11":"product_cat-occasion","12":"product_cat-outdoor-plants","13":"product_cat-plantes","14":"product_cat-thank-you","15":"product_tag-indoor-plant","16":"product_tag-office-plant","17":"product_tag-plant-gift-for-new-business","18":"product_tag-spathiphyllum-en-3","19":"product_tag-spathiphyllum-en","20":"product_tag-spathiphyllum-en-2","21":"product_tag-trunk-of-happiness","23":"first","24":"instock","25":"shipping-taxable","26":"purchasable","27":"product-type-simple"},"yoast_head":"<!-- This site is optimized with the Yoast SEO Premium plugin v27.5 (Yoast SEO v27.5) - https:\/\/yoast.com\/product\/yoast-seo-premium-wordpress\/ -->\n<title>Spatifyll plant - FloraNixena - flower and plant delivery<\/title>\n<meta name=\"description\" content=\"Spathiphyllum plant as a gift, for an apartment or office, with home delivery, to give to your loved one.\" \/>\n<meta name=\"robots\" content=\"index, follow, max-snippet:-1, max-image-preview:large, max-video-preview:-1\" \/>\n<link rel=\"canonical\" href=\"https:\/\/floranixena.it\/en\/product\/spathiphyllum-plant\/\" \/>\n<meta property=\"og:locale\" content=\"en_US\" \/>\n<meta property=\"og:type\" content=\"article\" \/>\n<meta property=\"og:title\" content=\"Spathiphyllum\" \/>\n<meta property=\"og:description\" content=\"1 Plant - Spatifyll  Height from 28 to 40 cm approx Vase in photo not included In this product the delivery is free\" \/>\n<meta property=\"og:url\" content=\"https:\/\/floranixena.it\/en\/product\/spathiphyllum-plant\/\" \/>\n<meta property=\"og:site_name\" content=\"FloraNixena - flower and plant delivery\" \/>\n<meta property=\"article:publisher\" content=\"https:\/\/www.facebook.com\/FloraNixena\/\" \/>\n<meta property=\"article:modified_time\" content=\"2025-09-12T09:40:40+00:00\" \/>\n<meta property=\"og:image\" content=\"https:\/\/floranixena.it\/wp-content\/uploads\/2019\/06\/Spathiphyllum-pianta-da-consegnare-a-domicilio-per-lavvio-di-una-nuova-attivita-o-per-lappartamento-in-tutta-Italia-1.jpg\" \/>\n\t<meta property=\"og:image:width\" content=\"800\" \/>\n\t<meta property=\"og:image:height\" content=\"800\" \/>\n\t<meta property=\"og:image:type\" content=\"image\/jpeg\" \/>\n<meta name=\"twitter:card\" content=\"summary_large_image\" \/>\n<meta name=\"twitter:label1\" content=\"Est. reading time\" \/>\n\t<meta name=\"twitter:data1\" content=\"2 minutes\" \/>\n<script type=\"application\/ld+json\" class=\"yoast-schema-graph\">{\"@context\":\"https:\\\/\\\/schema.org\",\"@graph\":[{\"@type\":\"WebPage\",\"@id\":\"https:\\\/\\\/floranixena.it\\\/en\\\/product\\\/spathiphyllum-plant\\\/\",\"url\":\"https:\\\/\\\/floranixena.it\\\/en\\\/product\\\/spathiphyllum-plant\\\/\",\"name\":\"Spatifyll plant - FloraNixena - flower and plant delivery\",\"isPartOf\":{\"@id\":\"https:\\\/\\\/floranixena.it\\\/en\\\/#website\"},\"primaryImageOfPage\":{\"@id\":\"https:\\\/\\\/floranixena.it\\\/en\\\/product\\\/spathiphyllum-plant\\\/#primaryimage\"},\"image\":{\"@id\":\"https:\\\/\\\/floranixena.it\\\/en\\\/product\\\/spathiphyllum-plant\\\/#primaryimage\"},\"thumbnailUrl\":\"https:\\\/\\\/floranixena.it\\\/wp-content\\\/uploads\\\/2019\\\/06\\\/Spathiphyllum-pianta-da-consegnare-a-domicilio-per-lavvio-di-una-nuova-attivita-o-per-lappartamento-in-tutta-Italia-1.jpg\",\"datePublished\":\"2025-08-08T14:00:48+00:00\",\"dateModified\":\"2025-09-12T09:40:40+00:00\",\"description\":\"Spathiphyllum plant as a gift, for an apartment or office, with home delivery, to give to your loved one.\",\"breadcrumb\":{\"@id\":\"https:\\\/\\\/floranixena.it\\\/en\\\/product\\\/spathiphyllum-plant\\\/#breadcrumb\"},\"inLanguage\":\"en-US\",\"potentialAction\":[{\"@type\":\"ReadAction\",\"target\":[\"https:\\\/\\\/floranixena.it\\\/en\\\/product\\\/spathiphyllum-plant\\\/\"]}]},{\"@type\":\"ImageObject\",\"inLanguage\":\"en-US\",\"@id\":\"https:\\\/\\\/floranixena.it\\\/en\\\/product\\\/spathiphyllum-plant\\\/#primaryimage\",\"url\":\"https:\\\/\\\/floranixena.it\\\/wp-content\\\/uploads\\\/2019\\\/06\\\/Spathiphyllum-pianta-da-consegnare-a-domicilio-per-lavvio-di-una-nuova-attivita-o-per-lappartamento-in-tutta-Italia-1.jpg\",\"contentUrl\":\"https:\\\/\\\/floranixena.it\\\/wp-content\\\/uploads\\\/2019\\\/06\\\/Spathiphyllum-pianta-da-consegnare-a-domicilio-per-lavvio-di-una-nuova-attivita-o-per-lappartamento-in-tutta-Italia-1.jpg\",\"width\":800,\"height\":800,\"caption\":\"Un tocco di serenit\u00e0 che purifica l\u2019aria e calma lo spirito.\"},{\"@type\":\"BreadcrumbList\",\"@id\":\"https:\\\/\\\/floranixena.it\\\/en\\\/product\\\/spathiphyllum-plant\\\/#breadcrumb\",\"itemListElement\":[{\"@type\":\"ListItem\",\"position\":1,\"name\":\"Home\",\"item\":\"https:\\\/\\\/floranixena.it\\\/en\\\/\"},{\"@type\":\"ListItem\",\"position\":2,\"name\":\"Shop\",\"item\":\"https:\\\/\\\/floranixena.it\\\/en\\\/shop\\\/\"},{\"@type\":\"ListItem\",\"position\":3,\"name\":\"Spathiphyllum\"}]},{\"@type\":\"WebSite\",\"@id\":\"https:\\\/\\\/floranixena.it\\\/en\\\/#website\",\"url\":\"https:\\\/\\\/floranixena.it\\\/en\\\/\",\"name\":\"FloraNixena - Consegna fiori a domicilio in Italia\",\"description\":\"Invia fiori che raccontano storie\",\"publisher\":{\"@id\":\"https:\\\/\\\/floranixena.it\\\/en\\\/#organization\"},\"alternateName\":\"FloraNixena.it\",\"potentialAction\":[{\"@type\":\"SearchAction\",\"target\":{\"@type\":\"EntryPoint\",\"urlTemplate\":\"https:\\\/\\\/floranixena.it\\\/en\\\/?s={search_term_string}\"},\"query-input\":{\"@type\":\"PropertyValueSpecification\",\"valueRequired\":true,\"valueName\":\"search_term_string\"}}],\"inLanguage\":\"en-US\"},{\"@type\":\"Organization\",\"@id\":\"https:\\\/\\\/floranixena.it\\\/en\\\/#organization\",\"name\":\"FloraNixena.it - Consegna mazzi di fiori, bouquet e piante a domicilio\",\"url\":\"https:\\\/\\\/floranixena.it\\\/en\\\/\",\"logo\":{\"@type\":\"ImageObject\",\"inLanguage\":\"en-US\",\"@id\":\"https:\\\/\\\/floranixena.it\\\/en\\\/#\\\/schema\\\/logo\\\/image\\\/\",\"url\":\"https:\\\/\\\/floranixena.it\\\/wp-content\\\/uploads\\\/2018\\\/11\\\/logo-fucsia.png\",\"contentUrl\":\"https:\\\/\\\/floranixena.it\\\/wp-content\\\/uploads\\\/2018\\\/11\\\/logo-fucsia.png\",\"width\":315,\"height\":81,\"caption\":\"FloraNixena.it - Consegna mazzi di fiori, bouquet e piante a domicilio\"},\"image\":{\"@id\":\"https:\\\/\\\/floranixena.it\\\/en\\\/#\\\/schema\\\/logo\\\/image\\\/\"},\"sameAs\":[\"https:\\\/\\\/www.facebook.com\\\/FloraNixena\\\/\",\"https:\\\/\\\/www.instagram.com\\\/floranixena.it\\\/\",\"https:\\\/\\\/www.youtube.com\\\/channel\\\/UCAfCWXMBezO96jgPjiUgpkA\"],\"description\":\"Chi Siamo? FloraNixena \u00e8 il partner di fiducia per la consegna di fiori freschi a domicilio. Con anni di esperienza nel settore floreale, siamo dedicati a portare la bellezza e la freschezza dei fiori direttamente alla vostra porta. La Nostra Missione La nostra missione \u00e8 trasformare ogni occasione in un momento speciale attraverso la magia dei fiori. Crediamo che un bouquet possa dire pi\u00f9 di mille parole e lavoriamo instancabilmente per assicurarci che ogni consegna porti gioia, amore e bellezza. Cosa Offriamo? Fiori Freschi: Collaboriamo con i migliori fornitori locali per garantire che i nostri fiori siano sempre freschi e di alta qualit\u00e0. Consegna Rapida e Puntuale: Offriamo un servizio di consegna rapido e affidabile, con la possibilit\u00e0 di scegliere la fascia oraria che pi\u00f9 vi conviene. Ampia Selezione: Dalle rose classiche ai bouquet personalizzati, abbiamo una vasta gamma di opzioni per soddisfare ogni gusto e occasione. Assistenza Clienti: Il nostro team \u00e8 sempre a disposizione per assistervi nella scelta del bouquet perfetto e per garantire un'esperienza di acquisto senza intoppi. Perch\u00e9 Sceglierci? Qualit\u00e0 Garantita: Ogni bouquet \u00e8 realizzato con cura dai nostri esperti fioristi, garantendo che ogni composizione sia un'opera d'arte. Servizio Personalizzato: Che sia per un anniversario, un compleanno, una celebrazione o un momento di condoglianza, personalizziamo ogni ordine per rispondere alle vostre esigenze specifiche. Soddisfazione del Cliente: La vostra soddisfazione \u00e8 la nostra priorit\u00e0 assoluta. Facciamo tutto il possibile per assicurarci che ogni consegna superi le vostre aspettative.\",\"email\":\"amministrazione@floranixena.it\",\"telephone\":\"3806342394\",\"legalName\":\"Gaetano Votadoro\"}]}<\/script>\n<!-- \/ Yoast SEO Premium plugin. -->","yoast_head_json":{"title":"Spatifyll plant - FloraNixena - flower and plant delivery","description":"Spathiphyllum plant as a gift, for an apartment or office, with home delivery, to give to your loved one.","robots":{"index":"index","follow":"follow","max-snippet":"max-snippet:-1","max-image-preview":"max-image-preview:large","max-video-preview":"max-video-preview:-1"},"canonical":"https:\/\/floranixena.it\/en\/product\/spathiphyllum-plant\/","og_locale":"en_US","og_type":"article","og_title":"Spathiphyllum","og_description":"1 Plant - Spatifyll  Height from 28 to 40 cm approx Vase in photo not included In this product the delivery is free","og_url":"https:\/\/floranixena.it\/en\/product\/spathiphyllum-plant\/","og_site_name":"FloraNixena - flower and plant delivery","article_publisher":"https:\/\/www.facebook.com\/FloraNixena\/","article_modified_time":"2025-09-12T09:40:40+00:00","og_image":[{"width":800,"height":800,"url":"https:\/\/floranixena.it\/wp-content\/uploads\/2019\/06\/Spathiphyllum-pianta-da-consegnare-a-domicilio-per-lavvio-di-una-nuova-attivita-o-per-lappartamento-in-tutta-Italia-1.jpg","type":"image\/jpeg"}],"twitter_card":"summary_large_image","twitter_misc":{"Est. reading time":"2 minutes"},"schema":{"@context":"https:\/\/schema.org","@graph":[{"@type":"WebPage","@id":"https:\/\/floranixena.it\/en\/product\/spathiphyllum-plant\/","url":"https:\/\/floranixena.it\/en\/product\/spathiphyllum-plant\/","name":"Spatifyll plant - FloraNixena - flower and plant delivery","isPartOf":{"@id":"https:\/\/floranixena.it\/en\/#website"},"primaryImageOfPage":{"@id":"https:\/\/floranixena.it\/en\/product\/spathiphyllum-plant\/#primaryimage"},"image":{"@id":"https:\/\/floranixena.it\/en\/product\/spathiphyllum-plant\/#primaryimage"},"thumbnailUrl":"https:\/\/floranixena.it\/wp-content\/uploads\/2019\/06\/Spathiphyllum-pianta-da-consegnare-a-domicilio-per-lavvio-di-una-nuova-attivita-o-per-lappartamento-in-tutta-Italia-1.jpg","datePublished":"2025-08-08T14:00:48+00:00","dateModified":"2025-09-12T09:40:40+00:00","description":"Spathiphyllum plant as a gift, for an apartment or office, with home delivery, to give to your loved one.","breadcrumb":{"@id":"https:\/\/floranixena.it\/en\/product\/spathiphyllum-plant\/#breadcrumb"},"inLanguage":"en-US","potentialAction":[{"@type":"ReadAction","target":["https:\/\/floranixena.it\/en\/product\/spathiphyllum-plant\/"]}]},{"@type":"ImageObject","inLanguage":"en-US","@id":"https:\/\/floranixena.it\/en\/product\/spathiphyllum-plant\/#primaryimage","url":"https:\/\/floranixena.it\/wp-content\/uploads\/2019\/06\/Spathiphyllum-pianta-da-consegnare-a-domicilio-per-lavvio-di-una-nuova-attivita-o-per-lappartamento-in-tutta-Italia-1.jpg","contentUrl":"https:\/\/floranixena.it\/wp-content\/uploads\/2019\/06\/Spathiphyllum-pianta-da-consegnare-a-domicilio-per-lavvio-di-una-nuova-attivita-o-per-lappartamento-in-tutta-Italia-1.jpg","width":800,"height":800,"caption":"Un tocco di serenit\u00e0 che purifica l\u2019aria e calma lo spirito."},{"@type":"BreadcrumbList","@id":"https:\/\/floranixena.it\/en\/product\/spathiphyllum-plant\/#breadcrumb","itemListElement":[{"@type":"ListItem","position":1,"name":"Home","item":"https:\/\/floranixena.it\/en\/"},{"@type":"ListItem","position":2,"name":"Shop","item":"https:\/\/floranixena.it\/en\/shop\/"},{"@type":"ListItem","position":3,"name":"Spathiphyllum"}]},{"@type":"WebSite","@id":"https:\/\/floranixena.it\/en\/#website","url":"https:\/\/floranixena.it\/en\/","name":"FloraNixena - Consegna fiori a domicilio in Italia","description":"Invia fiori che raccontano storie","publisher":{"@id":"https:\/\/floranixena.it\/en\/#organization"},"alternateName":"FloraNixena.it","potentialAction":[{"@type":"SearchAction","target":{"@type":"EntryPoint","urlTemplate":"https:\/\/floranixena.it\/en\/?s={search_term_string}"},"query-input":{"@type":"PropertyValueSpecification","valueRequired":true,"valueName":"search_term_string"}}],"inLanguage":"en-US"},{"@type":"Organization","@id":"https:\/\/floranixena.it\/en\/#organization","name":"FloraNixena.it - Consegna mazzi di fiori, bouquet e piante a domicilio","url":"https:\/\/floranixena.it\/en\/","logo":{"@type":"ImageObject","inLanguage":"en-US","@id":"https:\/\/floranixena.it\/en\/#\/schema\/logo\/image\/","url":"https:\/\/floranixena.it\/wp-content\/uploads\/2018\/11\/logo-fucsia.png","contentUrl":"https:\/\/floranixena.it\/wp-content\/uploads\/2018\/11\/logo-fucsia.png","width":315,"height":81,"caption":"FloraNixena.it - Consegna mazzi di fiori, bouquet e piante a domicilio"},"image":{"@id":"https:\/\/floranixena.it\/en\/#\/schema\/logo\/image\/"},"sameAs":["https:\/\/www.facebook.com\/FloraNixena\/","https:\/\/www.instagram.com\/floranixena.it\/","https:\/\/www.youtube.com\/channel\/UCAfCWXMBezO96jgPjiUgpkA"],"description":"Chi Siamo? FloraNixena \u00e8 il partner di fiducia per la consegna di fiori freschi a domicilio. Con anni di esperienza nel settore floreale, siamo dedicati a portare la bellezza e la freschezza dei fiori direttamente alla vostra porta. La Nostra Missione La nostra missione \u00e8 trasformare ogni occasione in un momento speciale attraverso la magia dei fiori. Crediamo che un bouquet possa dire pi\u00f9 di mille parole e lavoriamo instancabilmente per assicurarci che ogni consegna porti gioia, amore e bellezza. Cosa Offriamo? Fiori Freschi: Collaboriamo con i migliori fornitori locali per garantire che i nostri fiori siano sempre freschi e di alta qualit\u00e0. Consegna Rapida e Puntuale: Offriamo un servizio di consegna rapido e affidabile, con la possibilit\u00e0 di scegliere la fascia oraria che pi\u00f9 vi conviene. Ampia Selezione: Dalle rose classiche ai bouquet personalizzati, abbiamo una vasta gamma di opzioni per soddisfare ogni gusto e occasione. Assistenza Clienti: Il nostro team \u00e8 sempre a disposizione per assistervi nella scelta del bouquet perfetto e per garantire un'esperienza di acquisto senza intoppi. Perch\u00e9 Sceglierci? Qualit\u00e0 Garantita: Ogni bouquet \u00e8 realizzato con cura dai nostri esperti fioristi, garantendo che ogni composizione sia un'opera d'arte. Servizio Personalizzato: Che sia per un anniversario, un compleanno, una celebrazione o un momento di condoglianza, personalizziamo ogni ordine per rispondere alle vostre esigenze specifiche. Soddisfazione del Cliente: La vostra soddisfazione \u00e8 la nostra priorit\u00e0 assoluta. Facciamo tutto il possibile per assicurarci che ogni consegna superi le vostre aspettative.","email":"amministrazione@floranixena.it","telephone":"3806342394","legalName":"Gaetano Votadoro"}]}},"_links":{"self":[{"href":"https:\/\/floranixena.it\/en\/wp-json\/wp\/v2\/product\/10571","targetHints":{"allow":["GET"]}}],"collection":[{"href":"https:\/\/floranixena.it\/en\/wp-json\/wp\/v2\/product"}],"about":[{"href":"https:\/\/floranixena.it\/en\/wp-json\/wp\/v2\/types\/product"}],"replies":[{"embeddable":true,"href":"https:\/\/floranixena.it\/en\/wp-json\/wp\/v2\/comments?post=10571"}],"wp:featuredmedia":[{"embeddable":true,"href":"https:\/\/floranixena.it\/en\/wp-json\/wp\/v2\/media\/9936"}],"wp:attachment":[{"href":"https:\/\/floranixena.it\/en\/wp-json\/wp\/v2\/media?parent=10571"}],"wp:term":[{"taxonomy":"product_brand","embeddable":true,"href":"https:\/\/floranixena.it\/en\/wp-json\/wp\/v2\/product_brand?post=10571"},{"taxonomy":"product_cat","embeddable":true,"href":"https:\/\/floranixena.it\/en\/wp-json\/wp\/v2\/product_cat?post=10571"},{"taxonomy":"product_tag","embeddable":true,"href":"https:\/\/floranixena.it\/en\/wp-json\/wp\/v2\/product_tag?post=10571"}],"curies":[{"name":"wp","href":"https:\/\/api.w.org\/{rel}","templated":true}]}}