{"id":10562,"date":"2025-12-06T08:40:44","date_gmt":"2025-12-06T07:40:44","guid":{"rendered":"https:\/\/floranixena.it\/product\/love-letter\/"},"modified":"2025-09-12T11:17:31","modified_gmt":"2025-09-12T09:17:31","slug":"bouquet-of-liliums-pink-and-roses-red","status":"publish","type":"product","link":"https:\/\/floranixena.it\/en\/product\/bouquet-of-liliums-pink-and-roses-red\/","title":{"rendered":"Love Letter"},"content":{"rendered":"<h1>Bouquet of Roses and Lilium<\/h1>\n<p style=\"text-align: justify;\">A <strong><a href=\"https:\/\/floranixena.it\/en\/prodotto\/bouquet-of-liliums-pink-and-roses-red\/\">Beautiful bouquet to give to the wife or girlfriend<\/a><\/strong> full of colorful <a href=\"https:\/\/floranixena.it\/?post_type=product&#038;p=2781\">flowers<\/a>. Roses combined with pink Liliums and red roses form the perfect match. All you have to do now is to conclude with a kiss&#8230;.<\/p>\n<p style=\"text-align: justify;\">The<a href=\"https:\/\/floranixena.it\/en\/prodotto\/bouquet-of-lilium-and-roses\/\"><strong> Rose and Lilium Bouquet<\/strong><\/a>, entirely hand-knotted, is a best seller here at FloraNixena and is the perfect choice for <strong><a href=\"https:\/\/floranixena.it\/invia-fiori-e-piante\/bouquet-50-rose-rosse-luxury\/\">an anniversary gift.<\/a><\/strong> Fabulously fragrant, the this beautiful <strong><a href=\"https:\/\/floranixena.it\/en\/prodotto\/bouquet-of-12-red-roses\/\">bouquet of red roses<\/a><\/strong> e <strong><a href=\"https:\/\/floranixena.it\/en\/prodotto\/bouquet-lilium-rose\/\">pink lilium<\/a><\/strong> boasts a brilliant mix of fresh and vivid colors. Combining pink <a href=\"https:\/\/floranixena.it\/en\/prodotto\/bunch-of-carnations-and-lilies\/\">Liliums<\/a>, <a href=\"https:\/\/floranixena.it\/en\/prodotto\/bouquet-of-red-and-white-roses-with-gypsophila\/\">red roses<\/a>, Chrysanthemums and aspidermis leaves, fragrant foliage to create a truly wonderful arrangement for a loved one. Make it a <a href=\"https:\/\/floranixena.it\/en\/catalog\/love-and-romance\/for-the-wife-or-girlfriend\/\"><strong>special gift<\/strong><\/a> and add boxes of chocolates or sparkling wine.<\/p>\n<p style=\"text-align: justify;\">The <strong>beautiful Lilium bouquet<\/strong> captures the romantic spirit of your love with a gorgeous array of soft pink flowers! A Surprising arrangement of love-themed <a href=\"https:\/\/floranixena.it\/en\/prodotto\/bouquet-of-rose-balls-and-lysianthus\/\">roses <\/a>and Liliums are beautifully mixed with green chrysanthemums for an enchanting show . This <strong>bouquet will be hand delivered<\/strong> will make your sweetheart smile in no time. <strong>Sending flowers today for your wife<\/strong>, girlfriend or just mom is simple with FloraNixena.  Great for anniversary, birthday and romantic gifts. <span class=\"goog-text-highlight\">It is also perfect for <strong>Mother&#8217;s Day<\/strong>.<\/span><\/p>\n","protected":false},"excerpt":{"rendered":"<ul>\n<li>5 Pink Lilium<\/li>\n<li>7 Red roses<\/li>\n<li>Decorative leaves<\/li>\n<li>Pink chrysanthemum<\/li>\n<\/ul>\n<p>Vase not included<\/p>\n<p><span style=\"color: #339966;\"><strong>In this product the delivery is free<\/strong><\/span><\/p>\n","protected":false},"featured_media":9888,"comment_status":"open","ping_status":"closed","template":"","meta":[],"product_brand":[],"product_cat":[2371,2356,2340,2372,2461,2415,2453,2436,2450,2355,2417,2378,2358,2362,2419,2437,2423,2454,2377],"product_tag":[2835,2495,2477,2406,2367,2497],"class_list":{"0":"post-10562","1":"product","2":"type-product","3":"status-publish","4":"has-post-thumbnail","6":"product_cat-anniversary","7":"product_cat-birthday","8":"product_cat-christmas","9":"product_cat-congratulations","10":"product_cat-fathers-day-occasion","11":"product_cat-friendship","12":"product_cat-funeral","13":"product_cat-its-a-girl","14":"product_cat-lilium-en","15":"product_cat-love-and-romance","16":"product_cat-mothers-day","17":"product_cat-name-day","18":"product_cat-occasion","19":"product_cat-roses","20":"product_cat-seasonal-flowers","21":"product_cat-spring-flowers","22":"product_cat-summer-flowers","23":"product_cat-thank-you","24":"product_cat-university-degree","25":"product_tag-bouquet-of-pink-lilium","26":"product_tag-fathers-day","27":"product_tag-iris-en","28":"product_tag-lilium-en","29":"product_tag-red-roses","30":"product_tag-rose-en","32":"first","33":"instock","34":"shipping-taxable","35":"purchasable","36":"product-type-simple"},"yoast_head":"<!-- This site is optimized with the Yoast SEO Premium plugin v27.5 (Yoast SEO v27.5) - https:\/\/yoast.com\/product\/yoast-seo-premium-wordpress\/ -->\n<title>Bouquet of Lilium and Red Roses - FloraNixena - flower and plant delivery<\/title>\n<meta name=\"description\" content=\"Bouquet of pink Lilium and red roses. Online sale, wife gift, anniversary, engagement, home delivery of flowers.\" \/>\n<meta name=\"robots\" content=\"index, follow, max-snippet:-1, max-image-preview:large, max-video-preview:-1\" \/>\n<link rel=\"canonical\" href=\"https:\/\/floranixena.it\/en\/product\/bouquet-of-liliums-pink-and-roses-red\/\" \/>\n<meta property=\"og:locale\" content=\"en_US\" \/>\n<meta property=\"og:type\" content=\"article\" \/>\n<meta property=\"og:title\" content=\"Love Letter\" \/>\n<meta property=\"og:description\" content=\"5 Pink Lilium  7 Red roses  Decorative leaves  Pink chrysanthemum Vase not included In this product the delivery is free\" \/>\n<meta property=\"og:url\" content=\"https:\/\/floranixena.it\/en\/product\/bouquet-of-liliums-pink-and-roses-red\/\" \/>\n<meta property=\"og:site_name\" content=\"FloraNixena - flower and plant delivery\" \/>\n<meta property=\"article:publisher\" content=\"https:\/\/www.facebook.com\/FloraNixena\/\" \/>\n<meta property=\"og:image\" content=\"https:\/\/floranixena.it\/wp-content\/uploads\/2019\/06\/Bouquet-di-Lilium-rosa-e-rose-rosse-con-consegna-a-domicilio-in-tutta-Italia.jpg\" \/>\n\t<meta property=\"og:image:width\" content=\"800\" \/>\n\t<meta property=\"og:image:height\" content=\"800\" \/>\n\t<meta property=\"og:image:type\" content=\"image\/jpeg\" \/>\n<meta name=\"twitter:card\" content=\"summary_large_image\" \/>\n<meta name=\"twitter:label1\" content=\"Est. reading time\" \/>\n\t<meta name=\"twitter:data1\" content=\"1 minute\" \/>\n<script type=\"application\/ld+json\" class=\"yoast-schema-graph\">{\"@context\":\"https:\\\/\\\/schema.org\",\"@graph\":[{\"@type\":\"WebPage\",\"@id\":\"https:\\\/\\\/floranixena.it\\\/en\\\/product\\\/bouquet-of-liliums-pink-and-roses-red\\\/\",\"url\":\"https:\\\/\\\/floranixena.it\\\/en\\\/product\\\/bouquet-of-liliums-pink-and-roses-red\\\/\",\"name\":\"Bouquet of Lilium and Red Roses - FloraNixena - flower and plant delivery\",\"isPartOf\":{\"@id\":\"https:\\\/\\\/floranixena.it\\\/en\\\/#website\"},\"primaryImageOfPage\":{\"@id\":\"https:\\\/\\\/floranixena.it\\\/en\\\/product\\\/bouquet-of-liliums-pink-and-roses-red\\\/#primaryimage\"},\"image\":{\"@id\":\"https:\\\/\\\/floranixena.it\\\/en\\\/product\\\/bouquet-of-liliums-pink-and-roses-red\\\/#primaryimage\"},\"thumbnailUrl\":\"https:\\\/\\\/floranixena.it\\\/wp-content\\\/uploads\\\/2019\\\/06\\\/Bouquet-di-Lilium-rosa-e-rose-rosse-con-consegna-a-domicilio-in-tutta-Italia.jpg\",\"datePublished\":\"2025-12-06T07:40:44+00:00\",\"description\":\"Bouquet of pink Lilium and red roses. Online sale, wife gift, anniversary, engagement, home delivery of flowers.\",\"breadcrumb\":{\"@id\":\"https:\\\/\\\/floranixena.it\\\/en\\\/product\\\/bouquet-of-liliums-pink-and-roses-red\\\/#breadcrumb\"},\"inLanguage\":\"en-US\",\"potentialAction\":[{\"@type\":\"ReadAction\",\"target\":[\"https:\\\/\\\/floranixena.it\\\/en\\\/product\\\/bouquet-of-liliums-pink-and-roses-red\\\/\"]}]},{\"@type\":\"ImageObject\",\"inLanguage\":\"en-US\",\"@id\":\"https:\\\/\\\/floranixena.it\\\/en\\\/product\\\/bouquet-of-liliums-pink-and-roses-red\\\/#primaryimage\",\"url\":\"https:\\\/\\\/floranixena.it\\\/wp-content\\\/uploads\\\/2019\\\/06\\\/Bouquet-di-Lilium-rosa-e-rose-rosse-con-consegna-a-domicilio-in-tutta-Italia.jpg\",\"contentUrl\":\"https:\\\/\\\/floranixena.it\\\/wp-content\\\/uploads\\\/2019\\\/06\\\/Bouquet-di-Lilium-rosa-e-rose-rosse-con-consegna-a-domicilio-in-tutta-Italia.jpg\",\"width\":800,\"height\":800,\"caption\":\"Bouquet vivace e armonioso con fiori dai colori intensi. Ideale per regali eleganti e decorazioni floreali. Disponibile su Floranixena.\"},{\"@type\":\"BreadcrumbList\",\"@id\":\"https:\\\/\\\/floranixena.it\\\/en\\\/product\\\/bouquet-of-liliums-pink-and-roses-red\\\/#breadcrumb\",\"itemListElement\":[{\"@type\":\"ListItem\",\"position\":1,\"name\":\"Home\",\"item\":\"https:\\\/\\\/floranixena.it\\\/en\\\/\"},{\"@type\":\"ListItem\",\"position\":2,\"name\":\"Shop\",\"item\":\"https:\\\/\\\/floranixena.it\\\/en\\\/shop\\\/\"},{\"@type\":\"ListItem\",\"position\":3,\"name\":\"Love Letter\"}]},{\"@type\":\"WebSite\",\"@id\":\"https:\\\/\\\/floranixena.it\\\/en\\\/#website\",\"url\":\"https:\\\/\\\/floranixena.it\\\/en\\\/\",\"name\":\"FloraNixena - Consegna fiori a domicilio in Italia\",\"description\":\"Invia fiori che raccontano storie\",\"publisher\":{\"@id\":\"https:\\\/\\\/floranixena.it\\\/en\\\/#organization\"},\"alternateName\":\"FloraNixena.it\",\"potentialAction\":[{\"@type\":\"SearchAction\",\"target\":{\"@type\":\"EntryPoint\",\"urlTemplate\":\"https:\\\/\\\/floranixena.it\\\/en\\\/?s={search_term_string}\"},\"query-input\":{\"@type\":\"PropertyValueSpecification\",\"valueRequired\":true,\"valueName\":\"search_term_string\"}}],\"inLanguage\":\"en-US\"},{\"@type\":\"Organization\",\"@id\":\"https:\\\/\\\/floranixena.it\\\/en\\\/#organization\",\"name\":\"FloraNixena.it - Consegna mazzi di fiori, bouquet e piante a domicilio\",\"url\":\"https:\\\/\\\/floranixena.it\\\/en\\\/\",\"logo\":{\"@type\":\"ImageObject\",\"inLanguage\":\"en-US\",\"@id\":\"https:\\\/\\\/floranixena.it\\\/en\\\/#\\\/schema\\\/logo\\\/image\\\/\",\"url\":\"https:\\\/\\\/floranixena.it\\\/wp-content\\\/uploads\\\/2018\\\/11\\\/logo-fucsia.png\",\"contentUrl\":\"https:\\\/\\\/floranixena.it\\\/wp-content\\\/uploads\\\/2018\\\/11\\\/logo-fucsia.png\",\"width\":315,\"height\":81,\"caption\":\"FloraNixena.it - Consegna mazzi di fiori, bouquet e piante a domicilio\"},\"image\":{\"@id\":\"https:\\\/\\\/floranixena.it\\\/en\\\/#\\\/schema\\\/logo\\\/image\\\/\"},\"sameAs\":[\"https:\\\/\\\/www.facebook.com\\\/FloraNixena\\\/\",\"https:\\\/\\\/www.instagram.com\\\/floranixena.it\\\/\",\"https:\\\/\\\/www.youtube.com\\\/channel\\\/UCAfCWXMBezO96jgPjiUgpkA\"],\"description\":\"Chi Siamo? FloraNixena \u00e8 il partner di fiducia per la consegna di fiori freschi a domicilio. Con anni di esperienza nel settore floreale, siamo dedicati a portare la bellezza e la freschezza dei fiori direttamente alla vostra porta. La Nostra Missione La nostra missione \u00e8 trasformare ogni occasione in un momento speciale attraverso la magia dei fiori. Crediamo che un bouquet possa dire pi\u00f9 di mille parole e lavoriamo instancabilmente per assicurarci che ogni consegna porti gioia, amore e bellezza. Cosa Offriamo? Fiori Freschi: Collaboriamo con i migliori fornitori locali per garantire che i nostri fiori siano sempre freschi e di alta qualit\u00e0. Consegna Rapida e Puntuale: Offriamo un servizio di consegna rapido e affidabile, con la possibilit\u00e0 di scegliere la fascia oraria che pi\u00f9 vi conviene. Ampia Selezione: Dalle rose classiche ai bouquet personalizzati, abbiamo una vasta gamma di opzioni per soddisfare ogni gusto e occasione. Assistenza Clienti: Il nostro team \u00e8 sempre a disposizione per assistervi nella scelta del bouquet perfetto e per garantire un'esperienza di acquisto senza intoppi. Perch\u00e9 Sceglierci? Qualit\u00e0 Garantita: Ogni bouquet \u00e8 realizzato con cura dai nostri esperti fioristi, garantendo che ogni composizione sia un'opera d'arte. Servizio Personalizzato: Che sia per un anniversario, un compleanno, una celebrazione o un momento di condoglianza, personalizziamo ogni ordine per rispondere alle vostre esigenze specifiche. Soddisfazione del Cliente: La vostra soddisfazione \u00e8 la nostra priorit\u00e0 assoluta. Facciamo tutto il possibile per assicurarci che ogni consegna superi le vostre aspettative.\",\"email\":\"amministrazione@floranixena.it\",\"telephone\":\"3806342394\",\"legalName\":\"Gaetano Votadoro\"}]}<\/script>\n<!-- \/ Yoast SEO Premium plugin. -->","yoast_head_json":{"title":"Bouquet of Lilium and Red Roses - FloraNixena - flower and plant delivery","description":"Bouquet of pink Lilium and red roses. Online sale, wife gift, anniversary, engagement, home delivery of flowers.","robots":{"index":"index","follow":"follow","max-snippet":"max-snippet:-1","max-image-preview":"max-image-preview:large","max-video-preview":"max-video-preview:-1"},"canonical":"https:\/\/floranixena.it\/en\/product\/bouquet-of-liliums-pink-and-roses-red\/","og_locale":"en_US","og_type":"article","og_title":"Love Letter","og_description":"5 Pink Lilium  7 Red roses  Decorative leaves  Pink chrysanthemum Vase not included In this product the delivery is free","og_url":"https:\/\/floranixena.it\/en\/product\/bouquet-of-liliums-pink-and-roses-red\/","og_site_name":"FloraNixena - flower and plant delivery","article_publisher":"https:\/\/www.facebook.com\/FloraNixena\/","og_image":[{"width":800,"height":800,"url":"https:\/\/floranixena.it\/wp-content\/uploads\/2019\/06\/Bouquet-di-Lilium-rosa-e-rose-rosse-con-consegna-a-domicilio-in-tutta-Italia.jpg","type":"image\/jpeg"}],"twitter_card":"summary_large_image","twitter_misc":{"Est. reading time":"1 minute"},"schema":{"@context":"https:\/\/schema.org","@graph":[{"@type":"WebPage","@id":"https:\/\/floranixena.it\/en\/product\/bouquet-of-liliums-pink-and-roses-red\/","url":"https:\/\/floranixena.it\/en\/product\/bouquet-of-liliums-pink-and-roses-red\/","name":"Bouquet of Lilium and Red Roses - FloraNixena - flower and plant delivery","isPartOf":{"@id":"https:\/\/floranixena.it\/en\/#website"},"primaryImageOfPage":{"@id":"https:\/\/floranixena.it\/en\/product\/bouquet-of-liliums-pink-and-roses-red\/#primaryimage"},"image":{"@id":"https:\/\/floranixena.it\/en\/product\/bouquet-of-liliums-pink-and-roses-red\/#primaryimage"},"thumbnailUrl":"https:\/\/floranixena.it\/wp-content\/uploads\/2019\/06\/Bouquet-di-Lilium-rosa-e-rose-rosse-con-consegna-a-domicilio-in-tutta-Italia.jpg","datePublished":"2025-12-06T07:40:44+00:00","description":"Bouquet of pink Lilium and red roses. Online sale, wife gift, anniversary, engagement, home delivery of flowers.","breadcrumb":{"@id":"https:\/\/floranixena.it\/en\/product\/bouquet-of-liliums-pink-and-roses-red\/#breadcrumb"},"inLanguage":"en-US","potentialAction":[{"@type":"ReadAction","target":["https:\/\/floranixena.it\/en\/product\/bouquet-of-liliums-pink-and-roses-red\/"]}]},{"@type":"ImageObject","inLanguage":"en-US","@id":"https:\/\/floranixena.it\/en\/product\/bouquet-of-liliums-pink-and-roses-red\/#primaryimage","url":"https:\/\/floranixena.it\/wp-content\/uploads\/2019\/06\/Bouquet-di-Lilium-rosa-e-rose-rosse-con-consegna-a-domicilio-in-tutta-Italia.jpg","contentUrl":"https:\/\/floranixena.it\/wp-content\/uploads\/2019\/06\/Bouquet-di-Lilium-rosa-e-rose-rosse-con-consegna-a-domicilio-in-tutta-Italia.jpg","width":800,"height":800,"caption":"Bouquet vivace e armonioso con fiori dai colori intensi. Ideale per regali eleganti e decorazioni floreali. Disponibile su Floranixena."},{"@type":"BreadcrumbList","@id":"https:\/\/floranixena.it\/en\/product\/bouquet-of-liliums-pink-and-roses-red\/#breadcrumb","itemListElement":[{"@type":"ListItem","position":1,"name":"Home","item":"https:\/\/floranixena.it\/en\/"},{"@type":"ListItem","position":2,"name":"Shop","item":"https:\/\/floranixena.it\/en\/shop\/"},{"@type":"ListItem","position":3,"name":"Love Letter"}]},{"@type":"WebSite","@id":"https:\/\/floranixena.it\/en\/#website","url":"https:\/\/floranixena.it\/en\/","name":"FloraNixena - Consegna fiori a domicilio in Italia","description":"Invia fiori che raccontano storie","publisher":{"@id":"https:\/\/floranixena.it\/en\/#organization"},"alternateName":"FloraNixena.it","potentialAction":[{"@type":"SearchAction","target":{"@type":"EntryPoint","urlTemplate":"https:\/\/floranixena.it\/en\/?s={search_term_string}"},"query-input":{"@type":"PropertyValueSpecification","valueRequired":true,"valueName":"search_term_string"}}],"inLanguage":"en-US"},{"@type":"Organization","@id":"https:\/\/floranixena.it\/en\/#organization","name":"FloraNixena.it - Consegna mazzi di fiori, bouquet e piante a domicilio","url":"https:\/\/floranixena.it\/en\/","logo":{"@type":"ImageObject","inLanguage":"en-US","@id":"https:\/\/floranixena.it\/en\/#\/schema\/logo\/image\/","url":"https:\/\/floranixena.it\/wp-content\/uploads\/2018\/11\/logo-fucsia.png","contentUrl":"https:\/\/floranixena.it\/wp-content\/uploads\/2018\/11\/logo-fucsia.png","width":315,"height":81,"caption":"FloraNixena.it - Consegna mazzi di fiori, bouquet e piante a domicilio"},"image":{"@id":"https:\/\/floranixena.it\/en\/#\/schema\/logo\/image\/"},"sameAs":["https:\/\/www.facebook.com\/FloraNixena\/","https:\/\/www.instagram.com\/floranixena.it\/","https:\/\/www.youtube.com\/channel\/UCAfCWXMBezO96jgPjiUgpkA"],"description":"Chi Siamo? FloraNixena \u00e8 il partner di fiducia per la consegna di fiori freschi a domicilio. Con anni di esperienza nel settore floreale, siamo dedicati a portare la bellezza e la freschezza dei fiori direttamente alla vostra porta. La Nostra Missione La nostra missione \u00e8 trasformare ogni occasione in un momento speciale attraverso la magia dei fiori. Crediamo che un bouquet possa dire pi\u00f9 di mille parole e lavoriamo instancabilmente per assicurarci che ogni consegna porti gioia, amore e bellezza. Cosa Offriamo? Fiori Freschi: Collaboriamo con i migliori fornitori locali per garantire che i nostri fiori siano sempre freschi e di alta qualit\u00e0. Consegna Rapida e Puntuale: Offriamo un servizio di consegna rapido e affidabile, con la possibilit\u00e0 di scegliere la fascia oraria che pi\u00f9 vi conviene. Ampia Selezione: Dalle rose classiche ai bouquet personalizzati, abbiamo una vasta gamma di opzioni per soddisfare ogni gusto e occasione. Assistenza Clienti: Il nostro team \u00e8 sempre a disposizione per assistervi nella scelta del bouquet perfetto e per garantire un'esperienza di acquisto senza intoppi. Perch\u00e9 Sceglierci? Qualit\u00e0 Garantita: Ogni bouquet \u00e8 realizzato con cura dai nostri esperti fioristi, garantendo che ogni composizione sia un'opera d'arte. Servizio Personalizzato: Che sia per un anniversario, un compleanno, una celebrazione o un momento di condoglianza, personalizziamo ogni ordine per rispondere alle vostre esigenze specifiche. Soddisfazione del Cliente: La vostra soddisfazione \u00e8 la nostra priorit\u00e0 assoluta. Facciamo tutto il possibile per assicurarci che ogni consegna superi le vostre aspettative.","email":"amministrazione@floranixena.it","telephone":"3806342394","legalName":"Gaetano Votadoro"}]}},"_links":{"self":[{"href":"https:\/\/floranixena.it\/en\/wp-json\/wp\/v2\/product\/10562","targetHints":{"allow":["GET"]}}],"collection":[{"href":"https:\/\/floranixena.it\/en\/wp-json\/wp\/v2\/product"}],"about":[{"href":"https:\/\/floranixena.it\/en\/wp-json\/wp\/v2\/types\/product"}],"replies":[{"embeddable":true,"href":"https:\/\/floranixena.it\/en\/wp-json\/wp\/v2\/comments?post=10562"}],"wp:featuredmedia":[{"embeddable":true,"href":"https:\/\/floranixena.it\/en\/wp-json\/wp\/v2\/media\/9888"}],"wp:attachment":[{"href":"https:\/\/floranixena.it\/en\/wp-json\/wp\/v2\/media?parent=10562"}],"wp:term":[{"taxonomy":"product_brand","embeddable":true,"href":"https:\/\/floranixena.it\/en\/wp-json\/wp\/v2\/product_brand?post=10562"},{"taxonomy":"product_cat","embeddable":true,"href":"https:\/\/floranixena.it\/en\/wp-json\/wp\/v2\/product_cat?post=10562"},{"taxonomy":"product_tag","embeddable":true,"href":"https:\/\/floranixena.it\/en\/wp-json\/wp\/v2\/product_tag?post=10562"}],"curies":[{"name":"wp","href":"https:\/\/api.w.org\/{rel}","templated":true}]}}