{"id":10547,"date":"2025-12-06T09:10:06","date_gmt":"2025-12-06T08:10:06","guid":{"rendered":"https:\/\/floranixena.it\/product\/twinkling-stars\/"},"modified":"2025-08-12T11:53:28","modified_gmt":"2025-08-12T09:53:28","slug":"bunch-of-iris-and-tulipans","status":"publish","type":"product","link":"https:\/\/floranixena.it\/en\/product\/bunch-of-iris-and-tulipans\/","title":{"rendered":"Twinkling Stars"},"content":{"rendered":"<h1>The blue <a href=\"https:\/\/floranixena.it\/en\/catalog\/flowers-by-species\/iris-en\/\" target=\"_blank\" rel=\"noopener\"><strong>Iris <\/strong><\/a>bouquet<\/h1>\n<p>blossom with a jeweler&#8217;s wonder and spring grace. The deep midnight blue irises create an elegant display of simple spring beauty and refinement, transmitting your most sincere and affectionate desires to the recipient. Accentuated by lush greens, the <a href=\"https:\/\/floranixena.it\/en\/prodotto\/rose-pink-and-statice\/\">flowers <\/a>are gracefully arranged in a simple and refined bouquet, designed to enhance the striking color and freshness of these spring flowers.  <\/p>\n<p>If you want to show someone how much they care about you, send a magnificent <a href=\"https:\/\/floranixena.it\/en\/prodotto\/bunch-of-gerberas-blue-irises-turmeric-and-freesias\/\" target=\"_blank\" rel=\"noopener\"><strong>bouquet of vibrant and colorful irises.<\/strong><\/a> Derived from the Greek word meaning &#8220;<a href=\"https:\/\/floranixena.it\/en\/catalog\/love-and-romance\/for-gay-couples\/\" target=\"_blank\" rel=\"noopener\"><strong>rainbow<\/strong><\/a>&#8220;, irises come in various shades of blue and purple, as well as shades of yellow, white and other shades. Blue, in particular, is the most popular color among these flowers, perhaps because it represents a tone of natural blue uncommon among flowers, thus avoiding artificial manipulation.  <\/p>\n<p>In addition to symbolizing faith, hope and wisdom, this elegant flower takes on distinctive meanings depending on the color and cultural context in which it is used. For example, <strong>white irises<\/strong> are perfect for expressing condolences or healing, while <strong>purple irises<\/strong> represent wisdom, royalty or admiration. <\/p>\n<p><a href=\"https:\/\/floranixena.it\/en\/\" target=\"_blank\" rel=\"noopener\"><strong>FloraNixena <\/strong><\/a>is proudly committed to carefully setting up and packaging your iris bouquet. <a href=\"https:\/\/floranixena.it\/en\/prodotto\/crown-funebre-with-lilium-and-iris-viola\/\">Our flowers<\/a> are delivered fresh from the fields, ensuring that when they arrive at the recipient, the iris buds will be ready to bloom and show all their magnificent beauty and color. Blue irises are extraordinarily beautiful to send on their own, but they can also be combined with other flowers such as Liliums and <a href=\"https:\/\/tulipark.it\/shop\/categoria-prodotto\/bulbi-e-sementi-da-fiore-online\/bulbi-da-fiore\/bulbi-di-tulipano\/\" target=\"_blank\" rel=\"noopener\"><strong>tulips <\/strong><\/a>to create unique and enchanting compositions. <\/p>\n<p>For a complete understanding of the meaning of iris flowers and their colors, we invite you to visit our<a href=\"https:\/\/floranixena.it\/en\/language-of-flowers\/\" target=\"_blank\" rel=\"noopener\"><strong> flower guide.<\/strong><\/a><\/p>\n","protected":false},"excerpt":{"rendered":"<ul>\n<li>10 Blue Iris<\/li>\n<li>White tulips (November to May)<\/li>\n<li>Lisianthus alternatively<\/li>\n<li>Decorative leaves<\/li>\n<\/ul>\n<p>Vase not included<\/p>\n","protected":false},"featured_media":9943,"comment_status":"open","ping_status":"closed","template":"","meta":[],"product_brand":[],"product_cat":[2370,2432,2433,2434,2435,2356,2372,2461,2415,2449,2436,2451,2355,2417,2378,2358,2419,2437,2423,2454,2388,2377],"product_tag":[2496,2495,2477,2833],"class_list":{"0":"post-10547","1":"product","2":"type-product","3":"status-publish","4":"has-post-thumbnail","6":"product_cat-10th-wedding-anniversary-tin","7":"product_cat-25th-silver-wedding-anniversary","8":"product_cat-30th-wedding-anniversary-of-pearls","9":"product_cat-40th-wedding-anniversary-emerald","10":"product_cat-50th-golden-wedding-anniversary","11":"product_cat-birthday","12":"product_cat-congratulations","13":"product_cat-fathers-day-occasion","14":"product_cat-friendship","15":"product_cat-iris-en","16":"product_cat-its-a-girl","17":"product_cat-lisianthus-en","18":"product_cat-love-and-romance","19":"product_cat-mothers-day","20":"product_cat-name-day","21":"product_cat-occasion","22":"product_cat-seasonal-flowers","23":"product_cat-spring-flowers","24":"product_cat-summer-flowers","25":"product_cat-thank-you","26":"product_cat-tulips","27":"product_cat-university-degree","28":"product_tag-bouquet-of-lisianthus","29":"product_tag-fathers-day","30":"product_tag-iris-en","31":"product_tag-white-tulips","33":"first","34":"instock","35":"shipping-taxable","36":"purchasable","37":"product-type-simple"},"yoast_head":"<!-- This site is optimized with the Yoast SEO Premium plugin v27.6 (Yoast SEO v27.6) - https:\/\/yoast.com\/product\/yoast-seo-premium-wordpress\/ -->\n<title>Bunch of Iris and Tulips - FloraNixena - flower and plant delivery<\/title>\n<meta name=\"description\" content=\"Discover the bouquet of irises and tulips, the perfect gift to celebrate a friend&#039;s 1\u00b0 cotton wedding anniversary. Home delivery of flowers.\" \/>\n<meta name=\"robots\" content=\"index, follow, max-snippet:-1, max-image-preview:large, max-video-preview:-1\" \/>\n<link rel=\"canonical\" href=\"https:\/\/floranixena.it\/en\/product\/bunch-of-iris-and-tulipans\/\" \/>\n<meta property=\"og:locale\" content=\"en_US\" \/>\n<meta property=\"og:type\" content=\"article\" \/>\n<meta property=\"og:title\" content=\"Twinkling Stars\" \/>\n<meta property=\"og:description\" content=\"10 Blue Iris  White tulips (November to May)  Lisianthus alternatively  Decorative leaves Vase not included\" \/>\n<meta property=\"og:url\" content=\"https:\/\/floranixena.it\/en\/product\/bunch-of-iris-and-tulipans\/\" \/>\n<meta property=\"og:site_name\" content=\"FloraNixena - flower and plant delivery\" \/>\n<meta property=\"article:publisher\" content=\"https:\/\/www.facebook.com\/FloraNixena\/\" \/>\n<meta property=\"og:image\" content=\"https:\/\/floranixena.it\/wp-content\/uploads\/2019\/06\/mazzo_di_iris_e_tulipani-o-lisianthus_regalo_per_un_amico__1_anniversario_nozze_di_cotone.jpg\" \/>\n\t<meta property=\"og:image:width\" content=\"800\" \/>\n\t<meta property=\"og:image:height\" content=\"800\" \/>\n\t<meta property=\"og:image:type\" content=\"image\/jpeg\" \/>\n<meta name=\"twitter:card\" content=\"summary_large_image\" \/>\n<meta name=\"twitter:label1\" content=\"Est. reading time\" \/>\n\t<meta name=\"twitter:data1\" content=\"2 minutes\" \/>\n<script type=\"application\/ld+json\" class=\"yoast-schema-graph\">{\"@context\":\"https:\\\/\\\/schema.org\",\"@graph\":[{\"@type\":\"WebPage\",\"@id\":\"https:\\\/\\\/floranixena.it\\\/en\\\/product\\\/bunch-of-iris-and-tulipans\\\/\",\"url\":\"https:\\\/\\\/floranixena.it\\\/en\\\/product\\\/bunch-of-iris-and-tulipans\\\/\",\"name\":\"Bunch of Iris and Tulips - FloraNixena - flower and plant delivery\",\"isPartOf\":{\"@id\":\"https:\\\/\\\/floranixena.it\\\/en\\\/#website\"},\"primaryImageOfPage\":{\"@id\":\"https:\\\/\\\/floranixena.it\\\/en\\\/product\\\/bunch-of-iris-and-tulipans\\\/#primaryimage\"},\"image\":{\"@id\":\"https:\\\/\\\/floranixena.it\\\/en\\\/product\\\/bunch-of-iris-and-tulipans\\\/#primaryimage\"},\"thumbnailUrl\":\"https:\\\/\\\/floranixena.it\\\/wp-content\\\/uploads\\\/2019\\\/06\\\/mazzo_di_iris_e_tulipani-o-lisianthus_regalo_per_un_amico__1_anniversario_nozze_di_cotone.jpg\",\"datePublished\":\"2025-12-06T08:10:06+00:00\",\"description\":\"Discover the bouquet of irises and tulips, the perfect gift to celebrate a friend's 1\u00b0 cotton wedding anniversary. Home delivery of flowers.\",\"breadcrumb\":{\"@id\":\"https:\\\/\\\/floranixena.it\\\/en\\\/product\\\/bunch-of-iris-and-tulipans\\\/#breadcrumb\"},\"inLanguage\":\"en-US\",\"potentialAction\":[{\"@type\":\"ReadAction\",\"target\":[\"https:\\\/\\\/floranixena.it\\\/en\\\/product\\\/bunch-of-iris-and-tulipans\\\/\"]}]},{\"@type\":\"ImageObject\",\"inLanguage\":\"en-US\",\"@id\":\"https:\\\/\\\/floranixena.it\\\/en\\\/product\\\/bunch-of-iris-and-tulipans\\\/#primaryimage\",\"url\":\"https:\\\/\\\/floranixena.it\\\/wp-content\\\/uploads\\\/2019\\\/06\\\/mazzo_di_iris_e_tulipani-o-lisianthus_regalo_per_un_amico__1_anniversario_nozze_di_cotone.jpg\",\"contentUrl\":\"https:\\\/\\\/floranixena.it\\\/wp-content\\\/uploads\\\/2019\\\/06\\\/mazzo_di_iris_e_tulipani-o-lisianthus_regalo_per_un_amico__1_anniversario_nozze_di_cotone.jpg\",\"width\":800,\"height\":800,\"caption\":\"Un abbraccio di colori freschi e raffinati per emozioni sincere.\"},{\"@type\":\"BreadcrumbList\",\"@id\":\"https:\\\/\\\/floranixena.it\\\/en\\\/product\\\/bunch-of-iris-and-tulipans\\\/#breadcrumb\",\"itemListElement\":[{\"@type\":\"ListItem\",\"position\":1,\"name\":\"Home\",\"item\":\"https:\\\/\\\/floranixena.it\\\/en\\\/\"},{\"@type\":\"ListItem\",\"position\":2,\"name\":\"Shop\",\"item\":\"https:\\\/\\\/floranixena.it\\\/en\\\/shop\\\/\"},{\"@type\":\"ListItem\",\"position\":3,\"name\":\"Twinkling Stars\"}]},{\"@type\":\"WebSite\",\"@id\":\"https:\\\/\\\/floranixena.it\\\/en\\\/#website\",\"url\":\"https:\\\/\\\/floranixena.it\\\/en\\\/\",\"name\":\"FloraNixena - Consegna fiori a domicilio in Italia\",\"description\":\"Invia fiori che raccontano storie\",\"publisher\":{\"@id\":\"https:\\\/\\\/floranixena.it\\\/en\\\/#organization\"},\"alternateName\":\"FloraNixena.it\",\"potentialAction\":[{\"@type\":\"SearchAction\",\"target\":{\"@type\":\"EntryPoint\",\"urlTemplate\":\"https:\\\/\\\/floranixena.it\\\/en\\\/?s={search_term_string}\"},\"query-input\":{\"@type\":\"PropertyValueSpecification\",\"valueRequired\":true,\"valueName\":\"search_term_string\"}}],\"inLanguage\":\"en-US\"},{\"@type\":\"Organization\",\"@id\":\"https:\\\/\\\/floranixena.it\\\/en\\\/#organization\",\"name\":\"FloraNixena.it - Consegna mazzi di fiori, bouquet e piante a domicilio\",\"url\":\"https:\\\/\\\/floranixena.it\\\/en\\\/\",\"logo\":{\"@type\":\"ImageObject\",\"inLanguage\":\"en-US\",\"@id\":\"https:\\\/\\\/floranixena.it\\\/en\\\/#\\\/schema\\\/logo\\\/image\\\/\",\"url\":\"https:\\\/\\\/floranixena.it\\\/wp-content\\\/uploads\\\/2018\\\/11\\\/logo-fucsia.png\",\"contentUrl\":\"https:\\\/\\\/floranixena.it\\\/wp-content\\\/uploads\\\/2018\\\/11\\\/logo-fucsia.png\",\"width\":315,\"height\":81,\"caption\":\"FloraNixena.it - Consegna mazzi di fiori, bouquet e piante a domicilio\"},\"image\":{\"@id\":\"https:\\\/\\\/floranixena.it\\\/en\\\/#\\\/schema\\\/logo\\\/image\\\/\"},\"sameAs\":[\"https:\\\/\\\/www.facebook.com\\\/FloraNixena\\\/\",\"https:\\\/\\\/www.instagram.com\\\/floranixena.it\\\/\",\"https:\\\/\\\/www.youtube.com\\\/channel\\\/UCAfCWXMBezO96jgPjiUgpkA\"],\"description\":\"Chi Siamo? FloraNixena \u00e8 il partner di fiducia per la consegna di fiori freschi a domicilio. Con anni di esperienza nel settore floreale, siamo dedicati a portare la bellezza e la freschezza dei fiori direttamente alla vostra porta. La Nostra Missione La nostra missione \u00e8 trasformare ogni occasione in un momento speciale attraverso la magia dei fiori. Crediamo che un bouquet possa dire pi\u00f9 di mille parole e lavoriamo instancabilmente per assicurarci che ogni consegna porti gioia, amore e bellezza. Cosa Offriamo? Fiori Freschi: Collaboriamo con i migliori fornitori locali per garantire che i nostri fiori siano sempre freschi e di alta qualit\u00e0. Consegna Rapida e Puntuale: Offriamo un servizio di consegna rapido e affidabile, con la possibilit\u00e0 di scegliere la fascia oraria che pi\u00f9 vi conviene. Ampia Selezione: Dalle rose classiche ai bouquet personalizzati, abbiamo una vasta gamma di opzioni per soddisfare ogni gusto e occasione. Assistenza Clienti: Il nostro team \u00e8 sempre a disposizione per assistervi nella scelta del bouquet perfetto e per garantire un'esperienza di acquisto senza intoppi. Perch\u00e9 Sceglierci? Qualit\u00e0 Garantita: Ogni bouquet \u00e8 realizzato con cura dai nostri esperti fioristi, garantendo che ogni composizione sia un'opera d'arte. Servizio Personalizzato: Che sia per un anniversario, un compleanno, una celebrazione o un momento di condoglianza, personalizziamo ogni ordine per rispondere alle vostre esigenze specifiche. Soddisfazione del Cliente: La vostra soddisfazione \u00e8 la nostra priorit\u00e0 assoluta. Facciamo tutto il possibile per assicurarci che ogni consegna superi le vostre aspettative.\",\"email\":\"amministrazione@floranixena.it\",\"telephone\":\"3806342394\",\"legalName\":\"Gaetano Votadoro\"}]}<\/script>\n<!-- \/ Yoast SEO Premium plugin. -->","yoast_head_json":{"title":"Bunch of Iris and Tulips - FloraNixena - flower and plant delivery","description":"Discover the bouquet of irises and tulips, the perfect gift to celebrate a friend's 1\u00b0 cotton wedding anniversary. Home delivery of flowers.","robots":{"index":"index","follow":"follow","max-snippet":"max-snippet:-1","max-image-preview":"max-image-preview:large","max-video-preview":"max-video-preview:-1"},"canonical":"https:\/\/floranixena.it\/en\/product\/bunch-of-iris-and-tulipans\/","og_locale":"en_US","og_type":"article","og_title":"Twinkling Stars","og_description":"10 Blue Iris  White tulips (November to May)  Lisianthus alternatively  Decorative leaves Vase not included","og_url":"https:\/\/floranixena.it\/en\/product\/bunch-of-iris-and-tulipans\/","og_site_name":"FloraNixena - flower and plant delivery","article_publisher":"https:\/\/www.facebook.com\/FloraNixena\/","og_image":[{"width":800,"height":800,"url":"https:\/\/floranixena.it\/wp-content\/uploads\/2019\/06\/mazzo_di_iris_e_tulipani-o-lisianthus_regalo_per_un_amico__1_anniversario_nozze_di_cotone.jpg","type":"image\/jpeg"}],"twitter_card":"summary_large_image","twitter_misc":{"Est. reading time":"2 minutes"},"schema":{"@context":"https:\/\/schema.org","@graph":[{"@type":"WebPage","@id":"https:\/\/floranixena.it\/en\/product\/bunch-of-iris-and-tulipans\/","url":"https:\/\/floranixena.it\/en\/product\/bunch-of-iris-and-tulipans\/","name":"Bunch of Iris and Tulips - FloraNixena - flower and plant delivery","isPartOf":{"@id":"https:\/\/floranixena.it\/en\/#website"},"primaryImageOfPage":{"@id":"https:\/\/floranixena.it\/en\/product\/bunch-of-iris-and-tulipans\/#primaryimage"},"image":{"@id":"https:\/\/floranixena.it\/en\/product\/bunch-of-iris-and-tulipans\/#primaryimage"},"thumbnailUrl":"https:\/\/floranixena.it\/wp-content\/uploads\/2019\/06\/mazzo_di_iris_e_tulipani-o-lisianthus_regalo_per_un_amico__1_anniversario_nozze_di_cotone.jpg","datePublished":"2025-12-06T08:10:06+00:00","description":"Discover the bouquet of irises and tulips, the perfect gift to celebrate a friend's 1\u00b0 cotton wedding anniversary. Home delivery of flowers.","breadcrumb":{"@id":"https:\/\/floranixena.it\/en\/product\/bunch-of-iris-and-tulipans\/#breadcrumb"},"inLanguage":"en-US","potentialAction":[{"@type":"ReadAction","target":["https:\/\/floranixena.it\/en\/product\/bunch-of-iris-and-tulipans\/"]}]},{"@type":"ImageObject","inLanguage":"en-US","@id":"https:\/\/floranixena.it\/en\/product\/bunch-of-iris-and-tulipans\/#primaryimage","url":"https:\/\/floranixena.it\/wp-content\/uploads\/2019\/06\/mazzo_di_iris_e_tulipani-o-lisianthus_regalo_per_un_amico__1_anniversario_nozze_di_cotone.jpg","contentUrl":"https:\/\/floranixena.it\/wp-content\/uploads\/2019\/06\/mazzo_di_iris_e_tulipani-o-lisianthus_regalo_per_un_amico__1_anniversario_nozze_di_cotone.jpg","width":800,"height":800,"caption":"Un abbraccio di colori freschi e raffinati per emozioni sincere."},{"@type":"BreadcrumbList","@id":"https:\/\/floranixena.it\/en\/product\/bunch-of-iris-and-tulipans\/#breadcrumb","itemListElement":[{"@type":"ListItem","position":1,"name":"Home","item":"https:\/\/floranixena.it\/en\/"},{"@type":"ListItem","position":2,"name":"Shop","item":"https:\/\/floranixena.it\/en\/shop\/"},{"@type":"ListItem","position":3,"name":"Twinkling Stars"}]},{"@type":"WebSite","@id":"https:\/\/floranixena.it\/en\/#website","url":"https:\/\/floranixena.it\/en\/","name":"FloraNixena - Consegna fiori a domicilio in Italia","description":"Invia fiori che raccontano storie","publisher":{"@id":"https:\/\/floranixena.it\/en\/#organization"},"alternateName":"FloraNixena.it","potentialAction":[{"@type":"SearchAction","target":{"@type":"EntryPoint","urlTemplate":"https:\/\/floranixena.it\/en\/?s={search_term_string}"},"query-input":{"@type":"PropertyValueSpecification","valueRequired":true,"valueName":"search_term_string"}}],"inLanguage":"en-US"},{"@type":"Organization","@id":"https:\/\/floranixena.it\/en\/#organization","name":"FloraNixena.it - Consegna mazzi di fiori, bouquet e piante a domicilio","url":"https:\/\/floranixena.it\/en\/","logo":{"@type":"ImageObject","inLanguage":"en-US","@id":"https:\/\/floranixena.it\/en\/#\/schema\/logo\/image\/","url":"https:\/\/floranixena.it\/wp-content\/uploads\/2018\/11\/logo-fucsia.png","contentUrl":"https:\/\/floranixena.it\/wp-content\/uploads\/2018\/11\/logo-fucsia.png","width":315,"height":81,"caption":"FloraNixena.it - Consegna mazzi di fiori, bouquet e piante a domicilio"},"image":{"@id":"https:\/\/floranixena.it\/en\/#\/schema\/logo\/image\/"},"sameAs":["https:\/\/www.facebook.com\/FloraNixena\/","https:\/\/www.instagram.com\/floranixena.it\/","https:\/\/www.youtube.com\/channel\/UCAfCWXMBezO96jgPjiUgpkA"],"description":"Chi Siamo? FloraNixena \u00e8 il partner di fiducia per la consegna di fiori freschi a domicilio. Con anni di esperienza nel settore floreale, siamo dedicati a portare la bellezza e la freschezza dei fiori direttamente alla vostra porta. La Nostra Missione La nostra missione \u00e8 trasformare ogni occasione in un momento speciale attraverso la magia dei fiori. Crediamo che un bouquet possa dire pi\u00f9 di mille parole e lavoriamo instancabilmente per assicurarci che ogni consegna porti gioia, amore e bellezza. Cosa Offriamo? Fiori Freschi: Collaboriamo con i migliori fornitori locali per garantire che i nostri fiori siano sempre freschi e di alta qualit\u00e0. Consegna Rapida e Puntuale: Offriamo un servizio di consegna rapido e affidabile, con la possibilit\u00e0 di scegliere la fascia oraria che pi\u00f9 vi conviene. Ampia Selezione: Dalle rose classiche ai bouquet personalizzati, abbiamo una vasta gamma di opzioni per soddisfare ogni gusto e occasione. Assistenza Clienti: Il nostro team \u00e8 sempre a disposizione per assistervi nella scelta del bouquet perfetto e per garantire un'esperienza di acquisto senza intoppi. Perch\u00e9 Sceglierci? Qualit\u00e0 Garantita: Ogni bouquet \u00e8 realizzato con cura dai nostri esperti fioristi, garantendo che ogni composizione sia un'opera d'arte. Servizio Personalizzato: Che sia per un anniversario, un compleanno, una celebrazione o un momento di condoglianza, personalizziamo ogni ordine per rispondere alle vostre esigenze specifiche. Soddisfazione del Cliente: La vostra soddisfazione \u00e8 la nostra priorit\u00e0 assoluta. Facciamo tutto il possibile per assicurarci che ogni consegna superi le vostre aspettative.","email":"amministrazione@floranixena.it","telephone":"3806342394","legalName":"Gaetano Votadoro"}]}},"_links":{"self":[{"href":"https:\/\/floranixena.it\/en\/wp-json\/wp\/v2\/product\/10547","targetHints":{"allow":["GET"]}}],"collection":[{"href":"https:\/\/floranixena.it\/en\/wp-json\/wp\/v2\/product"}],"about":[{"href":"https:\/\/floranixena.it\/en\/wp-json\/wp\/v2\/types\/product"}],"replies":[{"embeddable":true,"href":"https:\/\/floranixena.it\/en\/wp-json\/wp\/v2\/comments?post=10547"}],"wp:featuredmedia":[{"embeddable":true,"href":"https:\/\/floranixena.it\/en\/wp-json\/wp\/v2\/media\/9943"}],"wp:attachment":[{"href":"https:\/\/floranixena.it\/en\/wp-json\/wp\/v2\/media?parent=10547"}],"wp:term":[{"taxonomy":"product_brand","embeddable":true,"href":"https:\/\/floranixena.it\/en\/wp-json\/wp\/v2\/product_brand?post=10547"},{"taxonomy":"product_cat","embeddable":true,"href":"https:\/\/floranixena.it\/en\/wp-json\/wp\/v2\/product_cat?post=10547"},{"taxonomy":"product_tag","embeddable":true,"href":"https:\/\/floranixena.it\/en\/wp-json\/wp\/v2\/product_tag?post=10547"}],"curies":[{"name":"wp","href":"https:\/\/api.w.org\/{rel}","templated":true}]}}