{"id":10534,"date":"2025-08-19T09:10:51","date_gmt":"2025-08-19T07:10:51","guid":{"rendered":"https:\/\/floranixena.it\/product\/white-funeral-cross\/"},"modified":"2025-08-20T09:15:50","modified_gmt":"2025-08-20T07:15:50","slug":"cross-funeral-white","status":"publish","type":"product","link":"https:\/\/floranixena.it\/en\/product\/cross-funeral-white\/","title":{"rendered":"White Funeral Cross"},"content":{"rendered":"<h1 style=\"text-align: justify;\">Our funeral cross<\/h1>\n<p style=\"text-align: justify;\">it is available for <strong><a href=\"https:\/\/floranixena.it\/en\/prodotto\/crown-funebre-white-with-support\/\">delivery to church<\/a> before the funeral <\/strong>or during waking at home. A unique<a href=\"https:\/\/floranixena.it\/en\/prodotto\/bouquet-of-red-roses-and-carnations\/\"> floral tribute<\/a> that encompasses a spiritual aspect and presented beautifully to make their final farewell memorable. Get inspired by our wide range of flowers to create a unique and special crossed funeral wreath. These compositions are an excellent choice and alternative to traditional tributes.<\/p>\n<p style=\"text-align: justify;\">This white cross-shaped funeral arrangement includes<strong><a href=\"https:\/\/floranixena.it\/en\/prodotto\/bouquet-of-red-roses-and-carnations\/\" target=\"_blank\" rel=\"noopener\"> red roses ,<\/a><\/strong> white chrysanthemums arranged on a sponge artfully arranged among luxurious <a href=\"https:\/\/floranixena.it\/en\/prodotto\/bunch-of-lisianthus-and-chrysanthemums\/\">fern <\/a>leaves, appropriately decorated with sash where the family sender of the thought will be written. It is a meaningful way to pay tribute to a loved one who is no longer with us.<\/p>\n<p style=\"text-align: justify;\">This arrangement is traditionally delivered directly to the <a href=\"https:\/\/floranixena.it\/en\/catalog\/funeral\/\"><strong>funeral<\/strong><\/a> church to be displayed on a stand, or even at the cemetery to express deep condolences and convey admiration, affection and respect.<\/p>\n<p style=\"text-align: justify;\">Upon request, it can be placed on top of the coffin. Usually for close family members.<\/p>\n<p style=\"text-align: justify;\">We will be happy to help you choose the floral composition that best suits your needs and to provide punctual and discreet delivery.<\/p>\n<p data-sourcepos=\"7:1-7:58\"><a href=\"https:\/\/floranixena.it\/en\/?post_type=product&#038;p=13454\"><strong>A unique alternative to traditional floral tributes.<\/strong><\/a><\/p>\n<p data-sourcepos=\"9:1-9:267\">This funeral cross represents an original and refined alternative to <a href=\"https:\/\/floranixena.it\/en\/prodotto\/funeral-composition-with-lilies-and-lisianthus\/\" target=\"_blank\" rel=\"noopener\"><strong>classic bouquets<\/strong><\/a>. Its iconic shape and vibrant colors convey a message of hope and faith, while the selection of flowers symbolizes eternal love and indelible memory. <\/p>\n<p data-sourcepos=\"9:1-9:267\">The dimensions are approximately 95x70cm<\/p>\n","protected":false},"excerpt":{"rendered":"<ul>\n<li>White Chrysanthemums<\/li>\n<li>Red roses arranged diagonally<\/li>\n<li>Decorative fern<\/li>\n<li>Flower sponge<\/li>\n<li>Decorative seasonal green leaves<\/li>\n<li>Size: <strong>95x65cm<\/strong> approx.<\/li>\n<li>Ability to have family name band inserted (FREE)<\/li>\n<\/ul>\n<p><span style=\"color: #008000;\"><strong>Free delivery on this product<\/strong><\/span><\/p>\n","protected":false},"featured_media":10023,"comment_status":"open","ping_status":"closed","template":"","meta":[],"product_brand":[],"product_cat":[2453],"product_tag":[2770,2769,2771,2827,2824,2476,2829,2828,2391],"class_list":{"0":"post-10534","1":"product","2":"type-product","3":"status-publish","4":"has-post-thumbnail","6":"product_cat-funeral","7":"product_tag-cemetery","8":"product_tag-church","9":"product_tag-condolences","10":"product_tag-flower-delivery-for-funeral","11":"product_tag-funeral","12":"product_tag-gerberas","13":"product_tag-send-flowers-for-bereavement","14":"product_tag-white-crown","15":"product_tag-white-funeral-cross","17":"first","18":"instock","19":"sale","20":"shipping-taxable","21":"purchasable","22":"product-type-simple"},"yoast_head":"<!-- This site is optimized with the Yoast SEO Premium plugin v27.6 (Yoast SEO v27.6) - https:\/\/yoast.com\/product\/yoast-seo-premium-wordpress\/ -->\n<title>White Funeral Cross - FloraNixena - flower and plant delivery<\/title>\n<meta name=\"description\" content=\"Symbol of eternal love, buy our White Funeral Cross with red roses, chrysanthemums and fern. A floral gift for funerals, anniversaries and vigils.\" \/>\n<meta name=\"robots\" content=\"index, follow, max-snippet:-1, max-image-preview:large, max-video-preview:-1\" \/>\n<link rel=\"canonical\" href=\"https:\/\/floranixena.it\/en\/product\/cross-funeral-white\/\" \/>\n<meta property=\"og:locale\" content=\"en_US\" \/>\n<meta property=\"og:type\" content=\"article\" \/>\n<meta property=\"og:title\" content=\"White Funeral Cross\" \/>\n<meta property=\"og:description\" content=\"White Chrysanthemums  Red roses arranged diagonally  Decorative fern  Flower sponge  Decorative seasonal green leaves  Size: 95x65cm approx.  Ability to have family name band inserted (FREE) Free delivery on this product\" \/>\n<meta property=\"og:url\" content=\"https:\/\/floranixena.it\/en\/product\/cross-funeral-white\/\" \/>\n<meta property=\"og:site_name\" content=\"FloraNixena - flower and plant delivery\" \/>\n<meta property=\"article:publisher\" content=\"https:\/\/www.facebook.com\/FloraNixena\/\" \/>\n<meta property=\"article:modified_time\" content=\"2025-08-20T07:15:50+00:00\" \/>\n<meta property=\"og:image\" content=\"https:\/\/floranixena.it\/wp-content\/uploads\/2020\/07\/croce_funebre_bianca-con-consegna-a-casa-del-defunto-o-in-chiesa-in-tutta-Italia-a-Domicilio-1.jpg\" \/>\n\t<meta property=\"og:image:width\" content=\"800\" \/>\n\t<meta property=\"og:image:height\" content=\"800\" \/>\n\t<meta property=\"og:image:type\" content=\"image\/jpeg\" \/>\n<meta name=\"twitter:card\" content=\"summary_large_image\" \/>\n<meta name=\"twitter:label1\" content=\"Est. reading time\" \/>\n\t<meta name=\"twitter:data1\" content=\"1 minute\" \/>\n<script type=\"application\/ld+json\" class=\"yoast-schema-graph\">{\"@context\":\"https:\\\/\\\/schema.org\",\"@graph\":[{\"@type\":\"WebPage\",\"@id\":\"https:\\\/\\\/floranixena.it\\\/en\\\/product\\\/cross-funeral-white\\\/\",\"url\":\"https:\\\/\\\/floranixena.it\\\/en\\\/product\\\/cross-funeral-white\\\/\",\"name\":\"White Funeral Cross - FloraNixena - flower and plant delivery\",\"isPartOf\":{\"@id\":\"https:\\\/\\\/floranixena.it\\\/en\\\/#website\"},\"primaryImageOfPage\":{\"@id\":\"https:\\\/\\\/floranixena.it\\\/en\\\/product\\\/cross-funeral-white\\\/#primaryimage\"},\"image\":{\"@id\":\"https:\\\/\\\/floranixena.it\\\/en\\\/product\\\/cross-funeral-white\\\/#primaryimage\"},\"thumbnailUrl\":\"https:\\\/\\\/floranixena.it\\\/wp-content\\\/uploads\\\/2020\\\/07\\\/croce_funebre_bianca-con-consegna-a-casa-del-defunto-o-in-chiesa-in-tutta-Italia-a-Domicilio-1.jpg\",\"datePublished\":\"2025-08-19T07:10:51+00:00\",\"dateModified\":\"2025-08-20T07:15:50+00:00\",\"description\":\"Symbol of eternal love, buy our White Funeral Cross with red roses, chrysanthemums and fern. A floral gift for funerals, anniversaries and vigils.\",\"breadcrumb\":{\"@id\":\"https:\\\/\\\/floranixena.it\\\/en\\\/product\\\/cross-funeral-white\\\/#breadcrumb\"},\"inLanguage\":\"en-US\",\"potentialAction\":[{\"@type\":\"ReadAction\",\"target\":[\"https:\\\/\\\/floranixena.it\\\/en\\\/product\\\/cross-funeral-white\\\/\"]}]},{\"@type\":\"ImageObject\",\"inLanguage\":\"en-US\",\"@id\":\"https:\\\/\\\/floranixena.it\\\/en\\\/product\\\/cross-funeral-white\\\/#primaryimage\",\"url\":\"https:\\\/\\\/floranixena.it\\\/wp-content\\\/uploads\\\/2020\\\/07\\\/croce_funebre_bianca-con-consegna-a-casa-del-defunto-o-in-chiesa-in-tutta-Italia-a-Domicilio-1.jpg\",\"contentUrl\":\"https:\\\/\\\/floranixena.it\\\/wp-content\\\/uploads\\\/2020\\\/07\\\/croce_funebre_bianca-con-consegna-a-casa-del-defunto-o-in-chiesa-in-tutta-Italia-a-Domicilio-1.jpg\",\"width\":800,\"height\":800,\"caption\":\"Croce funebre raffinata con rose rosse e crisantemi bianchi: un tributo elegante e significativo per onorare la memoria con passione e rispetto.\"},{\"@type\":\"BreadcrumbList\",\"@id\":\"https:\\\/\\\/floranixena.it\\\/en\\\/product\\\/cross-funeral-white\\\/#breadcrumb\",\"itemListElement\":[{\"@type\":\"ListItem\",\"position\":1,\"name\":\"Home\",\"item\":\"https:\\\/\\\/floranixena.it\\\/en\\\/\"},{\"@type\":\"ListItem\",\"position\":2,\"name\":\"Shop\",\"item\":\"https:\\\/\\\/floranixena.it\\\/en\\\/shop\\\/\"},{\"@type\":\"ListItem\",\"position\":3,\"name\":\"White Funeral Cross\"}]},{\"@type\":\"WebSite\",\"@id\":\"https:\\\/\\\/floranixena.it\\\/en\\\/#website\",\"url\":\"https:\\\/\\\/floranixena.it\\\/en\\\/\",\"name\":\"FloraNixena - Consegna fiori a domicilio in Italia\",\"description\":\"Invia fiori che raccontano storie\",\"publisher\":{\"@id\":\"https:\\\/\\\/floranixena.it\\\/en\\\/#organization\"},\"alternateName\":\"FloraNixena.it\",\"potentialAction\":[{\"@type\":\"SearchAction\",\"target\":{\"@type\":\"EntryPoint\",\"urlTemplate\":\"https:\\\/\\\/floranixena.it\\\/en\\\/?s={search_term_string}\"},\"query-input\":{\"@type\":\"PropertyValueSpecification\",\"valueRequired\":true,\"valueName\":\"search_term_string\"}}],\"inLanguage\":\"en-US\"},{\"@type\":\"Organization\",\"@id\":\"https:\\\/\\\/floranixena.it\\\/en\\\/#organization\",\"name\":\"FloraNixena.it - Consegna mazzi di fiori, bouquet e piante a domicilio\",\"url\":\"https:\\\/\\\/floranixena.it\\\/en\\\/\",\"logo\":{\"@type\":\"ImageObject\",\"inLanguage\":\"en-US\",\"@id\":\"https:\\\/\\\/floranixena.it\\\/en\\\/#\\\/schema\\\/logo\\\/image\\\/\",\"url\":\"https:\\\/\\\/floranixena.it\\\/wp-content\\\/uploads\\\/2018\\\/11\\\/logo-fucsia.png\",\"contentUrl\":\"https:\\\/\\\/floranixena.it\\\/wp-content\\\/uploads\\\/2018\\\/11\\\/logo-fucsia.png\",\"width\":315,\"height\":81,\"caption\":\"FloraNixena.it - Consegna mazzi di fiori, bouquet e piante a domicilio\"},\"image\":{\"@id\":\"https:\\\/\\\/floranixena.it\\\/en\\\/#\\\/schema\\\/logo\\\/image\\\/\"},\"sameAs\":[\"https:\\\/\\\/www.facebook.com\\\/FloraNixena\\\/\",\"https:\\\/\\\/www.instagram.com\\\/floranixena.it\\\/\",\"https:\\\/\\\/www.youtube.com\\\/channel\\\/UCAfCWXMBezO96jgPjiUgpkA\"],\"description\":\"Chi Siamo? FloraNixena \u00e8 il partner di fiducia per la consegna di fiori freschi a domicilio. Con anni di esperienza nel settore floreale, siamo dedicati a portare la bellezza e la freschezza dei fiori direttamente alla vostra porta. La Nostra Missione La nostra missione \u00e8 trasformare ogni occasione in un momento speciale attraverso la magia dei fiori. Crediamo che un bouquet possa dire pi\u00f9 di mille parole e lavoriamo instancabilmente per assicurarci che ogni consegna porti gioia, amore e bellezza. Cosa Offriamo? Fiori Freschi: Collaboriamo con i migliori fornitori locali per garantire che i nostri fiori siano sempre freschi e di alta qualit\u00e0. Consegna Rapida e Puntuale: Offriamo un servizio di consegna rapido e affidabile, con la possibilit\u00e0 di scegliere la fascia oraria che pi\u00f9 vi conviene. Ampia Selezione: Dalle rose classiche ai bouquet personalizzati, abbiamo una vasta gamma di opzioni per soddisfare ogni gusto e occasione. Assistenza Clienti: Il nostro team \u00e8 sempre a disposizione per assistervi nella scelta del bouquet perfetto e per garantire un'esperienza di acquisto senza intoppi. Perch\u00e9 Sceglierci? Qualit\u00e0 Garantita: Ogni bouquet \u00e8 realizzato con cura dai nostri esperti fioristi, garantendo che ogni composizione sia un'opera d'arte. Servizio Personalizzato: Che sia per un anniversario, un compleanno, una celebrazione o un momento di condoglianza, personalizziamo ogni ordine per rispondere alle vostre esigenze specifiche. Soddisfazione del Cliente: La vostra soddisfazione \u00e8 la nostra priorit\u00e0 assoluta. Facciamo tutto il possibile per assicurarci che ogni consegna superi le vostre aspettative.\",\"email\":\"amministrazione@floranixena.it\",\"telephone\":\"3806342394\",\"legalName\":\"Gaetano Votadoro\"}]}<\/script>\n<!-- \/ Yoast SEO Premium plugin. -->","yoast_head_json":{"title":"White Funeral Cross - FloraNixena - flower and plant delivery","description":"Symbol of eternal love, buy our White Funeral Cross with red roses, chrysanthemums and fern. A floral gift for funerals, anniversaries and vigils.","robots":{"index":"index","follow":"follow","max-snippet":"max-snippet:-1","max-image-preview":"max-image-preview:large","max-video-preview":"max-video-preview:-1"},"canonical":"https:\/\/floranixena.it\/en\/product\/cross-funeral-white\/","og_locale":"en_US","og_type":"article","og_title":"White Funeral Cross","og_description":"White Chrysanthemums  Red roses arranged diagonally  Decorative fern  Flower sponge  Decorative seasonal green leaves  Size: 95x65cm approx.  Ability to have family name band inserted (FREE) Free delivery on this product","og_url":"https:\/\/floranixena.it\/en\/product\/cross-funeral-white\/","og_site_name":"FloraNixena - flower and plant delivery","article_publisher":"https:\/\/www.facebook.com\/FloraNixena\/","article_modified_time":"2025-08-20T07:15:50+00:00","og_image":[{"width":800,"height":800,"url":"https:\/\/floranixena.it\/wp-content\/uploads\/2020\/07\/croce_funebre_bianca-con-consegna-a-casa-del-defunto-o-in-chiesa-in-tutta-Italia-a-Domicilio-1.jpg","type":"image\/jpeg"}],"twitter_card":"summary_large_image","twitter_misc":{"Est. reading time":"1 minute"},"schema":{"@context":"https:\/\/schema.org","@graph":[{"@type":"WebPage","@id":"https:\/\/floranixena.it\/en\/product\/cross-funeral-white\/","url":"https:\/\/floranixena.it\/en\/product\/cross-funeral-white\/","name":"White Funeral Cross - FloraNixena - flower and plant delivery","isPartOf":{"@id":"https:\/\/floranixena.it\/en\/#website"},"primaryImageOfPage":{"@id":"https:\/\/floranixena.it\/en\/product\/cross-funeral-white\/#primaryimage"},"image":{"@id":"https:\/\/floranixena.it\/en\/product\/cross-funeral-white\/#primaryimage"},"thumbnailUrl":"https:\/\/floranixena.it\/wp-content\/uploads\/2020\/07\/croce_funebre_bianca-con-consegna-a-casa-del-defunto-o-in-chiesa-in-tutta-Italia-a-Domicilio-1.jpg","datePublished":"2025-08-19T07:10:51+00:00","dateModified":"2025-08-20T07:15:50+00:00","description":"Symbol of eternal love, buy our White Funeral Cross with red roses, chrysanthemums and fern. A floral gift for funerals, anniversaries and vigils.","breadcrumb":{"@id":"https:\/\/floranixena.it\/en\/product\/cross-funeral-white\/#breadcrumb"},"inLanguage":"en-US","potentialAction":[{"@type":"ReadAction","target":["https:\/\/floranixena.it\/en\/product\/cross-funeral-white\/"]}]},{"@type":"ImageObject","inLanguage":"en-US","@id":"https:\/\/floranixena.it\/en\/product\/cross-funeral-white\/#primaryimage","url":"https:\/\/floranixena.it\/wp-content\/uploads\/2020\/07\/croce_funebre_bianca-con-consegna-a-casa-del-defunto-o-in-chiesa-in-tutta-Italia-a-Domicilio-1.jpg","contentUrl":"https:\/\/floranixena.it\/wp-content\/uploads\/2020\/07\/croce_funebre_bianca-con-consegna-a-casa-del-defunto-o-in-chiesa-in-tutta-Italia-a-Domicilio-1.jpg","width":800,"height":800,"caption":"Croce funebre raffinata con rose rosse e crisantemi bianchi: un tributo elegante e significativo per onorare la memoria con passione e rispetto."},{"@type":"BreadcrumbList","@id":"https:\/\/floranixena.it\/en\/product\/cross-funeral-white\/#breadcrumb","itemListElement":[{"@type":"ListItem","position":1,"name":"Home","item":"https:\/\/floranixena.it\/en\/"},{"@type":"ListItem","position":2,"name":"Shop","item":"https:\/\/floranixena.it\/en\/shop\/"},{"@type":"ListItem","position":3,"name":"White Funeral Cross"}]},{"@type":"WebSite","@id":"https:\/\/floranixena.it\/en\/#website","url":"https:\/\/floranixena.it\/en\/","name":"FloraNixena - Consegna fiori a domicilio in Italia","description":"Invia fiori che raccontano storie","publisher":{"@id":"https:\/\/floranixena.it\/en\/#organization"},"alternateName":"FloraNixena.it","potentialAction":[{"@type":"SearchAction","target":{"@type":"EntryPoint","urlTemplate":"https:\/\/floranixena.it\/en\/?s={search_term_string}"},"query-input":{"@type":"PropertyValueSpecification","valueRequired":true,"valueName":"search_term_string"}}],"inLanguage":"en-US"},{"@type":"Organization","@id":"https:\/\/floranixena.it\/en\/#organization","name":"FloraNixena.it - Consegna mazzi di fiori, bouquet e piante a domicilio","url":"https:\/\/floranixena.it\/en\/","logo":{"@type":"ImageObject","inLanguage":"en-US","@id":"https:\/\/floranixena.it\/en\/#\/schema\/logo\/image\/","url":"https:\/\/floranixena.it\/wp-content\/uploads\/2018\/11\/logo-fucsia.png","contentUrl":"https:\/\/floranixena.it\/wp-content\/uploads\/2018\/11\/logo-fucsia.png","width":315,"height":81,"caption":"FloraNixena.it - Consegna mazzi di fiori, bouquet e piante a domicilio"},"image":{"@id":"https:\/\/floranixena.it\/en\/#\/schema\/logo\/image\/"},"sameAs":["https:\/\/www.facebook.com\/FloraNixena\/","https:\/\/www.instagram.com\/floranixena.it\/","https:\/\/www.youtube.com\/channel\/UCAfCWXMBezO96jgPjiUgpkA"],"description":"Chi Siamo? FloraNixena \u00e8 il partner di fiducia per la consegna di fiori freschi a domicilio. Con anni di esperienza nel settore floreale, siamo dedicati a portare la bellezza e la freschezza dei fiori direttamente alla vostra porta. La Nostra Missione La nostra missione \u00e8 trasformare ogni occasione in un momento speciale attraverso la magia dei fiori. Crediamo che un bouquet possa dire pi\u00f9 di mille parole e lavoriamo instancabilmente per assicurarci che ogni consegna porti gioia, amore e bellezza. Cosa Offriamo? Fiori Freschi: Collaboriamo con i migliori fornitori locali per garantire che i nostri fiori siano sempre freschi e di alta qualit\u00e0. Consegna Rapida e Puntuale: Offriamo un servizio di consegna rapido e affidabile, con la possibilit\u00e0 di scegliere la fascia oraria che pi\u00f9 vi conviene. Ampia Selezione: Dalle rose classiche ai bouquet personalizzati, abbiamo una vasta gamma di opzioni per soddisfare ogni gusto e occasione. Assistenza Clienti: Il nostro team \u00e8 sempre a disposizione per assistervi nella scelta del bouquet perfetto e per garantire un'esperienza di acquisto senza intoppi. Perch\u00e9 Sceglierci? Qualit\u00e0 Garantita: Ogni bouquet \u00e8 realizzato con cura dai nostri esperti fioristi, garantendo che ogni composizione sia un'opera d'arte. Servizio Personalizzato: Che sia per un anniversario, un compleanno, una celebrazione o un momento di condoglianza, personalizziamo ogni ordine per rispondere alle vostre esigenze specifiche. Soddisfazione del Cliente: La vostra soddisfazione \u00e8 la nostra priorit\u00e0 assoluta. Facciamo tutto il possibile per assicurarci che ogni consegna superi le vostre aspettative.","email":"amministrazione@floranixena.it","telephone":"3806342394","legalName":"Gaetano Votadoro"}]}},"_links":{"self":[{"href":"https:\/\/floranixena.it\/en\/wp-json\/wp\/v2\/product\/10534","targetHints":{"allow":["GET"]}}],"collection":[{"href":"https:\/\/floranixena.it\/en\/wp-json\/wp\/v2\/product"}],"about":[{"href":"https:\/\/floranixena.it\/en\/wp-json\/wp\/v2\/types\/product"}],"replies":[{"embeddable":true,"href":"https:\/\/floranixena.it\/en\/wp-json\/wp\/v2\/comments?post=10534"}],"wp:featuredmedia":[{"embeddable":true,"href":"https:\/\/floranixena.it\/en\/wp-json\/wp\/v2\/media\/10023"}],"wp:attachment":[{"href":"https:\/\/floranixena.it\/en\/wp-json\/wp\/v2\/media?parent=10534"}],"wp:term":[{"taxonomy":"product_brand","embeddable":true,"href":"https:\/\/floranixena.it\/en\/wp-json\/wp\/v2\/product_brand?post=10534"},{"taxonomy":"product_cat","embeddable":true,"href":"https:\/\/floranixena.it\/en\/wp-json\/wp\/v2\/product_cat?post=10534"},{"taxonomy":"product_tag","embeddable":true,"href":"https:\/\/floranixena.it\/en\/wp-json\/wp\/v2\/product_tag?post=10534"}],"curies":[{"name":"wp","href":"https:\/\/api.w.org\/{rel}","templated":true}]}}